





{"id":61815,"date":"2023-07-31T16:42:04","date_gmt":"2023-07-31T14:42:04","guid":{"rendered":"https:\/\/repliquemangacine.fr\/?post_type=product&#038;p=61815"},"modified":"2025-11-18T21:47:08","modified_gmt":"2025-11-18T20:47:08","slug":"maquinilla-de-afeitar-clasica-17%e1%b5%89-corbiere-hoja-ancha","status":"publish","type":"product","link":"https:\/\/repliquemangacine.fr\/es\/epee-templier-medievale\/rapiere-classique-17%e1%b5%89-corbiere-lame-large\/","title":{"rendered":"Estoque cl\u00e1sico 17\u1d49"},"content":{"rendered":"<h2>Estoque cl\u00e1sico de 17\u1d49 de hoja ancha.<\/h2>\n<p>Para empezar, este <strong>Estoque cl\u00e1sico 17\u1d49<\/strong> Se inspira en los cuchillos Corbi\u00e8res cl\u00e1sicos del siglo XIX, pero se distingue de ellos por su hoja ancha. Esta no est\u00e1 afilada, est\u00e1 fabricada en acero al carbono e integrada en la compleja cesta del mango.<\/p>\n<p>La espada es una espada larga y fina, con una guarda elaborada y una hoja flexible, destinada principalmente a los golpes de estocada. Es un arma muy com\u00fan entre finales del siglo XV y finales del siglo XVII.<\/p>\n<p>A partir de finales del siglo XVI, las t\u00e9cnicas italianas incluyeron cada vez m\u00e1s la daga con la mano izquierda. Y fue en torno a esta escuela italiana donde se establecieron los maestros de armas franceses e ingleses.<\/p>\n<p>A principios del siglo XVII, predomina el estilo italiano, con la importancia de maestros de armas como <a href=\"https:\/\/www.escrimeurs-libres.fr\/salvator-fabris\/\" target=\"_blank\" rel=\"noopener noreferrer\">Salvator Fabris<\/a>.<\/p>\n<h2>Tu Estoque Cl\u00e1sico 17\u1d49 al mejor precio.<\/h2>\n<p>Le ofrecemos una amplia selecci\u00f3n de r\u00e9plicas hist\u00f3ricas.<\/p>\n<p>Lo primero y m\u00e1s importante,<\/p>\n<ul>\n<li>L'<a href=\"https:\/\/repliquemangacine.fr\/es\/espada-templaria-medieval\/espada-del-templario-jacques-de-molay\/\">Espada Jacques de Molay<\/a>el \u00faltimo Gran Maestre de los Caballeros Templarios.<\/li>\n<li>Tambi\u00e9n existe la<a href=\"https:\/\/repliquemangacine.fr\/es\/reproducciones-de-armas-y-accesorios-medievales\/excalibur-rey-arturo-espada-legendaria\/\">espada legendaria Excalibur<\/a> del Rey Arturo.<\/li>\n<li>As\u00ed como el<a href=\"https:\/\/repliquemangacine.fr\/es\/reproducciones-de-armas-y-accesorios-medievales\/epee-richard-coeur-de-lion-coeur\/\">espada de Ricardo Coraz\u00f3n de Le\u00f3n<\/a>Rey de Inglaterra<\/li>\n<li>Y muchos m\u00e1s por descubrir en nuestra tienda online.<\/li>\n<\/ul>\n<p>Por eso, es una idea estupenda para regalar a todos los apasionados de la historia.<\/p>\n<p>En conclusi\u00f3n, tambi\u00e9n puede utilizar la <strong>Estoque cl\u00e1sico 17\u1d49<\/strong> para sus reconstrucciones y representaciones hist\u00f3ricas.<\/p>\n<p>Pero, ante todo, esta espada es tambi\u00e9n una pieza de colecci\u00f3n y decoraci\u00f3n.<\/p>\n<p>R\u00e9plique Manga Cin\u00e9 es una empresa familiar francesa distribuidora de las marcas Denix y Kolser.<\/p>\n<h2>\u00bfC\u00f3mo mantengo la hoja de mi espada?<\/h2>\n<p>Las espadas de colecci\u00f3n y decorativas se fabrican y ensamblan de forma simplificada. Como su uso es decorativo, no cuentan con los elementos de seguridad necesarios para una espada japonesa destinada al entrenamiento.<\/p>\n<p>Sin embargo, su <strong>Estoque cl\u00e1sico 17\u1d49<\/strong> a una hoja de acero que hay que mantener para evitar que se da\u00f1e con el tiempo. Cuando muestres tu espada, tus amigos sentir\u00e1n curiosidad por ver la hoja y tocarla. Aqu\u00ed es donde hay que tener cuidado, porque la acidez de los dedos es muy perjudicial para el acero, sea cual sea su calidad.<\/p>\n<p>Sin embargo, si esto ocurre, no se asuste, simplemente utilice un pa\u00f1o humedecido con un poco de aceite y limpie las huellas dactilares. Si haces esto, tu espada durar\u00e1 mucho tiempo.<\/p>","protected":false},"excerpt":{"rendered":"<p>Este estoque se inspira en los cl\u00e1sicos Corbi\u00e8res del gran siglo XVII.<\/p>\n<ul>\n<li>Hoja ancha (3cm) de acero al carbono sin afilar.<\/li>\n<li>Mango de madera rodeado de alambre de acero<\/li>\n<li>Protector de cesta met\u00e1lico<\/li>\n<li>Vaina de madera recubierta de cuero negro.<\/li>\n<li>Longitud de la hoja: 93 cm - Longitud total: 117 cm<\/li>\n<li>Peso: 1550 g<\/li>\n<\/ul>","protected":false},"featured_media":61816,"template":"","meta":[],"product_brand":[896],"product_cat":[25,84,43],"product_tag":[],"class_list":{"0":"post-61815","1":"product","2":"type-product","3":"status-publish","4":"has-post-thumbnail","6":"product_brand-replique-manga-cine","7":"product_cat-armes-historiques","8":"product_cat-epee-templier-medievale","9":"product_cat-reproductions-d-armes-et-accessoires-medievales","11":"first","12":"outofstock","13":"taxable","14":"shipping-taxable","15":"purchasable","16":"product-type-simple"},"yoast_head":"<!-- This site is optimized with the Yoast SEO plugin v27.5 - https:\/\/yoast.com\/product\/yoast-seo-wordpress\/ -->\n<title>Rapi\u00e8re classique 17\u1d49 - Vente de Reproduction armes historiques - R\u00e9plique Manga Cin\u00e9<\/title>\n<meta name=\"description\" content=\"D\u00e9couvrez cette superbe Rapi\u00e8re classique 17\u1d49 au meilleur prix. Lame large en acier carbone, non aff\u00fbt\u00e9e. Fourreau en cuir noir. Longueur totale : 117 cm\" \/>\n<meta name=\"robots\" content=\"index, follow, max-snippet:-1, max-image-preview:large, max-video-preview:-1\" \/>\n<link rel=\"canonical\" href=\"https:\/\/repliquemangacine.fr\/es\/espada-templaria-medieval\/maquinilla-de-afeitar-clasica-17\u1d49-corbiere-hoja-ancha\/\" \/>\n<meta property=\"og:locale\" content=\"es_ES\" \/>\n<meta property=\"og:type\" content=\"article\" \/>\n<meta property=\"og:title\" content=\"Rapi\u00e8re classique 17\u1d49 - Vente de Reproduction armes historiques - R\u00e9plique Manga Cin\u00e9\" \/>\n<meta property=\"og:description\" content=\"D\u00e9couvrez cette superbe Rapi\u00e8re classique 17\u1d49 au meilleur prix. Lame large en acier carbone, non aff\u00fbt\u00e9e. Fourreau en cuir noir. Longueur totale : 117 cm\" \/>\n<meta property=\"og:url\" content=\"https:\/\/repliquemangacine.fr\/es\/espada-templaria-medieval\/maquinilla-de-afeitar-clasica-17\u1d49-corbiere-hoja-ancha\/\" \/>\n<meta property=\"og:site_name\" content=\"R\u00e9plique Manga Cin\u00e9\" \/>\n<meta property=\"article:publisher\" content=\"https:\/\/www.facebook.com\/RepliqueMangaCine\" \/>\n<meta property=\"article:modified_time\" content=\"2025-11-18T20:47:08+00:00\" \/>\n<meta property=\"og:image\" content=\"https:\/\/repliquemangacine.fr\/wp-content\/uploads\/2023\/10\/rapiere-2.jpg\" \/>\n\t<meta property=\"og:image:width\" content=\"500\" \/>\n\t<meta property=\"og:image:height\" content=\"500\" \/>\n\t<meta property=\"og:image:type\" content=\"image\/jpeg\" \/>\n<meta name=\"twitter:card\" content=\"summary_large_image\" \/>\n<meta name=\"twitter:label1\" content=\"Tiempo de lectura\" \/>\n\t<meta name=\"twitter:data1\" content=\"3 minutos\" \/>\n<script type=\"application\/ld+json\" class=\"yoast-schema-graph\">{\"@context\":\"https:\\\/\\\/schema.org\",\"@graph\":[{\"@type\":\"WebPage\",\"@id\":\"https:\\\/\\\/repliquemangacine.fr\\\/epee-templier-medievale\\\/rapiere-classique-17%e1%b5%89-corbiere-lame-large\\\/\",\"url\":\"https:\\\/\\\/repliquemangacine.fr\\\/epee-templier-medievale\\\/rapiere-classique-17%e1%b5%89-corbiere-lame-large\\\/\",\"name\":\"Rapi\u00e8re classique 17\u1d49 - Vente de Reproduction armes historiques - R\u00e9plique Manga Cin\u00e9\",\"isPartOf\":{\"@id\":\"https:\\\/\\\/repliquemangacine.fr\\\/#website\"},\"primaryImageOfPage\":{\"@id\":\"https:\\\/\\\/repliquemangacine.fr\\\/epee-templier-medievale\\\/rapiere-classique-17%e1%b5%89-corbiere-lame-large\\\/#primaryimage\"},\"image\":{\"@id\":\"https:\\\/\\\/repliquemangacine.fr\\\/epee-templier-medievale\\\/rapiere-classique-17%e1%b5%89-corbiere-lame-large\\\/#primaryimage\"},\"thumbnailUrl\":\"https:\\\/\\\/repliquemangacine.fr\\\/wp-content\\\/uploads\\\/2023\\\/10\\\/rapiere-2.jpg\",\"datePublished\":\"2023-07-31T14:42:04+00:00\",\"dateModified\":\"2025-11-18T20:47:08+00:00\",\"description\":\"D\u00e9couvrez cette superbe Rapi\u00e8re classique 17\u1d49 au meilleur prix. Lame large en acier carbone, non aff\u00fbt\u00e9e. Fourreau en cuir noir. Longueur totale : 117 cm\",\"breadcrumb\":{\"@id\":\"https:\\\/\\\/repliquemangacine.fr\\\/epee-templier-medievale\\\/rapiere-classique-17%e1%b5%89-corbiere-lame-large\\\/#breadcrumb\"},\"inLanguage\":\"es\",\"potentialAction\":[{\"@type\":\"ReadAction\",\"target\":[\"https:\\\/\\\/repliquemangacine.fr\\\/epee-templier-medievale\\\/rapiere-classique-17%e1%b5%89-corbiere-lame-large\\\/\"]}]},{\"@type\":\"ImageObject\",\"inLanguage\":\"es\",\"@id\":\"https:\\\/\\\/repliquemangacine.fr\\\/epee-templier-medievale\\\/rapiere-classique-17%e1%b5%89-corbiere-lame-large\\\/#primaryimage\",\"url\":\"https:\\\/\\\/repliquemangacine.fr\\\/wp-content\\\/uploads\\\/2023\\\/10\\\/rapiere-2.jpg\",\"contentUrl\":\"https:\\\/\\\/repliquemangacine.fr\\\/wp-content\\\/uploads\\\/2023\\\/10\\\/rapiere-2.jpg\",\"width\":500,\"height\":500,\"caption\":\"Rapi\u00e8re classique 17\u1d49\"},{\"@type\":\"BreadcrumbList\",\"@id\":\"https:\\\/\\\/repliquemangacine.fr\\\/epee-templier-medievale\\\/rapiere-classique-17%e1%b5%89-corbiere-lame-large\\\/#breadcrumb\",\"itemListElement\":[{\"@type\":\"ListItem\",\"position\":1,\"name\":\"Accueil\",\"item\":\"https:\\\/\\\/repliquemangacine.fr\\\/\"},{\"@type\":\"ListItem\",\"position\":2,\"name\":\"Produits\",\"item\":\"https:\\\/\\\/repliquemangacine.fr\\\/boutique\\\/\"},{\"@type\":\"ListItem\",\"position\":3,\"name\":\"Rapi\u00e8re classique 17\u1d49\"}]},{\"@type\":\"WebSite\",\"@id\":\"https:\\\/\\\/repliquemangacine.fr\\\/#website\",\"url\":\"https:\\\/\\\/repliquemangacine.fr\\\/\",\"name\":\"R\u00e9plique Manga Cin\u00e9\",\"description\":\"\",\"publisher\":{\"@id\":\"https:\\\/\\\/repliquemangacine.fr\\\/#organization\"},\"potentialAction\":[{\"@type\":\"SearchAction\",\"target\":{\"@type\":\"EntryPoint\",\"urlTemplate\":\"https:\\\/\\\/repliquemangacine.fr\\\/?s={search_term_string}\"},\"query-input\":{\"@type\":\"PropertyValueSpecification\",\"valueRequired\":true,\"valueName\":\"search_term_string\"}}],\"inLanguage\":\"es\"},{\"@type\":\"Organization\",\"@id\":\"https:\\\/\\\/repliquemangacine.fr\\\/#organization\",\"name\":\"R\u00e9plique Manga Cin\u00e9\",\"url\":\"https:\\\/\\\/repliquemangacine.fr\\\/\",\"logo\":{\"@type\":\"ImageObject\",\"inLanguage\":\"es\",\"@id\":\"https:\\\/\\\/repliquemangacine.fr\\\/#\\\/schema\\\/logo\\\/image\\\/\",\"url\":\"https:\\\/\\\/repliquemangacine.fr\\\/wp-content\\\/uploads\\\/2023\\\/10\\\/RMC-500250.png\",\"contentUrl\":\"https:\\\/\\\/repliquemangacine.fr\\\/wp-content\\\/uploads\\\/2023\\\/10\\\/RMC-500250.png\",\"width\":500,\"height\":250,\"caption\":\"R\u00e9plique Manga Cin\u00e9\"},\"image\":{\"@id\":\"https:\\\/\\\/repliquemangacine.fr\\\/#\\\/schema\\\/logo\\\/image\\\/\"},\"sameAs\":[\"https:\\\/\\\/www.facebook.com\\\/RepliqueMangaCine\",\"https:\\\/\\\/www.instagram.com\\\/repliquemangacine.fr\\\/\"]}]}<\/script>\n<!-- \/ Yoast SEO plugin. -->","yoast_head_json":{"title":"Estoque cl\u00e1sico 17\u1d49 - Venta de armas hist\u00f3ricas de reproducci\u00f3n - R\u00e9plique Manga Cin\u00e9","description":"Descubre este magn\u00edfico Estoque Cl\u00e1sico 17\u1d49 al mejor precio. Hoja ancha de acero al carbono sin afilar. Vaina de cuero negro. Longitud total: 117 cm","robots":{"index":"index","follow":"follow","max-snippet":"max-snippet:-1","max-image-preview":"max-image-preview:large","max-video-preview":"max-video-preview:-1"},"canonical":"https:\/\/repliquemangacine.fr\/es\/espada-templaria-medieval\/maquinilla-de-afeitar-clasica-17\u1d49-corbiere-hoja-ancha\/","og_locale":"es_ES","og_type":"article","og_title":"Rapi\u00e8re classique 17\u1d49 - Vente de Reproduction armes historiques - R\u00e9plique Manga Cin\u00e9","og_description":"D\u00e9couvrez cette superbe Rapi\u00e8re classique 17\u1d49 au meilleur prix. Lame large en acier carbone, non aff\u00fbt\u00e9e. Fourreau en cuir noir. Longueur totale : 117 cm","og_url":"https:\/\/repliquemangacine.fr\/es\/espada-templaria-medieval\/maquinilla-de-afeitar-clasica-17\u1d49-corbiere-hoja-ancha\/","og_site_name":"R\u00e9plique Manga Cin\u00e9","article_publisher":"https:\/\/www.facebook.com\/RepliqueMangaCine","article_modified_time":"2025-11-18T20:47:08+00:00","og_image":[{"width":500,"height":500,"url":"https:\/\/repliquemangacine.fr\/wp-content\/uploads\/2023\/10\/rapiere-2.jpg","type":"image\/jpeg"}],"twitter_card":"summary_large_image","twitter_misc":{"Tiempo de lectura":"3 minutos"},"schema":{"@context":"https:\/\/schema.org","@graph":[{"@type":"WebPage","@id":"https:\/\/repliquemangacine.fr\/epee-templier-medievale\/rapiere-classique-17%e1%b5%89-corbiere-lame-large\/","url":"https:\/\/repliquemangacine.fr\/epee-templier-medievale\/rapiere-classique-17%e1%b5%89-corbiere-lame-large\/","name":"Estoque cl\u00e1sico 17\u1d49 - Venta de armas hist\u00f3ricas de reproducci\u00f3n - R\u00e9plique Manga Cin\u00e9","isPartOf":{"@id":"https:\/\/repliquemangacine.fr\/#website"},"primaryImageOfPage":{"@id":"https:\/\/repliquemangacine.fr\/epee-templier-medievale\/rapiere-classique-17%e1%b5%89-corbiere-lame-large\/#primaryimage"},"image":{"@id":"https:\/\/repliquemangacine.fr\/epee-templier-medievale\/rapiere-classique-17%e1%b5%89-corbiere-lame-large\/#primaryimage"},"thumbnailUrl":"https:\/\/repliquemangacine.fr\/wp-content\/uploads\/2023\/10\/rapiere-2.jpg","datePublished":"2023-07-31T14:42:04+00:00","dateModified":"2025-11-18T20:47:08+00:00","description":"Descubre este magn\u00edfico Estoque Cl\u00e1sico 17\u1d49 al mejor precio. Hoja ancha de acero al carbono sin afilar. Vaina de cuero negro. Longitud total: 117 cm","breadcrumb":{"@id":"https:\/\/repliquemangacine.fr\/epee-templier-medievale\/rapiere-classique-17%e1%b5%89-corbiere-lame-large\/#breadcrumb"},"inLanguage":"es","potentialAction":[{"@type":"ReadAction","target":["https:\/\/repliquemangacine.fr\/epee-templier-medievale\/rapiere-classique-17%e1%b5%89-corbiere-lame-large\/"]}]},{"@type":"ImageObject","inLanguage":"es","@id":"https:\/\/repliquemangacine.fr\/epee-templier-medievale\/rapiere-classique-17%e1%b5%89-corbiere-lame-large\/#primaryimage","url":"https:\/\/repliquemangacine.fr\/wp-content\/uploads\/2023\/10\/rapiere-2.jpg","contentUrl":"https:\/\/repliquemangacine.fr\/wp-content\/uploads\/2023\/10\/rapiere-2.jpg","width":500,"height":500,"caption":"Rapi\u00e8re classique 17\u1d49"},{"@type":"BreadcrumbList","@id":"https:\/\/repliquemangacine.fr\/epee-templier-medievale\/rapiere-classique-17%e1%b5%89-corbiere-lame-large\/#breadcrumb","itemListElement":[{"@type":"ListItem","position":1,"name":"Accueil","item":"https:\/\/repliquemangacine.fr\/"},{"@type":"ListItem","position":2,"name":"Produits","item":"https:\/\/repliquemangacine.fr\/boutique\/"},{"@type":"ListItem","position":3,"name":"Rapi\u00e8re classique 17\u1d49"}]},{"@type":"WebSite","@id":"https:\/\/repliquemangacine.fr\/#website","url":"https:\/\/repliquemangacine.fr\/","name":"R\u00e9plique Manga Cin\u00e9","description":"","publisher":{"@id":"https:\/\/repliquemangacine.fr\/#organization"},"potentialAction":[{"@type":"SearchAction","target":{"@type":"EntryPoint","urlTemplate":"https:\/\/repliquemangacine.fr\/?s={search_term_string}"},"query-input":{"@type":"PropertyValueSpecification","valueRequired":true,"valueName":"search_term_string"}}],"inLanguage":"es"},{"@type":"Organization","@id":"https:\/\/repliquemangacine.fr\/#organization","name":"R\u00e9plique Manga Cin\u00e9","url":"https:\/\/repliquemangacine.fr\/","logo":{"@type":"ImageObject","inLanguage":"es","@id":"https:\/\/repliquemangacine.fr\/#\/schema\/logo\/image\/","url":"https:\/\/repliquemangacine.fr\/wp-content\/uploads\/2023\/10\/RMC-500250.png","contentUrl":"https:\/\/repliquemangacine.fr\/wp-content\/uploads\/2023\/10\/RMC-500250.png","width":500,"height":250,"caption":"R\u00e9plique Manga Cin\u00e9"},"image":{"@id":"https:\/\/repliquemangacine.fr\/#\/schema\/logo\/image\/"},"sameAs":["https:\/\/www.facebook.com\/RepliqueMangaCine","https:\/\/www.instagram.com\/repliquemangacine.fr\/"]}]}},"_links":{"self":[{"href":"https:\/\/repliquemangacine.fr\/es\/wp-json\/wp\/v2\/product\/61815","targetHints":{"allow":["GET"]}}],"collection":[{"href":"https:\/\/repliquemangacine.fr\/es\/wp-json\/wp\/v2\/product"}],"about":[{"href":"https:\/\/repliquemangacine.fr\/es\/wp-json\/wp\/v2\/types\/product"}],"wp:featuredmedia":[{"embeddable":true,"href":"https:\/\/repliquemangacine.fr\/es\/wp-json\/wp\/v2\/media\/61816"}],"wp:attachment":[{"href":"https:\/\/repliquemangacine.fr\/es\/wp-json\/wp\/v2\/media?parent=61815"}],"wp:term":[{"taxonomy":"product_brand","embeddable":true,"href":"https:\/\/repliquemangacine.fr\/es\/wp-json\/wp\/v2\/product_brand?post=61815"},{"taxonomy":"product_cat","embeddable":true,"href":"https:\/\/repliquemangacine.fr\/es\/wp-json\/wp\/v2\/product_cat?post=61815"},{"taxonomy":"product_tag","embeddable":true,"href":"https:\/\/repliquemangacine.fr\/es\/wp-json\/wp\/v2\/product_tag?post=61815"}],"curies":[{"name":"wp","href":"https:\/\/api.w.org\/{rel}","templated":true}]}}