





{"id":61719,"date":"2023-07-25T19:07:08","date_gmt":"2023-07-25T17:07:08","guid":{"rendered":"https:\/\/repliquemangacine.fr\/?post_type=product&#038;p=61719"},"modified":"2026-04-10T15:46:48","modified_gmt":"2026-04-10T13:46:48","slug":"katana-deco-flor-japonesa","status":"publish","type":"product","link":"https:\/\/repliquemangacine.fr\/es\/katana-decoration\/katana-deco-fleur-du-japon\/","title":{"rendered":"Katana Decoraci\u00f3n floral japonesa"},"content":{"rendered":"<h2>Su <strong>Katana Decoraci\u00f3n floral japonesa<\/strong><\/h2>\n<p>Para empezar, el <strong>Katana con dise\u00f1o floral japon\u00e9s, <\/strong>En el esp\u00edritu del samur\u00e1i, el s\u00edmbolo de los guerreros japoneses embellecer\u00e1 su hogar.<\/p>\n<p>La katana es una <a href=\"https:\/\/furansujapon.com\/culture\/katana-ce-quil-faut-savoir-du-sabre-japonais\/\" target=\"_blank\" rel=\"noopener noreferrer\">Espada japonesa<\/a> (arma blanca curva de un solo filo) de m\u00e1s de 60 cm. Se lleva enfundada en el cintur\u00f3n. Por lo general, se maneja con las dos manos, pero algunos entrenamientos, como la t\u00e9cnica que implica el uso de la vaina, requieren su manejo con una sola mano.<\/p>\n<p>Las katanas decorativas no est\u00e1n afiladas ni destinadas a la pr\u00e1ctica de artes marciales. Su funci\u00f3n es exclusivamente decorativa. Hay varias formas de exponer su katana:<\/p>\n<ul>\n<li>O con un soporte para colocarlo sobre un mueble<\/li>\n<li>O un soporte de pared<\/li>\n<li>Un soporte vertical<\/li>\n<\/ul>\n<h2>\u00a1Tu Katana Flor Japonesa al mejor precio!<\/h2>\n<p>Le ofrecemos una amplia selecci\u00f3n de katanas decorativas de manga y videojuegos, as\u00ed como de pel\u00edculas y series de televisi\u00f3n.<\/p>\n<p>Lo primero y m\u00e1s importante,<\/p>\n<ul>\n<li>Le <a href=\"https:\/\/repliquemangacine.fr\/es\/katana-cazademonios\/katana-tanjiro-kamado-demon-slayer\/\">La katana de Tanjiro<\/a> en el manga animado Demon Slayer. Tambi\u00e9n disponible en versi\u00f3n falsificada.<\/li>\n<li>Tambi\u00e9n existe la <a href=\"https:\/\/repliquemangacine.fr\/es\/katanas-el-ultimo-samurai\/katana-du-dernier-samourai-el-ultimo-samourai\/\">katana del \u00daltimo Samurai<\/a> con Tom Cruise.<\/li>\n<li>As\u00ed como el<a href=\"https:\/\/repliquemangacine.fr\/es\/peliculas-series-tv-venta-de-espadas-katana-y-productos-relacionados\/katana-heroes-espada-de-hiro-nakamura\/\"> La espada de Hiro<\/a> de la serie Heroes.<\/li>\n<li>Y mucho m\u00e1s por descubrir en nuestra tienda en l\u00ednea.<\/li>\n<\/ul>\n<p>Por eso, aqu\u00ed tienes unas ideas fant\u00e1sticas para regalar a todos los fans del cine y las series de televisi\u00f3n.<\/p>\n<p>En conclusi\u00f3n, puede utilizar el <strong>katana deco flor japonesa<\/strong> para tus desfiles de cosplay o veladas tem\u00e1ticas. Pero sobre todo, esta espada es una pieza de coleccionista y una pieza decorativa.<\/p>\n<h2>\u00bfC\u00f3mo se mantiene la hoja del sable?<\/h2>\n<p>Las katanas de colecci\u00f3n y decorativas se fabrican y ensamblan de forma simplificada. Al ser de uso decorativo, no cuentan con los elementos de seguridad necesarios para una espada japonesa destinada al entrenamiento.<\/p>\n<p>Sin embargo, su <strong>katana deco flor japonesa<\/strong> una hoja de acero que hay que cuidar para evitar que se da\u00f1e con el tiempo. De hecho, vas a exponer tu katana, tus amigos sentir\u00e1n curiosidad por ver la hoja y tocarla. Ah\u00ed es donde hay que tener cuidado, hay que saber que la acidez de los dedos es muy perjudicial para el acero, independientemente de su calidad.<\/p>\n<p>Sin embargo, si esto ocurre, no se asuste, simplemente utilice un pa\u00f1o humedecido con un poco de aceite y limpie las huellas dactilares. Si haces esto, tu espada durar\u00e1 mucho tiempo.<\/p>","protected":false},"excerpt":{"rendered":"<p>Magn\u00edfica katana para decoraci\u00f3n de interiores.<\/p>\n<ul>\n<li>Hoja de acero inoxidable 440, sin afilar.<\/li>\n<li>Vaina lacada en negro con flor japonesa.<\/li>\n<li>Mango de imitaci\u00f3n de piel de raya, recubierto de trenza de algod\u00f3n verde.<\/li>\n<li>Guarda de acero macizo decorada.<\/li>\n<li>Longitud total: 103 cm<\/li>\n<\/ul>","protected":false},"featured_media":61720,"template":"","meta":[],"product_brand":[896],"product_cat":[26,32],"product_tag":[],"class_list":{"0":"post-61719","1":"product","2":"type-product","3":"status-publish","4":"has-post-thumbnail","6":"product_brand-replique-manga-cine","7":"product_cat-katana-epee","8":"product_cat-katana-decoration","10":"first","11":"outofstock","12":"sale","13":"taxable","14":"shipping-taxable","15":"purchasable","16":"product-type-simple"},"yoast_head":"<!-- This site is optimized with the Yoast SEO plugin v27.4 - https:\/\/yoast.com\/product\/yoast-seo-wordpress\/ -->\n<title>Katana d\u00e9co fleur du Japon - Boutique en ligne de katana - RMC<\/title>\n<meta name=\"description\" content=\"D\u00e9couvrez ce superbe Katana d\u00e9co fleur du Japon au meilleur prix. Lame en acier inox 440. Fourreau laqu\u00e9 noir avec fleur du Japon. Garde m\u00e9tal. 103 cm\" \/>\n<meta name=\"robots\" content=\"index, follow, max-snippet:-1, max-image-preview:large, max-video-preview:-1\" \/>\n<link rel=\"canonical\" href=\"https:\/\/repliquemangacine.fr\/es\/decoracion-katana\/katana-deco-flor-japonesa\/\" \/>\n<meta property=\"og:locale\" content=\"es_ES\" \/>\n<meta property=\"og:type\" content=\"article\" \/>\n<meta property=\"og:title\" content=\"Katana d\u00e9co fleur du Japon - Boutique en ligne de katana - RMC\" \/>\n<meta property=\"og:description\" content=\"D\u00e9couvrez ce superbe Katana d\u00e9co fleur du Japon au meilleur prix. Lame en acier inox 440. Fourreau laqu\u00e9 noir avec fleur du Japon. Garde m\u00e9tal. 103 cm\" \/>\n<meta property=\"og:url\" content=\"https:\/\/repliquemangacine.fr\/es\/decoracion-katana\/katana-deco-flor-japonesa\/\" \/>\n<meta property=\"og:site_name\" content=\"R\u00e9plique Manga Cin\u00e9\" \/>\n<meta property=\"article:publisher\" content=\"https:\/\/www.facebook.com\/RepliqueMangaCine\" \/>\n<meta property=\"article:modified_time\" content=\"2026-04-10T13:46:48+00:00\" \/>\n<meta property=\"og:image\" content=\"https:\/\/repliquemangacine.fr\/wp-content\/uploads\/2023\/10\/katana-deco-fleur.jpg\" \/>\n\t<meta property=\"og:image:width\" content=\"500\" \/>\n\t<meta property=\"og:image:height\" content=\"500\" \/>\n\t<meta property=\"og:image:type\" content=\"image\/jpeg\" \/>\n<meta name=\"twitter:card\" content=\"summary_large_image\" \/>\n<meta name=\"twitter:label1\" content=\"Tiempo de lectura\" \/>\n\t<meta name=\"twitter:data1\" content=\"3 minutos\" \/>\n<script type=\"application\/ld+json\" class=\"yoast-schema-graph\">{\"@context\":\"https:\\\/\\\/schema.org\",\"@graph\":[{\"@type\":\"WebPage\",\"@id\":\"https:\\\/\\\/repliquemangacine.fr\\\/katana-decoration\\\/katana-deco-fleur-du-japon\\\/\",\"url\":\"https:\\\/\\\/repliquemangacine.fr\\\/katana-decoration\\\/katana-deco-fleur-du-japon\\\/\",\"name\":\"Katana d\u00e9co fleur du Japon - Boutique en ligne de katana - RMC\",\"isPartOf\":{\"@id\":\"https:\\\/\\\/repliquemangacine.fr\\\/#website\"},\"primaryImageOfPage\":{\"@id\":\"https:\\\/\\\/repliquemangacine.fr\\\/katana-decoration\\\/katana-deco-fleur-du-japon\\\/#primaryimage\"},\"image\":{\"@id\":\"https:\\\/\\\/repliquemangacine.fr\\\/katana-decoration\\\/katana-deco-fleur-du-japon\\\/#primaryimage\"},\"thumbnailUrl\":\"https:\\\/\\\/repliquemangacine.fr\\\/wp-content\\\/uploads\\\/2023\\\/10\\\/katana-deco-fleur.jpg\",\"datePublished\":\"2023-07-25T17:07:08+00:00\",\"dateModified\":\"2026-04-10T13:46:48+00:00\",\"description\":\"D\u00e9couvrez ce superbe Katana d\u00e9co fleur du Japon au meilleur prix. Lame en acier inox 440. Fourreau laqu\u00e9 noir avec fleur du Japon. Garde m\u00e9tal. 103 cm\",\"breadcrumb\":{\"@id\":\"https:\\\/\\\/repliquemangacine.fr\\\/katana-decoration\\\/katana-deco-fleur-du-japon\\\/#breadcrumb\"},\"inLanguage\":\"es\",\"potentialAction\":[{\"@type\":\"ReadAction\",\"target\":[\"https:\\\/\\\/repliquemangacine.fr\\\/katana-decoration\\\/katana-deco-fleur-du-japon\\\/\"]}]},{\"@type\":\"ImageObject\",\"inLanguage\":\"es\",\"@id\":\"https:\\\/\\\/repliquemangacine.fr\\\/katana-decoration\\\/katana-deco-fleur-du-japon\\\/#primaryimage\",\"url\":\"https:\\\/\\\/repliquemangacine.fr\\\/wp-content\\\/uploads\\\/2023\\\/10\\\/katana-deco-fleur.jpg\",\"contentUrl\":\"https:\\\/\\\/repliquemangacine.fr\\\/wp-content\\\/uploads\\\/2023\\\/10\\\/katana-deco-fleur.jpg\",\"width\":500,\"height\":500,\"caption\":\"Katana d\u00e9co Fleur du Japon\"},{\"@type\":\"BreadcrumbList\",\"@id\":\"https:\\\/\\\/repliquemangacine.fr\\\/katana-decoration\\\/katana-deco-fleur-du-japon\\\/#breadcrumb\",\"itemListElement\":[{\"@type\":\"ListItem\",\"position\":1,\"name\":\"Accueil\",\"item\":\"https:\\\/\\\/repliquemangacine.fr\\\/\"},{\"@type\":\"ListItem\",\"position\":2,\"name\":\"Produits\",\"item\":\"https:\\\/\\\/repliquemangacine.fr\\\/boutique\\\/\"},{\"@type\":\"ListItem\",\"position\":3,\"name\":\"Katana d\u00e9co fleur du Japon\"}]},{\"@type\":\"WebSite\",\"@id\":\"https:\\\/\\\/repliquemangacine.fr\\\/#website\",\"url\":\"https:\\\/\\\/repliquemangacine.fr\\\/\",\"name\":\"R\u00e9plique Manga Cin\u00e9\",\"description\":\"\",\"publisher\":{\"@id\":\"https:\\\/\\\/repliquemangacine.fr\\\/#organization\"},\"potentialAction\":[{\"@type\":\"SearchAction\",\"target\":{\"@type\":\"EntryPoint\",\"urlTemplate\":\"https:\\\/\\\/repliquemangacine.fr\\\/?s={search_term_string}\"},\"query-input\":{\"@type\":\"PropertyValueSpecification\",\"valueRequired\":true,\"valueName\":\"search_term_string\"}}],\"inLanguage\":\"es\"},{\"@type\":\"Organization\",\"@id\":\"https:\\\/\\\/repliquemangacine.fr\\\/#organization\",\"name\":\"R\u00e9plique Manga Cin\u00e9\",\"url\":\"https:\\\/\\\/repliquemangacine.fr\\\/\",\"logo\":{\"@type\":\"ImageObject\",\"inLanguage\":\"es\",\"@id\":\"https:\\\/\\\/repliquemangacine.fr\\\/#\\\/schema\\\/logo\\\/image\\\/\",\"url\":\"https:\\\/\\\/repliquemangacine.fr\\\/wp-content\\\/uploads\\\/2023\\\/10\\\/RMC-500250.png\",\"contentUrl\":\"https:\\\/\\\/repliquemangacine.fr\\\/wp-content\\\/uploads\\\/2023\\\/10\\\/RMC-500250.png\",\"width\":500,\"height\":250,\"caption\":\"R\u00e9plique Manga Cin\u00e9\"},\"image\":{\"@id\":\"https:\\\/\\\/repliquemangacine.fr\\\/#\\\/schema\\\/logo\\\/image\\\/\"},\"sameAs\":[\"https:\\\/\\\/www.facebook.com\\\/RepliqueMangaCine\",\"https:\\\/\\\/www.instagram.com\\\/repliquemangacine.fr\\\/\"]}]}<\/script>\n<!-- \/ Yoast SEO plugin. -->","yoast_head_json":{"title":"Katana deco flor japonesa - Tienda online Katana - RMC","description":"Descubre esta magn\u00edfica Katana de flor japonesa al mejor precio. Hoja de acero inoxidable 440. Funda lacada negra con flor japonesa. Guarda de metal. Longitud 103 cm","robots":{"index":"index","follow":"follow","max-snippet":"max-snippet:-1","max-image-preview":"max-image-preview:large","max-video-preview":"max-video-preview:-1"},"canonical":"https:\/\/repliquemangacine.fr\/es\/decoracion-katana\/katana-deco-flor-japonesa\/","og_locale":"es_ES","og_type":"article","og_title":"Katana d\u00e9co fleur du Japon - Boutique en ligne de katana - RMC","og_description":"D\u00e9couvrez ce superbe Katana d\u00e9co fleur du Japon au meilleur prix. Lame en acier inox 440. Fourreau laqu\u00e9 noir avec fleur du Japon. Garde m\u00e9tal. 103 cm","og_url":"https:\/\/repliquemangacine.fr\/es\/decoracion-katana\/katana-deco-flor-japonesa\/","og_site_name":"R\u00e9plique Manga Cin\u00e9","article_publisher":"https:\/\/www.facebook.com\/RepliqueMangaCine","article_modified_time":"2026-04-10T13:46:48+00:00","og_image":[{"width":500,"height":500,"url":"https:\/\/repliquemangacine.fr\/wp-content\/uploads\/2023\/10\/katana-deco-fleur.jpg","type":"image\/jpeg"}],"twitter_card":"summary_large_image","twitter_misc":{"Tiempo de lectura":"3 minutos"},"schema":{"@context":"https:\/\/schema.org","@graph":[{"@type":"WebPage","@id":"https:\/\/repliquemangacine.fr\/katana-decoration\/katana-deco-fleur-du-japon\/","url":"https:\/\/repliquemangacine.fr\/katana-decoration\/katana-deco-fleur-du-japon\/","name":"Katana deco flor japonesa - Tienda online Katana - RMC","isPartOf":{"@id":"https:\/\/repliquemangacine.fr\/#website"},"primaryImageOfPage":{"@id":"https:\/\/repliquemangacine.fr\/katana-decoration\/katana-deco-fleur-du-japon\/#primaryimage"},"image":{"@id":"https:\/\/repliquemangacine.fr\/katana-decoration\/katana-deco-fleur-du-japon\/#primaryimage"},"thumbnailUrl":"https:\/\/repliquemangacine.fr\/wp-content\/uploads\/2023\/10\/katana-deco-fleur.jpg","datePublished":"2023-07-25T17:07:08+00:00","dateModified":"2026-04-10T13:46:48+00:00","description":"Descubre esta magn\u00edfica Katana de flor japonesa al mejor precio. Hoja de acero inoxidable 440. Funda lacada negra con flor japonesa. Guarda de metal. Longitud 103 cm","breadcrumb":{"@id":"https:\/\/repliquemangacine.fr\/katana-decoration\/katana-deco-fleur-du-japon\/#breadcrumb"},"inLanguage":"es","potentialAction":[{"@type":"ReadAction","target":["https:\/\/repliquemangacine.fr\/katana-decoration\/katana-deco-fleur-du-japon\/"]}]},{"@type":"ImageObject","inLanguage":"es","@id":"https:\/\/repliquemangacine.fr\/katana-decoration\/katana-deco-fleur-du-japon\/#primaryimage","url":"https:\/\/repliquemangacine.fr\/wp-content\/uploads\/2023\/10\/katana-deco-fleur.jpg","contentUrl":"https:\/\/repliquemangacine.fr\/wp-content\/uploads\/2023\/10\/katana-deco-fleur.jpg","width":500,"height":500,"caption":"Katana d\u00e9co Fleur du Japon"},{"@type":"BreadcrumbList","@id":"https:\/\/repliquemangacine.fr\/katana-decoration\/katana-deco-fleur-du-japon\/#breadcrumb","itemListElement":[{"@type":"ListItem","position":1,"name":"Accueil","item":"https:\/\/repliquemangacine.fr\/"},{"@type":"ListItem","position":2,"name":"Produits","item":"https:\/\/repliquemangacine.fr\/boutique\/"},{"@type":"ListItem","position":3,"name":"Katana d\u00e9co fleur du Japon"}]},{"@type":"WebSite","@id":"https:\/\/repliquemangacine.fr\/#website","url":"https:\/\/repliquemangacine.fr\/","name":"R\u00e9plique Manga Cin\u00e9","description":"","publisher":{"@id":"https:\/\/repliquemangacine.fr\/#organization"},"potentialAction":[{"@type":"SearchAction","target":{"@type":"EntryPoint","urlTemplate":"https:\/\/repliquemangacine.fr\/?s={search_term_string}"},"query-input":{"@type":"PropertyValueSpecification","valueRequired":true,"valueName":"search_term_string"}}],"inLanguage":"es"},{"@type":"Organization","@id":"https:\/\/repliquemangacine.fr\/#organization","name":"R\u00e9plique Manga Cin\u00e9","url":"https:\/\/repliquemangacine.fr\/","logo":{"@type":"ImageObject","inLanguage":"es","@id":"https:\/\/repliquemangacine.fr\/#\/schema\/logo\/image\/","url":"https:\/\/repliquemangacine.fr\/wp-content\/uploads\/2023\/10\/RMC-500250.png","contentUrl":"https:\/\/repliquemangacine.fr\/wp-content\/uploads\/2023\/10\/RMC-500250.png","width":500,"height":250,"caption":"R\u00e9plique Manga Cin\u00e9"},"image":{"@id":"https:\/\/repliquemangacine.fr\/#\/schema\/logo\/image\/"},"sameAs":["https:\/\/www.facebook.com\/RepliqueMangaCine","https:\/\/www.instagram.com\/repliquemangacine.fr\/"]}]}},"_links":{"self":[{"href":"https:\/\/repliquemangacine.fr\/es\/wp-json\/wp\/v2\/product\/61719","targetHints":{"allow":["GET"]}}],"collection":[{"href":"https:\/\/repliquemangacine.fr\/es\/wp-json\/wp\/v2\/product"}],"about":[{"href":"https:\/\/repliquemangacine.fr\/es\/wp-json\/wp\/v2\/types\/product"}],"wp:featuredmedia":[{"embeddable":true,"href":"https:\/\/repliquemangacine.fr\/es\/wp-json\/wp\/v2\/media\/61720"}],"wp:attachment":[{"href":"https:\/\/repliquemangacine.fr\/es\/wp-json\/wp\/v2\/media?parent=61719"}],"wp:term":[{"taxonomy":"product_brand","embeddable":true,"href":"https:\/\/repliquemangacine.fr\/es\/wp-json\/wp\/v2\/product_brand?post=61719"},{"taxonomy":"product_cat","embeddable":true,"href":"https:\/\/repliquemangacine.fr\/es\/wp-json\/wp\/v2\/product_cat?post=61719"},{"taxonomy":"product_tag","embeddable":true,"href":"https:\/\/repliquemangacine.fr\/es\/wp-json\/wp\/v2\/product_tag?post=61719"}],"curies":[{"name":"wp","href":"https:\/\/api.w.org\/{rel}","templated":true}]}}