





{"id":61676,"date":"2023-07-24T15:32:41","date_gmt":"2023-07-24T13:32:41","guid":{"rendered":"https:\/\/repliquemangacine.fr\/?post_type=product&#038;p=61676"},"modified":"2025-11-18T22:01:56","modified_gmt":"2025-11-18T21:01:56","slug":"asesino-de-machete-y-kunai","status":"publish","type":"product","link":"https:\/\/repliquemangacine.fr\/es\/armes-the-walking-dead\/machette-et-kunai-killer\/","title":{"rendered":"Machete y Kunai Asesino"},"content":{"rendered":"<h2>Machete y Kunai Asesino<\/h2>\n<p>Para empezar, el <strong>Machete y Kunai Asesino<\/strong> \u00a1The Walking Dead est\u00e1 especialmente dise\u00f1ada para matar zombis!<\/p>\n<p>Un machete, cuchillo largo con mango corto provisto de una hoja gruesa, de unos 40 cm de largo, dise\u00f1ado como herramienta para cortar vegetaci\u00f3n. De hecho, se utiliza generalmente para abrirse camino entre la vegetaci\u00f3n densa y para abrir frutos de c\u00e1scara dura, como el coco.<\/p>\n<p>La machete form\u00f3 parte del equipamiento del ej\u00e9rcito franc\u00e9s durante la segunda mitad del siglo XIX y la primera mitad del siglo XX con el nombre de \u00absabre d'abattis\u00bb (sable de combate).<\/p>\n<p>Ampliamente utilizado en el cine y los videojuegos. En Assassin\u2019s Creed III: Liberation, la hero\u00edna Aveline de Grandpr\u00e9 utiliza un machete para el combate cuerpo a cuerpo.<\/p>\n<h2>Tu Machete y Asesino Kuna\u00ef al mejor precio.<\/h2>\n<p>Ofrecemos una amplia gama de r\u00e9plicas de la serie <a href=\"https:\/\/thewalkingdead.fandom.com\/fr\/wiki\/Accueil\" target=\"_blank\" rel=\"noopener noreferrer\">The Walking Dead<\/a>.<\/p>\n<p>Lo primero y m\u00e1s importante,<\/p>\n<ul>\n<li>Le <a href=\"https:\/\/repliquemangacine.fr\/es\/armas-the-walking-dead\/katana-de-michonne\/\">La katana de Michonne<\/a> en su versi\u00f3n no cortante, tambi\u00e9n est\u00e1 disponible en versi\u00f3n cortante.<\/li>\n<li>Tambi\u00e9n existe la <a href=\"https:\/\/repliquemangacine.fr\/es\/armas-the-walking-dead\/colt-python-rick-grimes\/\">El potro Python de Rick<\/a> que utiliza a lo largo de toda la serie.<\/li>\n<li>As\u00ed como el <a href=\"https:\/\/repliquemangacine.fr\/es\/armas-the-walking-dead\/murcielago-negan-de-espuma-rigida-lucille\/\">Bate Negan<\/a> (en espuma)<\/li>\n<li>Y muchos m\u00e1s por descubrir en nuestra tienda en l\u00ednea.<\/li>\n<\/ul>\n<p>Por eso, esta es una idea estupenda para regalar a todos los fans de la serie The Walking Dead.<\/p>\n<p>En conclusi\u00f3n, tambi\u00e9n puede utilizar este <strong>Machete y Kunai Zombie<\/strong> para tus fiestas de Halloweens o veladas tem\u00e1ticas. Pero, sobre todo, es una pieza de coleccionista y una gran decoraci\u00f3n.<\/p>\n<h2>\u00bfC\u00f3mo se mantiene la hoja del cuchillo?<\/h2>\n<p>Las espadas de colecci\u00f3n y decorativas se fabrican y ensamblan de forma simplificada. Como su uso es decorativo, no cuentan con los elementos de seguridad necesarios para una espada japonesa destinada al entrenamiento.<\/p>\n<p>Sin embargo, su <strong>Machete y Kunai Zombie<\/strong> una hoja de acero que hay que cuidar para evitar que se da\u00f1e con el tiempo. De hecho, vas a exponer tu machete, tus amigos sentir\u00e1n curiosidad por ver la hoja y tocarla. Ah\u00ed es donde hay que tener cuidado, hay que saber que la acidez de los dedos es muy perjudicial para el acero, independientemente de su calidad.<\/p>\n<p>Sin embargo, si esto ocurre, no se preocupe, solo tiene que humedecer un pa\u00f1o con un poco de aceite y limpiar las huellas dactilares. De esta forma, conservar\u00e1 durante mucho tiempo su juego de cuatro piezas para matar zombis.<\/p>","protected":false},"excerpt":{"rendered":"<p>Magn\u00edfico set de cuatro piezas, \u00a1ideal para luchar contra los muertos vivientes!<\/p>\n<p>\u2013 <strong>Machete<\/strong><\/p>\n<ul>\n<li>Fabricado en una sola pieza<\/li>\n<li>Hoja de acero calada decorada<\/li>\n<li>Mango recubierto de hilo de algod\u00f3n para un buen agarre<\/li>\n<li>Longitud total: 69 cm<\/li>\n<\/ul>\n<p>\u2013<strong> Kunai<\/strong><\/p>\n<ul>\n<li>Fabricado en una sola pieza<\/li>\n<li>Hoja de acero decorada<\/li>\n<li>Mango recubierto de hilo de algod\u00f3n para un buen agarre<\/li>\n<li>Longitud total de cada kunai: 16,5 cm<\/li>\n<\/ul>\n<p>Este juego se entrega en un malet\u00edn de transporte de cordura.<\/p>\n<p>&nbsp;<\/p>","protected":false},"featured_media":61677,"template":"","meta":[],"product_brand":[896],"product_cat":[24,62],"product_tag":[],"class_list":{"0":"post-61676","1":"product","2":"type-product","3":"status-publish","4":"has-post-thumbnail","6":"product_brand-replique-manga-cine","7":"product_cat-films-series-tv-vente-de-katana-epee-et-produits-derives","8":"product_cat-armes-the-walking-dead","10":"first","11":"instock","12":"taxable","13":"shipping-taxable","14":"purchasable","15":"product-type-simple"},"yoast_head":"<!-- This site is optimized with the Yoast SEO plugin v27.3 - https:\/\/yoast.com\/product\/yoast-seo-wordpress\/ -->\n<title>Machette et Kuna\u00ef Killer - Vente couteau The Walking Dead - RMC<\/title>\n<meta name=\"description\" content=\"Offrez-lui cette superbe machette et Kuna\u00ef Killer au meilleur prix. Tout en acier. Fait d&#039;une seule pi\u00e8ce. Kuna\u00efs en acier avec gravure. Fourreau. 69 cm\" \/>\n<meta name=\"robots\" content=\"index, follow, max-snippet:-1, max-image-preview:large, max-video-preview:-1\" \/>\n<link rel=\"canonical\" href=\"https:\/\/repliquemangacine.fr\/es\/armas-the-walking-dead\/asesino-de-machete-y-kunai\/\" \/>\n<meta property=\"og:locale\" content=\"es_ES\" \/>\n<meta property=\"og:type\" content=\"article\" \/>\n<meta property=\"og:title\" content=\"Machette et Kuna\u00ef Killer - Vente couteau The Walking Dead - RMC\" \/>\n<meta property=\"og:description\" content=\"Offrez-lui cette superbe machette et Kuna\u00ef Killer au meilleur prix. Tout en acier. Fait d&#039;une seule pi\u00e8ce. Kuna\u00efs en acier avec gravure. Fourreau. 69 cm\" \/>\n<meta property=\"og:url\" content=\"https:\/\/repliquemangacine.fr\/es\/armas-the-walking-dead\/asesino-de-machete-y-kunai\/\" \/>\n<meta property=\"og:site_name\" content=\"R\u00e9plique Manga Cin\u00e9\" \/>\n<meta property=\"article:publisher\" content=\"https:\/\/www.facebook.com\/RepliqueMangaCine\" \/>\n<meta property=\"article:modified_time\" content=\"2025-11-18T21:01:56+00:00\" \/>\n<meta property=\"og:image\" content=\"https:\/\/repliquemangacine.fr\/wp-content\/uploads\/2023\/10\/machette-zombie-killer.jpg\" \/>\n\t<meta property=\"og:image:width\" content=\"500\" \/>\n\t<meta property=\"og:image:height\" content=\"500\" \/>\n\t<meta property=\"og:image:type\" content=\"image\/jpeg\" \/>\n<meta name=\"twitter:card\" content=\"summary_large_image\" \/>\n<meta name=\"twitter:label1\" content=\"Tiempo de lectura\" \/>\n\t<meta name=\"twitter:data1\" content=\"3 minutos\" \/>\n<script type=\"application\/ld+json\" class=\"yoast-schema-graph\">{\"@context\":\"https:\\\/\\\/schema.org\",\"@graph\":[{\"@type\":\"WebPage\",\"@id\":\"https:\\\/\\\/repliquemangacine.fr\\\/armes-the-walking-dead\\\/machette-et-kunai-killer\\\/\",\"url\":\"https:\\\/\\\/repliquemangacine.fr\\\/armes-the-walking-dead\\\/machette-et-kunai-killer\\\/\",\"name\":\"Machette et Kuna\u00ef Killer - Vente couteau The Walking Dead - RMC\",\"isPartOf\":{\"@id\":\"https:\\\/\\\/repliquemangacine.fr\\\/#website\"},\"primaryImageOfPage\":{\"@id\":\"https:\\\/\\\/repliquemangacine.fr\\\/armes-the-walking-dead\\\/machette-et-kunai-killer\\\/#primaryimage\"},\"image\":{\"@id\":\"https:\\\/\\\/repliquemangacine.fr\\\/armes-the-walking-dead\\\/machette-et-kunai-killer\\\/#primaryimage\"},\"thumbnailUrl\":\"https:\\\/\\\/repliquemangacine.fr\\\/wp-content\\\/uploads\\\/2023\\\/10\\\/machette-zombie-killer.jpg\",\"datePublished\":\"2023-07-24T13:32:41+00:00\",\"dateModified\":\"2025-11-18T21:01:56+00:00\",\"description\":\"Offrez-lui cette superbe machette et Kuna\u00ef Killer au meilleur prix. Tout en acier. Fait d'une seule pi\u00e8ce. Kuna\u00efs en acier avec gravure. Fourreau. 69 cm\",\"breadcrumb\":{\"@id\":\"https:\\\/\\\/repliquemangacine.fr\\\/armes-the-walking-dead\\\/machette-et-kunai-killer\\\/#breadcrumb\"},\"inLanguage\":\"es\",\"potentialAction\":[{\"@type\":\"ReadAction\",\"target\":[\"https:\\\/\\\/repliquemangacine.fr\\\/armes-the-walking-dead\\\/machette-et-kunai-killer\\\/\"]}]},{\"@type\":\"ImageObject\",\"inLanguage\":\"es\",\"@id\":\"https:\\\/\\\/repliquemangacine.fr\\\/armes-the-walking-dead\\\/machette-et-kunai-killer\\\/#primaryimage\",\"url\":\"https:\\\/\\\/repliquemangacine.fr\\\/wp-content\\\/uploads\\\/2023\\\/10\\\/machette-zombie-killer.jpg\",\"contentUrl\":\"https:\\\/\\\/repliquemangacine.fr\\\/wp-content\\\/uploads\\\/2023\\\/10\\\/machette-zombie-killer.jpg\",\"width\":500,\"height\":500,\"caption\":\"Machette et Kuna\u00ef zombie-killer\"},{\"@type\":\"BreadcrumbList\",\"@id\":\"https:\\\/\\\/repliquemangacine.fr\\\/armes-the-walking-dead\\\/machette-et-kunai-killer\\\/#breadcrumb\",\"itemListElement\":[{\"@type\":\"ListItem\",\"position\":1,\"name\":\"Accueil\",\"item\":\"https:\\\/\\\/repliquemangacine.fr\\\/\"},{\"@type\":\"ListItem\",\"position\":2,\"name\":\"Produits\",\"item\":\"https:\\\/\\\/repliquemangacine.fr\\\/boutique\\\/\"},{\"@type\":\"ListItem\",\"position\":3,\"name\":\"Machette et Kuna\u00ef Killer\"}]},{\"@type\":\"WebSite\",\"@id\":\"https:\\\/\\\/repliquemangacine.fr\\\/#website\",\"url\":\"https:\\\/\\\/repliquemangacine.fr\\\/\",\"name\":\"R\u00e9plique Manga Cin\u00e9\",\"description\":\"\",\"publisher\":{\"@id\":\"https:\\\/\\\/repliquemangacine.fr\\\/#organization\"},\"potentialAction\":[{\"@type\":\"SearchAction\",\"target\":{\"@type\":\"EntryPoint\",\"urlTemplate\":\"https:\\\/\\\/repliquemangacine.fr\\\/?s={search_term_string}\"},\"query-input\":{\"@type\":\"PropertyValueSpecification\",\"valueRequired\":true,\"valueName\":\"search_term_string\"}}],\"inLanguage\":\"es\"},{\"@type\":\"Organization\",\"@id\":\"https:\\\/\\\/repliquemangacine.fr\\\/#organization\",\"name\":\"R\u00e9plique Manga Cin\u00e9\",\"url\":\"https:\\\/\\\/repliquemangacine.fr\\\/\",\"logo\":{\"@type\":\"ImageObject\",\"inLanguage\":\"es\",\"@id\":\"https:\\\/\\\/repliquemangacine.fr\\\/#\\\/schema\\\/logo\\\/image\\\/\",\"url\":\"https:\\\/\\\/repliquemangacine.fr\\\/wp-content\\\/uploads\\\/2023\\\/10\\\/RMC-500250.png\",\"contentUrl\":\"https:\\\/\\\/repliquemangacine.fr\\\/wp-content\\\/uploads\\\/2023\\\/10\\\/RMC-500250.png\",\"width\":500,\"height\":250,\"caption\":\"R\u00e9plique Manga Cin\u00e9\"},\"image\":{\"@id\":\"https:\\\/\\\/repliquemangacine.fr\\\/#\\\/schema\\\/logo\\\/image\\\/\"},\"sameAs\":[\"https:\\\/\\\/www.facebook.com\\\/RepliqueMangaCine\",\"https:\\\/\\\/www.instagram.com\\\/repliquemangacine.fr\\\/\"]}]}<\/script>\n<!-- \/ Yoast SEO plugin. -->","yoast_head_json":{"title":"Machete et Kuna\u00ef Killer - The Walking Dead venta de cuchillos - RMC","description":"Reg\u00e1lale este magn\u00edfico machete y Kunai Killer al mejor precio. Todo de acero. Fabricado en una sola pieza. Kunai de acero con grabado. Vaina. 69 cm","robots":{"index":"index","follow":"follow","max-snippet":"max-snippet:-1","max-image-preview":"max-image-preview:large","max-video-preview":"max-video-preview:-1"},"canonical":"https:\/\/repliquemangacine.fr\/es\/armas-the-walking-dead\/asesino-de-machete-y-kunai\/","og_locale":"es_ES","og_type":"article","og_title":"Machette et Kuna\u00ef Killer - Vente couteau The Walking Dead - RMC","og_description":"Offrez-lui cette superbe machette et Kuna\u00ef Killer au meilleur prix. Tout en acier. Fait d'une seule pi\u00e8ce. Kuna\u00efs en acier avec gravure. Fourreau. 69 cm","og_url":"https:\/\/repliquemangacine.fr\/es\/armas-the-walking-dead\/asesino-de-machete-y-kunai\/","og_site_name":"R\u00e9plique Manga Cin\u00e9","article_publisher":"https:\/\/www.facebook.com\/RepliqueMangaCine","article_modified_time":"2025-11-18T21:01:56+00:00","og_image":[{"width":500,"height":500,"url":"https:\/\/repliquemangacine.fr\/wp-content\/uploads\/2023\/10\/machette-zombie-killer.jpg","type":"image\/jpeg"}],"twitter_card":"summary_large_image","twitter_misc":{"Tiempo de lectura":"3 minutos"},"schema":{"@context":"https:\/\/schema.org","@graph":[{"@type":"WebPage","@id":"https:\/\/repliquemangacine.fr\/armes-the-walking-dead\/machette-et-kunai-killer\/","url":"https:\/\/repliquemangacine.fr\/armes-the-walking-dead\/machette-et-kunai-killer\/","name":"Machete et Kuna\u00ef Killer - The Walking Dead venta de cuchillos - RMC","isPartOf":{"@id":"https:\/\/repliquemangacine.fr\/#website"},"primaryImageOfPage":{"@id":"https:\/\/repliquemangacine.fr\/armes-the-walking-dead\/machette-et-kunai-killer\/#primaryimage"},"image":{"@id":"https:\/\/repliquemangacine.fr\/armes-the-walking-dead\/machette-et-kunai-killer\/#primaryimage"},"thumbnailUrl":"https:\/\/repliquemangacine.fr\/wp-content\/uploads\/2023\/10\/machette-zombie-killer.jpg","datePublished":"2023-07-24T13:32:41+00:00","dateModified":"2025-11-18T21:01:56+00:00","description":"Reg\u00e1lale este magn\u00edfico machete y Kunai Killer al mejor precio. Todo de acero. Fabricado en una sola pieza. Kunai de acero con grabado. Vaina. 69 cm","breadcrumb":{"@id":"https:\/\/repliquemangacine.fr\/armes-the-walking-dead\/machette-et-kunai-killer\/#breadcrumb"},"inLanguage":"es","potentialAction":[{"@type":"ReadAction","target":["https:\/\/repliquemangacine.fr\/armes-the-walking-dead\/machette-et-kunai-killer\/"]}]},{"@type":"ImageObject","inLanguage":"es","@id":"https:\/\/repliquemangacine.fr\/armes-the-walking-dead\/machette-et-kunai-killer\/#primaryimage","url":"https:\/\/repliquemangacine.fr\/wp-content\/uploads\/2023\/10\/machette-zombie-killer.jpg","contentUrl":"https:\/\/repliquemangacine.fr\/wp-content\/uploads\/2023\/10\/machette-zombie-killer.jpg","width":500,"height":500,"caption":"Machette et Kuna\u00ef zombie-killer"},{"@type":"BreadcrumbList","@id":"https:\/\/repliquemangacine.fr\/armes-the-walking-dead\/machette-et-kunai-killer\/#breadcrumb","itemListElement":[{"@type":"ListItem","position":1,"name":"Accueil","item":"https:\/\/repliquemangacine.fr\/"},{"@type":"ListItem","position":2,"name":"Produits","item":"https:\/\/repliquemangacine.fr\/boutique\/"},{"@type":"ListItem","position":3,"name":"Machette et Kuna\u00ef Killer"}]},{"@type":"WebSite","@id":"https:\/\/repliquemangacine.fr\/#website","url":"https:\/\/repliquemangacine.fr\/","name":"R\u00e9plique Manga Cin\u00e9","description":"","publisher":{"@id":"https:\/\/repliquemangacine.fr\/#organization"},"potentialAction":[{"@type":"SearchAction","target":{"@type":"EntryPoint","urlTemplate":"https:\/\/repliquemangacine.fr\/?s={search_term_string}"},"query-input":{"@type":"PropertyValueSpecification","valueRequired":true,"valueName":"search_term_string"}}],"inLanguage":"es"},{"@type":"Organization","@id":"https:\/\/repliquemangacine.fr\/#organization","name":"R\u00e9plique Manga Cin\u00e9","url":"https:\/\/repliquemangacine.fr\/","logo":{"@type":"ImageObject","inLanguage":"es","@id":"https:\/\/repliquemangacine.fr\/#\/schema\/logo\/image\/","url":"https:\/\/repliquemangacine.fr\/wp-content\/uploads\/2023\/10\/RMC-500250.png","contentUrl":"https:\/\/repliquemangacine.fr\/wp-content\/uploads\/2023\/10\/RMC-500250.png","width":500,"height":250,"caption":"R\u00e9plique Manga Cin\u00e9"},"image":{"@id":"https:\/\/repliquemangacine.fr\/#\/schema\/logo\/image\/"},"sameAs":["https:\/\/www.facebook.com\/RepliqueMangaCine","https:\/\/www.instagram.com\/repliquemangacine.fr\/"]}]}},"_links":{"self":[{"href":"https:\/\/repliquemangacine.fr\/es\/wp-json\/wp\/v2\/product\/61676","targetHints":{"allow":["GET"]}}],"collection":[{"href":"https:\/\/repliquemangacine.fr\/es\/wp-json\/wp\/v2\/product"}],"about":[{"href":"https:\/\/repliquemangacine.fr\/es\/wp-json\/wp\/v2\/types\/product"}],"wp:featuredmedia":[{"embeddable":true,"href":"https:\/\/repliquemangacine.fr\/es\/wp-json\/wp\/v2\/media\/61677"}],"wp:attachment":[{"href":"https:\/\/repliquemangacine.fr\/es\/wp-json\/wp\/v2\/media?parent=61676"}],"wp:term":[{"taxonomy":"product_brand","embeddable":true,"href":"https:\/\/repliquemangacine.fr\/es\/wp-json\/wp\/v2\/product_brand?post=61676"},{"taxonomy":"product_cat","embeddable":true,"href":"https:\/\/repliquemangacine.fr\/es\/wp-json\/wp\/v2\/product_cat?post=61676"},{"taxonomy":"product_tag","embeddable":true,"href":"https:\/\/repliquemangacine.fr\/es\/wp-json\/wp\/v2\/product_tag?post=61676"}],"curies":[{"name":"wp","href":"https:\/\/api.w.org\/{rel}","templated":true}]}}