





{"id":61275,"date":"2023-06-29T16:38:49","date_gmt":"2023-06-29T14:38:49","guid":{"rendered":"https:\/\/repliquemangacine.fr\/?post_type=product&#038;p=61275"},"modified":"2026-03-16T06:40:36","modified_gmt":"2026-03-16T05:40:36","slug":"hoja-daywalker-espada-cerbatana","status":"publish","type":"product","link":"https:\/\/repliquemangacine.fr\/es\/katana-les-epees-de-films-et-series\/epee-sarbacane-daywalker-de-blade\/","title":{"rendered":"Espada de cerbatana Blade Daywalker"},"content":{"rendered":"<h2>Espada cerbatana Daywalker de Blade.<\/h2>\n<p>Para empezar, el<strong>Espada de cerbatana Blade Daywalker<\/strong> Tiene una hoja recta de doble filo similar a la de una espada larga, que termina en una empu\u00f1adura de metal. En la funda hay una cerbatana funcional y una honda.<\/p>\n<p>Blade es una trilog\u00eda de pel\u00edculas estadounidenses escrita por David S. Goyer e inspirada en el personaje del mismo nombre creado en 1973 por el guionista Marv Wolfman y el dibujante Gene Colan para Marvel Comics.<\/p>\n<p><a href=\"https:\/\/blade.fandom.com\/wiki\/Blade\" target=\"_blank\" rel=\"noopener noreferrer\">Cuchilla<\/a>Es un individuo c\u00ednico que est\u00e1 decidido a librar al mundo de los vampiros. Conocido por ser estoico, fr\u00edo y temperamental. Como muchos en la comunidad de cazadores de vampiros, Blade guarda un profundo rencor a los vampiros, principalmente por la muerte de su madre.<\/p>\n<h2>Tu espada cerbatana Daywalker Blade al mejor precio.<\/h2>\n<p>Le ofrecemos una amplia selecci\u00f3n de r\u00e9plicas de espadas y objetos de colecci\u00f3n de sus h\u00e9roes cinematogr\u00e1ficos favoritos.<\/p>\n<p>En primer lugar<\/p>\n<ul>\n<li>L'<a href=\"https:\/\/repliquemangacine.fr\/es\/superheroes-marvel\/espada-asesina-wonder-woman-god-killer\/\">Espada God Killer<\/a> La primera espada de Wonder Woman, destruida por Ares.<\/li>\n<li>A continuaci\u00f3n, el <a href=\"https:\/\/repliquemangacine.fr\/es\/superheroes-marvel\/deadpool-marvel-espadas\/\">Espadas Deadpool<\/a> con su placa de funda para llevarlos a la espalda.<\/li>\n<li>Tambi\u00e9n existe la <a href=\"https:\/\/repliquemangacine.fr\/es\/superheroes-marvel\/daga-de-loki\/\">La daga de Loki<\/a> del universo Marvel.<\/li>\n<li>Y muchos m\u00e1s por descubrir en nuestra tienda en l\u00ednea.<\/li>\n<\/ul>\n<p>Por eso, aqu\u00ed tienes unas ideas fant\u00e1sticas para regalar a todos los amantes del universo Marvel.<\/p>\n<p>En conclusi\u00f3n, puede utilizar el\u2019<strong>Espada de cerbatana Blade Daywalker<\/strong> para tus desfiles de cosplay. Pero, sobre todo, es una pieza de coleccionista y un objeto decorativo.<\/p>\n<h2>\u00bfC\u00f3mo mantengo la hoja de mi katana Marvel?<\/h2>\n<p>Las katanas de colecci\u00f3n y decorativas se fabrican y ensamblan de forma simplificada. Al ser de uso decorativo, no cuentan con los elementos de seguridad necesarios para una espada japonesa destinada al entrenamiento.<\/p>\n<p>Sin embargo, su <strong>Espada de cerbatana Blade Daywalker<\/strong> una hoja de acero que hay que cuidar para evitar que se da\u00f1e con el tiempo. De hecho, vas a exponer tu katana, tus amigos sentir\u00e1n curiosidad por ver la hoja y tocarla. Ah\u00ed es donde hay que tener cuidado, hay que saber que la acidez de los dedos es muy perjudicial para el acero, independientemente de su calidad.<\/p>\n<p>Sin embargo, si esto ocurre, no se asuste, simplemente utilice un pa\u00f1o humedecido con un poco de aceite y limpie las huellas dactilares. Si haces esto, tu espada durar\u00e1 mucho tiempo.<\/p>","protected":false},"excerpt":{"rendered":"<p>Magn\u00edfica r\u00e9plica de la espada Daywalker de las pel\u00edculas de Blade en el universo Marvel.<\/p>\n<ul>\n<li>Hoja recta de acero 440, preafilada por un solo lado.<\/li>\n<li>Asa de metal finamente decorada<\/li>\n<li>Vaina de plato y correas ajustables para llevar a la espalda<\/li>\n<li>Cerbatana con 6 agujas en la vaina<\/li>\n<li>Tirachinas<\/li>\n<li>Longitud de la hoja: 69 cm - Longitud total: 89 cm<\/li>\n<\/ul>","protected":false},"featured_media":61276,"template":"","meta":[],"product_brand":[896],"product_cat":[91,66,24,59],"product_tag":[],"class_list":{"0":"post-61275","1":"product","2":"type-product","3":"status-publish","4":"has-post-thumbnail","6":"product_brand-replique-manga-cine","7":"product_cat-katana-les-epees-de-films-et-series","8":"product_cat-repliques-d-armes-films-et-series","9":"product_cat-films-series-tv-vente-de-katana-epee-et-produits-derives","10":"product_cat-super-heros-marvel","12":"first","13":"instock","14":"taxable","15":"shipping-taxable","16":"purchasable","17":"product-type-simple"},"yoast_head":"<!-- This site is optimized with the Yoast SEO plugin v27.4 - https:\/\/yoast.com\/product\/yoast-seo-wordpress\/ -->\n<title>Ep\u00e9e sarbacane Daywalker de Blade - Vente collector Marvel - RMC<\/title>\n<meta name=\"description\" content=\"Offrez-lui vite ! Cette Ep\u00e9e sarbacane Daywalker de Blade au meilleur prix. Lame acier. Fourreau muni d&#039;une sarbacane. Lance-pierre fourni. Longueur : 89 cm\" \/>\n<meta name=\"robots\" content=\"index, follow, max-snippet:-1, max-image-preview:large, max-video-preview:-1\" \/>\n<link rel=\"canonical\" href=\"https:\/\/repliquemangacine.fr\/es\/espadas-katana-de-peliculas-y-series\/hoja-daywalker-espada-cerbatana\/\" \/>\n<meta property=\"og:locale\" content=\"es_ES\" \/>\n<meta property=\"og:type\" content=\"article\" \/>\n<meta property=\"og:title\" content=\"Ep\u00e9e sarbacane Daywalker de Blade - Vente collector Marvel - RMC\" \/>\n<meta property=\"og:description\" content=\"Offrez-lui vite ! Cette Ep\u00e9e sarbacane Daywalker de Blade au meilleur prix. Lame acier. Fourreau muni d&#039;une sarbacane. Lance-pierre fourni. Longueur : 89 cm\" \/>\n<meta property=\"og:url\" content=\"https:\/\/repliquemangacine.fr\/es\/espadas-katana-de-peliculas-y-series\/hoja-daywalker-espada-cerbatana\/\" \/>\n<meta property=\"og:site_name\" content=\"R\u00e9plique Manga Cin\u00e9\" \/>\n<meta property=\"article:publisher\" content=\"https:\/\/www.facebook.com\/RepliqueMangaCine\" \/>\n<meta property=\"article:modified_time\" content=\"2026-03-16T05:40:36+00:00\" \/>\n<meta property=\"og:image\" content=\"https:\/\/repliquemangacine.fr\/wp-content\/uploads\/2023\/10\/blade-sarbacane.jpg\" \/>\n\t<meta property=\"og:image:width\" content=\"500\" \/>\n\t<meta property=\"og:image:height\" content=\"500\" \/>\n\t<meta property=\"og:image:type\" content=\"image\/jpeg\" \/>\n<meta name=\"twitter:card\" content=\"summary_large_image\" \/>\n<meta name=\"twitter:label1\" content=\"Tiempo de lectura\" \/>\n\t<meta name=\"twitter:data1\" content=\"3 minutos\" \/>\n<script type=\"application\/ld+json\" class=\"yoast-schema-graph\">{\"@context\":\"https:\\\/\\\/schema.org\",\"@graph\":[{\"@type\":\"WebPage\",\"@id\":\"https:\\\/\\\/repliquemangacine.fr\\\/katana-les-epees-de-films-et-series\\\/epee-sarbacane-daywalker-de-blade\\\/\",\"url\":\"https:\\\/\\\/repliquemangacine.fr\\\/katana-les-epees-de-films-et-series\\\/epee-sarbacane-daywalker-de-blade\\\/\",\"name\":\"Ep\u00e9e sarbacane Daywalker de Blade - Vente collector Marvel - RMC\",\"isPartOf\":{\"@id\":\"https:\\\/\\\/repliquemangacine.fr\\\/#website\"},\"primaryImageOfPage\":{\"@id\":\"https:\\\/\\\/repliquemangacine.fr\\\/katana-les-epees-de-films-et-series\\\/epee-sarbacane-daywalker-de-blade\\\/#primaryimage\"},\"image\":{\"@id\":\"https:\\\/\\\/repliquemangacine.fr\\\/katana-les-epees-de-films-et-series\\\/epee-sarbacane-daywalker-de-blade\\\/#primaryimage\"},\"thumbnailUrl\":\"https:\\\/\\\/repliquemangacine.fr\\\/wp-content\\\/uploads\\\/2023\\\/10\\\/blade-sarbacane.jpg\",\"datePublished\":\"2023-06-29T14:38:49+00:00\",\"dateModified\":\"2026-03-16T05:40:36+00:00\",\"description\":\"Offrez-lui vite ! Cette Ep\u00e9e sarbacane Daywalker de Blade au meilleur prix. Lame acier. Fourreau muni d'une sarbacane. Lance-pierre fourni. Longueur : 89 cm\",\"breadcrumb\":{\"@id\":\"https:\\\/\\\/repliquemangacine.fr\\\/katana-les-epees-de-films-et-series\\\/epee-sarbacane-daywalker-de-blade\\\/#breadcrumb\"},\"inLanguage\":\"es\",\"potentialAction\":[{\"@type\":\"ReadAction\",\"target\":[\"https:\\\/\\\/repliquemangacine.fr\\\/katana-les-epees-de-films-et-series\\\/epee-sarbacane-daywalker-de-blade\\\/\"]}]},{\"@type\":\"ImageObject\",\"inLanguage\":\"es\",\"@id\":\"https:\\\/\\\/repliquemangacine.fr\\\/katana-les-epees-de-films-et-series\\\/epee-sarbacane-daywalker-de-blade\\\/#primaryimage\",\"url\":\"https:\\\/\\\/repliquemangacine.fr\\\/wp-content\\\/uploads\\\/2023\\\/10\\\/blade-sarbacane.jpg\",\"contentUrl\":\"https:\\\/\\\/repliquemangacine.fr\\\/wp-content\\\/uploads\\\/2023\\\/10\\\/blade-sarbacane.jpg\",\"width\":500,\"height\":500,\"caption\":\"Ep\u00e9e sarbacane Daywalker de Blade\"},{\"@type\":\"BreadcrumbList\",\"@id\":\"https:\\\/\\\/repliquemangacine.fr\\\/katana-les-epees-de-films-et-series\\\/epee-sarbacane-daywalker-de-blade\\\/#breadcrumb\",\"itemListElement\":[{\"@type\":\"ListItem\",\"position\":1,\"name\":\"Accueil\",\"item\":\"https:\\\/\\\/repliquemangacine.fr\\\/\"},{\"@type\":\"ListItem\",\"position\":2,\"name\":\"Produits\",\"item\":\"https:\\\/\\\/repliquemangacine.fr\\\/boutique\\\/\"},{\"@type\":\"ListItem\",\"position\":3,\"name\":\"Ep\u00e9e sarbacane Daywalker de Blade\"}]},{\"@type\":\"WebSite\",\"@id\":\"https:\\\/\\\/repliquemangacine.fr\\\/#website\",\"url\":\"https:\\\/\\\/repliquemangacine.fr\\\/\",\"name\":\"R\u00e9plique Manga Cin\u00e9\",\"description\":\"\",\"publisher\":{\"@id\":\"https:\\\/\\\/repliquemangacine.fr\\\/#organization\"},\"potentialAction\":[{\"@type\":\"SearchAction\",\"target\":{\"@type\":\"EntryPoint\",\"urlTemplate\":\"https:\\\/\\\/repliquemangacine.fr\\\/?s={search_term_string}\"},\"query-input\":{\"@type\":\"PropertyValueSpecification\",\"valueRequired\":true,\"valueName\":\"search_term_string\"}}],\"inLanguage\":\"es\"},{\"@type\":\"Organization\",\"@id\":\"https:\\\/\\\/repliquemangacine.fr\\\/#organization\",\"name\":\"R\u00e9plique Manga Cin\u00e9\",\"url\":\"https:\\\/\\\/repliquemangacine.fr\\\/\",\"logo\":{\"@type\":\"ImageObject\",\"inLanguage\":\"es\",\"@id\":\"https:\\\/\\\/repliquemangacine.fr\\\/#\\\/schema\\\/logo\\\/image\\\/\",\"url\":\"https:\\\/\\\/repliquemangacine.fr\\\/wp-content\\\/uploads\\\/2023\\\/10\\\/RMC-500250.png\",\"contentUrl\":\"https:\\\/\\\/repliquemangacine.fr\\\/wp-content\\\/uploads\\\/2023\\\/10\\\/RMC-500250.png\",\"width\":500,\"height\":250,\"caption\":\"R\u00e9plique Manga Cin\u00e9\"},\"image\":{\"@id\":\"https:\\\/\\\/repliquemangacine.fr\\\/#\\\/schema\\\/logo\\\/image\\\/\"},\"sameAs\":[\"https:\\\/\\\/www.facebook.com\\\/RepliqueMangaCine\",\"https:\\\/\\\/www.instagram.com\\\/repliquemangacine.fr\\\/\"]}]}<\/script>\n<!-- \/ Yoast SEO plugin. -->","yoast_head_json":{"title":"Espada sopladora Daywalker de Blade - Marvel Collector's Sale - RMC","description":"\u00a1Reg\u00e1lasela ahora! Esta espada cerbatana Daywalker de Blade al mejor precio. Hoja de acero. Vaina con cerbatana. Tirachinas incluido. Longitud: 89 cm.","robots":{"index":"index","follow":"follow","max-snippet":"max-snippet:-1","max-image-preview":"max-image-preview:large","max-video-preview":"max-video-preview:-1"},"canonical":"https:\/\/repliquemangacine.fr\/es\/espadas-katana-de-peliculas-y-series\/hoja-daywalker-espada-cerbatana\/","og_locale":"es_ES","og_type":"article","og_title":"Ep\u00e9e sarbacane Daywalker de Blade - Vente collector Marvel - RMC","og_description":"Offrez-lui vite ! Cette Ep\u00e9e sarbacane Daywalker de Blade au meilleur prix. Lame acier. Fourreau muni d'une sarbacane. Lance-pierre fourni. Longueur : 89 cm","og_url":"https:\/\/repliquemangacine.fr\/es\/espadas-katana-de-peliculas-y-series\/hoja-daywalker-espada-cerbatana\/","og_site_name":"R\u00e9plique Manga Cin\u00e9","article_publisher":"https:\/\/www.facebook.com\/RepliqueMangaCine","article_modified_time":"2026-03-16T05:40:36+00:00","og_image":[{"width":500,"height":500,"url":"https:\/\/repliquemangacine.fr\/wp-content\/uploads\/2023\/10\/blade-sarbacane.jpg","type":"image\/jpeg"}],"twitter_card":"summary_large_image","twitter_misc":{"Tiempo de lectura":"3 minutos"},"schema":{"@context":"https:\/\/schema.org","@graph":[{"@type":"WebPage","@id":"https:\/\/repliquemangacine.fr\/katana-les-epees-de-films-et-series\/epee-sarbacane-daywalker-de-blade\/","url":"https:\/\/repliquemangacine.fr\/katana-les-epees-de-films-et-series\/epee-sarbacane-daywalker-de-blade\/","name":"Espada sopladora Daywalker de Blade - Marvel Collector's Sale - RMC","isPartOf":{"@id":"https:\/\/repliquemangacine.fr\/#website"},"primaryImageOfPage":{"@id":"https:\/\/repliquemangacine.fr\/katana-les-epees-de-films-et-series\/epee-sarbacane-daywalker-de-blade\/#primaryimage"},"image":{"@id":"https:\/\/repliquemangacine.fr\/katana-les-epees-de-films-et-series\/epee-sarbacane-daywalker-de-blade\/#primaryimage"},"thumbnailUrl":"https:\/\/repliquemangacine.fr\/wp-content\/uploads\/2023\/10\/blade-sarbacane.jpg","datePublished":"2023-06-29T14:38:49+00:00","dateModified":"2026-03-16T05:40:36+00:00","description":"\u00a1Reg\u00e1lasela ahora! Esta espada cerbatana Daywalker de Blade al mejor precio. Hoja de acero. Vaina con cerbatana. Tirachinas incluido. Longitud: 89 cm.","breadcrumb":{"@id":"https:\/\/repliquemangacine.fr\/katana-les-epees-de-films-et-series\/epee-sarbacane-daywalker-de-blade\/#breadcrumb"},"inLanguage":"es","potentialAction":[{"@type":"ReadAction","target":["https:\/\/repliquemangacine.fr\/katana-les-epees-de-films-et-series\/epee-sarbacane-daywalker-de-blade\/"]}]},{"@type":"ImageObject","inLanguage":"es","@id":"https:\/\/repliquemangacine.fr\/katana-les-epees-de-films-et-series\/epee-sarbacane-daywalker-de-blade\/#primaryimage","url":"https:\/\/repliquemangacine.fr\/wp-content\/uploads\/2023\/10\/blade-sarbacane.jpg","contentUrl":"https:\/\/repliquemangacine.fr\/wp-content\/uploads\/2023\/10\/blade-sarbacane.jpg","width":500,"height":500,"caption":"Ep\u00e9e sarbacane Daywalker de Blade"},{"@type":"BreadcrumbList","@id":"https:\/\/repliquemangacine.fr\/katana-les-epees-de-films-et-series\/epee-sarbacane-daywalker-de-blade\/#breadcrumb","itemListElement":[{"@type":"ListItem","position":1,"name":"Accueil","item":"https:\/\/repliquemangacine.fr\/"},{"@type":"ListItem","position":2,"name":"Produits","item":"https:\/\/repliquemangacine.fr\/boutique\/"},{"@type":"ListItem","position":3,"name":"Ep\u00e9e sarbacane Daywalker de Blade"}]},{"@type":"WebSite","@id":"https:\/\/repliquemangacine.fr\/#website","url":"https:\/\/repliquemangacine.fr\/","name":"R\u00e9plique Manga Cin\u00e9","description":"","publisher":{"@id":"https:\/\/repliquemangacine.fr\/#organization"},"potentialAction":[{"@type":"SearchAction","target":{"@type":"EntryPoint","urlTemplate":"https:\/\/repliquemangacine.fr\/?s={search_term_string}"},"query-input":{"@type":"PropertyValueSpecification","valueRequired":true,"valueName":"search_term_string"}}],"inLanguage":"es"},{"@type":"Organization","@id":"https:\/\/repliquemangacine.fr\/#organization","name":"R\u00e9plique Manga Cin\u00e9","url":"https:\/\/repliquemangacine.fr\/","logo":{"@type":"ImageObject","inLanguage":"es","@id":"https:\/\/repliquemangacine.fr\/#\/schema\/logo\/image\/","url":"https:\/\/repliquemangacine.fr\/wp-content\/uploads\/2023\/10\/RMC-500250.png","contentUrl":"https:\/\/repliquemangacine.fr\/wp-content\/uploads\/2023\/10\/RMC-500250.png","width":500,"height":250,"caption":"R\u00e9plique Manga Cin\u00e9"},"image":{"@id":"https:\/\/repliquemangacine.fr\/#\/schema\/logo\/image\/"},"sameAs":["https:\/\/www.facebook.com\/RepliqueMangaCine","https:\/\/www.instagram.com\/repliquemangacine.fr\/"]}]}},"_links":{"self":[{"href":"https:\/\/repliquemangacine.fr\/es\/wp-json\/wp\/v2\/product\/61275","targetHints":{"allow":["GET"]}}],"collection":[{"href":"https:\/\/repliquemangacine.fr\/es\/wp-json\/wp\/v2\/product"}],"about":[{"href":"https:\/\/repliquemangacine.fr\/es\/wp-json\/wp\/v2\/types\/product"}],"wp:featuredmedia":[{"embeddable":true,"href":"https:\/\/repliquemangacine.fr\/es\/wp-json\/wp\/v2\/media\/61276"}],"wp:attachment":[{"href":"https:\/\/repliquemangacine.fr\/es\/wp-json\/wp\/v2\/media?parent=61275"}],"wp:term":[{"taxonomy":"product_brand","embeddable":true,"href":"https:\/\/repliquemangacine.fr\/es\/wp-json\/wp\/v2\/product_brand?post=61275"},{"taxonomy":"product_cat","embeddable":true,"href":"https:\/\/repliquemangacine.fr\/es\/wp-json\/wp\/v2\/product_cat?post=61275"},{"taxonomy":"product_tag","embeddable":true,"href":"https:\/\/repliquemangacine.fr\/es\/wp-json\/wp\/v2\/product_tag?post=61275"}],"curies":[{"name":"wp","href":"https:\/\/api.w.org\/{rel}","templated":true}]}}