





{"id":61240,"date":"2023-06-27T18:33:52","date_gmt":"2023-06-27T16:33:52","guid":{"rendered":"https:\/\/repliquemangacine.fr\/?post_type=product&#038;p=61240"},"modified":"2025-11-18T22:16:02","modified_gmt":"2025-11-18T21:16:02","slug":"katana-forja-justicia-fudoshin","status":"publish","type":"product","link":"https:\/\/repliquemangacine.fr\/es\/katana-forge\/katana-forge-justice-fudoshin\/","title":{"rendered":"Katana forjada Justicia Fudoshin"},"content":{"rendered":"<h2>Katana forjada Justicia Fudoshin<\/h2>\n<p>Para empezar, el <strong>Katana forjada Justicia Fudoshin<\/strong> est\u00e1 fabricado seg\u00fan la t\u00e9cnica de un maestro herrero. Fabricadas de forma tradicional y artesanal seg\u00fan las t\u00e9cnicas ancestrales del maestro Masahiro, las katanas forjadas Fudoshin le garantizan una calidad de hoja y un acabado excepcionales.<\/p>\n<p>Le <a href=\"https:\/\/fr.wikipedia.org\/wiki\/Sabre_japonais\" target=\"_blank\" rel=\"noopener noreferrer\">Espada japonesa<\/a> Describe un conjunto de armas blancas, fabricadas seg\u00fan las t\u00e9cnicas japonesas. Esta denominaci\u00f3n incluye el Tachi, el Wakizashi, el Tanto y, por supuesto, la famosa Katana.<\/p>\n<p>La katana es la espada japonesa m\u00e1s popular. La llevaban los samur\u00e1is y ha pasado por varias generaciones. Por eso hay museos en Jap\u00f3n.<\/p>\n<p>Es importante saber para qu\u00e9 quieres usar tu katana.<\/p>\n<ul>\n<li>Para principiantes, acero 1045.<\/li>\n<li>Para entrenamiento de corte, acero 1060.<\/li>\n<li>Para uso intensivo, acero 1095.<\/li>\n<\/ul>\n<h2>Tu Katana forjada Justice Fudoshin al mejor precio.<\/h2>\n<p>Le ofrecemos una amplia selecci\u00f3n de espadas japonesas para sus entrenamientos, pero tambi\u00e9n para decoraci\u00f3n.<\/p>\n<p>Lo primero y m\u00e1s importante,<\/p>\n<ul>\n<li>Katana de drag\u00f3n forjada para principiantes.<\/li>\n<li>Pero tambi\u00e9n la <a href=\"https:\/\/repliquemangacine.fr\/es\/katanas-el-ultimo-samurai\/katana-forja-al-ultimo-samurai\/\">katana de Nathan Algren<\/a> en la pel\u00edcula El \u00faltimo samur\u00e1i.<\/li>\n<li>Y muchos m\u00e1s por descubrir en nuestra tienda en l\u00ednea.<\/li>\n<\/ul>\n<p>Por eso, esta es una idea estupenda para regalar a los amantes de las artes marciales.<\/p>\n<p>En conclusi\u00f3n, tambi\u00e9n puede utilizar este <strong>Katana forjada Justicia Fudoshin<\/strong> para su primer corte, o para su colecci\u00f3n. Pero sobre todo, esta Katana Fudoshin es tambi\u00e9n una pieza de colecci\u00f3n y una pieza decorativa.<\/p>\n<h2>\u00bfC\u00f3mo se mantiene la hoja de la katana?<\/h2>\n<p>Las katanas de colecci\u00f3n y decorativas se fabrican y ensamblan de forma simplificada. Al ser de uso decorativo, no cuentan con los elementos de seguridad necesarios para una espada japonesa destinada al entrenamiento.<\/p>\n<p>Sin embargo, su <strong>Katana forjada Justice Fudoshin<\/strong> una hoja de acero que hay que cuidar para evitar que se da\u00f1e con el tiempo. De hecho, vas a exponer tu katana, tus amigos sentir\u00e1n curiosidad por ver la hoja y tocarla. Ah\u00ed es donde hay que tener cuidado, hay que saber que la acidez de los dedos es muy perjudicial para el acero, independientemente de su calidad.<\/p>\n<p>Sin embargo, si esto ocurre, no se asuste, simplemente utilice un pa\u00f1o humedecido con un poco de aceite y limpie las huellas dactilares. Si haces esto, tu espada durar\u00e1 mucho tiempo.<\/p>","protected":false},"excerpt":{"rendered":"<p>Elaborada artesanalmente, esta sublime katana ha sido forjada a mano con la t\u00e9cnica del maestro Masahiro.<\/p>\n<ul>\n<li>Hoja cortante de acero 1045 forjado.<\/li>\n<li>Forja Maru. Dureza: 60 HRC\/40 HRC<\/li>\n<li>Arcilla Hamon, calidad japonesa.<\/li>\n<li>Una verdadera l\u00ednea de templado.<\/li>\n<li>Vaina lacada en negro.<\/li>\n<li>Tsuka cubierto de trenza de algod\u00f3n negro.<\/li>\n<li>Tsuba de acero.<\/li>\n<li>Desmontable para mantenimiento.<\/li>\n<li>Malet\u00edn de transporte con tapa, soporte y kit de mantenimiento<\/li>\n<li>Certificado de autenticidad<\/li>\n<li>Longitud de la hoja: 70 cm - Longitud total: 102 cm<\/li>\n<\/ul>","protected":false},"featured_media":61241,"template":"","meta":[],"product_brand":[896],"product_cat":[26,38],"product_tag":[],"class_list":{"0":"post-61240","1":"product","2":"type-product","3":"status-publish","4":"has-post-thumbnail","6":"product_brand-replique-manga-cine","7":"product_cat-katana-epee","8":"product_cat-katana-forge","10":"first","11":"instock","12":"taxable","13":"shipping-taxable","14":"purchasable","15":"product-type-simple"},"yoast_head":"<!-- This site is optimized with the Yoast SEO plugin v27.4 - https:\/\/yoast.com\/product\/yoast-seo-wordpress\/ -->\n<title>Katana forg\u00e9 Justice Fudoshin - Vente katana japonais - RMC<\/title>\n<meta name=\"description\" content=\"Offrez-lui ce superbe Katana forg\u00e9 Justice Fudoshin au meilleur prix. Lame tranchante en acier 1045 Maru. Coffret de transport, housse, support, kit ent....\" \/>\n<meta name=\"robots\" content=\"index, follow, max-snippet:-1, max-image-preview:large, max-video-preview:-1\" \/>\n<link rel=\"canonical\" href=\"https:\/\/repliquemangacine.fr\/es\/forja-de-katanas\/katana-forja-justicia-fudoshin\/\" \/>\n<meta property=\"og:locale\" content=\"es_ES\" \/>\n<meta property=\"og:type\" content=\"article\" \/>\n<meta property=\"og:title\" content=\"Katana forg\u00e9 Justice Fudoshin - Vente katana japonais - RMC\" \/>\n<meta property=\"og:description\" content=\"Offrez-lui ce superbe Katana forg\u00e9 Justice Fudoshin au meilleur prix. Lame tranchante en acier 1045 Maru. Coffret de transport, housse, support, kit ent....\" \/>\n<meta property=\"og:url\" content=\"https:\/\/repliquemangacine.fr\/es\/forja-de-katanas\/katana-forja-justicia-fudoshin\/\" \/>\n<meta property=\"og:site_name\" content=\"R\u00e9plique Manga Cin\u00e9\" \/>\n<meta property=\"article:publisher\" content=\"https:\/\/www.facebook.com\/RepliqueMangaCine\" \/>\n<meta property=\"article:modified_time\" content=\"2025-11-18T21:16:02+00:00\" \/>\n<meta property=\"og:image\" content=\"https:\/\/repliquemangacine.fr\/wp-content\/uploads\/2023\/10\/k300.jpg\" \/>\n\t<meta property=\"og:image:width\" content=\"500\" \/>\n\t<meta property=\"og:image:height\" content=\"500\" \/>\n\t<meta property=\"og:image:type\" content=\"image\/jpeg\" \/>\n<meta name=\"twitter:card\" content=\"summary_large_image\" \/>\n<meta name=\"twitter:label1\" content=\"Tiempo de lectura\" \/>\n\t<meta name=\"twitter:data1\" content=\"3 minutos\" \/>\n<script type=\"application\/ld+json\" class=\"yoast-schema-graph\">{\"@context\":\"https:\\\/\\\/schema.org\",\"@graph\":[{\"@type\":\"WebPage\",\"@id\":\"https:\\\/\\\/repliquemangacine.fr\\\/katana-forge\\\/katana-forge-justice-fudoshin\\\/\",\"url\":\"https:\\\/\\\/repliquemangacine.fr\\\/katana-forge\\\/katana-forge-justice-fudoshin\\\/\",\"name\":\"Katana forg\u00e9 Justice Fudoshin - Vente katana japonais - RMC\",\"isPartOf\":{\"@id\":\"https:\\\/\\\/repliquemangacine.fr\\\/#website\"},\"primaryImageOfPage\":{\"@id\":\"https:\\\/\\\/repliquemangacine.fr\\\/katana-forge\\\/katana-forge-justice-fudoshin\\\/#primaryimage\"},\"image\":{\"@id\":\"https:\\\/\\\/repliquemangacine.fr\\\/katana-forge\\\/katana-forge-justice-fudoshin\\\/#primaryimage\"},\"thumbnailUrl\":\"https:\\\/\\\/repliquemangacine.fr\\\/wp-content\\\/uploads\\\/2023\\\/10\\\/k300.jpg\",\"datePublished\":\"2023-06-27T16:33:52+00:00\",\"dateModified\":\"2025-11-18T21:16:02+00:00\",\"description\":\"Offrez-lui ce superbe Katana forg\u00e9 Justice Fudoshin au meilleur prix. Lame tranchante en acier 1045 Maru. Coffret de transport, housse, support, kit ent....\",\"breadcrumb\":{\"@id\":\"https:\\\/\\\/repliquemangacine.fr\\\/katana-forge\\\/katana-forge-justice-fudoshin\\\/#breadcrumb\"},\"inLanguage\":\"es\",\"potentialAction\":[{\"@type\":\"ReadAction\",\"target\":[\"https:\\\/\\\/repliquemangacine.fr\\\/katana-forge\\\/katana-forge-justice-fudoshin\\\/\"]}]},{\"@type\":\"ImageObject\",\"inLanguage\":\"es\",\"@id\":\"https:\\\/\\\/repliquemangacine.fr\\\/katana-forge\\\/katana-forge-justice-fudoshin\\\/#primaryimage\",\"url\":\"https:\\\/\\\/repliquemangacine.fr\\\/wp-content\\\/uploads\\\/2023\\\/10\\\/k300.jpg\",\"contentUrl\":\"https:\\\/\\\/repliquemangacine.fr\\\/wp-content\\\/uploads\\\/2023\\\/10\\\/k300.jpg\",\"width\":500,\"height\":500,\"caption\":\"Katana Forg\u00e9 Justice Fudoshin\"},{\"@type\":\"BreadcrumbList\",\"@id\":\"https:\\\/\\\/repliquemangacine.fr\\\/katana-forge\\\/katana-forge-justice-fudoshin\\\/#breadcrumb\",\"itemListElement\":[{\"@type\":\"ListItem\",\"position\":1,\"name\":\"Accueil\",\"item\":\"https:\\\/\\\/repliquemangacine.fr\\\/\"},{\"@type\":\"ListItem\",\"position\":2,\"name\":\"Produits\",\"item\":\"https:\\\/\\\/repliquemangacine.fr\\\/boutique\\\/\"},{\"@type\":\"ListItem\",\"position\":3,\"name\":\"Katana forg\u00e9 Justice Fudoshin\"}]},{\"@type\":\"WebSite\",\"@id\":\"https:\\\/\\\/repliquemangacine.fr\\\/#website\",\"url\":\"https:\\\/\\\/repliquemangacine.fr\\\/\",\"name\":\"R\u00e9plique Manga Cin\u00e9\",\"description\":\"\",\"publisher\":{\"@id\":\"https:\\\/\\\/repliquemangacine.fr\\\/#organization\"},\"potentialAction\":[{\"@type\":\"SearchAction\",\"target\":{\"@type\":\"EntryPoint\",\"urlTemplate\":\"https:\\\/\\\/repliquemangacine.fr\\\/?s={search_term_string}\"},\"query-input\":{\"@type\":\"PropertyValueSpecification\",\"valueRequired\":true,\"valueName\":\"search_term_string\"}}],\"inLanguage\":\"es\"},{\"@type\":\"Organization\",\"@id\":\"https:\\\/\\\/repliquemangacine.fr\\\/#organization\",\"name\":\"R\u00e9plique Manga Cin\u00e9\",\"url\":\"https:\\\/\\\/repliquemangacine.fr\\\/\",\"logo\":{\"@type\":\"ImageObject\",\"inLanguage\":\"es\",\"@id\":\"https:\\\/\\\/repliquemangacine.fr\\\/#\\\/schema\\\/logo\\\/image\\\/\",\"url\":\"https:\\\/\\\/repliquemangacine.fr\\\/wp-content\\\/uploads\\\/2023\\\/10\\\/RMC-500250.png\",\"contentUrl\":\"https:\\\/\\\/repliquemangacine.fr\\\/wp-content\\\/uploads\\\/2023\\\/10\\\/RMC-500250.png\",\"width\":500,\"height\":250,\"caption\":\"R\u00e9plique Manga Cin\u00e9\"},\"image\":{\"@id\":\"https:\\\/\\\/repliquemangacine.fr\\\/#\\\/schema\\\/logo\\\/image\\\/\"},\"sameAs\":[\"https:\\\/\\\/www.facebook.com\\\/RepliqueMangaCine\",\"https:\\\/\\\/www.instagram.com\\\/repliquemangacine.fr\\\/\"]}]}<\/script>\n<!-- \/ Yoast SEO plugin. -->","yoast_head_json":{"title":"Justicia Fudoshin forjado katana - katana japonesa para la venta - RMC","description":"Ofr\u00e9zcale esta magn\u00edfica Katana forjada Justice Fudoshin al mejor precio. Hoja afilada en acero Maru 1045. Estuche, funda, soporte, kit incluido....","robots":{"index":"index","follow":"follow","max-snippet":"max-snippet:-1","max-image-preview":"max-image-preview:large","max-video-preview":"max-video-preview:-1"},"canonical":"https:\/\/repliquemangacine.fr\/es\/forja-de-katanas\/katana-forja-justicia-fudoshin\/","og_locale":"es_ES","og_type":"article","og_title":"Katana forg\u00e9 Justice Fudoshin - Vente katana japonais - RMC","og_description":"Offrez-lui ce superbe Katana forg\u00e9 Justice Fudoshin au meilleur prix. Lame tranchante en acier 1045 Maru. Coffret de transport, housse, support, kit ent....","og_url":"https:\/\/repliquemangacine.fr\/es\/forja-de-katanas\/katana-forja-justicia-fudoshin\/","og_site_name":"R\u00e9plique Manga Cin\u00e9","article_publisher":"https:\/\/www.facebook.com\/RepliqueMangaCine","article_modified_time":"2025-11-18T21:16:02+00:00","og_image":[{"width":500,"height":500,"url":"https:\/\/repliquemangacine.fr\/wp-content\/uploads\/2023\/10\/k300.jpg","type":"image\/jpeg"}],"twitter_card":"summary_large_image","twitter_misc":{"Tiempo de lectura":"3 minutos"},"schema":{"@context":"https:\/\/schema.org","@graph":[{"@type":"WebPage","@id":"https:\/\/repliquemangacine.fr\/katana-forge\/katana-forge-justice-fudoshin\/","url":"https:\/\/repliquemangacine.fr\/katana-forge\/katana-forge-justice-fudoshin\/","name":"Justicia Fudoshin forjado katana - katana japonesa para la venta - RMC","isPartOf":{"@id":"https:\/\/repliquemangacine.fr\/#website"},"primaryImageOfPage":{"@id":"https:\/\/repliquemangacine.fr\/katana-forge\/katana-forge-justice-fudoshin\/#primaryimage"},"image":{"@id":"https:\/\/repliquemangacine.fr\/katana-forge\/katana-forge-justice-fudoshin\/#primaryimage"},"thumbnailUrl":"https:\/\/repliquemangacine.fr\/wp-content\/uploads\/2023\/10\/k300.jpg","datePublished":"2023-06-27T16:33:52+00:00","dateModified":"2025-11-18T21:16:02+00:00","description":"Ofr\u00e9zcale esta magn\u00edfica Katana forjada Justice Fudoshin al mejor precio. Hoja afilada en acero Maru 1045. Estuche, funda, soporte, kit incluido....","breadcrumb":{"@id":"https:\/\/repliquemangacine.fr\/katana-forge\/katana-forge-justice-fudoshin\/#breadcrumb"},"inLanguage":"es","potentialAction":[{"@type":"ReadAction","target":["https:\/\/repliquemangacine.fr\/katana-forge\/katana-forge-justice-fudoshin\/"]}]},{"@type":"ImageObject","inLanguage":"es","@id":"https:\/\/repliquemangacine.fr\/katana-forge\/katana-forge-justice-fudoshin\/#primaryimage","url":"https:\/\/repliquemangacine.fr\/wp-content\/uploads\/2023\/10\/k300.jpg","contentUrl":"https:\/\/repliquemangacine.fr\/wp-content\/uploads\/2023\/10\/k300.jpg","width":500,"height":500,"caption":"Katana Forg\u00e9 Justice Fudoshin"},{"@type":"BreadcrumbList","@id":"https:\/\/repliquemangacine.fr\/katana-forge\/katana-forge-justice-fudoshin\/#breadcrumb","itemListElement":[{"@type":"ListItem","position":1,"name":"Accueil","item":"https:\/\/repliquemangacine.fr\/"},{"@type":"ListItem","position":2,"name":"Produits","item":"https:\/\/repliquemangacine.fr\/boutique\/"},{"@type":"ListItem","position":3,"name":"Katana forg\u00e9 Justice Fudoshin"}]},{"@type":"WebSite","@id":"https:\/\/repliquemangacine.fr\/#website","url":"https:\/\/repliquemangacine.fr\/","name":"R\u00e9plique Manga Cin\u00e9","description":"","publisher":{"@id":"https:\/\/repliquemangacine.fr\/#organization"},"potentialAction":[{"@type":"SearchAction","target":{"@type":"EntryPoint","urlTemplate":"https:\/\/repliquemangacine.fr\/?s={search_term_string}"},"query-input":{"@type":"PropertyValueSpecification","valueRequired":true,"valueName":"search_term_string"}}],"inLanguage":"es"},{"@type":"Organization","@id":"https:\/\/repliquemangacine.fr\/#organization","name":"R\u00e9plique Manga Cin\u00e9","url":"https:\/\/repliquemangacine.fr\/","logo":{"@type":"ImageObject","inLanguage":"es","@id":"https:\/\/repliquemangacine.fr\/#\/schema\/logo\/image\/","url":"https:\/\/repliquemangacine.fr\/wp-content\/uploads\/2023\/10\/RMC-500250.png","contentUrl":"https:\/\/repliquemangacine.fr\/wp-content\/uploads\/2023\/10\/RMC-500250.png","width":500,"height":250,"caption":"R\u00e9plique Manga Cin\u00e9"},"image":{"@id":"https:\/\/repliquemangacine.fr\/#\/schema\/logo\/image\/"},"sameAs":["https:\/\/www.facebook.com\/RepliqueMangaCine","https:\/\/www.instagram.com\/repliquemangacine.fr\/"]}]}},"_links":{"self":[{"href":"https:\/\/repliquemangacine.fr\/es\/wp-json\/wp\/v2\/product\/61240","targetHints":{"allow":["GET"]}}],"collection":[{"href":"https:\/\/repliquemangacine.fr\/es\/wp-json\/wp\/v2\/product"}],"about":[{"href":"https:\/\/repliquemangacine.fr\/es\/wp-json\/wp\/v2\/types\/product"}],"wp:featuredmedia":[{"embeddable":true,"href":"https:\/\/repliquemangacine.fr\/es\/wp-json\/wp\/v2\/media\/61241"}],"wp:attachment":[{"href":"https:\/\/repliquemangacine.fr\/es\/wp-json\/wp\/v2\/media?parent=61240"}],"wp:term":[{"taxonomy":"product_brand","embeddable":true,"href":"https:\/\/repliquemangacine.fr\/es\/wp-json\/wp\/v2\/product_brand?post=61240"},{"taxonomy":"product_cat","embeddable":true,"href":"https:\/\/repliquemangacine.fr\/es\/wp-json\/wp\/v2\/product_cat?post=61240"},{"taxonomy":"product_tag","embeddable":true,"href":"https:\/\/repliquemangacine.fr\/es\/wp-json\/wp\/v2\/product_tag?post=61240"}],"curies":[{"name":"wp","href":"https:\/\/api.w.org\/{rel}","templated":true}]}}