





{"id":61199,"date":"2023-06-26T18:29:11","date_gmt":"2023-06-26T16:29:11","guid":{"rendered":"https:\/\/repliquemangacine.fr\/?post_type=product&#038;p=61199"},"modified":"2025-12-03T21:21:32","modified_gmt":"2025-12-03T20:21:32","slug":"varita-oficial-de-hermione-granger","status":"publish","type":"product","link":"https:\/\/repliquemangacine.fr\/es\/baguettes-personnages-harry-potter\/baguette-officielle-hermione-granger\/","title":{"rendered":"Varita oficial Hermione Granger"},"content":{"rendered":"<h2>Varita Oficial Hermione Granger - Colecci\u00f3n Noble<\/h2>\n<p>Para empezar, el <strong>Varita oficial Hermione Granger<\/strong> la marca <a href=\"https:\/\/noblecollection.fr\/baguette-hermione-granger-p-637.html\" target=\"_blank\" rel=\"noopener noreferrer\">Colecci\u00f3n Noble<\/a>, est\u00e1 fabricado con materiales de alta calidad.<\/p>\n<p>Hermione Granger naci\u00f3 el 19 de septiembre de 1979, hija de padres muggles que eran dentistas. Es una estudiante brillante, una joven generosa y muy sensible. Es muy estudiosa y le encanta leer.<\/p>\n<p>Hermione es uno de los personajes principales de la saga Harry Potter. Conoce a Harry Potter y Ron Weasley por primera vez en el Expreso de Hogwarts. El tr\u00edo se vuelve r\u00e1pidamente inseparable.<\/p>\n<p>Cabe destacar que Ron y ella suelen pasar el tiempo discutiendo como perros y gatos. De hecho, ella incluso le lanza un hechizo a Ron, Oppugno, simplemente por celos.<\/p>\n<h2>Tu Varita Oficial Hermione Granger al mejor precio.<\/h2>\n<p>Le ofrecemos una amplia selecci\u00f3n de varitas Ollivander de la saga Harry Potter.<\/p>\n<p>Lo primero y m\u00e1s importante,<\/p>\n<ul>\n<li>La <a href=\"https:\/\/repliquemangacine.fr\/es\/varitas-de-harry-potter\/varita-oficial-de-harry-potter\/\">Varita de Harry Potter<\/a> su amigo de toda la vida. Versi\u00f3n no oficial disponible<\/li>\n<li>As\u00ed como el <a href=\"https:\/\/repliquemangacine.fr\/es\/varitas-de-harry-potter\/varita-de-ron-weasley-con-nucleo-metalico-de-alta-calidad\/\">La varita de Ron Weasley<\/a>su amigo y luego el padre de sus dos hijos.<\/li>\n<li>Y muchos m\u00e1s por descubrir en nuestra tienda en l\u00ednea.<\/li>\n<\/ul>\n<p>Por eso, aqu\u00ed tienes una idea estupenda para regalar a todos los fans de Harry Potter.<\/p>\n<p>En conclusi\u00f3n, tambi\u00e9n puede utilizar este <strong>Varita oficial Hermione Granger<\/strong> para tus cosplays o fiestas tem\u00e1ticas. Pero, ante todo, es una pieza de colecci\u00f3n y decoraci\u00f3n.<\/p>\n<p>R\u00e9plique Manga Cin\u00e9 es una empresa familiar francesa.<\/p>\n<h2>\u00bfC\u00f3mo se fabrican las varitas de los brujos?<\/h2>\n<p>Una varita m\u00e1gica es un objeto compuesto por dos elementos variables: una madera, que suele proceder de un \u00e1rbol, y lo que se conoce como el n\u00facleo de la varita, que puede proceder de diversas criaturas o plantas m\u00e1gicas. Es una herramienta utilizada por brujos y brujas para afinar sus hechizos y obtener mejores resultados cuando emplean la magia.<\/p>\n<p>Fabricadas en resina moldeada. Su <strong>Varita oficial Hermione Granger<\/strong> Pintada a mano para ofrecerte una experiencia m\u00e1s realista.<\/p>\n<p>Cabe destacar que la mayor\u00eda de los magos compran su varita a los once a\u00f1os, antes de comenzar su educaci\u00f3n m\u00e1gica. Los j\u00f3venes magos pueden ir a comprar su varita ellos mismos a una tienda especializada; los estudiantes brit\u00e1nicos suelen acudir a Ollivander.<\/p>","protected":false},"excerpt":{"rendered":"<p>Varita oficial de Hermione Granger bajo licencia oficial de The Noble Collection.<\/p>\n<ul>\n<li>Todo en resina.<\/li>\n<li>Pintado a mano<\/li>\n<li>Caja de la colecci\u00f3n \"Personajes\".<\/li>\n<li>Placa con nombre y clip de presentaci\u00f3n.<\/li>\n<li>Producto bajo licencia oficial Harry PotterTM<\/li>\n<li>Longitud: 38 cm<\/li>\n<\/ul>","protected":false},"featured_media":61200,"template":"","meta":[],"product_brand":[896],"product_cat":[80,24,41],"product_tag":[],"class_list":{"0":"post-61199","1":"product","2":"type-product","3":"status-publish","4":"has-post-thumbnail","6":"product_brand-replique-manga-cine","7":"product_cat-baguettes-personnages-harry-potter","8":"product_cat-films-series-tv-vente-de-katana-epee-et-produits-derives","9":"product_cat-baguettes-et-goodies-harry-potter","11":"first","12":"instock","13":"taxable","14":"shipping-taxable","15":"purchasable","16":"product-type-simple"},"yoast_head":"<!-- This site is optimized with the Yoast SEO plugin v27.4 - https:\/\/yoast.com\/product\/yoast-seo-wordpress\/ -->\n<title>Baguette officielle Hermione Granger - Noble Collection - RMC<\/title>\n<meta name=\"description\" content=\"Offre-lui ! Cette superbe Baguette officielle Hermione Granger de Noble Collection au meilleur prix. Tout en r\u00e9sine moul\u00e9e \u2013 Plaque nominative - 38 cm\" \/>\n<meta name=\"robots\" content=\"index, follow, max-snippet:-1, max-image-preview:large, max-video-preview:-1\" \/>\n<link rel=\"canonical\" href=\"https:\/\/repliquemangacine.fr\/es\/varitas-de-personajes-de-harry-potter\/varita-oficial-de-hermione-granger\/\" \/>\n<meta property=\"og:locale\" content=\"es_ES\" \/>\n<meta property=\"og:type\" content=\"article\" \/>\n<meta property=\"og:title\" content=\"Baguette officielle Hermione Granger - Noble Collection - RMC\" \/>\n<meta property=\"og:description\" content=\"Offre-lui ! Cette superbe Baguette officielle Hermione Granger de Noble Collection au meilleur prix. Tout en r\u00e9sine moul\u00e9e \u2013 Plaque nominative - 38 cm\" \/>\n<meta property=\"og:url\" content=\"https:\/\/repliquemangacine.fr\/es\/varitas-de-personajes-de-harry-potter\/varita-oficial-de-hermione-granger\/\" \/>\n<meta property=\"og:site_name\" content=\"R\u00e9plique Manga Cin\u00e9\" \/>\n<meta property=\"article:publisher\" content=\"https:\/\/www.facebook.com\/RepliqueMangaCine\" \/>\n<meta property=\"article:modified_time\" content=\"2025-12-03T20:21:32+00:00\" \/>\n<meta property=\"og:image\" content=\"https:\/\/repliquemangacine.fr\/wp-content\/uploads\/2023\/10\/baguette-officielle-hermione-granger.jpg\" \/>\n\t<meta property=\"og:image:width\" content=\"500\" \/>\n\t<meta property=\"og:image:height\" content=\"500\" \/>\n\t<meta property=\"og:image:type\" content=\"image\/jpeg\" \/>\n<meta name=\"twitter:card\" content=\"summary_large_image\" \/>\n<meta name=\"twitter:label1\" content=\"Tiempo de lectura\" \/>\n\t<meta name=\"twitter:data1\" content=\"3 minutos\" \/>\n<script type=\"application\/ld+json\" class=\"yoast-schema-graph\">{\"@context\":\"https:\\\/\\\/schema.org\",\"@graph\":[{\"@type\":\"WebPage\",\"@id\":\"https:\\\/\\\/repliquemangacine.fr\\\/baguettes-personnages-harry-potter\\\/baguette-officielle-hermione-granger\\\/\",\"url\":\"https:\\\/\\\/repliquemangacine.fr\\\/baguettes-personnages-harry-potter\\\/baguette-officielle-hermione-granger\\\/\",\"name\":\"Baguette officielle Hermione Granger - Noble Collection - RMC\",\"isPartOf\":{\"@id\":\"https:\\\/\\\/repliquemangacine.fr\\\/#website\"},\"primaryImageOfPage\":{\"@id\":\"https:\\\/\\\/repliquemangacine.fr\\\/baguettes-personnages-harry-potter\\\/baguette-officielle-hermione-granger\\\/#primaryimage\"},\"image\":{\"@id\":\"https:\\\/\\\/repliquemangacine.fr\\\/baguettes-personnages-harry-potter\\\/baguette-officielle-hermione-granger\\\/#primaryimage\"},\"thumbnailUrl\":\"https:\\\/\\\/repliquemangacine.fr\\\/wp-content\\\/uploads\\\/2023\\\/10\\\/baguette-officielle-hermione-granger.jpg\",\"datePublished\":\"2023-06-26T16:29:11+00:00\",\"dateModified\":\"2025-12-03T20:21:32+00:00\",\"description\":\"Offre-lui ! Cette superbe Baguette officielle Hermione Granger de Noble Collection au meilleur prix. Tout en r\u00e9sine moul\u00e9e \u2013 Plaque nominative - 38 cm\",\"breadcrumb\":{\"@id\":\"https:\\\/\\\/repliquemangacine.fr\\\/baguettes-personnages-harry-potter\\\/baguette-officielle-hermione-granger\\\/#breadcrumb\"},\"inLanguage\":\"es\",\"potentialAction\":[{\"@type\":\"ReadAction\",\"target\":[\"https:\\\/\\\/repliquemangacine.fr\\\/baguettes-personnages-harry-potter\\\/baguette-officielle-hermione-granger\\\/\"]}]},{\"@type\":\"ImageObject\",\"inLanguage\":\"es\",\"@id\":\"https:\\\/\\\/repliquemangacine.fr\\\/baguettes-personnages-harry-potter\\\/baguette-officielle-hermione-granger\\\/#primaryimage\",\"url\":\"https:\\\/\\\/repliquemangacine.fr\\\/wp-content\\\/uploads\\\/2023\\\/10\\\/baguette-officielle-hermione-granger.jpg\",\"contentUrl\":\"https:\\\/\\\/repliquemangacine.fr\\\/wp-content\\\/uploads\\\/2023\\\/10\\\/baguette-officielle-hermione-granger.jpg\",\"width\":500,\"height\":500,\"caption\":\"Baguette officielle Hermione Granger\"},{\"@type\":\"BreadcrumbList\",\"@id\":\"https:\\\/\\\/repliquemangacine.fr\\\/baguettes-personnages-harry-potter\\\/baguette-officielle-hermione-granger\\\/#breadcrumb\",\"itemListElement\":[{\"@type\":\"ListItem\",\"position\":1,\"name\":\"Accueil\",\"item\":\"https:\\\/\\\/repliquemangacine.fr\\\/\"},{\"@type\":\"ListItem\",\"position\":2,\"name\":\"Produits\",\"item\":\"https:\\\/\\\/repliquemangacine.fr\\\/boutique\\\/\"},{\"@type\":\"ListItem\",\"position\":3,\"name\":\"Baguette officielle Hermione Granger\"}]},{\"@type\":\"WebSite\",\"@id\":\"https:\\\/\\\/repliquemangacine.fr\\\/#website\",\"url\":\"https:\\\/\\\/repliquemangacine.fr\\\/\",\"name\":\"R\u00e9plique Manga Cin\u00e9\",\"description\":\"\",\"publisher\":{\"@id\":\"https:\\\/\\\/repliquemangacine.fr\\\/#organization\"},\"potentialAction\":[{\"@type\":\"SearchAction\",\"target\":{\"@type\":\"EntryPoint\",\"urlTemplate\":\"https:\\\/\\\/repliquemangacine.fr\\\/?s={search_term_string}\"},\"query-input\":{\"@type\":\"PropertyValueSpecification\",\"valueRequired\":true,\"valueName\":\"search_term_string\"}}],\"inLanguage\":\"es\"},{\"@type\":\"Organization\",\"@id\":\"https:\\\/\\\/repliquemangacine.fr\\\/#organization\",\"name\":\"R\u00e9plique Manga Cin\u00e9\",\"url\":\"https:\\\/\\\/repliquemangacine.fr\\\/\",\"logo\":{\"@type\":\"ImageObject\",\"inLanguage\":\"es\",\"@id\":\"https:\\\/\\\/repliquemangacine.fr\\\/#\\\/schema\\\/logo\\\/image\\\/\",\"url\":\"https:\\\/\\\/repliquemangacine.fr\\\/wp-content\\\/uploads\\\/2023\\\/10\\\/RMC-500250.png\",\"contentUrl\":\"https:\\\/\\\/repliquemangacine.fr\\\/wp-content\\\/uploads\\\/2023\\\/10\\\/RMC-500250.png\",\"width\":500,\"height\":250,\"caption\":\"R\u00e9plique Manga Cin\u00e9\"},\"image\":{\"@id\":\"https:\\\/\\\/repliquemangacine.fr\\\/#\\\/schema\\\/logo\\\/image\\\/\"},\"sameAs\":[\"https:\\\/\\\/www.facebook.com\\\/RepliqueMangaCine\",\"https:\\\/\\\/www.instagram.com\\\/repliquemangacine.fr\\\/\"]}]}<\/script>\n<!-- \/ Yoast SEO plugin. -->","yoast_head_json":{"title":"Varita Oficial Hermione Granger - Colecci\u00f3n Noble - RMC","description":"\u00a1Reg\u00e1lasela! Esta magn\u00edfica varita oficial Hermione Granger de Noble Collection al mejor precio. Resina moldeada - Placa con nombre - 38 cm","robots":{"index":"index","follow":"follow","max-snippet":"max-snippet:-1","max-image-preview":"max-image-preview:large","max-video-preview":"max-video-preview:-1"},"canonical":"https:\/\/repliquemangacine.fr\/es\/varitas-de-personajes-de-harry-potter\/varita-oficial-de-hermione-granger\/","og_locale":"es_ES","og_type":"article","og_title":"Baguette officielle Hermione Granger - Noble Collection - RMC","og_description":"Offre-lui ! Cette superbe Baguette officielle Hermione Granger de Noble Collection au meilleur prix. Tout en r\u00e9sine moul\u00e9e \u2013 Plaque nominative - 38 cm","og_url":"https:\/\/repliquemangacine.fr\/es\/varitas-de-personajes-de-harry-potter\/varita-oficial-de-hermione-granger\/","og_site_name":"R\u00e9plique Manga Cin\u00e9","article_publisher":"https:\/\/www.facebook.com\/RepliqueMangaCine","article_modified_time":"2025-12-03T20:21:32+00:00","og_image":[{"width":500,"height":500,"url":"https:\/\/repliquemangacine.fr\/wp-content\/uploads\/2023\/10\/baguette-officielle-hermione-granger.jpg","type":"image\/jpeg"}],"twitter_card":"summary_large_image","twitter_misc":{"Tiempo de lectura":"3 minutos"},"schema":{"@context":"https:\/\/schema.org","@graph":[{"@type":"WebPage","@id":"https:\/\/repliquemangacine.fr\/baguettes-personnages-harry-potter\/baguette-officielle-hermione-granger\/","url":"https:\/\/repliquemangacine.fr\/baguettes-personnages-harry-potter\/baguette-officielle-hermione-granger\/","name":"Varita Oficial Hermione Granger - Colecci\u00f3n Noble - RMC","isPartOf":{"@id":"https:\/\/repliquemangacine.fr\/#website"},"primaryImageOfPage":{"@id":"https:\/\/repliquemangacine.fr\/baguettes-personnages-harry-potter\/baguette-officielle-hermione-granger\/#primaryimage"},"image":{"@id":"https:\/\/repliquemangacine.fr\/baguettes-personnages-harry-potter\/baguette-officielle-hermione-granger\/#primaryimage"},"thumbnailUrl":"https:\/\/repliquemangacine.fr\/wp-content\/uploads\/2023\/10\/baguette-officielle-hermione-granger.jpg","datePublished":"2023-06-26T16:29:11+00:00","dateModified":"2025-12-03T20:21:32+00:00","description":"\u00a1Reg\u00e1lasela! Esta magn\u00edfica varita oficial Hermione Granger de Noble Collection al mejor precio. Resina moldeada - Placa con nombre - 38 cm","breadcrumb":{"@id":"https:\/\/repliquemangacine.fr\/baguettes-personnages-harry-potter\/baguette-officielle-hermione-granger\/#breadcrumb"},"inLanguage":"es","potentialAction":[{"@type":"ReadAction","target":["https:\/\/repliquemangacine.fr\/baguettes-personnages-harry-potter\/baguette-officielle-hermione-granger\/"]}]},{"@type":"ImageObject","inLanguage":"es","@id":"https:\/\/repliquemangacine.fr\/baguettes-personnages-harry-potter\/baguette-officielle-hermione-granger\/#primaryimage","url":"https:\/\/repliquemangacine.fr\/wp-content\/uploads\/2023\/10\/baguette-officielle-hermione-granger.jpg","contentUrl":"https:\/\/repliquemangacine.fr\/wp-content\/uploads\/2023\/10\/baguette-officielle-hermione-granger.jpg","width":500,"height":500,"caption":"Baguette officielle Hermione Granger"},{"@type":"BreadcrumbList","@id":"https:\/\/repliquemangacine.fr\/baguettes-personnages-harry-potter\/baguette-officielle-hermione-granger\/#breadcrumb","itemListElement":[{"@type":"ListItem","position":1,"name":"Accueil","item":"https:\/\/repliquemangacine.fr\/"},{"@type":"ListItem","position":2,"name":"Produits","item":"https:\/\/repliquemangacine.fr\/boutique\/"},{"@type":"ListItem","position":3,"name":"Baguette officielle Hermione Granger"}]},{"@type":"WebSite","@id":"https:\/\/repliquemangacine.fr\/#website","url":"https:\/\/repliquemangacine.fr\/","name":"R\u00e9plique Manga Cin\u00e9","description":"","publisher":{"@id":"https:\/\/repliquemangacine.fr\/#organization"},"potentialAction":[{"@type":"SearchAction","target":{"@type":"EntryPoint","urlTemplate":"https:\/\/repliquemangacine.fr\/?s={search_term_string}"},"query-input":{"@type":"PropertyValueSpecification","valueRequired":true,"valueName":"search_term_string"}}],"inLanguage":"es"},{"@type":"Organization","@id":"https:\/\/repliquemangacine.fr\/#organization","name":"R\u00e9plique Manga Cin\u00e9","url":"https:\/\/repliquemangacine.fr\/","logo":{"@type":"ImageObject","inLanguage":"es","@id":"https:\/\/repliquemangacine.fr\/#\/schema\/logo\/image\/","url":"https:\/\/repliquemangacine.fr\/wp-content\/uploads\/2023\/10\/RMC-500250.png","contentUrl":"https:\/\/repliquemangacine.fr\/wp-content\/uploads\/2023\/10\/RMC-500250.png","width":500,"height":250,"caption":"R\u00e9plique Manga Cin\u00e9"},"image":{"@id":"https:\/\/repliquemangacine.fr\/#\/schema\/logo\/image\/"},"sameAs":["https:\/\/www.facebook.com\/RepliqueMangaCine","https:\/\/www.instagram.com\/repliquemangacine.fr\/"]}]}},"_links":{"self":[{"href":"https:\/\/repliquemangacine.fr\/es\/wp-json\/wp\/v2\/product\/61199","targetHints":{"allow":["GET"]}}],"collection":[{"href":"https:\/\/repliquemangacine.fr\/es\/wp-json\/wp\/v2\/product"}],"about":[{"href":"https:\/\/repliquemangacine.fr\/es\/wp-json\/wp\/v2\/types\/product"}],"wp:featuredmedia":[{"embeddable":true,"href":"https:\/\/repliquemangacine.fr\/es\/wp-json\/wp\/v2\/media\/61200"}],"wp:attachment":[{"href":"https:\/\/repliquemangacine.fr\/es\/wp-json\/wp\/v2\/media?parent=61199"}],"wp:term":[{"taxonomy":"product_brand","embeddable":true,"href":"https:\/\/repliquemangacine.fr\/es\/wp-json\/wp\/v2\/product_brand?post=61199"},{"taxonomy":"product_cat","embeddable":true,"href":"https:\/\/repliquemangacine.fr\/es\/wp-json\/wp\/v2\/product_cat?post=61199"},{"taxonomy":"product_tag","embeddable":true,"href":"https:\/\/repliquemangacine.fr\/es\/wp-json\/wp\/v2\/product_tag?post=61199"}],"curies":[{"name":"wp","href":"https:\/\/api.w.org\/{rel}","templated":true}]}}