





{"id":61112,"date":"2023-06-23T19:46:13","date_gmt":"2023-06-23T17:46:13","guid":{"rendered":"https:\/\/repliquemangacine.fr\/?post_type=product&#038;p=61112"},"modified":"2025-11-18T22:40:40","modified_gmt":"2025-11-18T21:40:40","slug":"martillo-de-celebrimbor","status":"publish","type":"product","link":"https:\/\/repliquemangacine.fr\/es\/epees-et-dague-les-anneaux-de-pouvoir\/marteau-de-celebrimbor\/","title":{"rendered":"Martillo de Celebrimbor"},"content":{"rendered":"<h2>Martillo de Celebrimbor - Los Anillos del Poder<\/h2>\n<p>Para empezar, el <strong>Martillo de Celebrimbor<\/strong>, r\u00e9plica no oficial de la serie Los anillos del poder.<\/p>\n<p>En el episodio 2 de The Rings of Power, Elrond viaj\u00f3 a Eregion para ayudar al herrero \u00e9lfico Celebrimbor a construir una gran forja capaz de crear objetos de un poder incalculable.<\/p>\n<p>En el estudio de <a href=\"https:\/\/lotr.fandom.com\/fr\/wiki\/Celebrimbor\" target=\"_blank\" rel=\"noopener noreferrer\">Celebrimbor<\/a>, expone un martillo que perteneci\u00f3 en su d\u00eda a F\u00ebanor, el m\u00e1s grande de todos los herreros \u00e9lficos.<\/p>\n<p>Quiz\u00e1s para impresionar a su nuevo colega, Elrond no pierde tiempo en hablar l\u00edricamente sobre el martillo y c\u00f3mo se utiliz\u00f3 para forjar los Silmarils. Los Silmarils son tres joyas creadas por F\u00ebanor y fabricadas a partir de la luz de los Dos \u00c1rboles de Valinor.<\/p>\n<h2>Tu Martillo Celebrimbor al mejor precio.<\/h2>\n<p>Te ofrecemos una amplia selecci\u00f3n de r\u00e9plicas de la trilog\u00eda \u201dEl Se\u00f1or de los Anillos\u201d, as\u00ed como de la serie \u201dLos anillos de poder\u00bb.<\/p>\n<p>Lo primero y m\u00e1s importante,<\/p>\n<ul>\n<li>El famoso <a href=\"https:\/\/repliquemangacine.fr\/es\/espadas-y-dagas-los-anillos-del-poder\/daga-de-finrod-daga-de-galadriel-los-anillos-del-poder\/\">La daga de Galadriel<\/a>todo en acero.<\/li>\n<li>Tambi\u00e9n existe la<a href=\"https:\/\/repliquemangacine.fr\/es\/espadas-y-dagas-los-anillos-del-poder\/numenor-espada-los-anillos-del-poder\/\">espada de Numenor<\/a> con el pomo en forma de cabeza de caballo.<\/li>\n<li>As\u00ed como las espadas de la trilog\u00eda de El Se\u00f1or de los Anillos, la espada de Anduril y la espada de Boromir ......<\/li>\n<li>Adem\u00e1s, descubrir\u00e1 joyas de las pel\u00edculas y la serie que podr\u00e1 lucir en su vida diaria si lo desea.<\/li>\n<li>Y mucho, mucho m\u00e1s en nuestra tienda en l\u00ednea.<\/li>\n<\/ul>\n<p>Para terminar, puede solicitar el <strong>Martillo de Celebrimbor<\/strong> para tus desfiles de cosplay o veladas tem\u00e1ticas. Pero, sobre todo, esta espada es una pieza de coleccionista y decoraci\u00f3n.<\/p>\n<h2>\u00bfC\u00f3mo se fabrican sus objetos de colecci\u00f3n?<\/h2>\n<p>Para empezar, todos nuestros productos derivados son de la m\u00e1xima calidad, fabricados con meticulosa atenci\u00f3n al detalle. Una parte se hace a mano, para reproducir hasta el m\u00e1s m\u00ednimo detalle. Las partes m\u00e1s importantes se mecanizan con m\u00e1quinas muy precisas. Los grabados se hacen generalmente con punta de diamante o l\u00e1ser.<\/p>\n<p>Su <strong>Martillo de Celebrimbor<\/strong> Fabricado en resina para reproducir con exactitud todos los detalles. Con el fin de estar a la altura del legado de las obras maestras originales. Se hace hincapi\u00e9 en la creaci\u00f3n de r\u00e9plicas de alta calidad que sean lo m\u00e1s precisas posible desde el punto de vista hist\u00f3rico.<\/p>\n<p>En conclusi\u00f3n, importadas de China, Espa\u00f1a o la India, \u00a1nuestras r\u00e9plicas le sorprender\u00e1n!<\/p>\n<p>R\u00e9plique Manga Cin\u00e9 es una empresa familiar francesa.<\/p>","protected":false},"excerpt":{"rendered":"<p>R\u00e9plica no oficial del martillo de Celebrimbor de la serie Los Anillos del Poder.<\/p>\n<ul>\n<li>Todo en resina de color n\u00edquel.<\/li>\n<li>Finamente decorado con dorados<\/li>\n<li>Asa decorada en azul<\/li>\n<li>Dimensiones: 19,7 cm X 4 cm X 43,5 cm<\/li>\n<li>Peso: 683 g<\/li>\n<\/ul>","protected":false},"featured_media":61113,"template":"","meta":[],"product_brand":[896],"product_cat":[24,106],"product_tag":[],"class_list":{"0":"post-61112","1":"product","2":"type-product","3":"status-publish","4":"has-post-thumbnail","6":"product_brand-replique-manga-cine","7":"product_cat-films-series-tv-vente-de-katana-epee-et-produits-derives","8":"product_cat-epees-et-dague-les-anneaux-de-pouvoir","10":"first","11":"instock","12":"taxable","13":"shipping-taxable","14":"purchasable","15":"product-type-simple"},"yoast_head":"<!-- This site is optimized with the Yoast SEO plugin v27.4 - https:\/\/yoast.com\/product\/yoast-seo-wordpress\/ -->\n<title>Marteau de Celebrimbor - Les Anneaux de pouvoir - RMC<\/title>\n<meta name=\"description\" content=\"Offrez-lui vite ! ce superbe Marteau de Celebrimbor au meilleur prix \u2013 Tout en r\u00e9sine moul\u00e9e. D\u00e9cors dor\u00e9s. Manche bleu d\u00e9cor\u00e9. Dim. 20 X 4 X 43.5 cm\" \/>\n<meta name=\"robots\" content=\"index, follow, max-snippet:-1, max-image-preview:large, max-video-preview:-1\" \/>\n<link rel=\"canonical\" href=\"https:\/\/repliquemangacine.fr\/es\/espadas-y-dagas-los-anillos-del-poder\/martillo-de-celebrimbor\/\" \/>\n<meta property=\"og:locale\" content=\"es_ES\" \/>\n<meta property=\"og:type\" content=\"article\" \/>\n<meta property=\"og:title\" content=\"Marteau de Celebrimbor - Les Anneaux de pouvoir - RMC\" \/>\n<meta property=\"og:description\" content=\"Offrez-lui vite ! ce superbe Marteau de Celebrimbor au meilleur prix \u2013 Tout en r\u00e9sine moul\u00e9e. D\u00e9cors dor\u00e9s. Manche bleu d\u00e9cor\u00e9. Dim. 20 X 4 X 43.5 cm\" \/>\n<meta property=\"og:url\" content=\"https:\/\/repliquemangacine.fr\/es\/espadas-y-dagas-los-anillos-del-poder\/martillo-de-celebrimbor\/\" \/>\n<meta property=\"og:site_name\" content=\"R\u00e9plique Manga Cin\u00e9\" \/>\n<meta property=\"article:publisher\" content=\"https:\/\/www.facebook.com\/RepliqueMangaCine\" \/>\n<meta property=\"article:modified_time\" content=\"2025-11-18T21:40:40+00:00\" \/>\n<meta property=\"og:image\" content=\"https:\/\/repliquemangacine.fr\/wp-content\/uploads\/2023\/10\/marteau-Celerbrimborjpg.jpg\" \/>\n\t<meta property=\"og:image:width\" content=\"500\" \/>\n\t<meta property=\"og:image:height\" content=\"500\" \/>\n\t<meta property=\"og:image:type\" content=\"image\/jpeg\" \/>\n<meta name=\"twitter:card\" content=\"summary_large_image\" \/>\n<meta name=\"twitter:label1\" content=\"Tiempo de lectura\" \/>\n\t<meta name=\"twitter:data1\" content=\"3 minutos\" \/>\n<script type=\"application\/ld+json\" class=\"yoast-schema-graph\">{\"@context\":\"https:\\\/\\\/schema.org\",\"@graph\":[{\"@type\":\"WebPage\",\"@id\":\"https:\\\/\\\/repliquemangacine.fr\\\/epees-et-dague-les-anneaux-de-pouvoir\\\/marteau-de-celebrimbor\\\/\",\"url\":\"https:\\\/\\\/repliquemangacine.fr\\\/epees-et-dague-les-anneaux-de-pouvoir\\\/marteau-de-celebrimbor\\\/\",\"name\":\"Marteau de Celebrimbor - Les Anneaux de pouvoir - RMC\",\"isPartOf\":{\"@id\":\"https:\\\/\\\/repliquemangacine.fr\\\/#website\"},\"primaryImageOfPage\":{\"@id\":\"https:\\\/\\\/repliquemangacine.fr\\\/epees-et-dague-les-anneaux-de-pouvoir\\\/marteau-de-celebrimbor\\\/#primaryimage\"},\"image\":{\"@id\":\"https:\\\/\\\/repliquemangacine.fr\\\/epees-et-dague-les-anneaux-de-pouvoir\\\/marteau-de-celebrimbor\\\/#primaryimage\"},\"thumbnailUrl\":\"https:\\\/\\\/repliquemangacine.fr\\\/wp-content\\\/uploads\\\/2023\\\/10\\\/marteau-Celerbrimborjpg.jpg\",\"datePublished\":\"2023-06-23T17:46:13+00:00\",\"dateModified\":\"2025-11-18T21:40:40+00:00\",\"description\":\"Offrez-lui vite ! ce superbe Marteau de Celebrimbor au meilleur prix \u2013 Tout en r\u00e9sine moul\u00e9e. D\u00e9cors dor\u00e9s. Manche bleu d\u00e9cor\u00e9. Dim. 20 X 4 X 43.5 cm\",\"breadcrumb\":{\"@id\":\"https:\\\/\\\/repliquemangacine.fr\\\/epees-et-dague-les-anneaux-de-pouvoir\\\/marteau-de-celebrimbor\\\/#breadcrumb\"},\"inLanguage\":\"es\",\"potentialAction\":[{\"@type\":\"ReadAction\",\"target\":[\"https:\\\/\\\/repliquemangacine.fr\\\/epees-et-dague-les-anneaux-de-pouvoir\\\/marteau-de-celebrimbor\\\/\"]}]},{\"@type\":\"ImageObject\",\"inLanguage\":\"es\",\"@id\":\"https:\\\/\\\/repliquemangacine.fr\\\/epees-et-dague-les-anneaux-de-pouvoir\\\/marteau-de-celebrimbor\\\/#primaryimage\",\"url\":\"https:\\\/\\\/repliquemangacine.fr\\\/wp-content\\\/uploads\\\/2023\\\/10\\\/marteau-Celerbrimborjpg.jpg\",\"contentUrl\":\"https:\\\/\\\/repliquemangacine.fr\\\/wp-content\\\/uploads\\\/2023\\\/10\\\/marteau-Celerbrimborjpg.jpg\",\"width\":500,\"height\":500,\"caption\":\"Marteau de Celebrimbor\"},{\"@type\":\"BreadcrumbList\",\"@id\":\"https:\\\/\\\/repliquemangacine.fr\\\/epees-et-dague-les-anneaux-de-pouvoir\\\/marteau-de-celebrimbor\\\/#breadcrumb\",\"itemListElement\":[{\"@type\":\"ListItem\",\"position\":1,\"name\":\"Accueil\",\"item\":\"https:\\\/\\\/repliquemangacine.fr\\\/\"},{\"@type\":\"ListItem\",\"position\":2,\"name\":\"Produits\",\"item\":\"https:\\\/\\\/repliquemangacine.fr\\\/boutique\\\/\"},{\"@type\":\"ListItem\",\"position\":3,\"name\":\"Marteau de Celebrimbor\"}]},{\"@type\":\"WebSite\",\"@id\":\"https:\\\/\\\/repliquemangacine.fr\\\/#website\",\"url\":\"https:\\\/\\\/repliquemangacine.fr\\\/\",\"name\":\"R\u00e9plique Manga Cin\u00e9\",\"description\":\"\",\"publisher\":{\"@id\":\"https:\\\/\\\/repliquemangacine.fr\\\/#organization\"},\"potentialAction\":[{\"@type\":\"SearchAction\",\"target\":{\"@type\":\"EntryPoint\",\"urlTemplate\":\"https:\\\/\\\/repliquemangacine.fr\\\/?s={search_term_string}\"},\"query-input\":{\"@type\":\"PropertyValueSpecification\",\"valueRequired\":true,\"valueName\":\"search_term_string\"}}],\"inLanguage\":\"es\"},{\"@type\":\"Organization\",\"@id\":\"https:\\\/\\\/repliquemangacine.fr\\\/#organization\",\"name\":\"R\u00e9plique Manga Cin\u00e9\",\"url\":\"https:\\\/\\\/repliquemangacine.fr\\\/\",\"logo\":{\"@type\":\"ImageObject\",\"inLanguage\":\"es\",\"@id\":\"https:\\\/\\\/repliquemangacine.fr\\\/#\\\/schema\\\/logo\\\/image\\\/\",\"url\":\"https:\\\/\\\/repliquemangacine.fr\\\/wp-content\\\/uploads\\\/2023\\\/10\\\/RMC-500250.png\",\"contentUrl\":\"https:\\\/\\\/repliquemangacine.fr\\\/wp-content\\\/uploads\\\/2023\\\/10\\\/RMC-500250.png\",\"width\":500,\"height\":250,\"caption\":\"R\u00e9plique Manga Cin\u00e9\"},\"image\":{\"@id\":\"https:\\\/\\\/repliquemangacine.fr\\\/#\\\/schema\\\/logo\\\/image\\\/\"},\"sameAs\":[\"https:\\\/\\\/www.facebook.com\\\/RepliqueMangaCine\",\"https:\\\/\\\/www.instagram.com\\\/repliquemangacine.fr\\\/\"]}]}<\/script>\n<!-- \/ Yoast SEO plugin. -->","yoast_head_json":{"title":"Martillo de Celebrimbor - Los Anillos del Poder - RMC","description":"Reg\u00e1lale este magn\u00edfico Martillo Celebrimbor al mejor precio - Todo en resina moldeada. Decoraci\u00f3n dorada. Mango decorado en azul. Dim. 20 X 4 X 43,5 cm","robots":{"index":"index","follow":"follow","max-snippet":"max-snippet:-1","max-image-preview":"max-image-preview:large","max-video-preview":"max-video-preview:-1"},"canonical":"https:\/\/repliquemangacine.fr\/es\/espadas-y-dagas-los-anillos-del-poder\/martillo-de-celebrimbor\/","og_locale":"es_ES","og_type":"article","og_title":"Marteau de Celebrimbor - Les Anneaux de pouvoir - RMC","og_description":"Offrez-lui vite ! ce superbe Marteau de Celebrimbor au meilleur prix \u2013 Tout en r\u00e9sine moul\u00e9e. D\u00e9cors dor\u00e9s. Manche bleu d\u00e9cor\u00e9. Dim. 20 X 4 X 43.5 cm","og_url":"https:\/\/repliquemangacine.fr\/es\/espadas-y-dagas-los-anillos-del-poder\/martillo-de-celebrimbor\/","og_site_name":"R\u00e9plique Manga Cin\u00e9","article_publisher":"https:\/\/www.facebook.com\/RepliqueMangaCine","article_modified_time":"2025-11-18T21:40:40+00:00","og_image":[{"width":500,"height":500,"url":"https:\/\/repliquemangacine.fr\/wp-content\/uploads\/2023\/10\/marteau-Celerbrimborjpg.jpg","type":"image\/jpeg"}],"twitter_card":"summary_large_image","twitter_misc":{"Tiempo de lectura":"3 minutos"},"schema":{"@context":"https:\/\/schema.org","@graph":[{"@type":"WebPage","@id":"https:\/\/repliquemangacine.fr\/epees-et-dague-les-anneaux-de-pouvoir\/marteau-de-celebrimbor\/","url":"https:\/\/repliquemangacine.fr\/epees-et-dague-les-anneaux-de-pouvoir\/marteau-de-celebrimbor\/","name":"Martillo de Celebrimbor - Los Anillos del Poder - RMC","isPartOf":{"@id":"https:\/\/repliquemangacine.fr\/#website"},"primaryImageOfPage":{"@id":"https:\/\/repliquemangacine.fr\/epees-et-dague-les-anneaux-de-pouvoir\/marteau-de-celebrimbor\/#primaryimage"},"image":{"@id":"https:\/\/repliquemangacine.fr\/epees-et-dague-les-anneaux-de-pouvoir\/marteau-de-celebrimbor\/#primaryimage"},"thumbnailUrl":"https:\/\/repliquemangacine.fr\/wp-content\/uploads\/2023\/10\/marteau-Celerbrimborjpg.jpg","datePublished":"2023-06-23T17:46:13+00:00","dateModified":"2025-11-18T21:40:40+00:00","description":"Reg\u00e1lale este magn\u00edfico Martillo Celebrimbor al mejor precio - Todo en resina moldeada. Decoraci\u00f3n dorada. Mango decorado en azul. Dim. 20 X 4 X 43,5 cm","breadcrumb":{"@id":"https:\/\/repliquemangacine.fr\/epees-et-dague-les-anneaux-de-pouvoir\/marteau-de-celebrimbor\/#breadcrumb"},"inLanguage":"es","potentialAction":[{"@type":"ReadAction","target":["https:\/\/repliquemangacine.fr\/epees-et-dague-les-anneaux-de-pouvoir\/marteau-de-celebrimbor\/"]}]},{"@type":"ImageObject","inLanguage":"es","@id":"https:\/\/repliquemangacine.fr\/epees-et-dague-les-anneaux-de-pouvoir\/marteau-de-celebrimbor\/#primaryimage","url":"https:\/\/repliquemangacine.fr\/wp-content\/uploads\/2023\/10\/marteau-Celerbrimborjpg.jpg","contentUrl":"https:\/\/repliquemangacine.fr\/wp-content\/uploads\/2023\/10\/marteau-Celerbrimborjpg.jpg","width":500,"height":500,"caption":"Marteau de Celebrimbor"},{"@type":"BreadcrumbList","@id":"https:\/\/repliquemangacine.fr\/epees-et-dague-les-anneaux-de-pouvoir\/marteau-de-celebrimbor\/#breadcrumb","itemListElement":[{"@type":"ListItem","position":1,"name":"Accueil","item":"https:\/\/repliquemangacine.fr\/"},{"@type":"ListItem","position":2,"name":"Produits","item":"https:\/\/repliquemangacine.fr\/boutique\/"},{"@type":"ListItem","position":3,"name":"Marteau de Celebrimbor"}]},{"@type":"WebSite","@id":"https:\/\/repliquemangacine.fr\/#website","url":"https:\/\/repliquemangacine.fr\/","name":"R\u00e9plique Manga Cin\u00e9","description":"","publisher":{"@id":"https:\/\/repliquemangacine.fr\/#organization"},"potentialAction":[{"@type":"SearchAction","target":{"@type":"EntryPoint","urlTemplate":"https:\/\/repliquemangacine.fr\/?s={search_term_string}"},"query-input":{"@type":"PropertyValueSpecification","valueRequired":true,"valueName":"search_term_string"}}],"inLanguage":"es"},{"@type":"Organization","@id":"https:\/\/repliquemangacine.fr\/#organization","name":"R\u00e9plique Manga Cin\u00e9","url":"https:\/\/repliquemangacine.fr\/","logo":{"@type":"ImageObject","inLanguage":"es","@id":"https:\/\/repliquemangacine.fr\/#\/schema\/logo\/image\/","url":"https:\/\/repliquemangacine.fr\/wp-content\/uploads\/2023\/10\/RMC-500250.png","contentUrl":"https:\/\/repliquemangacine.fr\/wp-content\/uploads\/2023\/10\/RMC-500250.png","width":500,"height":250,"caption":"R\u00e9plique Manga Cin\u00e9"},"image":{"@id":"https:\/\/repliquemangacine.fr\/#\/schema\/logo\/image\/"},"sameAs":["https:\/\/www.facebook.com\/RepliqueMangaCine","https:\/\/www.instagram.com\/repliquemangacine.fr\/"]}]}},"_links":{"self":[{"href":"https:\/\/repliquemangacine.fr\/es\/wp-json\/wp\/v2\/product\/61112","targetHints":{"allow":["GET"]}}],"collection":[{"href":"https:\/\/repliquemangacine.fr\/es\/wp-json\/wp\/v2\/product"}],"about":[{"href":"https:\/\/repliquemangacine.fr\/es\/wp-json\/wp\/v2\/types\/product"}],"wp:featuredmedia":[{"embeddable":true,"href":"https:\/\/repliquemangacine.fr\/es\/wp-json\/wp\/v2\/media\/61113"}],"wp:attachment":[{"href":"https:\/\/repliquemangacine.fr\/es\/wp-json\/wp\/v2\/media?parent=61112"}],"wp:term":[{"taxonomy":"product_brand","embeddable":true,"href":"https:\/\/repliquemangacine.fr\/es\/wp-json\/wp\/v2\/product_brand?post=61112"},{"taxonomy":"product_cat","embeddable":true,"href":"https:\/\/repliquemangacine.fr\/es\/wp-json\/wp\/v2\/product_cat?post=61112"},{"taxonomy":"product_tag","embeddable":true,"href":"https:\/\/repliquemangacine.fr\/es\/wp-json\/wp\/v2\/product_tag?post=61112"}],"curies":[{"name":"wp","href":"https:\/\/api.w.org\/{rel}","templated":true}]}}