





{"id":60980,"date":"2023-06-17T19:20:58","date_gmt":"2023-06-17T17:20:58","guid":{"rendered":"https:\/\/repliquemangacine.fr\/?post_type=product&#038;p=60980"},"modified":"2025-12-10T21:30:27","modified_gmt":"2025-12-10T20:30:27","slug":"carta-del-merodeador","status":"publish","type":"product","link":"https:\/\/repliquemangacine.fr\/es\/collectors-et-goodies-harry-potter\/carte-du-maraudeur\/","title":{"rendered":"Carta del merodeador"},"content":{"rendered":"<h2>Mapa del merodeador - Harry Potter<\/h2>\n<p>Para empezar, el <strong>Carta del merodeador<\/strong>, elemento clave de la tercera entrega, Harry Potter y el prisionero de Azkaban.<\/p>\n<p>Esta tarjeta es un objeto m\u00e1gico dise\u00f1ado por los Merodeadores. Se trata de un plano detallado del castillo de Hogwarts, en el que se indica la ubicaci\u00f3n de cada persona presente en la escuela. Tambi\u00e9n muestra los pasadizos secretos dentro del castillo y los que conducen fuera del recinto escolar.<\/p>\n<p>Transmitida a Harry por los gemelos Weasley. As\u00ed, a pesar de la prohibici\u00f3n que le impide ir a Hogsmeade con sus amigos, el joven mago puede descubrir los caminos que conducen all\u00ed y descubrir qu\u00e9 se esconde detr\u00e1s de la fuga de Sirius Black.<\/p>\n<h2>Tu Mapa del Merodeador al mejor precio<\/h2>\n<p>Ofrecemos una amplia gama de art\u00edculos de coleccionista y productos oficiales de Harry Potter de <a href=\"https:\/\/noblecollection.fr\/carte-maraudeur-harry-potter-p-417.html\" target=\"_blank\" rel=\"noopener noreferrer\">Colecci\u00f3n Noble<\/a>.<\/p>\n<p>Lo primero y m\u00e1s importante,<\/p>\n<ul>\n<li>La <a href=\"https:\/\/repliquemangacine.fr\/es\/coleccionistas-y-objetos-de-harry-potter\/figurita-hedwige-de-harry-potter\/\">Estatuilla Hedwige<\/a>Noble colecci\u00f3n de criaturas m\u00e1gicas.<\/li>\n<li>As\u00ed como el <a href=\"https:\/\/repliquemangacine.fr\/es\/coleccionistas-y-objetos-de-harry-potter\/medallon-salazar-serpentard\/\">Medall\u00f3n de Slytherin Salazar<\/a> con su caja expositora.<\/li>\n<li>Y muchos m\u00e1s por descubrir en nuestra tienda en l\u00ednea.<\/li>\n<li>Por supuesto, para hacer felices a sus hijos, tambi\u00e9n tenemos todos los palillos no oficiales en nuestro sitio, pero a precios bajos.<\/li>\n<\/ul>\n<p>Por eso, aqu\u00ed tienes una idea estupenda para regalar a todos los fans de Harry Potter.<\/p>\n<p>En conclusi\u00f3n, tambi\u00e9n puede utilizar este <strong>Carta del merodeador<\/strong> en Harry Potter para ampliar tu colecci\u00f3n.<\/p>\n<p>R\u00e9plique Manga Cin\u00e9 es una empresa familiar francesa.<\/p>\n<h2>Descubre nuestros \u00faltimos lanzamientos de Harry Potter.<\/h2>\n<p>Siempre a la b\u00fasqueda de las \u00faltimas novedades del mercado, te ofrecemos algunas r\u00e9plicas que necesitas para ampliar tu colecci\u00f3n personal.<\/p>\n<p>En primer lugar, nos lo hab\u00e9is pedido y \u00a1ya est\u00e1 aqu\u00ed!<\/p>\n<ul>\n<li>La escoba <a href=\"https:\/\/repliquemangacine.fr\/es\/coleccionistas-y-objetos-de-harry-potter\/harry-potter-escoba-de-fuego\/\">Firebolt<\/a> (Firebolt) en una edici\u00f3n limitada de 10.000 ejemplares en todo el mundo. Bajo licencia oficial de Warner Bros.<\/li>\n<li>Tambi\u00e9n hay una colecci\u00f3n de criaturas m\u00e1gicas, como la figura de Harry Potter Hedwig, n\u00famero 1, y la figura de Dobby, n\u00famero 2.<\/li>\n<li>Adem\u00e1s del bolso de Hermione Granger, la r\u00e9plica aut\u00e9ntica del horrocrux...<\/li>\n<li>Y muchos m\u00e1s por descubrir pr\u00f3ximamente en nuestra tienda.<\/li>\n<\/ul>\n<p>Disfrute de su viaje con su <strong>Carta del merodeador<\/strong> !<\/p>","protected":false},"excerpt":{"rendered":"<p>R\u00e9plica oficial colecci\u00f3n noble de la carta Marauder en la 3\u1d49 entrega de la saga Harry Potter.<\/p>\n<ul>\n<li>Impreso en papel pergamino<\/li>\n<li>Muy detallado<\/li>\n<li>Dimensiones abierto: 39 X 183 cm<\/li>\n<li>Tama\u00f1o plegado: 39 x 21 cm<\/li>\n<\/ul>","protected":false},"featured_media":60981,"template":"","meta":[],"product_brand":[896],"product_cat":[87,24,41],"product_tag":[],"class_list":{"0":"post-60980","1":"product","2":"type-product","3":"status-publish","4":"has-post-thumbnail","6":"product_brand-replique-manga-cine","7":"product_cat-collectors-et-goodies-harry-potter","8":"product_cat-films-series-tv-vente-de-katana-epee-et-produits-derives","9":"product_cat-baguettes-et-goodies-harry-potter","11":"first","12":"instock","13":"taxable","14":"shipping-taxable","15":"purchasable","16":"product-type-simple"},"yoast_head":"<!-- This site is optimized with the Yoast SEO plugin v27.4 - https:\/\/yoast.com\/product\/yoast-seo-wordpress\/ -->\n<title>Carte du Maraudeur - Collector Harry Potter - R\u00e9plique Manga Cin\u00e9<\/title>\n<meta name=\"description\" content=\"Offrez-lui vite ! Cette Carte du Maraudeur au meilleur prix - Carte tr\u00e8s d\u00e9taill\u00e9e imprim\u00e9e sur un papier parchemin - Dimensions ouvertes : 39 X 183 cm\" \/>\n<meta name=\"robots\" content=\"index, follow, max-snippet:-1, max-image-preview:large, max-video-preview:-1\" \/>\n<link rel=\"canonical\" href=\"https:\/\/repliquemangacine.fr\/es\/coleccionistas-y-objetos-de-harry-potter\/carta-del-merodeador\/\" \/>\n<meta property=\"og:locale\" content=\"es_ES\" \/>\n<meta property=\"og:type\" content=\"article\" \/>\n<meta property=\"og:title\" content=\"Carte du Maraudeur - Collector Harry Potter - R\u00e9plique Manga Cin\u00e9\" \/>\n<meta property=\"og:description\" content=\"Offrez-lui vite ! Cette Carte du Maraudeur au meilleur prix - Carte tr\u00e8s d\u00e9taill\u00e9e imprim\u00e9e sur un papier parchemin - Dimensions ouvertes : 39 X 183 cm\" \/>\n<meta property=\"og:url\" content=\"https:\/\/repliquemangacine.fr\/es\/coleccionistas-y-objetos-de-harry-potter\/carta-del-merodeador\/\" \/>\n<meta property=\"og:site_name\" content=\"R\u00e9plique Manga Cin\u00e9\" \/>\n<meta property=\"article:publisher\" content=\"https:\/\/www.facebook.com\/RepliqueMangaCine\" \/>\n<meta property=\"article:modified_time\" content=\"2025-12-10T20:30:27+00:00\" \/>\n<meta property=\"og:image\" content=\"https:\/\/repliquemangacine.fr\/wp-content\/uploads\/2023\/10\/Carte-du-Maraudeur.jpg\" \/>\n\t<meta property=\"og:image:width\" content=\"500\" \/>\n\t<meta property=\"og:image:height\" content=\"500\" \/>\n\t<meta property=\"og:image:type\" content=\"image\/jpeg\" \/>\n<meta name=\"twitter:card\" content=\"summary_large_image\" \/>\n<meta name=\"twitter:label1\" content=\"Tiempo de lectura\" \/>\n\t<meta name=\"twitter:data1\" content=\"2 minutos\" \/>\n<script type=\"application\/ld+json\" class=\"yoast-schema-graph\">{\"@context\":\"https:\\\/\\\/schema.org\",\"@graph\":[{\"@type\":\"WebPage\",\"@id\":\"https:\\\/\\\/repliquemangacine.fr\\\/collectors-et-goodies-harry-potter\\\/carte-du-maraudeur\\\/\",\"url\":\"https:\\\/\\\/repliquemangacine.fr\\\/collectors-et-goodies-harry-potter\\\/carte-du-maraudeur\\\/\",\"name\":\"Carte du Maraudeur - Collector Harry Potter - R\u00e9plique Manga Cin\u00e9\",\"isPartOf\":{\"@id\":\"https:\\\/\\\/repliquemangacine.fr\\\/#website\"},\"primaryImageOfPage\":{\"@id\":\"https:\\\/\\\/repliquemangacine.fr\\\/collectors-et-goodies-harry-potter\\\/carte-du-maraudeur\\\/#primaryimage\"},\"image\":{\"@id\":\"https:\\\/\\\/repliquemangacine.fr\\\/collectors-et-goodies-harry-potter\\\/carte-du-maraudeur\\\/#primaryimage\"},\"thumbnailUrl\":\"https:\\\/\\\/repliquemangacine.fr\\\/wp-content\\\/uploads\\\/2023\\\/10\\\/Carte-du-Maraudeur.jpg\",\"datePublished\":\"2023-06-17T17:20:58+00:00\",\"dateModified\":\"2025-12-10T20:30:27+00:00\",\"description\":\"Offrez-lui vite ! Cette Carte du Maraudeur au meilleur prix - Carte tr\u00e8s d\u00e9taill\u00e9e imprim\u00e9e sur un papier parchemin - Dimensions ouvertes : 39 X 183 cm\",\"breadcrumb\":{\"@id\":\"https:\\\/\\\/repliquemangacine.fr\\\/collectors-et-goodies-harry-potter\\\/carte-du-maraudeur\\\/#breadcrumb\"},\"inLanguage\":\"es\",\"potentialAction\":[{\"@type\":\"ReadAction\",\"target\":[\"https:\\\/\\\/repliquemangacine.fr\\\/collectors-et-goodies-harry-potter\\\/carte-du-maraudeur\\\/\"]}]},{\"@type\":\"ImageObject\",\"inLanguage\":\"es\",\"@id\":\"https:\\\/\\\/repliquemangacine.fr\\\/collectors-et-goodies-harry-potter\\\/carte-du-maraudeur\\\/#primaryimage\",\"url\":\"https:\\\/\\\/repliquemangacine.fr\\\/wp-content\\\/uploads\\\/2023\\\/10\\\/Carte-du-Maraudeur.jpg\",\"contentUrl\":\"https:\\\/\\\/repliquemangacine.fr\\\/wp-content\\\/uploads\\\/2023\\\/10\\\/Carte-du-Maraudeur.jpg\",\"width\":500,\"height\":500,\"caption\":\"Carte du Maraudeur\"},{\"@type\":\"BreadcrumbList\",\"@id\":\"https:\\\/\\\/repliquemangacine.fr\\\/collectors-et-goodies-harry-potter\\\/carte-du-maraudeur\\\/#breadcrumb\",\"itemListElement\":[{\"@type\":\"ListItem\",\"position\":1,\"name\":\"Accueil\",\"item\":\"https:\\\/\\\/repliquemangacine.fr\\\/\"},{\"@type\":\"ListItem\",\"position\":2,\"name\":\"Produits\",\"item\":\"https:\\\/\\\/repliquemangacine.fr\\\/boutique\\\/\"},{\"@type\":\"ListItem\",\"position\":3,\"name\":\"Carte du Maraudeur\"}]},{\"@type\":\"WebSite\",\"@id\":\"https:\\\/\\\/repliquemangacine.fr\\\/#website\",\"url\":\"https:\\\/\\\/repliquemangacine.fr\\\/\",\"name\":\"R\u00e9plique Manga Cin\u00e9\",\"description\":\"\",\"publisher\":{\"@id\":\"https:\\\/\\\/repliquemangacine.fr\\\/#organization\"},\"potentialAction\":[{\"@type\":\"SearchAction\",\"target\":{\"@type\":\"EntryPoint\",\"urlTemplate\":\"https:\\\/\\\/repliquemangacine.fr\\\/?s={search_term_string}\"},\"query-input\":{\"@type\":\"PropertyValueSpecification\",\"valueRequired\":true,\"valueName\":\"search_term_string\"}}],\"inLanguage\":\"es\"},{\"@type\":\"Organization\",\"@id\":\"https:\\\/\\\/repliquemangacine.fr\\\/#organization\",\"name\":\"R\u00e9plique Manga Cin\u00e9\",\"url\":\"https:\\\/\\\/repliquemangacine.fr\\\/\",\"logo\":{\"@type\":\"ImageObject\",\"inLanguage\":\"es\",\"@id\":\"https:\\\/\\\/repliquemangacine.fr\\\/#\\\/schema\\\/logo\\\/image\\\/\",\"url\":\"https:\\\/\\\/repliquemangacine.fr\\\/wp-content\\\/uploads\\\/2023\\\/10\\\/RMC-500250.png\",\"contentUrl\":\"https:\\\/\\\/repliquemangacine.fr\\\/wp-content\\\/uploads\\\/2023\\\/10\\\/RMC-500250.png\",\"width\":500,\"height\":250,\"caption\":\"R\u00e9plique Manga Cin\u00e9\"},\"image\":{\"@id\":\"https:\\\/\\\/repliquemangacine.fr\\\/#\\\/schema\\\/logo\\\/image\\\/\"},\"sameAs\":[\"https:\\\/\\\/www.facebook.com\\\/RepliqueMangaCine\",\"https:\\\/\\\/www.instagram.com\\\/repliquemangacine.fr\\\/\"]}]}<\/script>\n<!-- \/ Yoast SEO plugin. -->","yoast_head_json":{"title":"Mapa del merodeador - Coleccionista Harry Potter - R\u00e9plique Manga Cin\u00e9","description":"\u00a1Reg\u00e1laselo! Este Mapa del Merodeador al mejor precio - Mapa muy detallado impreso en papel pergamino - Tama\u00f1o abierto: 39 X 183 cm","robots":{"index":"index","follow":"follow","max-snippet":"max-snippet:-1","max-image-preview":"max-image-preview:large","max-video-preview":"max-video-preview:-1"},"canonical":"https:\/\/repliquemangacine.fr\/es\/coleccionistas-y-objetos-de-harry-potter\/carta-del-merodeador\/","og_locale":"es_ES","og_type":"article","og_title":"Carte du Maraudeur - Collector Harry Potter - R\u00e9plique Manga Cin\u00e9","og_description":"Offrez-lui vite ! Cette Carte du Maraudeur au meilleur prix - Carte tr\u00e8s d\u00e9taill\u00e9e imprim\u00e9e sur un papier parchemin - Dimensions ouvertes : 39 X 183 cm","og_url":"https:\/\/repliquemangacine.fr\/es\/coleccionistas-y-objetos-de-harry-potter\/carta-del-merodeador\/","og_site_name":"R\u00e9plique Manga Cin\u00e9","article_publisher":"https:\/\/www.facebook.com\/RepliqueMangaCine","article_modified_time":"2025-12-10T20:30:27+00:00","og_image":[{"width":500,"height":500,"url":"https:\/\/repliquemangacine.fr\/wp-content\/uploads\/2023\/10\/Carte-du-Maraudeur.jpg","type":"image\/jpeg"}],"twitter_card":"summary_large_image","twitter_misc":{"Tiempo de lectura":"2 minutos"},"schema":{"@context":"https:\/\/schema.org","@graph":[{"@type":"WebPage","@id":"https:\/\/repliquemangacine.fr\/collectors-et-goodies-harry-potter\/carte-du-maraudeur\/","url":"https:\/\/repliquemangacine.fr\/collectors-et-goodies-harry-potter\/carte-du-maraudeur\/","name":"Mapa del merodeador - Coleccionista Harry Potter - R\u00e9plique Manga Cin\u00e9","isPartOf":{"@id":"https:\/\/repliquemangacine.fr\/#website"},"primaryImageOfPage":{"@id":"https:\/\/repliquemangacine.fr\/collectors-et-goodies-harry-potter\/carte-du-maraudeur\/#primaryimage"},"image":{"@id":"https:\/\/repliquemangacine.fr\/collectors-et-goodies-harry-potter\/carte-du-maraudeur\/#primaryimage"},"thumbnailUrl":"https:\/\/repliquemangacine.fr\/wp-content\/uploads\/2023\/10\/Carte-du-Maraudeur.jpg","datePublished":"2023-06-17T17:20:58+00:00","dateModified":"2025-12-10T20:30:27+00:00","description":"\u00a1Reg\u00e1laselo! Este Mapa del Merodeador al mejor precio - Mapa muy detallado impreso en papel pergamino - Tama\u00f1o abierto: 39 X 183 cm","breadcrumb":{"@id":"https:\/\/repliquemangacine.fr\/collectors-et-goodies-harry-potter\/carte-du-maraudeur\/#breadcrumb"},"inLanguage":"es","potentialAction":[{"@type":"ReadAction","target":["https:\/\/repliquemangacine.fr\/collectors-et-goodies-harry-potter\/carte-du-maraudeur\/"]}]},{"@type":"ImageObject","inLanguage":"es","@id":"https:\/\/repliquemangacine.fr\/collectors-et-goodies-harry-potter\/carte-du-maraudeur\/#primaryimage","url":"https:\/\/repliquemangacine.fr\/wp-content\/uploads\/2023\/10\/Carte-du-Maraudeur.jpg","contentUrl":"https:\/\/repliquemangacine.fr\/wp-content\/uploads\/2023\/10\/Carte-du-Maraudeur.jpg","width":500,"height":500,"caption":"Carte du Maraudeur"},{"@type":"BreadcrumbList","@id":"https:\/\/repliquemangacine.fr\/collectors-et-goodies-harry-potter\/carte-du-maraudeur\/#breadcrumb","itemListElement":[{"@type":"ListItem","position":1,"name":"Accueil","item":"https:\/\/repliquemangacine.fr\/"},{"@type":"ListItem","position":2,"name":"Produits","item":"https:\/\/repliquemangacine.fr\/boutique\/"},{"@type":"ListItem","position":3,"name":"Carte du Maraudeur"}]},{"@type":"WebSite","@id":"https:\/\/repliquemangacine.fr\/#website","url":"https:\/\/repliquemangacine.fr\/","name":"R\u00e9plique Manga Cin\u00e9","description":"","publisher":{"@id":"https:\/\/repliquemangacine.fr\/#organization"},"potentialAction":[{"@type":"SearchAction","target":{"@type":"EntryPoint","urlTemplate":"https:\/\/repliquemangacine.fr\/?s={search_term_string}"},"query-input":{"@type":"PropertyValueSpecification","valueRequired":true,"valueName":"search_term_string"}}],"inLanguage":"es"},{"@type":"Organization","@id":"https:\/\/repliquemangacine.fr\/#organization","name":"R\u00e9plique Manga Cin\u00e9","url":"https:\/\/repliquemangacine.fr\/","logo":{"@type":"ImageObject","inLanguage":"es","@id":"https:\/\/repliquemangacine.fr\/#\/schema\/logo\/image\/","url":"https:\/\/repliquemangacine.fr\/wp-content\/uploads\/2023\/10\/RMC-500250.png","contentUrl":"https:\/\/repliquemangacine.fr\/wp-content\/uploads\/2023\/10\/RMC-500250.png","width":500,"height":250,"caption":"R\u00e9plique Manga Cin\u00e9"},"image":{"@id":"https:\/\/repliquemangacine.fr\/#\/schema\/logo\/image\/"},"sameAs":["https:\/\/www.facebook.com\/RepliqueMangaCine","https:\/\/www.instagram.com\/repliquemangacine.fr\/"]}]}},"_links":{"self":[{"href":"https:\/\/repliquemangacine.fr\/es\/wp-json\/wp\/v2\/product\/60980","targetHints":{"allow":["GET"]}}],"collection":[{"href":"https:\/\/repliquemangacine.fr\/es\/wp-json\/wp\/v2\/product"}],"about":[{"href":"https:\/\/repliquemangacine.fr\/es\/wp-json\/wp\/v2\/types\/product"}],"wp:featuredmedia":[{"embeddable":true,"href":"https:\/\/repliquemangacine.fr\/es\/wp-json\/wp\/v2\/media\/60981"}],"wp:attachment":[{"href":"https:\/\/repliquemangacine.fr\/es\/wp-json\/wp\/v2\/media?parent=60980"}],"wp:term":[{"taxonomy":"product_brand","embeddable":true,"href":"https:\/\/repliquemangacine.fr\/es\/wp-json\/wp\/v2\/product_brand?post=60980"},{"taxonomy":"product_cat","embeddable":true,"href":"https:\/\/repliquemangacine.fr\/es\/wp-json\/wp\/v2\/product_cat?post=60980"},{"taxonomy":"product_tag","embeddable":true,"href":"https:\/\/repliquemangacine.fr\/es\/wp-json\/wp\/v2\/product_tag?post=60980"}],"curies":[{"name":"wp","href":"https:\/\/api.w.org\/{rel}","templated":true}]}}