





{"id":60966,"date":"2023-06-17T18:10:09","date_gmt":"2023-06-17T16:10:09","guid":{"rendered":"https:\/\/repliquemangacine.fr\/?post_type=product&#038;p=60966"},"modified":"2026-01-15T16:04:01","modified_gmt":"2026-01-15T15:04:01","slug":"figurita-de-dobby-de-harry-potter","status":"publish","type":"product","link":"https:\/\/repliquemangacine.fr\/es\/collectors-et-goodies-harry-potter\/figurine-dobby-harry-potter\/","title":{"rendered":"Dobby Harry Potter figura de acci\u00f3n"},"content":{"rendered":"<h2>Dobby Harry Potter figura de acci\u00f3n - Criaturas m\u00e1gicas<\/h2>\n<p>Para empezar, el <strong>Dobby Harry Potter figura de acci\u00f3n<\/strong>forma parte de la colecci\u00f3n de criaturas m\u00e1gicas de Harry Potter y es el n\u00ba 2 distribuido por <a href=\"https:\/\/noblecollection.fr\/creatures-magiques-dobby-figurines-harry-potter-p-5363.html\">Colecci\u00f3n Noble<\/a>.<\/p>\n<p>Dobby es un elfo dom\u00e9stico obligado a servir a la familia Malfoy. Viste con una funda de almohada, ya que es el distintivo de los elfos dom\u00e9sticos. Sue\u00f1a con la libertad. Tras hacerse amigo de Harry, har\u00e1 todo lo posible por protegerlo a \u00e9l y a sus amigos, incluso poniendo en peligro su vida.<\/p>\n<p>Terco y astuto, pero sobre todo dotado de un gran coraz\u00f3n. Apegado a la libertad de su pueblo, act\u00faa como puede en este sentido.<\/p>\n<p>Dobby salva a Harry y a sus amigos, encerrados en el s\u00f3tano de la mansi\u00f3n de los Malfoy, transport\u00e1ndolos.<\/p>\n<h2>\u00a1Tu Figurita Harry Potter Dobby al mejor precio!<\/h2>\n<p>Le ofrecemos una amplia selecci\u00f3n de productos coleccionables y oficiales de Harry Potter de Noble Collection.<\/p>\n<p>Lo primero y m\u00e1s importante,<\/p>\n<ul>\n<li>El famoso <a href=\"https:\/\/repliquemangacine.fr\/es\/coleccionistas-y-objetos-de-harry-potter\/medallon-salazar-serpentard\/\">Medall\u00f3n de Slytherin Salazar<\/a> en su caja expositora.<\/li>\n<li>As\u00ed como el <a href=\"https:\/\/repliquemangacine.fr\/es\/coleccionistas-y-objetos-de-harry-potter\/sombrero-interactivo-de-harry-potter\/\">selecci\u00f3n interactiva<\/a> para disfrute de todos.<\/li>\n<li>Y muchos m\u00e1s por descubrir en nuestra tienda en l\u00ednea.<\/li>\n<li>Por supuesto, para hacer felices a sus hijos, tambi\u00e9n tenemos todos los palillos no oficiales en nuestro sitio, pero a precios bajos.<\/li>\n<\/ul>\n<p>Por eso, aqu\u00ed tienes una idea estupenda para regalar a todos los fans de Harry Potter.<\/p>\n<p>En conclusi\u00f3n, tambi\u00e9n puede utilizar este <strong>Dobby Harry Potter figura de acci\u00f3n<\/strong> para embellecer su hogar o ampliar su colecci\u00f3n.<\/p>\n<p>R\u00e9plique Manga Cin\u00e9 es una empresa familiar francesa.<\/p>\n<h2>Descubre nuestros \u00faltimos lanzamientos de Harry Potter.<\/h2>\n<p>Siempre a la b\u00fasqueda de las \u00faltimas novedades del mercado, te ofrecemos algunas r\u00e9plicas que necesitas para ampliar tu colecci\u00f3n personal.<\/p>\n<p>En primer lugar, nos lo hab\u00e9is pedido y \u00a1ya est\u00e1 aqu\u00ed!<\/p>\n<ul>\n<li>Le <a href=\"https:\/\/repliquemangacine.fr\/es\/coleccionistas-y-objetos-de-harry-potter\/harry-potter-escoba-de-fuego\/\">Escoba Firebolt<\/a> (Firebolt) en una edici\u00f3n limitada de 10.000 copias en todo el mundo. Bajo licencia oficial de Warner Bros.<\/li>\n<li>Tambi\u00e9n hay una colecci\u00f3n de criaturas m\u00e1gicas, como el <strong>Dobby Harry Potter figura de acci\u00f3n<\/strong> que lleva el n\u00ba 2 y Hedwige que lleva el n\u00ba 1.<\/li>\n<li>Adem\u00e1s del bolso de Hermione Granger, la r\u00e9plica aut\u00e9ntica del horrocrux...<\/li>\n<li>Y muchos m\u00e1s por descubrir pr\u00f3ximamente en nuestra tienda.<\/li>\n<\/ul>\n<p>Les deseamos a todos un buen viaje por la encrucijada.<\/p>","protected":false},"excerpt":{"rendered":"<p>R\u00e9plica de la figura de Harry Potter Dobby de la colecci\u00f3n \"Criaturas m\u00e1gicas<\/p>\n<ul>\n<li>En PVC moldeado<\/li>\n<li>Se ajusta a su soporte<\/li>\n<li>Presentado en una caja expositora para lucirlo al m\u00e1ximo<\/li>\n<li>Dimensiones: 17 X 10 X 10 cm<\/li>\n<\/ul>","protected":false},"featured_media":60967,"template":"","meta":[],"product_brand":[896],"product_cat":[87,24,41],"product_tag":[],"class_list":{"0":"post-60966","1":"product","2":"type-product","3":"status-publish","4":"has-post-thumbnail","6":"product_brand-replique-manga-cine","7":"product_cat-collectors-et-goodies-harry-potter","8":"product_cat-films-series-tv-vente-de-katana-epee-et-produits-derives","9":"product_cat-baguettes-et-goodies-harry-potter","11":"first","12":"instock","13":"taxable","14":"shipping-taxable","15":"purchasable","16":"product-type-simple"},"yoast_head":"<!-- This site is optimized with the Yoast SEO plugin v27.4 - https:\/\/yoast.com\/product\/yoast-seo-wordpress\/ -->\n<title>Figurine Dobby Harry Potter - Collection cr\u00e9atures magiques - RMC<\/title>\n<meta name=\"description\" content=\"D\u00e9couvrez vite ! Cette Figurine Dobby Harry Potter au meilleur prix - En PVC moul\u00e9 - S&#039;embo\u00eete sur son support - Bo\u00eete vitrine pour la mettre en valeur\" \/>\n<meta name=\"robots\" content=\"index, follow, max-snippet:-1, max-image-preview:large, max-video-preview:-1\" \/>\n<link rel=\"canonical\" href=\"https:\/\/repliquemangacine.fr\/es\/coleccionistas-y-objetos-de-harry-potter\/figurita-de-dobby-de-harry-potter\/\" \/>\n<meta property=\"og:locale\" content=\"es_ES\" \/>\n<meta property=\"og:type\" content=\"article\" \/>\n<meta property=\"og:title\" content=\"Figurine Dobby Harry Potter - Collection cr\u00e9atures magiques - RMC\" \/>\n<meta property=\"og:description\" content=\"D\u00e9couvrez vite ! Cette Figurine Dobby Harry Potter au meilleur prix - En PVC moul\u00e9 - S&#039;embo\u00eete sur son support - Bo\u00eete vitrine pour la mettre en valeur\" \/>\n<meta property=\"og:url\" content=\"https:\/\/repliquemangacine.fr\/es\/coleccionistas-y-objetos-de-harry-potter\/figurita-de-dobby-de-harry-potter\/\" \/>\n<meta property=\"og:site_name\" content=\"R\u00e9plique Manga Cin\u00e9\" \/>\n<meta property=\"article:publisher\" content=\"https:\/\/www.facebook.com\/RepliqueMangaCine\" \/>\n<meta property=\"article:modified_time\" content=\"2026-01-15T15:04:01+00:00\" \/>\n<meta property=\"og:image\" content=\"https:\/\/repliquemangacine.fr\/wp-content\/uploads\/2023\/10\/dobby.jpg\" \/>\n\t<meta property=\"og:image:width\" content=\"500\" \/>\n\t<meta property=\"og:image:height\" content=\"500\" \/>\n\t<meta property=\"og:image:type\" content=\"image\/jpeg\" \/>\n<meta name=\"twitter:card\" content=\"summary_large_image\" \/>\n<meta name=\"twitter:label1\" content=\"Tiempo de lectura\" \/>\n\t<meta name=\"twitter:data1\" content=\"3 minutos\" \/>\n<script type=\"application\/ld+json\" class=\"yoast-schema-graph\">{\"@context\":\"https:\\\/\\\/schema.org\",\"@graph\":[{\"@type\":\"WebPage\",\"@id\":\"https:\\\/\\\/repliquemangacine.fr\\\/collectors-et-goodies-harry-potter\\\/figurine-dobby-harry-potter\\\/\",\"url\":\"https:\\\/\\\/repliquemangacine.fr\\\/collectors-et-goodies-harry-potter\\\/figurine-dobby-harry-potter\\\/\",\"name\":\"Figurine Dobby Harry Potter - Collection cr\u00e9atures magiques - RMC\",\"isPartOf\":{\"@id\":\"https:\\\/\\\/repliquemangacine.fr\\\/#website\"},\"primaryImageOfPage\":{\"@id\":\"https:\\\/\\\/repliquemangacine.fr\\\/collectors-et-goodies-harry-potter\\\/figurine-dobby-harry-potter\\\/#primaryimage\"},\"image\":{\"@id\":\"https:\\\/\\\/repliquemangacine.fr\\\/collectors-et-goodies-harry-potter\\\/figurine-dobby-harry-potter\\\/#primaryimage\"},\"thumbnailUrl\":\"https:\\\/\\\/repliquemangacine.fr\\\/wp-content\\\/uploads\\\/2023\\\/10\\\/dobby.jpg\",\"datePublished\":\"2023-06-17T16:10:09+00:00\",\"dateModified\":\"2026-01-15T15:04:01+00:00\",\"description\":\"D\u00e9couvrez vite ! Cette Figurine Dobby Harry Potter au meilleur prix - En PVC moul\u00e9 - S'embo\u00eete sur son support - Bo\u00eete vitrine pour la mettre en valeur\",\"breadcrumb\":{\"@id\":\"https:\\\/\\\/repliquemangacine.fr\\\/collectors-et-goodies-harry-potter\\\/figurine-dobby-harry-potter\\\/#breadcrumb\"},\"inLanguage\":\"es\",\"potentialAction\":[{\"@type\":\"ReadAction\",\"target\":[\"https:\\\/\\\/repliquemangacine.fr\\\/collectors-et-goodies-harry-potter\\\/figurine-dobby-harry-potter\\\/\"]}]},{\"@type\":\"ImageObject\",\"inLanguage\":\"es\",\"@id\":\"https:\\\/\\\/repliquemangacine.fr\\\/collectors-et-goodies-harry-potter\\\/figurine-dobby-harry-potter\\\/#primaryimage\",\"url\":\"https:\\\/\\\/repliquemangacine.fr\\\/wp-content\\\/uploads\\\/2023\\\/10\\\/dobby.jpg\",\"contentUrl\":\"https:\\\/\\\/repliquemangacine.fr\\\/wp-content\\\/uploads\\\/2023\\\/10\\\/dobby.jpg\",\"width\":500,\"height\":500,\"caption\":\"Figurine Dobby Harry Potter\"},{\"@type\":\"BreadcrumbList\",\"@id\":\"https:\\\/\\\/repliquemangacine.fr\\\/collectors-et-goodies-harry-potter\\\/figurine-dobby-harry-potter\\\/#breadcrumb\",\"itemListElement\":[{\"@type\":\"ListItem\",\"position\":1,\"name\":\"Accueil\",\"item\":\"https:\\\/\\\/repliquemangacine.fr\\\/\"},{\"@type\":\"ListItem\",\"position\":2,\"name\":\"Produits\",\"item\":\"https:\\\/\\\/repliquemangacine.fr\\\/boutique\\\/\"},{\"@type\":\"ListItem\",\"position\":3,\"name\":\"Figurine Dobby Harry Potter\"}]},{\"@type\":\"WebSite\",\"@id\":\"https:\\\/\\\/repliquemangacine.fr\\\/#website\",\"url\":\"https:\\\/\\\/repliquemangacine.fr\\\/\",\"name\":\"R\u00e9plique Manga Cin\u00e9\",\"description\":\"\",\"publisher\":{\"@id\":\"https:\\\/\\\/repliquemangacine.fr\\\/#organization\"},\"potentialAction\":[{\"@type\":\"SearchAction\",\"target\":{\"@type\":\"EntryPoint\",\"urlTemplate\":\"https:\\\/\\\/repliquemangacine.fr\\\/?s={search_term_string}\"},\"query-input\":{\"@type\":\"PropertyValueSpecification\",\"valueRequired\":true,\"valueName\":\"search_term_string\"}}],\"inLanguage\":\"es\"},{\"@type\":\"Organization\",\"@id\":\"https:\\\/\\\/repliquemangacine.fr\\\/#organization\",\"name\":\"R\u00e9plique Manga Cin\u00e9\",\"url\":\"https:\\\/\\\/repliquemangacine.fr\\\/\",\"logo\":{\"@type\":\"ImageObject\",\"inLanguage\":\"es\",\"@id\":\"https:\\\/\\\/repliquemangacine.fr\\\/#\\\/schema\\\/logo\\\/image\\\/\",\"url\":\"https:\\\/\\\/repliquemangacine.fr\\\/wp-content\\\/uploads\\\/2023\\\/10\\\/RMC-500250.png\",\"contentUrl\":\"https:\\\/\\\/repliquemangacine.fr\\\/wp-content\\\/uploads\\\/2023\\\/10\\\/RMC-500250.png\",\"width\":500,\"height\":250,\"caption\":\"R\u00e9plique Manga Cin\u00e9\"},\"image\":{\"@id\":\"https:\\\/\\\/repliquemangacine.fr\\\/#\\\/schema\\\/logo\\\/image\\\/\"},\"sameAs\":[\"https:\\\/\\\/www.facebook.com\\\/RepliqueMangaCine\",\"https:\\\/\\\/www.instagram.com\\\/repliquemangacine.fr\\\/\"]}]}<\/script>\n<!-- \/ Yoast SEO plugin. -->","yoast_head_json":{"title":"Dobby Harry Potter figura de acci\u00f3n - Colecci\u00f3n de criaturas m\u00e1gicas - RMC","description":"\u00a1Desc\u00fabrelo ahora! Esta figura de Harry Potter Dobby al mejor precio - En PVC moldeado - Cabe en su peana - Caja expositora para lucirla al m\u00e1ximo","robots":{"index":"index","follow":"follow","max-snippet":"max-snippet:-1","max-image-preview":"max-image-preview:large","max-video-preview":"max-video-preview:-1"},"canonical":"https:\/\/repliquemangacine.fr\/es\/coleccionistas-y-objetos-de-harry-potter\/figurita-de-dobby-de-harry-potter\/","og_locale":"es_ES","og_type":"article","og_title":"Figurine Dobby Harry Potter - Collection cr\u00e9atures magiques - RMC","og_description":"D\u00e9couvrez vite ! Cette Figurine Dobby Harry Potter au meilleur prix - En PVC moul\u00e9 - S'embo\u00eete sur son support - Bo\u00eete vitrine pour la mettre en valeur","og_url":"https:\/\/repliquemangacine.fr\/es\/coleccionistas-y-objetos-de-harry-potter\/figurita-de-dobby-de-harry-potter\/","og_site_name":"R\u00e9plique Manga Cin\u00e9","article_publisher":"https:\/\/www.facebook.com\/RepliqueMangaCine","article_modified_time":"2026-01-15T15:04:01+00:00","og_image":[{"width":500,"height":500,"url":"https:\/\/repliquemangacine.fr\/wp-content\/uploads\/2023\/10\/dobby.jpg","type":"image\/jpeg"}],"twitter_card":"summary_large_image","twitter_misc":{"Tiempo de lectura":"3 minutos"},"schema":{"@context":"https:\/\/schema.org","@graph":[{"@type":"WebPage","@id":"https:\/\/repliquemangacine.fr\/collectors-et-goodies-harry-potter\/figurine-dobby-harry-potter\/","url":"https:\/\/repliquemangacine.fr\/collectors-et-goodies-harry-potter\/figurine-dobby-harry-potter\/","name":"Dobby Harry Potter figura de acci\u00f3n - Colecci\u00f3n de criaturas m\u00e1gicas - RMC","isPartOf":{"@id":"https:\/\/repliquemangacine.fr\/#website"},"primaryImageOfPage":{"@id":"https:\/\/repliquemangacine.fr\/collectors-et-goodies-harry-potter\/figurine-dobby-harry-potter\/#primaryimage"},"image":{"@id":"https:\/\/repliquemangacine.fr\/collectors-et-goodies-harry-potter\/figurine-dobby-harry-potter\/#primaryimage"},"thumbnailUrl":"https:\/\/repliquemangacine.fr\/wp-content\/uploads\/2023\/10\/dobby.jpg","datePublished":"2023-06-17T16:10:09+00:00","dateModified":"2026-01-15T15:04:01+00:00","description":"\u00a1Desc\u00fabrelo ahora! Esta figura de Harry Potter Dobby al mejor precio - En PVC moldeado - Cabe en su peana - Caja expositora para lucirla al m\u00e1ximo","breadcrumb":{"@id":"https:\/\/repliquemangacine.fr\/collectors-et-goodies-harry-potter\/figurine-dobby-harry-potter\/#breadcrumb"},"inLanguage":"es","potentialAction":[{"@type":"ReadAction","target":["https:\/\/repliquemangacine.fr\/collectors-et-goodies-harry-potter\/figurine-dobby-harry-potter\/"]}]},{"@type":"ImageObject","inLanguage":"es","@id":"https:\/\/repliquemangacine.fr\/collectors-et-goodies-harry-potter\/figurine-dobby-harry-potter\/#primaryimage","url":"https:\/\/repliquemangacine.fr\/wp-content\/uploads\/2023\/10\/dobby.jpg","contentUrl":"https:\/\/repliquemangacine.fr\/wp-content\/uploads\/2023\/10\/dobby.jpg","width":500,"height":500,"caption":"Figurine Dobby Harry Potter"},{"@type":"BreadcrumbList","@id":"https:\/\/repliquemangacine.fr\/collectors-et-goodies-harry-potter\/figurine-dobby-harry-potter\/#breadcrumb","itemListElement":[{"@type":"ListItem","position":1,"name":"Accueil","item":"https:\/\/repliquemangacine.fr\/"},{"@type":"ListItem","position":2,"name":"Produits","item":"https:\/\/repliquemangacine.fr\/boutique\/"},{"@type":"ListItem","position":3,"name":"Figurine Dobby Harry Potter"}]},{"@type":"WebSite","@id":"https:\/\/repliquemangacine.fr\/#website","url":"https:\/\/repliquemangacine.fr\/","name":"R\u00e9plique Manga Cin\u00e9","description":"","publisher":{"@id":"https:\/\/repliquemangacine.fr\/#organization"},"potentialAction":[{"@type":"SearchAction","target":{"@type":"EntryPoint","urlTemplate":"https:\/\/repliquemangacine.fr\/?s={search_term_string}"},"query-input":{"@type":"PropertyValueSpecification","valueRequired":true,"valueName":"search_term_string"}}],"inLanguage":"es"},{"@type":"Organization","@id":"https:\/\/repliquemangacine.fr\/#organization","name":"R\u00e9plique Manga Cin\u00e9","url":"https:\/\/repliquemangacine.fr\/","logo":{"@type":"ImageObject","inLanguage":"es","@id":"https:\/\/repliquemangacine.fr\/#\/schema\/logo\/image\/","url":"https:\/\/repliquemangacine.fr\/wp-content\/uploads\/2023\/10\/RMC-500250.png","contentUrl":"https:\/\/repliquemangacine.fr\/wp-content\/uploads\/2023\/10\/RMC-500250.png","width":500,"height":250,"caption":"R\u00e9plique Manga Cin\u00e9"},"image":{"@id":"https:\/\/repliquemangacine.fr\/#\/schema\/logo\/image\/"},"sameAs":["https:\/\/www.facebook.com\/RepliqueMangaCine","https:\/\/www.instagram.com\/repliquemangacine.fr\/"]}]}},"_links":{"self":[{"href":"https:\/\/repliquemangacine.fr\/es\/wp-json\/wp\/v2\/product\/60966","targetHints":{"allow":["GET"]}}],"collection":[{"href":"https:\/\/repliquemangacine.fr\/es\/wp-json\/wp\/v2\/product"}],"about":[{"href":"https:\/\/repliquemangacine.fr\/es\/wp-json\/wp\/v2\/types\/product"}],"wp:featuredmedia":[{"embeddable":true,"href":"https:\/\/repliquemangacine.fr\/es\/wp-json\/wp\/v2\/media\/60967"}],"wp:attachment":[{"href":"https:\/\/repliquemangacine.fr\/es\/wp-json\/wp\/v2\/media?parent=60966"}],"wp:term":[{"taxonomy":"product_brand","embeddable":true,"href":"https:\/\/repliquemangacine.fr\/es\/wp-json\/wp\/v2\/product_brand?post=60966"},{"taxonomy":"product_cat","embeddable":true,"href":"https:\/\/repliquemangacine.fr\/es\/wp-json\/wp\/v2\/product_cat?post=60966"},{"taxonomy":"product_tag","embeddable":true,"href":"https:\/\/repliquemangacine.fr\/es\/wp-json\/wp\/v2\/product_tag?post=60966"}],"curies":[{"name":"wp","href":"https:\/\/api.w.org\/{rel}","templated":true}]}}