





{"id":60952,"date":"2023-06-17T16:28:38","date_gmt":"2023-06-17T14:28:38","guid":{"rendered":"https:\/\/repliquemangacine.fr\/?post_type=product&#038;p=60952"},"modified":"2026-01-15T16:05:00","modified_gmt":"2026-01-15T15:05:00","slug":"medallon-salazar-serpentard","status":"publish","type":"product","link":"https:\/\/repliquemangacine.fr\/es\/collectors-et-goodies-harry-potter\/medaillon-de-salazar-serpentard\/","title":{"rendered":"Medall\u00f3n de Slytherin Salazar"},"content":{"rendered":"<h2>Medall\u00f3n de Slytherin Salazar - Horrocrux - Harry Potter<\/h2>\n<p>Para empezar, el medall\u00f3n de Salazar Slytherin es uno de los siete Horrocruxes creados por Voldemort. De hecho, para asegurarse la inmortalidad, Lord Voldemort divide su alma en siete Horrocruxes, objetos que contienen una peque\u00f1a parte de \u00e9l.<\/p>\n<p>Para crear un Horrocrux, es necesario cometer un asesinato, por lo que se trata de objetos de magia negra. Robado del Ministerio de Magia a Dolores Umbridge y destruido por Ron con la espada de Gryffindor.<\/p>\n<p>Esta r\u00e9plica representa el medall\u00f3n aut\u00e9ntico, en el que se puede ver una \u201cS\u201d (marca ausente en el medall\u00f3n falso encontrado en el s\u00f3tano), inicial de la casa Slytherin y de su creador Salazar.<\/p>\n<p>La bonita caja de presentaci\u00f3n le permitir\u00e1 lucirlo. Adem\u00e1s, se abre para guardar una nota o un peque\u00f1o objeto. Distribuido por <a href=\"https:\/\/noblecollection.fr\/medaillon-salazar-serpentard-horcruxe-harry-potter-p-687.html\" target=\"_blank\" rel=\"noopener noreferrer\">Colecci\u00f3n Noble<\/a>.<\/p>\n<h2>\u00a1Tu Medall\u00f3n Slytherin Salazar al mejor precio!<\/h2>\n<p>Le ofrecemos una amplia selecci\u00f3n de r\u00e9plicas oficiales y, adem\u00e1s, varitas m\u00e1gicas a precios econ\u00f3micos.<\/p>\n<p>Lo primero y m\u00e1s importante,<\/p>\n<ul>\n<li>El espl\u00e9ndido <a href=\"https:\/\/repliquemangacine.fr\/es\/coleccionistas-y-objetos-de-harry-potter\/tablero-de-ajedrez-de-los-magos-juego-de-ajedrez-hp\/\">tablero de ajedrez del brujo<\/a> en Harry Potter y la piedra filosofal.<\/li>\n<li>Tambi\u00e9n est\u00e1 el magn\u00edfico <a href=\"https:\/\/repliquemangacine.fr\/es\/coleccionistas-y-objetos-de-harry-potter\/sombrero-interactivo-de-harry-potter\/\">Tablero interactivo<\/a> y magia bajo licencia oficial.<\/li>\n<li>As\u00ed como todas las varitas oficiales y r\u00e9plicas de personajes<\/li>\n<li>Y mucho, mucho m\u00e1s por descubrir en nuestra tienda en l\u00ednea.<\/li>\n<\/ul>\n<p>Por eso, aqu\u00ed tienes unas ideas fant\u00e1sticas para regalar a todos los fans de la saga Harry Potter.<\/p>\n<p>Para terminar, tambi\u00e9n puede llevar su <strong>Medall\u00f3n de Slytherin Salazar<\/strong> para tus desfiles de cosplay o veladas tem\u00e1ticas. Pero, sobre todo, es una pieza de coleccionista.<\/p>\n<h2>Descubre nuestros \u00faltimos lanzamientos de Harry Potter.<\/h2>\n<p>Siempre a la b\u00fasqueda de las \u00faltimas novedades del mercado, te ofrecemos algunas r\u00e9plicas que necesitas para ampliar tu colecci\u00f3n personal.<\/p>\n<p>En primer lugar, nos lo hab\u00e9is pedido y \u00a1ya est\u00e1 aqu\u00ed!<\/p>\n<ul>\n<li>Packs de ropa de 6 piezas de Gryffindor o Slytherin para ni\u00f1os y adultos.<\/li>\n<li>Tambi\u00e9n hay figuras de las criaturas m\u00e1gicas Hedwig, que lleva el n\u00ba 1, y Dobby, que lleva el n\u00ba 2.<\/li>\n<li>Adem\u00e1s del bolso de Hermione Granger, la r\u00e9plica del mapa del Merodeador ...<\/li>\n<li>Y muchos m\u00e1s por descubrir pr\u00f3ximamente en nuestra tienda.<\/li>\n<\/ul>\n<p>En conclusi\u00f3n, no intente crear su propia <strong>Medall\u00f3n de Slytherin Salazar<\/strong> en un Horrocrux, \u00a1el Ministerio de Magia te est\u00e1 vigilando!<\/p>","protected":false},"excerpt":{"rendered":"<p>R\u00e9plica aut\u00e9ntica con licencia oficial del medall\u00f3n de Slytherin Salazar.<\/p>\n<ul>\n<li>Lat\u00f3n y ba\u00f1o de plata.<\/li>\n<li>El Horrocrux se abre para deslizar una nota<\/li>\n<li>Cadena de 60 cm<\/li>\n<li>Caja de presentaci\u00f3n de madera para coleccionistas<\/li>\n<li>Tama\u00f1o del medall\u00f3n: 5 cm X 4 cm<\/li>\n<li>Tama\u00f1o de la caja: 12 X 10 X 6 cm<\/li>\n<\/ul>","protected":false},"featured_media":60953,"template":"","meta":[],"product_brand":[896],"product_cat":[87,24,41],"product_tag":[],"class_list":{"0":"post-60952","1":"product","2":"type-product","3":"status-publish","4":"has-post-thumbnail","6":"product_brand-replique-manga-cine","7":"product_cat-collectors-et-goodies-harry-potter","8":"product_cat-films-series-tv-vente-de-katana-epee-et-produits-derives","9":"product_cat-baguettes-et-goodies-harry-potter","11":"first","12":"instock","13":"taxable","14":"shipping-taxable","15":"purchasable","16":"product-type-simple"},"yoast_head":"<!-- This site is optimized with the Yoast SEO plugin v27.4 - https:\/\/yoast.com\/product\/yoast-seo-wordpress\/ -->\n<title>M\u00e9daillon de Salazar Serpentard - Officiel Noble Collection - RMC<\/title>\n<meta name=\"description\" content=\"D\u00e9couvrez vite ! Ce splendide M\u00e9daillon de Salazar Serpentard dans Harry Potter au meilleur prix - En laiton et plaqu\u00e9 argent - Bo\u00eete en bois - Officiel\" \/>\n<meta name=\"robots\" content=\"index, follow, max-snippet:-1, max-image-preview:large, max-video-preview:-1\" \/>\n<link rel=\"canonical\" href=\"https:\/\/repliquemangacine.fr\/es\/coleccionistas-y-objetos-de-harry-potter\/medallon-salazar-serpentard\/\" \/>\n<meta property=\"og:locale\" content=\"es_ES\" \/>\n<meta property=\"og:type\" content=\"article\" \/>\n<meta property=\"og:title\" content=\"M\u00e9daillon de Salazar Serpentard - Officiel Noble Collection - RMC\" \/>\n<meta property=\"og:description\" content=\"D\u00e9couvrez vite ! Ce splendide M\u00e9daillon de Salazar Serpentard dans Harry Potter au meilleur prix - En laiton et plaqu\u00e9 argent - Bo\u00eete en bois - Officiel\" \/>\n<meta property=\"og:url\" content=\"https:\/\/repliquemangacine.fr\/es\/coleccionistas-y-objetos-de-harry-potter\/medallon-salazar-serpentard\/\" \/>\n<meta property=\"og:site_name\" content=\"R\u00e9plique Manga Cin\u00e9\" \/>\n<meta property=\"article:publisher\" content=\"https:\/\/www.facebook.com\/RepliqueMangaCine\" \/>\n<meta property=\"article:modified_time\" content=\"2026-01-15T15:05:00+00:00\" \/>\n<meta property=\"og:image\" content=\"https:\/\/repliquemangacine.fr\/wp-content\/uploads\/2023\/10\/horcrux.jpg\" \/>\n\t<meta property=\"og:image:width\" content=\"500\" \/>\n\t<meta property=\"og:image:height\" content=\"500\" \/>\n\t<meta property=\"og:image:type\" content=\"image\/jpeg\" \/>\n<meta name=\"twitter:card\" content=\"summary_large_image\" \/>\n<meta name=\"twitter:label1\" content=\"Tiempo de lectura\" \/>\n\t<meta name=\"twitter:data1\" content=\"3 minutos\" \/>\n<script type=\"application\/ld+json\" class=\"yoast-schema-graph\">{\"@context\":\"https:\\\/\\\/schema.org\",\"@graph\":[{\"@type\":\"WebPage\",\"@id\":\"https:\\\/\\\/repliquemangacine.fr\\\/collectors-et-goodies-harry-potter\\\/medaillon-de-salazar-serpentard\\\/\",\"url\":\"https:\\\/\\\/repliquemangacine.fr\\\/collectors-et-goodies-harry-potter\\\/medaillon-de-salazar-serpentard\\\/\",\"name\":\"M\u00e9daillon de Salazar Serpentard - Officiel Noble Collection - RMC\",\"isPartOf\":{\"@id\":\"https:\\\/\\\/repliquemangacine.fr\\\/#website\"},\"primaryImageOfPage\":{\"@id\":\"https:\\\/\\\/repliquemangacine.fr\\\/collectors-et-goodies-harry-potter\\\/medaillon-de-salazar-serpentard\\\/#primaryimage\"},\"image\":{\"@id\":\"https:\\\/\\\/repliquemangacine.fr\\\/collectors-et-goodies-harry-potter\\\/medaillon-de-salazar-serpentard\\\/#primaryimage\"},\"thumbnailUrl\":\"https:\\\/\\\/repliquemangacine.fr\\\/wp-content\\\/uploads\\\/2023\\\/10\\\/horcrux.jpg\",\"datePublished\":\"2023-06-17T14:28:38+00:00\",\"dateModified\":\"2026-01-15T15:05:00+00:00\",\"description\":\"D\u00e9couvrez vite ! Ce splendide M\u00e9daillon de Salazar Serpentard dans Harry Potter au meilleur prix - En laiton et plaqu\u00e9 argent - Bo\u00eete en bois - Officiel\",\"breadcrumb\":{\"@id\":\"https:\\\/\\\/repliquemangacine.fr\\\/collectors-et-goodies-harry-potter\\\/medaillon-de-salazar-serpentard\\\/#breadcrumb\"},\"inLanguage\":\"es\",\"potentialAction\":[{\"@type\":\"ReadAction\",\"target\":[\"https:\\\/\\\/repliquemangacine.fr\\\/collectors-et-goodies-harry-potter\\\/medaillon-de-salazar-serpentard\\\/\"]}]},{\"@type\":\"ImageObject\",\"inLanguage\":\"es\",\"@id\":\"https:\\\/\\\/repliquemangacine.fr\\\/collectors-et-goodies-harry-potter\\\/medaillon-de-salazar-serpentard\\\/#primaryimage\",\"url\":\"https:\\\/\\\/repliquemangacine.fr\\\/wp-content\\\/uploads\\\/2023\\\/10\\\/horcrux.jpg\",\"contentUrl\":\"https:\\\/\\\/repliquemangacine.fr\\\/wp-content\\\/uploads\\\/2023\\\/10\\\/horcrux.jpg\",\"width\":500,\"height\":500,\"caption\":\"M\u00e9daillon de Salazar Serpentard\"},{\"@type\":\"BreadcrumbList\",\"@id\":\"https:\\\/\\\/repliquemangacine.fr\\\/collectors-et-goodies-harry-potter\\\/medaillon-de-salazar-serpentard\\\/#breadcrumb\",\"itemListElement\":[{\"@type\":\"ListItem\",\"position\":1,\"name\":\"Accueil\",\"item\":\"https:\\\/\\\/repliquemangacine.fr\\\/\"},{\"@type\":\"ListItem\",\"position\":2,\"name\":\"Produits\",\"item\":\"https:\\\/\\\/repliquemangacine.fr\\\/boutique\\\/\"},{\"@type\":\"ListItem\",\"position\":3,\"name\":\"M\u00e9daillon de Salazar Serpentard\"}]},{\"@type\":\"WebSite\",\"@id\":\"https:\\\/\\\/repliquemangacine.fr\\\/#website\",\"url\":\"https:\\\/\\\/repliquemangacine.fr\\\/\",\"name\":\"R\u00e9plique Manga Cin\u00e9\",\"description\":\"\",\"publisher\":{\"@id\":\"https:\\\/\\\/repliquemangacine.fr\\\/#organization\"},\"potentialAction\":[{\"@type\":\"SearchAction\",\"target\":{\"@type\":\"EntryPoint\",\"urlTemplate\":\"https:\\\/\\\/repliquemangacine.fr\\\/?s={search_term_string}\"},\"query-input\":{\"@type\":\"PropertyValueSpecification\",\"valueRequired\":true,\"valueName\":\"search_term_string\"}}],\"inLanguage\":\"es\"},{\"@type\":\"Organization\",\"@id\":\"https:\\\/\\\/repliquemangacine.fr\\\/#organization\",\"name\":\"R\u00e9plique Manga Cin\u00e9\",\"url\":\"https:\\\/\\\/repliquemangacine.fr\\\/\",\"logo\":{\"@type\":\"ImageObject\",\"inLanguage\":\"es\",\"@id\":\"https:\\\/\\\/repliquemangacine.fr\\\/#\\\/schema\\\/logo\\\/image\\\/\",\"url\":\"https:\\\/\\\/repliquemangacine.fr\\\/wp-content\\\/uploads\\\/2023\\\/10\\\/RMC-500250.png\",\"contentUrl\":\"https:\\\/\\\/repliquemangacine.fr\\\/wp-content\\\/uploads\\\/2023\\\/10\\\/RMC-500250.png\",\"width\":500,\"height\":250,\"caption\":\"R\u00e9plique Manga Cin\u00e9\"},\"image\":{\"@id\":\"https:\\\/\\\/repliquemangacine.fr\\\/#\\\/schema\\\/logo\\\/image\\\/\"},\"sameAs\":[\"https:\\\/\\\/www.facebook.com\\\/RepliqueMangaCine\",\"https:\\\/\\\/www.instagram.com\\\/repliquemangacine.fr\\\/\"]}]}<\/script>\n<!-- \/ Yoast SEO plugin. -->","yoast_head_json":{"title":"Medall\u00f3n Slytherin Salazar - Colecci\u00f3n Oficial Noble - RMC","description":"\u00a1Desc\u00fabrelo ahora! Este espl\u00e9ndido medall\u00f3n de Slytherin Salazar de Harry Potter al mejor precio - Lat\u00f3n y ba\u00f1o de plata - Caja de madera - Oficial","robots":{"index":"index","follow":"follow","max-snippet":"max-snippet:-1","max-image-preview":"max-image-preview:large","max-video-preview":"max-video-preview:-1"},"canonical":"https:\/\/repliquemangacine.fr\/es\/coleccionistas-y-objetos-de-harry-potter\/medallon-salazar-serpentard\/","og_locale":"es_ES","og_type":"article","og_title":"M\u00e9daillon de Salazar Serpentard - Officiel Noble Collection - RMC","og_description":"D\u00e9couvrez vite ! Ce splendide M\u00e9daillon de Salazar Serpentard dans Harry Potter au meilleur prix - En laiton et plaqu\u00e9 argent - Bo\u00eete en bois - Officiel","og_url":"https:\/\/repliquemangacine.fr\/es\/coleccionistas-y-objetos-de-harry-potter\/medallon-salazar-serpentard\/","og_site_name":"R\u00e9plique Manga Cin\u00e9","article_publisher":"https:\/\/www.facebook.com\/RepliqueMangaCine","article_modified_time":"2026-01-15T15:05:00+00:00","og_image":[{"width":500,"height":500,"url":"https:\/\/repliquemangacine.fr\/wp-content\/uploads\/2023\/10\/horcrux.jpg","type":"image\/jpeg"}],"twitter_card":"summary_large_image","twitter_misc":{"Tiempo de lectura":"3 minutos"},"schema":{"@context":"https:\/\/schema.org","@graph":[{"@type":"WebPage","@id":"https:\/\/repliquemangacine.fr\/collectors-et-goodies-harry-potter\/medaillon-de-salazar-serpentard\/","url":"https:\/\/repliquemangacine.fr\/collectors-et-goodies-harry-potter\/medaillon-de-salazar-serpentard\/","name":"Medall\u00f3n Slytherin Salazar - Colecci\u00f3n Oficial Noble - RMC","isPartOf":{"@id":"https:\/\/repliquemangacine.fr\/#website"},"primaryImageOfPage":{"@id":"https:\/\/repliquemangacine.fr\/collectors-et-goodies-harry-potter\/medaillon-de-salazar-serpentard\/#primaryimage"},"image":{"@id":"https:\/\/repliquemangacine.fr\/collectors-et-goodies-harry-potter\/medaillon-de-salazar-serpentard\/#primaryimage"},"thumbnailUrl":"https:\/\/repliquemangacine.fr\/wp-content\/uploads\/2023\/10\/horcrux.jpg","datePublished":"2023-06-17T14:28:38+00:00","dateModified":"2026-01-15T15:05:00+00:00","description":"\u00a1Desc\u00fabrelo ahora! Este espl\u00e9ndido medall\u00f3n de Slytherin Salazar de Harry Potter al mejor precio - Lat\u00f3n y ba\u00f1o de plata - Caja de madera - Oficial","breadcrumb":{"@id":"https:\/\/repliquemangacine.fr\/collectors-et-goodies-harry-potter\/medaillon-de-salazar-serpentard\/#breadcrumb"},"inLanguage":"es","potentialAction":[{"@type":"ReadAction","target":["https:\/\/repliquemangacine.fr\/collectors-et-goodies-harry-potter\/medaillon-de-salazar-serpentard\/"]}]},{"@type":"ImageObject","inLanguage":"es","@id":"https:\/\/repliquemangacine.fr\/collectors-et-goodies-harry-potter\/medaillon-de-salazar-serpentard\/#primaryimage","url":"https:\/\/repliquemangacine.fr\/wp-content\/uploads\/2023\/10\/horcrux.jpg","contentUrl":"https:\/\/repliquemangacine.fr\/wp-content\/uploads\/2023\/10\/horcrux.jpg","width":500,"height":500,"caption":"M\u00e9daillon de Salazar Serpentard"},{"@type":"BreadcrumbList","@id":"https:\/\/repliquemangacine.fr\/collectors-et-goodies-harry-potter\/medaillon-de-salazar-serpentard\/#breadcrumb","itemListElement":[{"@type":"ListItem","position":1,"name":"Accueil","item":"https:\/\/repliquemangacine.fr\/"},{"@type":"ListItem","position":2,"name":"Produits","item":"https:\/\/repliquemangacine.fr\/boutique\/"},{"@type":"ListItem","position":3,"name":"M\u00e9daillon de Salazar Serpentard"}]},{"@type":"WebSite","@id":"https:\/\/repliquemangacine.fr\/#website","url":"https:\/\/repliquemangacine.fr\/","name":"R\u00e9plique Manga Cin\u00e9","description":"","publisher":{"@id":"https:\/\/repliquemangacine.fr\/#organization"},"potentialAction":[{"@type":"SearchAction","target":{"@type":"EntryPoint","urlTemplate":"https:\/\/repliquemangacine.fr\/?s={search_term_string}"},"query-input":{"@type":"PropertyValueSpecification","valueRequired":true,"valueName":"search_term_string"}}],"inLanguage":"es"},{"@type":"Organization","@id":"https:\/\/repliquemangacine.fr\/#organization","name":"R\u00e9plique Manga Cin\u00e9","url":"https:\/\/repliquemangacine.fr\/","logo":{"@type":"ImageObject","inLanguage":"es","@id":"https:\/\/repliquemangacine.fr\/#\/schema\/logo\/image\/","url":"https:\/\/repliquemangacine.fr\/wp-content\/uploads\/2023\/10\/RMC-500250.png","contentUrl":"https:\/\/repliquemangacine.fr\/wp-content\/uploads\/2023\/10\/RMC-500250.png","width":500,"height":250,"caption":"R\u00e9plique Manga Cin\u00e9"},"image":{"@id":"https:\/\/repliquemangacine.fr\/#\/schema\/logo\/image\/"},"sameAs":["https:\/\/www.facebook.com\/RepliqueMangaCine","https:\/\/www.instagram.com\/repliquemangacine.fr\/"]}]}},"_links":{"self":[{"href":"https:\/\/repliquemangacine.fr\/es\/wp-json\/wp\/v2\/product\/60952","targetHints":{"allow":["GET"]}}],"collection":[{"href":"https:\/\/repliquemangacine.fr\/es\/wp-json\/wp\/v2\/product"}],"about":[{"href":"https:\/\/repliquemangacine.fr\/es\/wp-json\/wp\/v2\/types\/product"}],"wp:featuredmedia":[{"embeddable":true,"href":"https:\/\/repliquemangacine.fr\/es\/wp-json\/wp\/v2\/media\/60953"}],"wp:attachment":[{"href":"https:\/\/repliquemangacine.fr\/es\/wp-json\/wp\/v2\/media?parent=60952"}],"wp:term":[{"taxonomy":"product_brand","embeddable":true,"href":"https:\/\/repliquemangacine.fr\/es\/wp-json\/wp\/v2\/product_brand?post=60952"},{"taxonomy":"product_cat","embeddable":true,"href":"https:\/\/repliquemangacine.fr\/es\/wp-json\/wp\/v2\/product_cat?post=60952"},{"taxonomy":"product_tag","embeddable":true,"href":"https:\/\/repliquemangacine.fr\/es\/wp-json\/wp\/v2\/product_tag?post=60952"}],"curies":[{"name":"wp","href":"https:\/\/api.w.org\/{rel}","templated":true}]}}