





{"id":60862,"date":"2023-06-16T09:22:15","date_gmt":"2023-06-16T07:22:15","guid":{"rendered":"https:\/\/repliquemangacine.fr\/?post_type=product&#038;p=60862"},"modified":"2026-02-23T07:53:56","modified_gmt":"2026-02-23T06:53:56","slug":"naruto-katana-de-madera","status":"publish","type":"product","link":"https:\/\/repliquemangacine.fr\/es\/katana-naruto\/katana-bois-naruto\/","title":{"rendered":"Katana de madera de Naruto"},"content":{"rendered":"<h2>Katana de madera de Naruto, espada de Kusanagi<\/h2>\n<p>Para empezar, el <strong>Katana de madera de Naruto<\/strong>, esta espada Kusanagi de Sasuke se opone a la versi\u00f3n negra del anime.<\/p>\n<p>En primer lugar, es una espada legendaria japonesa, tan importante en este pa\u00eds como lo es Excalibur en Inglaterra. Es una de las tres reliquias de la corona imperial de Jap\u00f3n. Su representaci\u00f3n en la cultura japonesa, en pel\u00edculas, animes y novelas, var\u00eda considerablemente. Cada autor tiene su propia idea y su propio dise\u00f1o.<\/p>\n<p>As\u00ed, en el manga animado Naruto, Orochimaru posee la espada de Kusanagi, que tiene fama de ser m\u00e1s resistente que el diamante. La utiliza para matar al tercer Hokage durante el examen final de ch\u016bnin. <a href=\"https:\/\/naruto.fandom.com\/fr\/wiki\/Sasuke_Uchiwa\" target=\"_blank\" rel=\"noopener noreferrer\">Sasuke<\/a> tiene otra versi\u00f3n de la espada Kusanagi, no es la misma, pero tiene el mismo nombre.<\/p>\n<h2>Tu Katana de madera de Naruto al mejor precio.<\/h2>\n<p>Te ofrecemos todas las r\u00e9plicas de tus personajes favoritos de este manga animado Naruto.<\/p>\n<p>Lo primero y m\u00e1s importante,<\/p>\n<ul>\n<li>L' <a href=\"https:\/\/repliquemangacine.fr\/es\/katana-naruto\/kusanagi-espada-sasuke-naruto\/\">Espada Kusanagi<\/a>Una versi\u00f3n negra del anime de metal o madera.<\/li>\n<li>Pero tambi\u00e9n la <a href=\"https:\/\/repliquemangacine.fr\/es\/naruto-kunai-y-shuriken\/gran-kunai-blanco-de-naruto\/\">Kunai grande<\/a> as\u00ed como las cuchillas Chakra.<\/li>\n<li>Y muchos m\u00e1s por descubrir en nuestra tienda en l\u00ednea.<\/li>\n<\/ul>\n<p>Por eso, aqu\u00ed tienes unas ideas estupendas para regalar a los fans de Naruto.<\/p>\n<p>En conclusi\u00f3n, tambi\u00e9n puede utilizar este <strong>Katana de madera de Naruto<\/strong> para tus desfiles de cosplay o veladas tem\u00e1ticas. Pero, sobre todo, la espada Kusanagi es tambi\u00e9n una pieza de coleccionista y un objeto decorativo.<\/p>\n<h2>Nuestras novedades Naruto baratas<\/h2>\n<p>Siempre estamos a la b\u00fasqueda de novedades, \u00a1as\u00ed que tenemos algunas peque\u00f1as pepitas para que descubras en un futuro pr\u00f3ximo! Podr\u00e1s pasearte por tus convenciones manga con el <strong>espadas Kusanagi de madera<\/strong> de Sasuk\u00e9 Uchiwa en versi\u00f3n manga y anime. Tambi\u00e9n habr\u00e1 figuras de Naruto y p\u00f3sters de tus personajes favoritos.<\/p>\n<p>R\u00e9plique Manga Cin\u00e9 es una empresa francesa.<\/p>\n<p>Le informamos de que todas nuestras r\u00e9plicas son objetos de colecci\u00f3n y decoraci\u00f3n. Puede utilizarlas para recreaciones hist\u00f3ricas, desfiles de cosplay o para decorar su hogar. Por lo tanto, no es posible llevar estas r\u00e9plicas a lugares p\u00fablicos.<\/p>","protected":false},"excerpt":{"rendered":"<p>R\u00e9plica id\u00e9ntica de la katana met\u00e1lica de Sasuke<\/p>\n<ul>\n<li>Hoja de madera pintada.<\/li>\n<li>Funda y mango de ABS moldeado<\/li>\n<li>Signo del Uchiwa.<\/li>\n<li>Longitud de la hoja: 70 cm - Longitud total: 102 cm<\/li>\n<\/ul>","protected":false},"featured_media":60863,"template":"","meta":[],"product_brand":[896],"product_cat":[109,23,42],"product_tag":[],"class_list":{"0":"post-60862","1":"product","2":"type-product","3":"status-publish","4":"has-post-thumbnail","6":"product_brand-replique-manga-cine","7":"product_cat-katana-naruto","8":"product_cat-repliques-manga-jeux-video","9":"product_cat-katana-goodies-naruto-kunai","11":"first","12":"instock","13":"sale","14":"taxable","15":"shipping-taxable","16":"purchasable","17":"product-type-simple"},"yoast_head":"<!-- This site is optimized with the Yoast SEO plugin v27.4 - https:\/\/yoast.com\/product\/yoast-seo-wordpress\/ -->\n<title>Katana bois Naruto - Vente en ligne katana, goodies Naruto - RMC<\/title>\n<meta name=\"description\" content=\"Offrez-lui ! Ce Katana bois Naruto au meilleur prix. Lame en bois sans danger pour vos enfants - Fourreau et poign\u00e9e en ABS moul\u00e9 - Longueur totale : 102 cm\" \/>\n<meta name=\"robots\" content=\"index, follow, max-snippet:-1, max-image-preview:large, max-video-preview:-1\" \/>\n<link rel=\"canonical\" href=\"https:\/\/repliquemangacine.fr\/es\/katana-naruto\/naruto-katana-de-madera\/\" \/>\n<meta property=\"og:locale\" content=\"es_ES\" \/>\n<meta property=\"og:type\" content=\"article\" \/>\n<meta property=\"og:title\" content=\"Katana bois Naruto - Vente en ligne katana, goodies Naruto - RMC\" \/>\n<meta property=\"og:description\" content=\"Offrez-lui ! Ce Katana bois Naruto au meilleur prix. Lame en bois sans danger pour vos enfants - Fourreau et poign\u00e9e en ABS moul\u00e9 - Longueur totale : 102 cm\" \/>\n<meta property=\"og:url\" content=\"https:\/\/repliquemangacine.fr\/es\/katana-naruto\/naruto-katana-de-madera\/\" \/>\n<meta property=\"og:site_name\" content=\"R\u00e9plique Manga Cin\u00e9\" \/>\n<meta property=\"article:publisher\" content=\"https:\/\/www.facebook.com\/RepliqueMangaCine\" \/>\n<meta property=\"article:modified_time\" content=\"2026-02-23T06:53:56+00:00\" \/>\n<meta property=\"og:image\" content=\"https:\/\/repliquemangacine.fr\/wp-content\/uploads\/2023\/10\/katana-naruto-blanc.jpg\" \/>\n\t<meta property=\"og:image:width\" content=\"500\" \/>\n\t<meta property=\"og:image:height\" content=\"500\" \/>\n\t<meta property=\"og:image:type\" content=\"image\/jpeg\" \/>\n<meta name=\"twitter:card\" content=\"summary_large_image\" \/>\n<meta name=\"twitter:label1\" content=\"Tiempo de lectura\" \/>\n\t<meta name=\"twitter:data1\" content=\"3 minutos\" \/>\n<script type=\"application\/ld+json\" class=\"yoast-schema-graph\">{\"@context\":\"https:\\\/\\\/schema.org\",\"@graph\":[{\"@type\":\"WebPage\",\"@id\":\"https:\\\/\\\/repliquemangacine.fr\\\/katana-naruto\\\/katana-bois-naruto\\\/\",\"url\":\"https:\\\/\\\/repliquemangacine.fr\\\/katana-naruto\\\/katana-bois-naruto\\\/\",\"name\":\"Katana bois Naruto - Vente en ligne katana, goodies Naruto - RMC\",\"isPartOf\":{\"@id\":\"https:\\\/\\\/repliquemangacine.fr\\\/#website\"},\"primaryImageOfPage\":{\"@id\":\"https:\\\/\\\/repliquemangacine.fr\\\/katana-naruto\\\/katana-bois-naruto\\\/#primaryimage\"},\"image\":{\"@id\":\"https:\\\/\\\/repliquemangacine.fr\\\/katana-naruto\\\/katana-bois-naruto\\\/#primaryimage\"},\"thumbnailUrl\":\"https:\\\/\\\/repliquemangacine.fr\\\/wp-content\\\/uploads\\\/2023\\\/10\\\/katana-naruto-blanc.jpg\",\"datePublished\":\"2023-06-16T07:22:15+00:00\",\"dateModified\":\"2026-02-23T06:53:56+00:00\",\"description\":\"Offrez-lui ! Ce Katana bois Naruto au meilleur prix. Lame en bois sans danger pour vos enfants - Fourreau et poign\u00e9e en ABS moul\u00e9 - Longueur totale : 102 cm\",\"breadcrumb\":{\"@id\":\"https:\\\/\\\/repliquemangacine.fr\\\/katana-naruto\\\/katana-bois-naruto\\\/#breadcrumb\"},\"inLanguage\":\"es\",\"potentialAction\":[{\"@type\":\"ReadAction\",\"target\":[\"https:\\\/\\\/repliquemangacine.fr\\\/katana-naruto\\\/katana-bois-naruto\\\/\"]}]},{\"@type\":\"ImageObject\",\"inLanguage\":\"es\",\"@id\":\"https:\\\/\\\/repliquemangacine.fr\\\/katana-naruto\\\/katana-bois-naruto\\\/#primaryimage\",\"url\":\"https:\\\/\\\/repliquemangacine.fr\\\/wp-content\\\/uploads\\\/2023\\\/10\\\/katana-naruto-blanc.jpg\",\"contentUrl\":\"https:\\\/\\\/repliquemangacine.fr\\\/wp-content\\\/uploads\\\/2023\\\/10\\\/katana-naruto-blanc.jpg\",\"width\":500,\"height\":500,\"caption\":\"Katana bois Naruto\"},{\"@type\":\"BreadcrumbList\",\"@id\":\"https:\\\/\\\/repliquemangacine.fr\\\/katana-naruto\\\/katana-bois-naruto\\\/#breadcrumb\",\"itemListElement\":[{\"@type\":\"ListItem\",\"position\":1,\"name\":\"Accueil\",\"item\":\"https:\\\/\\\/repliquemangacine.fr\\\/\"},{\"@type\":\"ListItem\",\"position\":2,\"name\":\"Produits\",\"item\":\"https:\\\/\\\/repliquemangacine.fr\\\/boutique\\\/\"},{\"@type\":\"ListItem\",\"position\":3,\"name\":\"Katana bois Naruto\"}]},{\"@type\":\"WebSite\",\"@id\":\"https:\\\/\\\/repliquemangacine.fr\\\/#website\",\"url\":\"https:\\\/\\\/repliquemangacine.fr\\\/\",\"name\":\"R\u00e9plique Manga Cin\u00e9\",\"description\":\"\",\"publisher\":{\"@id\":\"https:\\\/\\\/repliquemangacine.fr\\\/#organization\"},\"potentialAction\":[{\"@type\":\"SearchAction\",\"target\":{\"@type\":\"EntryPoint\",\"urlTemplate\":\"https:\\\/\\\/repliquemangacine.fr\\\/?s={search_term_string}\"},\"query-input\":{\"@type\":\"PropertyValueSpecification\",\"valueRequired\":true,\"valueName\":\"search_term_string\"}}],\"inLanguage\":\"es\"},{\"@type\":\"Organization\",\"@id\":\"https:\\\/\\\/repliquemangacine.fr\\\/#organization\",\"name\":\"R\u00e9plique Manga Cin\u00e9\",\"url\":\"https:\\\/\\\/repliquemangacine.fr\\\/\",\"logo\":{\"@type\":\"ImageObject\",\"inLanguage\":\"es\",\"@id\":\"https:\\\/\\\/repliquemangacine.fr\\\/#\\\/schema\\\/logo\\\/image\\\/\",\"url\":\"https:\\\/\\\/repliquemangacine.fr\\\/wp-content\\\/uploads\\\/2023\\\/10\\\/RMC-500250.png\",\"contentUrl\":\"https:\\\/\\\/repliquemangacine.fr\\\/wp-content\\\/uploads\\\/2023\\\/10\\\/RMC-500250.png\",\"width\":500,\"height\":250,\"caption\":\"R\u00e9plique Manga Cin\u00e9\"},\"image\":{\"@id\":\"https:\\\/\\\/repliquemangacine.fr\\\/#\\\/schema\\\/logo\\\/image\\\/\"},\"sameAs\":[\"https:\\\/\\\/www.facebook.com\\\/RepliqueMangaCine\",\"https:\\\/\\\/www.instagram.com\\\/repliquemangacine.fr\\\/\"]}]}<\/script>\n<!-- \/ Yoast SEO plugin. -->","yoast_head_json":{"title":"Katana de madera Naruto - Venta en l\u00ednea katana, golosinas Naruto - RMC","description":"\u00a1Reg\u00e1lasela! Esta Katana de madera de Naruto al mejor precio. Hoja de madera a prueba de ni\u00f1os - Funda y mango de ABS moldeado - Longitud total: 102 cm","robots":{"index":"index","follow":"follow","max-snippet":"max-snippet:-1","max-image-preview":"max-image-preview:large","max-video-preview":"max-video-preview:-1"},"canonical":"https:\/\/repliquemangacine.fr\/es\/katana-naruto\/naruto-katana-de-madera\/","og_locale":"es_ES","og_type":"article","og_title":"Katana bois Naruto - Vente en ligne katana, goodies Naruto - RMC","og_description":"Offrez-lui ! Ce Katana bois Naruto au meilleur prix. Lame en bois sans danger pour vos enfants - Fourreau et poign\u00e9e en ABS moul\u00e9 - Longueur totale : 102 cm","og_url":"https:\/\/repliquemangacine.fr\/es\/katana-naruto\/naruto-katana-de-madera\/","og_site_name":"R\u00e9plique Manga Cin\u00e9","article_publisher":"https:\/\/www.facebook.com\/RepliqueMangaCine","article_modified_time":"2026-02-23T06:53:56+00:00","og_image":[{"width":500,"height":500,"url":"https:\/\/repliquemangacine.fr\/wp-content\/uploads\/2023\/10\/katana-naruto-blanc.jpg","type":"image\/jpeg"}],"twitter_card":"summary_large_image","twitter_misc":{"Tiempo de lectura":"3 minutos"},"schema":{"@context":"https:\/\/schema.org","@graph":[{"@type":"WebPage","@id":"https:\/\/repliquemangacine.fr\/katana-naruto\/katana-bois-naruto\/","url":"https:\/\/repliquemangacine.fr\/katana-naruto\/katana-bois-naruto\/","name":"Katana de madera Naruto - Venta en l\u00ednea katana, golosinas Naruto - RMC","isPartOf":{"@id":"https:\/\/repliquemangacine.fr\/#website"},"primaryImageOfPage":{"@id":"https:\/\/repliquemangacine.fr\/katana-naruto\/katana-bois-naruto\/#primaryimage"},"image":{"@id":"https:\/\/repliquemangacine.fr\/katana-naruto\/katana-bois-naruto\/#primaryimage"},"thumbnailUrl":"https:\/\/repliquemangacine.fr\/wp-content\/uploads\/2023\/10\/katana-naruto-blanc.jpg","datePublished":"2023-06-16T07:22:15+00:00","dateModified":"2026-02-23T06:53:56+00:00","description":"\u00a1Reg\u00e1lasela! Esta Katana de madera de Naruto al mejor precio. Hoja de madera a prueba de ni\u00f1os - Funda y mango de ABS moldeado - Longitud total: 102 cm","breadcrumb":{"@id":"https:\/\/repliquemangacine.fr\/katana-naruto\/katana-bois-naruto\/#breadcrumb"},"inLanguage":"es","potentialAction":[{"@type":"ReadAction","target":["https:\/\/repliquemangacine.fr\/katana-naruto\/katana-bois-naruto\/"]}]},{"@type":"ImageObject","inLanguage":"es","@id":"https:\/\/repliquemangacine.fr\/katana-naruto\/katana-bois-naruto\/#primaryimage","url":"https:\/\/repliquemangacine.fr\/wp-content\/uploads\/2023\/10\/katana-naruto-blanc.jpg","contentUrl":"https:\/\/repliquemangacine.fr\/wp-content\/uploads\/2023\/10\/katana-naruto-blanc.jpg","width":500,"height":500,"caption":"Katana bois Naruto"},{"@type":"BreadcrumbList","@id":"https:\/\/repliquemangacine.fr\/katana-naruto\/katana-bois-naruto\/#breadcrumb","itemListElement":[{"@type":"ListItem","position":1,"name":"Accueil","item":"https:\/\/repliquemangacine.fr\/"},{"@type":"ListItem","position":2,"name":"Produits","item":"https:\/\/repliquemangacine.fr\/boutique\/"},{"@type":"ListItem","position":3,"name":"Katana bois Naruto"}]},{"@type":"WebSite","@id":"https:\/\/repliquemangacine.fr\/#website","url":"https:\/\/repliquemangacine.fr\/","name":"R\u00e9plique Manga Cin\u00e9","description":"","publisher":{"@id":"https:\/\/repliquemangacine.fr\/#organization"},"potentialAction":[{"@type":"SearchAction","target":{"@type":"EntryPoint","urlTemplate":"https:\/\/repliquemangacine.fr\/?s={search_term_string}"},"query-input":{"@type":"PropertyValueSpecification","valueRequired":true,"valueName":"search_term_string"}}],"inLanguage":"es"},{"@type":"Organization","@id":"https:\/\/repliquemangacine.fr\/#organization","name":"R\u00e9plique Manga Cin\u00e9","url":"https:\/\/repliquemangacine.fr\/","logo":{"@type":"ImageObject","inLanguage":"es","@id":"https:\/\/repliquemangacine.fr\/#\/schema\/logo\/image\/","url":"https:\/\/repliquemangacine.fr\/wp-content\/uploads\/2023\/10\/RMC-500250.png","contentUrl":"https:\/\/repliquemangacine.fr\/wp-content\/uploads\/2023\/10\/RMC-500250.png","width":500,"height":250,"caption":"R\u00e9plique Manga Cin\u00e9"},"image":{"@id":"https:\/\/repliquemangacine.fr\/#\/schema\/logo\/image\/"},"sameAs":["https:\/\/www.facebook.com\/RepliqueMangaCine","https:\/\/www.instagram.com\/repliquemangacine.fr\/"]}]}},"_links":{"self":[{"href":"https:\/\/repliquemangacine.fr\/es\/wp-json\/wp\/v2\/product\/60862","targetHints":{"allow":["GET"]}}],"collection":[{"href":"https:\/\/repliquemangacine.fr\/es\/wp-json\/wp\/v2\/product"}],"about":[{"href":"https:\/\/repliquemangacine.fr\/es\/wp-json\/wp\/v2\/types\/product"}],"wp:featuredmedia":[{"embeddable":true,"href":"https:\/\/repliquemangacine.fr\/es\/wp-json\/wp\/v2\/media\/60863"}],"wp:attachment":[{"href":"https:\/\/repliquemangacine.fr\/es\/wp-json\/wp\/v2\/media?parent=60862"}],"wp:term":[{"taxonomy":"product_brand","embeddable":true,"href":"https:\/\/repliquemangacine.fr\/es\/wp-json\/wp\/v2\/product_brand?post=60862"},{"taxonomy":"product_cat","embeddable":true,"href":"https:\/\/repliquemangacine.fr\/es\/wp-json\/wp\/v2\/product_cat?post=60862"},{"taxonomy":"product_tag","embeddable":true,"href":"https:\/\/repliquemangacine.fr\/es\/wp-json\/wp\/v2\/product_tag?post=60862"}],"curies":[{"name":"wp","href":"https:\/\/api.w.org\/{rel}","templated":true}]}}