





{"id":60821,"date":"2023-06-14T17:32:30","date_gmt":"2023-06-14T15:32:30","guid":{"rendered":"https:\/\/repliquemangacine.fr\/?post_type=product&#038;p=60821"},"modified":"2026-04-19T14:33:19","modified_gmt":"2026-04-19T12:33:19","slug":"ichigo-katana-de-madera","status":"publish","type":"product","link":"https:\/\/repliquemangacine.fr\/es\/katana-bleach\/katana-bois-ichigo\/","title":{"rendered":"Katana de madera de Ichigo"},"content":{"rendered":"<h2>Katana de madera de Ichigo - Bleach<\/h2>\n<p>Para empezar, el <strong>Katana de madera de Ichigo<\/strong> Se llama Tensa Zangetsu, Cadena Celestial, Luna Afilada. Ichigo Kurosaki es un humano con la excepcional habilidad de distinguir a los fantasmas. Su vida da un vuelco cuando conoce a Rukia Kuchiki, quien le da sus poderes de Shinigami para salvar a su familia de un Hollow.<\/p>\n<p>Tras un peligroso y acelerado proceso llevado a cabo por Kisuke Urahara para obtener el Bankai en tres d\u00edas, Ichigo logr\u00f3 desbloquear la segunda liberaci\u00f3n de su espada. Con la forma de una katana negra, este Bankai aumenta considerablemente la velocidad de Ichigo, al tiempo que incrementa la ya de por s\u00ed gran potencia de la espada.<\/p>\n<p>Mientras que otras Zanpakut\u00f4s aumentan la potencia de su espada o aportan otras t\u00e9cnicas, Tensa Zangetsu solo aporta una ganancia de velocidad y la liberaci\u00f3n completa del poder espiritual de\u2019<a href=\"https:\/\/bleach.fandom.com\/fr\/wiki\/Ichigo_Kurosaki\" target=\"_blank\" rel=\"noopener noreferrer\">Ichigo<\/a> en Bankai.<\/p>\n<h2>Tu Katana de madera Ichigo al mejor precio.<\/h2>\n<p>Te traemos todas las frases de tus personajes favoritos en este manga anime de Bleach.<\/p>\n<p>Lo primero y m\u00e1s importante,<\/p>\n<ul>\n<li>La primera <a href=\"https:\/\/repliquemangacine.fr\/es\/blanqueador-katana\/katana-bankai-tensa-zangetsu-ichigo-104cm\/\">banka\u00ef d'ichigo<\/a> con su hoja de metal negro, el Tensa Zangetsu.<\/li>\n<li>Pero tambi\u00e9n encontrar\u00e1s la versi\u00f3n m\u00e1s larga y la versi\u00f3n con la guarda diferente. 3<\/li>\n<li>Tambi\u00e9n existe la <a href=\"https:\/\/repliquemangacine.fr\/es\/blanqueador-katana\/katana-de-toshiro-hitsugaya-zanpakuto-hyorinmaru\/\">katana de Hitsugaya Toshiro<\/a>, Hy\u014drinmaru el m\u00e1s poderoso de los zanpakutos de hielo.<\/li>\n<li>Y hay mucho m\u00e1s por descubrir.<\/li>\n<\/ul>\n<p>Por eso, aqu\u00ed tienes unas ideas estupendas para regalar a los fans de Bleach.<\/p>\n<p>En conclusi\u00f3n, tambi\u00e9n puede utilizar este <strong>Katana de madera de Ichigo<\/strong> para tus desfiles de cosplay o veladas tem\u00e1ticas. Pero, sobre todo, el Tensa Zangetsu es tambi\u00e9n una pieza de coleccionista y una pieza decorativa.<\/p>\n<h2>Nuestras novedades Bleach a bajo precio<\/h2>\n<p>Siempre estamos buscando algo nuevo para satisfacer tus necesidades, \u00a1as\u00ed que tenemos unas cuantas pepitas para que descubras en un futuro pr\u00f3ximo! Podr\u00e1s pasearte por tus convenciones manga con la nueva espada de Ichigo, la Rebuild bankai. Tambi\u00e9n habr\u00e1 figuras de Bleach <strong>Katanas de madera de Ichigo<\/strong> as\u00ed como p\u00f3steres enrollables de tus personajes favoritos.<\/p>\n<p>R\u00e9plique Manga Cin\u00e9 es una empresa francesa.<\/p>\n<p>Le informamos de que todas nuestras r\u00e9plicas son objetos de colecci\u00f3n y decoraci\u00f3n. Puede utilizarlas para recreaciones hist\u00f3ricas, desfiles de cosplay o para decorar su hogar. Por lo tanto, no es posible llevar estas r\u00e9plicas a lugares p\u00fablicos.<\/p>","protected":false},"excerpt":{"rendered":"<p>R\u00e9plica del famoso Bankai de Ichigo con su hoja de madera, id\u00e9ntica a la de acero.<\/p>\n<ul>\n<li>Hoja de madera negra (bamb\u00fa)<\/li>\n<li>Protector de ABS moldeado con forma espec\u00edfica<\/li>\n<li>Funda lacada en negro<\/li>\n<li>Asa recubierta de algod\u00f3n<\/li>\n<li>Longitud de la hoja: 70 cm - Longitud total: 102 cm<\/li>\n<\/ul>","protected":false},"featured_media":60822,"template":"","meta":[],"product_brand":[896],"product_cat":[30,23],"product_tag":[],"class_list":{"0":"post-60821","1":"product","2":"type-product","3":"status-publish","4":"has-post-thumbnail","6":"product_brand-replique-manga-cine","7":"product_cat-katana-bleach","8":"product_cat-repliques-manga-jeux-video","10":"first","11":"instock","12":"taxable","13":"shipping-taxable","14":"purchasable","15":"product-type-simple"},"yoast_head":"<!-- This site is optimized with the Yoast SEO plugin v27.4 - https:\/\/yoast.com\/product\/yoast-seo-wordpress\/ -->\n<title>Katana bois Ichigo - Boutique en ligne katana Bleach - RMC<\/title>\n<meta name=\"description\" content=\"D\u00e9couvrez le katana bois Ichigo au meilleur prix - Lame noire en bois sans aucun danger pour vos enfants - Fourreau laqu\u00e9 noir - Garde abs - 102 cm\" \/>\n<meta name=\"robots\" content=\"index, follow, max-snippet:-1, max-image-preview:large, max-video-preview:-1\" \/>\n<link rel=\"canonical\" href=\"https:\/\/repliquemangacine.fr\/es\/blanqueador-katana\/ichigo-katana-de-madera\/\" \/>\n<meta property=\"og:locale\" content=\"es_ES\" \/>\n<meta property=\"og:type\" content=\"article\" \/>\n<meta property=\"og:title\" content=\"Katana bois Ichigo - Boutique en ligne katana Bleach - RMC\" \/>\n<meta property=\"og:description\" content=\"D\u00e9couvrez le katana bois Ichigo au meilleur prix - Lame noire en bois sans aucun danger pour vos enfants - Fourreau laqu\u00e9 noir - Garde abs - 102 cm\" \/>\n<meta property=\"og:url\" content=\"https:\/\/repliquemangacine.fr\/es\/blanqueador-katana\/ichigo-katana-de-madera\/\" \/>\n<meta property=\"og:site_name\" content=\"R\u00e9plique Manga Cin\u00e9\" \/>\n<meta property=\"article:publisher\" content=\"https:\/\/www.facebook.com\/RepliqueMangaCine\" \/>\n<meta property=\"article:modified_time\" content=\"2026-04-19T12:33:19+00:00\" \/>\n<meta property=\"og:image\" content=\"https:\/\/repliquemangacine.fr\/wp-content\/uploads\/2023\/10\/Katana-bois-Ichigo-bankai-1.jpg\" \/>\n\t<meta property=\"og:image:width\" content=\"500\" \/>\n\t<meta property=\"og:image:height\" content=\"500\" \/>\n\t<meta property=\"og:image:type\" content=\"image\/jpeg\" \/>\n<meta name=\"twitter:card\" content=\"summary_large_image\" \/>\n<meta name=\"twitter:label1\" content=\"Tiempo de lectura\" \/>\n\t<meta name=\"twitter:data1\" content=\"3 minutos\" \/>\n<script type=\"application\/ld+json\" class=\"yoast-schema-graph\">{\"@context\":\"https:\\\/\\\/schema.org\",\"@graph\":[{\"@type\":\"WebPage\",\"@id\":\"https:\\\/\\\/repliquemangacine.fr\\\/katana-bleach\\\/katana-bois-ichigo\\\/\",\"url\":\"https:\\\/\\\/repliquemangacine.fr\\\/katana-bleach\\\/katana-bois-ichigo\\\/\",\"name\":\"Katana bois Ichigo - Boutique en ligne katana Bleach - RMC\",\"isPartOf\":{\"@id\":\"https:\\\/\\\/repliquemangacine.fr\\\/#website\"},\"primaryImageOfPage\":{\"@id\":\"https:\\\/\\\/repliquemangacine.fr\\\/katana-bleach\\\/katana-bois-ichigo\\\/#primaryimage\"},\"image\":{\"@id\":\"https:\\\/\\\/repliquemangacine.fr\\\/katana-bleach\\\/katana-bois-ichigo\\\/#primaryimage\"},\"thumbnailUrl\":\"https:\\\/\\\/repliquemangacine.fr\\\/wp-content\\\/uploads\\\/2023\\\/10\\\/Katana-bois-Ichigo-bankai-1.jpg\",\"datePublished\":\"2023-06-14T15:32:30+00:00\",\"dateModified\":\"2026-04-19T12:33:19+00:00\",\"description\":\"D\u00e9couvrez le katana bois Ichigo au meilleur prix - Lame noire en bois sans aucun danger pour vos enfants - Fourreau laqu\u00e9 noir - Garde abs - 102 cm\",\"breadcrumb\":{\"@id\":\"https:\\\/\\\/repliquemangacine.fr\\\/katana-bleach\\\/katana-bois-ichigo\\\/#breadcrumb\"},\"inLanguage\":\"es\",\"potentialAction\":[{\"@type\":\"ReadAction\",\"target\":[\"https:\\\/\\\/repliquemangacine.fr\\\/katana-bleach\\\/katana-bois-ichigo\\\/\"]}]},{\"@type\":\"ImageObject\",\"inLanguage\":\"es\",\"@id\":\"https:\\\/\\\/repliquemangacine.fr\\\/katana-bleach\\\/katana-bois-ichigo\\\/#primaryimage\",\"url\":\"https:\\\/\\\/repliquemangacine.fr\\\/wp-content\\\/uploads\\\/2023\\\/10\\\/Katana-bois-Ichigo-bankai-1.jpg\",\"contentUrl\":\"https:\\\/\\\/repliquemangacine.fr\\\/wp-content\\\/uploads\\\/2023\\\/10\\\/Katana-bois-Ichigo-bankai-1.jpg\",\"width\":500,\"height\":500,\"caption\":\"Katana bois Ichigo\"},{\"@type\":\"BreadcrumbList\",\"@id\":\"https:\\\/\\\/repliquemangacine.fr\\\/katana-bleach\\\/katana-bois-ichigo\\\/#breadcrumb\",\"itemListElement\":[{\"@type\":\"ListItem\",\"position\":1,\"name\":\"Accueil\",\"item\":\"https:\\\/\\\/repliquemangacine.fr\\\/\"},{\"@type\":\"ListItem\",\"position\":2,\"name\":\"Produits\",\"item\":\"https:\\\/\\\/repliquemangacine.fr\\\/boutique\\\/\"},{\"@type\":\"ListItem\",\"position\":3,\"name\":\"Katana bois Ichigo\"}]},{\"@type\":\"WebSite\",\"@id\":\"https:\\\/\\\/repliquemangacine.fr\\\/#website\",\"url\":\"https:\\\/\\\/repliquemangacine.fr\\\/\",\"name\":\"R\u00e9plique Manga Cin\u00e9\",\"description\":\"\",\"publisher\":{\"@id\":\"https:\\\/\\\/repliquemangacine.fr\\\/#organization\"},\"potentialAction\":[{\"@type\":\"SearchAction\",\"target\":{\"@type\":\"EntryPoint\",\"urlTemplate\":\"https:\\\/\\\/repliquemangacine.fr\\\/?s={search_term_string}\"},\"query-input\":{\"@type\":\"PropertyValueSpecification\",\"valueRequired\":true,\"valueName\":\"search_term_string\"}}],\"inLanguage\":\"es\"},{\"@type\":\"Organization\",\"@id\":\"https:\\\/\\\/repliquemangacine.fr\\\/#organization\",\"name\":\"R\u00e9plique Manga Cin\u00e9\",\"url\":\"https:\\\/\\\/repliquemangacine.fr\\\/\",\"logo\":{\"@type\":\"ImageObject\",\"inLanguage\":\"es\",\"@id\":\"https:\\\/\\\/repliquemangacine.fr\\\/#\\\/schema\\\/logo\\\/image\\\/\",\"url\":\"https:\\\/\\\/repliquemangacine.fr\\\/wp-content\\\/uploads\\\/2023\\\/10\\\/RMC-500250.png\",\"contentUrl\":\"https:\\\/\\\/repliquemangacine.fr\\\/wp-content\\\/uploads\\\/2023\\\/10\\\/RMC-500250.png\",\"width\":500,\"height\":250,\"caption\":\"R\u00e9plique Manga Cin\u00e9\"},\"image\":{\"@id\":\"https:\\\/\\\/repliquemangacine.fr\\\/#\\\/schema\\\/logo\\\/image\\\/\"},\"sameAs\":[\"https:\\\/\\\/www.facebook.com\\\/RepliqueMangaCine\",\"https:\\\/\\\/www.instagram.com\\\/repliquemangacine.fr\\\/\"]}]}<\/script>\n<!-- \/ Yoast SEO plugin. -->","yoast_head_json":{"title":"Katana de madera Ichigo - Tienda online katana Bleach - RMC","description":"Descubra la katana de madera Ichigo al mejor precio - Hoja de madera negra sin peligro para sus hijos - Vaina lacada negra - Guarda Abs - 102 cm","robots":{"index":"index","follow":"follow","max-snippet":"max-snippet:-1","max-image-preview":"max-image-preview:large","max-video-preview":"max-video-preview:-1"},"canonical":"https:\/\/repliquemangacine.fr\/es\/blanqueador-katana\/ichigo-katana-de-madera\/","og_locale":"es_ES","og_type":"article","og_title":"Katana bois Ichigo - Boutique en ligne katana Bleach - RMC","og_description":"D\u00e9couvrez le katana bois Ichigo au meilleur prix - Lame noire en bois sans aucun danger pour vos enfants - Fourreau laqu\u00e9 noir - Garde abs - 102 cm","og_url":"https:\/\/repliquemangacine.fr\/es\/blanqueador-katana\/ichigo-katana-de-madera\/","og_site_name":"R\u00e9plique Manga Cin\u00e9","article_publisher":"https:\/\/www.facebook.com\/RepliqueMangaCine","article_modified_time":"2026-04-19T12:33:19+00:00","og_image":[{"width":500,"height":500,"url":"https:\/\/repliquemangacine.fr\/wp-content\/uploads\/2023\/10\/Katana-bois-Ichigo-bankai-1.jpg","type":"image\/jpeg"}],"twitter_card":"summary_large_image","twitter_misc":{"Tiempo de lectura":"3 minutos"},"schema":{"@context":"https:\/\/schema.org","@graph":[{"@type":"WebPage","@id":"https:\/\/repliquemangacine.fr\/katana-bleach\/katana-bois-ichigo\/","url":"https:\/\/repliquemangacine.fr\/katana-bleach\/katana-bois-ichigo\/","name":"Katana de madera Ichigo - Tienda online katana Bleach - RMC","isPartOf":{"@id":"https:\/\/repliquemangacine.fr\/#website"},"primaryImageOfPage":{"@id":"https:\/\/repliquemangacine.fr\/katana-bleach\/katana-bois-ichigo\/#primaryimage"},"image":{"@id":"https:\/\/repliquemangacine.fr\/katana-bleach\/katana-bois-ichigo\/#primaryimage"},"thumbnailUrl":"https:\/\/repliquemangacine.fr\/wp-content\/uploads\/2023\/10\/Katana-bois-Ichigo-bankai-1.jpg","datePublished":"2023-06-14T15:32:30+00:00","dateModified":"2026-04-19T12:33:19+00:00","description":"Descubra la katana de madera Ichigo al mejor precio - Hoja de madera negra sin peligro para sus hijos - Vaina lacada negra - Guarda Abs - 102 cm","breadcrumb":{"@id":"https:\/\/repliquemangacine.fr\/katana-bleach\/katana-bois-ichigo\/#breadcrumb"},"inLanguage":"es","potentialAction":[{"@type":"ReadAction","target":["https:\/\/repliquemangacine.fr\/katana-bleach\/katana-bois-ichigo\/"]}]},{"@type":"ImageObject","inLanguage":"es","@id":"https:\/\/repliquemangacine.fr\/katana-bleach\/katana-bois-ichigo\/#primaryimage","url":"https:\/\/repliquemangacine.fr\/wp-content\/uploads\/2023\/10\/Katana-bois-Ichigo-bankai-1.jpg","contentUrl":"https:\/\/repliquemangacine.fr\/wp-content\/uploads\/2023\/10\/Katana-bois-Ichigo-bankai-1.jpg","width":500,"height":500,"caption":"Katana bois Ichigo"},{"@type":"BreadcrumbList","@id":"https:\/\/repliquemangacine.fr\/katana-bleach\/katana-bois-ichigo\/#breadcrumb","itemListElement":[{"@type":"ListItem","position":1,"name":"Accueil","item":"https:\/\/repliquemangacine.fr\/"},{"@type":"ListItem","position":2,"name":"Produits","item":"https:\/\/repliquemangacine.fr\/boutique\/"},{"@type":"ListItem","position":3,"name":"Katana bois Ichigo"}]},{"@type":"WebSite","@id":"https:\/\/repliquemangacine.fr\/#website","url":"https:\/\/repliquemangacine.fr\/","name":"R\u00e9plique Manga Cin\u00e9","description":"","publisher":{"@id":"https:\/\/repliquemangacine.fr\/#organization"},"potentialAction":[{"@type":"SearchAction","target":{"@type":"EntryPoint","urlTemplate":"https:\/\/repliquemangacine.fr\/?s={search_term_string}"},"query-input":{"@type":"PropertyValueSpecification","valueRequired":true,"valueName":"search_term_string"}}],"inLanguage":"es"},{"@type":"Organization","@id":"https:\/\/repliquemangacine.fr\/#organization","name":"R\u00e9plique Manga Cin\u00e9","url":"https:\/\/repliquemangacine.fr\/","logo":{"@type":"ImageObject","inLanguage":"es","@id":"https:\/\/repliquemangacine.fr\/#\/schema\/logo\/image\/","url":"https:\/\/repliquemangacine.fr\/wp-content\/uploads\/2023\/10\/RMC-500250.png","contentUrl":"https:\/\/repliquemangacine.fr\/wp-content\/uploads\/2023\/10\/RMC-500250.png","width":500,"height":250,"caption":"R\u00e9plique Manga Cin\u00e9"},"image":{"@id":"https:\/\/repliquemangacine.fr\/#\/schema\/logo\/image\/"},"sameAs":["https:\/\/www.facebook.com\/RepliqueMangaCine","https:\/\/www.instagram.com\/repliquemangacine.fr\/"]}]}},"_links":{"self":[{"href":"https:\/\/repliquemangacine.fr\/es\/wp-json\/wp\/v2\/product\/60821","targetHints":{"allow":["GET"]}}],"collection":[{"href":"https:\/\/repliquemangacine.fr\/es\/wp-json\/wp\/v2\/product"}],"about":[{"href":"https:\/\/repliquemangacine.fr\/es\/wp-json\/wp\/v2\/types\/product"}],"wp:featuredmedia":[{"embeddable":true,"href":"https:\/\/repliquemangacine.fr\/es\/wp-json\/wp\/v2\/media\/60822"}],"wp:attachment":[{"href":"https:\/\/repliquemangacine.fr\/es\/wp-json\/wp\/v2\/media?parent=60821"}],"wp:term":[{"taxonomy":"product_brand","embeddable":true,"href":"https:\/\/repliquemangacine.fr\/es\/wp-json\/wp\/v2\/product_brand?post=60821"},{"taxonomy":"product_cat","embeddable":true,"href":"https:\/\/repliquemangacine.fr\/es\/wp-json\/wp\/v2\/product_cat?post=60821"},{"taxonomy":"product_tag","embeddable":true,"href":"https:\/\/repliquemangacine.fr\/es\/wp-json\/wp\/v2\/product_tag?post=60821"}],"curies":[{"name":"wp","href":"https:\/\/api.w.org\/{rel}","templated":true}]}}