





{"id":60813,"date":"2023-06-14T15:57:45","date_gmt":"2023-06-14T13:57:45","guid":{"rendered":"https:\/\/repliquemangacine.fr\/?post_type=product&#038;p=60813"},"modified":"2025-11-21T12:19:33","modified_gmt":"2025-11-21T11:19:33","slug":"katana-de-madera-byakuya","status":"publish","type":"product","link":"https:\/\/repliquemangacine.fr\/es\/katana-bleach\/katana-bois-byakuya\/","title":{"rendered":"Katana de madera Byakuya"},"content":{"rendered":"<h2>Katana de madera Byakuya Bleach<\/h2>\n<p>Para empezar, el<strong> Katana de madera Byakuya<\/strong> Senbonzakura Bleach es su zanpakuto en forma sellada. Senbonzakura (Mil flores de cerezo) es una katana est\u00e1ndar. Tiene una guarda normal, de bronce, con un marco abierto, parecido a una ventana de cuatro cristales. Tiene una empu\u00f1adura de color lavanda y una vaina blanca.<\/p>\n<p>La frase de liberaci\u00f3n de su Shikai es: \u00abDispersaos\u00bb en el anime. En Shikai, la hoja de la katana se divide en mil peque\u00f1as hojas que vuelan por los aires, dejando solo la empu\u00f1adura y la tsuba de la espada en la mano de <a href=\"https:\/\/bleach.fandom.com\/fr\/wiki\/Byakuya_Kuchiki\" target=\"_blank\" rel=\"noopener noreferrer\">Byakuya<\/a> y, con su forma de moverse, parecen flores de cerezo.<\/p>\n<p>Su dominio del Kid\u014d, su gran poder espiritual y su Zanpakut\u014d, Senbonzakura, lo convierten en uno de los capitanes m\u00e1s temibles de las 13 divisiones. Byakuya es un luchador de mente \u00e1gil, maestro en t\u00e1ctica.<\/p>\n<h2>Tu Katana de madera Byakuya Bleach al mejor precio.<\/h2>\n<p>Te ofrecemos una amplia selecci\u00f3n de r\u00e9plicas de tu manga animado favorito Bleach.<\/p>\n<p>En primer lugar<\/p>\n<ul>\n<li>Lo imprescindible <a href=\"https:\/\/repliquemangacine.fr\/es\/blanqueador-katana\/katana-bankai-tensa-zangetsu-ichigo-104cm\/\">Ichigo bankai<\/a> la versi\u00f3n corta de Tensa Zangetsu, pero existen varias versiones.<\/li>\n<li>Tambi\u00e9n existe la<a href=\"https:\/\/repliquemangacine.fr\/es\/blanqueador-katana\/benihime-kisuke-urahara-blanqueador-espada-baston\/\"> Vara espada Benihime<\/a> por Kisuk\u00e9 Urahara.<\/li>\n<li>As\u00ed como el <a href=\"https:\/\/repliquemangacine.fr\/es\/blanqueador-katana\/katana-byakuya-senbonzakura-bleach-epee-bleach\/\">Katana de metal Byakuya<\/a> senbonzakura tou vestido de blanco.<\/li>\n<li>Y muchos m\u00e1s por descubrir en nuestra tienda en l\u00ednea.<\/li>\n<\/ul>\n<p>Por eso, aqu\u00ed tienes unas ideas fant\u00e1sticas para regalar a todos los fans de Bleach.<\/p>\n<p>En conclusi\u00f3n, puede utilizar el <strong>Katana de madera Byakuya<\/strong> en Bleach para tus desfiles de Cosplays, o en tus fiestas tem\u00e1ticas. Pero sobre todo, este Zanpakuto de Byakuya es una pieza de coleccionista y una pieza decorativa.<\/p>\n<h2>Nuestras novedades Bleach a bajo precio<\/h2>\n<p>Siempre estamos buscando algo nuevo para satisfacer vuestras peticiones, \u00a1as\u00ed que tenemos unas cuantas cositas para que descubr\u00e1is en un futuro pr\u00f3ximo! Podr\u00e1s pasearte por tus convenciones de manga con la nueva espada de Ichigo el <a href=\"https:\/\/repliquemangacine.fr\/es\/blanqueador-katana\/bankai-reconstruir-ichigo\/\">banka\u00ef Reconstrucci\u00f3n<\/a>. Tambi\u00e9n habr\u00e1 figuras de Bleach y el <strong>katanas de madera como Byakuya<\/strong> de tus personajes favoritos.<\/p>\n<p>R\u00e9plique Manga Cin\u00e9 es una empresa francesa.<\/p>\n<p>Le informamos de que todas nuestras r\u00e9plicas son objetos de colecci\u00f3n y decoraci\u00f3n. Puede utilizarlas para recreaciones hist\u00f3ricas, desfiles de cosplay o para decorar su hogar. Por lo tanto, no es posible llevar estas r\u00e9plicas a lugares p\u00fablicos.<\/p>","protected":false},"excerpt":{"rendered":"<p>R\u00e9plica exacta de la katana de acero de Byakuya Senbonzakura.<\/p>\n<ul>\n<li>Hoja totalmente de bamb\u00fa (madera).<\/li>\n<li>Protector de ABS moldeado con forma especial.<\/li>\n<li>Funda lacada en blanco<\/li>\n<li>Mango recubierto de trenza de algod\u00f3n p\u00farpura.<\/li>\n<li>Longitud hoja: 70 cm - Longitud total: 102 cm - Peso: 550 grs<\/li>\n<\/ul>","protected":false},"featured_media":60814,"template":"","meta":[],"product_brand":[896],"product_cat":[30,23],"product_tag":[],"class_list":{"0":"post-60813","1":"product","2":"type-product","3":"status-publish","4":"has-post-thumbnail","6":"product_brand-replique-manga-cine","7":"product_cat-katana-bleach","8":"product_cat-repliques-manga-jeux-video","10":"first","11":"instock","12":"taxable","13":"shipping-taxable","14":"purchasable","15":"product-type-simple"},"yoast_head":"<!-- This site is optimized with the Yoast SEO plugin v27.4 - https:\/\/yoast.com\/product\/yoast-seo-wordpress\/ -->\n<title>Katana bois Byakuya - Boutique en ligne katana Bleach - RMC<\/title>\n<meta name=\"description\" content=\"Offrez-lui ! Ce superbe Katana bois Byakuya dans Bleach au meilleur prix - Lame en bois sans aucun danger pour vos enfants - Fourreau laqu\u00e9 blanc - 102 cm\" \/>\n<meta name=\"robots\" content=\"index, follow, max-snippet:-1, max-image-preview:large, max-video-preview:-1\" \/>\n<link rel=\"canonical\" href=\"https:\/\/repliquemangacine.fr\/es\/blanqueador-katana\/katana-de-madera-byakuya\/\" \/>\n<meta property=\"og:locale\" content=\"es_ES\" \/>\n<meta property=\"og:type\" content=\"article\" \/>\n<meta property=\"og:title\" content=\"Katana bois Byakuya - Boutique en ligne katana Bleach - RMC\" \/>\n<meta property=\"og:description\" content=\"Offrez-lui ! Ce superbe Katana bois Byakuya dans Bleach au meilleur prix - Lame en bois sans aucun danger pour vos enfants - Fourreau laqu\u00e9 blanc - 102 cm\" \/>\n<meta property=\"og:url\" content=\"https:\/\/repliquemangacine.fr\/es\/blanqueador-katana\/katana-de-madera-byakuya\/\" \/>\n<meta property=\"og:site_name\" content=\"R\u00e9plique Manga Cin\u00e9\" \/>\n<meta property=\"article:publisher\" content=\"https:\/\/www.facebook.com\/RepliqueMangaCine\" \/>\n<meta property=\"article:modified_time\" content=\"2025-11-21T11:19:33+00:00\" \/>\n<meta property=\"og:image\" content=\"https:\/\/repliquemangacine.fr\/wp-content\/uploads\/2023\/10\/Katana-bois-Byakuya-5.jpg\" \/>\n\t<meta property=\"og:image:width\" content=\"500\" \/>\n\t<meta property=\"og:image:height\" content=\"500\" \/>\n\t<meta property=\"og:image:type\" content=\"image\/jpeg\" \/>\n<meta name=\"twitter:card\" content=\"summary_large_image\" \/>\n<meta name=\"twitter:label1\" content=\"Tiempo de lectura\" \/>\n\t<meta name=\"twitter:data1\" content=\"3 minutos\" \/>\n<script type=\"application\/ld+json\" class=\"yoast-schema-graph\">{\"@context\":\"https:\\\/\\\/schema.org\",\"@graph\":[{\"@type\":\"WebPage\",\"@id\":\"https:\\\/\\\/repliquemangacine.fr\\\/katana-bleach\\\/katana-bois-byakuya\\\/\",\"url\":\"https:\\\/\\\/repliquemangacine.fr\\\/katana-bleach\\\/katana-bois-byakuya\\\/\",\"name\":\"Katana bois Byakuya - Boutique en ligne katana Bleach - RMC\",\"isPartOf\":{\"@id\":\"https:\\\/\\\/repliquemangacine.fr\\\/#website\"},\"primaryImageOfPage\":{\"@id\":\"https:\\\/\\\/repliquemangacine.fr\\\/katana-bleach\\\/katana-bois-byakuya\\\/#primaryimage\"},\"image\":{\"@id\":\"https:\\\/\\\/repliquemangacine.fr\\\/katana-bleach\\\/katana-bois-byakuya\\\/#primaryimage\"},\"thumbnailUrl\":\"https:\\\/\\\/repliquemangacine.fr\\\/wp-content\\\/uploads\\\/2023\\\/10\\\/Katana-bois-Byakuya-5.jpg\",\"datePublished\":\"2023-06-14T13:57:45+00:00\",\"dateModified\":\"2025-11-21T11:19:33+00:00\",\"description\":\"Offrez-lui ! Ce superbe Katana bois Byakuya dans Bleach au meilleur prix - Lame en bois sans aucun danger pour vos enfants - Fourreau laqu\u00e9 blanc - 102 cm\",\"breadcrumb\":{\"@id\":\"https:\\\/\\\/repliquemangacine.fr\\\/katana-bleach\\\/katana-bois-byakuya\\\/#breadcrumb\"},\"inLanguage\":\"es\",\"potentialAction\":[{\"@type\":\"ReadAction\",\"target\":[\"https:\\\/\\\/repliquemangacine.fr\\\/katana-bleach\\\/katana-bois-byakuya\\\/\"]}]},{\"@type\":\"ImageObject\",\"inLanguage\":\"es\",\"@id\":\"https:\\\/\\\/repliquemangacine.fr\\\/katana-bleach\\\/katana-bois-byakuya\\\/#primaryimage\",\"url\":\"https:\\\/\\\/repliquemangacine.fr\\\/wp-content\\\/uploads\\\/2023\\\/10\\\/Katana-bois-Byakuya-5.jpg\",\"contentUrl\":\"https:\\\/\\\/repliquemangacine.fr\\\/wp-content\\\/uploads\\\/2023\\\/10\\\/Katana-bois-Byakuya-5.jpg\",\"width\":500,\"height\":500,\"caption\":\"Katana bois Byakuya\"},{\"@type\":\"BreadcrumbList\",\"@id\":\"https:\\\/\\\/repliquemangacine.fr\\\/katana-bleach\\\/katana-bois-byakuya\\\/#breadcrumb\",\"itemListElement\":[{\"@type\":\"ListItem\",\"position\":1,\"name\":\"Accueil\",\"item\":\"https:\\\/\\\/repliquemangacine.fr\\\/\"},{\"@type\":\"ListItem\",\"position\":2,\"name\":\"Produits\",\"item\":\"https:\\\/\\\/repliquemangacine.fr\\\/boutique\\\/\"},{\"@type\":\"ListItem\",\"position\":3,\"name\":\"Katana bois Byakuya\"}]},{\"@type\":\"WebSite\",\"@id\":\"https:\\\/\\\/repliquemangacine.fr\\\/#website\",\"url\":\"https:\\\/\\\/repliquemangacine.fr\\\/\",\"name\":\"R\u00e9plique Manga Cin\u00e9\",\"description\":\"\",\"publisher\":{\"@id\":\"https:\\\/\\\/repliquemangacine.fr\\\/#organization\"},\"potentialAction\":[{\"@type\":\"SearchAction\",\"target\":{\"@type\":\"EntryPoint\",\"urlTemplate\":\"https:\\\/\\\/repliquemangacine.fr\\\/?s={search_term_string}\"},\"query-input\":{\"@type\":\"PropertyValueSpecification\",\"valueRequired\":true,\"valueName\":\"search_term_string\"}}],\"inLanguage\":\"es\"},{\"@type\":\"Organization\",\"@id\":\"https:\\\/\\\/repliquemangacine.fr\\\/#organization\",\"name\":\"R\u00e9plique Manga Cin\u00e9\",\"url\":\"https:\\\/\\\/repliquemangacine.fr\\\/\",\"logo\":{\"@type\":\"ImageObject\",\"inLanguage\":\"es\",\"@id\":\"https:\\\/\\\/repliquemangacine.fr\\\/#\\\/schema\\\/logo\\\/image\\\/\",\"url\":\"https:\\\/\\\/repliquemangacine.fr\\\/wp-content\\\/uploads\\\/2023\\\/10\\\/RMC-500250.png\",\"contentUrl\":\"https:\\\/\\\/repliquemangacine.fr\\\/wp-content\\\/uploads\\\/2023\\\/10\\\/RMC-500250.png\",\"width\":500,\"height\":250,\"caption\":\"R\u00e9plique Manga Cin\u00e9\"},\"image\":{\"@id\":\"https:\\\/\\\/repliquemangacine.fr\\\/#\\\/schema\\\/logo\\\/image\\\/\"},\"sameAs\":[\"https:\\\/\\\/www.facebook.com\\\/RepliqueMangaCine\",\"https:\\\/\\\/www.instagram.com\\\/repliquemangacine.fr\\\/\"]}]}<\/script>\n<!-- \/ Yoast SEO plugin. -->","yoast_head_json":{"title":"Katana de madera Byakuya - Tienda online katana Bleach - RMC","description":"\u00a1Reg\u00e1lasela! Esta magn\u00edfica Katana de Madera Byakuya en Bleach al mejor precio - Hoja de madera a prueba de ni\u00f1os - Vaina lacada en blanco - 102 cm.","robots":{"index":"index","follow":"follow","max-snippet":"max-snippet:-1","max-image-preview":"max-image-preview:large","max-video-preview":"max-video-preview:-1"},"canonical":"https:\/\/repliquemangacine.fr\/es\/blanqueador-katana\/katana-de-madera-byakuya\/","og_locale":"es_ES","og_type":"article","og_title":"Katana bois Byakuya - Boutique en ligne katana Bleach - RMC","og_description":"Offrez-lui ! Ce superbe Katana bois Byakuya dans Bleach au meilleur prix - Lame en bois sans aucun danger pour vos enfants - Fourreau laqu\u00e9 blanc - 102 cm","og_url":"https:\/\/repliquemangacine.fr\/es\/blanqueador-katana\/katana-de-madera-byakuya\/","og_site_name":"R\u00e9plique Manga Cin\u00e9","article_publisher":"https:\/\/www.facebook.com\/RepliqueMangaCine","article_modified_time":"2025-11-21T11:19:33+00:00","og_image":[{"width":500,"height":500,"url":"https:\/\/repliquemangacine.fr\/wp-content\/uploads\/2023\/10\/Katana-bois-Byakuya-5.jpg","type":"image\/jpeg"}],"twitter_card":"summary_large_image","twitter_misc":{"Tiempo de lectura":"3 minutos"},"schema":{"@context":"https:\/\/schema.org","@graph":[{"@type":"WebPage","@id":"https:\/\/repliquemangacine.fr\/katana-bleach\/katana-bois-byakuya\/","url":"https:\/\/repliquemangacine.fr\/katana-bleach\/katana-bois-byakuya\/","name":"Katana de madera Byakuya - Tienda online katana Bleach - RMC","isPartOf":{"@id":"https:\/\/repliquemangacine.fr\/#website"},"primaryImageOfPage":{"@id":"https:\/\/repliquemangacine.fr\/katana-bleach\/katana-bois-byakuya\/#primaryimage"},"image":{"@id":"https:\/\/repliquemangacine.fr\/katana-bleach\/katana-bois-byakuya\/#primaryimage"},"thumbnailUrl":"https:\/\/repliquemangacine.fr\/wp-content\/uploads\/2023\/10\/Katana-bois-Byakuya-5.jpg","datePublished":"2023-06-14T13:57:45+00:00","dateModified":"2025-11-21T11:19:33+00:00","description":"\u00a1Reg\u00e1lasela! Esta magn\u00edfica Katana de Madera Byakuya en Bleach al mejor precio - Hoja de madera a prueba de ni\u00f1os - Vaina lacada en blanco - 102 cm.","breadcrumb":{"@id":"https:\/\/repliquemangacine.fr\/katana-bleach\/katana-bois-byakuya\/#breadcrumb"},"inLanguage":"es","potentialAction":[{"@type":"ReadAction","target":["https:\/\/repliquemangacine.fr\/katana-bleach\/katana-bois-byakuya\/"]}]},{"@type":"ImageObject","inLanguage":"es","@id":"https:\/\/repliquemangacine.fr\/katana-bleach\/katana-bois-byakuya\/#primaryimage","url":"https:\/\/repliquemangacine.fr\/wp-content\/uploads\/2023\/10\/Katana-bois-Byakuya-5.jpg","contentUrl":"https:\/\/repliquemangacine.fr\/wp-content\/uploads\/2023\/10\/Katana-bois-Byakuya-5.jpg","width":500,"height":500,"caption":"Katana bois Byakuya"},{"@type":"BreadcrumbList","@id":"https:\/\/repliquemangacine.fr\/katana-bleach\/katana-bois-byakuya\/#breadcrumb","itemListElement":[{"@type":"ListItem","position":1,"name":"Accueil","item":"https:\/\/repliquemangacine.fr\/"},{"@type":"ListItem","position":2,"name":"Produits","item":"https:\/\/repliquemangacine.fr\/boutique\/"},{"@type":"ListItem","position":3,"name":"Katana bois Byakuya"}]},{"@type":"WebSite","@id":"https:\/\/repliquemangacine.fr\/#website","url":"https:\/\/repliquemangacine.fr\/","name":"R\u00e9plique Manga Cin\u00e9","description":"","publisher":{"@id":"https:\/\/repliquemangacine.fr\/#organization"},"potentialAction":[{"@type":"SearchAction","target":{"@type":"EntryPoint","urlTemplate":"https:\/\/repliquemangacine.fr\/?s={search_term_string}"},"query-input":{"@type":"PropertyValueSpecification","valueRequired":true,"valueName":"search_term_string"}}],"inLanguage":"es"},{"@type":"Organization","@id":"https:\/\/repliquemangacine.fr\/#organization","name":"R\u00e9plique Manga Cin\u00e9","url":"https:\/\/repliquemangacine.fr\/","logo":{"@type":"ImageObject","inLanguage":"es","@id":"https:\/\/repliquemangacine.fr\/#\/schema\/logo\/image\/","url":"https:\/\/repliquemangacine.fr\/wp-content\/uploads\/2023\/10\/RMC-500250.png","contentUrl":"https:\/\/repliquemangacine.fr\/wp-content\/uploads\/2023\/10\/RMC-500250.png","width":500,"height":250,"caption":"R\u00e9plique Manga Cin\u00e9"},"image":{"@id":"https:\/\/repliquemangacine.fr\/#\/schema\/logo\/image\/"},"sameAs":["https:\/\/www.facebook.com\/RepliqueMangaCine","https:\/\/www.instagram.com\/repliquemangacine.fr\/"]}]}},"_links":{"self":[{"href":"https:\/\/repliquemangacine.fr\/es\/wp-json\/wp\/v2\/product\/60813","targetHints":{"allow":["GET"]}}],"collection":[{"href":"https:\/\/repliquemangacine.fr\/es\/wp-json\/wp\/v2\/product"}],"about":[{"href":"https:\/\/repliquemangacine.fr\/es\/wp-json\/wp\/v2\/types\/product"}],"wp:featuredmedia":[{"embeddable":true,"href":"https:\/\/repliquemangacine.fr\/es\/wp-json\/wp\/v2\/media\/60814"}],"wp:attachment":[{"href":"https:\/\/repliquemangacine.fr\/es\/wp-json\/wp\/v2\/media?parent=60813"}],"wp:term":[{"taxonomy":"product_brand","embeddable":true,"href":"https:\/\/repliquemangacine.fr\/es\/wp-json\/wp\/v2\/product_brand?post=60813"},{"taxonomy":"product_cat","embeddable":true,"href":"https:\/\/repliquemangacine.fr\/es\/wp-json\/wp\/v2\/product_cat?post=60813"},{"taxonomy":"product_tag","embeddable":true,"href":"https:\/\/repliquemangacine.fr\/es\/wp-json\/wp\/v2\/product_tag?post=60813"}],"curies":[{"name":"wp","href":"https:\/\/api.w.org\/{rel}","templated":true}]}}