





{"id":60391,"date":"2023-05-19T17:59:41","date_gmt":"2023-05-19T15:59:41","guid":{"rendered":"https:\/\/repliquemangacine.fr\/?post_type=product&#038;p=60391"},"modified":"2026-03-24T20:45:43","modified_gmt":"2026-03-24T19:45:43","slug":"3-katanas-zoro","status":"publish","type":"product","link":"https:\/\/repliquemangacine.fr\/es\/repliques-manga-jeux-video\/lot-3-katanas-de-zoro\/","title":{"rendered":"Set de 3 Katanas Zoro"},"content":{"rendered":"<h2>Juego de 3 katanas de Zoro de One Piece.<\/h2>\n<p>Para empezar, el <strong>3 Katanas Zoro<\/strong> de una pieza viene con un cintur\u00f3n funda que te pones en la cintura exactamente igual que Zoro en el manga animado. El pack incluye:<\/p>\n<ul>\n<li>La espada Shusui<\/li>\n<li>Wado Ichimonji<\/li>\n<li>Sandai Kitetsu<\/li>\n<\/ul>\n<p>Pero si desea otra katana de One Piece, ll\u00e1menos o env\u00edenos un mensaje con la referencia al realizar su pedido.<\/p>\n<p>Las espadas son quiz\u00e1s el arma m\u00e1s com\u00fan en el mundo de One Piece. Aquellos que poseen una formaci\u00f3n y experiencia especiales en su uso se denominan espadachines. Las espadas de gran calidad a veces se clasifican y denominan Meito.<\/p>\n<p><a href=\"https:\/\/onepiece.fandom.com\/fr\/wiki\/Roronoa_Zoro\/Aptitudes_et_Comp\u00e9tences\" target=\"_blank\" rel=\"noopener noreferrer\">Zoro<\/a> es un espadach\u00edn excepcional que no esper\u00f3 a estar en L'\u00c9quipage du Chapeau de Paille para forjarse una s\u00f3lida reputaci\u00f3n.<\/p>\n<h2>Tu set de 3 Katanas Zoro en una sola Pieza al mejor precio.<\/h2>\n<p>Te traemos todas las frases de tus personajes favoritos del manga animado One Piece.<\/p>\n<p>Lo primero y m\u00e1s importante,<\/p>\n<ul>\n<li>Vea la versi\u00f3n larga de la espada de Trafalgar Law,<\/li>\n<li><a href=\"https:\/\/repliquemangacine.fr\/es\/katana-de-una-pieza\/katana-trafalgar-law-violet-one-piece\/\">Espada Kikoku<\/a> Una pieza 143 cm,<\/li>\n<li>Adem\u00e1s del nuevo<a href=\"https:\/\/repliquemangacine.fr\/es\/katana-de-una-pieza\/katana-enma-de-zoro-cuir-violet-one-piece\/\"> Katana de Zoro Enma<\/a> violeta, en su versi\u00f3n de lujo, funda de cuero.<\/li>\n<li>Y muchos m\u00e1s por descubrir en nuestra tienda en l\u00ednea.<\/li>\n<\/ul>\n<p>Por eso, aqu\u00ed tienes una idea genial para regalar a todos los fans de One Piece.<\/p>\n<p>En conclusi\u00f3n, tambi\u00e9n puede utilizar este lote. <strong>3 Katanas Zoro<\/strong> para tus desfiles de cosplay o veladas tem\u00e1ticas. Pero sobre todo, la Katana de Zoro es tambi\u00e9n un objeto de coleccionista y una pieza decorativa.<\/p>\n<h2>\u00bfC\u00f3mo mantengo la hoja de mi katana de One Piece?<\/h2>\n<p>Las katanas de colecci\u00f3n y decoraci\u00f3n, fabricadas y ensambladas de forma simplificada. Al ser de uso decorativo, no cuentan con los elementos de seguridad necesarios para una espada japonesa destinada al entrenamiento.<\/p>\n<p>Sin embargo, su lote <strong>3 Katanas Zoro<\/strong> una hoja de acero que hay que cuidar para evitar que se deteriore con el tiempo. De hecho, vas a exponer tu katana, tus amigos sentir\u00e1n curiosidad por ver la hoja y tocarla. Ah\u00ed es donde hay que tener cuidado, hay que destacar que la acidez de los dedos es muy perjudicial para el acero, independientemente de su calidad.<\/p>\n<p>Si esto ocurre, no se preocupe, solo tiene que humedecer un pa\u00f1o con un poco de aceite y limpiar las huellas dactilares. De esta forma, conservar\u00e1 su espada durante mucho tiempo.<\/p>","protected":false},"excerpt":{"rendered":"<p>Set de 3 katanas de One Piece con cintur\u00f3n funda para llevar las 3 espadas a la vez, como Zoro.<\/p>\n<ul>\n<li>Katana de metal (ver ficha de producto)<\/li>\n<li>Cintur\u00f3n funda imitaci\u00f3n cuero<\/li>\n<li>Hebilla met\u00e1lica<\/li>\n<\/ul>","protected":false},"featured_media":60392,"template":"","meta":[],"product_brand":[896],"product_cat":[123,23],"product_tag":[],"class_list":{"0":"post-60391","1":"product","2":"type-product","3":"status-publish","4":"has-post-thumbnail","6":"product_brand-replique-manga-cine","7":"product_cat-katana-en-metal-one-piece","8":"product_cat-repliques-manga-jeux-video","10":"first","11":"outofstock","12":"taxable","13":"shipping-taxable","14":"purchasable","15":"product-type-simple"},"yoast_head":"<!-- This site is optimized with the Yoast SEO plugin v27.4 - https:\/\/yoast.com\/product\/yoast-seo-wordpress\/ -->\n<title>3 Katanas de zoro et ceinture holster offert - One Piece - RMC<\/title>\n<meta name=\"description\" content=\"En exclusivit\u00e9 ! les 3 Katanas de Zoro dans One Piece avec en cadeaux la ceinture holster pour porter les 3 sabres en m\u00eame temps comme Zoro. Sabres m\u00e9tal.\" \/>\n<meta name=\"robots\" content=\"index, follow, max-snippet:-1, max-image-preview:large, max-video-preview:-1\" \/>\n<link rel=\"canonical\" href=\"https:\/\/repliquemangacine.fr\/es\/replica-de-videojuegos-manga\/3-katanas-zoro\/\" \/>\n<meta property=\"og:locale\" content=\"es_ES\" \/>\n<meta property=\"og:type\" content=\"article\" \/>\n<meta property=\"og:title\" content=\"3 Katanas de zoro et ceinture holster offert - One Piece - RMC\" \/>\n<meta property=\"og:description\" content=\"En exclusivit\u00e9 ! les 3 Katanas de Zoro dans One Piece avec en cadeaux la ceinture holster pour porter les 3 sabres en m\u00eame temps comme Zoro. Sabres m\u00e9tal.\" \/>\n<meta property=\"og:url\" content=\"https:\/\/repliquemangacine.fr\/es\/replica-de-videojuegos-manga\/3-katanas-zoro\/\" \/>\n<meta property=\"og:site_name\" content=\"R\u00e9plique Manga Cin\u00e9\" \/>\n<meta property=\"article:publisher\" content=\"https:\/\/www.facebook.com\/RepliqueMangaCine\" \/>\n<meta property=\"article:modified_time\" content=\"2026-03-24T19:45:43+00:00\" \/>\n<meta property=\"og:image\" content=\"https:\/\/repliquemangacine.fr\/wp-content\/uploads\/2023\/10\/sabre-de-zoro-avec-ceinture.jpg\" \/>\n\t<meta property=\"og:image:width\" content=\"500\" \/>\n\t<meta property=\"og:image:height\" content=\"500\" \/>\n\t<meta property=\"og:image:type\" content=\"image\/jpeg\" \/>\n<meta name=\"twitter:card\" content=\"summary_large_image\" \/>\n<meta name=\"twitter:label1\" content=\"Tiempo de lectura\" \/>\n\t<meta name=\"twitter:data1\" content=\"3 minutos\" \/>\n<script type=\"application\/ld+json\" class=\"yoast-schema-graph\">{\"@context\":\"https:\\\/\\\/schema.org\",\"@graph\":[{\"@type\":\"WebPage\",\"@id\":\"https:\\\/\\\/repliquemangacine.fr\\\/repliques-manga-jeux-video\\\/lot-3-katanas-de-zoro\\\/\",\"url\":\"https:\\\/\\\/repliquemangacine.fr\\\/repliques-manga-jeux-video\\\/lot-3-katanas-de-zoro\\\/\",\"name\":\"3 Katanas de zoro et ceinture holster offert - One Piece - RMC\",\"isPartOf\":{\"@id\":\"https:\\\/\\\/repliquemangacine.fr\\\/#website\"},\"primaryImageOfPage\":{\"@id\":\"https:\\\/\\\/repliquemangacine.fr\\\/repliques-manga-jeux-video\\\/lot-3-katanas-de-zoro\\\/#primaryimage\"},\"image\":{\"@id\":\"https:\\\/\\\/repliquemangacine.fr\\\/repliques-manga-jeux-video\\\/lot-3-katanas-de-zoro\\\/#primaryimage\"},\"thumbnailUrl\":\"https:\\\/\\\/repliquemangacine.fr\\\/wp-content\\\/uploads\\\/2023\\\/10\\\/sabre-de-zoro-avec-ceinture.jpg\",\"datePublished\":\"2023-05-19T15:59:41+00:00\",\"dateModified\":\"2026-03-24T19:45:43+00:00\",\"description\":\"En exclusivit\u00e9 ! les 3 Katanas de Zoro dans One Piece avec en cadeaux la ceinture holster pour porter les 3 sabres en m\u00eame temps comme Zoro. Sabres m\u00e9tal.\",\"breadcrumb\":{\"@id\":\"https:\\\/\\\/repliquemangacine.fr\\\/repliques-manga-jeux-video\\\/lot-3-katanas-de-zoro\\\/#breadcrumb\"},\"inLanguage\":\"es\",\"potentialAction\":[{\"@type\":\"ReadAction\",\"target\":[\"https:\\\/\\\/repliquemangacine.fr\\\/repliques-manga-jeux-video\\\/lot-3-katanas-de-zoro\\\/\"]}]},{\"@type\":\"ImageObject\",\"inLanguage\":\"es\",\"@id\":\"https:\\\/\\\/repliquemangacine.fr\\\/repliques-manga-jeux-video\\\/lot-3-katanas-de-zoro\\\/#primaryimage\",\"url\":\"https:\\\/\\\/repliquemangacine.fr\\\/wp-content\\\/uploads\\\/2023\\\/10\\\/sabre-de-zoro-avec-ceinture.jpg\",\"contentUrl\":\"https:\\\/\\\/repliquemangacine.fr\\\/wp-content\\\/uploads\\\/2023\\\/10\\\/sabre-de-zoro-avec-ceinture.jpg\",\"width\":500,\"height\":500,\"caption\":\"3 Katanas de Zoro dans One piece\"},{\"@type\":\"BreadcrumbList\",\"@id\":\"https:\\\/\\\/repliquemangacine.fr\\\/repliques-manga-jeux-video\\\/lot-3-katanas-de-zoro\\\/#breadcrumb\",\"itemListElement\":[{\"@type\":\"ListItem\",\"position\":1,\"name\":\"Accueil\",\"item\":\"https:\\\/\\\/repliquemangacine.fr\\\/\"},{\"@type\":\"ListItem\",\"position\":2,\"name\":\"Produits\",\"item\":\"https:\\\/\\\/repliquemangacine.fr\\\/boutique\\\/\"},{\"@type\":\"ListItem\",\"position\":3,\"name\":\"Lot 3 Katanas de Zoro\"}]},{\"@type\":\"WebSite\",\"@id\":\"https:\\\/\\\/repliquemangacine.fr\\\/#website\",\"url\":\"https:\\\/\\\/repliquemangacine.fr\\\/\",\"name\":\"R\u00e9plique Manga Cin\u00e9\",\"description\":\"\",\"publisher\":{\"@id\":\"https:\\\/\\\/repliquemangacine.fr\\\/#organization\"},\"potentialAction\":[{\"@type\":\"SearchAction\",\"target\":{\"@type\":\"EntryPoint\",\"urlTemplate\":\"https:\\\/\\\/repliquemangacine.fr\\\/?s={search_term_string}\"},\"query-input\":{\"@type\":\"PropertyValueSpecification\",\"valueRequired\":true,\"valueName\":\"search_term_string\"}}],\"inLanguage\":\"es\"},{\"@type\":\"Organization\",\"@id\":\"https:\\\/\\\/repliquemangacine.fr\\\/#organization\",\"name\":\"R\u00e9plique Manga Cin\u00e9\",\"url\":\"https:\\\/\\\/repliquemangacine.fr\\\/\",\"logo\":{\"@type\":\"ImageObject\",\"inLanguage\":\"es\",\"@id\":\"https:\\\/\\\/repliquemangacine.fr\\\/#\\\/schema\\\/logo\\\/image\\\/\",\"url\":\"https:\\\/\\\/repliquemangacine.fr\\\/wp-content\\\/uploads\\\/2023\\\/10\\\/RMC-500250.png\",\"contentUrl\":\"https:\\\/\\\/repliquemangacine.fr\\\/wp-content\\\/uploads\\\/2023\\\/10\\\/RMC-500250.png\",\"width\":500,\"height\":250,\"caption\":\"R\u00e9plique Manga Cin\u00e9\"},\"image\":{\"@id\":\"https:\\\/\\\/repliquemangacine.fr\\\/#\\\/schema\\\/logo\\\/image\\\/\"},\"sameAs\":[\"https:\\\/\\\/www.facebook.com\\\/RepliqueMangaCine\",\"https:\\\/\\\/www.instagram.com\\\/repliquemangacine.fr\\\/\"]}]}<\/script>\n<!-- \/ Yoast SEO plugin. -->","yoast_head_json":{"title":"3 Katanas Zoro gratis y cintur\u00f3n funda - One Piece - RMC","description":"En exclusiva ! las 3 Katanas de Zoro en One Piece con el regalo de un cintur\u00f3n funda para llevar las 3 espadas a la vez como Zoro. Sables de metal.","robots":{"index":"index","follow":"follow","max-snippet":"max-snippet:-1","max-image-preview":"max-image-preview:large","max-video-preview":"max-video-preview:-1"},"canonical":"https:\/\/repliquemangacine.fr\/es\/replica-de-videojuegos-manga\/3-katanas-zoro\/","og_locale":"es_ES","og_type":"article","og_title":"3 Katanas de zoro et ceinture holster offert - One Piece - RMC","og_description":"En exclusivit\u00e9 ! les 3 Katanas de Zoro dans One Piece avec en cadeaux la ceinture holster pour porter les 3 sabres en m\u00eame temps comme Zoro. Sabres m\u00e9tal.","og_url":"https:\/\/repliquemangacine.fr\/es\/replica-de-videojuegos-manga\/3-katanas-zoro\/","og_site_name":"R\u00e9plique Manga Cin\u00e9","article_publisher":"https:\/\/www.facebook.com\/RepliqueMangaCine","article_modified_time":"2026-03-24T19:45:43+00:00","og_image":[{"width":500,"height":500,"url":"https:\/\/repliquemangacine.fr\/wp-content\/uploads\/2023\/10\/sabre-de-zoro-avec-ceinture.jpg","type":"image\/jpeg"}],"twitter_card":"summary_large_image","twitter_misc":{"Tiempo de lectura":"3 minutos"},"schema":{"@context":"https:\/\/schema.org","@graph":[{"@type":"WebPage","@id":"https:\/\/repliquemangacine.fr\/repliques-manga-jeux-video\/lot-3-katanas-de-zoro\/","url":"https:\/\/repliquemangacine.fr\/repliques-manga-jeux-video\/lot-3-katanas-de-zoro\/","name":"3 Katanas Zoro gratis y cintur\u00f3n funda - One Piece - RMC","isPartOf":{"@id":"https:\/\/repliquemangacine.fr\/#website"},"primaryImageOfPage":{"@id":"https:\/\/repliquemangacine.fr\/repliques-manga-jeux-video\/lot-3-katanas-de-zoro\/#primaryimage"},"image":{"@id":"https:\/\/repliquemangacine.fr\/repliques-manga-jeux-video\/lot-3-katanas-de-zoro\/#primaryimage"},"thumbnailUrl":"https:\/\/repliquemangacine.fr\/wp-content\/uploads\/2023\/10\/sabre-de-zoro-avec-ceinture.jpg","datePublished":"2023-05-19T15:59:41+00:00","dateModified":"2026-03-24T19:45:43+00:00","description":"En exclusiva ! las 3 Katanas de Zoro en One Piece con el regalo de un cintur\u00f3n funda para llevar las 3 espadas a la vez como Zoro. Sables de metal.","breadcrumb":{"@id":"https:\/\/repliquemangacine.fr\/repliques-manga-jeux-video\/lot-3-katanas-de-zoro\/#breadcrumb"},"inLanguage":"es","potentialAction":[{"@type":"ReadAction","target":["https:\/\/repliquemangacine.fr\/repliques-manga-jeux-video\/lot-3-katanas-de-zoro\/"]}]},{"@type":"ImageObject","inLanguage":"es","@id":"https:\/\/repliquemangacine.fr\/repliques-manga-jeux-video\/lot-3-katanas-de-zoro\/#primaryimage","url":"https:\/\/repliquemangacine.fr\/wp-content\/uploads\/2023\/10\/sabre-de-zoro-avec-ceinture.jpg","contentUrl":"https:\/\/repliquemangacine.fr\/wp-content\/uploads\/2023\/10\/sabre-de-zoro-avec-ceinture.jpg","width":500,"height":500,"caption":"3 Katanas de Zoro dans One piece"},{"@type":"BreadcrumbList","@id":"https:\/\/repliquemangacine.fr\/repliques-manga-jeux-video\/lot-3-katanas-de-zoro\/#breadcrumb","itemListElement":[{"@type":"ListItem","position":1,"name":"Accueil","item":"https:\/\/repliquemangacine.fr\/"},{"@type":"ListItem","position":2,"name":"Produits","item":"https:\/\/repliquemangacine.fr\/boutique\/"},{"@type":"ListItem","position":3,"name":"Lot 3 Katanas de Zoro"}]},{"@type":"WebSite","@id":"https:\/\/repliquemangacine.fr\/#website","url":"https:\/\/repliquemangacine.fr\/","name":"R\u00e9plique Manga Cin\u00e9","description":"","publisher":{"@id":"https:\/\/repliquemangacine.fr\/#organization"},"potentialAction":[{"@type":"SearchAction","target":{"@type":"EntryPoint","urlTemplate":"https:\/\/repliquemangacine.fr\/?s={search_term_string}"},"query-input":{"@type":"PropertyValueSpecification","valueRequired":true,"valueName":"search_term_string"}}],"inLanguage":"es"},{"@type":"Organization","@id":"https:\/\/repliquemangacine.fr\/#organization","name":"R\u00e9plique Manga Cin\u00e9","url":"https:\/\/repliquemangacine.fr\/","logo":{"@type":"ImageObject","inLanguage":"es","@id":"https:\/\/repliquemangacine.fr\/#\/schema\/logo\/image\/","url":"https:\/\/repliquemangacine.fr\/wp-content\/uploads\/2023\/10\/RMC-500250.png","contentUrl":"https:\/\/repliquemangacine.fr\/wp-content\/uploads\/2023\/10\/RMC-500250.png","width":500,"height":250,"caption":"R\u00e9plique Manga Cin\u00e9"},"image":{"@id":"https:\/\/repliquemangacine.fr\/#\/schema\/logo\/image\/"},"sameAs":["https:\/\/www.facebook.com\/RepliqueMangaCine","https:\/\/www.instagram.com\/repliquemangacine.fr\/"]}]}},"_links":{"self":[{"href":"https:\/\/repliquemangacine.fr\/es\/wp-json\/wp\/v2\/product\/60391","targetHints":{"allow":["GET"]}}],"collection":[{"href":"https:\/\/repliquemangacine.fr\/es\/wp-json\/wp\/v2\/product"}],"about":[{"href":"https:\/\/repliquemangacine.fr\/es\/wp-json\/wp\/v2\/types\/product"}],"wp:featuredmedia":[{"embeddable":true,"href":"https:\/\/repliquemangacine.fr\/es\/wp-json\/wp\/v2\/media\/60392"}],"wp:attachment":[{"href":"https:\/\/repliquemangacine.fr\/es\/wp-json\/wp\/v2\/media?parent=60391"}],"wp:term":[{"taxonomy":"product_brand","embeddable":true,"href":"https:\/\/repliquemangacine.fr\/es\/wp-json\/wp\/v2\/product_brand?post=60391"},{"taxonomy":"product_cat","embeddable":true,"href":"https:\/\/repliquemangacine.fr\/es\/wp-json\/wp\/v2\/product_cat?post=60391"},{"taxonomy":"product_tag","embeddable":true,"href":"https:\/\/repliquemangacine.fr\/es\/wp-json\/wp\/v2\/product_tag?post=60391"}],"curies":[{"name":"wp","href":"https:\/\/api.w.org\/{rel}","templated":true}]}}