





{"id":60362,"date":"2023-05-18T18:31:08","date_gmt":"2023-05-18T16:31:08","guid":{"rendered":"https:\/\/repliquemangacine.fr\/?post_type=product&#038;p=60362"},"modified":"2026-04-03T14:50:00","modified_gmt":"2026-04-03T12:50:00","slug":"katana-enma-forjada-purpura","status":"publish","type":"product","link":"https:\/\/repliquemangacine.fr\/es\/katana-epee\/katana-enma-violet-forge\/","title":{"rendered":"Enma katana forjada p\u00farpura"},"content":{"rendered":"<h2>Katana Enma morada forjada en One Piece<\/h2>\n<p>Para empezar, el <strong>Enma katana forjada p\u00farpura<\/strong> <strong>Una sola pieza<\/strong> Es una de las mejores espadas del mundo, una Meito que pertenec\u00eda a Kozuki Oden, quien la utilizaba junto con otra Meito, Ame no Habakiri. Esta katana es una digna sustituta de la legendaria Shuusui. Hiyori se la entreg\u00f3 a Zoro a cambio de la Shuusui.<\/p>\n<p>Forjado por el herrero Shimotsuki Kozaburo. Este \u00faltimo es un herrero de renombre del pa\u00eds de Wa, que forj\u00f3, entre otras cosas, el Wad\u00f4 Ichimonji. Shimotsuki Kozaburo tiene fama de crear Meito.<\/p>\n<p>83 espadas tienen la denominaci\u00f3n Meito, pero solo quedan 82 espadas en el mundo tras la destrucci\u00f3n de Yubashiri, durante el encuentro entre Zoro y el marine Sh\u00fb. Zoro sustituy\u00f3 la Yubashiri que le hab\u00eda dado Ippon-Matsu por la Shuusui, considerada tesoro nacional del pa\u00eds de Wa.<\/p>\n<h2>Tu One Piece Katana forjada Enma morada al mejor precio<\/h2>\n<p>Te traemos todas las l\u00edneas de tus personajes favoritos en este manga animado de One Piece.<\/p>\n<p>Lo primero y m\u00e1s importante,<\/p>\n<ul>\n<li>Le<a href=\"https:\/\/repliquemangacine.fr\/es\/katana-de-una-pieza\/ame-no-habakiri-katana-de-zoro-one-piece\/\"> katana Ame no Habakiri<\/a>Este Meito se utiliza junto con Enma.<\/li>\n<li>Y las Katanas de madera de Zoro.<\/li>\n<li>Tambi\u00e9n existe la<a href=\"https:\/\/repliquemangacine.fr\/es\/katana-de-una-pieza\/espada-kokuto-yoru-dracula-espada-mihawk-one-piece\/\"> Espada Yoru de Mihawk<\/a> y su larga hoja.<\/li>\n<li>Y muchos m\u00e1s por descubrir en nuestra tienda en l\u00ednea.<\/li>\n<\/ul>\n<p>Por eso, aqu\u00ed tiene algunas ideas para regalar a todos los fans de <a href=\"https:\/\/onepiece.fandom.com\/fr\/wiki\/One_Piece_Encyclop\u00e9die\" target=\"_blank\" rel=\"noopener noreferrer\">Una pieza<\/a>.<\/p>\n<p>En conclusi\u00f3n, tambi\u00e9n puede utilizar este <strong>Monopieza forjado Katana Enma morado<\/strong> para tus desfiles de cosplay o veladas tem\u00e1ticas. Pero sobre todo, la espada Enma One Piece es tambi\u00e9n una pieza de coleccionista y una pieza decorativa.<\/p>\n<h2>\u00bfC\u00f3mo mantengo la hoja de mi katana de One Piece?<\/h2>\n<p>Las katanas de colecci\u00f3n y decorativas se fabrican y ensamblan de forma simplificada. Al ser de uso decorativo, no cuentan con los elementos de seguridad necesarios para una espada japonesa destinada al entrenamiento.<\/p>\n<p>Sin embargo, su <strong>Enma katana forjada morada de One Piece<\/strong> una hoja de acero que hay que cuidar para evitar que se deteriore con el tiempo. De hecho, vas a exponer tu katana, tus amigos sentir\u00e1n curiosidad por ver la hoja y tocarla. Ah\u00ed es donde hay que tener cuidado, hay que destacar que la acidez de los dedos es muy perjudicial para el acero, independientemente de su calidad.<\/p>\n<p>Si esto ocurre, no se preocupe, solo tiene que humedecer un pa\u00f1o con un poco de aceite y limpiar las huellas dactilares. De esta forma, conservar\u00e1 su espada durante mucho tiempo.<\/p>","protected":false},"excerpt":{"rendered":"<p>Katana Enma de Zoro en One Piece<\/p>\n<ul>\n<li>Hoja de acero forjado AISI 1045 Filo de corte<\/li>\n<li>Protector met\u00e1lico.<\/li>\n<li>Mango de madera lacada p\u00farpura con decoraci\u00f3n.<\/li>\n<li>Vaina de madera lacada p\u00farpura decorada.<\/li>\n<li>Malet\u00edn de transporte<\/li>\n<li>Longitud de la hoja: 73 cm - Longitud total: 108 cm - Peso: 1320g<\/li>\n<\/ul>","protected":false},"featured_media":60363,"template":"","meta":[],"product_brand":[896],"product_cat":[26,123,38,23],"product_tag":[],"class_list":{"0":"post-60362","1":"product","2":"type-product","3":"status-publish","4":"has-post-thumbnail","6":"product_brand-replique-manga-cine","7":"product_cat-katana-epee","8":"product_cat-katana-en-metal-one-piece","9":"product_cat-katana-forge","10":"product_cat-repliques-manga-jeux-video","12":"first","13":"instock","14":"taxable","15":"shipping-taxable","16":"purchasable","17":"product-type-simple"},"yoast_head":"<!-- This site is optimized with the Yoast SEO plugin v27.4 - https:\/\/yoast.com\/product\/yoast-seo-wordpress\/ -->\n<title>Katana Enma violet forg\u00e9 - R\u00e9plique Manga Cin\u00e9<\/title>\n<meta name=\"description\" content=\"Offrez-vous ce sublime Katana Enma violet forg\u00e9 dans One Piece au meilleur prix - Lame acier 1045 tranchant - Fourreau laqu\u00e9 - Longueur totale : 108 cm\" \/>\n<meta name=\"robots\" content=\"index, follow, max-snippet:-1, max-image-preview:large, max-video-preview:-1\" \/>\n<link rel=\"canonical\" href=\"https:\/\/repliquemangacine.fr\/es\/espada-katana\/katana-enma-forjada-purpura\/\" \/>\n<meta property=\"og:locale\" content=\"es_ES\" \/>\n<meta property=\"og:type\" content=\"article\" \/>\n<meta property=\"og:title\" content=\"Katana Enma violet forg\u00e9 - R\u00e9plique Manga Cin\u00e9\" \/>\n<meta property=\"og:description\" content=\"Offrez-vous ce sublime Katana Enma violet forg\u00e9 dans One Piece au meilleur prix - Lame acier 1045 tranchant - Fourreau laqu\u00e9 - Longueur totale : 108 cm\" \/>\n<meta property=\"og:url\" content=\"https:\/\/repliquemangacine.fr\/es\/espada-katana\/katana-enma-forjada-purpura\/\" \/>\n<meta property=\"og:site_name\" content=\"R\u00e9plique Manga Cin\u00e9\" \/>\n<meta property=\"article:publisher\" content=\"https:\/\/www.facebook.com\/RepliqueMangaCine\" \/>\n<meta property=\"article:modified_time\" content=\"2026-04-03T12:50:00+00:00\" \/>\n<meta property=\"og:image\" content=\"https:\/\/repliquemangacine.fr\/wp-content\/uploads\/2023\/10\/Katana-Enma-Zoro-forge.jpg\" \/>\n\t<meta property=\"og:image:width\" content=\"500\" \/>\n\t<meta property=\"og:image:height\" content=\"500\" \/>\n\t<meta property=\"og:image:type\" content=\"image\/jpeg\" \/>\n<meta name=\"twitter:card\" content=\"summary_large_image\" \/>\n<meta name=\"twitter:label1\" content=\"Tiempo de lectura\" \/>\n\t<meta name=\"twitter:data1\" content=\"3 minutos\" \/>\n<script type=\"application\/ld+json\" class=\"yoast-schema-graph\">{\"@context\":\"https:\\\/\\\/schema.org\",\"@graph\":[{\"@type\":\"WebPage\",\"@id\":\"https:\\\/\\\/repliquemangacine.fr\\\/katana-epee\\\/katana-enma-violet-forge\\\/\",\"url\":\"https:\\\/\\\/repliquemangacine.fr\\\/katana-epee\\\/katana-enma-violet-forge\\\/\",\"name\":\"Katana Enma violet forg\u00e9 - R\u00e9plique Manga Cin\u00e9\",\"isPartOf\":{\"@id\":\"https:\\\/\\\/repliquemangacine.fr\\\/#website\"},\"primaryImageOfPage\":{\"@id\":\"https:\\\/\\\/repliquemangacine.fr\\\/katana-epee\\\/katana-enma-violet-forge\\\/#primaryimage\"},\"image\":{\"@id\":\"https:\\\/\\\/repliquemangacine.fr\\\/katana-epee\\\/katana-enma-violet-forge\\\/#primaryimage\"},\"thumbnailUrl\":\"https:\\\/\\\/repliquemangacine.fr\\\/wp-content\\\/uploads\\\/2023\\\/10\\\/Katana-Enma-Zoro-forge.jpg\",\"datePublished\":\"2023-05-18T16:31:08+00:00\",\"dateModified\":\"2026-04-03T12:50:00+00:00\",\"description\":\"Offrez-vous ce sublime Katana Enma violet forg\u00e9 dans One Piece au meilleur prix - Lame acier 1045 tranchant - Fourreau laqu\u00e9 - Longueur totale : 108 cm\",\"breadcrumb\":{\"@id\":\"https:\\\/\\\/repliquemangacine.fr\\\/katana-epee\\\/katana-enma-violet-forge\\\/#breadcrumb\"},\"inLanguage\":\"es\",\"potentialAction\":[{\"@type\":\"ReadAction\",\"target\":[\"https:\\\/\\\/repliquemangacine.fr\\\/katana-epee\\\/katana-enma-violet-forge\\\/\"]}]},{\"@type\":\"ImageObject\",\"inLanguage\":\"es\",\"@id\":\"https:\\\/\\\/repliquemangacine.fr\\\/katana-epee\\\/katana-enma-violet-forge\\\/#primaryimage\",\"url\":\"https:\\\/\\\/repliquemangacine.fr\\\/wp-content\\\/uploads\\\/2023\\\/10\\\/Katana-Enma-Zoro-forge.jpg\",\"contentUrl\":\"https:\\\/\\\/repliquemangacine.fr\\\/wp-content\\\/uploads\\\/2023\\\/10\\\/Katana-Enma-Zoro-forge.jpg\",\"width\":500,\"height\":500,\"caption\":\"Katana Enma forg\u00e9\"},{\"@type\":\"BreadcrumbList\",\"@id\":\"https:\\\/\\\/repliquemangacine.fr\\\/katana-epee\\\/katana-enma-violet-forge\\\/#breadcrumb\",\"itemListElement\":[{\"@type\":\"ListItem\",\"position\":1,\"name\":\"Accueil\",\"item\":\"https:\\\/\\\/repliquemangacine.fr\\\/\"},{\"@type\":\"ListItem\",\"position\":2,\"name\":\"Produits\",\"item\":\"https:\\\/\\\/repliquemangacine.fr\\\/boutique\\\/\"},{\"@type\":\"ListItem\",\"position\":3,\"name\":\"Katana Enma violet forg\u00e9\"}]},{\"@type\":\"WebSite\",\"@id\":\"https:\\\/\\\/repliquemangacine.fr\\\/#website\",\"url\":\"https:\\\/\\\/repliquemangacine.fr\\\/\",\"name\":\"R\u00e9plique Manga Cin\u00e9\",\"description\":\"\",\"publisher\":{\"@id\":\"https:\\\/\\\/repliquemangacine.fr\\\/#organization\"},\"potentialAction\":[{\"@type\":\"SearchAction\",\"target\":{\"@type\":\"EntryPoint\",\"urlTemplate\":\"https:\\\/\\\/repliquemangacine.fr\\\/?s={search_term_string}\"},\"query-input\":{\"@type\":\"PropertyValueSpecification\",\"valueRequired\":true,\"valueName\":\"search_term_string\"}}],\"inLanguage\":\"es\"},{\"@type\":\"Organization\",\"@id\":\"https:\\\/\\\/repliquemangacine.fr\\\/#organization\",\"name\":\"R\u00e9plique Manga Cin\u00e9\",\"url\":\"https:\\\/\\\/repliquemangacine.fr\\\/\",\"logo\":{\"@type\":\"ImageObject\",\"inLanguage\":\"es\",\"@id\":\"https:\\\/\\\/repliquemangacine.fr\\\/#\\\/schema\\\/logo\\\/image\\\/\",\"url\":\"https:\\\/\\\/repliquemangacine.fr\\\/wp-content\\\/uploads\\\/2023\\\/10\\\/RMC-500250.png\",\"contentUrl\":\"https:\\\/\\\/repliquemangacine.fr\\\/wp-content\\\/uploads\\\/2023\\\/10\\\/RMC-500250.png\",\"width\":500,\"height\":250,\"caption\":\"R\u00e9plique Manga Cin\u00e9\"},\"image\":{\"@id\":\"https:\\\/\\\/repliquemangacine.fr\\\/#\\\/schema\\\/logo\\\/image\\\/\"},\"sameAs\":[\"https:\\\/\\\/www.facebook.com\\\/RepliqueMangaCine\",\"https:\\\/\\\/www.instagram.com\\\/repliquemangacine.fr\\\/\"]}]}<\/script>\n<!-- \/ Yoast SEO plugin. -->","yoast_head_json":{"title":"Katana Enma violeta forjada - R\u00e9plique Manga Cin\u00e9","description":"Reg\u00e1lese esta sublime Katana Enma p\u00farpura forjada en One Piece al mejor precio - Hoja de acero 1045 - Vaina lacada - Longitud total: 108 cm","robots":{"index":"index","follow":"follow","max-snippet":"max-snippet:-1","max-image-preview":"max-image-preview:large","max-video-preview":"max-video-preview:-1"},"canonical":"https:\/\/repliquemangacine.fr\/es\/espada-katana\/katana-enma-forjada-purpura\/","og_locale":"es_ES","og_type":"article","og_title":"Katana Enma violet forg\u00e9 - R\u00e9plique Manga Cin\u00e9","og_description":"Offrez-vous ce sublime Katana Enma violet forg\u00e9 dans One Piece au meilleur prix - Lame acier 1045 tranchant - Fourreau laqu\u00e9 - Longueur totale : 108 cm","og_url":"https:\/\/repliquemangacine.fr\/es\/espada-katana\/katana-enma-forjada-purpura\/","og_site_name":"R\u00e9plique Manga Cin\u00e9","article_publisher":"https:\/\/www.facebook.com\/RepliqueMangaCine","article_modified_time":"2026-04-03T12:50:00+00:00","og_image":[{"width":500,"height":500,"url":"https:\/\/repliquemangacine.fr\/wp-content\/uploads\/2023\/10\/Katana-Enma-Zoro-forge.jpg","type":"image\/jpeg"}],"twitter_card":"summary_large_image","twitter_misc":{"Tiempo de lectura":"3 minutos"},"schema":{"@context":"https:\/\/schema.org","@graph":[{"@type":"WebPage","@id":"https:\/\/repliquemangacine.fr\/katana-epee\/katana-enma-violet-forge\/","url":"https:\/\/repliquemangacine.fr\/katana-epee\/katana-enma-violet-forge\/","name":"Katana Enma violeta forjada - R\u00e9plique Manga Cin\u00e9","isPartOf":{"@id":"https:\/\/repliquemangacine.fr\/#website"},"primaryImageOfPage":{"@id":"https:\/\/repliquemangacine.fr\/katana-epee\/katana-enma-violet-forge\/#primaryimage"},"image":{"@id":"https:\/\/repliquemangacine.fr\/katana-epee\/katana-enma-violet-forge\/#primaryimage"},"thumbnailUrl":"https:\/\/repliquemangacine.fr\/wp-content\/uploads\/2023\/10\/Katana-Enma-Zoro-forge.jpg","datePublished":"2023-05-18T16:31:08+00:00","dateModified":"2026-04-03T12:50:00+00:00","description":"Reg\u00e1lese esta sublime Katana Enma p\u00farpura forjada en One Piece al mejor precio - Hoja de acero 1045 - Vaina lacada - Longitud total: 108 cm","breadcrumb":{"@id":"https:\/\/repliquemangacine.fr\/katana-epee\/katana-enma-violet-forge\/#breadcrumb"},"inLanguage":"es","potentialAction":[{"@type":"ReadAction","target":["https:\/\/repliquemangacine.fr\/katana-epee\/katana-enma-violet-forge\/"]}]},{"@type":"ImageObject","inLanguage":"es","@id":"https:\/\/repliquemangacine.fr\/katana-epee\/katana-enma-violet-forge\/#primaryimage","url":"https:\/\/repliquemangacine.fr\/wp-content\/uploads\/2023\/10\/Katana-Enma-Zoro-forge.jpg","contentUrl":"https:\/\/repliquemangacine.fr\/wp-content\/uploads\/2023\/10\/Katana-Enma-Zoro-forge.jpg","width":500,"height":500,"caption":"Katana Enma forg\u00e9"},{"@type":"BreadcrumbList","@id":"https:\/\/repliquemangacine.fr\/katana-epee\/katana-enma-violet-forge\/#breadcrumb","itemListElement":[{"@type":"ListItem","position":1,"name":"Accueil","item":"https:\/\/repliquemangacine.fr\/"},{"@type":"ListItem","position":2,"name":"Produits","item":"https:\/\/repliquemangacine.fr\/boutique\/"},{"@type":"ListItem","position":3,"name":"Katana Enma violet forg\u00e9"}]},{"@type":"WebSite","@id":"https:\/\/repliquemangacine.fr\/#website","url":"https:\/\/repliquemangacine.fr\/","name":"R\u00e9plique Manga Cin\u00e9","description":"","publisher":{"@id":"https:\/\/repliquemangacine.fr\/#organization"},"potentialAction":[{"@type":"SearchAction","target":{"@type":"EntryPoint","urlTemplate":"https:\/\/repliquemangacine.fr\/?s={search_term_string}"},"query-input":{"@type":"PropertyValueSpecification","valueRequired":true,"valueName":"search_term_string"}}],"inLanguage":"es"},{"@type":"Organization","@id":"https:\/\/repliquemangacine.fr\/#organization","name":"R\u00e9plique Manga Cin\u00e9","url":"https:\/\/repliquemangacine.fr\/","logo":{"@type":"ImageObject","inLanguage":"es","@id":"https:\/\/repliquemangacine.fr\/#\/schema\/logo\/image\/","url":"https:\/\/repliquemangacine.fr\/wp-content\/uploads\/2023\/10\/RMC-500250.png","contentUrl":"https:\/\/repliquemangacine.fr\/wp-content\/uploads\/2023\/10\/RMC-500250.png","width":500,"height":250,"caption":"R\u00e9plique Manga Cin\u00e9"},"image":{"@id":"https:\/\/repliquemangacine.fr\/#\/schema\/logo\/image\/"},"sameAs":["https:\/\/www.facebook.com\/RepliqueMangaCine","https:\/\/www.instagram.com\/repliquemangacine.fr\/"]}]}},"_links":{"self":[{"href":"https:\/\/repliquemangacine.fr\/es\/wp-json\/wp\/v2\/product\/60362","targetHints":{"allow":["GET"]}}],"collection":[{"href":"https:\/\/repliquemangacine.fr\/es\/wp-json\/wp\/v2\/product"}],"about":[{"href":"https:\/\/repliquemangacine.fr\/es\/wp-json\/wp\/v2\/types\/product"}],"wp:featuredmedia":[{"embeddable":true,"href":"https:\/\/repliquemangacine.fr\/es\/wp-json\/wp\/v2\/media\/60363"}],"wp:attachment":[{"href":"https:\/\/repliquemangacine.fr\/es\/wp-json\/wp\/v2\/media?parent=60362"}],"wp:term":[{"taxonomy":"product_brand","embeddable":true,"href":"https:\/\/repliquemangacine.fr\/es\/wp-json\/wp\/v2\/product_brand?post=60362"},{"taxonomy":"product_cat","embeddable":true,"href":"https:\/\/repliquemangacine.fr\/es\/wp-json\/wp\/v2\/product_cat?post=60362"},{"taxonomy":"product_tag","embeddable":true,"href":"https:\/\/repliquemangacine.fr\/es\/wp-json\/wp\/v2\/product_tag?post=60362"}],"curies":[{"name":"wp","href":"https:\/\/api.w.org\/{rel}","templated":true}]}}