





{"id":60314,"date":"2023-05-18T14:53:14","date_gmt":"2023-05-18T12:53:14","guid":{"rendered":"https:\/\/repliquemangacine.fr\/?post_type=product&#038;p=60314"},"modified":"2025-12-12T17:22:06","modified_gmt":"2025-12-12T16:22:06","slug":"revolver-kolser-gris-thunderer","status":"publish","type":"product","link":"https:\/\/repliquemangacine.fr\/es\/colt-revolver-western\/revolver-thunderer-gris-kolser\/","title":{"rendered":"Rev\u00f3lver Kolser Thunderer gris"},"content":{"rendered":"<h2>Rev\u00f3lver Kolser Thunderer gris<\/h2>\n<p>Para empezar, el <strong>Rev\u00f3lver Kolser Thunderer gris<\/strong> Fabricado por Kolser a partir de la montura del modelo anterior a 1896. Provisto de una elegante culata en forma de cabeza de p\u00e1jaro en gris envejecido.<\/p>\n<p>Esta magn\u00edfica r\u00e9plica del rev\u00f3lver est\u00e1 fabricada en zamac con una rec\u00e1mara recargable, un cilindro giratorio y el cl\u00e1sico mecanismo funcional de Kolser, que hace que sus r\u00e9plicas sean las m\u00e1s realistas del mercado.<\/p>\n<p>Los acabados del Thunderer de Kolser siguen las caracter\u00edsticas m\u00e1s representativas del rev\u00f3lver creado hace casi un siglo y medio, a\u00f1adi\u00e9ndole nuevos toques que lo convierten en una pieza de lujo.<\/p>\n<h2>Tu Revolver Thunderer gris Kolser al mejor precio.<\/h2>\n<p>Le ofrecemos una amplia selecci\u00f3n de reproducciones de armas Western Kolser al precio m\u00e1s bajo del mercado.<\/p>\n<p>Lo primero y m\u00e1s importante,<\/p>\n<ul>\n<li>Le <a href=\"https:\/\/repliquemangacine.fr\/es\/pistola-kolser\/peacemaker-5-5-laton-caso-kolser\/\">Colt SAA en lat\u00f3n<\/a> Calibre 45, 5,5 pulgadas con pulido a mano.<\/li>\n<li>Pero tambi\u00e9n necesitas <a href=\"https:\/\/repliquemangacine.fr\/es\/pistola-kolser\/6-balas-de-prueba-para-colt-45-kolser\/\">Balas de prueba Kolser<\/a> para un mayor realismo.<\/li>\n<li>Y muchos m\u00e1s por descubrir en nuestra tienda en l\u00ednea.<\/li>\n<\/ul>\n<p>Por eso, es una idea estupenda para regalar a coleccionistas o aficionados al western.<\/p>\n<p>En conclusi\u00f3n, puede utilizar el <strong>Rev\u00f3lver Kolser Thunderer gris<\/strong> para sus demostraciones de Westerns o veladas tem\u00e1ticas.<\/p>\n<p>R\u00e9plique Manga Cin\u00e9 es una empresa francesa, distribuidora de la marca. <a href=\"https:\/\/kolser.com\/fr\/product\/replique-revolver-thunder\/\" target=\"_blank\" rel=\"noopener noreferrer\">Kolser<\/a>.<\/p>\n<h2>\u00bfC\u00f3mo se fabrican las armas Kolser?<\/h2>\n<p>Las armas Kolser, fabricadas en metal con acabados especiales en lat\u00f3n galvanizado y n\u00edquel, con efectos de metal envejecido o acero, obtenidos gracias a minuciosos procesos manuales que confieren un aspecto \u00fanico a las piezas de la marca.<\/p>\n<p>Situados al m\u00e1s alto nivel de calidad del mercado, preservando el esp\u00edritu de los armeros de siglos pasados para un trabajo bien hecho.<\/p>\n<p>Por otra parte, la modernizaci\u00f3n de los protocolos de dise\u00f1o de los nuevos modelos, realizados con los m\u00e1s altos est\u00e1ndares, logra este aspecto tan real. Del mismo modo, Kolser innova en los sistemas de fabricaci\u00f3n y los procesos de montaje a mano para garantizar la mejor calidad de las piezas y los materiales con los que fabrican su <strong>Rev\u00f3lver Kolser Thunderer gris.<\/strong><\/p>","protected":false},"excerpt":{"rendered":"<p>R\u00e9plica del rev\u00f3lver Kolser Thunderer<\/p>\n<ul>\n<li>En zamac y lat\u00f3n<\/li>\n<li>Barril giratorio<\/li>\n<li>C\u00e1mara rellenable<\/li>\n<li>Culata imitaci\u00f3n madera<\/li>\n<li>Mecanismo funcional<\/li>\n<li>Se presenta en una caja decorativa con 6 bolas de chupete.<\/li>\n<li>Longitud: 25,5 cm<\/li>\n<\/ul>","protected":false},"featured_media":60315,"template":"","meta":[],"product_brand":[896],"product_cat":[100,34,33,77,28,27],"product_tag":[],"class_list":{"0":"post-60314","1":"product","2":"type-product","3":"status-publish","4":"has-post-thumbnail","6":"product_brand-replique-manga-cine","7":"product_cat-arme-kolser","8":"product_cat-armes-westerns","9":"product_cat-colt-pistolet","10":"product_cat-colt-revolver-western","11":"product_cat-repliques-darmes","12":"product_cat-armes-et-accessoires-western","14":"first","15":"instock","16":"taxable","17":"shipping-taxable","18":"purchasable","19":"product-type-simple"},"yoast_head":"<!-- This site is optimized with the Yoast SEO plugin v27.4 - https:\/\/yoast.com\/product\/yoast-seo-wordpress\/ -->\n<title>Revolver Thunderer gris Kolser - R\u00e9plique Manga Cin\u00e9<\/title>\n<meta name=\"description\" content=\"D\u00e9couvrez ce Revolver Thunderer gris Kolser au meilleur prix - En zamac gris vieilli - Barillet rotatif - Chambre rechargeable - Crosse bois - 25.5 cm\" \/>\n<meta name=\"robots\" content=\"index, follow, max-snippet:-1, max-image-preview:large, max-video-preview:-1\" \/>\n<link rel=\"canonical\" href=\"https:\/\/repliquemangacine.fr\/es\/pistola-kolser\/revolver-kolser-gris-thunderer\/\" \/>\n<meta property=\"og:locale\" content=\"es_ES\" \/>\n<meta property=\"og:type\" content=\"article\" \/>\n<meta property=\"og:title\" content=\"Revolver Thunderer gris Kolser - R\u00e9plique Manga Cin\u00e9\" \/>\n<meta property=\"og:description\" content=\"D\u00e9couvrez ce Revolver Thunderer gris Kolser au meilleur prix - En zamac gris vieilli - Barillet rotatif - Chambre rechargeable - Crosse bois - 25.5 cm\" \/>\n<meta property=\"og:url\" content=\"https:\/\/repliquemangacine.fr\/es\/pistola-kolser\/revolver-kolser-gris-thunderer\/\" \/>\n<meta property=\"og:site_name\" content=\"R\u00e9plique Manga Cin\u00e9\" \/>\n<meta property=\"article:publisher\" content=\"https:\/\/www.facebook.com\/RepliqueMangaCine\" \/>\n<meta property=\"article:modified_time\" content=\"2025-12-12T16:22:06+00:00\" \/>\n<meta property=\"og:image\" content=\"https:\/\/repliquemangacine.fr\/wp-content\/uploads\/2023\/10\/Revolver-Thunderer-gris-Kolser.jpg\" \/>\n\t<meta property=\"og:image:width\" content=\"500\" \/>\n\t<meta property=\"og:image:height\" content=\"500\" \/>\n\t<meta property=\"og:image:type\" content=\"image\/jpeg\" \/>\n<meta name=\"twitter:card\" content=\"summary_large_image\" \/>\n<meta name=\"twitter:label1\" content=\"Tiempo de lectura\" \/>\n\t<meta name=\"twitter:data1\" content=\"2 minutos\" \/>\n<script type=\"application\/ld+json\" class=\"yoast-schema-graph\">{\"@context\":\"https:\\\/\\\/schema.org\",\"@graph\":[{\"@type\":\"WebPage\",\"@id\":\"https:\\\/\\\/repliquemangacine.fr\\\/arme-kolser\\\/revolver-thunderer-gris-kolser\\\/\",\"url\":\"https:\\\/\\\/repliquemangacine.fr\\\/arme-kolser\\\/revolver-thunderer-gris-kolser\\\/\",\"name\":\"Revolver Thunderer gris Kolser - R\u00e9plique Manga Cin\u00e9\",\"isPartOf\":{\"@id\":\"https:\\\/\\\/repliquemangacine.fr\\\/#website\"},\"primaryImageOfPage\":{\"@id\":\"https:\\\/\\\/repliquemangacine.fr\\\/arme-kolser\\\/revolver-thunderer-gris-kolser\\\/#primaryimage\"},\"image\":{\"@id\":\"https:\\\/\\\/repliquemangacine.fr\\\/arme-kolser\\\/revolver-thunderer-gris-kolser\\\/#primaryimage\"},\"thumbnailUrl\":\"https:\\\/\\\/repliquemangacine.fr\\\/wp-content\\\/uploads\\\/2023\\\/10\\\/Revolver-Thunderer-gris-Kolser.jpg\",\"datePublished\":\"2023-05-18T12:53:14+00:00\",\"dateModified\":\"2025-12-12T16:22:06+00:00\",\"description\":\"D\u00e9couvrez ce Revolver Thunderer gris Kolser au meilleur prix - En zamac gris vieilli - Barillet rotatif - Chambre rechargeable - Crosse bois - 25.5 cm\",\"breadcrumb\":{\"@id\":\"https:\\\/\\\/repliquemangacine.fr\\\/arme-kolser\\\/revolver-thunderer-gris-kolser\\\/#breadcrumb\"},\"inLanguage\":\"es\",\"potentialAction\":[{\"@type\":\"ReadAction\",\"target\":[\"https:\\\/\\\/repliquemangacine.fr\\\/arme-kolser\\\/revolver-thunderer-gris-kolser\\\/\"]}]},{\"@type\":\"ImageObject\",\"inLanguage\":\"es\",\"@id\":\"https:\\\/\\\/repliquemangacine.fr\\\/arme-kolser\\\/revolver-thunderer-gris-kolser\\\/#primaryimage\",\"url\":\"https:\\\/\\\/repliquemangacine.fr\\\/wp-content\\\/uploads\\\/2023\\\/10\\\/Revolver-Thunderer-gris-Kolser.jpg\",\"contentUrl\":\"https:\\\/\\\/repliquemangacine.fr\\\/wp-content\\\/uploads\\\/2023\\\/10\\\/Revolver-Thunderer-gris-Kolser.jpg\",\"width\":500,\"height\":500,\"caption\":\"Revolver Thunderer gris Kolser\"},{\"@type\":\"BreadcrumbList\",\"@id\":\"https:\\\/\\\/repliquemangacine.fr\\\/arme-kolser\\\/revolver-thunderer-gris-kolser\\\/#breadcrumb\",\"itemListElement\":[{\"@type\":\"ListItem\",\"position\":1,\"name\":\"Accueil\",\"item\":\"https:\\\/\\\/repliquemangacine.fr\\\/\"},{\"@type\":\"ListItem\",\"position\":2,\"name\":\"Produits\",\"item\":\"https:\\\/\\\/repliquemangacine.fr\\\/boutique\\\/\"},{\"@type\":\"ListItem\",\"position\":3,\"name\":\"Revolver Thunderer gris Kolser\"}]},{\"@type\":\"WebSite\",\"@id\":\"https:\\\/\\\/repliquemangacine.fr\\\/#website\",\"url\":\"https:\\\/\\\/repliquemangacine.fr\\\/\",\"name\":\"R\u00e9plique Manga Cin\u00e9\",\"description\":\"\",\"publisher\":{\"@id\":\"https:\\\/\\\/repliquemangacine.fr\\\/#organization\"},\"potentialAction\":[{\"@type\":\"SearchAction\",\"target\":{\"@type\":\"EntryPoint\",\"urlTemplate\":\"https:\\\/\\\/repliquemangacine.fr\\\/?s={search_term_string}\"},\"query-input\":{\"@type\":\"PropertyValueSpecification\",\"valueRequired\":true,\"valueName\":\"search_term_string\"}}],\"inLanguage\":\"es\"},{\"@type\":\"Organization\",\"@id\":\"https:\\\/\\\/repliquemangacine.fr\\\/#organization\",\"name\":\"R\u00e9plique Manga Cin\u00e9\",\"url\":\"https:\\\/\\\/repliquemangacine.fr\\\/\",\"logo\":{\"@type\":\"ImageObject\",\"inLanguage\":\"es\",\"@id\":\"https:\\\/\\\/repliquemangacine.fr\\\/#\\\/schema\\\/logo\\\/image\\\/\",\"url\":\"https:\\\/\\\/repliquemangacine.fr\\\/wp-content\\\/uploads\\\/2023\\\/10\\\/RMC-500250.png\",\"contentUrl\":\"https:\\\/\\\/repliquemangacine.fr\\\/wp-content\\\/uploads\\\/2023\\\/10\\\/RMC-500250.png\",\"width\":500,\"height\":250,\"caption\":\"R\u00e9plique Manga Cin\u00e9\"},\"image\":{\"@id\":\"https:\\\/\\\/repliquemangacine.fr\\\/#\\\/schema\\\/logo\\\/image\\\/\"},\"sameAs\":[\"https:\\\/\\\/www.facebook.com\\\/RepliqueMangaCine\",\"https:\\\/\\\/www.instagram.com\\\/repliquemangacine.fr\\\/\"]}]}<\/script>\n<!-- \/ Yoast SEO plugin. -->","yoast_head_json":{"title":"Rev\u00f3lver Kolser Thunderer gris - R\u00e9plique Manga Cin\u00e9","description":"Descubra este Rev\u00f3lver Thunderer gris Kolser al mejor precio - En zamac gris envejecido - Ca\u00f1\u00f3n giratorio - Rec\u00e1mara recargable - Culata de madera - 25,5 cm","robots":{"index":"index","follow":"follow","max-snippet":"max-snippet:-1","max-image-preview":"max-image-preview:large","max-video-preview":"max-video-preview:-1"},"canonical":"https:\/\/repliquemangacine.fr\/es\/pistola-kolser\/revolver-kolser-gris-thunderer\/","og_locale":"es_ES","og_type":"article","og_title":"Revolver Thunderer gris Kolser - R\u00e9plique Manga Cin\u00e9","og_description":"D\u00e9couvrez ce Revolver Thunderer gris Kolser au meilleur prix - En zamac gris vieilli - Barillet rotatif - Chambre rechargeable - Crosse bois - 25.5 cm","og_url":"https:\/\/repliquemangacine.fr\/es\/pistola-kolser\/revolver-kolser-gris-thunderer\/","og_site_name":"R\u00e9plique Manga Cin\u00e9","article_publisher":"https:\/\/www.facebook.com\/RepliqueMangaCine","article_modified_time":"2025-12-12T16:22:06+00:00","og_image":[{"width":500,"height":500,"url":"https:\/\/repliquemangacine.fr\/wp-content\/uploads\/2023\/10\/Revolver-Thunderer-gris-Kolser.jpg","type":"image\/jpeg"}],"twitter_card":"summary_large_image","twitter_misc":{"Tiempo de lectura":"2 minutos"},"schema":{"@context":"https:\/\/schema.org","@graph":[{"@type":"WebPage","@id":"https:\/\/repliquemangacine.fr\/arme-kolser\/revolver-thunderer-gris-kolser\/","url":"https:\/\/repliquemangacine.fr\/arme-kolser\/revolver-thunderer-gris-kolser\/","name":"Rev\u00f3lver Kolser Thunderer gris - R\u00e9plique Manga Cin\u00e9","isPartOf":{"@id":"https:\/\/repliquemangacine.fr\/#website"},"primaryImageOfPage":{"@id":"https:\/\/repliquemangacine.fr\/arme-kolser\/revolver-thunderer-gris-kolser\/#primaryimage"},"image":{"@id":"https:\/\/repliquemangacine.fr\/arme-kolser\/revolver-thunderer-gris-kolser\/#primaryimage"},"thumbnailUrl":"https:\/\/repliquemangacine.fr\/wp-content\/uploads\/2023\/10\/Revolver-Thunderer-gris-Kolser.jpg","datePublished":"2023-05-18T12:53:14+00:00","dateModified":"2025-12-12T16:22:06+00:00","description":"Descubra este Rev\u00f3lver Thunderer gris Kolser al mejor precio - En zamac gris envejecido - Ca\u00f1\u00f3n giratorio - Rec\u00e1mara recargable - Culata de madera - 25,5 cm","breadcrumb":{"@id":"https:\/\/repliquemangacine.fr\/arme-kolser\/revolver-thunderer-gris-kolser\/#breadcrumb"},"inLanguage":"es","potentialAction":[{"@type":"ReadAction","target":["https:\/\/repliquemangacine.fr\/arme-kolser\/revolver-thunderer-gris-kolser\/"]}]},{"@type":"ImageObject","inLanguage":"es","@id":"https:\/\/repliquemangacine.fr\/arme-kolser\/revolver-thunderer-gris-kolser\/#primaryimage","url":"https:\/\/repliquemangacine.fr\/wp-content\/uploads\/2023\/10\/Revolver-Thunderer-gris-Kolser.jpg","contentUrl":"https:\/\/repliquemangacine.fr\/wp-content\/uploads\/2023\/10\/Revolver-Thunderer-gris-Kolser.jpg","width":500,"height":500,"caption":"Revolver Thunderer gris Kolser"},{"@type":"BreadcrumbList","@id":"https:\/\/repliquemangacine.fr\/arme-kolser\/revolver-thunderer-gris-kolser\/#breadcrumb","itemListElement":[{"@type":"ListItem","position":1,"name":"Accueil","item":"https:\/\/repliquemangacine.fr\/"},{"@type":"ListItem","position":2,"name":"Produits","item":"https:\/\/repliquemangacine.fr\/boutique\/"},{"@type":"ListItem","position":3,"name":"Revolver Thunderer gris Kolser"}]},{"@type":"WebSite","@id":"https:\/\/repliquemangacine.fr\/#website","url":"https:\/\/repliquemangacine.fr\/","name":"R\u00e9plique Manga Cin\u00e9","description":"","publisher":{"@id":"https:\/\/repliquemangacine.fr\/#organization"},"potentialAction":[{"@type":"SearchAction","target":{"@type":"EntryPoint","urlTemplate":"https:\/\/repliquemangacine.fr\/?s={search_term_string}"},"query-input":{"@type":"PropertyValueSpecification","valueRequired":true,"valueName":"search_term_string"}}],"inLanguage":"es"},{"@type":"Organization","@id":"https:\/\/repliquemangacine.fr\/#organization","name":"R\u00e9plique Manga Cin\u00e9","url":"https:\/\/repliquemangacine.fr\/","logo":{"@type":"ImageObject","inLanguage":"es","@id":"https:\/\/repliquemangacine.fr\/#\/schema\/logo\/image\/","url":"https:\/\/repliquemangacine.fr\/wp-content\/uploads\/2023\/10\/RMC-500250.png","contentUrl":"https:\/\/repliquemangacine.fr\/wp-content\/uploads\/2023\/10\/RMC-500250.png","width":500,"height":250,"caption":"R\u00e9plique Manga Cin\u00e9"},"image":{"@id":"https:\/\/repliquemangacine.fr\/#\/schema\/logo\/image\/"},"sameAs":["https:\/\/www.facebook.com\/RepliqueMangaCine","https:\/\/www.instagram.com\/repliquemangacine.fr\/"]}]}},"_links":{"self":[{"href":"https:\/\/repliquemangacine.fr\/es\/wp-json\/wp\/v2\/product\/60314","targetHints":{"allow":["GET"]}}],"collection":[{"href":"https:\/\/repliquemangacine.fr\/es\/wp-json\/wp\/v2\/product"}],"about":[{"href":"https:\/\/repliquemangacine.fr\/es\/wp-json\/wp\/v2\/types\/product"}],"wp:featuredmedia":[{"embeddable":true,"href":"https:\/\/repliquemangacine.fr\/es\/wp-json\/wp\/v2\/media\/60315"}],"wp:attachment":[{"href":"https:\/\/repliquemangacine.fr\/es\/wp-json\/wp\/v2\/media?parent=60314"}],"wp:term":[{"taxonomy":"product_brand","embeddable":true,"href":"https:\/\/repliquemangacine.fr\/es\/wp-json\/wp\/v2\/product_brand?post=60314"},{"taxonomy":"product_cat","embeddable":true,"href":"https:\/\/repliquemangacine.fr\/es\/wp-json\/wp\/v2\/product_cat?post=60314"},{"taxonomy":"product_tag","embeddable":true,"href":"https:\/\/repliquemangacine.fr\/es\/wp-json\/wp\/v2\/product_tag?post=60314"}],"curies":[{"name":"wp","href":"https:\/\/api.w.org\/{rel}","templated":true}]}}