





{"id":60255,"date":"2023-05-16T11:40:55","date_gmt":"2023-05-16T09:40:55","guid":{"rendered":"https:\/\/repliquemangacine.fr\/?post_type=product&#038;p=60255"},"modified":"2026-03-31T10:04:55","modified_gmt":"2026-03-31T08:04:55","slug":"feunoyr-viserys-targaryen-espada","status":"publish","type":"product","link":"https:\/\/repliquemangacine.fr\/es\/epees-game-of-thrones\/epee-feunoyr-viserys-targaryen\/","title":{"rendered":"Feunoyr espada Viserys Targaryen"},"content":{"rendered":"<h2>Feunoyr espada Viserys Targaryen - Casa del Drag\u00f3n<\/h2>\n<p>Para empezar, el<strong>Espada Feunoyr de Viserys Targaryen<\/strong> Es una espada larga legendaria de acero valyrio que fue empu\u00f1ada por Aegon el Conquistador. Los Targaryen pose\u00edan varias espadas de acero valyrio. Feunoyr es la m\u00e1s famosa de todas ellas.<\/p>\n<p>Habiendo pertenecido a numerosos reyes de las Siete Coronas de la casa Targaryen, la espada se convierte con el tiempo en un s\u00edmbolo de la realeza y un objeto de gran prestigio.<\/p>\n<p>Viserys I Targaryen, personaje principal de la primera temporada de House of the Dragon. Como drag\u00f3nero, Viserys mont\u00f3 a Balerion hasta la muerte del viejo drag\u00f3n. Fue el quinto rey de la dinast\u00eda Targaryen en sentarse en el Trono de Hierro.<\/p>\n<h2>Tu Espada Feunoyr Viserys Targaryen al mejor precio.<\/h2>\n<p>Te ofrecemos una amplia selecci\u00f3n de espadas y dagas de las series House of the Dragon y Game of Thrones.<\/p>\n<p>Lo primero y m\u00e1s importante,<\/p>\n<ul>\n<li>El famoso <a href=\"https:\/\/repliquemangacine.fr\/es\/casa-del-dragon\/replica-de-la-daga-catspaw-juego-de-tronos\/\">Daga Catspaw<\/a> que juega un papel importante en GOT, donde descubrimos el origen en manos de Viserys.<\/li>\n<li>Tambi\u00e9n hay huevos de drag\u00f3n con licencia oficial distribuidos por <a href=\"https:\/\/noblecollection.fr\/game-thrones-oeuf-rhaegal-p-4792.html\" target=\"_blank\" rel=\"noopener noreferrer\">Colecci\u00f3n Noble<\/a>.<\/li>\n<li>As\u00ed como el <a href=\"https:\/\/repliquemangacine.fr\/es\/juego-de-tronos-coleccionistas-y-golosinas\/juego-de-tronos-3d-targaryen-llavero\/\">Llavero 3D<\/a> de la Casa de los Targaryen<\/li>\n<li>Y mucho m\u00e1s por descubrir en nuestra tienda en l\u00ednea.<\/li>\n<\/ul>\n<p>Por eso, aqu\u00ed tienes unas ideas fant\u00e1sticas para regalar a todos los fans de sus dos series.<\/p>\n<p>En conclusi\u00f3n, puede utilizar el\u2019<strong>Espada Feunoyr de Viserys Targaryen<\/strong> para tus desfiles de cosplay. Pero, sobre todo, es un objeto de coleccionista y una pieza decorativa.<\/p>\n<h2>\u00bfC\u00f3mo mantengo la hoja de mi espada de la Casa del Drag\u00f3n?<\/h2>\n<p>Las espadas de colecci\u00f3n y decorativas se fabrican y ensamblan de forma simplificada. Como su uso es decorativo, no cuentan con los elementos de seguridad necesarios para una espada japonesa destinada al entrenamiento.<\/p>\n<p>Sin embargo, su <strong>Espada Feunoyr de Viserys Targaryen<\/strong> a una hoja de acero que hay que mantener para evitar que se da\u00f1e con el tiempo. Cuando muestres tu espada, tus amigos sentir\u00e1n curiosidad por ver la hoja y tocarla. Aqu\u00ed es donde hay que tener cuidado, porque la acidez de los dedos es muy perjudicial para el acero, sea cual sea su calidad.<\/p>\n<p>Sin embargo, si esto ocurre, no te asustes, todo lo que necesitas es un pa\u00f1o humedecido con un poco de aceite y limpiar las huellas dactilares. Si haces esto, tu espada durar\u00e1 mucho tiempo.<\/p>\n<p>&nbsp;<\/p>","protected":false},"excerpt":{"rendered":"<p>\u00a1Exclusiva! La espada de Viserys en la Casa del Drag\u00f3n<\/p>\n<ul>\n<li>Hoja de acero 440<\/li>\n<li>Empu\u00f1adura de acero y pomo con forma especial.<\/li>\n<li>Funda de polipiel negra.<\/li>\n<li>Longitud de la hoja: 86 cm - Longitud total: 119 cm<\/li>\n<\/ul>","protected":false},"featured_media":60256,"template":"","meta":[],"product_brand":[896],"product_cat":[72,24,105],"product_tag":[],"class_list":{"0":"post-60255","1":"product","2":"type-product","3":"status-publish","4":"has-post-thumbnail","6":"product_brand-replique-manga-cine","7":"product_cat-epees-game-of-thrones","8":"product_cat-films-series-tv-vente-de-katana-epee-et-produits-derives","9":"product_cat-house-of-the-dragon","11":"first","12":"outofstock","13":"taxable","14":"shipping-taxable","15":"purchasable","16":"product-type-simple"},"yoast_head":"<!-- This site is optimized with the Yoast SEO plugin v27.4 - https:\/\/yoast.com\/product\/yoast-seo-wordpress\/ -->\n<title>Ep\u00e9e Feunoyr Viserys Targaryen - Ep\u00e9es House of Dragon - RMC<\/title>\n<meta name=\"description\" content=\"En exclusivit\u00e9 ! D\u00e9couvrez l&#039;Ep\u00e9e Feunoyr de Viserys Targaryen dans House of Dragon au meilleur prix - Lame en acier - Fourreau - Garde acier - 119 cm\" \/>\n<meta name=\"robots\" content=\"index, follow, max-snippet:-1, max-image-preview:large, max-video-preview:-1\" \/>\n<link rel=\"canonical\" href=\"https:\/\/repliquemangacine.fr\/es\/casa-del-dragon\/feunoyr-viserys-targaryen-espada\/\" \/>\n<meta property=\"og:locale\" content=\"es_ES\" \/>\n<meta property=\"og:type\" content=\"article\" \/>\n<meta property=\"og:title\" content=\"Ep\u00e9e Feunoyr Viserys Targaryen - Ep\u00e9es House of Dragon - RMC\" \/>\n<meta property=\"og:description\" content=\"En exclusivit\u00e9 ! D\u00e9couvrez l&#039;Ep\u00e9e Feunoyr de Viserys Targaryen dans House of Dragon au meilleur prix - Lame en acier - Fourreau - Garde acier - 119 cm\" \/>\n<meta property=\"og:url\" content=\"https:\/\/repliquemangacine.fr\/es\/casa-del-dragon\/feunoyr-viserys-targaryen-espada\/\" \/>\n<meta property=\"og:site_name\" content=\"R\u00e9plique Manga Cin\u00e9\" \/>\n<meta property=\"article:publisher\" content=\"https:\/\/www.facebook.com\/RepliqueMangaCine\" \/>\n<meta property=\"article:modified_time\" content=\"2026-03-31T08:04:55+00:00\" \/>\n<meta property=\"og:image\" content=\"https:\/\/repliquemangacine.fr\/wp-content\/uploads\/2023\/10\/Epee-Feunoyr-Viserys-Targaryen.jpg\" \/>\n\t<meta property=\"og:image:width\" content=\"500\" \/>\n\t<meta property=\"og:image:height\" content=\"500\" \/>\n\t<meta property=\"og:image:type\" content=\"image\/jpeg\" \/>\n<meta name=\"twitter:card\" content=\"summary_large_image\" \/>\n<meta name=\"twitter:label1\" content=\"Tiempo de lectura\" \/>\n\t<meta name=\"twitter:data1\" content=\"3 minutos\" \/>\n<script type=\"application\/ld+json\" class=\"yoast-schema-graph\">{\"@context\":\"https:\\\/\\\/schema.org\",\"@graph\":[{\"@type\":\"WebPage\",\"@id\":\"https:\\\/\\\/repliquemangacine.fr\\\/house-of-the-dragon\\\/epee-feunoyr-viserys-targaryen\\\/\",\"url\":\"https:\\\/\\\/repliquemangacine.fr\\\/house-of-the-dragon\\\/epee-feunoyr-viserys-targaryen\\\/\",\"name\":\"Ep\u00e9e Feunoyr Viserys Targaryen - Ep\u00e9es House of Dragon - RMC\",\"isPartOf\":{\"@id\":\"https:\\\/\\\/repliquemangacine.fr\\\/#website\"},\"primaryImageOfPage\":{\"@id\":\"https:\\\/\\\/repliquemangacine.fr\\\/house-of-the-dragon\\\/epee-feunoyr-viserys-targaryen\\\/#primaryimage\"},\"image\":{\"@id\":\"https:\\\/\\\/repliquemangacine.fr\\\/house-of-the-dragon\\\/epee-feunoyr-viserys-targaryen\\\/#primaryimage\"},\"thumbnailUrl\":\"https:\\\/\\\/repliquemangacine.fr\\\/wp-content\\\/uploads\\\/2023\\\/10\\\/Epee-Feunoyr-Viserys-Targaryen.jpg\",\"datePublished\":\"2023-05-16T09:40:55+00:00\",\"dateModified\":\"2026-03-31T08:04:55+00:00\",\"description\":\"En exclusivit\u00e9 ! D\u00e9couvrez l'Ep\u00e9e Feunoyr de Viserys Targaryen dans House of Dragon au meilleur prix - Lame en acier - Fourreau - Garde acier - 119 cm\",\"breadcrumb\":{\"@id\":\"https:\\\/\\\/repliquemangacine.fr\\\/house-of-the-dragon\\\/epee-feunoyr-viserys-targaryen\\\/#breadcrumb\"},\"inLanguage\":\"es\",\"potentialAction\":[{\"@type\":\"ReadAction\",\"target\":[\"https:\\\/\\\/repliquemangacine.fr\\\/house-of-the-dragon\\\/epee-feunoyr-viserys-targaryen\\\/\"]}]},{\"@type\":\"ImageObject\",\"inLanguage\":\"es\",\"@id\":\"https:\\\/\\\/repliquemangacine.fr\\\/house-of-the-dragon\\\/epee-feunoyr-viserys-targaryen\\\/#primaryimage\",\"url\":\"https:\\\/\\\/repliquemangacine.fr\\\/wp-content\\\/uploads\\\/2023\\\/10\\\/Epee-Feunoyr-Viserys-Targaryen.jpg\",\"contentUrl\":\"https:\\\/\\\/repliquemangacine.fr\\\/wp-content\\\/uploads\\\/2023\\\/10\\\/Epee-Feunoyr-Viserys-Targaryen.jpg\",\"width\":500,\"height\":500,\"caption\":\"Ep\u00e9e Feunoyr Viserys Targaryen\"},{\"@type\":\"BreadcrumbList\",\"@id\":\"https:\\\/\\\/repliquemangacine.fr\\\/house-of-the-dragon\\\/epee-feunoyr-viserys-targaryen\\\/#breadcrumb\",\"itemListElement\":[{\"@type\":\"ListItem\",\"position\":1,\"name\":\"Accueil\",\"item\":\"https:\\\/\\\/repliquemangacine.fr\\\/\"},{\"@type\":\"ListItem\",\"position\":2,\"name\":\"Produits\",\"item\":\"https:\\\/\\\/repliquemangacine.fr\\\/boutique\\\/\"},{\"@type\":\"ListItem\",\"position\":3,\"name\":\"Ep\u00e9e Feunoyr Viserys Targaryen\"}]},{\"@type\":\"WebSite\",\"@id\":\"https:\\\/\\\/repliquemangacine.fr\\\/#website\",\"url\":\"https:\\\/\\\/repliquemangacine.fr\\\/\",\"name\":\"R\u00e9plique Manga Cin\u00e9\",\"description\":\"\",\"publisher\":{\"@id\":\"https:\\\/\\\/repliquemangacine.fr\\\/#organization\"},\"potentialAction\":[{\"@type\":\"SearchAction\",\"target\":{\"@type\":\"EntryPoint\",\"urlTemplate\":\"https:\\\/\\\/repliquemangacine.fr\\\/?s={search_term_string}\"},\"query-input\":{\"@type\":\"PropertyValueSpecification\",\"valueRequired\":true,\"valueName\":\"search_term_string\"}}],\"inLanguage\":\"es\"},{\"@type\":\"Organization\",\"@id\":\"https:\\\/\\\/repliquemangacine.fr\\\/#organization\",\"name\":\"R\u00e9plique Manga Cin\u00e9\",\"url\":\"https:\\\/\\\/repliquemangacine.fr\\\/\",\"logo\":{\"@type\":\"ImageObject\",\"inLanguage\":\"es\",\"@id\":\"https:\\\/\\\/repliquemangacine.fr\\\/#\\\/schema\\\/logo\\\/image\\\/\",\"url\":\"https:\\\/\\\/repliquemangacine.fr\\\/wp-content\\\/uploads\\\/2023\\\/10\\\/RMC-500250.png\",\"contentUrl\":\"https:\\\/\\\/repliquemangacine.fr\\\/wp-content\\\/uploads\\\/2023\\\/10\\\/RMC-500250.png\",\"width\":500,\"height\":250,\"caption\":\"R\u00e9plique Manga Cin\u00e9\"},\"image\":{\"@id\":\"https:\\\/\\\/repliquemangacine.fr\\\/#\\\/schema\\\/logo\\\/image\\\/\"},\"sameAs\":[\"https:\\\/\\\/www.facebook.com\\\/RepliqueMangaCine\",\"https:\\\/\\\/www.instagram.com\\\/repliquemangacine.fr\\\/\"]}]}<\/script>\n<!-- \/ Yoast SEO plugin. -->","yoast_head_json":{"title":"Espada Feunoyr Viserys Targaryen - Espadas de la Casa del Drag\u00f3n - RMC","description":"\u00a1Exclusiva ! Descubre la Espada Feunoyr de Viserys Targaryen de la Casa del Drag\u00f3n al mejor precio - Hoja de acero - Vaina - Guarda de acero - 119 cm","robots":{"index":"index","follow":"follow","max-snippet":"max-snippet:-1","max-image-preview":"max-image-preview:large","max-video-preview":"max-video-preview:-1"},"canonical":"https:\/\/repliquemangacine.fr\/es\/casa-del-dragon\/feunoyr-viserys-targaryen-espada\/","og_locale":"es_ES","og_type":"article","og_title":"Ep\u00e9e Feunoyr Viserys Targaryen - Ep\u00e9es House of Dragon - RMC","og_description":"En exclusivit\u00e9 ! D\u00e9couvrez l'Ep\u00e9e Feunoyr de Viserys Targaryen dans House of Dragon au meilleur prix - Lame en acier - Fourreau - Garde acier - 119 cm","og_url":"https:\/\/repliquemangacine.fr\/es\/casa-del-dragon\/feunoyr-viserys-targaryen-espada\/","og_site_name":"R\u00e9plique Manga Cin\u00e9","article_publisher":"https:\/\/www.facebook.com\/RepliqueMangaCine","article_modified_time":"2026-03-31T08:04:55+00:00","og_image":[{"width":500,"height":500,"url":"https:\/\/repliquemangacine.fr\/wp-content\/uploads\/2023\/10\/Epee-Feunoyr-Viserys-Targaryen.jpg","type":"image\/jpeg"}],"twitter_card":"summary_large_image","twitter_misc":{"Tiempo de lectura":"3 minutos"},"schema":{"@context":"https:\/\/schema.org","@graph":[{"@type":"WebPage","@id":"https:\/\/repliquemangacine.fr\/house-of-the-dragon\/epee-feunoyr-viserys-targaryen\/","url":"https:\/\/repliquemangacine.fr\/house-of-the-dragon\/epee-feunoyr-viserys-targaryen\/","name":"Espada Feunoyr Viserys Targaryen - Espadas de la Casa del Drag\u00f3n - RMC","isPartOf":{"@id":"https:\/\/repliquemangacine.fr\/#website"},"primaryImageOfPage":{"@id":"https:\/\/repliquemangacine.fr\/house-of-the-dragon\/epee-feunoyr-viserys-targaryen\/#primaryimage"},"image":{"@id":"https:\/\/repliquemangacine.fr\/house-of-the-dragon\/epee-feunoyr-viserys-targaryen\/#primaryimage"},"thumbnailUrl":"https:\/\/repliquemangacine.fr\/wp-content\/uploads\/2023\/10\/Epee-Feunoyr-Viserys-Targaryen.jpg","datePublished":"2023-05-16T09:40:55+00:00","dateModified":"2026-03-31T08:04:55+00:00","description":"\u00a1Exclusiva ! Descubre la Espada Feunoyr de Viserys Targaryen de la Casa del Drag\u00f3n al mejor precio - Hoja de acero - Vaina - Guarda de acero - 119 cm","breadcrumb":{"@id":"https:\/\/repliquemangacine.fr\/house-of-the-dragon\/epee-feunoyr-viserys-targaryen\/#breadcrumb"},"inLanguage":"es","potentialAction":[{"@type":"ReadAction","target":["https:\/\/repliquemangacine.fr\/house-of-the-dragon\/epee-feunoyr-viserys-targaryen\/"]}]},{"@type":"ImageObject","inLanguage":"es","@id":"https:\/\/repliquemangacine.fr\/house-of-the-dragon\/epee-feunoyr-viserys-targaryen\/#primaryimage","url":"https:\/\/repliquemangacine.fr\/wp-content\/uploads\/2023\/10\/Epee-Feunoyr-Viserys-Targaryen.jpg","contentUrl":"https:\/\/repliquemangacine.fr\/wp-content\/uploads\/2023\/10\/Epee-Feunoyr-Viserys-Targaryen.jpg","width":500,"height":500,"caption":"Ep\u00e9e Feunoyr Viserys Targaryen"},{"@type":"BreadcrumbList","@id":"https:\/\/repliquemangacine.fr\/house-of-the-dragon\/epee-feunoyr-viserys-targaryen\/#breadcrumb","itemListElement":[{"@type":"ListItem","position":1,"name":"Accueil","item":"https:\/\/repliquemangacine.fr\/"},{"@type":"ListItem","position":2,"name":"Produits","item":"https:\/\/repliquemangacine.fr\/boutique\/"},{"@type":"ListItem","position":3,"name":"Ep\u00e9e Feunoyr Viserys Targaryen"}]},{"@type":"WebSite","@id":"https:\/\/repliquemangacine.fr\/#website","url":"https:\/\/repliquemangacine.fr\/","name":"R\u00e9plique Manga Cin\u00e9","description":"","publisher":{"@id":"https:\/\/repliquemangacine.fr\/#organization"},"potentialAction":[{"@type":"SearchAction","target":{"@type":"EntryPoint","urlTemplate":"https:\/\/repliquemangacine.fr\/?s={search_term_string}"},"query-input":{"@type":"PropertyValueSpecification","valueRequired":true,"valueName":"search_term_string"}}],"inLanguage":"es"},{"@type":"Organization","@id":"https:\/\/repliquemangacine.fr\/#organization","name":"R\u00e9plique Manga Cin\u00e9","url":"https:\/\/repliquemangacine.fr\/","logo":{"@type":"ImageObject","inLanguage":"es","@id":"https:\/\/repliquemangacine.fr\/#\/schema\/logo\/image\/","url":"https:\/\/repliquemangacine.fr\/wp-content\/uploads\/2023\/10\/RMC-500250.png","contentUrl":"https:\/\/repliquemangacine.fr\/wp-content\/uploads\/2023\/10\/RMC-500250.png","width":500,"height":250,"caption":"R\u00e9plique Manga Cin\u00e9"},"image":{"@id":"https:\/\/repliquemangacine.fr\/#\/schema\/logo\/image\/"},"sameAs":["https:\/\/www.facebook.com\/RepliqueMangaCine","https:\/\/www.instagram.com\/repliquemangacine.fr\/"]}]}},"_links":{"self":[{"href":"https:\/\/repliquemangacine.fr\/es\/wp-json\/wp\/v2\/product\/60255","targetHints":{"allow":["GET"]}}],"collection":[{"href":"https:\/\/repliquemangacine.fr\/es\/wp-json\/wp\/v2\/product"}],"about":[{"href":"https:\/\/repliquemangacine.fr\/es\/wp-json\/wp\/v2\/types\/product"}],"wp:featuredmedia":[{"embeddable":true,"href":"https:\/\/repliquemangacine.fr\/es\/wp-json\/wp\/v2\/media\/60256"}],"wp:attachment":[{"href":"https:\/\/repliquemangacine.fr\/es\/wp-json\/wp\/v2\/media?parent=60255"}],"wp:term":[{"taxonomy":"product_brand","embeddable":true,"href":"https:\/\/repliquemangacine.fr\/es\/wp-json\/wp\/v2\/product_brand?post=60255"},{"taxonomy":"product_cat","embeddable":true,"href":"https:\/\/repliquemangacine.fr\/es\/wp-json\/wp\/v2\/product_cat?post=60255"},{"taxonomy":"product_tag","embeddable":true,"href":"https:\/\/repliquemangacine.fr\/es\/wp-json\/wp\/v2\/product_tag?post=60255"}],"curies":[{"name":"wp","href":"https:\/\/api.w.org\/{rel}","templated":true}]}}