





{"id":60228,"date":"2023-05-15T15:17:22","date_gmt":"2023-05-15T13:17:22","guid":{"rendered":"https:\/\/repliquemangacine.fr\/?post_type=product&#038;p=60228"},"modified":"2026-04-15T12:00:27","modified_gmt":"2026-04-15T10:00:27","slug":"cinturon-para-3-katanas","status":"publish","type":"product","link":"https:\/\/repliquemangacine.fr\/es\/katana-naruto\/ceinture-pour-3-katanas\/","title":{"rendered":"Cintur\u00f3n para 3 Katanas"},"content":{"rendered":"<h2>Cintur\u00f3n para 3 katanas de cuero artificial<\/h2>\n<p>Para empezar, el <strong>Cintur\u00f3n para 3 katanas<\/strong> de imitaci\u00f3n de cuero negro es un elemento esencial para llevar en el cintur\u00f3n las tres katanas que elijas. De este modo, tendr\u00e1s total libertad de movimientos. \u00a1Con este accesorio, ser\u00e1s Zoro de One Piece!<\/p>\n<p>Existen varias versiones de soportes o cinturones para katanas, espadas o sables con diferentes presentaciones, por ejemplo:<\/p>\n<ul>\n<li>Soportes de pared: dise\u00f1ados para fijarse a la pared para una exposici\u00f3n colgante, dan a su exposici\u00f3n de armas un toque elegante y decorativo.<\/li>\n<li>Soportes autoportantes: dise\u00f1ados para exponerse sobre un mueble, una mesa o un escritorio. Suelen ser de madera y se montan sin clavos ni tornillos.<\/li>\n<li>Soportes verticales: generalmente de madera, dise\u00f1ados para exponer la katana verticalmente.<\/li>\n<li>1 a 3 cinturones de seguridad y respaldo tambi\u00e9n<\/li>\n<\/ul>\n<h2>Tus r\u00e9plicas de katanas y espadas al mejor precio.<\/h2>\n<p>Le ofrecemos una amplia selecci\u00f3n de reproducciones de espadas y katanas econ\u00f3micas para llevar en el cintur\u00f3n.<\/p>\n<p>Lo primero y m\u00e1s importante,<\/p>\n<ul>\n<li>Le <a href=\"https:\/\/repliquemangacine.fr\/es\/katanas-el-ultimo-samurai\/katana-du-dernier-samourai-el-ultimo-samourai\/\">katana del \u00daltimo Samurai<\/a> utilizado por Nathan Algren alias Tom<\/li>\n<li>As\u00ed como el <a href=\"https:\/\/repliquemangacine.fr\/es\/armas-the-walking-dead\/katana-de-michonne\/\">La katana de Michonne<\/a> en The Walking Dead, versi\u00f3n sin cortes<\/li>\n<li>\u00a1Tambi\u00e9n est\u00e1n las tres espadas de Zoro en One Piece con esta oferta excepcional!<\/li>\n<li>Y mucho m\u00e1s por descubrir en nuestra tienda en l\u00ednea.<\/li>\n<\/ul>\n<p>Por eso, aqu\u00ed tienes unas ideas fant\u00e1sticas para regalar a todos los amantes de las katanas y las espadas.<\/p>\n<p>En conclusi\u00f3n, puede utilizar su <strong>Cintur\u00f3n para 3 Katanas<\/strong> para pasear por las convenciones y sus desfiles de cosplay.<\/p>\n<p>R\u00e9plique Manga Cin\u00e9 es una empresa familiar francesa, distribuidora oficial de la marca. <a href=\"https:\/\/www.denix.fr\/\" target=\"_blank\" rel=\"noopener noreferrer\">Denix<\/a>.<\/p>","protected":false},"excerpt":{"rendered":"<p>\u00a1Si\u00e9ntete libre para moverte! Lleva tus katanas en la cintura con este cintur\u00f3n<\/p>\n<ul>\n<li>En polipiel negra<\/li>\n<li>Capacidad para 3 katanas o espadas<\/li>\n<li>Hebillas met\u00e1licas<\/li>\n<\/ul>","protected":false},"featured_media":60229,"template":"","meta":[],"product_brand":[896],"product_cat":[50,65,66,30,63,24,26,109,23,42,36,67],"product_tag":[],"class_list":{"0":"post-60228","1":"product","2":"type-product","3":"status-publish","4":"has-post-thumbnail","6":"product_brand-replique-manga-cine","7":"product_cat-accessoires-katana","8":"product_cat-katana-et-epee-de-manga-anime-autre-manga","9":"product_cat-repliques-d-armes-films-et-series","10":"product_cat-katana-bleach","11":"product_cat-katana-demon-slayer","12":"product_cat-films-series-tv-vente-de-katana-epee-et-produits-derives","13":"product_cat-katana-epee","14":"product_cat-katana-naruto","15":"product_cat-repliques-manga-jeux-video","16":"product_cat-katana-goodies-naruto-kunai","17":"product_cat-katana-one-piece","18":"product_cat-katana-et-epee-de-jeux-video-autre-jeux-video","20":"first","21":"instock","22":"taxable","23":"shipping-taxable","24":"purchasable","25":"product-type-simple"},"yoast_head":"<!-- This site is optimized with the Yoast SEO plugin v27.4 - https:\/\/yoast.com\/product\/yoast-seo-wordpress\/ -->\n<title>Ceinture pour 3 Katanas - Boutique en ligne - R\u00e9plique Manga Cin\u00e9<\/title>\n<meta name=\"description\" content=\"En exclusivit\u00e9 ! Ceinture pour 3 katanas en similicuir au meilleur prix. Soyez libre de vos mouvements ! portez \u00e0 votre taille vos katanas pr\u00e9f\u00e9r\u00e9s !\" \/>\n<meta name=\"robots\" content=\"index, follow, max-snippet:-1, max-image-preview:large, max-video-preview:-1\" \/>\n<link rel=\"canonical\" href=\"https:\/\/repliquemangacine.fr\/es\/katana-naruto\/cinturon-para-3-katanas\/\" \/>\n<meta property=\"og:locale\" content=\"es_ES\" \/>\n<meta property=\"og:type\" content=\"article\" \/>\n<meta property=\"og:title\" content=\"Ceinture pour 3 Katanas - Boutique en ligne - R\u00e9plique Manga Cin\u00e9\" \/>\n<meta property=\"og:description\" content=\"En exclusivit\u00e9 ! Ceinture pour 3 katanas en similicuir au meilleur prix. Soyez libre de vos mouvements ! portez \u00e0 votre taille vos katanas pr\u00e9f\u00e9r\u00e9s !\" \/>\n<meta property=\"og:url\" content=\"https:\/\/repliquemangacine.fr\/es\/katana-naruto\/cinturon-para-3-katanas\/\" \/>\n<meta property=\"og:site_name\" content=\"R\u00e9plique Manga Cin\u00e9\" \/>\n<meta property=\"article:publisher\" content=\"https:\/\/www.facebook.com\/RepliqueMangaCine\" \/>\n<meta property=\"article:modified_time\" content=\"2026-04-15T10:00:27+00:00\" \/>\n<meta property=\"og:image\" content=\"https:\/\/repliquemangacine.fr\/wp-content\/uploads\/2023\/10\/ceinturon-katanas.jpg\" \/>\n\t<meta property=\"og:image:width\" content=\"500\" \/>\n\t<meta property=\"og:image:height\" content=\"500\" \/>\n\t<meta property=\"og:image:type\" content=\"image\/jpeg\" \/>\n<meta name=\"twitter:card\" content=\"summary_large_image\" \/>\n<meta name=\"twitter:label1\" content=\"Tiempo de lectura\" \/>\n\t<meta name=\"twitter:data1\" content=\"2 minutos\" \/>\n<script type=\"application\/ld+json\" class=\"yoast-schema-graph\">{\"@context\":\"https:\\\/\\\/schema.org\",\"@graph\":[{\"@type\":\"WebPage\",\"@id\":\"https:\\\/\\\/repliquemangacine.fr\\\/katana-naruto\\\/ceinture-pour-3-katanas\\\/\",\"url\":\"https:\\\/\\\/repliquemangacine.fr\\\/katana-naruto\\\/ceinture-pour-3-katanas\\\/\",\"name\":\"Ceinture pour 3 Katanas - Boutique en ligne - R\u00e9plique Manga Cin\u00e9\",\"isPartOf\":{\"@id\":\"https:\\\/\\\/repliquemangacine.fr\\\/#website\"},\"primaryImageOfPage\":{\"@id\":\"https:\\\/\\\/repliquemangacine.fr\\\/katana-naruto\\\/ceinture-pour-3-katanas\\\/#primaryimage\"},\"image\":{\"@id\":\"https:\\\/\\\/repliquemangacine.fr\\\/katana-naruto\\\/ceinture-pour-3-katanas\\\/#primaryimage\"},\"thumbnailUrl\":\"https:\\\/\\\/repliquemangacine.fr\\\/wp-content\\\/uploads\\\/2023\\\/10\\\/ceinturon-katanas.jpg\",\"datePublished\":\"2023-05-15T13:17:22+00:00\",\"dateModified\":\"2026-04-15T10:00:27+00:00\",\"description\":\"En exclusivit\u00e9 ! Ceinture pour 3 katanas en similicuir au meilleur prix. Soyez libre de vos mouvements ! portez \u00e0 votre taille vos katanas pr\u00e9f\u00e9r\u00e9s !\",\"breadcrumb\":{\"@id\":\"https:\\\/\\\/repliquemangacine.fr\\\/katana-naruto\\\/ceinture-pour-3-katanas\\\/#breadcrumb\"},\"inLanguage\":\"es\",\"potentialAction\":[{\"@type\":\"ReadAction\",\"target\":[\"https:\\\/\\\/repliquemangacine.fr\\\/katana-naruto\\\/ceinture-pour-3-katanas\\\/\"]}]},{\"@type\":\"ImageObject\",\"inLanguage\":\"es\",\"@id\":\"https:\\\/\\\/repliquemangacine.fr\\\/katana-naruto\\\/ceinture-pour-3-katanas\\\/#primaryimage\",\"url\":\"https:\\\/\\\/repliquemangacine.fr\\\/wp-content\\\/uploads\\\/2023\\\/10\\\/ceinturon-katanas.jpg\",\"contentUrl\":\"https:\\\/\\\/repliquemangacine.fr\\\/wp-content\\\/uploads\\\/2023\\\/10\\\/ceinturon-katanas.jpg\",\"width\":500,\"height\":500,\"caption\":\"ceinture pour 3 katanas\"},{\"@type\":\"BreadcrumbList\",\"@id\":\"https:\\\/\\\/repliquemangacine.fr\\\/katana-naruto\\\/ceinture-pour-3-katanas\\\/#breadcrumb\",\"itemListElement\":[{\"@type\":\"ListItem\",\"position\":1,\"name\":\"Accueil\",\"item\":\"https:\\\/\\\/repliquemangacine.fr\\\/\"},{\"@type\":\"ListItem\",\"position\":2,\"name\":\"Produits\",\"item\":\"https:\\\/\\\/repliquemangacine.fr\\\/boutique\\\/\"},{\"@type\":\"ListItem\",\"position\":3,\"name\":\"Ceinture pour 3 Katanas\"}]},{\"@type\":\"WebSite\",\"@id\":\"https:\\\/\\\/repliquemangacine.fr\\\/#website\",\"url\":\"https:\\\/\\\/repliquemangacine.fr\\\/\",\"name\":\"R\u00e9plique Manga Cin\u00e9\",\"description\":\"\",\"publisher\":{\"@id\":\"https:\\\/\\\/repliquemangacine.fr\\\/#organization\"},\"potentialAction\":[{\"@type\":\"SearchAction\",\"target\":{\"@type\":\"EntryPoint\",\"urlTemplate\":\"https:\\\/\\\/repliquemangacine.fr\\\/?s={search_term_string}\"},\"query-input\":{\"@type\":\"PropertyValueSpecification\",\"valueRequired\":true,\"valueName\":\"search_term_string\"}}],\"inLanguage\":\"es\"},{\"@type\":\"Organization\",\"@id\":\"https:\\\/\\\/repliquemangacine.fr\\\/#organization\",\"name\":\"R\u00e9plique Manga Cin\u00e9\",\"url\":\"https:\\\/\\\/repliquemangacine.fr\\\/\",\"logo\":{\"@type\":\"ImageObject\",\"inLanguage\":\"es\",\"@id\":\"https:\\\/\\\/repliquemangacine.fr\\\/#\\\/schema\\\/logo\\\/image\\\/\",\"url\":\"https:\\\/\\\/repliquemangacine.fr\\\/wp-content\\\/uploads\\\/2023\\\/10\\\/RMC-500250.png\",\"contentUrl\":\"https:\\\/\\\/repliquemangacine.fr\\\/wp-content\\\/uploads\\\/2023\\\/10\\\/RMC-500250.png\",\"width\":500,\"height\":250,\"caption\":\"R\u00e9plique Manga Cin\u00e9\"},\"image\":{\"@id\":\"https:\\\/\\\/repliquemangacine.fr\\\/#\\\/schema\\\/logo\\\/image\\\/\"},\"sameAs\":[\"https:\\\/\\\/www.facebook.com\\\/RepliqueMangaCine\",\"https:\\\/\\\/www.instagram.com\\\/repliquemangacine.fr\\\/\"]}]}<\/script>\n<!-- \/ Yoast SEO plugin. -->","yoast_head_json":{"title":"Cintur\u00f3n para 3 Katanas - Tienda Online - R\u00e9plique Manga Cin\u00e9","description":"\u00a1Exclusivo ! Cintur\u00f3n para 3 katanas en polipiel al mejor precio. S\u00e9 libre de moverte! \u00a1Lleva tus katanas favoritas en la cintura!","robots":{"index":"index","follow":"follow","max-snippet":"max-snippet:-1","max-image-preview":"max-image-preview:large","max-video-preview":"max-video-preview:-1"},"canonical":"https:\/\/repliquemangacine.fr\/es\/katana-naruto\/cinturon-para-3-katanas\/","og_locale":"es_ES","og_type":"article","og_title":"Ceinture pour 3 Katanas - Boutique en ligne - R\u00e9plique Manga Cin\u00e9","og_description":"En exclusivit\u00e9 ! Ceinture pour 3 katanas en similicuir au meilleur prix. Soyez libre de vos mouvements ! portez \u00e0 votre taille vos katanas pr\u00e9f\u00e9r\u00e9s !","og_url":"https:\/\/repliquemangacine.fr\/es\/katana-naruto\/cinturon-para-3-katanas\/","og_site_name":"R\u00e9plique Manga Cin\u00e9","article_publisher":"https:\/\/www.facebook.com\/RepliqueMangaCine","article_modified_time":"2026-04-15T10:00:27+00:00","og_image":[{"width":500,"height":500,"url":"https:\/\/repliquemangacine.fr\/wp-content\/uploads\/2023\/10\/ceinturon-katanas.jpg","type":"image\/jpeg"}],"twitter_card":"summary_large_image","twitter_misc":{"Tiempo de lectura":"2 minutos"},"schema":{"@context":"https:\/\/schema.org","@graph":[{"@type":"WebPage","@id":"https:\/\/repliquemangacine.fr\/katana-naruto\/ceinture-pour-3-katanas\/","url":"https:\/\/repliquemangacine.fr\/katana-naruto\/ceinture-pour-3-katanas\/","name":"Cintur\u00f3n para 3 Katanas - Tienda Online - R\u00e9plique Manga Cin\u00e9","isPartOf":{"@id":"https:\/\/repliquemangacine.fr\/#website"},"primaryImageOfPage":{"@id":"https:\/\/repliquemangacine.fr\/katana-naruto\/ceinture-pour-3-katanas\/#primaryimage"},"image":{"@id":"https:\/\/repliquemangacine.fr\/katana-naruto\/ceinture-pour-3-katanas\/#primaryimage"},"thumbnailUrl":"https:\/\/repliquemangacine.fr\/wp-content\/uploads\/2023\/10\/ceinturon-katanas.jpg","datePublished":"2023-05-15T13:17:22+00:00","dateModified":"2026-04-15T10:00:27+00:00","description":"\u00a1Exclusivo ! Cintur\u00f3n para 3 katanas en polipiel al mejor precio. S\u00e9 libre de moverte! \u00a1Lleva tus katanas favoritas en la cintura!","breadcrumb":{"@id":"https:\/\/repliquemangacine.fr\/katana-naruto\/ceinture-pour-3-katanas\/#breadcrumb"},"inLanguage":"es","potentialAction":[{"@type":"ReadAction","target":["https:\/\/repliquemangacine.fr\/katana-naruto\/ceinture-pour-3-katanas\/"]}]},{"@type":"ImageObject","inLanguage":"es","@id":"https:\/\/repliquemangacine.fr\/katana-naruto\/ceinture-pour-3-katanas\/#primaryimage","url":"https:\/\/repliquemangacine.fr\/wp-content\/uploads\/2023\/10\/ceinturon-katanas.jpg","contentUrl":"https:\/\/repliquemangacine.fr\/wp-content\/uploads\/2023\/10\/ceinturon-katanas.jpg","width":500,"height":500,"caption":"ceinture pour 3 katanas"},{"@type":"BreadcrumbList","@id":"https:\/\/repliquemangacine.fr\/katana-naruto\/ceinture-pour-3-katanas\/#breadcrumb","itemListElement":[{"@type":"ListItem","position":1,"name":"Accueil","item":"https:\/\/repliquemangacine.fr\/"},{"@type":"ListItem","position":2,"name":"Produits","item":"https:\/\/repliquemangacine.fr\/boutique\/"},{"@type":"ListItem","position":3,"name":"Ceinture pour 3 Katanas"}]},{"@type":"WebSite","@id":"https:\/\/repliquemangacine.fr\/#website","url":"https:\/\/repliquemangacine.fr\/","name":"R\u00e9plique Manga Cin\u00e9","description":"","publisher":{"@id":"https:\/\/repliquemangacine.fr\/#organization"},"potentialAction":[{"@type":"SearchAction","target":{"@type":"EntryPoint","urlTemplate":"https:\/\/repliquemangacine.fr\/?s={search_term_string}"},"query-input":{"@type":"PropertyValueSpecification","valueRequired":true,"valueName":"search_term_string"}}],"inLanguage":"es"},{"@type":"Organization","@id":"https:\/\/repliquemangacine.fr\/#organization","name":"R\u00e9plique Manga Cin\u00e9","url":"https:\/\/repliquemangacine.fr\/","logo":{"@type":"ImageObject","inLanguage":"es","@id":"https:\/\/repliquemangacine.fr\/#\/schema\/logo\/image\/","url":"https:\/\/repliquemangacine.fr\/wp-content\/uploads\/2023\/10\/RMC-500250.png","contentUrl":"https:\/\/repliquemangacine.fr\/wp-content\/uploads\/2023\/10\/RMC-500250.png","width":500,"height":250,"caption":"R\u00e9plique Manga Cin\u00e9"},"image":{"@id":"https:\/\/repliquemangacine.fr\/#\/schema\/logo\/image\/"},"sameAs":["https:\/\/www.facebook.com\/RepliqueMangaCine","https:\/\/www.instagram.com\/repliquemangacine.fr\/"]}]}},"_links":{"self":[{"href":"https:\/\/repliquemangacine.fr\/es\/wp-json\/wp\/v2\/product\/60228","targetHints":{"allow":["GET"]}}],"collection":[{"href":"https:\/\/repliquemangacine.fr\/es\/wp-json\/wp\/v2\/product"}],"about":[{"href":"https:\/\/repliquemangacine.fr\/es\/wp-json\/wp\/v2\/types\/product"}],"wp:featuredmedia":[{"embeddable":true,"href":"https:\/\/repliquemangacine.fr\/es\/wp-json\/wp\/v2\/media\/60229"}],"wp:attachment":[{"href":"https:\/\/repliquemangacine.fr\/es\/wp-json\/wp\/v2\/media?parent=60228"}],"wp:term":[{"taxonomy":"product_brand","embeddable":true,"href":"https:\/\/repliquemangacine.fr\/es\/wp-json\/wp\/v2\/product_brand?post=60228"},{"taxonomy":"product_cat","embeddable":true,"href":"https:\/\/repliquemangacine.fr\/es\/wp-json\/wp\/v2\/product_cat?post=60228"},{"taxonomy":"product_tag","embeddable":true,"href":"https:\/\/repliquemangacine.fr\/es\/wp-json\/wp\/v2\/product_tag?post=60228"}],"curies":[{"name":"wp","href":"https:\/\/api.w.org\/{rel}","templated":true}]}}