





{"id":60151,"date":"2023-05-10T18:45:20","date_gmt":"2023-05-10T16:45:20","guid":{"rendered":"https:\/\/repliquemangacine.fr\/?post_type=product&#038;p=60151"},"modified":"2025-11-21T12:38:39","modified_gmt":"2025-11-21T11:38:39","slug":"skyward-blade-genshin-impacto","status":"publish","type":"product","link":"https:\/\/repliquemangacine.fr\/es\/genshin-impact\/skyward-blade-genshin-impact\/","title":{"rendered":"Impacto de Skyward Blade Genshin"},"content":{"rendered":"<h2>Impacto de Skyward Blade Genshin<\/h2>\n<p>Lo primero es lo primero, <strong>Impacto de Skyward Blade Genshin<\/strong> es una espada de 5 estrellas de Mondstadt. Mondstadt estuvo amenazada en el pasado por el drag\u00f3n de las sombras Durin. Su envidia por la prosperidad de Mondstadt engendr\u00f3 el mal, envenenando la tierra.<\/p>\n<p>En aquellos d\u00edas oscuros, Mondstadt estaba rodeada de monstruos y tierras \u00e1ridas. Al escuchar el grito de auxilio del pueblo, el Arconte Anemo descendi\u00f3 y despert\u00f3 a Dvalin.<\/p>\n<p><a href=\"https:\/\/genshin-impact.fandom.com\/wiki\/Skyward_Blade\" target=\"_blank\" rel=\"noopener noreferrer\">Hoja hacia el cielo<\/a>, (hoja hacia el cielo), la espada de un caballero que simboliza el honor restaurado de Dvalin. Las bendiciones del Anemo Archon descansan sobre la parte m\u00e1s llena de la hoja, impregnando la espada con los poderes del cielo y el viento.<\/p>\n<p>Se ve al Viajero blandiendo esta espada en la cinem\u00e1tica de Moonlight Merriment Part II: Three to Get Ready, and Here We Go.<\/p>\n<h2>Tu Blade Genshin Impact hacia el cielo al mejor precio.<\/h2>\n<p>Te ofrecemos una amplia selecci\u00f3n de espadas de videojuegos, entre las que se incluye Genshin Impact.<\/p>\n<p>En primer lugar, las armas en Genshin Impact.,<\/p>\n<ul>\n<li>La inmensa <a href=\"https:\/\/repliquemangacine.fr\/es\/katana-y-espada-videojuego-otros-videojuegos\/epee-de-diluc-genshin-impact-wolfs-graveston\/\">Espada Diluc<\/a> todo en resina y fibra de vidrio.<\/li>\n<li>Tambi\u00e9n est\u00e1 la katana de Amenoma y su <a href=\"https:\/\/repliquemangacine.fr\/es\/katana-y-espada-videojuego-otros-videojuegos\/katana-kageuchi-damenoma\/\">Hoja Kageuchi<\/a><\/li>\n<li>Adem\u00e1s del magn\u00edfico <a href=\"https:\/\/repliquemangacine.fr\/es\/katana-y-espada-videojuego-otros-videojuegos\/espada-rompe-niebla-forjada\/\">espada reforjada<\/a><br \/>\nY muchos m\u00e1s por descubrir en nuestra tienda online.<\/li>\n<\/ul>\n<p>Por eso, aqu\u00ed tienes unas ideas fant\u00e1sticas para regalar a todos los aficionados a los videojuegos.<\/p>\n<p>En conclusi\u00f3n, puede utilizar <strong>Impacto de Skyward Blade Genshin<\/strong> para tus desfiles de cosplay o veladas tem\u00e1ticas. Pero, sobre todo, es una pieza de coleccionista y decoraci\u00f3n.<\/p>\n<h2>\u00bfC\u00f3mo mantengo la hoja de mi espada Genshin Impact?<\/h2>\n<p>Espadas de colecci\u00f3n y decoraci\u00f3n, fabricadas y ensambladas de forma simplificada. Al ser de uso decorativo, no cuentan con los elementos de seguridad necesarios para una espada japonesa destinada al entrenamiento.<\/p>\n<p>Sin embargo, su <strong>Impacto de Skyward Blade Genshin<\/strong> a una hoja de acero que hay que mantener para evitar que se da\u00f1e con el tiempo. Cuando muestres tu espada, tus amigos sentir\u00e1n curiosidad por ver la hoja y tocarla. Aqu\u00ed es donde hay que tener cuidado, porque la acidez de los dedos es muy perjudicial para el acero, sea cual sea su calidad.<\/p>\n<p>Sin embargo, si esto ocurre, no te asustes, todo lo que necesitas es un pa\u00f1o humedecido con un poco de aceite y limpiar las huellas dactilares. Si haces esto, tu espada durar\u00e1 mucho tiempo.<\/p>","protected":false},"excerpt":{"rendered":"<p>R\u00e9plica de skyblade en Genshin Impact<\/p>\n<ul>\n<li>Hoja de acero 440 finamente decorada<\/li>\n<li>Protecci\u00f3n espec\u00edfica de acero<\/li>\n<li>Tirador y pomo de metal pintado<\/li>\n<li>Funda de polipiel con cord\u00f3n<\/li>\n<li>Longitud total: 76 cm<\/li>\n<\/ul>","protected":false},"featured_media":60152,"template":"","meta":[],"product_brand":[896],"product_cat":[119,23],"product_tag":[],"class_list":{"0":"post-60151","1":"product","2":"type-product","3":"status-publish","4":"has-post-thumbnail","6":"product_brand-replique-manga-cine","7":"product_cat-genshin-impact","8":"product_cat-repliques-manga-jeux-video","10":"first","11":"instock","12":"taxable","13":"shipping-taxable","14":"purchasable","15":"product-type-simple"},"yoast_head":"<!-- This site is optimized with the Yoast SEO plugin v27.4 - https:\/\/yoast.com\/product\/yoast-seo-wordpress\/ -->\n<title>Skyward Blade Genshin Impact - Boutique en ligne d&#039;\u00e9p\u00e9es - RMC<\/title>\n<meta name=\"description\" content=\"D\u00e9couvrez votre Skyward Blade Genshin Impact au meilleur prix - Lame en acier 440 d\u00e9cor\u00e9e - Fourreau similicuir - Garde, poign\u00e9e en m\u00e9tal - Longueur : 76 cm\" \/>\n<meta name=\"robots\" content=\"index, follow, max-snippet:-1, max-image-preview:large, max-video-preview:-1\" \/>\n<link rel=\"canonical\" href=\"https:\/\/repliquemangacine.fr\/es\/impacto-genshin\/skyward-blade-genshin-impacto\/\" \/>\n<meta property=\"og:locale\" content=\"es_ES\" \/>\n<meta property=\"og:type\" content=\"article\" \/>\n<meta property=\"og:title\" content=\"Skyward Blade Genshin Impact - Boutique en ligne d&#039;\u00e9p\u00e9es - RMC\" \/>\n<meta property=\"og:description\" content=\"D\u00e9couvrez votre Skyward Blade Genshin Impact au meilleur prix - Lame en acier 440 d\u00e9cor\u00e9e - Fourreau similicuir - Garde, poign\u00e9e en m\u00e9tal - Longueur : 76 cm\" \/>\n<meta property=\"og:url\" content=\"https:\/\/repliquemangacine.fr\/es\/impacto-genshin\/skyward-blade-genshin-impacto\/\" \/>\n<meta property=\"og:site_name\" content=\"R\u00e9plique Manga Cin\u00e9\" \/>\n<meta property=\"article:publisher\" content=\"https:\/\/www.facebook.com\/RepliqueMangaCine\" \/>\n<meta property=\"article:modified_time\" content=\"2025-11-21T11:38:39+00:00\" \/>\n<meta property=\"og:image\" content=\"https:\/\/repliquemangacine.fr\/wp-content\/uploads\/2023\/10\/zs9330.jpg\" \/>\n\t<meta property=\"og:image:width\" content=\"500\" \/>\n\t<meta property=\"og:image:height\" content=\"500\" \/>\n\t<meta property=\"og:image:type\" content=\"image\/jpeg\" \/>\n<meta name=\"twitter:card\" content=\"summary_large_image\" \/>\n<meta name=\"twitter:label1\" content=\"Tiempo de lectura\" \/>\n\t<meta name=\"twitter:data1\" content=\"3 minutos\" \/>\n<script type=\"application\/ld+json\" class=\"yoast-schema-graph\">{\"@context\":\"https:\\\/\\\/schema.org\",\"@graph\":[{\"@type\":\"WebPage\",\"@id\":\"https:\\\/\\\/repliquemangacine.fr\\\/genshin-impact\\\/skyward-blade-genshin-impact\\\/\",\"url\":\"https:\\\/\\\/repliquemangacine.fr\\\/genshin-impact\\\/skyward-blade-genshin-impact\\\/\",\"name\":\"Skyward Blade Genshin Impact - Boutique en ligne d'\u00e9p\u00e9es - RMC\",\"isPartOf\":{\"@id\":\"https:\\\/\\\/repliquemangacine.fr\\\/#website\"},\"primaryImageOfPage\":{\"@id\":\"https:\\\/\\\/repliquemangacine.fr\\\/genshin-impact\\\/skyward-blade-genshin-impact\\\/#primaryimage\"},\"image\":{\"@id\":\"https:\\\/\\\/repliquemangacine.fr\\\/genshin-impact\\\/skyward-blade-genshin-impact\\\/#primaryimage\"},\"thumbnailUrl\":\"https:\\\/\\\/repliquemangacine.fr\\\/wp-content\\\/uploads\\\/2023\\\/10\\\/zs9330.jpg\",\"datePublished\":\"2023-05-10T16:45:20+00:00\",\"dateModified\":\"2025-11-21T11:38:39+00:00\",\"description\":\"D\u00e9couvrez votre Skyward Blade Genshin Impact au meilleur prix - Lame en acier 440 d\u00e9cor\u00e9e - Fourreau similicuir - Garde, poign\u00e9e en m\u00e9tal - Longueur : 76 cm\",\"breadcrumb\":{\"@id\":\"https:\\\/\\\/repliquemangacine.fr\\\/genshin-impact\\\/skyward-blade-genshin-impact\\\/#breadcrumb\"},\"inLanguage\":\"es\",\"potentialAction\":[{\"@type\":\"ReadAction\",\"target\":[\"https:\\\/\\\/repliquemangacine.fr\\\/genshin-impact\\\/skyward-blade-genshin-impact\\\/\"]}]},{\"@type\":\"ImageObject\",\"inLanguage\":\"es\",\"@id\":\"https:\\\/\\\/repliquemangacine.fr\\\/genshin-impact\\\/skyward-blade-genshin-impact\\\/#primaryimage\",\"url\":\"https:\\\/\\\/repliquemangacine.fr\\\/wp-content\\\/uploads\\\/2023\\\/10\\\/zs9330.jpg\",\"contentUrl\":\"https:\\\/\\\/repliquemangacine.fr\\\/wp-content\\\/uploads\\\/2023\\\/10\\\/zs9330.jpg\",\"width\":500,\"height\":500,\"caption\":\"Skyward Blade Genshin Impact\"},{\"@type\":\"BreadcrumbList\",\"@id\":\"https:\\\/\\\/repliquemangacine.fr\\\/genshin-impact\\\/skyward-blade-genshin-impact\\\/#breadcrumb\",\"itemListElement\":[{\"@type\":\"ListItem\",\"position\":1,\"name\":\"Accueil\",\"item\":\"https:\\\/\\\/repliquemangacine.fr\\\/\"},{\"@type\":\"ListItem\",\"position\":2,\"name\":\"Produits\",\"item\":\"https:\\\/\\\/repliquemangacine.fr\\\/boutique\\\/\"},{\"@type\":\"ListItem\",\"position\":3,\"name\":\"Skyward Blade Genshin Impact\"}]},{\"@type\":\"WebSite\",\"@id\":\"https:\\\/\\\/repliquemangacine.fr\\\/#website\",\"url\":\"https:\\\/\\\/repliquemangacine.fr\\\/\",\"name\":\"R\u00e9plique Manga Cin\u00e9\",\"description\":\"\",\"publisher\":{\"@id\":\"https:\\\/\\\/repliquemangacine.fr\\\/#organization\"},\"potentialAction\":[{\"@type\":\"SearchAction\",\"target\":{\"@type\":\"EntryPoint\",\"urlTemplate\":\"https:\\\/\\\/repliquemangacine.fr\\\/?s={search_term_string}\"},\"query-input\":{\"@type\":\"PropertyValueSpecification\",\"valueRequired\":true,\"valueName\":\"search_term_string\"}}],\"inLanguage\":\"es\"},{\"@type\":\"Organization\",\"@id\":\"https:\\\/\\\/repliquemangacine.fr\\\/#organization\",\"name\":\"R\u00e9plique Manga Cin\u00e9\",\"url\":\"https:\\\/\\\/repliquemangacine.fr\\\/\",\"logo\":{\"@type\":\"ImageObject\",\"inLanguage\":\"es\",\"@id\":\"https:\\\/\\\/repliquemangacine.fr\\\/#\\\/schema\\\/logo\\\/image\\\/\",\"url\":\"https:\\\/\\\/repliquemangacine.fr\\\/wp-content\\\/uploads\\\/2023\\\/10\\\/RMC-500250.png\",\"contentUrl\":\"https:\\\/\\\/repliquemangacine.fr\\\/wp-content\\\/uploads\\\/2023\\\/10\\\/RMC-500250.png\",\"width\":500,\"height\":250,\"caption\":\"R\u00e9plique Manga Cin\u00e9\"},\"image\":{\"@id\":\"https:\\\/\\\/repliquemangacine.fr\\\/#\\\/schema\\\/logo\\\/image\\\/\"},\"sameAs\":[\"https:\\\/\\\/www.facebook.com\\\/RepliqueMangaCine\",\"https:\\\/\\\/www.instagram.com\\\/repliquemangacine.fr\\\/\"]}]}<\/script>\n<!-- \/ Yoast SEO plugin. -->","yoast_head_json":{"title":"Skyward Blade Genshin Impact - Espadas tienda online - RMC","description":"Descubra nuestra Skyward Blade Genshin Impact al mejor precio - Hoja de acero 440 decorada - Funda de imitaci\u00f3n de cuero - Guarda y mango de metal - Longitud: 76 cm","robots":{"index":"index","follow":"follow","max-snippet":"max-snippet:-1","max-image-preview":"max-image-preview:large","max-video-preview":"max-video-preview:-1"},"canonical":"https:\/\/repliquemangacine.fr\/es\/impacto-genshin\/skyward-blade-genshin-impacto\/","og_locale":"es_ES","og_type":"article","og_title":"Skyward Blade Genshin Impact - Boutique en ligne d'\u00e9p\u00e9es - RMC","og_description":"D\u00e9couvrez votre Skyward Blade Genshin Impact au meilleur prix - Lame en acier 440 d\u00e9cor\u00e9e - Fourreau similicuir - Garde, poign\u00e9e en m\u00e9tal - Longueur : 76 cm","og_url":"https:\/\/repliquemangacine.fr\/es\/impacto-genshin\/skyward-blade-genshin-impacto\/","og_site_name":"R\u00e9plique Manga Cin\u00e9","article_publisher":"https:\/\/www.facebook.com\/RepliqueMangaCine","article_modified_time":"2025-11-21T11:38:39+00:00","og_image":[{"width":500,"height":500,"url":"https:\/\/repliquemangacine.fr\/wp-content\/uploads\/2023\/10\/zs9330.jpg","type":"image\/jpeg"}],"twitter_card":"summary_large_image","twitter_misc":{"Tiempo de lectura":"3 minutos"},"schema":{"@context":"https:\/\/schema.org","@graph":[{"@type":"WebPage","@id":"https:\/\/repliquemangacine.fr\/genshin-impact\/skyward-blade-genshin-impact\/","url":"https:\/\/repliquemangacine.fr\/genshin-impact\/skyward-blade-genshin-impact\/","name":"Skyward Blade Genshin Impact - Espadas tienda online - RMC","isPartOf":{"@id":"https:\/\/repliquemangacine.fr\/#website"},"primaryImageOfPage":{"@id":"https:\/\/repliquemangacine.fr\/genshin-impact\/skyward-blade-genshin-impact\/#primaryimage"},"image":{"@id":"https:\/\/repliquemangacine.fr\/genshin-impact\/skyward-blade-genshin-impact\/#primaryimage"},"thumbnailUrl":"https:\/\/repliquemangacine.fr\/wp-content\/uploads\/2023\/10\/zs9330.jpg","datePublished":"2023-05-10T16:45:20+00:00","dateModified":"2025-11-21T11:38:39+00:00","description":"Descubra nuestra Skyward Blade Genshin Impact al mejor precio - Hoja de acero 440 decorada - Funda de imitaci\u00f3n de cuero - Guarda y mango de metal - Longitud: 76 cm","breadcrumb":{"@id":"https:\/\/repliquemangacine.fr\/genshin-impact\/skyward-blade-genshin-impact\/#breadcrumb"},"inLanguage":"es","potentialAction":[{"@type":"ReadAction","target":["https:\/\/repliquemangacine.fr\/genshin-impact\/skyward-blade-genshin-impact\/"]}]},{"@type":"ImageObject","inLanguage":"es","@id":"https:\/\/repliquemangacine.fr\/genshin-impact\/skyward-blade-genshin-impact\/#primaryimage","url":"https:\/\/repliquemangacine.fr\/wp-content\/uploads\/2023\/10\/zs9330.jpg","contentUrl":"https:\/\/repliquemangacine.fr\/wp-content\/uploads\/2023\/10\/zs9330.jpg","width":500,"height":500,"caption":"Skyward Blade Genshin Impact"},{"@type":"BreadcrumbList","@id":"https:\/\/repliquemangacine.fr\/genshin-impact\/skyward-blade-genshin-impact\/#breadcrumb","itemListElement":[{"@type":"ListItem","position":1,"name":"Accueil","item":"https:\/\/repliquemangacine.fr\/"},{"@type":"ListItem","position":2,"name":"Produits","item":"https:\/\/repliquemangacine.fr\/boutique\/"},{"@type":"ListItem","position":3,"name":"Skyward Blade Genshin Impact"}]},{"@type":"WebSite","@id":"https:\/\/repliquemangacine.fr\/#website","url":"https:\/\/repliquemangacine.fr\/","name":"R\u00e9plique Manga Cin\u00e9","description":"","publisher":{"@id":"https:\/\/repliquemangacine.fr\/#organization"},"potentialAction":[{"@type":"SearchAction","target":{"@type":"EntryPoint","urlTemplate":"https:\/\/repliquemangacine.fr\/?s={search_term_string}"},"query-input":{"@type":"PropertyValueSpecification","valueRequired":true,"valueName":"search_term_string"}}],"inLanguage":"es"},{"@type":"Organization","@id":"https:\/\/repliquemangacine.fr\/#organization","name":"R\u00e9plique Manga Cin\u00e9","url":"https:\/\/repliquemangacine.fr\/","logo":{"@type":"ImageObject","inLanguage":"es","@id":"https:\/\/repliquemangacine.fr\/#\/schema\/logo\/image\/","url":"https:\/\/repliquemangacine.fr\/wp-content\/uploads\/2023\/10\/RMC-500250.png","contentUrl":"https:\/\/repliquemangacine.fr\/wp-content\/uploads\/2023\/10\/RMC-500250.png","width":500,"height":250,"caption":"R\u00e9plique Manga Cin\u00e9"},"image":{"@id":"https:\/\/repliquemangacine.fr\/#\/schema\/logo\/image\/"},"sameAs":["https:\/\/www.facebook.com\/RepliqueMangaCine","https:\/\/www.instagram.com\/repliquemangacine.fr\/"]}]}},"_links":{"self":[{"href":"https:\/\/repliquemangacine.fr\/es\/wp-json\/wp\/v2\/product\/60151","targetHints":{"allow":["GET"]}}],"collection":[{"href":"https:\/\/repliquemangacine.fr\/es\/wp-json\/wp\/v2\/product"}],"about":[{"href":"https:\/\/repliquemangacine.fr\/es\/wp-json\/wp\/v2\/types\/product"}],"wp:featuredmedia":[{"embeddable":true,"href":"https:\/\/repliquemangacine.fr\/es\/wp-json\/wp\/v2\/media\/60152"}],"wp:attachment":[{"href":"https:\/\/repliquemangacine.fr\/es\/wp-json\/wp\/v2\/media?parent=60151"}],"wp:term":[{"taxonomy":"product_brand","embeddable":true,"href":"https:\/\/repliquemangacine.fr\/es\/wp-json\/wp\/v2\/product_brand?post=60151"},{"taxonomy":"product_cat","embeddable":true,"href":"https:\/\/repliquemangacine.fr\/es\/wp-json\/wp\/v2\/product_cat?post=60151"},{"taxonomy":"product_tag","embeddable":true,"href":"https:\/\/repliquemangacine.fr\/es\/wp-json\/wp\/v2\/product_tag?post=60151"}],"curies":[{"name":"wp","href":"https:\/\/api.w.org\/{rel}","templated":true}]}}