





{"id":60114,"date":"2023-05-09T14:21:14","date_gmt":"2023-05-09T12:21:14","guid":{"rendered":"https:\/\/repliquemangacine.fr\/?post_type=product&#038;p=60114"},"modified":"2025-11-21T12:40:57","modified_gmt":"2025-11-21T11:40:57","slug":"katana-kageuchi-damenoma","status":"publish","type":"product","link":"https:\/\/repliquemangacine.fr\/es\/genshin-impact\/katana-kageuchi-damenoma\/","title":{"rendered":"Katana Kageuchi de Amenoma"},"content":{"rendered":"<h2>Katana Kageuchi de Amenoma Genshin Impacto<\/h2>\n<p>Para empezar, el <strong>Katana Kageuchi de Amenoma<\/strong> en <a href=\"https:\/\/genshin-impact.fandom.com\/fr\/wiki\/Lame_Kageuchi_d'Amenoma\" target=\"_blank\" rel=\"noopener noreferrer\">Impacto de Genshin<\/a>, Esta espada de una mano tiene una hoja de acero decorada. La guarda dorada tiene una forma espec\u00edfica.<\/p>\n<p>Esta hoja es una de las versiones kageuchi de la famosa espada \u00abHakuen Michimitsu de Amenoma\u00bb. Ofrecida al clan Saimon por Douin, el patriarca fundador del clan Iwakura.<\/p>\n<p>Abundan las leyendas y los rumores sobre los actos realizados con esta espada. Se dice que su filo era tal que pod\u00eda incluso cortar los hilos del destino.<br \/>\nEn cuanto al nombre espec\u00edfico de la hoja, parece ser que fue el propio Iwakura Douin quien especific\u00f3 a Amenoma que se llamar\u00eda as\u00ed.<\/p>\n<h2>Tu Amenoma Katana Kageuchi al mejor precio.<\/h2>\n<p>Te ofrecemos una amplia selecci\u00f3n de r\u00e9plicas de espadas de tus videojuegos favoritos.<\/p>\n<p>Lo primero y m\u00e1s importante,<\/p>\n<ul>\n<li>L'<a href=\"https:\/\/repliquemangacine.fr\/es\/katana-y-espada-videojuego-otros-videojuegos\/epee-de-diluc-genshin-impact-wolfs-graveston\/\">Espada Diluc<\/a> en Genshin Impact todo en resina y fibra de vidrio.<\/li>\n<li>Tambi\u00e9n existe la<a href=\"https:\/\/repliquemangacine.fr\/es\/katana-y-espada-videojuego-otros-videojuegos\/epee-rebellion-epee-de-dante-devil-may-cry\/\">espada de rebeli\u00f3n<\/a> en Devil My Cry con su protector de cr\u00e1neo<\/li>\n<li>As\u00ed como el<a href=\"https:\/\/repliquemangacine.fr\/es\/katana-y-espada-videojuego-otros-videojuegos\/espada-trituradora-cloud-ff7\/\">espada aplastante<\/a> de Cloud en Final Fantasy 7 Remake<\/li>\n<li>Y mucho m\u00e1s por descubrir en nuestra tienda en l\u00ednea.<\/li>\n<\/ul>\n<p>Por eso, aqu\u00ed tienes unas ideas fant\u00e1sticas para regalar a todos los aficionados a los videojuegos.<\/p>\n<p>En conclusi\u00f3n, puede utilizar el <strong>Katana Kageuchi de Amenoma<\/strong> para tus desfiles de cosplay o fiestas tem\u00e1ticas. Pero, sobre todo, es una pieza de coleccionista y decoraci\u00f3n.<\/p>\n<h2>\u00bfC\u00f3mo mantengo la hoja de mi espada Genshin Impact?<\/h2>\n<p>Las espadas de colecci\u00f3n y decorativas se fabrican y ensamblan de forma simplificada. Como su uso es decorativo, no cuentan con los elementos de seguridad necesarios para una espada japonesa destinada al entrenamiento.<\/p>\n<p>Sin embargo, su <strong>Katana Kageuchi de Amenoma<\/strong> a una hoja de acero que hay que mantener para evitar que se da\u00f1e con el tiempo. Cuando muestres tu espada, tus amigos sentir\u00e1n curiosidad por ver la hoja y tocarla. Aqu\u00ed es donde hay que tener cuidado, porque la acidez de los dedos es muy perjudicial para el acero, sea cual sea su calidad.<\/p>\n<p>Sin embargo, si esto ocurre, no te asustes, todo lo que necesitas es un pa\u00f1o humedecido con un poco de aceite y limpiar las huellas dactilares. Si haces esto, tu espada durar\u00e1 mucho tiempo.<\/p>","protected":false},"excerpt":{"rendered":"<p>R\u00e9plica de la hoja Kageuchi de Amenoma en Genshin Impact.<\/p>\n<ul>\n<li>Hoja de acero 440 decorada<\/li>\n<li>Guarda de acero dorado<\/li>\n<li>Mango recubierto de trenza de algod\u00f3n<\/li>\n<li>Funda y correa de suave polipiel<\/li>\n<li>Longitud total: 92 cm<\/li>\n<\/ul>","protected":false},"featured_media":60115,"template":"","meta":[],"product_brand":[896],"product_cat":[119,23],"product_tag":[],"class_list":{"0":"post-60114","1":"product","2":"type-product","3":"status-publish","4":"has-post-thumbnail","6":"product_brand-replique-manga-cine","7":"product_cat-genshin-impact","8":"product_cat-repliques-manga-jeux-video","10":"first","11":"instock","12":"taxable","13":"shipping-taxable","14":"purchasable","15":"product-type-simple"},"yoast_head":"<!-- This site is optimized with the Yoast SEO plugin v27.4 - https:\/\/yoast.com\/product\/yoast-seo-wordpress\/ -->\n<title>Katana Kageuchi d&#039;Amenoma - Vente \u00e9p\u00e9es Genshin Impact - RMC<\/title>\n<meta name=\"description\" content=\"D\u00e9couvrez ce sublime Katana Kageuchi d&#039;Amenoma au meilleur prix - Lame en acier d\u00e9cor\u00e9 - Fourreau similicuir - Garde acier dor\u00e9 d\u00e9cor\u00e9e - Longueur : 92 cm\" \/>\n<meta name=\"robots\" content=\"index, follow, max-snippet:-1, max-image-preview:large, max-video-preview:-1\" \/>\n<link rel=\"canonical\" href=\"https:\/\/repliquemangacine.fr\/es\/impacto-genshin\/katana-kageuchi-damenoma\/\" \/>\n<meta property=\"og:locale\" content=\"es_ES\" \/>\n<meta property=\"og:type\" content=\"article\" \/>\n<meta property=\"og:title\" content=\"Katana Kageuchi d&#039;Amenoma - Vente \u00e9p\u00e9es Genshin Impact - RMC\" \/>\n<meta property=\"og:description\" content=\"D\u00e9couvrez ce sublime Katana Kageuchi d&#039;Amenoma au meilleur prix - Lame en acier d\u00e9cor\u00e9 - Fourreau similicuir - Garde acier dor\u00e9 d\u00e9cor\u00e9e - Longueur : 92 cm\" \/>\n<meta property=\"og:url\" content=\"https:\/\/repliquemangacine.fr\/es\/impacto-genshin\/katana-kageuchi-damenoma\/\" \/>\n<meta property=\"og:site_name\" content=\"R\u00e9plique Manga Cin\u00e9\" \/>\n<meta property=\"article:publisher\" content=\"https:\/\/www.facebook.com\/RepliqueMangaCine\" \/>\n<meta property=\"article:modified_time\" content=\"2025-11-21T11:40:57+00:00\" \/>\n<meta property=\"og:image\" content=\"https:\/\/repliquemangacine.fr\/wp-content\/uploads\/2023\/10\/Katana-Kageuchi-dAmenoma.jpg\" \/>\n\t<meta property=\"og:image:width\" content=\"500\" \/>\n\t<meta property=\"og:image:height\" content=\"500\" \/>\n\t<meta property=\"og:image:type\" content=\"image\/jpeg\" \/>\n<meta name=\"twitter:card\" content=\"summary_large_image\" \/>\n<meta name=\"twitter:label1\" content=\"Tiempo de lectura\" \/>\n\t<meta name=\"twitter:data1\" content=\"3 minutos\" \/>\n<script type=\"application\/ld+json\" class=\"yoast-schema-graph\">{\"@context\":\"https:\\\/\\\/schema.org\",\"@graph\":[{\"@type\":\"WebPage\",\"@id\":\"https:\\\/\\\/repliquemangacine.fr\\\/genshin-impact\\\/katana-kageuchi-damenoma\\\/\",\"url\":\"https:\\\/\\\/repliquemangacine.fr\\\/genshin-impact\\\/katana-kageuchi-damenoma\\\/\",\"name\":\"Katana Kageuchi d'Amenoma - Vente \u00e9p\u00e9es Genshin Impact - RMC\",\"isPartOf\":{\"@id\":\"https:\\\/\\\/repliquemangacine.fr\\\/#website\"},\"primaryImageOfPage\":{\"@id\":\"https:\\\/\\\/repliquemangacine.fr\\\/genshin-impact\\\/katana-kageuchi-damenoma\\\/#primaryimage\"},\"image\":{\"@id\":\"https:\\\/\\\/repliquemangacine.fr\\\/genshin-impact\\\/katana-kageuchi-damenoma\\\/#primaryimage\"},\"thumbnailUrl\":\"https:\\\/\\\/repliquemangacine.fr\\\/wp-content\\\/uploads\\\/2023\\\/10\\\/Katana-Kageuchi-dAmenoma.jpg\",\"datePublished\":\"2023-05-09T12:21:14+00:00\",\"dateModified\":\"2025-11-21T11:40:57+00:00\",\"description\":\"D\u00e9couvrez ce sublime Katana Kageuchi d'Amenoma au meilleur prix - Lame en acier d\u00e9cor\u00e9 - Fourreau similicuir - Garde acier dor\u00e9 d\u00e9cor\u00e9e - Longueur : 92 cm\",\"breadcrumb\":{\"@id\":\"https:\\\/\\\/repliquemangacine.fr\\\/genshin-impact\\\/katana-kageuchi-damenoma\\\/#breadcrumb\"},\"inLanguage\":\"es\",\"potentialAction\":[{\"@type\":\"ReadAction\",\"target\":[\"https:\\\/\\\/repliquemangacine.fr\\\/genshin-impact\\\/katana-kageuchi-damenoma\\\/\"]}]},{\"@type\":\"ImageObject\",\"inLanguage\":\"es\",\"@id\":\"https:\\\/\\\/repliquemangacine.fr\\\/genshin-impact\\\/katana-kageuchi-damenoma\\\/#primaryimage\",\"url\":\"https:\\\/\\\/repliquemangacine.fr\\\/wp-content\\\/uploads\\\/2023\\\/10\\\/Katana-Kageuchi-dAmenoma.jpg\",\"contentUrl\":\"https:\\\/\\\/repliquemangacine.fr\\\/wp-content\\\/uploads\\\/2023\\\/10\\\/Katana-Kageuchi-dAmenoma.jpg\",\"width\":500,\"height\":500,\"caption\":\"Katana-Kageuchi-d'Amenoma\"},{\"@type\":\"BreadcrumbList\",\"@id\":\"https:\\\/\\\/repliquemangacine.fr\\\/genshin-impact\\\/katana-kageuchi-damenoma\\\/#breadcrumb\",\"itemListElement\":[{\"@type\":\"ListItem\",\"position\":1,\"name\":\"Accueil\",\"item\":\"https:\\\/\\\/repliquemangacine.fr\\\/\"},{\"@type\":\"ListItem\",\"position\":2,\"name\":\"Produits\",\"item\":\"https:\\\/\\\/repliquemangacine.fr\\\/boutique\\\/\"},{\"@type\":\"ListItem\",\"position\":3,\"name\":\"Katana Kageuchi d&#8217;Amenoma\"}]},{\"@type\":\"WebSite\",\"@id\":\"https:\\\/\\\/repliquemangacine.fr\\\/#website\",\"url\":\"https:\\\/\\\/repliquemangacine.fr\\\/\",\"name\":\"R\u00e9plique Manga Cin\u00e9\",\"description\":\"\",\"publisher\":{\"@id\":\"https:\\\/\\\/repliquemangacine.fr\\\/#organization\"},\"potentialAction\":[{\"@type\":\"SearchAction\",\"target\":{\"@type\":\"EntryPoint\",\"urlTemplate\":\"https:\\\/\\\/repliquemangacine.fr\\\/?s={search_term_string}\"},\"query-input\":{\"@type\":\"PropertyValueSpecification\",\"valueRequired\":true,\"valueName\":\"search_term_string\"}}],\"inLanguage\":\"es\"},{\"@type\":\"Organization\",\"@id\":\"https:\\\/\\\/repliquemangacine.fr\\\/#organization\",\"name\":\"R\u00e9plique Manga Cin\u00e9\",\"url\":\"https:\\\/\\\/repliquemangacine.fr\\\/\",\"logo\":{\"@type\":\"ImageObject\",\"inLanguage\":\"es\",\"@id\":\"https:\\\/\\\/repliquemangacine.fr\\\/#\\\/schema\\\/logo\\\/image\\\/\",\"url\":\"https:\\\/\\\/repliquemangacine.fr\\\/wp-content\\\/uploads\\\/2023\\\/10\\\/RMC-500250.png\",\"contentUrl\":\"https:\\\/\\\/repliquemangacine.fr\\\/wp-content\\\/uploads\\\/2023\\\/10\\\/RMC-500250.png\",\"width\":500,\"height\":250,\"caption\":\"R\u00e9plique Manga Cin\u00e9\"},\"image\":{\"@id\":\"https:\\\/\\\/repliquemangacine.fr\\\/#\\\/schema\\\/logo\\\/image\\\/\"},\"sameAs\":[\"https:\\\/\\\/www.facebook.com\\\/RepliqueMangaCine\",\"https:\\\/\\\/www.instagram.com\\\/repliquemangacine.fr\\\/\"]}]}<\/script>\n<!-- \/ Yoast SEO plugin. -->","yoast_head_json":{"title":"Amenoma's Katana Kageuchi - Genshin Espadas de impacto en venta - RMC","description":"Descubra esta sublime Katana Kageuchi de Amenoma al mejor precio - Hoja de acero decorada - Funda de imitaci\u00f3n de cuero - Guarda de acero dorado decorada - Longitud: 92 cm","robots":{"index":"index","follow":"follow","max-snippet":"max-snippet:-1","max-image-preview":"max-image-preview:large","max-video-preview":"max-video-preview:-1"},"canonical":"https:\/\/repliquemangacine.fr\/es\/impacto-genshin\/katana-kageuchi-damenoma\/","og_locale":"es_ES","og_type":"article","og_title":"Katana Kageuchi d'Amenoma - Vente \u00e9p\u00e9es Genshin Impact - RMC","og_description":"D\u00e9couvrez ce sublime Katana Kageuchi d'Amenoma au meilleur prix - Lame en acier d\u00e9cor\u00e9 - Fourreau similicuir - Garde acier dor\u00e9 d\u00e9cor\u00e9e - Longueur : 92 cm","og_url":"https:\/\/repliquemangacine.fr\/es\/impacto-genshin\/katana-kageuchi-damenoma\/","og_site_name":"R\u00e9plique Manga Cin\u00e9","article_publisher":"https:\/\/www.facebook.com\/RepliqueMangaCine","article_modified_time":"2025-11-21T11:40:57+00:00","og_image":[{"width":500,"height":500,"url":"https:\/\/repliquemangacine.fr\/wp-content\/uploads\/2023\/10\/Katana-Kageuchi-dAmenoma.jpg","type":"image\/jpeg"}],"twitter_card":"summary_large_image","twitter_misc":{"Tiempo de lectura":"3 minutos"},"schema":{"@context":"https:\/\/schema.org","@graph":[{"@type":"WebPage","@id":"https:\/\/repliquemangacine.fr\/genshin-impact\/katana-kageuchi-damenoma\/","url":"https:\/\/repliquemangacine.fr\/genshin-impact\/katana-kageuchi-damenoma\/","name":"Amenoma's Katana Kageuchi - Genshin Espadas de impacto en venta - RMC","isPartOf":{"@id":"https:\/\/repliquemangacine.fr\/#website"},"primaryImageOfPage":{"@id":"https:\/\/repliquemangacine.fr\/genshin-impact\/katana-kageuchi-damenoma\/#primaryimage"},"image":{"@id":"https:\/\/repliquemangacine.fr\/genshin-impact\/katana-kageuchi-damenoma\/#primaryimage"},"thumbnailUrl":"https:\/\/repliquemangacine.fr\/wp-content\/uploads\/2023\/10\/Katana-Kageuchi-dAmenoma.jpg","datePublished":"2023-05-09T12:21:14+00:00","dateModified":"2025-11-21T11:40:57+00:00","description":"Descubra esta sublime Katana Kageuchi de Amenoma al mejor precio - Hoja de acero decorada - Funda de imitaci\u00f3n de cuero - Guarda de acero dorado decorada - Longitud: 92 cm","breadcrumb":{"@id":"https:\/\/repliquemangacine.fr\/genshin-impact\/katana-kageuchi-damenoma\/#breadcrumb"},"inLanguage":"es","potentialAction":[{"@type":"ReadAction","target":["https:\/\/repliquemangacine.fr\/genshin-impact\/katana-kageuchi-damenoma\/"]}]},{"@type":"ImageObject","inLanguage":"es","@id":"https:\/\/repliquemangacine.fr\/genshin-impact\/katana-kageuchi-damenoma\/#primaryimage","url":"https:\/\/repliquemangacine.fr\/wp-content\/uploads\/2023\/10\/Katana-Kageuchi-dAmenoma.jpg","contentUrl":"https:\/\/repliquemangacine.fr\/wp-content\/uploads\/2023\/10\/Katana-Kageuchi-dAmenoma.jpg","width":500,"height":500,"caption":"Katana-Kageuchi-d'Amenoma"},{"@type":"BreadcrumbList","@id":"https:\/\/repliquemangacine.fr\/genshin-impact\/katana-kageuchi-damenoma\/#breadcrumb","itemListElement":[{"@type":"ListItem","position":1,"name":"Accueil","item":"https:\/\/repliquemangacine.fr\/"},{"@type":"ListItem","position":2,"name":"Produits","item":"https:\/\/repliquemangacine.fr\/boutique\/"},{"@type":"ListItem","position":3,"name":"Katana Kageuchi d&#8217;Amenoma"}]},{"@type":"WebSite","@id":"https:\/\/repliquemangacine.fr\/#website","url":"https:\/\/repliquemangacine.fr\/","name":"R\u00e9plique Manga Cin\u00e9","description":"","publisher":{"@id":"https:\/\/repliquemangacine.fr\/#organization"},"potentialAction":[{"@type":"SearchAction","target":{"@type":"EntryPoint","urlTemplate":"https:\/\/repliquemangacine.fr\/?s={search_term_string}"},"query-input":{"@type":"PropertyValueSpecification","valueRequired":true,"valueName":"search_term_string"}}],"inLanguage":"es"},{"@type":"Organization","@id":"https:\/\/repliquemangacine.fr\/#organization","name":"R\u00e9plique Manga Cin\u00e9","url":"https:\/\/repliquemangacine.fr\/","logo":{"@type":"ImageObject","inLanguage":"es","@id":"https:\/\/repliquemangacine.fr\/#\/schema\/logo\/image\/","url":"https:\/\/repliquemangacine.fr\/wp-content\/uploads\/2023\/10\/RMC-500250.png","contentUrl":"https:\/\/repliquemangacine.fr\/wp-content\/uploads\/2023\/10\/RMC-500250.png","width":500,"height":250,"caption":"R\u00e9plique Manga Cin\u00e9"},"image":{"@id":"https:\/\/repliquemangacine.fr\/#\/schema\/logo\/image\/"},"sameAs":["https:\/\/www.facebook.com\/RepliqueMangaCine","https:\/\/www.instagram.com\/repliquemangacine.fr\/"]}]}},"_links":{"self":[{"href":"https:\/\/repliquemangacine.fr\/es\/wp-json\/wp\/v2\/product\/60114","targetHints":{"allow":["GET"]}}],"collection":[{"href":"https:\/\/repliquemangacine.fr\/es\/wp-json\/wp\/v2\/product"}],"about":[{"href":"https:\/\/repliquemangacine.fr\/es\/wp-json\/wp\/v2\/types\/product"}],"wp:featuredmedia":[{"embeddable":true,"href":"https:\/\/repliquemangacine.fr\/es\/wp-json\/wp\/v2\/media\/60115"}],"wp:attachment":[{"href":"https:\/\/repliquemangacine.fr\/es\/wp-json\/wp\/v2\/media?parent=60114"}],"wp:term":[{"taxonomy":"product_brand","embeddable":true,"href":"https:\/\/repliquemangacine.fr\/es\/wp-json\/wp\/v2\/product_brand?post=60114"},{"taxonomy":"product_cat","embeddable":true,"href":"https:\/\/repliquemangacine.fr\/es\/wp-json\/wp\/v2\/product_cat?post=60114"},{"taxonomy":"product_tag","embeddable":true,"href":"https:\/\/repliquemangacine.fr\/es\/wp-json\/wp\/v2\/product_tag?post=60114"}],"curies":[{"name":"wp","href":"https:\/\/api.w.org\/{rel}","templated":true}]}}