





{"id":60106,"date":"2023-05-09T13:25:03","date_gmt":"2023-05-09T11:25:03","guid":{"rendered":"https:\/\/repliquemangacine.fr\/?post_type=product&#038;p=60106"},"modified":"2025-11-21T12:46:03","modified_gmt":"2025-11-21T11:46:03","slug":"robert-bruce-casco","status":"publish","type":"product","link":"https:\/\/repliquemangacine.fr\/es\/heaume-casque-chevalier-templier\/casque-de-robert-bruce\/","title":{"rendered":"Casco Robert Bruce"},"content":{"rendered":"<h2>Casco Robert Bruce<\/h2>\n<p>Para empezar, el casco de Robert Bruce, fabricado en acero de 1,6 mm (calibre 16) y adornado con una corona de lat\u00f3n remachada rica en detalles. Para proteger la nuca y el cuello, este casco cuenta con una cadena que se extiende hasta los hombros.<\/p>\n<p>Basado en el casco que se puede ver en Bannockburn, en la famosa estatua de bronce de Robert I de Escocia (1274-1329). Tras a\u00f1os de lucha contra la corona inglesa, el rey Robert (conocido com\u00fanmente como Robert Bruce) derrot\u00f3 al ej\u00e9rcito de Eduardo II de Inglaterra en 1314 en la batalla de Bannockburn.<\/p>\n<p>Una batalla decisiva que finalmente condujo al restablecimiento de la independencia escocesa. Con el legendario William Wallace, <a href=\"https:\/\/www.highlandtitles.fr\/2018\/02\/robert-ier-decosse-pere-de-lindependance-ecossaise\/\" target=\"_blank\" rel=\"noopener noreferrer\">Robert Bruce<\/a> sigue siendo una de las figuras hist\u00f3ricas m\u00e1s c\u00e9lebres de Escocia.<\/p>\n<h2>Tu Casco Robert Bruce al mejor precio.<\/h2>\n<p>Le ofrecemos una amplia selecci\u00f3n de armas y accesorios hist\u00f3ricos.<\/p>\n<p>Lo primero y m\u00e1s importante,<\/p>\n<ul>\n<li>L'<a href=\"https:\/\/repliquemangacine.fr\/es\/espada-templaria-medieval\/espada-de-ceremonia-templaria\/\">Espada ceremonial templaria<\/a> finamente decorado.<\/li>\n<li>Tambi\u00e9n existe la<a href=\"https:\/\/repliquemangacine.fr\/es\/espada-templaria-medieval\/rey-arturo-espada-excalibur\/\">Espada Excalibur<\/a> del Rey Arturo<\/li>\n<li>As\u00ed como el<a href=\"https:\/\/repliquemangacine.fr\/es\/reproducciones-de-armas-y-accesorios-medievales\/epee-richard-coeur-de-lion-coeur\/\">espada de Ricardo Coraz\u00f3n de Le\u00f3n<\/a> de Denix.<\/li>\n<li>Y muchos m\u00e1s por descubrir en nuestra tienda en l\u00ednea.<\/li>\n<\/ul>\n<p>Por eso, aqu\u00ed tienes unas ideas estupendas para regalar a todos los amantes de la historia.<\/p>\n<p>En conclusi\u00f3n, este hermoso <strong>Casco Robert Bruce<\/strong> port\u00e1til, adecuado para combate de exhibici\u00f3n ligero, recreaci\u00f3n hist\u00f3rica, LARP, escenario o TV\/pel\u00edcula. Por supuesto, tambi\u00e9n es una excelente adici\u00f3n al tesoro de cualquier coleccionista de cascos y constituye una magn\u00edfica pieza de exposici\u00f3n o art\u00edculo decorativo para cualquier entusiasta.<\/p>\n<h2>\u00bfC\u00f3mo se fabrican sus objetos de colecci\u00f3n?<\/h2>\n<p>Para empezar, todos nuestros productos derivados son de la m\u00e1xima calidad, fabricados con meticulosa atenci\u00f3n al detalle. Una parte se hace a mano, para reproducir hasta el m\u00e1s m\u00ednimo detalle. Las partes m\u00e1s importantes se mecanizan con m\u00e1quinas muy precisas. Los grabados se hacen generalmente con punta de diamante o l\u00e1ser.<\/p>\n<p>Su <strong>Casco Robert Bruce<\/strong> fabricados para reproducir cada detalle con exactitud. Para igualar el legado de las obras maestras originales. Se hace hincapi\u00e9 en crear r\u00e9plicas de alta calidad que sean lo m\u00e1s hist\u00f3ricamente exactas posible.<\/p>\n<p>En conclusi\u00f3n, importadas de China, Espa\u00f1a o la India, \u00a1nuestras r\u00e9plicas le sorprender\u00e1n!<\/p>\n<p>R\u00e9plique Manga Cin\u00e9 es una empresa familiar francesa.<\/p>","protected":false},"excerpt":{"rendered":"<p>Tocado de cuenca de principios del siglo XIV<\/p>\n<ul>\n<li>De acero de 1,6 mm<\/li>\n<li>Corona de lat\u00f3n<\/li>\n<li>Barboquejo de cuero ajustable<\/li>\n<li>Interior de cuero<\/li>\n<li>Cuello y protector de cuello de acero<\/li>\n<li>Per\u00edmetro cef\u00e1lico hasta 69 cm<\/li>\n<li>Altura: 25 cm - Peso: 4,35 kg completo.<\/li>\n<\/ul>","protected":false},"featured_media":60107,"template":"","meta":[],"product_brand":[896],"product_cat":[25,89,43],"product_tag":[],"class_list":{"0":"post-60106","1":"product","2":"type-product","3":"status-publish","4":"has-post-thumbnail","6":"product_brand-replique-manga-cine","7":"product_cat-armes-historiques","8":"product_cat-heaume-casque-chevalier-templier","9":"product_cat-reproductions-d-armes-et-accessoires-medievales","11":"first","12":"instock","13":"taxable","14":"shipping-taxable","15":"purchasable","16":"product-type-simple"},"yoast_head":"<!-- This site is optimized with the Yoast SEO plugin v27.4 - https:\/\/yoast.com\/product\/yoast-seo-wordpress\/ -->\n<title>Casque de Robert Bruce - Vente en ligne - R\u00e9plique Manga Cin\u00e9<\/title>\n<meta name=\"description\" content=\"D\u00e9couvrez le sublime Casque de Robert Bruce au meilleur prix - En acier de 1.6mm - Couronne en laiton - Int\u00e9rieur cuir - Jugulaire r\u00e9glable en cuir. H 25cm\" \/>\n<meta name=\"robots\" content=\"index, follow, max-snippet:-1, max-image-preview:large, max-video-preview:-1\" \/>\n<link rel=\"canonical\" href=\"https:\/\/repliquemangacine.fr\/es\/casco-casco-caballero-templario\/robert-bruce-casco\/\" \/>\n<meta property=\"og:locale\" content=\"es_ES\" \/>\n<meta property=\"og:type\" content=\"article\" \/>\n<meta property=\"og:title\" content=\"Casque de Robert Bruce - Vente en ligne - R\u00e9plique Manga Cin\u00e9\" \/>\n<meta property=\"og:description\" content=\"D\u00e9couvrez le sublime Casque de Robert Bruce au meilleur prix - En acier de 1.6mm - Couronne en laiton - Int\u00e9rieur cuir - Jugulaire r\u00e9glable en cuir. H 25cm\" \/>\n<meta property=\"og:url\" content=\"https:\/\/repliquemangacine.fr\/es\/casco-casco-caballero-templario\/robert-bruce-casco\/\" \/>\n<meta property=\"og:site_name\" content=\"R\u00e9plique Manga Cin\u00e9\" \/>\n<meta property=\"article:publisher\" content=\"https:\/\/www.facebook.com\/RepliqueMangaCine\" \/>\n<meta property=\"article:modified_time\" content=\"2025-11-21T11:46:03+00:00\" \/>\n<meta property=\"og:image\" content=\"https:\/\/repliquemangacine.fr\/wp-content\/uploads\/2023\/10\/Casque-de-Robert-Bruce.jpg\" \/>\n\t<meta property=\"og:image:width\" content=\"500\" \/>\n\t<meta property=\"og:image:height\" content=\"500\" \/>\n\t<meta property=\"og:image:type\" content=\"image\/jpeg\" \/>\n<meta name=\"twitter:card\" content=\"summary_large_image\" \/>\n<meta name=\"twitter:label1\" content=\"Tiempo de lectura\" \/>\n\t<meta name=\"twitter:data1\" content=\"3 minutos\" \/>\n<script type=\"application\/ld+json\" class=\"yoast-schema-graph\">{\"@context\":\"https:\\\/\\\/schema.org\",\"@graph\":[{\"@type\":\"WebPage\",\"@id\":\"https:\\\/\\\/repliquemangacine.fr\\\/heaume-casque-chevalier-templier\\\/casque-de-robert-bruce\\\/\",\"url\":\"https:\\\/\\\/repliquemangacine.fr\\\/heaume-casque-chevalier-templier\\\/casque-de-robert-bruce\\\/\",\"name\":\"Casque de Robert Bruce - Vente en ligne - R\u00e9plique Manga Cin\u00e9\",\"isPartOf\":{\"@id\":\"https:\\\/\\\/repliquemangacine.fr\\\/#website\"},\"primaryImageOfPage\":{\"@id\":\"https:\\\/\\\/repliquemangacine.fr\\\/heaume-casque-chevalier-templier\\\/casque-de-robert-bruce\\\/#primaryimage\"},\"image\":{\"@id\":\"https:\\\/\\\/repliquemangacine.fr\\\/heaume-casque-chevalier-templier\\\/casque-de-robert-bruce\\\/#primaryimage\"},\"thumbnailUrl\":\"https:\\\/\\\/repliquemangacine.fr\\\/wp-content\\\/uploads\\\/2023\\\/10\\\/Casque-de-Robert-Bruce.jpg\",\"datePublished\":\"2023-05-09T11:25:03+00:00\",\"dateModified\":\"2025-11-21T11:46:03+00:00\",\"description\":\"D\u00e9couvrez le sublime Casque de Robert Bruce au meilleur prix - En acier de 1.6mm - Couronne en laiton - Int\u00e9rieur cuir - Jugulaire r\u00e9glable en cuir. H 25cm\",\"breadcrumb\":{\"@id\":\"https:\\\/\\\/repliquemangacine.fr\\\/heaume-casque-chevalier-templier\\\/casque-de-robert-bruce\\\/#breadcrumb\"},\"inLanguage\":\"es\",\"potentialAction\":[{\"@type\":\"ReadAction\",\"target\":[\"https:\\\/\\\/repliquemangacine.fr\\\/heaume-casque-chevalier-templier\\\/casque-de-robert-bruce\\\/\"]}]},{\"@type\":\"ImageObject\",\"inLanguage\":\"es\",\"@id\":\"https:\\\/\\\/repliquemangacine.fr\\\/heaume-casque-chevalier-templier\\\/casque-de-robert-bruce\\\/#primaryimage\",\"url\":\"https:\\\/\\\/repliquemangacine.fr\\\/wp-content\\\/uploads\\\/2023\\\/10\\\/Casque-de-Robert-Bruce.jpg\",\"contentUrl\":\"https:\\\/\\\/repliquemangacine.fr\\\/wp-content\\\/uploads\\\/2023\\\/10\\\/Casque-de-Robert-Bruce.jpg\",\"width\":500,\"height\":500,\"caption\":\"Casque-de-Robert-Bruce\"},{\"@type\":\"BreadcrumbList\",\"@id\":\"https:\\\/\\\/repliquemangacine.fr\\\/heaume-casque-chevalier-templier\\\/casque-de-robert-bruce\\\/#breadcrumb\",\"itemListElement\":[{\"@type\":\"ListItem\",\"position\":1,\"name\":\"Accueil\",\"item\":\"https:\\\/\\\/repliquemangacine.fr\\\/\"},{\"@type\":\"ListItem\",\"position\":2,\"name\":\"Produits\",\"item\":\"https:\\\/\\\/repliquemangacine.fr\\\/boutique\\\/\"},{\"@type\":\"ListItem\",\"position\":3,\"name\":\"Casque de Robert Bruce\"}]},{\"@type\":\"WebSite\",\"@id\":\"https:\\\/\\\/repliquemangacine.fr\\\/#website\",\"url\":\"https:\\\/\\\/repliquemangacine.fr\\\/\",\"name\":\"R\u00e9plique Manga Cin\u00e9\",\"description\":\"\",\"publisher\":{\"@id\":\"https:\\\/\\\/repliquemangacine.fr\\\/#organization\"},\"potentialAction\":[{\"@type\":\"SearchAction\",\"target\":{\"@type\":\"EntryPoint\",\"urlTemplate\":\"https:\\\/\\\/repliquemangacine.fr\\\/?s={search_term_string}\"},\"query-input\":{\"@type\":\"PropertyValueSpecification\",\"valueRequired\":true,\"valueName\":\"search_term_string\"}}],\"inLanguage\":\"es\"},{\"@type\":\"Organization\",\"@id\":\"https:\\\/\\\/repliquemangacine.fr\\\/#organization\",\"name\":\"R\u00e9plique Manga Cin\u00e9\",\"url\":\"https:\\\/\\\/repliquemangacine.fr\\\/\",\"logo\":{\"@type\":\"ImageObject\",\"inLanguage\":\"es\",\"@id\":\"https:\\\/\\\/repliquemangacine.fr\\\/#\\\/schema\\\/logo\\\/image\\\/\",\"url\":\"https:\\\/\\\/repliquemangacine.fr\\\/wp-content\\\/uploads\\\/2023\\\/10\\\/RMC-500250.png\",\"contentUrl\":\"https:\\\/\\\/repliquemangacine.fr\\\/wp-content\\\/uploads\\\/2023\\\/10\\\/RMC-500250.png\",\"width\":500,\"height\":250,\"caption\":\"R\u00e9plique Manga Cin\u00e9\"},\"image\":{\"@id\":\"https:\\\/\\\/repliquemangacine.fr\\\/#\\\/schema\\\/logo\\\/image\\\/\"},\"sameAs\":[\"https:\\\/\\\/www.facebook.com\\\/RepliqueMangaCine\",\"https:\\\/\\\/www.instagram.com\\\/repliquemangacine.fr\\\/\"]}]}<\/script>\n<!-- \/ Yoast SEO plugin. -->","yoast_head_json":{"title":"Casco Robert Bruce - Venta en l\u00ednea - R\u00e9plique Manga Cin\u00e9","description":"Descubra el sublime casco Robert Bruce al mejor precio - Fabricado en acero de 1,6 mm - Corona de lat\u00f3n - Interior de cuero - Barboquejo de cuero ajustable. H 25cm","robots":{"index":"index","follow":"follow","max-snippet":"max-snippet:-1","max-image-preview":"max-image-preview:large","max-video-preview":"max-video-preview:-1"},"canonical":"https:\/\/repliquemangacine.fr\/es\/casco-casco-caballero-templario\/robert-bruce-casco\/","og_locale":"es_ES","og_type":"article","og_title":"Casque de Robert Bruce - Vente en ligne - R\u00e9plique Manga Cin\u00e9","og_description":"D\u00e9couvrez le sublime Casque de Robert Bruce au meilleur prix - En acier de 1.6mm - Couronne en laiton - Int\u00e9rieur cuir - Jugulaire r\u00e9glable en cuir. H 25cm","og_url":"https:\/\/repliquemangacine.fr\/es\/casco-casco-caballero-templario\/robert-bruce-casco\/","og_site_name":"R\u00e9plique Manga Cin\u00e9","article_publisher":"https:\/\/www.facebook.com\/RepliqueMangaCine","article_modified_time":"2025-11-21T11:46:03+00:00","og_image":[{"width":500,"height":500,"url":"https:\/\/repliquemangacine.fr\/wp-content\/uploads\/2023\/10\/Casque-de-Robert-Bruce.jpg","type":"image\/jpeg"}],"twitter_card":"summary_large_image","twitter_misc":{"Tiempo de lectura":"3 minutos"},"schema":{"@context":"https:\/\/schema.org","@graph":[{"@type":"WebPage","@id":"https:\/\/repliquemangacine.fr\/heaume-casque-chevalier-templier\/casque-de-robert-bruce\/","url":"https:\/\/repliquemangacine.fr\/heaume-casque-chevalier-templier\/casque-de-robert-bruce\/","name":"Casco Robert Bruce - Venta en l\u00ednea - R\u00e9plique Manga Cin\u00e9","isPartOf":{"@id":"https:\/\/repliquemangacine.fr\/#website"},"primaryImageOfPage":{"@id":"https:\/\/repliquemangacine.fr\/heaume-casque-chevalier-templier\/casque-de-robert-bruce\/#primaryimage"},"image":{"@id":"https:\/\/repliquemangacine.fr\/heaume-casque-chevalier-templier\/casque-de-robert-bruce\/#primaryimage"},"thumbnailUrl":"https:\/\/repliquemangacine.fr\/wp-content\/uploads\/2023\/10\/Casque-de-Robert-Bruce.jpg","datePublished":"2023-05-09T11:25:03+00:00","dateModified":"2025-11-21T11:46:03+00:00","description":"Descubra el sublime casco Robert Bruce al mejor precio - Fabricado en acero de 1,6 mm - Corona de lat\u00f3n - Interior de cuero - Barboquejo de cuero ajustable. H 25cm","breadcrumb":{"@id":"https:\/\/repliquemangacine.fr\/heaume-casque-chevalier-templier\/casque-de-robert-bruce\/#breadcrumb"},"inLanguage":"es","potentialAction":[{"@type":"ReadAction","target":["https:\/\/repliquemangacine.fr\/heaume-casque-chevalier-templier\/casque-de-robert-bruce\/"]}]},{"@type":"ImageObject","inLanguage":"es","@id":"https:\/\/repliquemangacine.fr\/heaume-casque-chevalier-templier\/casque-de-robert-bruce\/#primaryimage","url":"https:\/\/repliquemangacine.fr\/wp-content\/uploads\/2023\/10\/Casque-de-Robert-Bruce.jpg","contentUrl":"https:\/\/repliquemangacine.fr\/wp-content\/uploads\/2023\/10\/Casque-de-Robert-Bruce.jpg","width":500,"height":500,"caption":"Casque-de-Robert-Bruce"},{"@type":"BreadcrumbList","@id":"https:\/\/repliquemangacine.fr\/heaume-casque-chevalier-templier\/casque-de-robert-bruce\/#breadcrumb","itemListElement":[{"@type":"ListItem","position":1,"name":"Accueil","item":"https:\/\/repliquemangacine.fr\/"},{"@type":"ListItem","position":2,"name":"Produits","item":"https:\/\/repliquemangacine.fr\/boutique\/"},{"@type":"ListItem","position":3,"name":"Casque de Robert Bruce"}]},{"@type":"WebSite","@id":"https:\/\/repliquemangacine.fr\/#website","url":"https:\/\/repliquemangacine.fr\/","name":"R\u00e9plique Manga Cin\u00e9","description":"","publisher":{"@id":"https:\/\/repliquemangacine.fr\/#organization"},"potentialAction":[{"@type":"SearchAction","target":{"@type":"EntryPoint","urlTemplate":"https:\/\/repliquemangacine.fr\/?s={search_term_string}"},"query-input":{"@type":"PropertyValueSpecification","valueRequired":true,"valueName":"search_term_string"}}],"inLanguage":"es"},{"@type":"Organization","@id":"https:\/\/repliquemangacine.fr\/#organization","name":"R\u00e9plique Manga Cin\u00e9","url":"https:\/\/repliquemangacine.fr\/","logo":{"@type":"ImageObject","inLanguage":"es","@id":"https:\/\/repliquemangacine.fr\/#\/schema\/logo\/image\/","url":"https:\/\/repliquemangacine.fr\/wp-content\/uploads\/2023\/10\/RMC-500250.png","contentUrl":"https:\/\/repliquemangacine.fr\/wp-content\/uploads\/2023\/10\/RMC-500250.png","width":500,"height":250,"caption":"R\u00e9plique Manga Cin\u00e9"},"image":{"@id":"https:\/\/repliquemangacine.fr\/#\/schema\/logo\/image\/"},"sameAs":["https:\/\/www.facebook.com\/RepliqueMangaCine","https:\/\/www.instagram.com\/repliquemangacine.fr\/"]}]}},"_links":{"self":[{"href":"https:\/\/repliquemangacine.fr\/es\/wp-json\/wp\/v2\/product\/60106","targetHints":{"allow":["GET"]}}],"collection":[{"href":"https:\/\/repliquemangacine.fr\/es\/wp-json\/wp\/v2\/product"}],"about":[{"href":"https:\/\/repliquemangacine.fr\/es\/wp-json\/wp\/v2\/types\/product"}],"wp:featuredmedia":[{"embeddable":true,"href":"https:\/\/repliquemangacine.fr\/es\/wp-json\/wp\/v2\/media\/60107"}],"wp:attachment":[{"href":"https:\/\/repliquemangacine.fr\/es\/wp-json\/wp\/v2\/media?parent=60106"}],"wp:term":[{"taxonomy":"product_brand","embeddable":true,"href":"https:\/\/repliquemangacine.fr\/es\/wp-json\/wp\/v2\/product_brand?post=60106"},{"taxonomy":"product_cat","embeddable":true,"href":"https:\/\/repliquemangacine.fr\/es\/wp-json\/wp\/v2\/product_cat?post=60106"},{"taxonomy":"product_tag","embeddable":true,"href":"https:\/\/repliquemangacine.fr\/es\/wp-json\/wp\/v2\/product_tag?post=60106"}],"curies":[{"name":"wp","href":"https:\/\/api.w.org\/{rel}","templated":true}]}}