





{"id":60085,"date":"2023-05-09T10:26:26","date_gmt":"2023-05-09T08:26:26","guid":{"rendered":"https:\/\/repliquemangacine.fr\/?post_type=product&#038;p=60085"},"modified":"2025-11-21T12:48:30","modified_gmt":"2025-11-21T11:48:30","slug":"espada-vikinga-con-empunadura-de-bronce","status":"publish","type":"product","link":"https:\/\/repliquemangacine.fr\/es\/epees-serie-tv-vikings\/epee-viking-poignee-bronze\/","title":{"rendered":"Espada vikinga con empu\u00f1adura de bronce"},"content":{"rendered":"<h2>Espada vikinga con empu\u00f1adura de bronce<\/h2>\n<p>Para empezar, este <strong>Espada vikinga con empu\u00f1adura de bronce<\/strong>, presenta el aspecto t\u00edpico de una espada vikinga tipo D. R\u00e9plica de un hallazgo procedente de la isla escocesa de Eigg.<\/p>\n<p>Esta espada viking tiene una hoja roma de acero al carbono con doble filo y amplia ranura. La empu\u00f1adura est\u00e1 finamente trabajada, y el elemento de defensa y el pomo son de bronce, fundido con la forma t\u00edpica de esta espada.<\/p>\n<p>La vaina es de madera recubierta de cuero. La guarda, la boca y el estribo que sirve de pasador para el cintur\u00f3n tambi\u00e9n son de bronce y est\u00e1n ricamente decorados.<\/p>\n<p>Esta r\u00e9plica aparece en la serie <a href=\"https:\/\/vikings.fandom.com\/fr\/wiki\/Vikings:_Valhalla\" target=\"_blank\" rel=\"noopener noreferrer\">El Valhalla vikingo<\/a> en manos de Harald Sigurdsson.<\/p>\n<h2>Tu Espada vikinga empu\u00f1adura de bronce al mejor precio<\/h2>\n<p>Le ofrecemos una amplia selecci\u00f3n de espadas hist\u00f3ricas vikingas.<\/p>\n<p>Lo primero y m\u00e1s importante,<\/p>\n<ul>\n<li>El famoso <a href=\"https:\/\/repliquemangacine.fr\/es\/espadas-serie-vikingos\/replica-de-la-espada-del-rey-ragnar-lothbrok-de-la-serie-de-tv-vikingos\/\">La espada de Ragnar Lothbrok<\/a> en la serie Vikings<\/li>\n<li>Tambi\u00e9n existe la<a href=\"https:\/\/repliquemangacine.fr\/es\/espadas-serie-vikingos\/vikingos-lagertha-espada\/\">La espada de Lagertha<\/a> esposa de Ragnar<\/li>\n<li>As\u00ed como <a href=\"https:\/\/repliquemangacine.fr\/es\/assassins-creed-espadas-assassins-creed-armas\/hachas-assassins-creed-valhalla\/\">dos ejes<\/a> usado por Eivor en Assassin's Creed Valhalla.<\/li>\n<li>Y mucho m\u00e1s por descubrir en nuestra tienda en l\u00ednea.<\/li>\n<\/ul>\n<p>Por eso, aqu\u00ed tienes unas ideas fant\u00e1sticas para regalar a todos los fans de los vikingos.<\/p>\n<p>En conclusi\u00f3n, puede utilizar esta <strong>Espada vikinga con empu\u00f1adura de bronce<\/strong> para sus recreaciones hist\u00f3ricas. Pero, sobre todo, es una pieza de coleccionista y una pieza decorativa.<\/p>\n<h2>\u00bfC\u00f3mo mantengo la hoja de mi espada?<\/h2>\n<p>Las espadas de colecci\u00f3n y decorativas se fabrican y ensamblan de forma simplificada. Como su uso es decorativo, no cuentan con los elementos de seguridad necesarios para una espada japonesa destinada al entrenamiento.<\/p>\n<p>Sin embargo, su <strong>Espada vikinga con empu\u00f1adura de bronce<\/strong> a una hoja de acero que hay que mantener para evitar que se da\u00f1e con el tiempo. Cuando muestres tu espada, tus amigos sentir\u00e1n curiosidad por ver la hoja y tocarla. Aqu\u00ed es donde hay que tener cuidado, porque la acidez de los dedos es muy perjudicial para el acero, sea cual sea su calidad.<\/p>\n<p>Sin embargo, si esto ocurre, no te asustes, todo lo que necesitas es un pa\u00f1o humedecido con un poco de aceite y limpiar las huellas dactilares. Si haces esto, tu espada durar\u00e1 mucho tiempo.<\/p>","protected":false},"excerpt":{"rendered":"<p>Espada vikinga tipo D<\/p>\n<ul>\n<li>Hoja de acero al carbono<\/li>\n<li>Empu\u00f1adura, empu\u00f1adura y pomo de bronce.<\/li>\n<li>Vaina de madera recubierta de cuero con decoraci\u00f3n de bronce.<\/li>\n<li>Longitud de la hoja: 80 cm - Longitud total: 97 cm - Peso: 1650 g<\/li>\n<\/ul>","protected":false},"featured_media":60086,"template":"","meta":[],"product_brand":[896],"product_cat":[25,112,24,103,57],"product_tag":[],"class_list":{"0":"post-60085","1":"product","2":"type-product","3":"status-publish","4":"has-post-thumbnail","6":"product_brand-replique-manga-cine","7":"product_cat-armes-historiques","8":"product_cat-epees-serie-tv-vikings","9":"product_cat-films-series-tv-vente-de-katana-epee-et-produits-derives","10":"product_cat-armes-et-accessoires-vikings","11":"product_cat-armes-vikings","13":"first","14":"instock","15":"taxable","16":"shipping-taxable","17":"purchasable","18":"product-type-simple"},"yoast_head":"<!-- This site is optimized with the Yoast SEO plugin v27.4 - https:\/\/yoast.com\/product\/yoast-seo-wordpress\/ -->\n<title>Ep\u00e9e Viking poign\u00e9e bronze - Vente en ligne- R\u00e9plique Manga Cin\u00e9<\/title>\n<meta name=\"description\" content=\"D\u00e9couvrez cette Ep\u00e9e Viking poign\u00e9e bronze au meilleur prix. Lame en acier carbone - Poign\u00e9e, garde et pommeau en bronze - Fourreau cuir - Longueur : 97 cm\" \/>\n<meta name=\"robots\" content=\"index, follow, max-snippet:-1, max-image-preview:large, max-video-preview:-1\" \/>\n<link rel=\"canonical\" href=\"https:\/\/repliquemangacine.fr\/es\/espadas-serie-vikingos\/espada-vikinga-con-empunadura-de-bronce\/\" \/>\n<meta property=\"og:locale\" content=\"es_ES\" \/>\n<meta property=\"og:type\" content=\"article\" \/>\n<meta property=\"og:title\" content=\"Ep\u00e9e Viking poign\u00e9e bronze - Vente en ligne- R\u00e9plique Manga Cin\u00e9\" \/>\n<meta property=\"og:description\" content=\"D\u00e9couvrez cette Ep\u00e9e Viking poign\u00e9e bronze au meilleur prix. Lame en acier carbone - Poign\u00e9e, garde et pommeau en bronze - Fourreau cuir - Longueur : 97 cm\" \/>\n<meta property=\"og:url\" content=\"https:\/\/repliquemangacine.fr\/es\/espadas-serie-vikingos\/espada-vikinga-con-empunadura-de-bronce\/\" \/>\n<meta property=\"og:site_name\" content=\"R\u00e9plique Manga Cin\u00e9\" \/>\n<meta property=\"article:publisher\" content=\"https:\/\/www.facebook.com\/RepliqueMangaCine\" \/>\n<meta property=\"article:modified_time\" content=\"2025-11-21T11:48:30+00:00\" \/>\n<meta property=\"og:image\" content=\"https:\/\/repliquemangacine.fr\/wp-content\/uploads\/2023\/10\/Epee-Viking-poignee-bronze.jpg\" \/>\n\t<meta property=\"og:image:width\" content=\"500\" \/>\n\t<meta property=\"og:image:height\" content=\"500\" \/>\n\t<meta property=\"og:image:type\" content=\"image\/jpeg\" \/>\n<meta name=\"twitter:card\" content=\"summary_large_image\" \/>\n<meta name=\"twitter:label1\" content=\"Tiempo de lectura\" \/>\n\t<meta name=\"twitter:data1\" content=\"2 minutos\" \/>\n<script type=\"application\/ld+json\" class=\"yoast-schema-graph\">{\"@context\":\"https:\\\/\\\/schema.org\",\"@graph\":[{\"@type\":\"WebPage\",\"@id\":\"https:\\\/\\\/repliquemangacine.fr\\\/epees-serie-tv-vikings\\\/epee-viking-poignee-bronze\\\/\",\"url\":\"https:\\\/\\\/repliquemangacine.fr\\\/epees-serie-tv-vikings\\\/epee-viking-poignee-bronze\\\/\",\"name\":\"Ep\u00e9e Viking poign\u00e9e bronze - Vente en ligne- R\u00e9plique Manga Cin\u00e9\",\"isPartOf\":{\"@id\":\"https:\\\/\\\/repliquemangacine.fr\\\/#website\"},\"primaryImageOfPage\":{\"@id\":\"https:\\\/\\\/repliquemangacine.fr\\\/epees-serie-tv-vikings\\\/epee-viking-poignee-bronze\\\/#primaryimage\"},\"image\":{\"@id\":\"https:\\\/\\\/repliquemangacine.fr\\\/epees-serie-tv-vikings\\\/epee-viking-poignee-bronze\\\/#primaryimage\"},\"thumbnailUrl\":\"https:\\\/\\\/repliquemangacine.fr\\\/wp-content\\\/uploads\\\/2023\\\/10\\\/Epee-Viking-poignee-bronze.jpg\",\"datePublished\":\"2023-05-09T08:26:26+00:00\",\"dateModified\":\"2025-11-21T11:48:30+00:00\",\"description\":\"D\u00e9couvrez cette Ep\u00e9e Viking poign\u00e9e bronze au meilleur prix. Lame en acier carbone - Poign\u00e9e, garde et pommeau en bronze - Fourreau cuir - Longueur : 97 cm\",\"breadcrumb\":{\"@id\":\"https:\\\/\\\/repliquemangacine.fr\\\/epees-serie-tv-vikings\\\/epee-viking-poignee-bronze\\\/#breadcrumb\"},\"inLanguage\":\"es\",\"potentialAction\":[{\"@type\":\"ReadAction\",\"target\":[\"https:\\\/\\\/repliquemangacine.fr\\\/epees-serie-tv-vikings\\\/epee-viking-poignee-bronze\\\/\"]}]},{\"@type\":\"ImageObject\",\"inLanguage\":\"es\",\"@id\":\"https:\\\/\\\/repliquemangacine.fr\\\/epees-serie-tv-vikings\\\/epee-viking-poignee-bronze\\\/#primaryimage\",\"url\":\"https:\\\/\\\/repliquemangacine.fr\\\/wp-content\\\/uploads\\\/2023\\\/10\\\/Epee-Viking-poignee-bronze.jpg\",\"contentUrl\":\"https:\\\/\\\/repliquemangacine.fr\\\/wp-content\\\/uploads\\\/2023\\\/10\\\/Epee-Viking-poignee-bronze.jpg\",\"width\":500,\"height\":500,\"caption\":\"Ep\u00e9e Viking poign\u00e9e bronze\"},{\"@type\":\"BreadcrumbList\",\"@id\":\"https:\\\/\\\/repliquemangacine.fr\\\/epees-serie-tv-vikings\\\/epee-viking-poignee-bronze\\\/#breadcrumb\",\"itemListElement\":[{\"@type\":\"ListItem\",\"position\":1,\"name\":\"Accueil\",\"item\":\"https:\\\/\\\/repliquemangacine.fr\\\/\"},{\"@type\":\"ListItem\",\"position\":2,\"name\":\"Produits\",\"item\":\"https:\\\/\\\/repliquemangacine.fr\\\/boutique\\\/\"},{\"@type\":\"ListItem\",\"position\":3,\"name\":\"Ep\u00e9e Viking poign\u00e9e bronze\"}]},{\"@type\":\"WebSite\",\"@id\":\"https:\\\/\\\/repliquemangacine.fr\\\/#website\",\"url\":\"https:\\\/\\\/repliquemangacine.fr\\\/\",\"name\":\"R\u00e9plique Manga Cin\u00e9\",\"description\":\"\",\"publisher\":{\"@id\":\"https:\\\/\\\/repliquemangacine.fr\\\/#organization\"},\"potentialAction\":[{\"@type\":\"SearchAction\",\"target\":{\"@type\":\"EntryPoint\",\"urlTemplate\":\"https:\\\/\\\/repliquemangacine.fr\\\/?s={search_term_string}\"},\"query-input\":{\"@type\":\"PropertyValueSpecification\",\"valueRequired\":true,\"valueName\":\"search_term_string\"}}],\"inLanguage\":\"es\"},{\"@type\":\"Organization\",\"@id\":\"https:\\\/\\\/repliquemangacine.fr\\\/#organization\",\"name\":\"R\u00e9plique Manga Cin\u00e9\",\"url\":\"https:\\\/\\\/repliquemangacine.fr\\\/\",\"logo\":{\"@type\":\"ImageObject\",\"inLanguage\":\"es\",\"@id\":\"https:\\\/\\\/repliquemangacine.fr\\\/#\\\/schema\\\/logo\\\/image\\\/\",\"url\":\"https:\\\/\\\/repliquemangacine.fr\\\/wp-content\\\/uploads\\\/2023\\\/10\\\/RMC-500250.png\",\"contentUrl\":\"https:\\\/\\\/repliquemangacine.fr\\\/wp-content\\\/uploads\\\/2023\\\/10\\\/RMC-500250.png\",\"width\":500,\"height\":250,\"caption\":\"R\u00e9plique Manga Cin\u00e9\"},\"image\":{\"@id\":\"https:\\\/\\\/repliquemangacine.fr\\\/#\\\/schema\\\/logo\\\/image\\\/\"},\"sameAs\":[\"https:\\\/\\\/www.facebook.com\\\/RepliqueMangaCine\",\"https:\\\/\\\/www.instagram.com\\\/repliquemangacine.fr\\\/\"]}]}<\/script>\n<!-- \/ Yoast SEO plugin. -->","yoast_head_json":{"title":"Espada vikinga con empu\u00f1adura de bronce - Venta on-line- R\u00e9plique Manga Cin\u00e9","description":"Descubre esta espada vikinga con empu\u00f1adura de bronce al mejor precio. Hoja de acero al carbono - Empu\u00f1adura, guarda y pomo de bronce - Vaina de cuero - Longitud: 97 cm.","robots":{"index":"index","follow":"follow","max-snippet":"max-snippet:-1","max-image-preview":"max-image-preview:large","max-video-preview":"max-video-preview:-1"},"canonical":"https:\/\/repliquemangacine.fr\/es\/espadas-serie-vikingos\/espada-vikinga-con-empunadura-de-bronce\/","og_locale":"es_ES","og_type":"article","og_title":"Ep\u00e9e Viking poign\u00e9e bronze - Vente en ligne- R\u00e9plique Manga Cin\u00e9","og_description":"D\u00e9couvrez cette Ep\u00e9e Viking poign\u00e9e bronze au meilleur prix. Lame en acier carbone - Poign\u00e9e, garde et pommeau en bronze - Fourreau cuir - Longueur : 97 cm","og_url":"https:\/\/repliquemangacine.fr\/es\/espadas-serie-vikingos\/espada-vikinga-con-empunadura-de-bronce\/","og_site_name":"R\u00e9plique Manga Cin\u00e9","article_publisher":"https:\/\/www.facebook.com\/RepliqueMangaCine","article_modified_time":"2025-11-21T11:48:30+00:00","og_image":[{"width":500,"height":500,"url":"https:\/\/repliquemangacine.fr\/wp-content\/uploads\/2023\/10\/Epee-Viking-poignee-bronze.jpg","type":"image\/jpeg"}],"twitter_card":"summary_large_image","twitter_misc":{"Tiempo de lectura":"2 minutos"},"schema":{"@context":"https:\/\/schema.org","@graph":[{"@type":"WebPage","@id":"https:\/\/repliquemangacine.fr\/epees-serie-tv-vikings\/epee-viking-poignee-bronze\/","url":"https:\/\/repliquemangacine.fr\/epees-serie-tv-vikings\/epee-viking-poignee-bronze\/","name":"Espada vikinga con empu\u00f1adura de bronce - Venta on-line- R\u00e9plique Manga Cin\u00e9","isPartOf":{"@id":"https:\/\/repliquemangacine.fr\/#website"},"primaryImageOfPage":{"@id":"https:\/\/repliquemangacine.fr\/epees-serie-tv-vikings\/epee-viking-poignee-bronze\/#primaryimage"},"image":{"@id":"https:\/\/repliquemangacine.fr\/epees-serie-tv-vikings\/epee-viking-poignee-bronze\/#primaryimage"},"thumbnailUrl":"https:\/\/repliquemangacine.fr\/wp-content\/uploads\/2023\/10\/Epee-Viking-poignee-bronze.jpg","datePublished":"2023-05-09T08:26:26+00:00","dateModified":"2025-11-21T11:48:30+00:00","description":"Descubre esta espada vikinga con empu\u00f1adura de bronce al mejor precio. Hoja de acero al carbono - Empu\u00f1adura, guarda y pomo de bronce - Vaina de cuero - Longitud: 97 cm.","breadcrumb":{"@id":"https:\/\/repliquemangacine.fr\/epees-serie-tv-vikings\/epee-viking-poignee-bronze\/#breadcrumb"},"inLanguage":"es","potentialAction":[{"@type":"ReadAction","target":["https:\/\/repliquemangacine.fr\/epees-serie-tv-vikings\/epee-viking-poignee-bronze\/"]}]},{"@type":"ImageObject","inLanguage":"es","@id":"https:\/\/repliquemangacine.fr\/epees-serie-tv-vikings\/epee-viking-poignee-bronze\/#primaryimage","url":"https:\/\/repliquemangacine.fr\/wp-content\/uploads\/2023\/10\/Epee-Viking-poignee-bronze.jpg","contentUrl":"https:\/\/repliquemangacine.fr\/wp-content\/uploads\/2023\/10\/Epee-Viking-poignee-bronze.jpg","width":500,"height":500,"caption":"Ep\u00e9e Viking poign\u00e9e bronze"},{"@type":"BreadcrumbList","@id":"https:\/\/repliquemangacine.fr\/epees-serie-tv-vikings\/epee-viking-poignee-bronze\/#breadcrumb","itemListElement":[{"@type":"ListItem","position":1,"name":"Accueil","item":"https:\/\/repliquemangacine.fr\/"},{"@type":"ListItem","position":2,"name":"Produits","item":"https:\/\/repliquemangacine.fr\/boutique\/"},{"@type":"ListItem","position":3,"name":"Ep\u00e9e Viking poign\u00e9e bronze"}]},{"@type":"WebSite","@id":"https:\/\/repliquemangacine.fr\/#website","url":"https:\/\/repliquemangacine.fr\/","name":"R\u00e9plique Manga Cin\u00e9","description":"","publisher":{"@id":"https:\/\/repliquemangacine.fr\/#organization"},"potentialAction":[{"@type":"SearchAction","target":{"@type":"EntryPoint","urlTemplate":"https:\/\/repliquemangacine.fr\/?s={search_term_string}"},"query-input":{"@type":"PropertyValueSpecification","valueRequired":true,"valueName":"search_term_string"}}],"inLanguage":"es"},{"@type":"Organization","@id":"https:\/\/repliquemangacine.fr\/#organization","name":"R\u00e9plique Manga Cin\u00e9","url":"https:\/\/repliquemangacine.fr\/","logo":{"@type":"ImageObject","inLanguage":"es","@id":"https:\/\/repliquemangacine.fr\/#\/schema\/logo\/image\/","url":"https:\/\/repliquemangacine.fr\/wp-content\/uploads\/2023\/10\/RMC-500250.png","contentUrl":"https:\/\/repliquemangacine.fr\/wp-content\/uploads\/2023\/10\/RMC-500250.png","width":500,"height":250,"caption":"R\u00e9plique Manga Cin\u00e9"},"image":{"@id":"https:\/\/repliquemangacine.fr\/#\/schema\/logo\/image\/"},"sameAs":["https:\/\/www.facebook.com\/RepliqueMangaCine","https:\/\/www.instagram.com\/repliquemangacine.fr\/"]}]}},"_links":{"self":[{"href":"https:\/\/repliquemangacine.fr\/es\/wp-json\/wp\/v2\/product\/60085","targetHints":{"allow":["GET"]}}],"collection":[{"href":"https:\/\/repliquemangacine.fr\/es\/wp-json\/wp\/v2\/product"}],"about":[{"href":"https:\/\/repliquemangacine.fr\/es\/wp-json\/wp\/v2\/types\/product"}],"wp:featuredmedia":[{"embeddable":true,"href":"https:\/\/repliquemangacine.fr\/es\/wp-json\/wp\/v2\/media\/60086"}],"wp:attachment":[{"href":"https:\/\/repliquemangacine.fr\/es\/wp-json\/wp\/v2\/media?parent=60085"}],"wp:term":[{"taxonomy":"product_brand","embeddable":true,"href":"https:\/\/repliquemangacine.fr\/es\/wp-json\/wp\/v2\/product_brand?post=60085"},{"taxonomy":"product_cat","embeddable":true,"href":"https:\/\/repliquemangacine.fr\/es\/wp-json\/wp\/v2\/product_cat?post=60085"},{"taxonomy":"product_tag","embeddable":true,"href":"https:\/\/repliquemangacine.fr\/es\/wp-json\/wp\/v2\/product_tag?post=60085"}],"curies":[{"name":"wp","href":"https:\/\/api.w.org\/{rel}","templated":true}]}}