





{"id":59779,"date":"2023-04-19T14:50:29","date_gmt":"2023-04-19T12:50:29","guid":{"rendered":"https:\/\/repliquemangacine.fr\/?post_type=product&#038;p=59779"},"modified":"2026-04-03T14:49:48","modified_gmt":"2026-04-03T12:49:48","slug":"martillo-thor-con-base","status":"publish","type":"product","link":"https:\/\/repliquemangacine.fr\/es\/super-heros-marvel\/marteau-de-thor-avec-socle\/","title":{"rendered":"Martillo de Thor con base"},"content":{"rendered":"<h2>Martillo de Thor con base<\/h2>\n<p>Para empezar, el <strong>Martillo de Thor con base<\/strong> Mjolnir, poderoso martillo de guerra encantado forjado por los enanos para la familia real asgardiana.<\/p>\n<p>A Thor se le ha confiado el poderoso martillo Mjolnir, que fue \u201cforjado en el coraz\u00f3n de una estrella moribunda\u201d. El martillo m\u00edstico de Thor, Mj\u00f8lnir, se parece m\u00e1s a un mazo que a un martillo de guerra.<\/p>\n<p>Cuando Steve Rogers manej\u00f3 <a href=\"https:\/\/universcinematographiquemarvel.fandom.com\/fr\/wiki\/Mj\u00f8lnir#Capacit\u00e9s\" target=\"_blank\" rel=\"noopener noreferrer\">Mj\u00f8lnir<\/a>, esto mejor\u00f3 considerablemente sus capacidades f\u00edsicas, como la fuerza y la resistencia, lo que le permiti\u00f3 luchar contra Thanos en igualdad de condiciones.<\/p>\n<p>De hecho, al utilizarlo, Rogers ha adquirido la capacidad de invocar rayos desde el horizonte circundante. Adem\u00e1s, Mj\u00f8lnir puede extraer electricidad ambiental de la atm\u00f3sfera circundante y redirigirla hacia un objetivo espec\u00edfico.<\/p>\n<h2>Tu Martillo de Thor con base al mejor precio.<\/h2>\n<p>Te ofrecemos una amplia selecci\u00f3n de r\u00e9plicas del universo Marvel.<\/p>\n<p>Lo primero y m\u00e1s importante,<\/p>\n<ul>\n<li>La r\u00e9plica a tama\u00f1o real del <a href=\"https:\/\/repliquemangacine.fr\/es\/superheroes\/stormbreaker-hache-marteau-de-thor\/\">Stormbreaker<\/a> (hacha martillo) utilizada por Thor en la pel\u00edcula Vengadores, Infinity War.<\/li>\n<li>Tambi\u00e9n existe la <a href=\"https:\/\/repliquemangacine.fr\/es\/superheroes\/el-baston-del-escuadron-suicida-del-joker\/\">Bast\u00f3n Joker<\/a> en Escuadr\u00f3n Suicida con su pedrer\u00eda en el mango.<\/li>\n<li>Adem\u00e1s de un llavero r\u00e9plica del Dr. Extra\u00f1o el<a href=\"https:\/\/repliquemangacine.fr\/es\/superheroes\/llavero-ojo-dagamotto-dr-strange\/\">Ojo de Agamotto<\/a> en Vengadores.<\/li>\n<li>Y muchos m\u00e1s por descubrir en nuestra tienda en l\u00ednea.<\/li>\n<\/ul>\n<p>Por eso, aqu\u00ed tienes una idea genial para regalar a todos los fans de los superh\u00e9roes de Marvel.<\/p>\n<p>En conclusi\u00f3n, puede utilizar el <strong>El martillo de Thor<\/strong> <strong>con base<\/strong> Mjolnir para tus espect\u00e1culos de cosplay. Pero, sobre todo, es una pieza de coleccionista y decoraci\u00f3n.<\/p>\n<h2>\u00bfC\u00f3mo se fabrican nuestros productos Avengers Marvel?<\/h2>\n<p>Para empezar, todos nuestros productos derivados son de alta calidad y est\u00e1n fabricados con especial minuciosidad. De hecho, su fabricaci\u00f3n se realiza en parte de forma manual para reproducir hasta el m\u00e1s m\u00ednimo detalle. Las partes m\u00e1s importantes se mecanizan con m\u00e1quinas de gran precisi\u00f3n. Los grabados se realizan generalmente con una punta de diamante o con l\u00e1ser.<\/p>\n<p>Su <strong>El martillo de Thor<\/strong> <strong>con base<\/strong> Ha sido fabricado para reproducir con exactitud todos los detalles. Fabricado \u00edntegramente en resina moldeada de alta calidad. Masa finamente grabada y cincelada por todos los lados.<\/p>\n<p>En conclusi\u00f3n, nuestras r\u00e9plicas, importadas de China o Espa\u00f1a, \u00a1le sorprender\u00e1n!<\/p>\n<p>R\u00e9plique Manga Cin\u00e9 es una empresa familiar francesa.<\/p>","protected":false},"excerpt":{"rendered":"<p>R\u00e9plica del Martillo de Thor del Universo Marvel.<\/p>\n<ul>\n<li>Fabricado \u00edntegramente en resina de alta calidad.<\/li>\n<li>Una masa de notable acabado.<\/li>\n<li>Efecto roto con detalles azules.<\/li>\n<li>Grabados en la cabeza.<\/li>\n<li>Mango de resina decorado.<\/li>\n<li>Soporte de resina.<\/li>\n<li>Dimensiones: 55 cm (Largo) x 32 cm (Ancho) x 16 cm (Fondo)<\/li>\n<li>Peso: 3155 g<\/li>\n<\/ul>","protected":false},"featured_media":59780,"template":"","meta":[],"product_brand":[896],"product_cat":[24,59],"product_tag":[],"class_list":{"0":"post-59779","1":"product","2":"type-product","3":"status-publish","4":"has-post-thumbnail","6":"product_brand-replique-manga-cine","7":"product_cat-films-series-tv-vente-de-katana-epee-et-produits-derives","8":"product_cat-super-heros-marvel","10":"first","11":"instock","12":"taxable","13":"shipping-taxable","14":"purchasable","15":"product-type-simple"},"yoast_head":"<!-- This site is optimized with the Yoast SEO plugin v27.5 - https:\/\/yoast.com\/product\/yoast-seo-wordpress\/ -->\n<title>Marteau de Thor avec socle - Avengers - R\u00e9plique Manga Cin\u00e9<\/title>\n<meta name=\"description\" content=\"Offrez-vous ce splendide Marteau de thor avec socle au meilleur prix - Tout en r\u00e9sine - Effet cass\u00e9 de couleur bleu - Socle inclus - Hauteur : 55 cm\" \/>\n<meta name=\"robots\" content=\"index, follow, max-snippet:-1, max-image-preview:large, max-video-preview:-1\" \/>\n<link rel=\"canonical\" href=\"https:\/\/repliquemangacine.fr\/es\/superheroes-marvel\/martillo-thor-con-base\/\" \/>\n<meta property=\"og:locale\" content=\"es_ES\" \/>\n<meta property=\"og:type\" content=\"article\" \/>\n<meta property=\"og:title\" content=\"Marteau de Thor avec socle - Avengers - R\u00e9plique Manga Cin\u00e9\" \/>\n<meta property=\"og:description\" content=\"Offrez-vous ce splendide Marteau de thor avec socle au meilleur prix - Tout en r\u00e9sine - Effet cass\u00e9 de couleur bleu - Socle inclus - Hauteur : 55 cm\" \/>\n<meta property=\"og:url\" content=\"https:\/\/repliquemangacine.fr\/es\/superheroes-marvel\/martillo-thor-con-base\/\" \/>\n<meta property=\"og:site_name\" content=\"R\u00e9plique Manga Cin\u00e9\" \/>\n<meta property=\"article:publisher\" content=\"https:\/\/www.facebook.com\/RepliqueMangaCine\" \/>\n<meta property=\"article:modified_time\" content=\"2026-04-03T12:49:48+00:00\" \/>\n<meta property=\"og:image\" content=\"https:\/\/repliquemangacine.fr\/wp-content\/uploads\/2023\/10\/marteau-de-Thor-avec-socle.jpg\" \/>\n\t<meta property=\"og:image:width\" content=\"500\" \/>\n\t<meta property=\"og:image:height\" content=\"500\" \/>\n\t<meta property=\"og:image:type\" content=\"image\/jpeg\" \/>\n<meta name=\"twitter:card\" content=\"summary_large_image\" \/>\n<meta name=\"twitter:label1\" content=\"Tiempo de lectura\" \/>\n\t<meta name=\"twitter:data1\" content=\"3 minutos\" \/>\n<script type=\"application\/ld+json\" class=\"yoast-schema-graph\">{\"@context\":\"https:\\\/\\\/schema.org\",\"@graph\":[{\"@type\":\"WebPage\",\"@id\":\"https:\\\/\\\/repliquemangacine.fr\\\/super-heros-marvel\\\/marteau-de-thor-avec-socle\\\/\",\"url\":\"https:\\\/\\\/repliquemangacine.fr\\\/super-heros-marvel\\\/marteau-de-thor-avec-socle\\\/\",\"name\":\"Marteau de Thor avec socle - Avengers - R\u00e9plique Manga Cin\u00e9\",\"isPartOf\":{\"@id\":\"https:\\\/\\\/repliquemangacine.fr\\\/#website\"},\"primaryImageOfPage\":{\"@id\":\"https:\\\/\\\/repliquemangacine.fr\\\/super-heros-marvel\\\/marteau-de-thor-avec-socle\\\/#primaryimage\"},\"image\":{\"@id\":\"https:\\\/\\\/repliquemangacine.fr\\\/super-heros-marvel\\\/marteau-de-thor-avec-socle\\\/#primaryimage\"},\"thumbnailUrl\":\"https:\\\/\\\/repliquemangacine.fr\\\/wp-content\\\/uploads\\\/2023\\\/10\\\/marteau-de-Thor-avec-socle.jpg\",\"datePublished\":\"2023-04-19T12:50:29+00:00\",\"dateModified\":\"2026-04-03T12:49:48+00:00\",\"description\":\"Offrez-vous ce splendide Marteau de thor avec socle au meilleur prix - Tout en r\u00e9sine - Effet cass\u00e9 de couleur bleu - Socle inclus - Hauteur : 55 cm\",\"breadcrumb\":{\"@id\":\"https:\\\/\\\/repliquemangacine.fr\\\/super-heros-marvel\\\/marteau-de-thor-avec-socle\\\/#breadcrumb\"},\"inLanguage\":\"es\",\"potentialAction\":[{\"@type\":\"ReadAction\",\"target\":[\"https:\\\/\\\/repliquemangacine.fr\\\/super-heros-marvel\\\/marteau-de-thor-avec-socle\\\/\"]}]},{\"@type\":\"ImageObject\",\"inLanguage\":\"es\",\"@id\":\"https:\\\/\\\/repliquemangacine.fr\\\/super-heros-marvel\\\/marteau-de-thor-avec-socle\\\/#primaryimage\",\"url\":\"https:\\\/\\\/repliquemangacine.fr\\\/wp-content\\\/uploads\\\/2023\\\/10\\\/marteau-de-Thor-avec-socle.jpg\",\"contentUrl\":\"https:\\\/\\\/repliquemangacine.fr\\\/wp-content\\\/uploads\\\/2023\\\/10\\\/marteau-de-Thor-avec-socle.jpg\",\"width\":500,\"height\":500,\"caption\":\"marteau-de-Thor-avec-socle\"},{\"@type\":\"BreadcrumbList\",\"@id\":\"https:\\\/\\\/repliquemangacine.fr\\\/super-heros-marvel\\\/marteau-de-thor-avec-socle\\\/#breadcrumb\",\"itemListElement\":[{\"@type\":\"ListItem\",\"position\":1,\"name\":\"Accueil\",\"item\":\"https:\\\/\\\/repliquemangacine.fr\\\/\"},{\"@type\":\"ListItem\",\"position\":2,\"name\":\"Produits\",\"item\":\"https:\\\/\\\/repliquemangacine.fr\\\/boutique\\\/\"},{\"@type\":\"ListItem\",\"position\":3,\"name\":\"Marteau de Thor avec socle\"}]},{\"@type\":\"WebSite\",\"@id\":\"https:\\\/\\\/repliquemangacine.fr\\\/#website\",\"url\":\"https:\\\/\\\/repliquemangacine.fr\\\/\",\"name\":\"R\u00e9plique Manga Cin\u00e9\",\"description\":\"\",\"publisher\":{\"@id\":\"https:\\\/\\\/repliquemangacine.fr\\\/#organization\"},\"potentialAction\":[{\"@type\":\"SearchAction\",\"target\":{\"@type\":\"EntryPoint\",\"urlTemplate\":\"https:\\\/\\\/repliquemangacine.fr\\\/?s={search_term_string}\"},\"query-input\":{\"@type\":\"PropertyValueSpecification\",\"valueRequired\":true,\"valueName\":\"search_term_string\"}}],\"inLanguage\":\"es\"},{\"@type\":\"Organization\",\"@id\":\"https:\\\/\\\/repliquemangacine.fr\\\/#organization\",\"name\":\"R\u00e9plique Manga Cin\u00e9\",\"url\":\"https:\\\/\\\/repliquemangacine.fr\\\/\",\"logo\":{\"@type\":\"ImageObject\",\"inLanguage\":\"es\",\"@id\":\"https:\\\/\\\/repliquemangacine.fr\\\/#\\\/schema\\\/logo\\\/image\\\/\",\"url\":\"https:\\\/\\\/repliquemangacine.fr\\\/wp-content\\\/uploads\\\/2023\\\/10\\\/RMC-500250.png\",\"contentUrl\":\"https:\\\/\\\/repliquemangacine.fr\\\/wp-content\\\/uploads\\\/2023\\\/10\\\/RMC-500250.png\",\"width\":500,\"height\":250,\"caption\":\"R\u00e9plique Manga Cin\u00e9\"},\"image\":{\"@id\":\"https:\\\/\\\/repliquemangacine.fr\\\/#\\\/schema\\\/logo\\\/image\\\/\"},\"sameAs\":[\"https:\\\/\\\/www.facebook.com\\\/RepliqueMangaCine\",\"https:\\\/\\\/www.instagram.com\\\/repliquemangacine.fr\\\/\"]}]}<\/script>\n<!-- \/ Yoast SEO plugin. -->","yoast_head_json":{"title":"Martillo de Thor con base - Vengadores - R\u00e9plique Manga Cin\u00e9","description":"Reg\u00e1late este espl\u00e9ndido Martillo Tor\u00e1cico con base al mejor precio - Todo en resina - Efecto azul roto - Base incluida - Altura: 55 cm","robots":{"index":"index","follow":"follow","max-snippet":"max-snippet:-1","max-image-preview":"max-image-preview:large","max-video-preview":"max-video-preview:-1"},"canonical":"https:\/\/repliquemangacine.fr\/es\/superheroes-marvel\/martillo-thor-con-base\/","og_locale":"es_ES","og_type":"article","og_title":"Marteau de Thor avec socle - Avengers - R\u00e9plique Manga Cin\u00e9","og_description":"Offrez-vous ce splendide Marteau de thor avec socle au meilleur prix - Tout en r\u00e9sine - Effet cass\u00e9 de couleur bleu - Socle inclus - Hauteur : 55 cm","og_url":"https:\/\/repliquemangacine.fr\/es\/superheroes-marvel\/martillo-thor-con-base\/","og_site_name":"R\u00e9plique Manga Cin\u00e9","article_publisher":"https:\/\/www.facebook.com\/RepliqueMangaCine","article_modified_time":"2026-04-03T12:49:48+00:00","og_image":[{"width":500,"height":500,"url":"https:\/\/repliquemangacine.fr\/wp-content\/uploads\/2023\/10\/marteau-de-Thor-avec-socle.jpg","type":"image\/jpeg"}],"twitter_card":"summary_large_image","twitter_misc":{"Tiempo de lectura":"3 minutos"},"schema":{"@context":"https:\/\/schema.org","@graph":[{"@type":"WebPage","@id":"https:\/\/repliquemangacine.fr\/super-heros-marvel\/marteau-de-thor-avec-socle\/","url":"https:\/\/repliquemangacine.fr\/super-heros-marvel\/marteau-de-thor-avec-socle\/","name":"Martillo de Thor con base - Vengadores - R\u00e9plique Manga Cin\u00e9","isPartOf":{"@id":"https:\/\/repliquemangacine.fr\/#website"},"primaryImageOfPage":{"@id":"https:\/\/repliquemangacine.fr\/super-heros-marvel\/marteau-de-thor-avec-socle\/#primaryimage"},"image":{"@id":"https:\/\/repliquemangacine.fr\/super-heros-marvel\/marteau-de-thor-avec-socle\/#primaryimage"},"thumbnailUrl":"https:\/\/repliquemangacine.fr\/wp-content\/uploads\/2023\/10\/marteau-de-Thor-avec-socle.jpg","datePublished":"2023-04-19T12:50:29+00:00","dateModified":"2026-04-03T12:49:48+00:00","description":"Reg\u00e1late este espl\u00e9ndido Martillo Tor\u00e1cico con base al mejor precio - Todo en resina - Efecto azul roto - Base incluida - Altura: 55 cm","breadcrumb":{"@id":"https:\/\/repliquemangacine.fr\/super-heros-marvel\/marteau-de-thor-avec-socle\/#breadcrumb"},"inLanguage":"es","potentialAction":[{"@type":"ReadAction","target":["https:\/\/repliquemangacine.fr\/super-heros-marvel\/marteau-de-thor-avec-socle\/"]}]},{"@type":"ImageObject","inLanguage":"es","@id":"https:\/\/repliquemangacine.fr\/super-heros-marvel\/marteau-de-thor-avec-socle\/#primaryimage","url":"https:\/\/repliquemangacine.fr\/wp-content\/uploads\/2023\/10\/marteau-de-Thor-avec-socle.jpg","contentUrl":"https:\/\/repliquemangacine.fr\/wp-content\/uploads\/2023\/10\/marteau-de-Thor-avec-socle.jpg","width":500,"height":500,"caption":"marteau-de-Thor-avec-socle"},{"@type":"BreadcrumbList","@id":"https:\/\/repliquemangacine.fr\/super-heros-marvel\/marteau-de-thor-avec-socle\/#breadcrumb","itemListElement":[{"@type":"ListItem","position":1,"name":"Accueil","item":"https:\/\/repliquemangacine.fr\/"},{"@type":"ListItem","position":2,"name":"Produits","item":"https:\/\/repliquemangacine.fr\/boutique\/"},{"@type":"ListItem","position":3,"name":"Marteau de Thor avec socle"}]},{"@type":"WebSite","@id":"https:\/\/repliquemangacine.fr\/#website","url":"https:\/\/repliquemangacine.fr\/","name":"R\u00e9plique Manga Cin\u00e9","description":"","publisher":{"@id":"https:\/\/repliquemangacine.fr\/#organization"},"potentialAction":[{"@type":"SearchAction","target":{"@type":"EntryPoint","urlTemplate":"https:\/\/repliquemangacine.fr\/?s={search_term_string}"},"query-input":{"@type":"PropertyValueSpecification","valueRequired":true,"valueName":"search_term_string"}}],"inLanguage":"es"},{"@type":"Organization","@id":"https:\/\/repliquemangacine.fr\/#organization","name":"R\u00e9plique Manga Cin\u00e9","url":"https:\/\/repliquemangacine.fr\/","logo":{"@type":"ImageObject","inLanguage":"es","@id":"https:\/\/repliquemangacine.fr\/#\/schema\/logo\/image\/","url":"https:\/\/repliquemangacine.fr\/wp-content\/uploads\/2023\/10\/RMC-500250.png","contentUrl":"https:\/\/repliquemangacine.fr\/wp-content\/uploads\/2023\/10\/RMC-500250.png","width":500,"height":250,"caption":"R\u00e9plique Manga Cin\u00e9"},"image":{"@id":"https:\/\/repliquemangacine.fr\/#\/schema\/logo\/image\/"},"sameAs":["https:\/\/www.facebook.com\/RepliqueMangaCine","https:\/\/www.instagram.com\/repliquemangacine.fr\/"]}]}},"_links":{"self":[{"href":"https:\/\/repliquemangacine.fr\/es\/wp-json\/wp\/v2\/product\/59779","targetHints":{"allow":["GET"]}}],"collection":[{"href":"https:\/\/repliquemangacine.fr\/es\/wp-json\/wp\/v2\/product"}],"about":[{"href":"https:\/\/repliquemangacine.fr\/es\/wp-json\/wp\/v2\/types\/product"}],"wp:featuredmedia":[{"embeddable":true,"href":"https:\/\/repliquemangacine.fr\/es\/wp-json\/wp\/v2\/media\/59780"}],"wp:attachment":[{"href":"https:\/\/repliquemangacine.fr\/es\/wp-json\/wp\/v2\/media?parent=59779"}],"wp:term":[{"taxonomy":"product_brand","embeddable":true,"href":"https:\/\/repliquemangacine.fr\/es\/wp-json\/wp\/v2\/product_brand?post=59779"},{"taxonomy":"product_cat","embeddable":true,"href":"https:\/\/repliquemangacine.fr\/es\/wp-json\/wp\/v2\/product_cat?post=59779"},{"taxonomy":"product_tag","embeddable":true,"href":"https:\/\/repliquemangacine.fr\/es\/wp-json\/wp\/v2\/product_tag?post=59779"}],"curies":[{"name":"wp","href":"https:\/\/api.w.org\/{rel}","templated":true}]}}