





{"id":59089,"date":"2023-03-06T16:42:34","date_gmt":"2023-03-06T15:42:34","guid":{"rendered":"https:\/\/repliquemangacine.fr\/?post_type=product&#038;p=59089"},"modified":"2026-04-15T10:32:14","modified_gmt":"2026-04-15T08:32:14","slug":"blister-208-imprimaciones-kolser","status":"publish","type":"product","link":"https:\/\/repliquemangacine.fr\/es\/holster-accessoires-western\/blister-208-amorces-kolser\/","title":{"rendered":"Bl\u00edster 208 Cartillas Kolser"},"content":{"rendered":"<h2>Bl\u00edster 208 Cartillas Kolser<\/h2>\n<p>Para empezar, el <strong>Blister de 208 cebadores Kolser<\/strong> est\u00e1 reservado exclusivamente para balas y armas <a href=\"https:\/\/kolser.com\/fr\/\" target=\"_blank\" rel=\"noopener noreferrer\">Kolser<\/a>.<\/p>\n<p>\u00bfBusca armas inofensivas que den la impresi\u00f3n de disparar de verdad para sus recreaciones, pel\u00edculas o espect\u00e1culos western? Nuestros cebos est\u00e1n hechos para darle lo que quiere.<\/p>\n<p>De hecho, Kolser ha desarrollado balas con un peque\u00f1o cepillo que puede alojar un cebador. Una vez colocado este en su sitio, el perro de la pistola o el rifle golpea el cebador y produce un estallido como el de una bala real.<\/p>\n<p>La ilusi\u00f3n de un disparo real es impresionante, \u00a1tu p\u00fablico no se dar\u00e1 cuenta de nada!<\/p>\n<h2>Tu Blister 208 Kolser Primers al mejor precio.<\/h2>\n<p>Le ofrecemos una amplia selecci\u00f3n de r\u00e9plicas de pistolas Colt y rifles Winchester Kolser.<\/p>\n<p>Lo primero y m\u00e1s importante,<\/p>\n<ul>\n<li>Le <a href=\"https:\/\/repliquemangacine.fr\/es\/pistola-kolser\/estuche-colt-45-pulido-4-75-pulgadas-1873-kolser\/\">colt peacemaker 1873<\/a> Kolser de calibre 45 pulida a mano.<\/li>\n<li>Tambi\u00e9n est\u00e1 el rifle <a href=\"https:\/\/repliquemangacine.fr\/es\/pistola-kolser\/winchester-laiton-98cm-kolser\/\">winchester Kolser 98cm<\/a> lat\u00f3n con expulsi\u00f3n de balas<\/li>\n<li>As\u00ed como el <a href=\"https:\/\/repliquemangacine.fr\/es\/revolver-colts\/peacemaker-kolser-5-5-snake\/\">potro 45<\/a> con empu\u00f1adura intercambiable y grabado de serpiente<\/li>\n<li>Y muchos m\u00e1s por descubrir en nuestra tienda en l\u00ednea.<\/li>\n<\/ul>\n<p>Por eso, aqu\u00ed tienes unas ideas estupendas para regalar a todos los aficionados al western.<\/p>\n<p>En conclusi\u00f3n, puede utilizar este bl\u00edster de 208 cebos Kolser para sus representaciones y espect\u00e1culos western. Pero, ante todo, sus r\u00e9plicas de armas son objetos de colecci\u00f3n y decoraci\u00f3n.<\/p>\n<h2>R\u00e9plicas baratas de pistolas Kolser<\/h2>\n<p>Ofrecemos una amplia gama de r\u00e9plicas de pistolas del oeste de Kolser. Todas estas reproducciones est\u00e1n dise\u00f1adas para darle la ilusi\u00f3n de tiro real, como :<\/p>\n<ul>\n<li>La <a href=\"https:\/\/repliquemangacine.fr\/es\/pistola-kolser\/mares-leg-55cm-grey-kolser\/\">Pierna de yegua<\/a> de Joss Randall en la serie \"En nombre de la ley\" con expulsi\u00f3n de bala.<\/li>\n<li>Tambi\u00e9n hay <a href=\"https:\/\/repliquemangacine.fr\/es\/pistola-kolser\/colt-45-caja-de-laton-1873-kolser\/\">Potros Peacemaker<\/a> con diferentes longitudes de ca\u00f1\u00f3n.<\/li>\n<li>Los rifles Winchester tambi\u00e9n est\u00e1n disponibles con diferentes longitudes de ca\u00f1\u00f3n y expulsi\u00f3n de bala.<\/li>\n<li>Y muchos m\u00e1s por descubrir en nuestra tienda en l\u00ednea.<\/li>\n<\/ul>\n<p>Todas sus r\u00e9plicas se entregan en un estuche con balas de fogueo.<\/p>\n<p>R\u00e9plique Manga Cin\u00e9 es una empresa familiar francesa.<\/p>","protected":false},"excerpt":{"rendered":"<p>Bl\u00edster de 208 cebos para balas Kolser<\/p>\n<ul>\n<li>S\u00f3lo para armas y balas Kolser<\/li>\n<li>Cortar los cebadores entre ellos y colocarlos en las bolas Kolser.<\/li>\n<li>Tu pistola Kolser disparar\u00e1 como las de verdad.<\/li>\n<\/ul>","protected":false},"featured_media":59090,"template":"","meta":[],"product_brand":[896],"product_cat":[51,100,90,27],"product_tag":[],"class_list":{"0":"post-59089","1":"product","2":"type-product","3":"status-publish","4":"has-post-thumbnail","6":"product_brand-replique-manga-cine","7":"product_cat-accessoires-western","8":"product_cat-arme-kolser","9":"product_cat-holster-accessoires-western","10":"product_cat-armes-et-accessoires-western","12":"first","13":"instock","14":"taxable","15":"shipping-taxable","16":"purchasable","17":"product-type-simple"},"yoast_head":"<!-- This site is optimized with the Yoast SEO plugin v27.4 - https:\/\/yoast.com\/product\/yoast-seo-wordpress\/ -->\n<title>Blister 208 Amorces Kolser - R\u00e9plique Manga Cin\u00e9<\/title>\n<meta name=\"description\" content=\"Commandez vite ! Votre Blister de 208 amorces Kolser au meilleur prix. R\u00e9server uniquement pour les balles Kolser - Diam\u00e8tre 5mm - Envoi 24\/48h\" \/>\n<meta name=\"robots\" content=\"index, follow, max-snippet:-1, max-image-preview:large, max-video-preview:-1\" \/>\n<link rel=\"canonical\" href=\"https:\/\/repliquemangacine.fr\/es\/pistola-kolser\/blister-208-imprimaciones-kolser\/\" \/>\n<meta property=\"og:locale\" content=\"es_ES\" \/>\n<meta property=\"og:type\" content=\"article\" \/>\n<meta property=\"og:title\" content=\"Blister 208 Amorces Kolser - R\u00e9plique Manga Cin\u00e9\" \/>\n<meta property=\"og:description\" content=\"Commandez vite ! Votre Blister de 208 amorces Kolser au meilleur prix. R\u00e9server uniquement pour les balles Kolser - Diam\u00e8tre 5mm - Envoi 24\/48h\" \/>\n<meta property=\"og:url\" content=\"https:\/\/repliquemangacine.fr\/es\/pistola-kolser\/blister-208-imprimaciones-kolser\/\" \/>\n<meta property=\"og:site_name\" content=\"R\u00e9plique Manga Cin\u00e9\" \/>\n<meta property=\"article:publisher\" content=\"https:\/\/www.facebook.com\/RepliqueMangaCine\" \/>\n<meta property=\"article:modified_time\" content=\"2026-04-15T08:32:14+00:00\" \/>\n<meta property=\"og:image\" content=\"https:\/\/repliquemangacine.fr\/wp-content\/uploads\/2023\/10\/petard-balles-kolser.jpg\" \/>\n\t<meta property=\"og:image:width\" content=\"500\" \/>\n\t<meta property=\"og:image:height\" content=\"500\" \/>\n\t<meta property=\"og:image:type\" content=\"image\/jpeg\" \/>\n<meta name=\"twitter:card\" content=\"summary_large_image\" \/>\n<meta name=\"twitter:label1\" content=\"Tiempo de lectura\" \/>\n\t<meta name=\"twitter:data1\" content=\"2 minutos\" \/>\n<script type=\"application\/ld+json\" class=\"yoast-schema-graph\">{\"@context\":\"https:\\\/\\\/schema.org\",\"@graph\":[{\"@type\":\"WebPage\",\"@id\":\"https:\\\/\\\/repliquemangacine.fr\\\/arme-kolser\\\/blister-208-amorces-kolser\\\/\",\"url\":\"https:\\\/\\\/repliquemangacine.fr\\\/arme-kolser\\\/blister-208-amorces-kolser\\\/\",\"name\":\"Blister 208 Amorces Kolser - R\u00e9plique Manga Cin\u00e9\",\"isPartOf\":{\"@id\":\"https:\\\/\\\/repliquemangacine.fr\\\/#website\"},\"primaryImageOfPage\":{\"@id\":\"https:\\\/\\\/repliquemangacine.fr\\\/arme-kolser\\\/blister-208-amorces-kolser\\\/#primaryimage\"},\"image\":{\"@id\":\"https:\\\/\\\/repliquemangacine.fr\\\/arme-kolser\\\/blister-208-amorces-kolser\\\/#primaryimage\"},\"thumbnailUrl\":\"https:\\\/\\\/repliquemangacine.fr\\\/wp-content\\\/uploads\\\/2023\\\/10\\\/petard-balles-kolser.jpg\",\"datePublished\":\"2023-03-06T15:42:34+00:00\",\"dateModified\":\"2026-04-15T08:32:14+00:00\",\"description\":\"Commandez vite ! Votre Blister de 208 amorces Kolser au meilleur prix. R\u00e9server uniquement pour les balles Kolser - Diam\u00e8tre 5mm - Envoi 24\\\/48h\",\"breadcrumb\":{\"@id\":\"https:\\\/\\\/repliquemangacine.fr\\\/arme-kolser\\\/blister-208-amorces-kolser\\\/#breadcrumb\"},\"inLanguage\":\"es\",\"potentialAction\":[{\"@type\":\"ReadAction\",\"target\":[\"https:\\\/\\\/repliquemangacine.fr\\\/arme-kolser\\\/blister-208-amorces-kolser\\\/\"]}]},{\"@type\":\"ImageObject\",\"inLanguage\":\"es\",\"@id\":\"https:\\\/\\\/repliquemangacine.fr\\\/arme-kolser\\\/blister-208-amorces-kolser\\\/#primaryimage\",\"url\":\"https:\\\/\\\/repliquemangacine.fr\\\/wp-content\\\/uploads\\\/2023\\\/10\\\/petard-balles-kolser.jpg\",\"contentUrl\":\"https:\\\/\\\/repliquemangacine.fr\\\/wp-content\\\/uploads\\\/2023\\\/10\\\/petard-balles-kolser.jpg\",\"width\":500,\"height\":500,\"caption\":\"Blister 208 Amorces Kolser\"},{\"@type\":\"BreadcrumbList\",\"@id\":\"https:\\\/\\\/repliquemangacine.fr\\\/arme-kolser\\\/blister-208-amorces-kolser\\\/#breadcrumb\",\"itemListElement\":[{\"@type\":\"ListItem\",\"position\":1,\"name\":\"Accueil\",\"item\":\"https:\\\/\\\/repliquemangacine.fr\\\/\"},{\"@type\":\"ListItem\",\"position\":2,\"name\":\"Produits\",\"item\":\"https:\\\/\\\/repliquemangacine.fr\\\/boutique\\\/\"},{\"@type\":\"ListItem\",\"position\":3,\"name\":\"Blister 208 Amorces Kolser\"}]},{\"@type\":\"WebSite\",\"@id\":\"https:\\\/\\\/repliquemangacine.fr\\\/#website\",\"url\":\"https:\\\/\\\/repliquemangacine.fr\\\/\",\"name\":\"R\u00e9plique Manga Cin\u00e9\",\"description\":\"\",\"publisher\":{\"@id\":\"https:\\\/\\\/repliquemangacine.fr\\\/#organization\"},\"potentialAction\":[{\"@type\":\"SearchAction\",\"target\":{\"@type\":\"EntryPoint\",\"urlTemplate\":\"https:\\\/\\\/repliquemangacine.fr\\\/?s={search_term_string}\"},\"query-input\":{\"@type\":\"PropertyValueSpecification\",\"valueRequired\":true,\"valueName\":\"search_term_string\"}}],\"inLanguage\":\"es\"},{\"@type\":\"Organization\",\"@id\":\"https:\\\/\\\/repliquemangacine.fr\\\/#organization\",\"name\":\"R\u00e9plique Manga Cin\u00e9\",\"url\":\"https:\\\/\\\/repliquemangacine.fr\\\/\",\"logo\":{\"@type\":\"ImageObject\",\"inLanguage\":\"es\",\"@id\":\"https:\\\/\\\/repliquemangacine.fr\\\/#\\\/schema\\\/logo\\\/image\\\/\",\"url\":\"https:\\\/\\\/repliquemangacine.fr\\\/wp-content\\\/uploads\\\/2023\\\/10\\\/RMC-500250.png\",\"contentUrl\":\"https:\\\/\\\/repliquemangacine.fr\\\/wp-content\\\/uploads\\\/2023\\\/10\\\/RMC-500250.png\",\"width\":500,\"height\":250,\"caption\":\"R\u00e9plique Manga Cin\u00e9\"},\"image\":{\"@id\":\"https:\\\/\\\/repliquemangacine.fr\\\/#\\\/schema\\\/logo\\\/image\\\/\"},\"sameAs\":[\"https:\\\/\\\/www.facebook.com\\\/RepliqueMangaCine\",\"https:\\\/\\\/www.instagram.com\\\/repliquemangacine.fr\\\/\"]}]}<\/script>\n<!-- \/ Yoast SEO plugin. -->","yoast_head_json":{"title":"Bl\u00edster 208 Cartillas Kolser - R\u00e9plique Manga Cin\u00e9","description":"Haz tu pedido Tu blister de 208 cartillas Kolser al mejor precio. Reserva s\u00f3lo para balas Kolser - Di\u00e1metro 5mm - Env\u00edo 24\/48h","robots":{"index":"index","follow":"follow","max-snippet":"max-snippet:-1","max-image-preview":"max-image-preview:large","max-video-preview":"max-video-preview:-1"},"canonical":"https:\/\/repliquemangacine.fr\/es\/pistola-kolser\/blister-208-imprimaciones-kolser\/","og_locale":"es_ES","og_type":"article","og_title":"Blister 208 Amorces Kolser - R\u00e9plique Manga Cin\u00e9","og_description":"Commandez vite ! Votre Blister de 208 amorces Kolser au meilleur prix. R\u00e9server uniquement pour les balles Kolser - Diam\u00e8tre 5mm - Envoi 24\/48h","og_url":"https:\/\/repliquemangacine.fr\/es\/pistola-kolser\/blister-208-imprimaciones-kolser\/","og_site_name":"R\u00e9plique Manga Cin\u00e9","article_publisher":"https:\/\/www.facebook.com\/RepliqueMangaCine","article_modified_time":"2026-04-15T08:32:14+00:00","og_image":[{"width":500,"height":500,"url":"https:\/\/repliquemangacine.fr\/wp-content\/uploads\/2023\/10\/petard-balles-kolser.jpg","type":"image\/jpeg"}],"twitter_card":"summary_large_image","twitter_misc":{"Tiempo de lectura":"2 minutos"},"schema":{"@context":"https:\/\/schema.org","@graph":[{"@type":"WebPage","@id":"https:\/\/repliquemangacine.fr\/arme-kolser\/blister-208-amorces-kolser\/","url":"https:\/\/repliquemangacine.fr\/arme-kolser\/blister-208-amorces-kolser\/","name":"Bl\u00edster 208 Cartillas Kolser - R\u00e9plique Manga Cin\u00e9","isPartOf":{"@id":"https:\/\/repliquemangacine.fr\/#website"},"primaryImageOfPage":{"@id":"https:\/\/repliquemangacine.fr\/arme-kolser\/blister-208-amorces-kolser\/#primaryimage"},"image":{"@id":"https:\/\/repliquemangacine.fr\/arme-kolser\/blister-208-amorces-kolser\/#primaryimage"},"thumbnailUrl":"https:\/\/repliquemangacine.fr\/wp-content\/uploads\/2023\/10\/petard-balles-kolser.jpg","datePublished":"2023-03-06T15:42:34+00:00","dateModified":"2026-04-15T08:32:14+00:00","description":"Haz tu pedido Tu blister de 208 cartillas Kolser al mejor precio. Reserva s\u00f3lo para balas Kolser - Di\u00e1metro 5mm - Env\u00edo 24\/48h","breadcrumb":{"@id":"https:\/\/repliquemangacine.fr\/arme-kolser\/blister-208-amorces-kolser\/#breadcrumb"},"inLanguage":"es","potentialAction":[{"@type":"ReadAction","target":["https:\/\/repliquemangacine.fr\/arme-kolser\/blister-208-amorces-kolser\/"]}]},{"@type":"ImageObject","inLanguage":"es","@id":"https:\/\/repliquemangacine.fr\/arme-kolser\/blister-208-amorces-kolser\/#primaryimage","url":"https:\/\/repliquemangacine.fr\/wp-content\/uploads\/2023\/10\/petard-balles-kolser.jpg","contentUrl":"https:\/\/repliquemangacine.fr\/wp-content\/uploads\/2023\/10\/petard-balles-kolser.jpg","width":500,"height":500,"caption":"Blister 208 Amorces Kolser"},{"@type":"BreadcrumbList","@id":"https:\/\/repliquemangacine.fr\/arme-kolser\/blister-208-amorces-kolser\/#breadcrumb","itemListElement":[{"@type":"ListItem","position":1,"name":"Accueil","item":"https:\/\/repliquemangacine.fr\/"},{"@type":"ListItem","position":2,"name":"Produits","item":"https:\/\/repliquemangacine.fr\/boutique\/"},{"@type":"ListItem","position":3,"name":"Blister 208 Amorces Kolser"}]},{"@type":"WebSite","@id":"https:\/\/repliquemangacine.fr\/#website","url":"https:\/\/repliquemangacine.fr\/","name":"R\u00e9plique Manga Cin\u00e9","description":"","publisher":{"@id":"https:\/\/repliquemangacine.fr\/#organization"},"potentialAction":[{"@type":"SearchAction","target":{"@type":"EntryPoint","urlTemplate":"https:\/\/repliquemangacine.fr\/?s={search_term_string}"},"query-input":{"@type":"PropertyValueSpecification","valueRequired":true,"valueName":"search_term_string"}}],"inLanguage":"es"},{"@type":"Organization","@id":"https:\/\/repliquemangacine.fr\/#organization","name":"R\u00e9plique Manga Cin\u00e9","url":"https:\/\/repliquemangacine.fr\/","logo":{"@type":"ImageObject","inLanguage":"es","@id":"https:\/\/repliquemangacine.fr\/#\/schema\/logo\/image\/","url":"https:\/\/repliquemangacine.fr\/wp-content\/uploads\/2023\/10\/RMC-500250.png","contentUrl":"https:\/\/repliquemangacine.fr\/wp-content\/uploads\/2023\/10\/RMC-500250.png","width":500,"height":250,"caption":"R\u00e9plique Manga Cin\u00e9"},"image":{"@id":"https:\/\/repliquemangacine.fr\/#\/schema\/logo\/image\/"},"sameAs":["https:\/\/www.facebook.com\/RepliqueMangaCine","https:\/\/www.instagram.com\/repliquemangacine.fr\/"]}]}},"_links":{"self":[{"href":"https:\/\/repliquemangacine.fr\/es\/wp-json\/wp\/v2\/product\/59089","targetHints":{"allow":["GET"]}}],"collection":[{"href":"https:\/\/repliquemangacine.fr\/es\/wp-json\/wp\/v2\/product"}],"about":[{"href":"https:\/\/repliquemangacine.fr\/es\/wp-json\/wp\/v2\/types\/product"}],"wp:featuredmedia":[{"embeddable":true,"href":"https:\/\/repliquemangacine.fr\/es\/wp-json\/wp\/v2\/media\/59090"}],"wp:attachment":[{"href":"https:\/\/repliquemangacine.fr\/es\/wp-json\/wp\/v2\/media?parent=59089"}],"wp:term":[{"taxonomy":"product_brand","embeddable":true,"href":"https:\/\/repliquemangacine.fr\/es\/wp-json\/wp\/v2\/product_brand?post=59089"},{"taxonomy":"product_cat","embeddable":true,"href":"https:\/\/repliquemangacine.fr\/es\/wp-json\/wp\/v2\/product_cat?post=59089"},{"taxonomy":"product_tag","embeddable":true,"href":"https:\/\/repliquemangacine.fr\/es\/wp-json\/wp\/v2\/product_tag?post=59089"}],"curies":[{"name":"wp","href":"https:\/\/api.w.org\/{rel}","templated":true}]}}