





{"id":59011,"date":"2023-03-03T14:52:30","date_gmt":"2023-03-03T13:52:30","guid":{"rendered":"https:\/\/repliquemangacine.fr\/?post_type=product&#038;p=59011"},"modified":"2026-02-05T10:18:41","modified_gmt":"2026-02-05T09:18:41","slug":"soporte-de-pared-para-colt","status":"publish","type":"product","link":"https:\/\/repliquemangacine.fr\/es\/accessoires-western\/support-mural-pour-colt\/","title":{"rendered":"Soporte de pared Colt"},"content":{"rendered":"<h2>Soporte de pared para Colt y Carabina<\/h2>\n<p>Para empezar, este <strong>Soporte de pared Colt<\/strong> y Winchester es totalmente de acero con posibilidad de ajustar la profundidad.<\/p>\n<p>Este peque\u00f1o utensilio es esencial para exponer tus armas de colecci\u00f3n. <a href=\"https:\/\/www.denix.fr\/fr\/\" target=\"_blank\" rel=\"noopener noreferrer\">Denix<\/a>. De hecho, con este soporte con forma de balas, podr\u00e1 exhibir su rev\u00f3lver Colt o su rifle Winchester. Es f\u00e1cil de montar, solo tiene que taladrar dos agujeros con tacos y atornillarlos, eso es todo.<\/p>\n<p>Denix es una empresa espa\u00f1ola l\u00edder en el sector de las reproducciones de armas desde hace m\u00e1s de 50 a\u00f1os. Se trata de una empresa principalmente exportadora que trabaja en m\u00e1s de 40 pa\u00edses, gracias a una s\u00f3lida red de distribuidores oficiales.<\/p>\n<h2>Tu Colt soporte de pared al mejor precio.<\/h2>\n<p>Le ofrecemos una amplia selecci\u00f3n de r\u00e9plicas Denix y Kolser, o puede utilizar este soporte.<\/p>\n<p>Lo primero y m\u00e1s importante,<\/p>\n<ul>\n<li>Le <a href=\"https:\/\/repliquemangacine.fr\/es\/pistola-colt\/peacemaker-5-pulgadas-revolver-gris-1873-calibre-45\/\">colt peacemaker 1873<\/a> Calibre 45, ca\u00f1\u00f3n de 5 1\/2 pulgadas<\/li>\n<li>Tambi\u00e9n existe la <a href=\"https:\/\/repliquemangacine.fr\/es\/replica-western-winchesters\/rifle-winchester-john-wayne-modelo-1892\/?highlight=1069\">Rifle winchester John Wayne<\/a> con su gran palanca bajo guardia.<\/li>\n<li>As\u00ed como el <a href=\"https:\/\/repliquemangacine.fr\/es\/pistola-kolser\/estuche-colt-45-pulido-4-75-pulgadas-1873-kolser\/\">colt le Frontier<\/a> kolser calibre 45, pulido a mano.<\/li>\n<li>Y muchos m\u00e1s por descubrir en nuestra tienda online.<\/li>\n<\/ul>\n<p>Por eso, aqu\u00ed tienes unas ideas fant\u00e1sticas para regalar a todos los fans del western.<\/p>\n<p>En conclusi\u00f3n, tambi\u00e9n puede utilizar este <strong>Soporte de pared Colt<\/strong> para colgar tus armas r\u00e9plica kolser o Denix.<\/p>\n<h2>Descubra nuestros \u00faltimos productos Denix baratos.<\/h2>\n<p>Siempre a la vanguardia de las novedades y, sobre todo, atentos a sus necesidades y peticiones, tenemos el placer de ofrecerle algunos productos de la marca Denix.<\/p>\n<p>Empecemos por los l\u00e1tigos western totalmente de cuero. Se presentan dos modelos, uno con una longitud de 150 cm y otro de 200 cm. A continuaci\u00f3n, la magn\u00edfica reproducci\u00f3n de la Colt 1849 Pocket Wells Fargo con simulaci\u00f3n de carga y disparo. Muy pronto le ofreceremos carabinas Winchester con expulsi\u00f3n de balas fabricadas por Denix, cuyas reproducciones de armas se encuentran actualmente en proceso de fabricaci\u00f3n. Denix quiere dar un gran golpe con esta novedad.<\/p>\n<p>R\u00e9plique Manga Cin\u00e9 es una empresa familiar francesa, distribuidora oficial de la marca Denix.<\/p>","protected":false},"excerpt":{"rendered":"<p>Juego de dos piezas en forma de bala para exponer sus potros y caballos.<\/p>\n<ul>\n<li>Totalmente de metal.<\/li>\n<li>Profundidad ajustable de 2,5 cm a 4,5 cm.<\/li>\n<li>Se fija con dos tornillos (suministrados).<\/li>\n<li>Altura de la bola: 4 cm - Anchura: 1,5 cm.<\/li>\n<\/ul>","protected":false},"featured_media":59012,"template":"","meta":[],"product_brand":[896],"product_cat":[51,27],"product_tag":[],"class_list":{"0":"post-59011","1":"product","2":"type-product","3":"status-publish","4":"has-post-thumbnail","6":"product_brand-replique-manga-cine","7":"product_cat-accessoires-western","8":"product_cat-armes-et-accessoires-western","10":"first","11":"instock","12":"taxable","13":"shipping-taxable","14":"purchasable","15":"product-type-simple"},"yoast_head":"<!-- This site is optimized with the Yoast SEO plugin v27.4 - https:\/\/yoast.com\/product\/yoast-seo-wordpress\/ -->\n<title>Support mural pour colt - Denix - R\u00e9plique Manga Cin\u00e9<\/title>\n<meta name=\"description\" content=\"Commandez ce Support mural colt de la marque Denix au meilleur prix. Tout en acier - Hauteur : 4 cm - Largeur : 1.5cm - Envoi 24\/48h\" \/>\n<meta name=\"robots\" content=\"index, follow, max-snippet:-1, max-image-preview:large, max-video-preview:-1\" \/>\n<link rel=\"canonical\" href=\"https:\/\/repliquemangacine.fr\/es\/accesorios-del-oeste\/soporte-de-pared-para-colt\/\" \/>\n<meta property=\"og:locale\" content=\"es_ES\" \/>\n<meta property=\"og:type\" content=\"article\" \/>\n<meta property=\"og:title\" content=\"Support mural pour colt - Denix - R\u00e9plique Manga Cin\u00e9\" \/>\n<meta property=\"og:description\" content=\"Commandez ce Support mural colt de la marque Denix au meilleur prix. Tout en acier - Hauteur : 4 cm - Largeur : 1.5cm - Envoi 24\/48h\" \/>\n<meta property=\"og:url\" content=\"https:\/\/repliquemangacine.fr\/es\/accesorios-del-oeste\/soporte-de-pared-para-colt\/\" \/>\n<meta property=\"og:site_name\" content=\"R\u00e9plique Manga Cin\u00e9\" \/>\n<meta property=\"article:publisher\" content=\"https:\/\/www.facebook.com\/RepliqueMangaCine\" \/>\n<meta property=\"article:modified_time\" content=\"2026-02-05T09:18:41+00:00\" \/>\n<meta property=\"og:image\" content=\"https:\/\/repliquemangacine.fr\/wp-content\/uploads\/2023\/10\/support-balles-denix.jpg\" \/>\n\t<meta property=\"og:image:width\" content=\"500\" \/>\n\t<meta property=\"og:image:height\" content=\"500\" \/>\n\t<meta property=\"og:image:type\" content=\"image\/jpeg\" \/>\n<meta name=\"twitter:card\" content=\"summary_large_image\" \/>\n<meta name=\"twitter:label1\" content=\"Tiempo de lectura\" \/>\n\t<meta name=\"twitter:data1\" content=\"3 minutos\" \/>\n<script type=\"application\/ld+json\" class=\"yoast-schema-graph\">{\"@context\":\"https:\\\/\\\/schema.org\",\"@graph\":[{\"@type\":\"WebPage\",\"@id\":\"https:\\\/\\\/repliquemangacine.fr\\\/accessoires-western\\\/support-mural-pour-colt\\\/\",\"url\":\"https:\\\/\\\/repliquemangacine.fr\\\/accessoires-western\\\/support-mural-pour-colt\\\/\",\"name\":\"Support mural pour colt - Denix - R\u00e9plique Manga Cin\u00e9\",\"isPartOf\":{\"@id\":\"https:\\\/\\\/repliquemangacine.fr\\\/#website\"},\"primaryImageOfPage\":{\"@id\":\"https:\\\/\\\/repliquemangacine.fr\\\/accessoires-western\\\/support-mural-pour-colt\\\/#primaryimage\"},\"image\":{\"@id\":\"https:\\\/\\\/repliquemangacine.fr\\\/accessoires-western\\\/support-mural-pour-colt\\\/#primaryimage\"},\"thumbnailUrl\":\"https:\\\/\\\/repliquemangacine.fr\\\/wp-content\\\/uploads\\\/2023\\\/10\\\/support-balles-denix.jpg\",\"datePublished\":\"2023-03-03T13:52:30+00:00\",\"dateModified\":\"2026-02-05T09:18:41+00:00\",\"description\":\"Commandez ce Support mural colt de la marque Denix au meilleur prix. Tout en acier - Hauteur : 4 cm - Largeur : 1.5cm - Envoi 24\\\/48h\",\"breadcrumb\":{\"@id\":\"https:\\\/\\\/repliquemangacine.fr\\\/accessoires-western\\\/support-mural-pour-colt\\\/#breadcrumb\"},\"inLanguage\":\"es\",\"potentialAction\":[{\"@type\":\"ReadAction\",\"target\":[\"https:\\\/\\\/repliquemangacine.fr\\\/accessoires-western\\\/support-mural-pour-colt\\\/\"]}]},{\"@type\":\"ImageObject\",\"inLanguage\":\"es\",\"@id\":\"https:\\\/\\\/repliquemangacine.fr\\\/accessoires-western\\\/support-mural-pour-colt\\\/#primaryimage\",\"url\":\"https:\\\/\\\/repliquemangacine.fr\\\/wp-content\\\/uploads\\\/2023\\\/10\\\/support-balles-denix.jpg\",\"contentUrl\":\"https:\\\/\\\/repliquemangacine.fr\\\/wp-content\\\/uploads\\\/2023\\\/10\\\/support-balles-denix.jpg\",\"width\":500,\"height\":500,\"caption\":\"Support mural pour colt\"},{\"@type\":\"BreadcrumbList\",\"@id\":\"https:\\\/\\\/repliquemangacine.fr\\\/accessoires-western\\\/support-mural-pour-colt\\\/#breadcrumb\",\"itemListElement\":[{\"@type\":\"ListItem\",\"position\":1,\"name\":\"Accueil\",\"item\":\"https:\\\/\\\/repliquemangacine.fr\\\/\"},{\"@type\":\"ListItem\",\"position\":2,\"name\":\"Produits\",\"item\":\"https:\\\/\\\/repliquemangacine.fr\\\/boutique\\\/\"},{\"@type\":\"ListItem\",\"position\":3,\"name\":\"Support mural pour colt\"}]},{\"@type\":\"WebSite\",\"@id\":\"https:\\\/\\\/repliquemangacine.fr\\\/#website\",\"url\":\"https:\\\/\\\/repliquemangacine.fr\\\/\",\"name\":\"R\u00e9plique Manga Cin\u00e9\",\"description\":\"\",\"publisher\":{\"@id\":\"https:\\\/\\\/repliquemangacine.fr\\\/#organization\"},\"potentialAction\":[{\"@type\":\"SearchAction\",\"target\":{\"@type\":\"EntryPoint\",\"urlTemplate\":\"https:\\\/\\\/repliquemangacine.fr\\\/?s={search_term_string}\"},\"query-input\":{\"@type\":\"PropertyValueSpecification\",\"valueRequired\":true,\"valueName\":\"search_term_string\"}}],\"inLanguage\":\"es\"},{\"@type\":\"Organization\",\"@id\":\"https:\\\/\\\/repliquemangacine.fr\\\/#organization\",\"name\":\"R\u00e9plique Manga Cin\u00e9\",\"url\":\"https:\\\/\\\/repliquemangacine.fr\\\/\",\"logo\":{\"@type\":\"ImageObject\",\"inLanguage\":\"es\",\"@id\":\"https:\\\/\\\/repliquemangacine.fr\\\/#\\\/schema\\\/logo\\\/image\\\/\",\"url\":\"https:\\\/\\\/repliquemangacine.fr\\\/wp-content\\\/uploads\\\/2023\\\/10\\\/RMC-500250.png\",\"contentUrl\":\"https:\\\/\\\/repliquemangacine.fr\\\/wp-content\\\/uploads\\\/2023\\\/10\\\/RMC-500250.png\",\"width\":500,\"height\":250,\"caption\":\"R\u00e9plique Manga Cin\u00e9\"},\"image\":{\"@id\":\"https:\\\/\\\/repliquemangacine.fr\\\/#\\\/schema\\\/logo\\\/image\\\/\"},\"sameAs\":[\"https:\\\/\\\/www.facebook.com\\\/RepliqueMangaCine\",\"https:\\\/\\\/www.instagram.com\\\/repliquemangacine.fr\\\/\"]}]}<\/script>\n<!-- \/ Yoast SEO plugin. -->","yoast_head_json":{"title":"Soporte de pared para Colt - Denix - R\u00e9plique Manga Cin\u00e9","description":"Pida este soporte de pared de potro de Denix al mejor precio. Todo el acero - Altura: 4 cm - Anchura: 1,5cm - Env\u00edo 24\/48h","robots":{"index":"index","follow":"follow","max-snippet":"max-snippet:-1","max-image-preview":"max-image-preview:large","max-video-preview":"max-video-preview:-1"},"canonical":"https:\/\/repliquemangacine.fr\/es\/accesorios-del-oeste\/soporte-de-pared-para-colt\/","og_locale":"es_ES","og_type":"article","og_title":"Support mural pour colt - Denix - R\u00e9plique Manga Cin\u00e9","og_description":"Commandez ce Support mural colt de la marque Denix au meilleur prix. Tout en acier - Hauteur : 4 cm - Largeur : 1.5cm - Envoi 24\/48h","og_url":"https:\/\/repliquemangacine.fr\/es\/accesorios-del-oeste\/soporte-de-pared-para-colt\/","og_site_name":"R\u00e9plique Manga Cin\u00e9","article_publisher":"https:\/\/www.facebook.com\/RepliqueMangaCine","article_modified_time":"2026-02-05T09:18:41+00:00","og_image":[{"width":500,"height":500,"url":"https:\/\/repliquemangacine.fr\/wp-content\/uploads\/2023\/10\/support-balles-denix.jpg","type":"image\/jpeg"}],"twitter_card":"summary_large_image","twitter_misc":{"Tiempo de lectura":"3 minutos"},"schema":{"@context":"https:\/\/schema.org","@graph":[{"@type":"WebPage","@id":"https:\/\/repliquemangacine.fr\/accessoires-western\/support-mural-pour-colt\/","url":"https:\/\/repliquemangacine.fr\/accessoires-western\/support-mural-pour-colt\/","name":"Soporte de pared para Colt - Denix - R\u00e9plique Manga Cin\u00e9","isPartOf":{"@id":"https:\/\/repliquemangacine.fr\/#website"},"primaryImageOfPage":{"@id":"https:\/\/repliquemangacine.fr\/accessoires-western\/support-mural-pour-colt\/#primaryimage"},"image":{"@id":"https:\/\/repliquemangacine.fr\/accessoires-western\/support-mural-pour-colt\/#primaryimage"},"thumbnailUrl":"https:\/\/repliquemangacine.fr\/wp-content\/uploads\/2023\/10\/support-balles-denix.jpg","datePublished":"2023-03-03T13:52:30+00:00","dateModified":"2026-02-05T09:18:41+00:00","description":"Pida este soporte de pared de potro de Denix al mejor precio. Todo el acero - Altura: 4 cm - Anchura: 1,5cm - Env\u00edo 24\/48h","breadcrumb":{"@id":"https:\/\/repliquemangacine.fr\/accessoires-western\/support-mural-pour-colt\/#breadcrumb"},"inLanguage":"es","potentialAction":[{"@type":"ReadAction","target":["https:\/\/repliquemangacine.fr\/accessoires-western\/support-mural-pour-colt\/"]}]},{"@type":"ImageObject","inLanguage":"es","@id":"https:\/\/repliquemangacine.fr\/accessoires-western\/support-mural-pour-colt\/#primaryimage","url":"https:\/\/repliquemangacine.fr\/wp-content\/uploads\/2023\/10\/support-balles-denix.jpg","contentUrl":"https:\/\/repliquemangacine.fr\/wp-content\/uploads\/2023\/10\/support-balles-denix.jpg","width":500,"height":500,"caption":"Support mural pour colt"},{"@type":"BreadcrumbList","@id":"https:\/\/repliquemangacine.fr\/accessoires-western\/support-mural-pour-colt\/#breadcrumb","itemListElement":[{"@type":"ListItem","position":1,"name":"Accueil","item":"https:\/\/repliquemangacine.fr\/"},{"@type":"ListItem","position":2,"name":"Produits","item":"https:\/\/repliquemangacine.fr\/boutique\/"},{"@type":"ListItem","position":3,"name":"Support mural pour colt"}]},{"@type":"WebSite","@id":"https:\/\/repliquemangacine.fr\/#website","url":"https:\/\/repliquemangacine.fr\/","name":"R\u00e9plique Manga Cin\u00e9","description":"","publisher":{"@id":"https:\/\/repliquemangacine.fr\/#organization"},"potentialAction":[{"@type":"SearchAction","target":{"@type":"EntryPoint","urlTemplate":"https:\/\/repliquemangacine.fr\/?s={search_term_string}"},"query-input":{"@type":"PropertyValueSpecification","valueRequired":true,"valueName":"search_term_string"}}],"inLanguage":"es"},{"@type":"Organization","@id":"https:\/\/repliquemangacine.fr\/#organization","name":"R\u00e9plique Manga Cin\u00e9","url":"https:\/\/repliquemangacine.fr\/","logo":{"@type":"ImageObject","inLanguage":"es","@id":"https:\/\/repliquemangacine.fr\/#\/schema\/logo\/image\/","url":"https:\/\/repliquemangacine.fr\/wp-content\/uploads\/2023\/10\/RMC-500250.png","contentUrl":"https:\/\/repliquemangacine.fr\/wp-content\/uploads\/2023\/10\/RMC-500250.png","width":500,"height":250,"caption":"R\u00e9plique Manga Cin\u00e9"},"image":{"@id":"https:\/\/repliquemangacine.fr\/#\/schema\/logo\/image\/"},"sameAs":["https:\/\/www.facebook.com\/RepliqueMangaCine","https:\/\/www.instagram.com\/repliquemangacine.fr\/"]}]}},"_links":{"self":[{"href":"https:\/\/repliquemangacine.fr\/es\/wp-json\/wp\/v2\/product\/59011","targetHints":{"allow":["GET"]}}],"collection":[{"href":"https:\/\/repliquemangacine.fr\/es\/wp-json\/wp\/v2\/product"}],"about":[{"href":"https:\/\/repliquemangacine.fr\/es\/wp-json\/wp\/v2\/types\/product"}],"wp:featuredmedia":[{"embeddable":true,"href":"https:\/\/repliquemangacine.fr\/es\/wp-json\/wp\/v2\/media\/59012"}],"wp:attachment":[{"href":"https:\/\/repliquemangacine.fr\/es\/wp-json\/wp\/v2\/media?parent=59011"}],"wp:term":[{"taxonomy":"product_brand","embeddable":true,"href":"https:\/\/repliquemangacine.fr\/es\/wp-json\/wp\/v2\/product_brand?post=59011"},{"taxonomy":"product_cat","embeddable":true,"href":"https:\/\/repliquemangacine.fr\/es\/wp-json\/wp\/v2\/product_cat?post=59011"},{"taxonomy":"product_tag","embeddable":true,"href":"https:\/\/repliquemangacine.fr\/es\/wp-json\/wp\/v2\/product_tag?post=59011"}],"curies":[{"name":"wp","href":"https:\/\/api.w.org\/{rel}","templated":true}]}}