





{"id":58982,"date":"2023-03-03T11:33:03","date_gmt":"2023-03-03T10:33:03","guid":{"rendered":"https:\/\/repliquemangacine.fr\/?post_type=product&#038;p=58982"},"modified":"2026-02-18T16:05:52","modified_gmt":"2026-02-18T15:05:52","slug":"el-martillo-de-thor-en-god-of-war-ragnarok","status":"publish","type":"product","link":"https:\/\/repliquemangacine.fr\/es\/katana-et-epee-de-jeux-video-autre-jeux-video\/marteau-de-thor-dans-god-of-war-ragnarok\/","title":{"rendered":"Martillo God Of War Ragnarok"},"content":{"rendered":"<h2>El martillo de Thor en God Of War Ragnarok<\/h2>\n<p>Para empezar, la r\u00e9plica no oficial del Martillo de Thor en God Of War Ragnarok est\u00e1 fabricada \u00edntegramente en fibra de vidrio.<\/p>\n<p>God of War: Ragnar\u00f6k tiene lugar aproximadamente tres a\u00f1os despu\u00e9s de los acontecimientos que condujeron a la muerte de Baldur. El Fimbulvetr est\u00e1 llegando a su fin, pero la situaci\u00f3n es particularmente sombr\u00eda e incierta para <a href=\"https:\/\/godofwar.fandom.com\/fr\/wiki\/Kratos\" target=\"_blank\" rel=\"noopener noreferrer\">Kratos<\/a> y su hijo.<\/p>\n<p>Perseguidos constantemente por una vengativa Freya, los dos protagonistas se preparan como pueden para el Ragnar\u00f6k, mientras la sombra de Asgard se vuelve m\u00e1s amenazante que nunca.<\/p>\n<h2>Tu Martillo de Thor en God Of War Ragnarok al mejor precio.<\/h2>\n<p>Le ofrecemos una amplia selecci\u00f3n de r\u00e9plicas de famosos videojuegos.<\/p>\n<p>En primer lugar,<\/p>\n<ul>\n<li>El magn\u00edfico <a href=\"https:\/\/repliquemangacine.fr\/es\/katana-y-espada-videojuego-otros-videojuegos\/kratos-hacha-dios-de-la-guerra\/\">Hacha de Kratos<\/a> con su cabeza de hacha de acero inoxidable fluorescente.<\/li>\n<li>Adem\u00e1s del espl\u00e9ndido <a href=\"https:\/\/repliquemangacine.fr\/es\/replica-de-videojuegos-manga\/kratos-hojas-del-caos\/\">Cuchillas del caos<\/a> finamente grabado<\/li>\n<li>Tambi\u00e9n hay otros videojuegos, como las armas de <a href=\"https:\/\/repliquemangacine.fr\/es\/anillo-elden\/\">Anillo Elden<\/a><\/li>\n<li>Y mucho m\u00e1s por descubrir en nuestra tienda en l\u00ednea.<\/li>\n<\/ul>\n<p>Por eso, esta es una magn\u00edfica idea de regalo para todos los aficionados a los videojuegos.<\/p>\n<p>En conclusi\u00f3n, puedes usar el Martillo de Thor en God Of War Ragnarok para tus desfiles de cosplay. Pero, ante todo, es una pieza de colecci\u00f3n y decoraci\u00f3n.<\/p>\n<h2>Descubre nuestros nuevos lanzamientos baratos de Assassin's Creed.<\/h2>\n<p>Siempre atentos a sus necesidades y solicitudes, nos complace ofrecerle algunas peque\u00f1as joyas que hemos encontrado para usted.<\/p>\n<p>Empecemos por :<\/p>\n<ul>\n<li>La <a href=\"https:\/\/repliquemangacine.fr\/es\/assassins-creed-espadas-assassins-creed-armas\/jacob-assassain-s-creed-espada-de-metal-varilla\/\">Bast\u00f3n espada de Jacob<\/a> todo met\u00e1lico en Assassin's Creed Syndicate con su peque\u00f1a guada\u00f1a al final del bast\u00f3n, \u00a1una maravilla!<\/li>\n<li>Luego est\u00e1 el <a href=\"https:\/\/repliquemangacine.fr\/es\/assassins-creed-espadas-assassins-creed-armas\/assassin-s-creed-odyssey-replica-lanza-rota-de-leonidas\/\">La lanza rota de Le\u00f3nidas<\/a> en Assassin's Creed Odyssey<\/li>\n<li>As\u00ed como todas las cuchillas secretas de la saga<\/li>\n<\/ul>\n<p>Adem\u00e1s, pr\u00f3ximamente tendremos algunas figuras de Assassin's Creed que nos hab\u00e9is pedido, \u00a1solo hay que tener un poco de paciencia!<\/p>\n<p>R\u00e9plique Manga Cin\u00e9 es una empresa familiar francesa.<\/p>","protected":false},"excerpt":{"rendered":"<p>R\u00e9plica no oficial del martillo de Thor en God Of War Ragnarok<\/p>\n<ul>\n<li>Fabricado \u00edntegramente en fibra de vidrio.<\/li>\n<li>Acabados envejecidos con dorado<\/li>\n<li>Grabados de s\u00edmbolos<\/li>\n<li>Dimensiones : 34 X 12 X 47 cm<\/li>\n<\/ul>","protected":false},"featured_media":85344,"template":"","meta":[],"product_brand":[896],"product_cat":[985,67],"product_tag":[],"class_list":{"0":"post-58982","1":"product","2":"type-product","3":"status-publish","4":"has-post-thumbnail","6":"product_brand-replique-manga-cine","7":"product_cat-replique-god-of-war","8":"product_cat-katana-et-epee-de-jeux-video-autre-jeux-video","10":"first","11":"instock","12":"taxable","13":"shipping-taxable","14":"purchasable","15":"product-type-simple"},"yoast_head":"<!-- This site is optimized with the Yoast SEO plugin v27.4 - https:\/\/yoast.com\/product\/yoast-seo-wordpress\/ -->\n<title>Marteau God Of War Ragnarok - R\u00e9plique Manga Cin\u00e9<\/title>\n<meta name=\"description\" content=\"En exclusivit\u00e9 ! Le Marteau de Thor dans God Of War Ragnarok au meilleur prix. Tout en fibre de verre - Hauteur 47cm - Poids : 2145grs - Envoi 24\/48h\" \/>\n<meta name=\"robots\" content=\"index, follow, max-snippet:-1, max-image-preview:large, max-video-preview:-1\" \/>\n<link rel=\"canonical\" href=\"https:\/\/repliquemangacine.fr\/es\/katana-y-espada-videojuego-otros-videojuegos\/el-martillo-de-thor-en-god-of-war-ragnarok\/\" \/>\n<meta property=\"og:locale\" content=\"es_ES\" \/>\n<meta property=\"og:type\" content=\"article\" \/>\n<meta property=\"og:title\" content=\"Marteau God Of War Ragnarok - R\u00e9plique Manga Cin\u00e9\" \/>\n<meta property=\"og:description\" content=\"En exclusivit\u00e9 ! Le Marteau de Thor dans God Of War Ragnarok au meilleur prix. Tout en fibre de verre - Hauteur 47cm - Poids : 2145grs - Envoi 24\/48h\" \/>\n<meta property=\"og:url\" content=\"https:\/\/repliquemangacine.fr\/es\/katana-y-espada-videojuego-otros-videojuegos\/el-martillo-de-thor-en-god-of-war-ragnarok\/\" \/>\n<meta property=\"og:site_name\" content=\"R\u00e9plique Manga Cin\u00e9\" \/>\n<meta property=\"article:publisher\" content=\"https:\/\/www.facebook.com\/RepliqueMangaCine\" \/>\n<meta property=\"article:modified_time\" content=\"2026-02-18T15:05:52+00:00\" \/>\n<meta property=\"og:image\" content=\"https:\/\/repliquemangacine.fr\/wp-content\/uploads\/2023\/03\/Marteau-Thor-God-Of-War.jpg\" \/>\n\t<meta property=\"og:image:width\" content=\"800\" \/>\n\t<meta property=\"og:image:height\" content=\"800\" \/>\n\t<meta property=\"og:image:type\" content=\"image\/jpeg\" \/>\n<meta name=\"twitter:card\" content=\"summary_large_image\" \/>\n<meta name=\"twitter:label1\" content=\"Tiempo de lectura\" \/>\n\t<meta name=\"twitter:data1\" content=\"2 minutos\" \/>\n<script type=\"application\/ld+json\" class=\"yoast-schema-graph\">{\"@context\":\"https:\\\/\\\/schema.org\",\"@graph\":[{\"@type\":\"WebPage\",\"@id\":\"https:\\\/\\\/repliquemangacine.fr\\\/katana-et-epee-de-jeux-video-autre-jeux-video\\\/marteau-de-thor-dans-god-of-war-ragnarok\\\/\",\"url\":\"https:\\\/\\\/repliquemangacine.fr\\\/katana-et-epee-de-jeux-video-autre-jeux-video\\\/marteau-de-thor-dans-god-of-war-ragnarok\\\/\",\"name\":\"Marteau God Of War Ragnarok - R\u00e9plique Manga Cin\u00e9\",\"isPartOf\":{\"@id\":\"https:\\\/\\\/repliquemangacine.fr\\\/#website\"},\"primaryImageOfPage\":{\"@id\":\"https:\\\/\\\/repliquemangacine.fr\\\/katana-et-epee-de-jeux-video-autre-jeux-video\\\/marteau-de-thor-dans-god-of-war-ragnarok\\\/#primaryimage\"},\"image\":{\"@id\":\"https:\\\/\\\/repliquemangacine.fr\\\/katana-et-epee-de-jeux-video-autre-jeux-video\\\/marteau-de-thor-dans-god-of-war-ragnarok\\\/#primaryimage\"},\"thumbnailUrl\":\"https:\\\/\\\/repliquemangacine.fr\\\/wp-content\\\/uploads\\\/2023\\\/03\\\/Marteau-Thor-God-Of-War.jpg\",\"datePublished\":\"2023-03-03T10:33:03+00:00\",\"dateModified\":\"2026-02-18T15:05:52+00:00\",\"description\":\"En exclusivit\u00e9 ! Le Marteau de Thor dans God Of War Ragnarok au meilleur prix. Tout en fibre de verre - Hauteur 47cm - Poids : 2145grs - Envoi 24\\\/48h\",\"breadcrumb\":{\"@id\":\"https:\\\/\\\/repliquemangacine.fr\\\/katana-et-epee-de-jeux-video-autre-jeux-video\\\/marteau-de-thor-dans-god-of-war-ragnarok\\\/#breadcrumb\"},\"inLanguage\":\"es\",\"potentialAction\":[{\"@type\":\"ReadAction\",\"target\":[\"https:\\\/\\\/repliquemangacine.fr\\\/katana-et-epee-de-jeux-video-autre-jeux-video\\\/marteau-de-thor-dans-god-of-war-ragnarok\\\/\"]}]},{\"@type\":\"ImageObject\",\"inLanguage\":\"es\",\"@id\":\"https:\\\/\\\/repliquemangacine.fr\\\/katana-et-epee-de-jeux-video-autre-jeux-video\\\/marteau-de-thor-dans-god-of-war-ragnarok\\\/#primaryimage\",\"url\":\"https:\\\/\\\/repliquemangacine.fr\\\/wp-content\\\/uploads\\\/2023\\\/03\\\/Marteau-Thor-God-Of-War.jpg\",\"contentUrl\":\"https:\\\/\\\/repliquemangacine.fr\\\/wp-content\\\/uploads\\\/2023\\\/03\\\/Marteau-Thor-God-Of-War.jpg\",\"width\":800,\"height\":800,\"caption\":\"Marteau Thor God Of War\"},{\"@type\":\"BreadcrumbList\",\"@id\":\"https:\\\/\\\/repliquemangacine.fr\\\/katana-et-epee-de-jeux-video-autre-jeux-video\\\/marteau-de-thor-dans-god-of-war-ragnarok\\\/#breadcrumb\",\"itemListElement\":[{\"@type\":\"ListItem\",\"position\":1,\"name\":\"Accueil\",\"item\":\"https:\\\/\\\/repliquemangacine.fr\\\/\"},{\"@type\":\"ListItem\",\"position\":2,\"name\":\"Produits\",\"item\":\"https:\\\/\\\/repliquemangacine.fr\\\/boutique\\\/\"},{\"@type\":\"ListItem\",\"position\":3,\"name\":\"Marteau God Of War Ragnarok\"}]},{\"@type\":\"WebSite\",\"@id\":\"https:\\\/\\\/repliquemangacine.fr\\\/#website\",\"url\":\"https:\\\/\\\/repliquemangacine.fr\\\/\",\"name\":\"R\u00e9plique Manga Cin\u00e9\",\"description\":\"\",\"publisher\":{\"@id\":\"https:\\\/\\\/repliquemangacine.fr\\\/#organization\"},\"potentialAction\":[{\"@type\":\"SearchAction\",\"target\":{\"@type\":\"EntryPoint\",\"urlTemplate\":\"https:\\\/\\\/repliquemangacine.fr\\\/?s={search_term_string}\"},\"query-input\":{\"@type\":\"PropertyValueSpecification\",\"valueRequired\":true,\"valueName\":\"search_term_string\"}}],\"inLanguage\":\"es\"},{\"@type\":\"Organization\",\"@id\":\"https:\\\/\\\/repliquemangacine.fr\\\/#organization\",\"name\":\"R\u00e9plique Manga Cin\u00e9\",\"url\":\"https:\\\/\\\/repliquemangacine.fr\\\/\",\"logo\":{\"@type\":\"ImageObject\",\"inLanguage\":\"es\",\"@id\":\"https:\\\/\\\/repliquemangacine.fr\\\/#\\\/schema\\\/logo\\\/image\\\/\",\"url\":\"https:\\\/\\\/repliquemangacine.fr\\\/wp-content\\\/uploads\\\/2023\\\/10\\\/RMC-500250.png\",\"contentUrl\":\"https:\\\/\\\/repliquemangacine.fr\\\/wp-content\\\/uploads\\\/2023\\\/10\\\/RMC-500250.png\",\"width\":500,\"height\":250,\"caption\":\"R\u00e9plique Manga Cin\u00e9\"},\"image\":{\"@id\":\"https:\\\/\\\/repliquemangacine.fr\\\/#\\\/schema\\\/logo\\\/image\\\/\"},\"sameAs\":[\"https:\\\/\\\/www.facebook.com\\\/RepliqueMangaCine\",\"https:\\\/\\\/www.instagram.com\\\/repliquemangacine.fr\\\/\"]}]}<\/script>\n<!-- \/ Yoast SEO plugin. -->","yoast_head_json":{"title":"Martillo God Of War Ragnarok - R\u00e9plique Manga Cin\u00e9","description":"\u00a1En exclusiva! El Martillo de Thor en God Of War Ragnarok al mejor precio. Todo en fibra de vidrio - Altura 47cm - Peso : 2145grs - Env\u00edo 24\/48h","robots":{"index":"index","follow":"follow","max-snippet":"max-snippet:-1","max-image-preview":"max-image-preview:large","max-video-preview":"max-video-preview:-1"},"canonical":"https:\/\/repliquemangacine.fr\/es\/katana-y-espada-videojuego-otros-videojuegos\/el-martillo-de-thor-en-god-of-war-ragnarok\/","og_locale":"es_ES","og_type":"article","og_title":"Marteau God Of War Ragnarok - R\u00e9plique Manga Cin\u00e9","og_description":"En exclusivit\u00e9 ! Le Marteau de Thor dans God Of War Ragnarok au meilleur prix. Tout en fibre de verre - Hauteur 47cm - Poids : 2145grs - Envoi 24\/48h","og_url":"https:\/\/repliquemangacine.fr\/es\/katana-y-espada-videojuego-otros-videojuegos\/el-martillo-de-thor-en-god-of-war-ragnarok\/","og_site_name":"R\u00e9plique Manga Cin\u00e9","article_publisher":"https:\/\/www.facebook.com\/RepliqueMangaCine","article_modified_time":"2026-02-18T15:05:52+00:00","og_image":[{"width":800,"height":800,"url":"https:\/\/repliquemangacine.fr\/wp-content\/uploads\/2023\/03\/Marteau-Thor-God-Of-War.jpg","type":"image\/jpeg"}],"twitter_card":"summary_large_image","twitter_misc":{"Tiempo de lectura":"2 minutos"},"schema":{"@context":"https:\/\/schema.org","@graph":[{"@type":"WebPage","@id":"https:\/\/repliquemangacine.fr\/katana-et-epee-de-jeux-video-autre-jeux-video\/marteau-de-thor-dans-god-of-war-ragnarok\/","url":"https:\/\/repliquemangacine.fr\/katana-et-epee-de-jeux-video-autre-jeux-video\/marteau-de-thor-dans-god-of-war-ragnarok\/","name":"Martillo God Of War Ragnarok - R\u00e9plique Manga Cin\u00e9","isPartOf":{"@id":"https:\/\/repliquemangacine.fr\/#website"},"primaryImageOfPage":{"@id":"https:\/\/repliquemangacine.fr\/katana-et-epee-de-jeux-video-autre-jeux-video\/marteau-de-thor-dans-god-of-war-ragnarok\/#primaryimage"},"image":{"@id":"https:\/\/repliquemangacine.fr\/katana-et-epee-de-jeux-video-autre-jeux-video\/marteau-de-thor-dans-god-of-war-ragnarok\/#primaryimage"},"thumbnailUrl":"https:\/\/repliquemangacine.fr\/wp-content\/uploads\/2023\/03\/Marteau-Thor-God-Of-War.jpg","datePublished":"2023-03-03T10:33:03+00:00","dateModified":"2026-02-18T15:05:52+00:00","description":"\u00a1En exclusiva! El Martillo de Thor en God Of War Ragnarok al mejor precio. Todo en fibra de vidrio - Altura 47cm - Peso : 2145grs - Env\u00edo 24\/48h","breadcrumb":{"@id":"https:\/\/repliquemangacine.fr\/katana-et-epee-de-jeux-video-autre-jeux-video\/marteau-de-thor-dans-god-of-war-ragnarok\/#breadcrumb"},"inLanguage":"es","potentialAction":[{"@type":"ReadAction","target":["https:\/\/repliquemangacine.fr\/katana-et-epee-de-jeux-video-autre-jeux-video\/marteau-de-thor-dans-god-of-war-ragnarok\/"]}]},{"@type":"ImageObject","inLanguage":"es","@id":"https:\/\/repliquemangacine.fr\/katana-et-epee-de-jeux-video-autre-jeux-video\/marteau-de-thor-dans-god-of-war-ragnarok\/#primaryimage","url":"https:\/\/repliquemangacine.fr\/wp-content\/uploads\/2023\/03\/Marteau-Thor-God-Of-War.jpg","contentUrl":"https:\/\/repliquemangacine.fr\/wp-content\/uploads\/2023\/03\/Marteau-Thor-God-Of-War.jpg","width":800,"height":800,"caption":"Marteau Thor God Of War"},{"@type":"BreadcrumbList","@id":"https:\/\/repliquemangacine.fr\/katana-et-epee-de-jeux-video-autre-jeux-video\/marteau-de-thor-dans-god-of-war-ragnarok\/#breadcrumb","itemListElement":[{"@type":"ListItem","position":1,"name":"Accueil","item":"https:\/\/repliquemangacine.fr\/"},{"@type":"ListItem","position":2,"name":"Produits","item":"https:\/\/repliquemangacine.fr\/boutique\/"},{"@type":"ListItem","position":3,"name":"Marteau God Of War Ragnarok"}]},{"@type":"WebSite","@id":"https:\/\/repliquemangacine.fr\/#website","url":"https:\/\/repliquemangacine.fr\/","name":"R\u00e9plique Manga Cin\u00e9","description":"","publisher":{"@id":"https:\/\/repliquemangacine.fr\/#organization"},"potentialAction":[{"@type":"SearchAction","target":{"@type":"EntryPoint","urlTemplate":"https:\/\/repliquemangacine.fr\/?s={search_term_string}"},"query-input":{"@type":"PropertyValueSpecification","valueRequired":true,"valueName":"search_term_string"}}],"inLanguage":"es"},{"@type":"Organization","@id":"https:\/\/repliquemangacine.fr\/#organization","name":"R\u00e9plique Manga Cin\u00e9","url":"https:\/\/repliquemangacine.fr\/","logo":{"@type":"ImageObject","inLanguage":"es","@id":"https:\/\/repliquemangacine.fr\/#\/schema\/logo\/image\/","url":"https:\/\/repliquemangacine.fr\/wp-content\/uploads\/2023\/10\/RMC-500250.png","contentUrl":"https:\/\/repliquemangacine.fr\/wp-content\/uploads\/2023\/10\/RMC-500250.png","width":500,"height":250,"caption":"R\u00e9plique Manga Cin\u00e9"},"image":{"@id":"https:\/\/repliquemangacine.fr\/#\/schema\/logo\/image\/"},"sameAs":["https:\/\/www.facebook.com\/RepliqueMangaCine","https:\/\/www.instagram.com\/repliquemangacine.fr\/"]}]}},"_links":{"self":[{"href":"https:\/\/repliquemangacine.fr\/es\/wp-json\/wp\/v2\/product\/58982","targetHints":{"allow":["GET"]}}],"collection":[{"href":"https:\/\/repliquemangacine.fr\/es\/wp-json\/wp\/v2\/product"}],"about":[{"href":"https:\/\/repliquemangacine.fr\/es\/wp-json\/wp\/v2\/types\/product"}],"wp:featuredmedia":[{"embeddable":true,"href":"https:\/\/repliquemangacine.fr\/es\/wp-json\/wp\/v2\/media\/85344"}],"wp:attachment":[{"href":"https:\/\/repliquemangacine.fr\/es\/wp-json\/wp\/v2\/media?parent=58982"}],"wp:term":[{"taxonomy":"product_brand","embeddable":true,"href":"https:\/\/repliquemangacine.fr\/es\/wp-json\/wp\/v2\/product_brand?post=58982"},{"taxonomy":"product_cat","embeddable":true,"href":"https:\/\/repliquemangacine.fr\/es\/wp-json\/wp\/v2\/product_cat?post=58982"},{"taxonomy":"product_tag","embeddable":true,"href":"https:\/\/repliquemangacine.fr\/es\/wp-json\/wp\/v2\/product_tag?post=58982"}],"curies":[{"name":"wp","href":"https:\/\/api.w.org\/{rel}","templated":true}]}}