





{"id":58576,"date":"2023-02-09T19:37:32","date_gmt":"2023-02-09T18:37:32","guid":{"rendered":"https:\/\/repliquemangacine.fr\/?post_type=product&#038;p=58576"},"modified":"2025-11-21T13:14:28","modified_gmt":"2025-11-21T12:14:28","slug":"harry-potter-escoba-de-fuego","status":"publish","type":"product","link":"https:\/\/repliquemangacine.fr\/es\/collectors-et-goodies-harry-potter\/balai-firebolt-harry-potter\/","title":{"rendered":"Harry Potter Escoba Firebolt"},"content":{"rendered":"<h2>R\u00e9plica oficial de la escoba Firebolt de Harry Potter.<\/h2>\n<p>Este excepcional <strong>Harry Potter Escoba Firebolt<\/strong> bajo licencia oficial de Warner Bros., en una edici\u00f3n limitada de s\u00f3lo 10.000 copias en todo el mundo.<\/p>\n<p><em>Aunque sea divertido llevarlo, este \u00c9clair de Feu no es un juguete, sino una fr\u00e1gil pieza de coleccionista. Puede romperse si se manipula mal. Como el mango y las ramitas est\u00e1n fabricados con materiales naturales, el color y el aspecto de la madera pueden variar de una escoba a otra.<\/em><\/p>\n<p>En la saga Harry Potter, la Firebolt es la escoba m\u00e1s r\u00e1pida, con una aceleraci\u00f3n de 0 a 240 km\/h en 10 segundos. Cuenta con un freno autom\u00e1tico y un hechizo de frenado muy sofisticado.<\/p>\n<p>Harry se convierte en su feliz propietario en Navidad, gracias a un regalo de su padrino Sirius Black. El rayo de fuego tambi\u00e9n lo utiliza el equipo de Quiddich de Irlanda.<\/p>\n<p><a href=\"https:\/\/www.repliquemangacine.fr\/wp-content\/uploads\/2023\/02\/balai-eclair-de-feu-harry-potter1.jpg\"><img fetchpriority=\"high\" decoding=\"async\" class=\"alignnone size-medium wp-image-58589\" src=\"https:\/\/www.repliquemangacine.fr\/wp-content\/uploads\/2023\/02\/balai-eclair-de-feu-harry-potter1-300x300.jpg\" alt=\"\" width=\"300\" height=\"300\" \/><\/a><\/p>\n<h2>Escoba Harry Potter Firebolt al mejor precio.<\/h2>\n<p>Te ofrecemos una amplia selecci\u00f3n de varitas de Harry Potter, as\u00ed como objetos de colecci\u00f3n para ampliar tu colecci\u00f3n.<\/p>\n<p>Lo primero es lo primero,<\/p>\n<ul>\n<li>En <a href=\"https:\/\/repliquemangacine.fr\/es\/varitas-de-harry-potter\/\">Varitas de personajes de Harry Potter<\/a>disponibles en versiones oficiales y r\u00e9plicas econ\u00f3micas.<\/li>\n<li>Tambi\u00e9n existe la <a href=\"https:\/\/repliquemangacine.fr\/es\/coleccionistas-y-objetos-de-harry-potter\/tablero-de-ajedrez-de-los-magos-juego-de-ajedrez-hp\/\">Juego de ajedrez Harry Potter<\/a> bajo licencia oficial distribuida por <a href=\"https:\/\/noblecollection.fr\/echiquier-des-sorciers-harry-potter-p-4658.html\" target=\"_blank\" rel=\"noopener noreferrer\">Colecci\u00f3n Noble<\/a><\/li>\n<li>As\u00ed como el <a href=\"https:\/\/repliquemangacine.fr\/es\/varitas-y-objetos-de-harry-potter\/el-deluminador-de-ron-weasley\/\">Deluminator<\/a> que le leg\u00f3 Dumbledor. Esta pieza de coleccionista es distribuida por Noble Collection.<\/li>\n<li>Tambi\u00e9n existe la<a href=\"https:\/\/repliquemangacine.fr\/es\/coleccionistas-y-objetos-de-harry-potter\/harry-potter-godric-gryffindor-espada\/\">Espada Gryffindor<\/a>hecha por los duendes. Es una de las cuatro reliquias de los fundadores.<\/li>\n<li>Y muchos m\u00e1s por descubrir en nuestra tienda online.<\/li>\n<\/ul>\n<p>Por eso hemos pensado en algunas ideas para regalar a los fans de la saga. T\u00fa tambi\u00e9n puedes ser el orgulloso propietario del <strong>Harry Potter Escoba Firebolt<\/strong>.<\/p>\n<h2>Echa un vistazo a nuestros \u00faltimos lanzamientos de Harry Potter por menos.<\/h2>\n<p>Siempre a la b\u00fasqueda de las \u00faltimas novedades del mercado, te ofrecemos algunas r\u00e9plicas que necesitas para ampliar tu colecci\u00f3n personal.<\/p>\n<p>En primer lugar, nos lo hab\u00e9is pedido y aqu\u00ed est\u00e1.<\/p>\n<ul>\n<li>\u00a1La r\u00e9plica del sombrero interactivo te dir\u00e1 a qu\u00e9 Casa perteneces! Pero eso no es todo. Pulsa las tiras para activar la boca y hacer que la parte superior del sombrero se mueva.<\/li>\n<li>Un nuevo <a href=\"https:\/\/repliquemangacine.fr\/es\/coleccionistas-y-objetos-de-harry-potter\/varita-de-harry-potter\/\">caja de coleccionista<\/a> de tus personajes favoritos en llaveros o colgantes, seg\u00fan tu estado de \u00e1nimo.<\/li>\n<li>Pronto traeremos el famoso Marauder's Map, el mapa m\u00e1gico que muestra la ubicaci\u00f3n de los ocupantes de la escuela.<\/li>\n<li>Para terminar, le aguardan muchas otras sorpresas: tenga paciencia y t\u00f3mese su tiempo para disfrutar de la visita. <strong>Harry Potter Escoba Firebolt<\/strong><\/li>\n<\/ul>\n<p>R\u00e9plique Manga Cin\u00e9 es una empresa familiar francesa.<\/p>","protected":false},"excerpt":{"rendered":"<p>R\u00e9plica con licencia oficial de la escoba Firebolt. En todos los sentidos similar a la que se ve en las pel\u00edculas, se extrajo de los archivos de Warner Bros.<\/p>\n<ul>\n<li>Mango de madera de caucho con runas grabadas.<\/li>\n<li>Cerdas de abedul y rat\u00e1n.<\/li>\n<li>Reposapi\u00e9s extra\u00edbles que pueden instalarse de dos formas diferentes<\/li>\n<li>Envuelto en papel de regalo de Quidditch<\/li>\n<li>Runas doradas grabadas en el mango<\/li>\n<li>Se suministra en 2 piezas. F\u00e1cil montaje con sistema de tornillos<\/li>\n<li>Con la escoba se suministra una pluma que recuerda a la de Buck.<\/li>\n<li>Dimensiones: 165cm - Peso: 3210grs<\/li>\n<\/ul>\n<p><strong>Cada Firebolt viene con un certificado de autenticidad, un soporte y una placa met\u00e1lica numerada, por lo que cada pieza es realmente \u00fanica. <\/strong><\/p>\n<p><strong>Edici\u00f3n limitada de 10.000 ejemplares.<\/strong><\/p>\n<p><iframe title=\"Reproductor de v\u00eddeo YouTube\" src=\"https:\/\/www.youtube.com\/embed\/0DUEyqWL7g8\" width=\"560\" height=\"315\" frameborder=\"0\" allowfullscreen=\"allowfullscreen\"><\/iframe><\/p>","protected":false},"featured_media":58577,"template":"","meta":[],"product_brand":[896],"product_cat":[87,24,41],"product_tag":[],"class_list":{"0":"post-58576","1":"product","2":"type-product","3":"status-publish","4":"has-post-thumbnail","6":"product_brand-replique-manga-cine","7":"product_cat-collectors-et-goodies-harry-potter","8":"product_cat-films-series-tv-vente-de-katana-epee-et-produits-derives","9":"product_cat-baguettes-et-goodies-harry-potter","11":"first","12":"instock","13":"taxable","14":"shipping-taxable","15":"purchasable","16":"product-type-simple"},"yoast_head":"<!-- This site is optimized with the Yoast SEO plugin v27.4 - https:\/\/yoast.com\/product\/yoast-seo-wordpress\/ -->\n<title>Balai Firebolt Harry Potter Licence Officielle | R\u00e9plique Manga Cin\u00e9<\/title>\n<meta name=\"description\" content=\"Exceptionnel, le Balai Firebolt de Harry Potter au meilleur prix. Sous licence Officielle Warner Bros, num\u00e9rot\u00e9e, \u00e9chelle 1\/1. Envoi gratuit en 24\/48h\" \/>\n<meta name=\"robots\" content=\"index, follow, max-snippet:-1, max-image-preview:large, max-video-preview:-1\" \/>\n<link rel=\"canonical\" href=\"https:\/\/repliquemangacine.fr\/es\/coleccionistas-y-objetos-de-harry-potter\/harry-potter-escoba-de-fuego\/\" \/>\n<meta property=\"og:locale\" content=\"es_ES\" \/>\n<meta property=\"og:type\" content=\"article\" \/>\n<meta property=\"og:title\" content=\"Balai Firebolt Harry Potter Licence Officielle | R\u00e9plique Manga Cin\u00e9\" \/>\n<meta property=\"og:description\" content=\"Exceptionnel, le Balai Firebolt de Harry Potter au meilleur prix. Sous licence Officielle Warner Bros, num\u00e9rot\u00e9e, \u00e9chelle 1\/1. Envoi gratuit en 24\/48h\" \/>\n<meta property=\"og:url\" content=\"https:\/\/repliquemangacine.fr\/es\/coleccionistas-y-objetos-de-harry-potter\/harry-potter-escoba-de-fuego\/\" \/>\n<meta property=\"og:site_name\" content=\"R\u00e9plique Manga Cin\u00e9\" \/>\n<meta property=\"article:publisher\" content=\"https:\/\/www.facebook.com\/RepliqueMangaCine\" \/>\n<meta property=\"article:modified_time\" content=\"2025-11-21T12:14:28+00:00\" \/>\n<meta property=\"og:image\" content=\"https:\/\/repliquemangacine.fr\/wp-content\/uploads\/2023\/10\/Balai-FireBolt-Harry-Potter.jpg\" \/>\n\t<meta property=\"og:image:width\" content=\"500\" \/>\n\t<meta property=\"og:image:height\" content=\"500\" \/>\n\t<meta property=\"og:image:type\" content=\"image\/jpeg\" \/>\n<meta name=\"twitter:card\" content=\"summary_large_image\" \/>\n<meta name=\"twitter:label1\" content=\"Tiempo de lectura\" \/>\n\t<meta name=\"twitter:data1\" content=\"3 minutos\" \/>\n<script type=\"application\/ld+json\" class=\"yoast-schema-graph\">{\"@context\":\"https:\\\/\\\/schema.org\",\"@graph\":[{\"@type\":\"WebPage\",\"@id\":\"https:\\\/\\\/repliquemangacine.fr\\\/collectors-et-goodies-harry-potter\\\/balai-firebolt-harry-potter\\\/\",\"url\":\"https:\\\/\\\/repliquemangacine.fr\\\/collectors-et-goodies-harry-potter\\\/balai-firebolt-harry-potter\\\/\",\"name\":\"Balai Firebolt Harry Potter Licence Officielle | R\u00e9plique Manga Cin\u00e9\",\"isPartOf\":{\"@id\":\"https:\\\/\\\/repliquemangacine.fr\\\/#website\"},\"primaryImageOfPage\":{\"@id\":\"https:\\\/\\\/repliquemangacine.fr\\\/collectors-et-goodies-harry-potter\\\/balai-firebolt-harry-potter\\\/#primaryimage\"},\"image\":{\"@id\":\"https:\\\/\\\/repliquemangacine.fr\\\/collectors-et-goodies-harry-potter\\\/balai-firebolt-harry-potter\\\/#primaryimage\"},\"thumbnailUrl\":\"https:\\\/\\\/repliquemangacine.fr\\\/wp-content\\\/uploads\\\/2023\\\/10\\\/Balai-FireBolt-Harry-Potter.jpg\",\"datePublished\":\"2023-02-09T18:37:32+00:00\",\"dateModified\":\"2025-11-21T12:14:28+00:00\",\"description\":\"Exceptionnel, le Balai Firebolt de Harry Potter au meilleur prix. Sous licence Officielle Warner Bros, num\u00e9rot\u00e9e, \u00e9chelle 1\\\/1. Envoi gratuit en 24\\\/48h\",\"breadcrumb\":{\"@id\":\"https:\\\/\\\/repliquemangacine.fr\\\/collectors-et-goodies-harry-potter\\\/balai-firebolt-harry-potter\\\/#breadcrumb\"},\"inLanguage\":\"es\",\"potentialAction\":[{\"@type\":\"ReadAction\",\"target\":[\"https:\\\/\\\/repliquemangacine.fr\\\/collectors-et-goodies-harry-potter\\\/balai-firebolt-harry-potter\\\/\"]}]},{\"@type\":\"ImageObject\",\"inLanguage\":\"es\",\"@id\":\"https:\\\/\\\/repliquemangacine.fr\\\/collectors-et-goodies-harry-potter\\\/balai-firebolt-harry-potter\\\/#primaryimage\",\"url\":\"https:\\\/\\\/repliquemangacine.fr\\\/wp-content\\\/uploads\\\/2023\\\/10\\\/Balai-FireBolt-Harry-Potter.jpg\",\"contentUrl\":\"https:\\\/\\\/repliquemangacine.fr\\\/wp-content\\\/uploads\\\/2023\\\/10\\\/Balai-FireBolt-Harry-Potter.jpg\",\"width\":500,\"height\":500,\"caption\":\"Balai Firebolt Harry Potter \u00e9clair de feu\"},{\"@type\":\"BreadcrumbList\",\"@id\":\"https:\\\/\\\/repliquemangacine.fr\\\/collectors-et-goodies-harry-potter\\\/balai-firebolt-harry-potter\\\/#breadcrumb\",\"itemListElement\":[{\"@type\":\"ListItem\",\"position\":1,\"name\":\"Accueil\",\"item\":\"https:\\\/\\\/repliquemangacine.fr\\\/\"},{\"@type\":\"ListItem\",\"position\":2,\"name\":\"Produits\",\"item\":\"https:\\\/\\\/repliquemangacine.fr\\\/boutique\\\/\"},{\"@type\":\"ListItem\",\"position\":3,\"name\":\"Balai Firebolt Harry Potter\"}]},{\"@type\":\"WebSite\",\"@id\":\"https:\\\/\\\/repliquemangacine.fr\\\/#website\",\"url\":\"https:\\\/\\\/repliquemangacine.fr\\\/\",\"name\":\"R\u00e9plique Manga Cin\u00e9\",\"description\":\"\",\"publisher\":{\"@id\":\"https:\\\/\\\/repliquemangacine.fr\\\/#organization\"},\"potentialAction\":[{\"@type\":\"SearchAction\",\"target\":{\"@type\":\"EntryPoint\",\"urlTemplate\":\"https:\\\/\\\/repliquemangacine.fr\\\/?s={search_term_string}\"},\"query-input\":{\"@type\":\"PropertyValueSpecification\",\"valueRequired\":true,\"valueName\":\"search_term_string\"}}],\"inLanguage\":\"es\"},{\"@type\":\"Organization\",\"@id\":\"https:\\\/\\\/repliquemangacine.fr\\\/#organization\",\"name\":\"R\u00e9plique Manga Cin\u00e9\",\"url\":\"https:\\\/\\\/repliquemangacine.fr\\\/\",\"logo\":{\"@type\":\"ImageObject\",\"inLanguage\":\"es\",\"@id\":\"https:\\\/\\\/repliquemangacine.fr\\\/#\\\/schema\\\/logo\\\/image\\\/\",\"url\":\"https:\\\/\\\/repliquemangacine.fr\\\/wp-content\\\/uploads\\\/2023\\\/10\\\/RMC-500250.png\",\"contentUrl\":\"https:\\\/\\\/repliquemangacine.fr\\\/wp-content\\\/uploads\\\/2023\\\/10\\\/RMC-500250.png\",\"width\":500,\"height\":250,\"caption\":\"R\u00e9plique Manga Cin\u00e9\"},\"image\":{\"@id\":\"https:\\\/\\\/repliquemangacine.fr\\\/#\\\/schema\\\/logo\\\/image\\\/\"},\"sameAs\":[\"https:\\\/\\\/www.facebook.com\\\/RepliqueMangaCine\",\"https:\\\/\\\/www.instagram.com\\\/repliquemangacine.fr\\\/\"]}]}<\/script>\n<!-- \/ Yoast SEO plugin. -->","yoast_head_json":{"title":"Escoba Firebolt Harry Potter Licencia Oficial | R\u00e9plique Manga Cin\u00e9","description":"Excepcional, la escoba Firebolt de Harry Potter al mejor precio. Con licencia oficial de Warner Bros, numerada, escala 1\/1. Entrega gratuita en 24\/48 horas","robots":{"index":"index","follow":"follow","max-snippet":"max-snippet:-1","max-image-preview":"max-image-preview:large","max-video-preview":"max-video-preview:-1"},"canonical":"https:\/\/repliquemangacine.fr\/es\/coleccionistas-y-objetos-de-harry-potter\/harry-potter-escoba-de-fuego\/","og_locale":"es_ES","og_type":"article","og_title":"Balai Firebolt Harry Potter Licence Officielle | R\u00e9plique Manga Cin\u00e9","og_description":"Exceptionnel, le Balai Firebolt de Harry Potter au meilleur prix. Sous licence Officielle Warner Bros, num\u00e9rot\u00e9e, \u00e9chelle 1\/1. Envoi gratuit en 24\/48h","og_url":"https:\/\/repliquemangacine.fr\/es\/coleccionistas-y-objetos-de-harry-potter\/harry-potter-escoba-de-fuego\/","og_site_name":"R\u00e9plique Manga Cin\u00e9","article_publisher":"https:\/\/www.facebook.com\/RepliqueMangaCine","article_modified_time":"2025-11-21T12:14:28+00:00","og_image":[{"width":500,"height":500,"url":"https:\/\/repliquemangacine.fr\/wp-content\/uploads\/2023\/10\/Balai-FireBolt-Harry-Potter.jpg","type":"image\/jpeg"}],"twitter_card":"summary_large_image","twitter_misc":{"Tiempo de lectura":"3 minutos"},"schema":{"@context":"https:\/\/schema.org","@graph":[{"@type":"WebPage","@id":"https:\/\/repliquemangacine.fr\/collectors-et-goodies-harry-potter\/balai-firebolt-harry-potter\/","url":"https:\/\/repliquemangacine.fr\/collectors-et-goodies-harry-potter\/balai-firebolt-harry-potter\/","name":"Escoba Firebolt Harry Potter Licencia Oficial | R\u00e9plique Manga Cin\u00e9","isPartOf":{"@id":"https:\/\/repliquemangacine.fr\/#website"},"primaryImageOfPage":{"@id":"https:\/\/repliquemangacine.fr\/collectors-et-goodies-harry-potter\/balai-firebolt-harry-potter\/#primaryimage"},"image":{"@id":"https:\/\/repliquemangacine.fr\/collectors-et-goodies-harry-potter\/balai-firebolt-harry-potter\/#primaryimage"},"thumbnailUrl":"https:\/\/repliquemangacine.fr\/wp-content\/uploads\/2023\/10\/Balai-FireBolt-Harry-Potter.jpg","datePublished":"2023-02-09T18:37:32+00:00","dateModified":"2025-11-21T12:14:28+00:00","description":"Excepcional, la escoba Firebolt de Harry Potter al mejor precio. Con licencia oficial de Warner Bros, numerada, escala 1\/1. Entrega gratuita en 24\/48 horas","breadcrumb":{"@id":"https:\/\/repliquemangacine.fr\/collectors-et-goodies-harry-potter\/balai-firebolt-harry-potter\/#breadcrumb"},"inLanguage":"es","potentialAction":[{"@type":"ReadAction","target":["https:\/\/repliquemangacine.fr\/collectors-et-goodies-harry-potter\/balai-firebolt-harry-potter\/"]}]},{"@type":"ImageObject","inLanguage":"es","@id":"https:\/\/repliquemangacine.fr\/collectors-et-goodies-harry-potter\/balai-firebolt-harry-potter\/#primaryimage","url":"https:\/\/repliquemangacine.fr\/wp-content\/uploads\/2023\/10\/Balai-FireBolt-Harry-Potter.jpg","contentUrl":"https:\/\/repliquemangacine.fr\/wp-content\/uploads\/2023\/10\/Balai-FireBolt-Harry-Potter.jpg","width":500,"height":500,"caption":"Balai Firebolt Harry Potter \u00e9clair de feu"},{"@type":"BreadcrumbList","@id":"https:\/\/repliquemangacine.fr\/collectors-et-goodies-harry-potter\/balai-firebolt-harry-potter\/#breadcrumb","itemListElement":[{"@type":"ListItem","position":1,"name":"Accueil","item":"https:\/\/repliquemangacine.fr\/"},{"@type":"ListItem","position":2,"name":"Produits","item":"https:\/\/repliquemangacine.fr\/boutique\/"},{"@type":"ListItem","position":3,"name":"Balai Firebolt Harry Potter"}]},{"@type":"WebSite","@id":"https:\/\/repliquemangacine.fr\/#website","url":"https:\/\/repliquemangacine.fr\/","name":"R\u00e9plique Manga Cin\u00e9","description":"","publisher":{"@id":"https:\/\/repliquemangacine.fr\/#organization"},"potentialAction":[{"@type":"SearchAction","target":{"@type":"EntryPoint","urlTemplate":"https:\/\/repliquemangacine.fr\/?s={search_term_string}"},"query-input":{"@type":"PropertyValueSpecification","valueRequired":true,"valueName":"search_term_string"}}],"inLanguage":"es"},{"@type":"Organization","@id":"https:\/\/repliquemangacine.fr\/#organization","name":"R\u00e9plique Manga Cin\u00e9","url":"https:\/\/repliquemangacine.fr\/","logo":{"@type":"ImageObject","inLanguage":"es","@id":"https:\/\/repliquemangacine.fr\/#\/schema\/logo\/image\/","url":"https:\/\/repliquemangacine.fr\/wp-content\/uploads\/2023\/10\/RMC-500250.png","contentUrl":"https:\/\/repliquemangacine.fr\/wp-content\/uploads\/2023\/10\/RMC-500250.png","width":500,"height":250,"caption":"R\u00e9plique Manga Cin\u00e9"},"image":{"@id":"https:\/\/repliquemangacine.fr\/#\/schema\/logo\/image\/"},"sameAs":["https:\/\/www.facebook.com\/RepliqueMangaCine","https:\/\/www.instagram.com\/repliquemangacine.fr\/"]}]}},"_links":{"self":[{"href":"https:\/\/repliquemangacine.fr\/es\/wp-json\/wp\/v2\/product\/58576","targetHints":{"allow":["GET"]}}],"collection":[{"href":"https:\/\/repliquemangacine.fr\/es\/wp-json\/wp\/v2\/product"}],"about":[{"href":"https:\/\/repliquemangacine.fr\/es\/wp-json\/wp\/v2\/types\/product"}],"wp:featuredmedia":[{"embeddable":true,"href":"https:\/\/repliquemangacine.fr\/es\/wp-json\/wp\/v2\/media\/58577"}],"wp:attachment":[{"href":"https:\/\/repliquemangacine.fr\/es\/wp-json\/wp\/v2\/media?parent=58576"}],"wp:term":[{"taxonomy":"product_brand","embeddable":true,"href":"https:\/\/repliquemangacine.fr\/es\/wp-json\/wp\/v2\/product_brand?post=58576"},{"taxonomy":"product_cat","embeddable":true,"href":"https:\/\/repliquemangacine.fr\/es\/wp-json\/wp\/v2\/product_cat?post=58576"},{"taxonomy":"product_tag","embeddable":true,"href":"https:\/\/repliquemangacine.fr\/es\/wp-json\/wp\/v2\/product_tag?post=58576"}],"curies":[{"name":"wp","href":"https:\/\/api.w.org\/{rel}","templated":true}]}}