





{"id":58565,"date":"2023-02-09T15:20:16","date_gmt":"2023-02-09T14:20:16","guid":{"rendered":"https:\/\/repliquemangacine.fr\/?post_type=product&#038;p=58565"},"modified":"2025-11-21T13:15:30","modified_gmt":"2025-11-21T12:15:30","slug":"el-senor-de-los-anillos-collar-de-arwen","status":"publish","type":"product","link":"https:\/\/repliquemangacine.fr\/es\/bijoux-anneaux\/collier-arwen-seigneur-des-anneaux\/","title":{"rendered":"Collar Arwen de El Se\u00f1or de los Anillos"},"content":{"rendered":"<h2>Collar Arwen, la Estrella de la Tarde de El Se\u00f1or de los Anillos<\/h2>\n<p>Le <strong>Collar Arwen de El Se\u00f1or de los Anillos<\/strong> Se llama la Estrella Vespertina. Este colgante de Arwen no parece tener poderes. Pero, por el contrario, parec\u00eda contener una fuerza de otro tipo.<\/p>\n<p>De hecho, se puede pensar que representa la condici\u00f3n inmortal de Arwen. En efecto, en la primera parte, Arwen se lo regala a Aragorn para confirmarle que le concede su amor. Y si le da su amor, pierde su inmortalidad, inscribi\u00e9ndose as\u00ed en el destino de Luthien Tinuviel.<\/p>\n<p>Otra interpretaci\u00f3n, en la pel\u00edcula, que aparece m\u00e1s bien al final. Por alguna raz\u00f3n desconocida, Peter Jackson tambi\u00e9n relacion\u00f3 a Arwen y su collar con el destino del portador del anillo.<br \/>\nEn la \u00faltima parte, a medida que Frodo se debilita, la vida de Arwen declina, y vemos a Elrond sacando conclusiones graves.<\/p>\n<h2>Colgante Arwen, Estrella de la tarde al mejor precio.<\/h2>\n<p>Ofrecemos una amplia gama de espadas y joyas baratas de El Se\u00f1or de los Anillos. R\u00e9plicas u oficiales <a href=\"https:\/\/noblecollection.fr\/arwen-pendentif-etoile-soir-replique-seigneur-des-anneaux-p-11.html\" target=\"_blank\" rel=\"noopener noreferrer\">Colecci\u00f3n Noble<\/a>, solo tienes que elegir.<\/p>\n<p>En primer lugar,<\/p>\n<ul>\n<li>L'<a href=\"https:\/\/repliquemangacine.fr\/es\/espadas-del-senor-de-los-anillos\/espada-arwen-sable-hadhafang\/\">Espada Hadhafang de Arwen<\/a> con su hoja grabada con runas \u00e9lficas.<\/li>\n<li>Tambi\u00e9n est\u00e1 la famosa espada reforjada por los elfos, la<a href=\"https:\/\/repliquemangacine.fr\/es\/el-senor-de-los-anillos\/espada-anduril-aragorn-el-senor-de-los-anillos\/\">Anduril<\/a> \"Llama del Oeste<\/li>\n<li>As\u00ed como el <a href=\"https:\/\/repliquemangacine.fr\/es\/joyas-anillos\/lorien-hoja-collar-broche-senor-de-los-anillos\/\">Collar broche hoja de Lorien<\/a> s\u00edmbolo de los Elfos.<\/li>\n<li>Terminemos con el emblem\u00e1tico e ineludible <a href=\"https:\/\/repliquemangacine.fr\/es\/el-senor-de-los-anillos\/anneau-unique-le-precieux\/\">Anillo \u00fanico<\/a>. Este anillo de poder es llamado por Gollum \"mi Precioso\".<\/li>\n<li>Y muchos m\u00e1s por descubrir en nuestra tienda online.<\/li>\n<\/ul>\n<p>Por eso hemos pensado en algunas ideas para regalar a los amantes de la trilog\u00eda de El Se\u00f1or de los Anillos.<\/p>\n<h2>Nuestras \u00faltimas espadas, joyas y art\u00edculos de coleccionista baratos de El Se\u00f1or de los Anillos.<\/h2>\n<ul>\n<li>El primero es el magn\u00edfico juego de ajedrez de 32 piezas que representa \"La batalla de la Tierra Media\". Cada pieza est\u00e1 finamente esculpida con los principales personajes de la trilog\u00eda.<\/li>\n<li>A continuaci\u00f3n, el<a href=\"https:\/\/repliquemangacine.fr\/es\/espadas-del-senor-de-los-anillos\/senor-de-los-anillos-rey-brujo-espada\/\">Espada del Rey Hechicero<\/a> (Rey Brujo), se\u00f1or de los Nazgul. Con su hoja martillada y su guarda especial.<\/li>\n<li>As\u00ed como el<a href=\"https:\/\/repliquemangacine.fr\/es\/espadas-del-senor-de-los-anillos\/senor-de-los-anillos-espada-nazgul-espada-caballeros-negros\/\">espada de los jinetes negros<\/a> \"Los Nazguls, sirvientes de Sauron. Esta espada tiene una hoja y una guarda martilladas de forma especial.<\/li>\n<\/ul>\n<p>Para concluir, nos esforzamos por encontrar para usted todas las novedades que salen al mercado. No dude en comunicarnos sus deseos para ampliar sus colecciones.<\/p>\n<p>R\u00e9plique Manga Cin\u00e9 es una empresa familiar francesa.<\/p>","protected":false},"excerpt":{"rendered":"<p>Magn\u00edfica r\u00e9plica del colgante Arwen Evening Star. Esta reproducci\u00f3n oficial es distribuida por <strong>Colecci\u00f3n Noble<\/strong>.<\/p>\n<ul>\n<li>Colgante plateado<\/li>\n<li>Incrustaciones de cristal (strass)<\/li>\n<li>Se entrega con cadena de 45 cm<\/li>\n<li>El colgante mide 6,3 cm<\/li>\n<li>Se entrega en una caja de cart\u00f3n de El Se\u00f1or de los Anillos<\/li>\n<\/ul>","protected":false},"featured_media":58566,"template":"","meta":[],"product_brand":[896],"product_cat":[78,24,29],"product_tag":[],"class_list":{"0":"post-58565","1":"product","2":"type-product","3":"status-publish","4":"has-post-thumbnail","6":"product_brand-replique-manga-cine","7":"product_cat-bijoux-anneaux","8":"product_cat-films-series-tv-vente-de-katana-epee-et-produits-derives","9":"product_cat-le-seigneur-des-anneaux","11":"first","12":"outofstock","13":"taxable","14":"shipping-taxable","15":"purchasable","16":"product-type-simple"},"yoast_head":"<!-- This site is optimized with the Yoast SEO plugin v27.4 - https:\/\/yoast.com\/product\/yoast-seo-wordpress\/ -->\n<title>Collier Arwen Seigneur des Anneaux | R\u00e9plique Manga Cin\u00e9<\/title>\n<meta name=\"description\" content=\"Votre Collier d&#039;Arwen dans le Seigneur des Anneaux au meilleur prix. Pendentif \u00e9toile du soir pas cher. Livraison gratuite d\u00e8s 99\u20ac d&#039;achats - Envoi 24\/48h\" \/>\n<meta name=\"robots\" content=\"index, follow, max-snippet:-1, max-image-preview:large, max-video-preview:-1\" \/>\n<link rel=\"canonical\" href=\"https:\/\/repliquemangacine.fr\/es\/joyas-anillos\/el-senor-de-los-anillos-collar-de-arwen\/\" \/>\n<meta property=\"og:locale\" content=\"es_ES\" \/>\n<meta property=\"og:type\" content=\"article\" \/>\n<meta property=\"og:title\" content=\"Collier Arwen Seigneur des Anneaux | R\u00e9plique Manga Cin\u00e9\" \/>\n<meta property=\"og:description\" content=\"Votre Collier d&#039;Arwen dans le Seigneur des Anneaux au meilleur prix. Pendentif \u00e9toile du soir pas cher. Livraison gratuite d\u00e8s 99\u20ac d&#039;achats - Envoi 24\/48h\" \/>\n<meta property=\"og:url\" content=\"https:\/\/repliquemangacine.fr\/es\/joyas-anillos\/el-senor-de-los-anillos-collar-de-arwen\/\" \/>\n<meta property=\"og:site_name\" content=\"R\u00e9plique Manga Cin\u00e9\" \/>\n<meta property=\"article:publisher\" content=\"https:\/\/www.facebook.com\/RepliqueMangaCine\" \/>\n<meta property=\"article:modified_time\" content=\"2025-11-21T12:15:30+00:00\" \/>\n<meta property=\"og:image\" content=\"https:\/\/repliquemangacine.fr\/wp-content\/uploads\/2023\/10\/Pendentif-Arwen-avec-boite.jpg\" \/>\n\t<meta property=\"og:image:width\" content=\"500\" \/>\n\t<meta property=\"og:image:height\" content=\"500\" \/>\n\t<meta property=\"og:image:type\" content=\"image\/jpeg\" \/>\n<meta name=\"twitter:card\" content=\"summary_large_image\" \/>\n<meta name=\"twitter:label1\" content=\"Tiempo de lectura\" \/>\n\t<meta name=\"twitter:data1\" content=\"3 minutos\" \/>\n<script type=\"application\/ld+json\" class=\"yoast-schema-graph\">{\"@context\":\"https:\\\/\\\/schema.org\",\"@graph\":[{\"@type\":\"WebPage\",\"@id\":\"https:\\\/\\\/repliquemangacine.fr\\\/bijoux-anneaux\\\/collier-arwen-seigneur-des-anneaux\\\/\",\"url\":\"https:\\\/\\\/repliquemangacine.fr\\\/bijoux-anneaux\\\/collier-arwen-seigneur-des-anneaux\\\/\",\"name\":\"Collier Arwen Seigneur des Anneaux | R\u00e9plique Manga Cin\u00e9\",\"isPartOf\":{\"@id\":\"https:\\\/\\\/repliquemangacine.fr\\\/#website\"},\"primaryImageOfPage\":{\"@id\":\"https:\\\/\\\/repliquemangacine.fr\\\/bijoux-anneaux\\\/collier-arwen-seigneur-des-anneaux\\\/#primaryimage\"},\"image\":{\"@id\":\"https:\\\/\\\/repliquemangacine.fr\\\/bijoux-anneaux\\\/collier-arwen-seigneur-des-anneaux\\\/#primaryimage\"},\"thumbnailUrl\":\"https:\\\/\\\/repliquemangacine.fr\\\/wp-content\\\/uploads\\\/2023\\\/10\\\/Pendentif-Arwen-avec-boite.jpg\",\"datePublished\":\"2023-02-09T14:20:16+00:00\",\"dateModified\":\"2025-11-21T12:15:30+00:00\",\"description\":\"Votre Collier d'Arwen dans le Seigneur des Anneaux au meilleur prix. Pendentif \u00e9toile du soir pas cher. Livraison gratuite d\u00e8s 99\u20ac d'achats - Envoi 24\\\/48h\",\"breadcrumb\":{\"@id\":\"https:\\\/\\\/repliquemangacine.fr\\\/bijoux-anneaux\\\/collier-arwen-seigneur-des-anneaux\\\/#breadcrumb\"},\"inLanguage\":\"es\",\"potentialAction\":[{\"@type\":\"ReadAction\",\"target\":[\"https:\\\/\\\/repliquemangacine.fr\\\/bijoux-anneaux\\\/collier-arwen-seigneur-des-anneaux\\\/\"]}]},{\"@type\":\"ImageObject\",\"inLanguage\":\"es\",\"@id\":\"https:\\\/\\\/repliquemangacine.fr\\\/bijoux-anneaux\\\/collier-arwen-seigneur-des-anneaux\\\/#primaryimage\",\"url\":\"https:\\\/\\\/repliquemangacine.fr\\\/wp-content\\\/uploads\\\/2023\\\/10\\\/Pendentif-Arwen-avec-boite.jpg\",\"contentUrl\":\"https:\\\/\\\/repliquemangacine.fr\\\/wp-content\\\/uploads\\\/2023\\\/10\\\/Pendentif-Arwen-avec-boite.jpg\",\"width\":500,\"height\":500,\"caption\":\"Collier Arwen Seigneur des Anneaux\"},{\"@type\":\"BreadcrumbList\",\"@id\":\"https:\\\/\\\/repliquemangacine.fr\\\/bijoux-anneaux\\\/collier-arwen-seigneur-des-anneaux\\\/#breadcrumb\",\"itemListElement\":[{\"@type\":\"ListItem\",\"position\":1,\"name\":\"Accueil\",\"item\":\"https:\\\/\\\/repliquemangacine.fr\\\/\"},{\"@type\":\"ListItem\",\"position\":2,\"name\":\"Produits\",\"item\":\"https:\\\/\\\/repliquemangacine.fr\\\/boutique\\\/\"},{\"@type\":\"ListItem\",\"position\":3,\"name\":\"Collier Arwen Seigneur des Anneaux\"}]},{\"@type\":\"WebSite\",\"@id\":\"https:\\\/\\\/repliquemangacine.fr\\\/#website\",\"url\":\"https:\\\/\\\/repliquemangacine.fr\\\/\",\"name\":\"R\u00e9plique Manga Cin\u00e9\",\"description\":\"\",\"publisher\":{\"@id\":\"https:\\\/\\\/repliquemangacine.fr\\\/#organization\"},\"potentialAction\":[{\"@type\":\"SearchAction\",\"target\":{\"@type\":\"EntryPoint\",\"urlTemplate\":\"https:\\\/\\\/repliquemangacine.fr\\\/?s={search_term_string}\"},\"query-input\":{\"@type\":\"PropertyValueSpecification\",\"valueRequired\":true,\"valueName\":\"search_term_string\"}}],\"inLanguage\":\"es\"},{\"@type\":\"Organization\",\"@id\":\"https:\\\/\\\/repliquemangacine.fr\\\/#organization\",\"name\":\"R\u00e9plique Manga Cin\u00e9\",\"url\":\"https:\\\/\\\/repliquemangacine.fr\\\/\",\"logo\":{\"@type\":\"ImageObject\",\"inLanguage\":\"es\",\"@id\":\"https:\\\/\\\/repliquemangacine.fr\\\/#\\\/schema\\\/logo\\\/image\\\/\",\"url\":\"https:\\\/\\\/repliquemangacine.fr\\\/wp-content\\\/uploads\\\/2023\\\/10\\\/RMC-500250.png\",\"contentUrl\":\"https:\\\/\\\/repliquemangacine.fr\\\/wp-content\\\/uploads\\\/2023\\\/10\\\/RMC-500250.png\",\"width\":500,\"height\":250,\"caption\":\"R\u00e9plique Manga Cin\u00e9\"},\"image\":{\"@id\":\"https:\\\/\\\/repliquemangacine.fr\\\/#\\\/schema\\\/logo\\\/image\\\/\"},\"sameAs\":[\"https:\\\/\\\/www.facebook.com\\\/RepliqueMangaCine\",\"https:\\\/\\\/www.instagram.com\\\/repliquemangacine.fr\\\/\"]}]}<\/script>\n<!-- \/ Yoast SEO plugin. -->","yoast_head_json":{"title":"Collar Arwen de El Se\u00f1or de los Anillos | R\u00e9plique Manga Cin\u00e9","description":"Tu collar Arwen de El Se\u00f1or de los Anillos al mejor precio. Colgante Estrella de la Tarde barato. Entrega gratuita a partir de 99\u20ac de compra - Env\u00edo 24\/48h","robots":{"index":"index","follow":"follow","max-snippet":"max-snippet:-1","max-image-preview":"max-image-preview:large","max-video-preview":"max-video-preview:-1"},"canonical":"https:\/\/repliquemangacine.fr\/es\/joyas-anillos\/el-senor-de-los-anillos-collar-de-arwen\/","og_locale":"es_ES","og_type":"article","og_title":"Collier Arwen Seigneur des Anneaux | R\u00e9plique Manga Cin\u00e9","og_description":"Votre Collier d'Arwen dans le Seigneur des Anneaux au meilleur prix. Pendentif \u00e9toile du soir pas cher. Livraison gratuite d\u00e8s 99\u20ac d'achats - Envoi 24\/48h","og_url":"https:\/\/repliquemangacine.fr\/es\/joyas-anillos\/el-senor-de-los-anillos-collar-de-arwen\/","og_site_name":"R\u00e9plique Manga Cin\u00e9","article_publisher":"https:\/\/www.facebook.com\/RepliqueMangaCine","article_modified_time":"2025-11-21T12:15:30+00:00","og_image":[{"width":500,"height":500,"url":"https:\/\/repliquemangacine.fr\/wp-content\/uploads\/2023\/10\/Pendentif-Arwen-avec-boite.jpg","type":"image\/jpeg"}],"twitter_card":"summary_large_image","twitter_misc":{"Tiempo de lectura":"3 minutos"},"schema":{"@context":"https:\/\/schema.org","@graph":[{"@type":"WebPage","@id":"https:\/\/repliquemangacine.fr\/bijoux-anneaux\/collier-arwen-seigneur-des-anneaux\/","url":"https:\/\/repliquemangacine.fr\/bijoux-anneaux\/collier-arwen-seigneur-des-anneaux\/","name":"Collar Arwen de El Se\u00f1or de los Anillos | R\u00e9plique Manga Cin\u00e9","isPartOf":{"@id":"https:\/\/repliquemangacine.fr\/#website"},"primaryImageOfPage":{"@id":"https:\/\/repliquemangacine.fr\/bijoux-anneaux\/collier-arwen-seigneur-des-anneaux\/#primaryimage"},"image":{"@id":"https:\/\/repliquemangacine.fr\/bijoux-anneaux\/collier-arwen-seigneur-des-anneaux\/#primaryimage"},"thumbnailUrl":"https:\/\/repliquemangacine.fr\/wp-content\/uploads\/2023\/10\/Pendentif-Arwen-avec-boite.jpg","datePublished":"2023-02-09T14:20:16+00:00","dateModified":"2025-11-21T12:15:30+00:00","description":"Tu collar Arwen de El Se\u00f1or de los Anillos al mejor precio. Colgante Estrella de la Tarde barato. Entrega gratuita a partir de 99\u20ac de compra - Env\u00edo 24\/48h","breadcrumb":{"@id":"https:\/\/repliquemangacine.fr\/bijoux-anneaux\/collier-arwen-seigneur-des-anneaux\/#breadcrumb"},"inLanguage":"es","potentialAction":[{"@type":"ReadAction","target":["https:\/\/repliquemangacine.fr\/bijoux-anneaux\/collier-arwen-seigneur-des-anneaux\/"]}]},{"@type":"ImageObject","inLanguage":"es","@id":"https:\/\/repliquemangacine.fr\/bijoux-anneaux\/collier-arwen-seigneur-des-anneaux\/#primaryimage","url":"https:\/\/repliquemangacine.fr\/wp-content\/uploads\/2023\/10\/Pendentif-Arwen-avec-boite.jpg","contentUrl":"https:\/\/repliquemangacine.fr\/wp-content\/uploads\/2023\/10\/Pendentif-Arwen-avec-boite.jpg","width":500,"height":500,"caption":"Collier Arwen Seigneur des Anneaux"},{"@type":"BreadcrumbList","@id":"https:\/\/repliquemangacine.fr\/bijoux-anneaux\/collier-arwen-seigneur-des-anneaux\/#breadcrumb","itemListElement":[{"@type":"ListItem","position":1,"name":"Accueil","item":"https:\/\/repliquemangacine.fr\/"},{"@type":"ListItem","position":2,"name":"Produits","item":"https:\/\/repliquemangacine.fr\/boutique\/"},{"@type":"ListItem","position":3,"name":"Collier Arwen Seigneur des Anneaux"}]},{"@type":"WebSite","@id":"https:\/\/repliquemangacine.fr\/#website","url":"https:\/\/repliquemangacine.fr\/","name":"R\u00e9plique Manga Cin\u00e9","description":"","publisher":{"@id":"https:\/\/repliquemangacine.fr\/#organization"},"potentialAction":[{"@type":"SearchAction","target":{"@type":"EntryPoint","urlTemplate":"https:\/\/repliquemangacine.fr\/?s={search_term_string}"},"query-input":{"@type":"PropertyValueSpecification","valueRequired":true,"valueName":"search_term_string"}}],"inLanguage":"es"},{"@type":"Organization","@id":"https:\/\/repliquemangacine.fr\/#organization","name":"R\u00e9plique Manga Cin\u00e9","url":"https:\/\/repliquemangacine.fr\/","logo":{"@type":"ImageObject","inLanguage":"es","@id":"https:\/\/repliquemangacine.fr\/#\/schema\/logo\/image\/","url":"https:\/\/repliquemangacine.fr\/wp-content\/uploads\/2023\/10\/RMC-500250.png","contentUrl":"https:\/\/repliquemangacine.fr\/wp-content\/uploads\/2023\/10\/RMC-500250.png","width":500,"height":250,"caption":"R\u00e9plique Manga Cin\u00e9"},"image":{"@id":"https:\/\/repliquemangacine.fr\/#\/schema\/logo\/image\/"},"sameAs":["https:\/\/www.facebook.com\/RepliqueMangaCine","https:\/\/www.instagram.com\/repliquemangacine.fr\/"]}]}},"_links":{"self":[{"href":"https:\/\/repliquemangacine.fr\/es\/wp-json\/wp\/v2\/product\/58565","targetHints":{"allow":["GET"]}}],"collection":[{"href":"https:\/\/repliquemangacine.fr\/es\/wp-json\/wp\/v2\/product"}],"about":[{"href":"https:\/\/repliquemangacine.fr\/es\/wp-json\/wp\/v2\/types\/product"}],"wp:featuredmedia":[{"embeddable":true,"href":"https:\/\/repliquemangacine.fr\/es\/wp-json\/wp\/v2\/media\/58566"}],"wp:attachment":[{"href":"https:\/\/repliquemangacine.fr\/es\/wp-json\/wp\/v2\/media?parent=58565"}],"wp:term":[{"taxonomy":"product_brand","embeddable":true,"href":"https:\/\/repliquemangacine.fr\/es\/wp-json\/wp\/v2\/product_brand?post=58565"},{"taxonomy":"product_cat","embeddable":true,"href":"https:\/\/repliquemangacine.fr\/es\/wp-json\/wp\/v2\/product_cat?post=58565"},{"taxonomy":"product_tag","embeddable":true,"href":"https:\/\/repliquemangacine.fr\/es\/wp-json\/wp\/v2\/product_tag?post=58565"}],"curies":[{"name":"wp","href":"https:\/\/api.w.org\/{rel}","templated":true}]}}