





{"id":58556,"date":"2023-02-09T12:36:37","date_gmt":"2023-02-09T11:36:37","guid":{"rendered":"https:\/\/repliquemangacine.fr\/?post_type=product&#038;p=58556"},"modified":"2025-11-21T13:20:05","modified_gmt":"2025-11-21T12:20:05","slug":"katana-raiu-shiliew-una-pieza","status":"publish","type":"product","link":"https:\/\/repliquemangacine.fr\/es\/repliques-manga-jeux-video\/katana-raiu-shiliew-one-piece\/","title":{"rendered":"Katana Raiu Shiliew"},"content":{"rendered":"<h2>R\u00e9plica de la Katana Raiu de Shiliew en One Piece<\/h2>\n<p>Le <strong>Katana Raiu de Shiliew en One Piece<\/strong> es absolutamente id\u00e9ntico al manga anime. Poco se sabe sobre la Raiu y sus habilidades. Sin embargo, esta espada tambi\u00e9n debe ser poderosa y resistente, ya que pertenece a la familia Meito. Su nombre significa \"Tormenta\" y corresponde al apodo de Shiliew \"de la Lluvia\".<\/p>\n<p><a href=\"https:\/\/onepiece.fandom.com\/fr\/wiki\/Shiryu\" target=\"_blank\" rel=\"noopener noreferrer\">Shiryu<\/a>, un aut\u00e9ntico soci\u00f3pata, extremadamente cruel, parece no sentir ning\u00fan miedo. Adem\u00e1s, parece disfrutar matando gente cada vez que puede. Aparentemente muy astuto y traicionero. De hecho, cuando Magellan lo libera, Shiryu lo traiciona inmediatamente matando a varios subordinados.<\/p>\n<p>Maestro espadach\u00edn, es extremadamente h\u00e1bil con un tipo espec\u00edfico de espada, la Nodachi. Una vez fuera de su celda de condenado a muerte, recibi\u00f3 su Nodachi y mat\u00f3 a los oficiales de Impel Down que lo sacaron en una fracci\u00f3n de segundo.<\/p>\n<h2>Katana Raiu de Shiliew en One Piece al mejor precio.<\/h2>\n<p>R\u00e9plique Manga Cin\u00e9 ofrece una amplia gama de One Piece katana como :<\/p>\n<ul>\n<li>Le <a href=\"https:\/\/repliquemangacine.fr\/es\/katana-de-una-pieza\/katana-enma-de-zoro-cuir-violet-one-piece\/\">Enma katana<\/a>Espada Zoro en dos versiones, vaina de cuero artificial y vaina pintada.<\/li>\n<li>As\u00ed como el <a href=\"https:\/\/repliquemangacine.fr\/es\/katana-de-una-pieza\/nidai-kitetsu-la-espada-de-luffy-one-piece\/\">Espada Luffy Nidai Kitetsu<\/a> con su vaina muy especial<\/li>\n<li>Tambi\u00e9n existe la <a href=\"https:\/\/repliquemangacine.fr\/es\/katana-de-una-pieza\/katana-trafalgar-law-violet-one-piece\/\">Trafalgar Law nodachi katana<\/a> con su mango p\u00farpura.<\/li>\n<li>Y mucho m\u00e1s por descubrir en nuestra tienda en l\u00ednea.<\/li>\n<\/ul>\n<p>Por eso es una gran idea de regalo para los fans de One Piece.<\/p>\n<p><strong>Tenga en cuenta que todas nuestras r\u00e9plicas son objetos de colecci\u00f3n y decoraci\u00f3n. Puede utilizarlas para sus desfiles de cosplay o para su decoraci\u00f3n interior. En consecuencia, no es posible acudir a lugares p\u00fablicos con estas r\u00e9plicas.<\/strong><\/p>\n<h2>Echa un vistazo a nuestra \u00faltima gama de katanas y art\u00edculos baratos de One Piece.<\/h2>\n<p>Siempre a la vanguardia de las novedades y siempre atentos a sus peticiones, le ofrecemos algunos art\u00edculos que ampliar\u00e1n su colecci\u00f3n.<\/p>\n<p>En primer lugar,<\/p>\n<ul>\n<li>La <a href=\"https:\/\/repliquemangacine.fr\/es\/katana-de-una-pieza\/cana-brook-epee\/\">Vara espada de Brook<\/a> que utiliza en la mayor\u00eda de sus peleas. Todo de metal con un acabado de laca p\u00farpura.<\/li>\n<li>A continuaci\u00f3n, el <a href=\"https:\/\/repliquemangacine.fr\/es\/katana-de-una-pieza\/katana-de-madera-shusui-zoro-una-pieza\/\">Katana de madera Shusui<\/a> as\u00ed como la katana Wado y el kitetsu. Estas katanas son asombrosamente realistas, pero no da\u00f1ar\u00e1n a sus hijos.<\/li>\n<li>Tambi\u00e9n existe la <a href=\"https:\/\/repliquemangacine.fr\/es\/katana-de-una-pieza\/estuche-de-16-piezas-de-una-sola-pieza\/\">Juego de coleccionista de 16 piezas de One Piece<\/a>\u00a0con este conjunto de llavero o colgante, seg\u00fan tu estado de \u00e1nimo.<\/li>\n<\/ul>\n<p>Cabe destacar que todas sus katanas son piezas de colecci\u00f3n y decoraci\u00f3n.<\/p>\n<p>R\u00e9plique Manga Cin\u00e9 es una empresa familiar francesa.<\/p>","protected":false},"excerpt":{"rendered":"<p>Magn\u00edfica r\u00e9plica de la katana Raiu perteneciente a Shiryu o Shiliew \"de la Lluvia\" en One Piece.<\/p>\n<ul>\n<li>Hoja de acero inoxidable 440 no afilada.<\/li>\n<li>Empu\u00f1adura de imitaci\u00f3n de piel de raya roja recubierta de trenzado de algod\u00f3n rojo<\/li>\n<li>Vaina de cuero de imitaci\u00f3n cosida en rojo y blanco con astillas<\/li>\n<li>Protector cuadrado amarillo y negro<\/li>\n<li>Longitud de la hoja: 67,5 cm - Longitud total: 104,5 cm<\/li>\n<\/ul>","protected":false},"featured_media":58557,"template":"","meta":[],"product_brand":[896],"product_cat":[123,23],"product_tag":[],"class_list":{"0":"post-58556","1":"product","2":"type-product","3":"status-publish","4":"has-post-thumbnail","6":"product_brand-replique-manga-cine","7":"product_cat-katana-en-metal-one-piece","8":"product_cat-repliques-manga-jeux-video","10":"first","11":"instock","12":"taxable","13":"shipping-taxable","14":"purchasable","15":"product-type-simple"},"yoast_head":"<!-- This site is optimized with the Yoast SEO plugin v27.5 - https:\/\/yoast.com\/product\/yoast-seo-wordpress\/ -->\n<title>Katana Raiu Shiliew - Boutique en ligne | RMC<\/title>\n<meta name=\"description\" content=\"Le Katana Raiu de Shiliew dans One Piece au meilleur prix sur repliquemangacine.fr. Profitez de la livraison gratuite d\u00e8s 99\u20ac d&#039;achats- Envoi 24\/48h\" \/>\n<meta name=\"robots\" content=\"index, follow, max-snippet:-1, max-image-preview:large, max-video-preview:-1\" \/>\n<link rel=\"canonical\" href=\"https:\/\/repliquemangacine.fr\/es\/replica-de-videojuegos-manga\/katana-raiu-shiliew-una-pieza\/\" \/>\n<meta property=\"og:locale\" content=\"es_ES\" \/>\n<meta property=\"og:type\" content=\"article\" \/>\n<meta property=\"og:title\" content=\"Katana Raiu Shiliew - Boutique en ligne | RMC\" \/>\n<meta property=\"og:description\" content=\"Le Katana Raiu de Shiliew dans One Piece au meilleur prix sur repliquemangacine.fr. Profitez de la livraison gratuite d\u00e8s 99\u20ac d&#039;achats- Envoi 24\/48h\" \/>\n<meta property=\"og:url\" content=\"https:\/\/repliquemangacine.fr\/es\/replica-de-videojuegos-manga\/katana-raiu-shiliew-una-pieza\/\" \/>\n<meta property=\"og:site_name\" content=\"R\u00e9plique Manga Cin\u00e9\" \/>\n<meta property=\"article:publisher\" content=\"https:\/\/www.facebook.com\/RepliqueMangaCine\" \/>\n<meta property=\"article:modified_time\" content=\"2025-11-21T12:20:05+00:00\" \/>\n<meta property=\"og:image\" content=\"https:\/\/repliquemangacine.fr\/wp-content\/uploads\/2023\/10\/katana-One-piece-shiryu-de-la-pluie.jpg\" \/>\n\t<meta property=\"og:image:width\" content=\"500\" \/>\n\t<meta property=\"og:image:height\" content=\"500\" \/>\n\t<meta property=\"og:image:type\" content=\"image\/jpeg\" \/>\n<meta name=\"twitter:card\" content=\"summary_large_image\" \/>\n<meta name=\"twitter:label1\" content=\"Tiempo de lectura\" \/>\n\t<meta name=\"twitter:data1\" content=\"3 minutos\" \/>\n<script type=\"application\/ld+json\" class=\"yoast-schema-graph\">{\"@context\":\"https:\\\/\\\/schema.org\",\"@graph\":[{\"@type\":\"WebPage\",\"@id\":\"https:\\\/\\\/repliquemangacine.fr\\\/repliques-manga-jeux-video\\\/katana-raiu-shiliew-one-piece\\\/\",\"url\":\"https:\\\/\\\/repliquemangacine.fr\\\/repliques-manga-jeux-video\\\/katana-raiu-shiliew-one-piece\\\/\",\"name\":\"Katana Raiu Shiliew - Boutique en ligne | RMC\",\"isPartOf\":{\"@id\":\"https:\\\/\\\/repliquemangacine.fr\\\/#website\"},\"primaryImageOfPage\":{\"@id\":\"https:\\\/\\\/repliquemangacine.fr\\\/repliques-manga-jeux-video\\\/katana-raiu-shiliew-one-piece\\\/#primaryimage\"},\"image\":{\"@id\":\"https:\\\/\\\/repliquemangacine.fr\\\/repliques-manga-jeux-video\\\/katana-raiu-shiliew-one-piece\\\/#primaryimage\"},\"thumbnailUrl\":\"https:\\\/\\\/repliquemangacine.fr\\\/wp-content\\\/uploads\\\/2023\\\/10\\\/katana-One-piece-shiryu-de-la-pluie.jpg\",\"datePublished\":\"2023-02-09T11:36:37+00:00\",\"dateModified\":\"2025-11-21T12:20:05+00:00\",\"description\":\"Le Katana Raiu de Shiliew dans One Piece au meilleur prix sur repliquemangacine.fr. Profitez de la livraison gratuite d\u00e8s 99\u20ac d'achats- Envoi 24\\\/48h\",\"breadcrumb\":{\"@id\":\"https:\\\/\\\/repliquemangacine.fr\\\/repliques-manga-jeux-video\\\/katana-raiu-shiliew-one-piece\\\/#breadcrumb\"},\"inLanguage\":\"es\",\"potentialAction\":[{\"@type\":\"ReadAction\",\"target\":[\"https:\\\/\\\/repliquemangacine.fr\\\/repliques-manga-jeux-video\\\/katana-raiu-shiliew-one-piece\\\/\"]}]},{\"@type\":\"ImageObject\",\"inLanguage\":\"es\",\"@id\":\"https:\\\/\\\/repliquemangacine.fr\\\/repliques-manga-jeux-video\\\/katana-raiu-shiliew-one-piece\\\/#primaryimage\",\"url\":\"https:\\\/\\\/repliquemangacine.fr\\\/wp-content\\\/uploads\\\/2023\\\/10\\\/katana-One-piece-shiryu-de-la-pluie.jpg\",\"contentUrl\":\"https:\\\/\\\/repliquemangacine.fr\\\/wp-content\\\/uploads\\\/2023\\\/10\\\/katana-One-piece-shiryu-de-la-pluie.jpg\",\"width\":500,\"height\":500,\"caption\":\"Katana Raiu Shiliew One Piece\"},{\"@type\":\"BreadcrumbList\",\"@id\":\"https:\\\/\\\/repliquemangacine.fr\\\/repliques-manga-jeux-video\\\/katana-raiu-shiliew-one-piece\\\/#breadcrumb\",\"itemListElement\":[{\"@type\":\"ListItem\",\"position\":1,\"name\":\"Accueil\",\"item\":\"https:\\\/\\\/repliquemangacine.fr\\\/\"},{\"@type\":\"ListItem\",\"position\":2,\"name\":\"Produits\",\"item\":\"https:\\\/\\\/repliquemangacine.fr\\\/boutique\\\/\"},{\"@type\":\"ListItem\",\"position\":3,\"name\":\"Katana Raiu Shiliew\"}]},{\"@type\":\"WebSite\",\"@id\":\"https:\\\/\\\/repliquemangacine.fr\\\/#website\",\"url\":\"https:\\\/\\\/repliquemangacine.fr\\\/\",\"name\":\"R\u00e9plique Manga Cin\u00e9\",\"description\":\"\",\"publisher\":{\"@id\":\"https:\\\/\\\/repliquemangacine.fr\\\/#organization\"},\"potentialAction\":[{\"@type\":\"SearchAction\",\"target\":{\"@type\":\"EntryPoint\",\"urlTemplate\":\"https:\\\/\\\/repliquemangacine.fr\\\/?s={search_term_string}\"},\"query-input\":{\"@type\":\"PropertyValueSpecification\",\"valueRequired\":true,\"valueName\":\"search_term_string\"}}],\"inLanguage\":\"es\"},{\"@type\":\"Organization\",\"@id\":\"https:\\\/\\\/repliquemangacine.fr\\\/#organization\",\"name\":\"R\u00e9plique Manga Cin\u00e9\",\"url\":\"https:\\\/\\\/repliquemangacine.fr\\\/\",\"logo\":{\"@type\":\"ImageObject\",\"inLanguage\":\"es\",\"@id\":\"https:\\\/\\\/repliquemangacine.fr\\\/#\\\/schema\\\/logo\\\/image\\\/\",\"url\":\"https:\\\/\\\/repliquemangacine.fr\\\/wp-content\\\/uploads\\\/2023\\\/10\\\/RMC-500250.png\",\"contentUrl\":\"https:\\\/\\\/repliquemangacine.fr\\\/wp-content\\\/uploads\\\/2023\\\/10\\\/RMC-500250.png\",\"width\":500,\"height\":250,\"caption\":\"R\u00e9plique Manga Cin\u00e9\"},\"image\":{\"@id\":\"https:\\\/\\\/repliquemangacine.fr\\\/#\\\/schema\\\/logo\\\/image\\\/\"},\"sameAs\":[\"https:\\\/\\\/www.facebook.com\\\/RepliqueMangaCine\",\"https:\\\/\\\/www.instagram.com\\\/repliquemangacine.fr\\\/\"]}]}<\/script>\n<!-- \/ Yoast SEO plugin. -->","yoast_head_json":{"title":"Katana Raiu Shiliew - Boutique en ligne | RMC","description":"La Katana Raiu de Shiliew en One Piece al mejor precio en repliquemangacine.fr. Aprovecha la entrega gratuita a partir de 99\u20ac de compra- Env\u00edo 24\/48h","robots":{"index":"index","follow":"follow","max-snippet":"max-snippet:-1","max-image-preview":"max-image-preview:large","max-video-preview":"max-video-preview:-1"},"canonical":"https:\/\/repliquemangacine.fr\/es\/replica-de-videojuegos-manga\/katana-raiu-shiliew-una-pieza\/","og_locale":"es_ES","og_type":"article","og_title":"Katana Raiu Shiliew - Boutique en ligne | RMC","og_description":"Le Katana Raiu de Shiliew dans One Piece au meilleur prix sur repliquemangacine.fr. Profitez de la livraison gratuite d\u00e8s 99\u20ac d'achats- Envoi 24\/48h","og_url":"https:\/\/repliquemangacine.fr\/es\/replica-de-videojuegos-manga\/katana-raiu-shiliew-una-pieza\/","og_site_name":"R\u00e9plique Manga Cin\u00e9","article_publisher":"https:\/\/www.facebook.com\/RepliqueMangaCine","article_modified_time":"2025-11-21T12:20:05+00:00","og_image":[{"width":500,"height":500,"url":"https:\/\/repliquemangacine.fr\/wp-content\/uploads\/2023\/10\/katana-One-piece-shiryu-de-la-pluie.jpg","type":"image\/jpeg"}],"twitter_card":"summary_large_image","twitter_misc":{"Tiempo de lectura":"3 minutos"},"schema":{"@context":"https:\/\/schema.org","@graph":[{"@type":"WebPage","@id":"https:\/\/repliquemangacine.fr\/repliques-manga-jeux-video\/katana-raiu-shiliew-one-piece\/","url":"https:\/\/repliquemangacine.fr\/repliques-manga-jeux-video\/katana-raiu-shiliew-one-piece\/","name":"Katana Raiu Shiliew - Boutique en ligne | RMC","isPartOf":{"@id":"https:\/\/repliquemangacine.fr\/#website"},"primaryImageOfPage":{"@id":"https:\/\/repliquemangacine.fr\/repliques-manga-jeux-video\/katana-raiu-shiliew-one-piece\/#primaryimage"},"image":{"@id":"https:\/\/repliquemangacine.fr\/repliques-manga-jeux-video\/katana-raiu-shiliew-one-piece\/#primaryimage"},"thumbnailUrl":"https:\/\/repliquemangacine.fr\/wp-content\/uploads\/2023\/10\/katana-One-piece-shiryu-de-la-pluie.jpg","datePublished":"2023-02-09T11:36:37+00:00","dateModified":"2025-11-21T12:20:05+00:00","description":"La Katana Raiu de Shiliew en One Piece al mejor precio en repliquemangacine.fr. Aprovecha la entrega gratuita a partir de 99\u20ac de compra- Env\u00edo 24\/48h","breadcrumb":{"@id":"https:\/\/repliquemangacine.fr\/repliques-manga-jeux-video\/katana-raiu-shiliew-one-piece\/#breadcrumb"},"inLanguage":"es","potentialAction":[{"@type":"ReadAction","target":["https:\/\/repliquemangacine.fr\/repliques-manga-jeux-video\/katana-raiu-shiliew-one-piece\/"]}]},{"@type":"ImageObject","inLanguage":"es","@id":"https:\/\/repliquemangacine.fr\/repliques-manga-jeux-video\/katana-raiu-shiliew-one-piece\/#primaryimage","url":"https:\/\/repliquemangacine.fr\/wp-content\/uploads\/2023\/10\/katana-One-piece-shiryu-de-la-pluie.jpg","contentUrl":"https:\/\/repliquemangacine.fr\/wp-content\/uploads\/2023\/10\/katana-One-piece-shiryu-de-la-pluie.jpg","width":500,"height":500,"caption":"Katana Raiu Shiliew One Piece"},{"@type":"BreadcrumbList","@id":"https:\/\/repliquemangacine.fr\/repliques-manga-jeux-video\/katana-raiu-shiliew-one-piece\/#breadcrumb","itemListElement":[{"@type":"ListItem","position":1,"name":"Accueil","item":"https:\/\/repliquemangacine.fr\/"},{"@type":"ListItem","position":2,"name":"Produits","item":"https:\/\/repliquemangacine.fr\/boutique\/"},{"@type":"ListItem","position":3,"name":"Katana Raiu Shiliew"}]},{"@type":"WebSite","@id":"https:\/\/repliquemangacine.fr\/#website","url":"https:\/\/repliquemangacine.fr\/","name":"R\u00e9plique Manga Cin\u00e9","description":"","publisher":{"@id":"https:\/\/repliquemangacine.fr\/#organization"},"potentialAction":[{"@type":"SearchAction","target":{"@type":"EntryPoint","urlTemplate":"https:\/\/repliquemangacine.fr\/?s={search_term_string}"},"query-input":{"@type":"PropertyValueSpecification","valueRequired":true,"valueName":"search_term_string"}}],"inLanguage":"es"},{"@type":"Organization","@id":"https:\/\/repliquemangacine.fr\/#organization","name":"R\u00e9plique Manga Cin\u00e9","url":"https:\/\/repliquemangacine.fr\/","logo":{"@type":"ImageObject","inLanguage":"es","@id":"https:\/\/repliquemangacine.fr\/#\/schema\/logo\/image\/","url":"https:\/\/repliquemangacine.fr\/wp-content\/uploads\/2023\/10\/RMC-500250.png","contentUrl":"https:\/\/repliquemangacine.fr\/wp-content\/uploads\/2023\/10\/RMC-500250.png","width":500,"height":250,"caption":"R\u00e9plique Manga Cin\u00e9"},"image":{"@id":"https:\/\/repliquemangacine.fr\/#\/schema\/logo\/image\/"},"sameAs":["https:\/\/www.facebook.com\/RepliqueMangaCine","https:\/\/www.instagram.com\/repliquemangacine.fr\/"]}]}},"_links":{"self":[{"href":"https:\/\/repliquemangacine.fr\/es\/wp-json\/wp\/v2\/product\/58556","targetHints":{"allow":["GET"]}}],"collection":[{"href":"https:\/\/repliquemangacine.fr\/es\/wp-json\/wp\/v2\/product"}],"about":[{"href":"https:\/\/repliquemangacine.fr\/es\/wp-json\/wp\/v2\/types\/product"}],"wp:featuredmedia":[{"embeddable":true,"href":"https:\/\/repliquemangacine.fr\/es\/wp-json\/wp\/v2\/media\/58557"}],"wp:attachment":[{"href":"https:\/\/repliquemangacine.fr\/es\/wp-json\/wp\/v2\/media?parent=58556"}],"wp:term":[{"taxonomy":"product_brand","embeddable":true,"href":"https:\/\/repliquemangacine.fr\/es\/wp-json\/wp\/v2\/product_brand?post=58556"},{"taxonomy":"product_cat","embeddable":true,"href":"https:\/\/repliquemangacine.fr\/es\/wp-json\/wp\/v2\/product_cat?post=58556"},{"taxonomy":"product_tag","embeddable":true,"href":"https:\/\/repliquemangacine.fr\/es\/wp-json\/wp\/v2\/product_tag?post=58556"}],"curies":[{"name":"wp","href":"https:\/\/api.w.org\/{rel}","templated":true}]}}