





{"id":58549,"date":"2023-02-09T10:56:07","date_gmt":"2023-02-09T09:56:07","guid":{"rendered":"https:\/\/repliquemangacine.fr\/?post_type=product&#038;p=58549"},"modified":"2026-04-12T06:16:11","modified_gmt":"2026-04-12T04:16:11","slug":"gran-kunai-blanco-de-naruto","status":"publish","type":"product","link":"https:\/\/repliquemangacine.fr\/es\/kunai-et-shuriken-naruto\/grand-kunai-naruto-blanc\/","title":{"rendered":"Naruto kunai grande"},"content":{"rendered":"<h2>Gran kunai blanco totalmente met\u00e1lico de Naruto<\/h2>\n<p>Le <strong>Gran kunai blanco de Naruto<\/strong> es esencial para ampliar tu colecci\u00f3n.<\/p>\n<p>Para empezar, el kunai, un arma blanca utilizada antiguamente por los ninjas (t\u00e9rmino shinobi en Naruto), que puede servir como arma arrojadiza. Esta arma ninja tiene un extremo puntiagudo con forma de cuchillo. Su longitud media es del tama\u00f1o de una mano. Esta arma arrojadiza est\u00e1 destinada principalmente a herir en combate cuerpo a cuerpo.<\/p>\n<p>Le <a href=\"https:\/\/naruto.fandom.com\/fr\/wiki\/Shurikenjutsu\" target=\"_blank\" rel=\"noopener noreferrer\">Shurikenjutsu<\/a> (Significado: T\u00e9cnicas de espada oculta en la mano), arte marcial que se refiere a las t\u00e9cnicas que implican lanzar shurikens, kunais, senbons o cualquier otra arma blanca arrojadiza, como por ejemplo las estrellas ninja.<\/p>\n<p>En Naruto hay diferentes modelos de kunai, como por ejemplo:<\/p>\n<p>El de Minato Namikaze, que utiliza kunais de tres hojas, lo que le ha valido el apodo de \u2019Rayo amarillo de Konoha\u201d.\u201d<\/p>\n<h2>Kuna\u00ef grande Naruto blanco barato<\/h2>\n<p>R\u00e9plique Manga Cin\u00e9 le ofrece una amplia gama de Kuna\u00ef a los mejores precios:<\/p>\n<ul>\n<li>Todos <a href=\"https:\/\/repliquemangacine.fr\/es\/naruto-kunai-y-shuriken\/3-naruto-kunai\/\">tres kunai<\/a> con grabado del emblema de Naruto.<\/li>\n<li>Tambi\u00e9n puede encontrar el <a href=\"https:\/\/repliquemangacine.fr\/es\/naruto-kunai-y-shuriken\/kunai-despace-time-minato\/\">Kunai espacio-tiempo<\/a> de Minato, con sus tres puntas y el grabado de su sello.<\/li>\n<li>As\u00ed como el <a href=\"https:\/\/repliquemangacine.fr\/es\/katana-goodies-naruto-kunai\/hoja-de-chakra-asuma\/\">Asuma Chakra Blade<\/a> con el logotipo de Naruto<\/li>\n<li>Y mucho m\u00e1s en nuestra tienda en l\u00ednea.<\/li>\n<\/ul>\n<p><strong>Tenga en cuenta que todas nuestras r\u00e9plicas son objetos de colecci\u00f3n y decoraci\u00f3n. Puede utilizarlas para sus desfiles de cosplay o para su decoraci\u00f3n interior. En consecuencia, no es posible acudir a lugares p\u00fablicos con estas r\u00e9plicas.<\/strong><\/p>\n<h2>Encuentra nuestras \u00faltimas novedades en Naruto al mejor precio.<\/h2>\n<p>Siempre a la vanguardia de la innovaci\u00f3n, as\u00ed <strong>Gran kunai blanco de Naruto<\/strong>le ofrecemos :<\/p>\n<ul>\n<li>El magn\u00edfico set de 28 piezas de Naruto incluye una diadema de Konoha, un gran Naruto Kunai...<\/li>\n<li>La katana de Boruto, utilizada por Sasuke para ense\u00f1ar a Boruto a usarla en Naruto Next Generations.<\/li>\n<\/ul>\n<p>Puede utilizar este <strong>Gran kunai blanco de Naruto<\/strong> durante tus desfiles de cosplay o tus fiestas tem\u00e1ticas.<\/p>\n<p>Sobre todo, son objetos de colecci\u00f3n y decoraci\u00f3n.<\/p>\n<p>Muy pronto, tendremos el placer de ofrecerles p\u00f3sters enrollables, tazas y figuritas.<\/p>\n<p>R\u00e9plique Manga Cin\u00e9 es una empresa familiar francesa.<\/p>\n<p>Entrega en 24\/48 horas<\/p>","protected":false},"excerpt":{"rendered":"<p>Los vemos muy a menudo con los personajes de Naruto practicando la t\u00e9cnica Shuriken-jutsu.<\/p>\n<ul>\n<li>Fabricado totalmente en metal de una sola pieza.<\/li>\n<li>Un hilo de algod\u00f3n blanco rodea el mango para un agarre seguro.<\/li>\n<li>La punta del kunai es roma para mayor seguridad.<\/li>\n<li>No est\u00e1 afilado.<\/li>\n<li>Longitud total: 25 cm<\/li>\n<\/ul>","protected":false},"featured_media":58550,"template":"","meta":[],"product_brand":[896],"product_cat":[108,23,42],"product_tag":[],"class_list":{"0":"post-58549","1":"product","2":"type-product","3":"status-publish","4":"has-post-thumbnail","6":"product_brand-replique-manga-cine","7":"product_cat-kunai-et-shuriken-naruto","8":"product_cat-repliques-manga-jeux-video","9":"product_cat-katana-goodies-naruto-kunai","11":"first","12":"instock","13":"taxable","14":"shipping-taxable","15":"purchasable","16":"product-type-simple"},"yoast_head":"<!-- This site is optimized with the Yoast SEO plugin v27.4 - https:\/\/yoast.com\/product\/yoast-seo-wordpress\/ -->\n<title>Grand Kuna\u00ef Naruto blanc - Kuna\u00ef pas cher | R\u00e9plique Manga Cin\u00e9<\/title>\n<meta name=\"description\" content=\"Grand Kuna\u00ef Naruto blanc au meilleur prix sur repliquemangacine.fr. Les produits d\u00e9riv\u00e9s Naruto pas chers sont l\u00e0 \u00e0 partir de 7.90\u20ac seulement. Envoi 24\/48h\" \/>\n<meta name=\"robots\" content=\"index, follow, max-snippet:-1, max-image-preview:large, max-video-preview:-1\" \/>\n<link rel=\"canonical\" href=\"https:\/\/repliquemangacine.fr\/es\/naruto-kunai-y-shuriken\/gran-kunai-blanco-de-naruto\/\" \/>\n<meta property=\"og:locale\" content=\"es_ES\" \/>\n<meta property=\"og:type\" content=\"article\" \/>\n<meta property=\"og:title\" content=\"Grand Kuna\u00ef Naruto blanc - Kuna\u00ef pas cher | R\u00e9plique Manga Cin\u00e9\" \/>\n<meta property=\"og:description\" content=\"Grand Kuna\u00ef Naruto blanc au meilleur prix sur repliquemangacine.fr. Les produits d\u00e9riv\u00e9s Naruto pas chers sont l\u00e0 \u00e0 partir de 7.90\u20ac seulement. Envoi 24\/48h\" \/>\n<meta property=\"og:url\" content=\"https:\/\/repliquemangacine.fr\/es\/naruto-kunai-y-shuriken\/gran-kunai-blanco-de-naruto\/\" \/>\n<meta property=\"og:site_name\" content=\"R\u00e9plique Manga Cin\u00e9\" \/>\n<meta property=\"article:publisher\" content=\"https:\/\/www.facebook.com\/RepliqueMangaCine\" \/>\n<meta property=\"article:modified_time\" content=\"2026-04-12T04:16:11+00:00\" \/>\n<meta property=\"og:image\" content=\"https:\/\/repliquemangacine.fr\/wp-content\/uploads\/2023\/10\/Kunai-Naruto.jpg\" \/>\n\t<meta property=\"og:image:width\" content=\"500\" \/>\n\t<meta property=\"og:image:height\" content=\"500\" \/>\n\t<meta property=\"og:image:type\" content=\"image\/jpeg\" \/>\n<meta name=\"twitter:card\" content=\"summary_large_image\" \/>\n<meta name=\"twitter:label1\" content=\"Tiempo de lectura\" \/>\n\t<meta name=\"twitter:data1\" content=\"3 minutos\" \/>\n<script type=\"application\/ld+json\" class=\"yoast-schema-graph\">{\"@context\":\"https:\\\/\\\/schema.org\",\"@graph\":[{\"@type\":\"WebPage\",\"@id\":\"https:\\\/\\\/repliquemangacine.fr\\\/kunai-et-shuriken-naruto\\\/grand-kunai-naruto-blanc\\\/\",\"url\":\"https:\\\/\\\/repliquemangacine.fr\\\/kunai-et-shuriken-naruto\\\/grand-kunai-naruto-blanc\\\/\",\"name\":\"Grand Kuna\u00ef Naruto blanc - Kuna\u00ef pas cher | R\u00e9plique Manga Cin\u00e9\",\"isPartOf\":{\"@id\":\"https:\\\/\\\/repliquemangacine.fr\\\/#website\"},\"primaryImageOfPage\":{\"@id\":\"https:\\\/\\\/repliquemangacine.fr\\\/kunai-et-shuriken-naruto\\\/grand-kunai-naruto-blanc\\\/#primaryimage\"},\"image\":{\"@id\":\"https:\\\/\\\/repliquemangacine.fr\\\/kunai-et-shuriken-naruto\\\/grand-kunai-naruto-blanc\\\/#primaryimage\"},\"thumbnailUrl\":\"https:\\\/\\\/repliquemangacine.fr\\\/wp-content\\\/uploads\\\/2023\\\/10\\\/Kunai-Naruto.jpg\",\"datePublished\":\"2023-02-09T09:56:07+00:00\",\"dateModified\":\"2026-04-12T04:16:11+00:00\",\"description\":\"Grand Kuna\u00ef Naruto blanc au meilleur prix sur repliquemangacine.fr. Les produits d\u00e9riv\u00e9s Naruto pas chers sont l\u00e0 \u00e0 partir de 7.90\u20ac seulement. Envoi 24\\\/48h\",\"breadcrumb\":{\"@id\":\"https:\\\/\\\/repliquemangacine.fr\\\/kunai-et-shuriken-naruto\\\/grand-kunai-naruto-blanc\\\/#breadcrumb\"},\"inLanguage\":\"es\",\"potentialAction\":[{\"@type\":\"ReadAction\",\"target\":[\"https:\\\/\\\/repliquemangacine.fr\\\/kunai-et-shuriken-naruto\\\/grand-kunai-naruto-blanc\\\/\"]}]},{\"@type\":\"ImageObject\",\"inLanguage\":\"es\",\"@id\":\"https:\\\/\\\/repliquemangacine.fr\\\/kunai-et-shuriken-naruto\\\/grand-kunai-naruto-blanc\\\/#primaryimage\",\"url\":\"https:\\\/\\\/repliquemangacine.fr\\\/wp-content\\\/uploads\\\/2023\\\/10\\\/Kunai-Naruto.jpg\",\"contentUrl\":\"https:\\\/\\\/repliquemangacine.fr\\\/wp-content\\\/uploads\\\/2023\\\/10\\\/Kunai-Naruto.jpg\",\"width\":500,\"height\":500,\"caption\":\"Grand Kuna\u00ef Naruto blanc\"},{\"@type\":\"BreadcrumbList\",\"@id\":\"https:\\\/\\\/repliquemangacine.fr\\\/kunai-et-shuriken-naruto\\\/grand-kunai-naruto-blanc\\\/#breadcrumb\",\"itemListElement\":[{\"@type\":\"ListItem\",\"position\":1,\"name\":\"Accueil\",\"item\":\"https:\\\/\\\/repliquemangacine.fr\\\/\"},{\"@type\":\"ListItem\",\"position\":2,\"name\":\"Produits\",\"item\":\"https:\\\/\\\/repliquemangacine.fr\\\/boutique\\\/\"},{\"@type\":\"ListItem\",\"position\":3,\"name\":\"Grand Kuna\u00ef Naruto\"}]},{\"@type\":\"WebSite\",\"@id\":\"https:\\\/\\\/repliquemangacine.fr\\\/#website\",\"url\":\"https:\\\/\\\/repliquemangacine.fr\\\/\",\"name\":\"R\u00e9plique Manga Cin\u00e9\",\"description\":\"\",\"publisher\":{\"@id\":\"https:\\\/\\\/repliquemangacine.fr\\\/#organization\"},\"potentialAction\":[{\"@type\":\"SearchAction\",\"target\":{\"@type\":\"EntryPoint\",\"urlTemplate\":\"https:\\\/\\\/repliquemangacine.fr\\\/?s={search_term_string}\"},\"query-input\":{\"@type\":\"PropertyValueSpecification\",\"valueRequired\":true,\"valueName\":\"search_term_string\"}}],\"inLanguage\":\"es\"},{\"@type\":\"Organization\",\"@id\":\"https:\\\/\\\/repliquemangacine.fr\\\/#organization\",\"name\":\"R\u00e9plique Manga Cin\u00e9\",\"url\":\"https:\\\/\\\/repliquemangacine.fr\\\/\",\"logo\":{\"@type\":\"ImageObject\",\"inLanguage\":\"es\",\"@id\":\"https:\\\/\\\/repliquemangacine.fr\\\/#\\\/schema\\\/logo\\\/image\\\/\",\"url\":\"https:\\\/\\\/repliquemangacine.fr\\\/wp-content\\\/uploads\\\/2023\\\/10\\\/RMC-500250.png\",\"contentUrl\":\"https:\\\/\\\/repliquemangacine.fr\\\/wp-content\\\/uploads\\\/2023\\\/10\\\/RMC-500250.png\",\"width\":500,\"height\":250,\"caption\":\"R\u00e9plique Manga Cin\u00e9\"},\"image\":{\"@id\":\"https:\\\/\\\/repliquemangacine.fr\\\/#\\\/schema\\\/logo\\\/image\\\/\"},\"sameAs\":[\"https:\\\/\\\/www.facebook.com\\\/RepliqueMangaCine\",\"https:\\\/\\\/www.instagram.com\\\/repliquemangacine.fr\\\/\"]}]}<\/script>\n<!-- \/ Yoast SEO plugin. -->","yoast_head_json":{"title":"Gran blanco Kuna\u00ef Naruto - Kuna\u00ef pas cher | R\u00e9plique Manga Cin\u00e9","description":"Naruto Kunai blanco grande al mejor precio en repliquemangacine.fr. Productos Naruto baratos est\u00e1n disponibles a partir de s\u00f3lo 7,90 \u20ac. Env\u00edo 24\/48h","robots":{"index":"index","follow":"follow","max-snippet":"max-snippet:-1","max-image-preview":"max-image-preview:large","max-video-preview":"max-video-preview:-1"},"canonical":"https:\/\/repliquemangacine.fr\/es\/naruto-kunai-y-shuriken\/gran-kunai-blanco-de-naruto\/","og_locale":"es_ES","og_type":"article","og_title":"Grand Kuna\u00ef Naruto blanc - Kuna\u00ef pas cher | R\u00e9plique Manga Cin\u00e9","og_description":"Grand Kuna\u00ef Naruto blanc au meilleur prix sur repliquemangacine.fr. Les produits d\u00e9riv\u00e9s Naruto pas chers sont l\u00e0 \u00e0 partir de 7.90\u20ac seulement. Envoi 24\/48h","og_url":"https:\/\/repliquemangacine.fr\/es\/naruto-kunai-y-shuriken\/gran-kunai-blanco-de-naruto\/","og_site_name":"R\u00e9plique Manga Cin\u00e9","article_publisher":"https:\/\/www.facebook.com\/RepliqueMangaCine","article_modified_time":"2026-04-12T04:16:11+00:00","og_image":[{"width":500,"height":500,"url":"https:\/\/repliquemangacine.fr\/wp-content\/uploads\/2023\/10\/Kunai-Naruto.jpg","type":"image\/jpeg"}],"twitter_card":"summary_large_image","twitter_misc":{"Tiempo de lectura":"3 minutos"},"schema":{"@context":"https:\/\/schema.org","@graph":[{"@type":"WebPage","@id":"https:\/\/repliquemangacine.fr\/kunai-et-shuriken-naruto\/grand-kunai-naruto-blanc\/","url":"https:\/\/repliquemangacine.fr\/kunai-et-shuriken-naruto\/grand-kunai-naruto-blanc\/","name":"Gran blanco Kuna\u00ef Naruto - Kuna\u00ef pas cher | R\u00e9plique Manga Cin\u00e9","isPartOf":{"@id":"https:\/\/repliquemangacine.fr\/#website"},"primaryImageOfPage":{"@id":"https:\/\/repliquemangacine.fr\/kunai-et-shuriken-naruto\/grand-kunai-naruto-blanc\/#primaryimage"},"image":{"@id":"https:\/\/repliquemangacine.fr\/kunai-et-shuriken-naruto\/grand-kunai-naruto-blanc\/#primaryimage"},"thumbnailUrl":"https:\/\/repliquemangacine.fr\/wp-content\/uploads\/2023\/10\/Kunai-Naruto.jpg","datePublished":"2023-02-09T09:56:07+00:00","dateModified":"2026-04-12T04:16:11+00:00","description":"Naruto Kunai blanco grande al mejor precio en repliquemangacine.fr. Productos Naruto baratos est\u00e1n disponibles a partir de s\u00f3lo 7,90 \u20ac. Env\u00edo 24\/48h","breadcrumb":{"@id":"https:\/\/repliquemangacine.fr\/kunai-et-shuriken-naruto\/grand-kunai-naruto-blanc\/#breadcrumb"},"inLanguage":"es","potentialAction":[{"@type":"ReadAction","target":["https:\/\/repliquemangacine.fr\/kunai-et-shuriken-naruto\/grand-kunai-naruto-blanc\/"]}]},{"@type":"ImageObject","inLanguage":"es","@id":"https:\/\/repliquemangacine.fr\/kunai-et-shuriken-naruto\/grand-kunai-naruto-blanc\/#primaryimage","url":"https:\/\/repliquemangacine.fr\/wp-content\/uploads\/2023\/10\/Kunai-Naruto.jpg","contentUrl":"https:\/\/repliquemangacine.fr\/wp-content\/uploads\/2023\/10\/Kunai-Naruto.jpg","width":500,"height":500,"caption":"Grand Kuna\u00ef Naruto blanc"},{"@type":"BreadcrumbList","@id":"https:\/\/repliquemangacine.fr\/kunai-et-shuriken-naruto\/grand-kunai-naruto-blanc\/#breadcrumb","itemListElement":[{"@type":"ListItem","position":1,"name":"Accueil","item":"https:\/\/repliquemangacine.fr\/"},{"@type":"ListItem","position":2,"name":"Produits","item":"https:\/\/repliquemangacine.fr\/boutique\/"},{"@type":"ListItem","position":3,"name":"Grand Kuna\u00ef Naruto"}]},{"@type":"WebSite","@id":"https:\/\/repliquemangacine.fr\/#website","url":"https:\/\/repliquemangacine.fr\/","name":"R\u00e9plique Manga Cin\u00e9","description":"","publisher":{"@id":"https:\/\/repliquemangacine.fr\/#organization"},"potentialAction":[{"@type":"SearchAction","target":{"@type":"EntryPoint","urlTemplate":"https:\/\/repliquemangacine.fr\/?s={search_term_string}"},"query-input":{"@type":"PropertyValueSpecification","valueRequired":true,"valueName":"search_term_string"}}],"inLanguage":"es"},{"@type":"Organization","@id":"https:\/\/repliquemangacine.fr\/#organization","name":"R\u00e9plique Manga Cin\u00e9","url":"https:\/\/repliquemangacine.fr\/","logo":{"@type":"ImageObject","inLanguage":"es","@id":"https:\/\/repliquemangacine.fr\/#\/schema\/logo\/image\/","url":"https:\/\/repliquemangacine.fr\/wp-content\/uploads\/2023\/10\/RMC-500250.png","contentUrl":"https:\/\/repliquemangacine.fr\/wp-content\/uploads\/2023\/10\/RMC-500250.png","width":500,"height":250,"caption":"R\u00e9plique Manga Cin\u00e9"},"image":{"@id":"https:\/\/repliquemangacine.fr\/#\/schema\/logo\/image\/"},"sameAs":["https:\/\/www.facebook.com\/RepliqueMangaCine","https:\/\/www.instagram.com\/repliquemangacine.fr\/"]}]}},"_links":{"self":[{"href":"https:\/\/repliquemangacine.fr\/es\/wp-json\/wp\/v2\/product\/58549","targetHints":{"allow":["GET"]}}],"collection":[{"href":"https:\/\/repliquemangacine.fr\/es\/wp-json\/wp\/v2\/product"}],"about":[{"href":"https:\/\/repliquemangacine.fr\/es\/wp-json\/wp\/v2\/types\/product"}],"wp:featuredmedia":[{"embeddable":true,"href":"https:\/\/repliquemangacine.fr\/es\/wp-json\/wp\/v2\/media\/58550"}],"wp:attachment":[{"href":"https:\/\/repliquemangacine.fr\/es\/wp-json\/wp\/v2\/media?parent=58549"}],"wp:term":[{"taxonomy":"product_brand","embeddable":true,"href":"https:\/\/repliquemangacine.fr\/es\/wp-json\/wp\/v2\/product_brand?post=58549"},{"taxonomy":"product_cat","embeddable":true,"href":"https:\/\/repliquemangacine.fr\/es\/wp-json\/wp\/v2\/product_cat?post=58549"},{"taxonomy":"product_tag","embeddable":true,"href":"https:\/\/repliquemangacine.fr\/es\/wp-json\/wp\/v2\/product_tag?post=58549"}],"curies":[{"name":"wp","href":"https:\/\/api.w.org\/{rel}","templated":true}]}}