





{"id":57803,"date":"2023-01-11T17:56:17","date_gmt":"2023-01-11T16:56:17","guid":{"rendered":"https:\/\/repliquemangacine.fr\/?post_type=product&#038;p=57803"},"modified":"2025-11-21T13:24:52","modified_gmt":"2025-11-21T12:24:52","slug":"hugin-et-munin-escudo-vikingo","status":"publish","type":"product","link":"https:\/\/repliquemangacine.fr\/es\/boucliers-serie-vikings\/bouclier-viking-hugin-et-munin\/","title":{"rendered":"Escudo vikingo de Hugin y Munin"},"content":{"rendered":"<h2>Escudo vikingo de madera Hugin &amp; Munin.<\/h2>\n<p>Para empezar, el gran y magn\u00edfico <strong>Escudo vikingo de Hugin y Munin<\/strong> est\u00e1 compuesto por madera, ricamente decorada con dos cuervos. El motivo de los p\u00e1jaros gemelos es una representaci\u00f3n de los fieles mensajeros de Od\u00edn, Hugin y Munin, un tema recurrente en el arte vikingo.<\/p>\n<p>En la <a href=\"https:\/\/www.worldhistory.org\/trans\/fr\/1-12388\/mythologie-nordique\/\" target=\"_blank\" rel=\"noopener noreferrer\">Mitolog\u00eda n\u00f3rdica<\/a>, Los cuervos sobrevuelan Asgard y Midgard y regresan cada noche junto a Od\u00edn, el padre de todos los dioses, para contarle todo lo que han visto y o\u00eddo.<\/p>\n<p>Cabe destacar que el cuervo es s\u00edmbolo de sabidur\u00eda. Sin embargo, el primer significado simb\u00f3lico que se le atribuye a esta ave lo relaciona con la muerte. Un cuervo volando sobre un campo de batalla acompa\u00f1a a las valquirias (divinidades menores que serv\u00edan a Od\u00edn, se\u00f1or de los dioses) que llevaban las almas de los h\u00e9roes al Valhalla.<\/p>\n<h2>Tu Escudo Vikingo Hugin &amp; Munin al mejor precio.<\/h2>\n<p>R\u00e9plique Manga Cin\u00e9 le ofrece una amplia selecci\u00f3n de espadas y escudos vikingos.<\/p>\n<p>Lo primero y m\u00e1s importante,<\/p>\n<ul>\n<li>El famoso <a href=\"https:\/\/repliquemangacine.fr\/es\/armas-vikingas\/replica-de-la-espada-del-rey-ragnar-lothbrok-de-la-serie-de-tv-vikingos\/\">La espada de Ragnar Lothbrok<\/a> de la serie Vikingos en manos de reyes. El hijo de Ragnar, Bjorn, fue el \u00faltimo en morir con esta espada.<\/li>\n<li>As\u00ed como todos <a href=\"https:\/\/repliquemangacine.fr\/es\/assassins-creed\/hachas-assassins-creed-valhalla\/\">dos ejes Eivor<\/a> Varinsdottir en Assassin's Creed Valhalla.<\/li>\n<li>Tambi\u00e9n existe la<a href=\"https:\/\/repliquemangacine.fr\/es\/vikingo\/espada-vikinga-ironside\/\">Espada vikinga Ironside<\/a> de Condor llamado as\u00ed en honor de Bj\u00f6rn Ironside, el legendario rey vikingo.<\/li>\n<li>Y mucho m\u00e1s para visitar en nuestra tienda online.<\/li>\n<\/ul>\n<p>Por eso, es una idea estupenda para regalar a todos los apasionados de los vikingos.<\/p>\n<p>En conclusi\u00f3n, puede utilizar el <strong>Escudo vikingo de Hugin y Munin<\/strong> para sus recreaciones hist\u00f3ricas. Pero, sobre todo, es una pieza de coleccionista y una pieza decorativa.<\/p>\n<h2>\u00bfC\u00f3mo se utiliza el escudo del Guerrero?<\/h2>\n<p>Conocidos en todo el mundo como grandes y valientes guerreros, los vikingos eran muy eficaces en sus ataques y defensas.<\/p>\n<p>Los vikingos utilizaban una formaci\u00f3n de guerra muy eficaz que les permit\u00eda debilitar a sus enemigos sin sufrir p\u00e9rdidas importantes. As\u00ed, una vez debilitados sus enemigos, romp\u00edan sus l\u00edneas y los aplastaban con facilidad.<\/p>\n<p>Esta formaci\u00f3n se conoce hoy en d\u00eda como \u201cmuro de escudos\u201d.<\/p>\n<p>Adem\u00e1s, decoraban sus escudos con runas o figuras de animales, s\u00edmbolos que hac\u00edan referencia a los dioses n\u00f3rdicos. Pero su objetivo tambi\u00e9n era estrat\u00e9gico. De hecho, el <strong>Escudo vikingo de Hugin &amp; Munin<\/strong> que se pinta, impide que la madera absorba el agua, haci\u00e9ndola mucho m\u00e1s pesada.<\/p>","protected":false},"excerpt":{"rendered":"<p>Escudo vikingo fiel a los originales.<\/p>\n<ul>\n<li>Losa de madera de 13 mm de espesor<\/li>\n<li>Equipado con tres refuerzos remachados de madera maciza en la parte posterior<\/li>\n<li>Pintado con dos cuervos y un triskel.<\/li>\n<li>Umbo de acero envejecido sujeto por 4 remaches<\/li>\n<li>Borde de cuero rugoso cosido a la madera.<\/li>\n<li>Empu\u00f1adura recubierta de cuero, protegida por el umbo.<\/li>\n<li>Di\u00e1metro: 80 cm - Peso: 4,6 kg<\/li>\n<li>Dimensiones del jefe: Total aprox. 18 cm, bulto aprox. 13 cm<\/li>\n<\/ul>","protected":false},"featured_media":57804,"template":"","meta":[],"product_brand":[896],"product_cat":[25,113,24,103,57],"product_tag":[],"class_list":{"0":"post-57803","1":"product","2":"type-product","3":"status-publish","4":"has-post-thumbnail","6":"product_brand-replique-manga-cine","7":"product_cat-armes-historiques","8":"product_cat-boucliers-serie-vikings","9":"product_cat-films-series-tv-vente-de-katana-epee-et-produits-derives","10":"product_cat-armes-et-accessoires-vikings","11":"product_cat-armes-vikings","13":"first","14":"instock","15":"taxable","16":"shipping-taxable","17":"purchasable","18":"product-type-simple"},"yoast_head":"<!-- This site is optimized with the Yoast SEO plugin v27.4 - https:\/\/yoast.com\/product\/yoast-seo-wordpress\/ -->\n<title>Bouclier Viking Hugin &amp; Munin - R\u00e9plique Manga Cin\u00e9<\/title>\n<meta name=\"description\" content=\"Commandez vite ! Ce Bouclier Viking Hugin &amp; Munin au meilleur prix - Tout en bois - Umbo en m\u00e9tal - Peint des deux corbeaux d&#039;Odin - Diam\u00e8tre : 80 cm\" \/>\n<meta name=\"robots\" content=\"index, follow, max-snippet:-1, max-image-preview:large, max-video-preview:-1\" \/>\n<link rel=\"canonical\" href=\"https:\/\/repliquemangacine.fr\/es\/serie-shields-vikingos\/hugin-et-munin-escudo-vikingo\/\" \/>\n<meta property=\"og:locale\" content=\"es_ES\" \/>\n<meta property=\"og:type\" content=\"article\" \/>\n<meta property=\"og:title\" content=\"Bouclier Viking Hugin &amp; Munin - R\u00e9plique Manga Cin\u00e9\" \/>\n<meta property=\"og:description\" content=\"Commandez vite ! Ce Bouclier Viking Hugin &amp; Munin au meilleur prix - Tout en bois - Umbo en m\u00e9tal - Peint des deux corbeaux d&#039;Odin - Diam\u00e8tre : 80 cm\" \/>\n<meta property=\"og:url\" content=\"https:\/\/repliquemangacine.fr\/es\/serie-shields-vikingos\/hugin-et-munin-escudo-vikingo\/\" \/>\n<meta property=\"og:site_name\" content=\"R\u00e9plique Manga Cin\u00e9\" \/>\n<meta property=\"article:publisher\" content=\"https:\/\/www.facebook.com\/RepliqueMangaCine\" \/>\n<meta property=\"article:modified_time\" content=\"2025-11-21T12:24:52+00:00\" \/>\n<meta property=\"og:image\" content=\"https:\/\/repliquemangacine.fr\/wp-content\/uploads\/2023\/10\/Bouclier-Viking-HuginMunin.jpg\" \/>\n\t<meta property=\"og:image:width\" content=\"500\" \/>\n\t<meta property=\"og:image:height\" content=\"500\" \/>\n\t<meta property=\"og:image:type\" content=\"image\/jpeg\" \/>\n<meta name=\"twitter:card\" content=\"summary_large_image\" \/>\n<meta name=\"twitter:label1\" content=\"Tiempo de lectura\" \/>\n\t<meta name=\"twitter:data1\" content=\"3 minutos\" \/>\n<script type=\"application\/ld+json\" class=\"yoast-schema-graph\">{\"@context\":\"https:\\\/\\\/schema.org\",\"@graph\":[{\"@type\":\"WebPage\",\"@id\":\"https:\\\/\\\/repliquemangacine.fr\\\/boucliers-serie-vikings\\\/bouclier-viking-hugin-et-munin\\\/\",\"url\":\"https:\\\/\\\/repliquemangacine.fr\\\/boucliers-serie-vikings\\\/bouclier-viking-hugin-et-munin\\\/\",\"name\":\"Bouclier Viking Hugin & Munin - R\u00e9plique Manga Cin\u00e9\",\"isPartOf\":{\"@id\":\"https:\\\/\\\/repliquemangacine.fr\\\/#website\"},\"primaryImageOfPage\":{\"@id\":\"https:\\\/\\\/repliquemangacine.fr\\\/boucliers-serie-vikings\\\/bouclier-viking-hugin-et-munin\\\/#primaryimage\"},\"image\":{\"@id\":\"https:\\\/\\\/repliquemangacine.fr\\\/boucliers-serie-vikings\\\/bouclier-viking-hugin-et-munin\\\/#primaryimage\"},\"thumbnailUrl\":\"https:\\\/\\\/repliquemangacine.fr\\\/wp-content\\\/uploads\\\/2023\\\/10\\\/Bouclier-Viking-HuginMunin.jpg\",\"datePublished\":\"2023-01-11T16:56:17+00:00\",\"dateModified\":\"2025-11-21T12:24:52+00:00\",\"description\":\"Commandez vite ! Ce Bouclier Viking Hugin & Munin au meilleur prix - Tout en bois - Umbo en m\u00e9tal - Peint des deux corbeaux d'Odin - Diam\u00e8tre : 80 cm\",\"breadcrumb\":{\"@id\":\"https:\\\/\\\/repliquemangacine.fr\\\/boucliers-serie-vikings\\\/bouclier-viking-hugin-et-munin\\\/#breadcrumb\"},\"inLanguage\":\"es\",\"potentialAction\":[{\"@type\":\"ReadAction\",\"target\":[\"https:\\\/\\\/repliquemangacine.fr\\\/boucliers-serie-vikings\\\/bouclier-viking-hugin-et-munin\\\/\"]}]},{\"@type\":\"ImageObject\",\"inLanguage\":\"es\",\"@id\":\"https:\\\/\\\/repliquemangacine.fr\\\/boucliers-serie-vikings\\\/bouclier-viking-hugin-et-munin\\\/#primaryimage\",\"url\":\"https:\\\/\\\/repliquemangacine.fr\\\/wp-content\\\/uploads\\\/2023\\\/10\\\/Bouclier-Viking-HuginMunin.jpg\",\"contentUrl\":\"https:\\\/\\\/repliquemangacine.fr\\\/wp-content\\\/uploads\\\/2023\\\/10\\\/Bouclier-Viking-HuginMunin.jpg\",\"width\":500,\"height\":500,\"caption\":\"Bouclier Viking Hugin&Munin en bois\"},{\"@type\":\"BreadcrumbList\",\"@id\":\"https:\\\/\\\/repliquemangacine.fr\\\/boucliers-serie-vikings\\\/bouclier-viking-hugin-et-munin\\\/#breadcrumb\",\"itemListElement\":[{\"@type\":\"ListItem\",\"position\":1,\"name\":\"Accueil\",\"item\":\"https:\\\/\\\/repliquemangacine.fr\\\/\"},{\"@type\":\"ListItem\",\"position\":2,\"name\":\"Produits\",\"item\":\"https:\\\/\\\/repliquemangacine.fr\\\/boutique\\\/\"},{\"@type\":\"ListItem\",\"position\":3,\"name\":\"Bouclier Viking Hugin &#038; Munin\"}]},{\"@type\":\"WebSite\",\"@id\":\"https:\\\/\\\/repliquemangacine.fr\\\/#website\",\"url\":\"https:\\\/\\\/repliquemangacine.fr\\\/\",\"name\":\"R\u00e9plique Manga Cin\u00e9\",\"description\":\"\",\"publisher\":{\"@id\":\"https:\\\/\\\/repliquemangacine.fr\\\/#organization\"},\"potentialAction\":[{\"@type\":\"SearchAction\",\"target\":{\"@type\":\"EntryPoint\",\"urlTemplate\":\"https:\\\/\\\/repliquemangacine.fr\\\/?s={search_term_string}\"},\"query-input\":{\"@type\":\"PropertyValueSpecification\",\"valueRequired\":true,\"valueName\":\"search_term_string\"}}],\"inLanguage\":\"es\"},{\"@type\":\"Organization\",\"@id\":\"https:\\\/\\\/repliquemangacine.fr\\\/#organization\",\"name\":\"R\u00e9plique Manga Cin\u00e9\",\"url\":\"https:\\\/\\\/repliquemangacine.fr\\\/\",\"logo\":{\"@type\":\"ImageObject\",\"inLanguage\":\"es\",\"@id\":\"https:\\\/\\\/repliquemangacine.fr\\\/#\\\/schema\\\/logo\\\/image\\\/\",\"url\":\"https:\\\/\\\/repliquemangacine.fr\\\/wp-content\\\/uploads\\\/2023\\\/10\\\/RMC-500250.png\",\"contentUrl\":\"https:\\\/\\\/repliquemangacine.fr\\\/wp-content\\\/uploads\\\/2023\\\/10\\\/RMC-500250.png\",\"width\":500,\"height\":250,\"caption\":\"R\u00e9plique Manga Cin\u00e9\"},\"image\":{\"@id\":\"https:\\\/\\\/repliquemangacine.fr\\\/#\\\/schema\\\/logo\\\/image\\\/\"},\"sameAs\":[\"https:\\\/\\\/www.facebook.com\\\/RepliqueMangaCine\",\"https:\\\/\\\/www.instagram.com\\\/repliquemangacine.fr\\\/\"]}]}<\/script>\n<!-- \/ Yoast SEO plugin. -->","yoast_head_json":{"title":"Escudo vikingo de Hugin &amp; Munin - R\u00e9plique Manga Cin\u00e9","description":"\u00a1Pida ahora ! Este Escudo Vikingo Hugin &amp; Munin al mejor precio - Todo de madera - Umbo de metal - Pintado con los dos cuervos de Odin - Diametro : 80 cm","robots":{"index":"index","follow":"follow","max-snippet":"max-snippet:-1","max-image-preview":"max-image-preview:large","max-video-preview":"max-video-preview:-1"},"canonical":"https:\/\/repliquemangacine.fr\/es\/serie-shields-vikingos\/hugin-et-munin-escudo-vikingo\/","og_locale":"es_ES","og_type":"article","og_title":"Bouclier Viking Hugin & Munin - R\u00e9plique Manga Cin\u00e9","og_description":"Commandez vite ! Ce Bouclier Viking Hugin & Munin au meilleur prix - Tout en bois - Umbo en m\u00e9tal - Peint des deux corbeaux d'Odin - Diam\u00e8tre : 80 cm","og_url":"https:\/\/repliquemangacine.fr\/es\/serie-shields-vikingos\/hugin-et-munin-escudo-vikingo\/","og_site_name":"R\u00e9plique Manga Cin\u00e9","article_publisher":"https:\/\/www.facebook.com\/RepliqueMangaCine","article_modified_time":"2025-11-21T12:24:52+00:00","og_image":[{"width":500,"height":500,"url":"https:\/\/repliquemangacine.fr\/wp-content\/uploads\/2023\/10\/Bouclier-Viking-HuginMunin.jpg","type":"image\/jpeg"}],"twitter_card":"summary_large_image","twitter_misc":{"Tiempo de lectura":"3 minutos"},"schema":{"@context":"https:\/\/schema.org","@graph":[{"@type":"WebPage","@id":"https:\/\/repliquemangacine.fr\/boucliers-serie-vikings\/bouclier-viking-hugin-et-munin\/","url":"https:\/\/repliquemangacine.fr\/boucliers-serie-vikings\/bouclier-viking-hugin-et-munin\/","name":"Escudo vikingo de Hugin &amp; Munin - R\u00e9plique Manga Cin\u00e9","isPartOf":{"@id":"https:\/\/repliquemangacine.fr\/#website"},"primaryImageOfPage":{"@id":"https:\/\/repliquemangacine.fr\/boucliers-serie-vikings\/bouclier-viking-hugin-et-munin\/#primaryimage"},"image":{"@id":"https:\/\/repliquemangacine.fr\/boucliers-serie-vikings\/bouclier-viking-hugin-et-munin\/#primaryimage"},"thumbnailUrl":"https:\/\/repliquemangacine.fr\/wp-content\/uploads\/2023\/10\/Bouclier-Viking-HuginMunin.jpg","datePublished":"2023-01-11T16:56:17+00:00","dateModified":"2025-11-21T12:24:52+00:00","description":"\u00a1Pida ahora ! Este Escudo Vikingo Hugin &amp; Munin al mejor precio - Todo de madera - Umbo de metal - Pintado con los dos cuervos de Odin - Diametro : 80 cm","breadcrumb":{"@id":"https:\/\/repliquemangacine.fr\/boucliers-serie-vikings\/bouclier-viking-hugin-et-munin\/#breadcrumb"},"inLanguage":"es","potentialAction":[{"@type":"ReadAction","target":["https:\/\/repliquemangacine.fr\/boucliers-serie-vikings\/bouclier-viking-hugin-et-munin\/"]}]},{"@type":"ImageObject","inLanguage":"es","@id":"https:\/\/repliquemangacine.fr\/boucliers-serie-vikings\/bouclier-viking-hugin-et-munin\/#primaryimage","url":"https:\/\/repliquemangacine.fr\/wp-content\/uploads\/2023\/10\/Bouclier-Viking-HuginMunin.jpg","contentUrl":"https:\/\/repliquemangacine.fr\/wp-content\/uploads\/2023\/10\/Bouclier-Viking-HuginMunin.jpg","width":500,"height":500,"caption":"Bouclier Viking Hugin&Munin en bois"},{"@type":"BreadcrumbList","@id":"https:\/\/repliquemangacine.fr\/boucliers-serie-vikings\/bouclier-viking-hugin-et-munin\/#breadcrumb","itemListElement":[{"@type":"ListItem","position":1,"name":"Accueil","item":"https:\/\/repliquemangacine.fr\/"},{"@type":"ListItem","position":2,"name":"Produits","item":"https:\/\/repliquemangacine.fr\/boutique\/"},{"@type":"ListItem","position":3,"name":"Bouclier Viking Hugin &#038; Munin"}]},{"@type":"WebSite","@id":"https:\/\/repliquemangacine.fr\/#website","url":"https:\/\/repliquemangacine.fr\/","name":"R\u00e9plique Manga Cin\u00e9","description":"","publisher":{"@id":"https:\/\/repliquemangacine.fr\/#organization"},"potentialAction":[{"@type":"SearchAction","target":{"@type":"EntryPoint","urlTemplate":"https:\/\/repliquemangacine.fr\/?s={search_term_string}"},"query-input":{"@type":"PropertyValueSpecification","valueRequired":true,"valueName":"search_term_string"}}],"inLanguage":"es"},{"@type":"Organization","@id":"https:\/\/repliquemangacine.fr\/#organization","name":"R\u00e9plique Manga Cin\u00e9","url":"https:\/\/repliquemangacine.fr\/","logo":{"@type":"ImageObject","inLanguage":"es","@id":"https:\/\/repliquemangacine.fr\/#\/schema\/logo\/image\/","url":"https:\/\/repliquemangacine.fr\/wp-content\/uploads\/2023\/10\/RMC-500250.png","contentUrl":"https:\/\/repliquemangacine.fr\/wp-content\/uploads\/2023\/10\/RMC-500250.png","width":500,"height":250,"caption":"R\u00e9plique Manga Cin\u00e9"},"image":{"@id":"https:\/\/repliquemangacine.fr\/#\/schema\/logo\/image\/"},"sameAs":["https:\/\/www.facebook.com\/RepliqueMangaCine","https:\/\/www.instagram.com\/repliquemangacine.fr\/"]}]}},"_links":{"self":[{"href":"https:\/\/repliquemangacine.fr\/es\/wp-json\/wp\/v2\/product\/57803","targetHints":{"allow":["GET"]}}],"collection":[{"href":"https:\/\/repliquemangacine.fr\/es\/wp-json\/wp\/v2\/product"}],"about":[{"href":"https:\/\/repliquemangacine.fr\/es\/wp-json\/wp\/v2\/types\/product"}],"wp:featuredmedia":[{"embeddable":true,"href":"https:\/\/repliquemangacine.fr\/es\/wp-json\/wp\/v2\/media\/57804"}],"wp:attachment":[{"href":"https:\/\/repliquemangacine.fr\/es\/wp-json\/wp\/v2\/media?parent=57803"}],"wp:term":[{"taxonomy":"product_brand","embeddable":true,"href":"https:\/\/repliquemangacine.fr\/es\/wp-json\/wp\/v2\/product_brand?post=57803"},{"taxonomy":"product_cat","embeddable":true,"href":"https:\/\/repliquemangacine.fr\/es\/wp-json\/wp\/v2\/product_cat?post=57803"},{"taxonomy":"product_tag","embeddable":true,"href":"https:\/\/repliquemangacine.fr\/es\/wp-json\/wp\/v2\/product_tag?post=57803"}],"curies":[{"name":"wp","href":"https:\/\/api.w.org\/{rel}","templated":true}]}}