





{"id":57475,"date":"2022-12-30T17:49:04","date_gmt":"2022-12-30T16:49:04","guid":{"rendered":"https:\/\/repliquemangacine.fr\/?post_type=product&#038;p=57475"},"modified":"2026-04-09T19:23:54","modified_gmt":"2026-04-09T17:23:54","slug":"daga-de-finrod-daga-de-galadriel-los-anillos-del-poder","status":"publish","type":"product","link":"https:\/\/repliquemangacine.fr\/es\/epees-seigneur-des-anneaux\/dague-finrod-dague-galadriel-les-anneaux-de-pouvoirs\/","title":{"rendered":"Daga de Galadriel"},"content":{"rendered":"<h2>La daga de Galadriel en los Anillos de Poder<\/h2>\n<p>Para empezar, este <strong>Daga de Galadriel<\/strong> Aparece por primera vez en el primer episodio de El se\u00f1or de los anillos: Los anillos de poder. Al principio, cuando su hermano Finrod recupera su barco de papel con su daga. Luego, Finrod pierde la vida en una batalla contra Sauron. Frente al cuerpo de su hermano, que sostiene su daga, Galadriel le promete venganza y toma la daga.<\/p>\n<p>Esta daga de Finrod, que se convirti\u00f3 en la daga de Galadriel, es un arma muy preciada para ella. <a href=\"https:\/\/lotr.fandom.com\/fr\/wiki\/Galadriel#Saison_1\" target=\"_blank\" rel=\"noopener noreferrer\">Galadriel<\/a> Se niega a entrar en Valinor, impulsada por su deseo de buscar a Sauron.<\/p>\n<p>M\u00e1s que un simple recuerdo, es el s\u00edmbolo de su lucha contra el Mal y Sauron. La daga no solo es una magn\u00edfica joya, sino tambi\u00e9n un arma mortal que Galadriel utiliza para acabar con el troll de las nieves en la Ciudadela Orca.<\/p>\n<h2>Tu Daga de Galadriel al mejor precio.<\/h2>\n<p>Le ofrecemos una amplia selecci\u00f3n de espadas de El Se\u00f1or de los Anillos y El Anillo de Poder.<\/p>\n<p>Lo primero y m\u00e1s importante,<\/p>\n<ul>\n<li>La m\u00e1s famosa de ellas, la espada<a href=\"https:\/\/repliquemangacine.fr\/es\/el-senor-de-los-anillos\/espada-anduril-aragorn-el-senor-de-los-anillos\/\"> Anduril<\/a>la espada reforjada por los Elfos y entregada a Aragorn.<\/li>\n<li>Tambi\u00e9n existe la<a href=\"https:\/\/repliquemangacine.fr\/es\/los-anillos-del-poder\/numenor-espada-los-anillos-del-poder\/\">Espada numenoreana<\/a> con su cabeza de caballo.<\/li>\n<li>Y muchos m\u00e1s por descubrir en nuestra tienda en l\u00ednea.<\/li>\n<\/ul>\n<p>Por eso, aqu\u00ed tienes una idea estupenda para regalar a todos los fans de El Se\u00f1or de los Anillos.<\/p>\n<p>En conclusi\u00f3n, puede utilizar esta <strong>Daga de Galadriel<\/strong> para tus desfiles de cosplay o tus fiestas tem\u00e1ticas. Pero, ante todo, esta daga es una pieza de colecci\u00f3n.<\/p>\n<p>R\u00e9plique Manga Cin\u00e9 es una empresa familiar francesa.<\/p>\n<h2>\u00bfC\u00f3mo mantienes la hoja de tu Daga del Anillo de Poder?<\/h2>\n<p>Las dagas de colecci\u00f3n y decorativas se fabrican y ensamblan de forma simplificada. Como su uso es decorativo, no cuentan con los elementos de seguridad exigidos para un sable japon\u00e9s destinado al entrenamiento.<\/p>\n<p>Sin embargo, su <strong>Daga de Galadriel<\/strong> a una hoja de acero que hay que cuidar para evitar que se estropee con el tiempo. Cuando exponga su katana, sus amigos sentir\u00e1n curiosidad por ver la hoja y tocarla. Aqu\u00ed es donde hay que tener cuidado, ya que la acidez de los dedos es muy perjudicial para el acero, sea cual sea su calidad.<\/p>\n<p>Sin embargo, si esto ocurre, no te asustes, todo lo que necesitas es un pa\u00f1o humedecido con un poco de aceite y limpiar las huellas dactilares. Si haces esto, tu espada durar\u00e1 mucho tiempo.<\/p>","protected":false},"excerpt":{"rendered":"<p>Magn\u00edfica r\u00e9plica no oficial de la daga de Galadriel en los Anillos del Poder.<\/p>\n<ul>\n<li>Hoja de acero pulido dorado y cromado.<\/li>\n<li>Mango de acero pulido dorado y plateado.<\/li>\n<li>Soporte de montaje<\/li>\n<li>Funda de imitaci\u00f3n de cuero que se puede llevar en el cintur\u00f3n<\/li>\n<li>Longitud de la hoja: 29,5 cm - Longitud total: 46,5 cm - Peso: 500 grs<\/li>\n<\/ul>","protected":false},"featured_media":68947,"template":"","meta":[],"product_brand":[896],"product_cat":[68,24,29,106],"product_tag":[],"class_list":{"0":"post-57475","1":"product","2":"type-product","3":"status-publish","4":"has-post-thumbnail","6":"product_brand-replique-manga-cine","7":"product_cat-epees-seigneur-des-anneaux","8":"product_cat-films-series-tv-vente-de-katana-epee-et-produits-derives","9":"product_cat-le-seigneur-des-anneaux","10":"product_cat-epees-et-dague-les-anneaux-de-pouvoir","12":"first","13":"instock","14":"taxable","15":"shipping-taxable","16":"purchasable","17":"product-type-simple"},"yoast_head":"<!-- This site is optimized with the Yoast SEO plugin v27.4 - https:\/\/yoast.com\/product\/yoast-seo-wordpress\/ -->\n<title>Dague de Galadriel - Dague Finrod Les Anneaux de pouvoir | RMC<\/title>\n<meta name=\"description\" content=\"Offrez-vous la Dague de Galadriel dans la s\u00e9rie les anneaux de pouvoir au meilleur prix. Lame en acier - Longueur totale : 46.5cm - Envoi 24\/48H\" \/>\n<meta name=\"robots\" content=\"index, follow, max-snippet:-1, max-image-preview:large, max-video-preview:-1\" \/>\n<link rel=\"canonical\" href=\"https:\/\/repliquemangacine.fr\/es\/espadas-del-senor-de-los-anillos\/daga-de-finrod-daga-de-galadriel-los-anillos-del-poder\/\" \/>\n<meta property=\"og:locale\" content=\"es_ES\" \/>\n<meta property=\"og:type\" content=\"article\" \/>\n<meta property=\"og:title\" content=\"Dague de Galadriel - Dague Finrod Les Anneaux de pouvoir | RMC\" \/>\n<meta property=\"og:description\" content=\"Offrez-vous la Dague de Galadriel dans la s\u00e9rie les anneaux de pouvoir au meilleur prix. Lame en acier - Longueur totale : 46.5cm - Envoi 24\/48H\" \/>\n<meta property=\"og:url\" content=\"https:\/\/repliquemangacine.fr\/es\/espadas-del-senor-de-los-anillos\/daga-de-finrod-daga-de-galadriel-los-anillos-del-poder\/\" \/>\n<meta property=\"og:site_name\" content=\"R\u00e9plique Manga Cin\u00e9\" \/>\n<meta property=\"article:publisher\" content=\"https:\/\/www.facebook.com\/RepliqueMangaCine\" \/>\n<meta property=\"article:modified_time\" content=\"2026-04-09T17:23:54+00:00\" \/>\n<meta property=\"og:image\" content=\"https:\/\/repliquemangacine.fr\/wp-content\/uploads\/2022\/12\/Dague-galadriel-avec-housse-et-support.jpg\" \/>\n\t<meta property=\"og:image:width\" content=\"500\" \/>\n\t<meta property=\"og:image:height\" content=\"500\" \/>\n\t<meta property=\"og:image:type\" content=\"image\/jpeg\" \/>\n<meta name=\"twitter:card\" content=\"summary_large_image\" \/>\n<meta name=\"twitter:label1\" content=\"Tiempo de lectura\" \/>\n\t<meta name=\"twitter:data1\" content=\"3 minutos\" \/>\n<script type=\"application\/ld+json\" class=\"yoast-schema-graph\">{\"@context\":\"https:\\\/\\\/schema.org\",\"@graph\":[{\"@type\":\"WebPage\",\"@id\":\"https:\\\/\\\/repliquemangacine.fr\\\/epees-seigneur-des-anneaux\\\/dague-finrod-dague-galadriel-les-anneaux-de-pouvoirs\\\/\",\"url\":\"https:\\\/\\\/repliquemangacine.fr\\\/epees-seigneur-des-anneaux\\\/dague-finrod-dague-galadriel-les-anneaux-de-pouvoirs\\\/\",\"name\":\"Dague de Galadriel - Dague Finrod Les Anneaux de pouvoir | RMC\",\"isPartOf\":{\"@id\":\"https:\\\/\\\/repliquemangacine.fr\\\/#website\"},\"primaryImageOfPage\":{\"@id\":\"https:\\\/\\\/repliquemangacine.fr\\\/epees-seigneur-des-anneaux\\\/dague-finrod-dague-galadriel-les-anneaux-de-pouvoirs\\\/#primaryimage\"},\"image\":{\"@id\":\"https:\\\/\\\/repliquemangacine.fr\\\/epees-seigneur-des-anneaux\\\/dague-finrod-dague-galadriel-les-anneaux-de-pouvoirs\\\/#primaryimage\"},\"thumbnailUrl\":\"https:\\\/\\\/repliquemangacine.fr\\\/wp-content\\\/uploads\\\/2022\\\/12\\\/Dague-galadriel-avec-housse-et-support.jpg\",\"datePublished\":\"2022-12-30T16:49:04+00:00\",\"dateModified\":\"2026-04-09T17:23:54+00:00\",\"description\":\"Offrez-vous la Dague de Galadriel dans la s\u00e9rie les anneaux de pouvoir au meilleur prix. Lame en acier - Longueur totale : 46.5cm - Envoi 24\\\/48H\",\"breadcrumb\":{\"@id\":\"https:\\\/\\\/repliquemangacine.fr\\\/epees-seigneur-des-anneaux\\\/dague-finrod-dague-galadriel-les-anneaux-de-pouvoirs\\\/#breadcrumb\"},\"inLanguage\":\"es\",\"potentialAction\":[{\"@type\":\"ReadAction\",\"target\":[\"https:\\\/\\\/repliquemangacine.fr\\\/epees-seigneur-des-anneaux\\\/dague-finrod-dague-galadriel-les-anneaux-de-pouvoirs\\\/\"]}]},{\"@type\":\"ImageObject\",\"inLanguage\":\"es\",\"@id\":\"https:\\\/\\\/repliquemangacine.fr\\\/epees-seigneur-des-anneaux\\\/dague-finrod-dague-galadriel-les-anneaux-de-pouvoirs\\\/#primaryimage\",\"url\":\"https:\\\/\\\/repliquemangacine.fr\\\/wp-content\\\/uploads\\\/2022\\\/12\\\/Dague-galadriel-avec-housse-et-support.jpg\",\"contentUrl\":\"https:\\\/\\\/repliquemangacine.fr\\\/wp-content\\\/uploads\\\/2022\\\/12\\\/Dague-galadriel-avec-housse-et-support.jpg\",\"width\":500,\"height\":500,\"caption\":\"Dague Galadriel les Anneaux de Pouvoir\"},{\"@type\":\"BreadcrumbList\",\"@id\":\"https:\\\/\\\/repliquemangacine.fr\\\/epees-seigneur-des-anneaux\\\/dague-finrod-dague-galadriel-les-anneaux-de-pouvoirs\\\/#breadcrumb\",\"itemListElement\":[{\"@type\":\"ListItem\",\"position\":1,\"name\":\"Accueil\",\"item\":\"https:\\\/\\\/repliquemangacine.fr\\\/\"},{\"@type\":\"ListItem\",\"position\":2,\"name\":\"Produits\",\"item\":\"https:\\\/\\\/repliquemangacine.fr\\\/boutique\\\/\"},{\"@type\":\"ListItem\",\"position\":3,\"name\":\"Dague de Galadriel\"}]},{\"@type\":\"WebSite\",\"@id\":\"https:\\\/\\\/repliquemangacine.fr\\\/#website\",\"url\":\"https:\\\/\\\/repliquemangacine.fr\\\/\",\"name\":\"R\u00e9plique Manga Cin\u00e9\",\"description\":\"\",\"publisher\":{\"@id\":\"https:\\\/\\\/repliquemangacine.fr\\\/#organization\"},\"potentialAction\":[{\"@type\":\"SearchAction\",\"target\":{\"@type\":\"EntryPoint\",\"urlTemplate\":\"https:\\\/\\\/repliquemangacine.fr\\\/?s={search_term_string}\"},\"query-input\":{\"@type\":\"PropertyValueSpecification\",\"valueRequired\":true,\"valueName\":\"search_term_string\"}}],\"inLanguage\":\"es\"},{\"@type\":\"Organization\",\"@id\":\"https:\\\/\\\/repliquemangacine.fr\\\/#organization\",\"name\":\"R\u00e9plique Manga Cin\u00e9\",\"url\":\"https:\\\/\\\/repliquemangacine.fr\\\/\",\"logo\":{\"@type\":\"ImageObject\",\"inLanguage\":\"es\",\"@id\":\"https:\\\/\\\/repliquemangacine.fr\\\/#\\\/schema\\\/logo\\\/image\\\/\",\"url\":\"https:\\\/\\\/repliquemangacine.fr\\\/wp-content\\\/uploads\\\/2023\\\/10\\\/RMC-500250.png\",\"contentUrl\":\"https:\\\/\\\/repliquemangacine.fr\\\/wp-content\\\/uploads\\\/2023\\\/10\\\/RMC-500250.png\",\"width\":500,\"height\":250,\"caption\":\"R\u00e9plique Manga Cin\u00e9\"},\"image\":{\"@id\":\"https:\\\/\\\/repliquemangacine.fr\\\/#\\\/schema\\\/logo\\\/image\\\/\"},\"sameAs\":[\"https:\\\/\\\/www.facebook.com\\\/RepliqueMangaCine\",\"https:\\\/\\\/www.instagram.com\\\/repliquemangacine.fr\\\/\"]}]}<\/script>\n<!-- \/ Yoast SEO plugin. -->","yoast_head_json":{"title":"Dague de Galadriel - Dague Finrod Los Anillos del Poder | RMC","description":"Reg\u00e1late la Daga de Galadriel de la serie Anillos de Poder al mejor precio. Hoja de acero - Longitud total: 46,5 cm - Env\u00edo 24\/48H","robots":{"index":"index","follow":"follow","max-snippet":"max-snippet:-1","max-image-preview":"max-image-preview:large","max-video-preview":"max-video-preview:-1"},"canonical":"https:\/\/repliquemangacine.fr\/es\/espadas-del-senor-de-los-anillos\/daga-de-finrod-daga-de-galadriel-los-anillos-del-poder\/","og_locale":"es_ES","og_type":"article","og_title":"Dague de Galadriel - Dague Finrod Les Anneaux de pouvoir | RMC","og_description":"Offrez-vous la Dague de Galadriel dans la s\u00e9rie les anneaux de pouvoir au meilleur prix. Lame en acier - Longueur totale : 46.5cm - Envoi 24\/48H","og_url":"https:\/\/repliquemangacine.fr\/es\/espadas-del-senor-de-los-anillos\/daga-de-finrod-daga-de-galadriel-los-anillos-del-poder\/","og_site_name":"R\u00e9plique Manga Cin\u00e9","article_publisher":"https:\/\/www.facebook.com\/RepliqueMangaCine","article_modified_time":"2026-04-09T17:23:54+00:00","og_image":[{"width":500,"height":500,"url":"https:\/\/repliquemangacine.fr\/wp-content\/uploads\/2022\/12\/Dague-galadriel-avec-housse-et-support.jpg","type":"image\/jpeg"}],"twitter_card":"summary_large_image","twitter_misc":{"Tiempo de lectura":"3 minutos"},"schema":{"@context":"https:\/\/schema.org","@graph":[{"@type":"WebPage","@id":"https:\/\/repliquemangacine.fr\/epees-seigneur-des-anneaux\/dague-finrod-dague-galadriel-les-anneaux-de-pouvoirs\/","url":"https:\/\/repliquemangacine.fr\/epees-seigneur-des-anneaux\/dague-finrod-dague-galadriel-les-anneaux-de-pouvoirs\/","name":"Dague de Galadriel - Dague Finrod Los Anillos del Poder | RMC","isPartOf":{"@id":"https:\/\/repliquemangacine.fr\/#website"},"primaryImageOfPage":{"@id":"https:\/\/repliquemangacine.fr\/epees-seigneur-des-anneaux\/dague-finrod-dague-galadriel-les-anneaux-de-pouvoirs\/#primaryimage"},"image":{"@id":"https:\/\/repliquemangacine.fr\/epees-seigneur-des-anneaux\/dague-finrod-dague-galadriel-les-anneaux-de-pouvoirs\/#primaryimage"},"thumbnailUrl":"https:\/\/repliquemangacine.fr\/wp-content\/uploads\/2022\/12\/Dague-galadriel-avec-housse-et-support.jpg","datePublished":"2022-12-30T16:49:04+00:00","dateModified":"2026-04-09T17:23:54+00:00","description":"Reg\u00e1late la Daga de Galadriel de la serie Anillos de Poder al mejor precio. Hoja de acero - Longitud total: 46,5 cm - Env\u00edo 24\/48H","breadcrumb":{"@id":"https:\/\/repliquemangacine.fr\/epees-seigneur-des-anneaux\/dague-finrod-dague-galadriel-les-anneaux-de-pouvoirs\/#breadcrumb"},"inLanguage":"es","potentialAction":[{"@type":"ReadAction","target":["https:\/\/repliquemangacine.fr\/epees-seigneur-des-anneaux\/dague-finrod-dague-galadriel-les-anneaux-de-pouvoirs\/"]}]},{"@type":"ImageObject","inLanguage":"es","@id":"https:\/\/repliquemangacine.fr\/epees-seigneur-des-anneaux\/dague-finrod-dague-galadriel-les-anneaux-de-pouvoirs\/#primaryimage","url":"https:\/\/repliquemangacine.fr\/wp-content\/uploads\/2022\/12\/Dague-galadriel-avec-housse-et-support.jpg","contentUrl":"https:\/\/repliquemangacine.fr\/wp-content\/uploads\/2022\/12\/Dague-galadriel-avec-housse-et-support.jpg","width":500,"height":500,"caption":"Dague Galadriel les Anneaux de Pouvoir"},{"@type":"BreadcrumbList","@id":"https:\/\/repliquemangacine.fr\/epees-seigneur-des-anneaux\/dague-finrod-dague-galadriel-les-anneaux-de-pouvoirs\/#breadcrumb","itemListElement":[{"@type":"ListItem","position":1,"name":"Accueil","item":"https:\/\/repliquemangacine.fr\/"},{"@type":"ListItem","position":2,"name":"Produits","item":"https:\/\/repliquemangacine.fr\/boutique\/"},{"@type":"ListItem","position":3,"name":"Dague de Galadriel"}]},{"@type":"WebSite","@id":"https:\/\/repliquemangacine.fr\/#website","url":"https:\/\/repliquemangacine.fr\/","name":"R\u00e9plique Manga Cin\u00e9","description":"","publisher":{"@id":"https:\/\/repliquemangacine.fr\/#organization"},"potentialAction":[{"@type":"SearchAction","target":{"@type":"EntryPoint","urlTemplate":"https:\/\/repliquemangacine.fr\/?s={search_term_string}"},"query-input":{"@type":"PropertyValueSpecification","valueRequired":true,"valueName":"search_term_string"}}],"inLanguage":"es"},{"@type":"Organization","@id":"https:\/\/repliquemangacine.fr\/#organization","name":"R\u00e9plique Manga Cin\u00e9","url":"https:\/\/repliquemangacine.fr\/","logo":{"@type":"ImageObject","inLanguage":"es","@id":"https:\/\/repliquemangacine.fr\/#\/schema\/logo\/image\/","url":"https:\/\/repliquemangacine.fr\/wp-content\/uploads\/2023\/10\/RMC-500250.png","contentUrl":"https:\/\/repliquemangacine.fr\/wp-content\/uploads\/2023\/10\/RMC-500250.png","width":500,"height":250,"caption":"R\u00e9plique Manga Cin\u00e9"},"image":{"@id":"https:\/\/repliquemangacine.fr\/#\/schema\/logo\/image\/"},"sameAs":["https:\/\/www.facebook.com\/RepliqueMangaCine","https:\/\/www.instagram.com\/repliquemangacine.fr\/"]}]}},"_links":{"self":[{"href":"https:\/\/repliquemangacine.fr\/es\/wp-json\/wp\/v2\/product\/57475","targetHints":{"allow":["GET"]}}],"collection":[{"href":"https:\/\/repliquemangacine.fr\/es\/wp-json\/wp\/v2\/product"}],"about":[{"href":"https:\/\/repliquemangacine.fr\/es\/wp-json\/wp\/v2\/types\/product"}],"wp:featuredmedia":[{"embeddable":true,"href":"https:\/\/repliquemangacine.fr\/es\/wp-json\/wp\/v2\/media\/68947"}],"wp:attachment":[{"href":"https:\/\/repliquemangacine.fr\/es\/wp-json\/wp\/v2\/media?parent=57475"}],"wp:term":[{"taxonomy":"product_brand","embeddable":true,"href":"https:\/\/repliquemangacine.fr\/es\/wp-json\/wp\/v2\/product_brand?post=57475"},{"taxonomy":"product_cat","embeddable":true,"href":"https:\/\/repliquemangacine.fr\/es\/wp-json\/wp\/v2\/product_cat?post=57475"},{"taxonomy":"product_tag","embeddable":true,"href":"https:\/\/repliquemangacine.fr\/es\/wp-json\/wp\/v2\/product_tag?post=57475"}],"curies":[{"name":"wp","href":"https:\/\/api.w.org\/{rel}","templated":true}]}}