





{"id":56392,"date":"2022-12-07T18:40:59","date_gmt":"2022-12-07T17:40:59","guid":{"rendered":"https:\/\/repliquemangacine.fr\/?post_type=product&#038;p=56392"},"modified":"2026-02-24T17:34:54","modified_gmt":"2026-02-24T16:34:54","slug":"los-3-anillos-el-senor-de-los-anillos","status":"publish","type":"product","link":"https:\/\/repliquemangacine.fr\/es\/bijoux-anneaux\/les-3-anneaux-le-seigneur-des-anneaux\/","title":{"rendered":"3 Anillos \u00e9lficos"},"content":{"rendered":"<h2>Los 3 anillos \u00e9lficos de El Se\u00f1or de los Anillos.<\/h2>\n<p>Para empezar, el<strong> 3 Anillos \u00e9lficos<\/strong> est\u00e1n ocultas a la vista de Sauron. Hechos por Celebrimbor sin la ayuda de Sauron, \u00e9ste fue incapaz de controlarlos o encontrarlos una vez que los elfos los hubieron retirado y ocultado.<\/p>\n<ul>\n<li><a href=\"https:\/\/lotr.fandom.com\/fr\/wiki\/Narya\" target=\"_blank\" rel=\"noopener noreferrer\">Narya<\/a>El Anillo de Fuego, tambi\u00e9n conocido como Anillo de Fuego o Anillo Rojo, es uno de los tres anillos de los Elfos. Su principal propietario es Gandalf el Mago.<\/li>\n<li>Nenya, tambi\u00e9n conocido como el Anillo de Diamante y el Anillo de Agua, es uno de los \"Tres\". Llevado por Galadriel, el poder de Nenya consist\u00eda en proteger contra el mal.<\/li>\n<li>Vilya, el Anillo de Aire, tambi\u00e9n conocido como el Anillo de Zafiro. Tiene fama de ser el m\u00e1s poderoso de los Tres. Llevado por Elrond, tiene el poder de curar y preservar.<\/li>\n<\/ul>\n<h2>Tus 3 Anillos Elfos al mejor precio.<\/h2>\n<p>Le ofrecemos una amplia selecci\u00f3n de productos derivados de El Se\u00f1or de los Anillos y El Anillo de los Poderes.<\/p>\n<p>Lo primero y m\u00e1s importante,<\/p>\n<ul>\n<li>Todos los <a href=\"https:\/\/repliquemangacine.fr\/es\/espadas-del-senor-de-los-anillos\/\">espadas de la trilog\u00eda de El Se\u00f1or de los Anillos<\/a>.<\/li>\n<li>Adem\u00e1s de algunas joyas como el <a href=\"https:\/\/repliquemangacine.fr\/es\/joyas-anillos\/anneau-barahir-argent-925e-bague-aragorn\/\">El anillo de Aragorn<\/a> en plata.<\/li>\n<li>Tambi\u00e9n existe la <a href=\"https:\/\/repliquemangacine.fr\/es\/el-senor-de-los-anillos\/tablero-de-ajedrez-del-senor-de-los-anillos\/\">magn\u00edfico juego de ajedrez<\/a> la batalla de la tierra media.<\/li>\n<li>Y muchos m\u00e1s por descubrir en nuestra tienda en l\u00ednea.<\/li>\n<\/ul>\n<p>Por eso, esta es una magn\u00edfica idea de regalo para todos los fans de El Se\u00f1or de los Anillos.<\/p>\n<p>En conclusi\u00f3n, puede utilizar Les <strong>3 Anillos \u00e9lficos<\/strong> en la vida cotidiana. Pero, ante todo, sus anillos son piezas de colecci\u00f3n.<\/p>\n<p>R\u00e9plique Manga Cin\u00e9 es una empresa familiar francesa.<\/p>\n<h2>\u00bfC\u00f3mo debo cuidar mis joyas de aleaci\u00f3n de zinc?<\/h2>\n<p>En primer lugar, la aleaci\u00f3n de zinc es muy com\u00fan y popular para la bisuter\u00eda. Adem\u00e1s del zinc, las aleaciones de zinc suelen contener aluminio, cobre, magnesio y hierro.<\/p>\n<p>Se limpia <strong>3 Anillos \u00e9lficos<\/strong> con una esponja empapada en agua jabonosa y espolvoreada con un poco de bicarbonato s\u00f3dico, frotando todas las superficies. Basta con aclarar con agua limpia y secar el zinc con un pa\u00f1o muy suave.<\/p>\n<p>Al igual que la plata, este metal puede oxidarse al entrar en contacto con la piel o simplemente con el ox\u00edgeno del aire ambiente. Para evitar en la medida de lo posible la oxidaci\u00f3n de las joyas de aleaci\u00f3n de zinc, aplique una capa de barniz transparente y d\u00e9jelas secar.<\/p>\n<p><strong>No reproducir en oro o plata 925.<\/strong><\/p>\n<p>&nbsp;<\/p>","protected":false},"excerpt":{"rendered":"<p>Magn\u00edfico juego de tres anillos \u00e9lficos de aleaci\u00f3n de zinc y circonio<\/p>\n<ul>\n<li>Nenya en forma de flor con un circ\u00f3n blanco<\/li>\n<li>Vilya perfilada con circonita azul<\/li>\n<li>Narya ovalada con circ\u00f3n rojo<\/li>\n<\/ul>\n<p>Este set se presenta en una caja forrada de terciopelo negro.<\/p>","protected":false},"featured_media":56393,"template":"","meta":[],"product_brand":[896],"product_cat":[78,24,29,106],"product_tag":[],"class_list":{"0":"post-56392","1":"product","2":"type-product","3":"status-publish","4":"has-post-thumbnail","6":"product_brand-replique-manga-cine","7":"product_cat-bijoux-anneaux","8":"product_cat-films-series-tv-vente-de-katana-epee-et-produits-derives","9":"product_cat-le-seigneur-des-anneaux","10":"product_cat-epees-et-dague-les-anneaux-de-pouvoir","12":"first","13":"outofstock","14":"taxable","15":"shipping-taxable","16":"purchasable","17":"product-type-simple"},"yoast_head":"<!-- This site is optimized with the Yoast SEO plugin v27.4 - https:\/\/yoast.com\/product\/yoast-seo-wordpress\/ -->\n<title>3 Anneaux Elfiques - Seigneur des Anneaux | RMC<\/title>\n<meta name=\"description\" content=\"Offrez-vous ces 3 Anneaux Elfiques inspir\u00e9s du seigneur des Anneaux au meilleur prix - Les Anneaux de Pouvoirs sont en alliage de zinc et zirconium\" \/>\n<meta name=\"robots\" content=\"index, follow, max-snippet:-1, max-image-preview:large, max-video-preview:-1\" \/>\n<link rel=\"canonical\" href=\"https:\/\/repliquemangacine.fr\/es\/espadas-y-dagas-los-anillos-del-poder\/los-3-anillos-el-senor-de-los-anillos\/\" \/>\n<meta property=\"og:locale\" content=\"es_ES\" \/>\n<meta property=\"og:type\" content=\"article\" \/>\n<meta property=\"og:title\" content=\"3 Anneaux Elfiques - Seigneur des Anneaux | RMC\" \/>\n<meta property=\"og:description\" content=\"Offrez-vous ces 3 Anneaux Elfiques inspir\u00e9s du seigneur des Anneaux au meilleur prix - Les Anneaux de Pouvoirs sont en alliage de zinc et zirconium\" \/>\n<meta property=\"og:url\" content=\"https:\/\/repliquemangacine.fr\/es\/espadas-y-dagas-los-anillos-del-poder\/los-3-anillos-el-senor-de-los-anillos\/\" \/>\n<meta property=\"og:site_name\" content=\"R\u00e9plique Manga Cin\u00e9\" \/>\n<meta property=\"article:publisher\" content=\"https:\/\/www.facebook.com\/RepliqueMangaCine\" \/>\n<meta property=\"article:modified_time\" content=\"2026-02-24T16:34:54+00:00\" \/>\n<meta property=\"og:image\" content=\"https:\/\/repliquemangacine.fr\/wp-content\/uploads\/2023\/10\/anneau-des-elfes.jpg\" \/>\n\t<meta property=\"og:image:width\" content=\"500\" \/>\n\t<meta property=\"og:image:height\" content=\"500\" \/>\n\t<meta property=\"og:image:type\" content=\"image\/jpeg\" \/>\n<meta name=\"twitter:card\" content=\"summary_large_image\" \/>\n<meta name=\"twitter:label1\" content=\"Tiempo de lectura\" \/>\n\t<meta name=\"twitter:data1\" content=\"3 minutos\" \/>\n<script type=\"application\/ld+json\" class=\"yoast-schema-graph\">{\"@context\":\"https:\\\/\\\/schema.org\",\"@graph\":[{\"@type\":\"WebPage\",\"@id\":\"https:\\\/\\\/repliquemangacine.fr\\\/epees-et-dague-les-anneaux-de-pouvoir\\\/les-3-anneaux-le-seigneur-des-anneaux\\\/\",\"url\":\"https:\\\/\\\/repliquemangacine.fr\\\/epees-et-dague-les-anneaux-de-pouvoir\\\/les-3-anneaux-le-seigneur-des-anneaux\\\/\",\"name\":\"3 Anneaux Elfiques - Seigneur des Anneaux | RMC\",\"isPartOf\":{\"@id\":\"https:\\\/\\\/repliquemangacine.fr\\\/#website\"},\"primaryImageOfPage\":{\"@id\":\"https:\\\/\\\/repliquemangacine.fr\\\/epees-et-dague-les-anneaux-de-pouvoir\\\/les-3-anneaux-le-seigneur-des-anneaux\\\/#primaryimage\"},\"image\":{\"@id\":\"https:\\\/\\\/repliquemangacine.fr\\\/epees-et-dague-les-anneaux-de-pouvoir\\\/les-3-anneaux-le-seigneur-des-anneaux\\\/#primaryimage\"},\"thumbnailUrl\":\"https:\\\/\\\/repliquemangacine.fr\\\/wp-content\\\/uploads\\\/2023\\\/10\\\/anneau-des-elfes.jpg\",\"datePublished\":\"2022-12-07T17:40:59+00:00\",\"dateModified\":\"2026-02-24T16:34:54+00:00\",\"description\":\"Offrez-vous ces 3 Anneaux Elfiques inspir\u00e9s du seigneur des Anneaux au meilleur prix - Les Anneaux de Pouvoirs sont en alliage de zinc et zirconium\",\"breadcrumb\":{\"@id\":\"https:\\\/\\\/repliquemangacine.fr\\\/epees-et-dague-les-anneaux-de-pouvoir\\\/les-3-anneaux-le-seigneur-des-anneaux\\\/#breadcrumb\"},\"inLanguage\":\"es\",\"potentialAction\":[{\"@type\":\"ReadAction\",\"target\":[\"https:\\\/\\\/repliquemangacine.fr\\\/epees-et-dague-les-anneaux-de-pouvoir\\\/les-3-anneaux-le-seigneur-des-anneaux\\\/\"]}]},{\"@type\":\"ImageObject\",\"inLanguage\":\"es\",\"@id\":\"https:\\\/\\\/repliquemangacine.fr\\\/epees-et-dague-les-anneaux-de-pouvoir\\\/les-3-anneaux-le-seigneur-des-anneaux\\\/#primaryimage\",\"url\":\"https:\\\/\\\/repliquemangacine.fr\\\/wp-content\\\/uploads\\\/2023\\\/10\\\/anneau-des-elfes.jpg\",\"contentUrl\":\"https:\\\/\\\/repliquemangacine.fr\\\/wp-content\\\/uploads\\\/2023\\\/10\\\/anneau-des-elfes.jpg\",\"width\":500,\"height\":500,\"caption\":\"Les 3 Anneaux Elfiques\"},{\"@type\":\"BreadcrumbList\",\"@id\":\"https:\\\/\\\/repliquemangacine.fr\\\/epees-et-dague-les-anneaux-de-pouvoir\\\/les-3-anneaux-le-seigneur-des-anneaux\\\/#breadcrumb\",\"itemListElement\":[{\"@type\":\"ListItem\",\"position\":1,\"name\":\"Accueil\",\"item\":\"https:\\\/\\\/repliquemangacine.fr\\\/\"},{\"@type\":\"ListItem\",\"position\":2,\"name\":\"Produits\",\"item\":\"https:\\\/\\\/repliquemangacine.fr\\\/boutique\\\/\"},{\"@type\":\"ListItem\",\"position\":3,\"name\":\"3 Anneaux Elfiques\"}]},{\"@type\":\"WebSite\",\"@id\":\"https:\\\/\\\/repliquemangacine.fr\\\/#website\",\"url\":\"https:\\\/\\\/repliquemangacine.fr\\\/\",\"name\":\"R\u00e9plique Manga Cin\u00e9\",\"description\":\"\",\"publisher\":{\"@id\":\"https:\\\/\\\/repliquemangacine.fr\\\/#organization\"},\"potentialAction\":[{\"@type\":\"SearchAction\",\"target\":{\"@type\":\"EntryPoint\",\"urlTemplate\":\"https:\\\/\\\/repliquemangacine.fr\\\/?s={search_term_string}\"},\"query-input\":{\"@type\":\"PropertyValueSpecification\",\"valueRequired\":true,\"valueName\":\"search_term_string\"}}],\"inLanguage\":\"es\"},{\"@type\":\"Organization\",\"@id\":\"https:\\\/\\\/repliquemangacine.fr\\\/#organization\",\"name\":\"R\u00e9plique Manga Cin\u00e9\",\"url\":\"https:\\\/\\\/repliquemangacine.fr\\\/\",\"logo\":{\"@type\":\"ImageObject\",\"inLanguage\":\"es\",\"@id\":\"https:\\\/\\\/repliquemangacine.fr\\\/#\\\/schema\\\/logo\\\/image\\\/\",\"url\":\"https:\\\/\\\/repliquemangacine.fr\\\/wp-content\\\/uploads\\\/2023\\\/10\\\/RMC-500250.png\",\"contentUrl\":\"https:\\\/\\\/repliquemangacine.fr\\\/wp-content\\\/uploads\\\/2023\\\/10\\\/RMC-500250.png\",\"width\":500,\"height\":250,\"caption\":\"R\u00e9plique Manga Cin\u00e9\"},\"image\":{\"@id\":\"https:\\\/\\\/repliquemangacine.fr\\\/#\\\/schema\\\/logo\\\/image\\\/\"},\"sameAs\":[\"https:\\\/\\\/www.facebook.com\\\/RepliqueMangaCine\",\"https:\\\/\\\/www.instagram.com\\\/repliquemangacine.fr\\\/\"]}]}<\/script>\n<!-- \/ Yoast SEO plugin. -->","yoast_head_json":{"title":"3 Anillos de los Elfos - El Se\u00f1or de los Anillos | RMC","description":"Reg\u00e1late estos 3 Anillos de los Elfos inspirados en El Se\u00f1or de los Anillos al mejor precio - Los Anillos del Poder est\u00e1n fabricados en una aleaci\u00f3n de zinc y circonio.","robots":{"index":"index","follow":"follow","max-snippet":"max-snippet:-1","max-image-preview":"max-image-preview:large","max-video-preview":"max-video-preview:-1"},"canonical":"https:\/\/repliquemangacine.fr\/es\/espadas-y-dagas-los-anillos-del-poder\/los-3-anillos-el-senor-de-los-anillos\/","og_locale":"es_ES","og_type":"article","og_title":"3 Anneaux Elfiques - Seigneur des Anneaux | RMC","og_description":"Offrez-vous ces 3 Anneaux Elfiques inspir\u00e9s du seigneur des Anneaux au meilleur prix - Les Anneaux de Pouvoirs sont en alliage de zinc et zirconium","og_url":"https:\/\/repliquemangacine.fr\/es\/espadas-y-dagas-los-anillos-del-poder\/los-3-anillos-el-senor-de-los-anillos\/","og_site_name":"R\u00e9plique Manga Cin\u00e9","article_publisher":"https:\/\/www.facebook.com\/RepliqueMangaCine","article_modified_time":"2026-02-24T16:34:54+00:00","og_image":[{"width":500,"height":500,"url":"https:\/\/repliquemangacine.fr\/wp-content\/uploads\/2023\/10\/anneau-des-elfes.jpg","type":"image\/jpeg"}],"twitter_card":"summary_large_image","twitter_misc":{"Tiempo de lectura":"3 minutos"},"schema":{"@context":"https:\/\/schema.org","@graph":[{"@type":"WebPage","@id":"https:\/\/repliquemangacine.fr\/epees-et-dague-les-anneaux-de-pouvoir\/les-3-anneaux-le-seigneur-des-anneaux\/","url":"https:\/\/repliquemangacine.fr\/epees-et-dague-les-anneaux-de-pouvoir\/les-3-anneaux-le-seigneur-des-anneaux\/","name":"3 Anillos de los Elfos - El Se\u00f1or de los Anillos | RMC","isPartOf":{"@id":"https:\/\/repliquemangacine.fr\/#website"},"primaryImageOfPage":{"@id":"https:\/\/repliquemangacine.fr\/epees-et-dague-les-anneaux-de-pouvoir\/les-3-anneaux-le-seigneur-des-anneaux\/#primaryimage"},"image":{"@id":"https:\/\/repliquemangacine.fr\/epees-et-dague-les-anneaux-de-pouvoir\/les-3-anneaux-le-seigneur-des-anneaux\/#primaryimage"},"thumbnailUrl":"https:\/\/repliquemangacine.fr\/wp-content\/uploads\/2023\/10\/anneau-des-elfes.jpg","datePublished":"2022-12-07T17:40:59+00:00","dateModified":"2026-02-24T16:34:54+00:00","description":"Reg\u00e1late estos 3 Anillos de los Elfos inspirados en El Se\u00f1or de los Anillos al mejor precio - Los Anillos del Poder est\u00e1n fabricados en una aleaci\u00f3n de zinc y circonio.","breadcrumb":{"@id":"https:\/\/repliquemangacine.fr\/epees-et-dague-les-anneaux-de-pouvoir\/les-3-anneaux-le-seigneur-des-anneaux\/#breadcrumb"},"inLanguage":"es","potentialAction":[{"@type":"ReadAction","target":["https:\/\/repliquemangacine.fr\/epees-et-dague-les-anneaux-de-pouvoir\/les-3-anneaux-le-seigneur-des-anneaux\/"]}]},{"@type":"ImageObject","inLanguage":"es","@id":"https:\/\/repliquemangacine.fr\/epees-et-dague-les-anneaux-de-pouvoir\/les-3-anneaux-le-seigneur-des-anneaux\/#primaryimage","url":"https:\/\/repliquemangacine.fr\/wp-content\/uploads\/2023\/10\/anneau-des-elfes.jpg","contentUrl":"https:\/\/repliquemangacine.fr\/wp-content\/uploads\/2023\/10\/anneau-des-elfes.jpg","width":500,"height":500,"caption":"Les 3 Anneaux Elfiques"},{"@type":"BreadcrumbList","@id":"https:\/\/repliquemangacine.fr\/epees-et-dague-les-anneaux-de-pouvoir\/les-3-anneaux-le-seigneur-des-anneaux\/#breadcrumb","itemListElement":[{"@type":"ListItem","position":1,"name":"Accueil","item":"https:\/\/repliquemangacine.fr\/"},{"@type":"ListItem","position":2,"name":"Produits","item":"https:\/\/repliquemangacine.fr\/boutique\/"},{"@type":"ListItem","position":3,"name":"3 Anneaux Elfiques"}]},{"@type":"WebSite","@id":"https:\/\/repliquemangacine.fr\/#website","url":"https:\/\/repliquemangacine.fr\/","name":"R\u00e9plique Manga Cin\u00e9","description":"","publisher":{"@id":"https:\/\/repliquemangacine.fr\/#organization"},"potentialAction":[{"@type":"SearchAction","target":{"@type":"EntryPoint","urlTemplate":"https:\/\/repliquemangacine.fr\/?s={search_term_string}"},"query-input":{"@type":"PropertyValueSpecification","valueRequired":true,"valueName":"search_term_string"}}],"inLanguage":"es"},{"@type":"Organization","@id":"https:\/\/repliquemangacine.fr\/#organization","name":"R\u00e9plique Manga Cin\u00e9","url":"https:\/\/repliquemangacine.fr\/","logo":{"@type":"ImageObject","inLanguage":"es","@id":"https:\/\/repliquemangacine.fr\/#\/schema\/logo\/image\/","url":"https:\/\/repliquemangacine.fr\/wp-content\/uploads\/2023\/10\/RMC-500250.png","contentUrl":"https:\/\/repliquemangacine.fr\/wp-content\/uploads\/2023\/10\/RMC-500250.png","width":500,"height":250,"caption":"R\u00e9plique Manga Cin\u00e9"},"image":{"@id":"https:\/\/repliquemangacine.fr\/#\/schema\/logo\/image\/"},"sameAs":["https:\/\/www.facebook.com\/RepliqueMangaCine","https:\/\/www.instagram.com\/repliquemangacine.fr\/"]}]}},"_links":{"self":[{"href":"https:\/\/repliquemangacine.fr\/es\/wp-json\/wp\/v2\/product\/56392","targetHints":{"allow":["GET"]}}],"collection":[{"href":"https:\/\/repliquemangacine.fr\/es\/wp-json\/wp\/v2\/product"}],"about":[{"href":"https:\/\/repliquemangacine.fr\/es\/wp-json\/wp\/v2\/types\/product"}],"wp:featuredmedia":[{"embeddable":true,"href":"https:\/\/repliquemangacine.fr\/es\/wp-json\/wp\/v2\/media\/56393"}],"wp:attachment":[{"href":"https:\/\/repliquemangacine.fr\/es\/wp-json\/wp\/v2\/media?parent=56392"}],"wp:term":[{"taxonomy":"product_brand","embeddable":true,"href":"https:\/\/repliquemangacine.fr\/es\/wp-json\/wp\/v2\/product_brand?post=56392"},{"taxonomy":"product_cat","embeddable":true,"href":"https:\/\/repliquemangacine.fr\/es\/wp-json\/wp\/v2\/product_cat?post=56392"},{"taxonomy":"product_tag","embeddable":true,"href":"https:\/\/repliquemangacine.fr\/es\/wp-json\/wp\/v2\/product_tag?post=56392"}],"curies":[{"name":"wp","href":"https:\/\/api.w.org\/{rel}","templated":true}]}}