





{"id":55967,"date":"2022-12-01T18:43:37","date_gmt":"2022-12-01T17:43:37","guid":{"rendered":"https:\/\/repliquemangacine.fr\/?post_type=product&#038;p=55967"},"modified":"2026-04-19T14:09:58","modified_gmt":"2026-04-19T12:09:58","slug":"katana-de-madera-sanemi-demon-slayer","status":"publish","type":"product","link":"https:\/\/repliquemangacine.fr\/es\/katana-en-bois-demon-slayer\/katana-bois-de-sanemi-demon-slayer\/","title":{"rendered":"Katana de madera Sanemi Demon Slayer"},"content":{"rendered":"<h2>La katana de madera de Sanemi en Demon Slayer<\/h2>\n<p>Le <strong>Katana de madera de Sanemi<\/strong> en Demon Slayer es absolutamente extraordinario.<\/p>\n<p>Sanemi es un exterminador de demonios y el Pilar del Viento. Tambi\u00e9n es el hermano mayor de Genya Shinazugawa. Sanemi es obstinado, a menudo impulsivo y de sangre caliente. Como miembro de los Pilares, Sanemi es un espadach\u00edn muy poderoso, el tercero m\u00e1s poderoso. Seg\u00fan Kokushibo, las habilidades y t\u00e9cnicas f\u00edsicas de Sanemi han alcanzado su m\u00e1ximo nivel.<\/p>\n<p>Como Pilar del Viento, <a href=\"https:\/\/kimetsu-no-yaiba.fandom.com\/fr\/wiki\/Sanemi_Shinazugawa\" target=\"_blank\" rel=\"noopener noreferrer\">Sanemi<\/a> utiliza este aliento. Aumenta la cantidad de ox\u00edgeno en su sangre controlando su ritmo respiratorio, lo que incrementa su fuerza y agilidad hasta igualar las de un demonio. En su posici\u00f3n de Pilar, conoce los nueve movimientos del Aliento del Viento.<\/p>\n<h2>Tu Katana de Madera de Sanemi al mejor precio<\/h2>\n<p>Tenemos todas las frases de tus personajes favoritos en este manga anime de Demon Slayer.<\/p>\n<p>Lo primero y m\u00e1s importante,<\/p>\n<ul>\n<li>el<a href=\"https:\/\/repliquemangacine.fr\/es\/katana-cazademonios\/katana-de-inosuke-hashibira-cazademonios\/\"> Katana de Inosuke Hashibira<\/a> con su hoja dentada.<\/li>\n<li>As\u00ed como el <a href=\"https:\/\/repliquemangacine.fr\/es\/katana-cazademonios\/muichiro-demon-slayer-katana-de-madera\/\">Katana de madera Muichiro<\/a> con sus s\u00edmbolos Kangi.<\/li>\n<li>Tambi\u00e9n existe la <a href=\"https:\/\/repliquemangacine.fr\/es\/katana-cazademonios\/puzzle-demon-slayer-1000-pieces-poster\/\">Puzzle de 1000 piezas Demon Slayer<\/a> con un p\u00f3ster adicional.<\/li>\n<li>Y hay mucho m\u00e1s por descubrir.<\/li>\n<\/ul>\n<p>Estas son excelentes ideas de regalo para los fans de Kimetsu no Yaiba o Demon Slayer.<\/p>\n<p>Tambi\u00e9n puede utilizar este <strong>Katana de madera Sanemi<\/strong> Shinazugawa para tus desfiles de cosplay. Sobre todo, esta katana de madera Demon Slayer es tambi\u00e9n una pieza decorativa de coleccionista.<\/p>\n<h2>Nuestras nuevas katanas y Cazademonios a bajo precio.<\/h2>\n<p>Siempre estamos a la b\u00fasqueda de algo nuevo, \u00a1as\u00ed que tenemos algunas peque\u00f1as pepitas para que las descubra!<\/p>\n<p>La mordaza de bamb\u00fa de Nezuko ser\u00e1 ideal para tus convenciones de manga. Pr\u00f3ximamente, tambi\u00e9n habr\u00e1 figuras de Demon Slayer y p\u00f3sters de tus personajes favoritos.<\/p>\n<p>R\u00e9plique Manga Cin\u00e9 es una empresa familiar francesa.<\/p>\n<p><strong>Tenga en cuenta que todas nuestras r\u00e9plicas son objetos de colecci\u00f3n y decoraci\u00f3n. Puede utilizarlas para recreaciones hist\u00f3ricas, desfiles de cosplay o decoraci\u00f3n de interiores. En consecuencia, no es posible acudir a lugares p\u00fablicos con estas r\u00e9plicas.<\/strong><\/p>","protected":false},"excerpt":{"rendered":"<ul>\n<li>Hoja de madera (Bamb\u00fa) pintada con kangi y onda verde.<\/li>\n<li>Protector de ABS moldeado con forma especial.<\/li>\n<li>Vaina de ABS moldeado lacado en negro decorada con ribetes.<\/li>\n<li>Mango recubierto de trenza de algod\u00f3n.<\/li>\n<li>Longitud de la hoja: 68 cm - Longitud total: 103 cm<\/li>\n<li>Peso: 550 grs con funda<\/li>\n<\/ul>","protected":false},"featured_media":55968,"template":"","meta":[],"product_brand":[896],"product_cat":[63,116,23],"product_tag":[],"class_list":{"0":"post-55967","1":"product","2":"type-product","3":"status-publish","4":"has-post-thumbnail","6":"product_brand-replique-manga-cine","7":"product_cat-katana-demon-slayer","8":"product_cat-katana-en-bois-demon-slayer","9":"product_cat-repliques-manga-jeux-video","11":"first","12":"instock","13":"sale","14":"taxable","15":"shipping-taxable","16":"purchasable","17":"product-type-simple"},"yoast_head":"<!-- This site is optimized with the Yoast SEO plugin v27.4 - https:\/\/yoast.com\/product\/yoast-seo-wordpress\/ -->\n<title>Katana bois de Sanemi Demon Slayer - Boutique en ligne - RMC<\/title>\n<meta name=\"description\" content=\"Commandez vite ! Votre Katana bois de Sanemi dans Demon Slayer au meilleur prix. Lame bois. Fourreau d\u00e9cor\u00e9. Longueur 103cm - Envoi 24\/48h\" \/>\n<meta name=\"robots\" content=\"index, follow, max-snippet:-1, max-image-preview:large, max-video-preview:-1\" \/>\n<link rel=\"canonical\" href=\"https:\/\/repliquemangacine.fr\/es\/katana-de-madera-demon-slayer\/katana-de-madera-sanemi-demon-slayer\/\" \/>\n<meta property=\"og:locale\" content=\"es_ES\" \/>\n<meta property=\"og:type\" content=\"article\" \/>\n<meta property=\"og:title\" content=\"Katana bois de Sanemi Demon Slayer - Boutique en ligne - RMC\" \/>\n<meta property=\"og:description\" content=\"Commandez vite ! Votre Katana bois de Sanemi dans Demon Slayer au meilleur prix. Lame bois. Fourreau d\u00e9cor\u00e9. Longueur 103cm - Envoi 24\/48h\" \/>\n<meta property=\"og:url\" content=\"https:\/\/repliquemangacine.fr\/es\/katana-de-madera-demon-slayer\/katana-de-madera-sanemi-demon-slayer\/\" \/>\n<meta property=\"og:site_name\" content=\"R\u00e9plique Manga Cin\u00e9\" \/>\n<meta property=\"article:publisher\" content=\"https:\/\/www.facebook.com\/RepliqueMangaCine\" \/>\n<meta property=\"article:modified_time\" content=\"2026-04-19T12:09:58+00:00\" \/>\n<meta property=\"og:image\" content=\"https:\/\/repliquemangacine.fr\/wp-content\/uploads\/2023\/10\/657w.jpg\" \/>\n\t<meta property=\"og:image:width\" content=\"500\" \/>\n\t<meta property=\"og:image:height\" content=\"500\" \/>\n\t<meta property=\"og:image:type\" content=\"image\/jpeg\" \/>\n<meta name=\"twitter:card\" content=\"summary_large_image\" \/>\n<meta name=\"twitter:label1\" content=\"Tiempo de lectura\" \/>\n\t<meta name=\"twitter:data1\" content=\"2 minutos\" \/>\n<script type=\"application\/ld+json\" class=\"yoast-schema-graph\">{\"@context\":\"https:\\\/\\\/schema.org\",\"@graph\":[{\"@type\":\"WebPage\",\"@id\":\"https:\\\/\\\/repliquemangacine.fr\\\/katana-en-bois-demon-slayer\\\/katana-bois-de-sanemi-demon-slayer\\\/\",\"url\":\"https:\\\/\\\/repliquemangacine.fr\\\/katana-en-bois-demon-slayer\\\/katana-bois-de-sanemi-demon-slayer\\\/\",\"name\":\"Katana bois de Sanemi Demon Slayer - Boutique en ligne - RMC\",\"isPartOf\":{\"@id\":\"https:\\\/\\\/repliquemangacine.fr\\\/#website\"},\"primaryImageOfPage\":{\"@id\":\"https:\\\/\\\/repliquemangacine.fr\\\/katana-en-bois-demon-slayer\\\/katana-bois-de-sanemi-demon-slayer\\\/#primaryimage\"},\"image\":{\"@id\":\"https:\\\/\\\/repliquemangacine.fr\\\/katana-en-bois-demon-slayer\\\/katana-bois-de-sanemi-demon-slayer\\\/#primaryimage\"},\"thumbnailUrl\":\"https:\\\/\\\/repliquemangacine.fr\\\/wp-content\\\/uploads\\\/2023\\\/10\\\/657w.jpg\",\"datePublished\":\"2022-12-01T17:43:37+00:00\",\"dateModified\":\"2026-04-19T12:09:58+00:00\",\"description\":\"Commandez vite ! Votre Katana bois de Sanemi dans Demon Slayer au meilleur prix. Lame bois. Fourreau d\u00e9cor\u00e9. Longueur 103cm - Envoi 24\\\/48h\",\"breadcrumb\":{\"@id\":\"https:\\\/\\\/repliquemangacine.fr\\\/katana-en-bois-demon-slayer\\\/katana-bois-de-sanemi-demon-slayer\\\/#breadcrumb\"},\"inLanguage\":\"es\",\"potentialAction\":[{\"@type\":\"ReadAction\",\"target\":[\"https:\\\/\\\/repliquemangacine.fr\\\/katana-en-bois-demon-slayer\\\/katana-bois-de-sanemi-demon-slayer\\\/\"]}]},{\"@type\":\"ImageObject\",\"inLanguage\":\"es\",\"@id\":\"https:\\\/\\\/repliquemangacine.fr\\\/katana-en-bois-demon-slayer\\\/katana-bois-de-sanemi-demon-slayer\\\/#primaryimage\",\"url\":\"https:\\\/\\\/repliquemangacine.fr\\\/wp-content\\\/uploads\\\/2023\\\/10\\\/657w.jpg\",\"contentUrl\":\"https:\\\/\\\/repliquemangacine.fr\\\/wp-content\\\/uploads\\\/2023\\\/10\\\/657w.jpg\",\"width\":500,\"height\":500,\"caption\":\"Katana bois de Sanemi demon slayer\"},{\"@type\":\"BreadcrumbList\",\"@id\":\"https:\\\/\\\/repliquemangacine.fr\\\/katana-en-bois-demon-slayer\\\/katana-bois-de-sanemi-demon-slayer\\\/#breadcrumb\",\"itemListElement\":[{\"@type\":\"ListItem\",\"position\":1,\"name\":\"Accueil\",\"item\":\"https:\\\/\\\/repliquemangacine.fr\\\/\"},{\"@type\":\"ListItem\",\"position\":2,\"name\":\"Produits\",\"item\":\"https:\\\/\\\/repliquemangacine.fr\\\/boutique\\\/\"},{\"@type\":\"ListItem\",\"position\":3,\"name\":\"Katana bois de Sanemi Demon Slayer\"}]},{\"@type\":\"WebSite\",\"@id\":\"https:\\\/\\\/repliquemangacine.fr\\\/#website\",\"url\":\"https:\\\/\\\/repliquemangacine.fr\\\/\",\"name\":\"R\u00e9plique Manga Cin\u00e9\",\"description\":\"\",\"publisher\":{\"@id\":\"https:\\\/\\\/repliquemangacine.fr\\\/#organization\"},\"potentialAction\":[{\"@type\":\"SearchAction\",\"target\":{\"@type\":\"EntryPoint\",\"urlTemplate\":\"https:\\\/\\\/repliquemangacine.fr\\\/?s={search_term_string}\"},\"query-input\":{\"@type\":\"PropertyValueSpecification\",\"valueRequired\":true,\"valueName\":\"search_term_string\"}}],\"inLanguage\":\"es\"},{\"@type\":\"Organization\",\"@id\":\"https:\\\/\\\/repliquemangacine.fr\\\/#organization\",\"name\":\"R\u00e9plique Manga Cin\u00e9\",\"url\":\"https:\\\/\\\/repliquemangacine.fr\\\/\",\"logo\":{\"@type\":\"ImageObject\",\"inLanguage\":\"es\",\"@id\":\"https:\\\/\\\/repliquemangacine.fr\\\/#\\\/schema\\\/logo\\\/image\\\/\",\"url\":\"https:\\\/\\\/repliquemangacine.fr\\\/wp-content\\\/uploads\\\/2023\\\/10\\\/RMC-500250.png\",\"contentUrl\":\"https:\\\/\\\/repliquemangacine.fr\\\/wp-content\\\/uploads\\\/2023\\\/10\\\/RMC-500250.png\",\"width\":500,\"height\":250,\"caption\":\"R\u00e9plique Manga Cin\u00e9\"},\"image\":{\"@id\":\"https:\\\/\\\/repliquemangacine.fr\\\/#\\\/schema\\\/logo\\\/image\\\/\"},\"sameAs\":[\"https:\\\/\\\/www.facebook.com\\\/RepliqueMangaCine\",\"https:\\\/\\\/www.instagram.com\\\/repliquemangacine.fr\\\/\"]}]}<\/script>\n<!-- \/ Yoast SEO plugin. -->","yoast_head_json":{"title":"Katana de Madera Sanemi Demon Slayer - Tienda Online - RMC","description":"Haz tu pedido Tu Katana de madera de Sanemi en Demon Slayer al mejor precio. Hoja de madera. Vaina decorada. Longitud 103cm - Env\u00edo 24\/48h","robots":{"index":"index","follow":"follow","max-snippet":"max-snippet:-1","max-image-preview":"max-image-preview:large","max-video-preview":"max-video-preview:-1"},"canonical":"https:\/\/repliquemangacine.fr\/es\/katana-de-madera-demon-slayer\/katana-de-madera-sanemi-demon-slayer\/","og_locale":"es_ES","og_type":"article","og_title":"Katana bois de Sanemi Demon Slayer - Boutique en ligne - RMC","og_description":"Commandez vite ! Votre Katana bois de Sanemi dans Demon Slayer au meilleur prix. Lame bois. Fourreau d\u00e9cor\u00e9. Longueur 103cm - Envoi 24\/48h","og_url":"https:\/\/repliquemangacine.fr\/es\/katana-de-madera-demon-slayer\/katana-de-madera-sanemi-demon-slayer\/","og_site_name":"R\u00e9plique Manga Cin\u00e9","article_publisher":"https:\/\/www.facebook.com\/RepliqueMangaCine","article_modified_time":"2026-04-19T12:09:58+00:00","og_image":[{"width":500,"height":500,"url":"https:\/\/repliquemangacine.fr\/wp-content\/uploads\/2023\/10\/657w.jpg","type":"image\/jpeg"}],"twitter_card":"summary_large_image","twitter_misc":{"Tiempo de lectura":"2 minutos"},"schema":{"@context":"https:\/\/schema.org","@graph":[{"@type":"WebPage","@id":"https:\/\/repliquemangacine.fr\/katana-en-bois-demon-slayer\/katana-bois-de-sanemi-demon-slayer\/","url":"https:\/\/repliquemangacine.fr\/katana-en-bois-demon-slayer\/katana-bois-de-sanemi-demon-slayer\/","name":"Katana de Madera Sanemi Demon Slayer - Tienda Online - RMC","isPartOf":{"@id":"https:\/\/repliquemangacine.fr\/#website"},"primaryImageOfPage":{"@id":"https:\/\/repliquemangacine.fr\/katana-en-bois-demon-slayer\/katana-bois-de-sanemi-demon-slayer\/#primaryimage"},"image":{"@id":"https:\/\/repliquemangacine.fr\/katana-en-bois-demon-slayer\/katana-bois-de-sanemi-demon-slayer\/#primaryimage"},"thumbnailUrl":"https:\/\/repliquemangacine.fr\/wp-content\/uploads\/2023\/10\/657w.jpg","datePublished":"2022-12-01T17:43:37+00:00","dateModified":"2026-04-19T12:09:58+00:00","description":"Haz tu pedido Tu Katana de madera de Sanemi en Demon Slayer al mejor precio. Hoja de madera. Vaina decorada. Longitud 103cm - Env\u00edo 24\/48h","breadcrumb":{"@id":"https:\/\/repliquemangacine.fr\/katana-en-bois-demon-slayer\/katana-bois-de-sanemi-demon-slayer\/#breadcrumb"},"inLanguage":"es","potentialAction":[{"@type":"ReadAction","target":["https:\/\/repliquemangacine.fr\/katana-en-bois-demon-slayer\/katana-bois-de-sanemi-demon-slayer\/"]}]},{"@type":"ImageObject","inLanguage":"es","@id":"https:\/\/repliquemangacine.fr\/katana-en-bois-demon-slayer\/katana-bois-de-sanemi-demon-slayer\/#primaryimage","url":"https:\/\/repliquemangacine.fr\/wp-content\/uploads\/2023\/10\/657w.jpg","contentUrl":"https:\/\/repliquemangacine.fr\/wp-content\/uploads\/2023\/10\/657w.jpg","width":500,"height":500,"caption":"Katana bois de Sanemi demon slayer"},{"@type":"BreadcrumbList","@id":"https:\/\/repliquemangacine.fr\/katana-en-bois-demon-slayer\/katana-bois-de-sanemi-demon-slayer\/#breadcrumb","itemListElement":[{"@type":"ListItem","position":1,"name":"Accueil","item":"https:\/\/repliquemangacine.fr\/"},{"@type":"ListItem","position":2,"name":"Produits","item":"https:\/\/repliquemangacine.fr\/boutique\/"},{"@type":"ListItem","position":3,"name":"Katana bois de Sanemi Demon Slayer"}]},{"@type":"WebSite","@id":"https:\/\/repliquemangacine.fr\/#website","url":"https:\/\/repliquemangacine.fr\/","name":"R\u00e9plique Manga Cin\u00e9","description":"","publisher":{"@id":"https:\/\/repliquemangacine.fr\/#organization"},"potentialAction":[{"@type":"SearchAction","target":{"@type":"EntryPoint","urlTemplate":"https:\/\/repliquemangacine.fr\/?s={search_term_string}"},"query-input":{"@type":"PropertyValueSpecification","valueRequired":true,"valueName":"search_term_string"}}],"inLanguage":"es"},{"@type":"Organization","@id":"https:\/\/repliquemangacine.fr\/#organization","name":"R\u00e9plique Manga Cin\u00e9","url":"https:\/\/repliquemangacine.fr\/","logo":{"@type":"ImageObject","inLanguage":"es","@id":"https:\/\/repliquemangacine.fr\/#\/schema\/logo\/image\/","url":"https:\/\/repliquemangacine.fr\/wp-content\/uploads\/2023\/10\/RMC-500250.png","contentUrl":"https:\/\/repliquemangacine.fr\/wp-content\/uploads\/2023\/10\/RMC-500250.png","width":500,"height":250,"caption":"R\u00e9plique Manga Cin\u00e9"},"image":{"@id":"https:\/\/repliquemangacine.fr\/#\/schema\/logo\/image\/"},"sameAs":["https:\/\/www.facebook.com\/RepliqueMangaCine","https:\/\/www.instagram.com\/repliquemangacine.fr\/"]}]}},"_links":{"self":[{"href":"https:\/\/repliquemangacine.fr\/es\/wp-json\/wp\/v2\/product\/55967","targetHints":{"allow":["GET"]}}],"collection":[{"href":"https:\/\/repliquemangacine.fr\/es\/wp-json\/wp\/v2\/product"}],"about":[{"href":"https:\/\/repliquemangacine.fr\/es\/wp-json\/wp\/v2\/types\/product"}],"wp:featuredmedia":[{"embeddable":true,"href":"https:\/\/repliquemangacine.fr\/es\/wp-json\/wp\/v2\/media\/55968"}],"wp:attachment":[{"href":"https:\/\/repliquemangacine.fr\/es\/wp-json\/wp\/v2\/media?parent=55967"}],"wp:term":[{"taxonomy":"product_brand","embeddable":true,"href":"https:\/\/repliquemangacine.fr\/es\/wp-json\/wp\/v2\/product_brand?post=55967"},{"taxonomy":"product_cat","embeddable":true,"href":"https:\/\/repliquemangacine.fr\/es\/wp-json\/wp\/v2\/product_cat?post=55967"},{"taxonomy":"product_tag","embeddable":true,"href":"https:\/\/repliquemangacine.fr\/es\/wp-json\/wp\/v2\/product_tag?post=55967"}],"curies":[{"name":"wp","href":"https:\/\/api.w.org\/{rel}","templated":true}]}}