





{"id":55960,"date":"2022-12-01T18:09:28","date_gmt":"2022-12-01T17:09:28","guid":{"rendered":"https:\/\/repliquemangacine.fr\/?post_type=product&#038;p=55960"},"modified":"2026-04-15T12:53:34","modified_gmt":"2026-04-15T10:53:34","slug":"muichiro-demon-slayer-katana-de-madera","status":"publish","type":"product","link":"https:\/\/repliquemangacine.fr\/es\/katana-en-bois-demon-slayer\/katana-bois-de-muichiro-demon-slayer\/","title":{"rendered":"Katana de madera Muichiro"},"content":{"rendered":"<h2>La katana de madera de Muichiro en Demon Slayer<\/h2>\n<p>Para empezarf, el <strong>Katana de madera Muichiro<\/strong> Demon Slayer es absolutamente notable. <a href=\"https:\/\/kimetsu-no-yaiba.fandom.com\/fr\/wiki\/Muichiro_Tokito\" target=\"_blank\" rel=\"noopener noreferrer\">Muichiro Tokito<\/a> Es un cazador de demonios y el Pilar de la Niebla del Ej\u00e9rcito de Cazadores de Demonios. Conocido por haber dominado completamente este aliento.<\/p>\n<p>Habiendo alcanzado tal dominio en su uso que pod\u00eda f\u00e1cilmente luchar contra y derrotar a la Quinta Luna Superior de las Doce Lunas Demon\u00edacas.<\/p>\n<p>Muichiro aprendi\u00f3 a realizar la respiraci\u00f3n de concentraci\u00f3n total en cualquier momento, al igual que todos los Pilares, lo que aument\u00f3 a\u00fan m\u00e1s su fuerza b\u00e1sica, su velocidad y su resistencia. Existen seis movimientos de la Respiraci\u00f3n de la Niebla.<\/p>\n<p>Pero, en realidad, hay que saber que existe un S\u00e9ptimo Movimiento, que es una t\u00e9cnica original creada por Muichiro Tokito.<\/p>\n<h2>Tu Muichiro Katana de madera al mejor precio<\/h2>\n<p>Tenemos todas las frases de tus personajes favoritos en este manga anime de Demon Slayer.<\/p>\n<p>Lo primero y m\u00e1s importante,<\/p>\n<ul>\n<li>Le <a href=\"https:\/\/repliquemangacine.fr\/es\/katana-cazademonios\/katana-madera-giyu-tomioka-demon-slayer\/\">Katana de madera Giyu<\/a> Tomioka con su espada negra y el s\u00edmbolo kangi.<\/li>\n<li>Pero tambi\u00e9n <a href=\"https:\/\/repliquemangacine.fr\/es\/katana-cazademonios\/katana-mitsuri-kanroji-cazademonios\/\">Katana Mitsuri<\/a> Kanroji y su hoja negra con una onda rosa, as\u00ed como una serigraf\u00eda de s\u00edmbolos japoneses.<\/li>\n<li>As\u00ed como el <a href=\"https:\/\/repliquemangacine.fr\/es\/katana-cazademonios\/puzzle-demon-slayer-1000-pieces-poster\/\">rompecabezas Demon Slayer<\/a> 1000 monedas y un p\u00f3ster de bonificaci\u00f3n.<\/li>\n<li>Y hay mucho m\u00e1s por descubrir.<\/li>\n<\/ul>\n<p>Aqu\u00ed tienes algunas ideas para regalar en cumplea\u00f1os o Navidad a los fans de Kimetsu no Yaiba o Demon Slayer.<\/p>\n<p>Para concluir, tambi\u00e9n puede utilizar este <strong>Katana de madera Muichiro<\/strong> Tokito para tus desfiles de cosplay. Por encima de todo, esta katana de madera Demon Slayer es tambi\u00e9n una pieza decorativa de coleccionista.<\/p>\n<h2>Nuestras nuevas katanas y Cazademonios a bajo precio.<\/h2>\n<p>Nuestro objetivo es satisfacerle, por eso hacemos todo lo posible para encontrar los objetos de colecci\u00f3n que busca. \u00a1No dude en hacernos llegar sus solicitudes y comentarios para que podamos continuar juntos esta aventura!<\/p>\n<p>Para tus convenciones de manga y desfiles de cosplay, descubre la mordaza de Nezuko con su larga cinta roja. \u00a1Nos lo ped\u00eds y aqu\u00ed est\u00e1! Las figuras de Demon Slayer estar\u00e1n disponibles muy pronto. \u00a1Pero a\u00fan tendr\u00e9is que esperar un poco!<\/p>\n<p>R\u00e9plique Manga Cin\u00e9 es una empresa familiar francesa.<\/p>\n<p><strong>Tenga en cuenta que todas nuestras r\u00e9plicas son objetos de colecci\u00f3n y decoraci\u00f3n. Puede utilizarlas para recreaciones hist\u00f3ricas, desfiles de cosplay o decoraci\u00f3n de interiores. En consecuencia, no es posible acudir a lugares p\u00fablicos con estas r\u00e9plicas.<\/strong><\/p>","protected":false},"excerpt":{"rendered":"<ul>\n<li>Hoja de madera (Bamb\u00fa) pintada con kangi.<\/li>\n<li>Protector de ABS moldeado con forma especial.<\/li>\n<li>Funda de ABS moldeado lacado en negro con ribete.<\/li>\n<li>El mango est\u00e1 recubierto de una trenza de algod\u00f3n.<\/li>\n<li>Longitud de la hoja: 68 cm - Longitud total: 103 cm<\/li>\n<li>Peso: 550 grs con funda<\/li>\n<\/ul>\n<p>&nbsp;<\/p>","protected":false},"featured_media":55961,"template":"","meta":[],"product_brand":[896],"product_cat":[63,116,23],"product_tag":[],"class_list":{"0":"post-55960","1":"product","2":"type-product","3":"status-publish","4":"has-post-thumbnail","6":"product_brand-replique-manga-cine","7":"product_cat-katana-demon-slayer","8":"product_cat-katana-en-bois-demon-slayer","9":"product_cat-repliques-manga-jeux-video","11":"first","12":"instock","13":"sale","14":"taxable","15":"shipping-taxable","16":"purchasable","17":"product-type-simple"},"yoast_head":"<!-- This site is optimized with the Yoast SEO plugin v27.4 - https:\/\/yoast.com\/product\/yoast-seo-wordpress\/ -->\n<title>Katana bois de Muichiro Demon Slayer - Boutique en ligne - RMC<\/title>\n<meta name=\"description\" content=\"Achetez vite ! Ce Katana bois de Muichiro dans Demon Slayer au meilleur prix. Lame en bois. Fourreau et garde en ABS moul\u00e9. Longueur 103cm - Envoi 24\/48h\" \/>\n<meta name=\"robots\" content=\"index, follow, max-snippet:-1, max-image-preview:large, max-video-preview:-1\" \/>\n<link rel=\"canonical\" href=\"https:\/\/repliquemangacine.fr\/es\/katana-de-madera-demon-slayer\/muichiro-demon-slayer-katana-de-madera\/\" \/>\n<meta property=\"og:locale\" content=\"es_ES\" \/>\n<meta property=\"og:type\" content=\"article\" \/>\n<meta property=\"og:title\" content=\"Katana bois de Muichiro Demon Slayer - Boutique en ligne - RMC\" \/>\n<meta property=\"og:description\" content=\"Achetez vite ! Ce Katana bois de Muichiro dans Demon Slayer au meilleur prix. Lame en bois. Fourreau et garde en ABS moul\u00e9. Longueur 103cm - Envoi 24\/48h\" \/>\n<meta property=\"og:url\" content=\"https:\/\/repliquemangacine.fr\/es\/katana-de-madera-demon-slayer\/muichiro-demon-slayer-katana-de-madera\/\" \/>\n<meta property=\"og:site_name\" content=\"R\u00e9plique Manga Cin\u00e9\" \/>\n<meta property=\"article:publisher\" content=\"https:\/\/www.facebook.com\/RepliqueMangaCine\" \/>\n<meta property=\"article:modified_time\" content=\"2026-04-15T10:53:34+00:00\" \/>\n<meta property=\"og:image\" content=\"https:\/\/repliquemangacine.fr\/wp-content\/uploads\/2023\/10\/655w.jpg\" \/>\n\t<meta property=\"og:image:width\" content=\"500\" \/>\n\t<meta property=\"og:image:height\" content=\"500\" \/>\n\t<meta property=\"og:image:type\" content=\"image\/jpeg\" \/>\n<meta name=\"twitter:card\" content=\"summary_large_image\" \/>\n<meta name=\"twitter:label1\" content=\"Tiempo de lectura\" \/>\n\t<meta name=\"twitter:data1\" content=\"2 minutos\" \/>\n<script type=\"application\/ld+json\" class=\"yoast-schema-graph\">{\"@context\":\"https:\\\/\\\/schema.org\",\"@graph\":[{\"@type\":\"WebPage\",\"@id\":\"https:\\\/\\\/repliquemangacine.fr\\\/katana-en-bois-demon-slayer\\\/katana-bois-de-muichiro-demon-slayer\\\/\",\"url\":\"https:\\\/\\\/repliquemangacine.fr\\\/katana-en-bois-demon-slayer\\\/katana-bois-de-muichiro-demon-slayer\\\/\",\"name\":\"Katana bois de Muichiro Demon Slayer - Boutique en ligne - RMC\",\"isPartOf\":{\"@id\":\"https:\\\/\\\/repliquemangacine.fr\\\/#website\"},\"primaryImageOfPage\":{\"@id\":\"https:\\\/\\\/repliquemangacine.fr\\\/katana-en-bois-demon-slayer\\\/katana-bois-de-muichiro-demon-slayer\\\/#primaryimage\"},\"image\":{\"@id\":\"https:\\\/\\\/repliquemangacine.fr\\\/katana-en-bois-demon-slayer\\\/katana-bois-de-muichiro-demon-slayer\\\/#primaryimage\"},\"thumbnailUrl\":\"https:\\\/\\\/repliquemangacine.fr\\\/wp-content\\\/uploads\\\/2023\\\/10\\\/655w.jpg\",\"datePublished\":\"2022-12-01T17:09:28+00:00\",\"dateModified\":\"2026-04-15T10:53:34+00:00\",\"description\":\"Achetez vite ! Ce Katana bois de Muichiro dans Demon Slayer au meilleur prix. Lame en bois. Fourreau et garde en ABS moul\u00e9. Longueur 103cm - Envoi 24\\\/48h\",\"breadcrumb\":{\"@id\":\"https:\\\/\\\/repliquemangacine.fr\\\/katana-en-bois-demon-slayer\\\/katana-bois-de-muichiro-demon-slayer\\\/#breadcrumb\"},\"inLanguage\":\"es\",\"potentialAction\":[{\"@type\":\"ReadAction\",\"target\":[\"https:\\\/\\\/repliquemangacine.fr\\\/katana-en-bois-demon-slayer\\\/katana-bois-de-muichiro-demon-slayer\\\/\"]}]},{\"@type\":\"ImageObject\",\"inLanguage\":\"es\",\"@id\":\"https:\\\/\\\/repliquemangacine.fr\\\/katana-en-bois-demon-slayer\\\/katana-bois-de-muichiro-demon-slayer\\\/#primaryimage\",\"url\":\"https:\\\/\\\/repliquemangacine.fr\\\/wp-content\\\/uploads\\\/2023\\\/10\\\/655w.jpg\",\"contentUrl\":\"https:\\\/\\\/repliquemangacine.fr\\\/wp-content\\\/uploads\\\/2023\\\/10\\\/655w.jpg\",\"width\":500,\"height\":500,\"caption\":\"Katana bois de Muichiro demon slayer\"},{\"@type\":\"BreadcrumbList\",\"@id\":\"https:\\\/\\\/repliquemangacine.fr\\\/katana-en-bois-demon-slayer\\\/katana-bois-de-muichiro-demon-slayer\\\/#breadcrumb\",\"itemListElement\":[{\"@type\":\"ListItem\",\"position\":1,\"name\":\"Accueil\",\"item\":\"https:\\\/\\\/repliquemangacine.fr\\\/\"},{\"@type\":\"ListItem\",\"position\":2,\"name\":\"Produits\",\"item\":\"https:\\\/\\\/repliquemangacine.fr\\\/boutique\\\/\"},{\"@type\":\"ListItem\",\"position\":3,\"name\":\"Katana bois de Muichiro\"}]},{\"@type\":\"WebSite\",\"@id\":\"https:\\\/\\\/repliquemangacine.fr\\\/#website\",\"url\":\"https:\\\/\\\/repliquemangacine.fr\\\/\",\"name\":\"R\u00e9plique Manga Cin\u00e9\",\"description\":\"\",\"publisher\":{\"@id\":\"https:\\\/\\\/repliquemangacine.fr\\\/#organization\"},\"potentialAction\":[{\"@type\":\"SearchAction\",\"target\":{\"@type\":\"EntryPoint\",\"urlTemplate\":\"https:\\\/\\\/repliquemangacine.fr\\\/?s={search_term_string}\"},\"query-input\":{\"@type\":\"PropertyValueSpecification\",\"valueRequired\":true,\"valueName\":\"search_term_string\"}}],\"inLanguage\":\"es\"},{\"@type\":\"Organization\",\"@id\":\"https:\\\/\\\/repliquemangacine.fr\\\/#organization\",\"name\":\"R\u00e9plique Manga Cin\u00e9\",\"url\":\"https:\\\/\\\/repliquemangacine.fr\\\/\",\"logo\":{\"@type\":\"ImageObject\",\"inLanguage\":\"es\",\"@id\":\"https:\\\/\\\/repliquemangacine.fr\\\/#\\\/schema\\\/logo\\\/image\\\/\",\"url\":\"https:\\\/\\\/repliquemangacine.fr\\\/wp-content\\\/uploads\\\/2023\\\/10\\\/RMC-500250.png\",\"contentUrl\":\"https:\\\/\\\/repliquemangacine.fr\\\/wp-content\\\/uploads\\\/2023\\\/10\\\/RMC-500250.png\",\"width\":500,\"height\":250,\"caption\":\"R\u00e9plique Manga Cin\u00e9\"},\"image\":{\"@id\":\"https:\\\/\\\/repliquemangacine.fr\\\/#\\\/schema\\\/logo\\\/image\\\/\"},\"sameAs\":[\"https:\\\/\\\/www.facebook.com\\\/RepliqueMangaCine\",\"https:\\\/\\\/www.instagram.com\\\/repliquemangacine.fr\\\/\"]}]}<\/script>\n<!-- \/ Yoast SEO plugin. -->","yoast_head_json":{"title":"Muichiro Demon Slayer katana de madera - Tienda Online - RMC","description":"\u00a1C\u00f3mprala ahora! Esta Katana de madera de Muichiro en Demon Slayer al mejor precio. Hoja de madera. Vaina y guarda en ABS moldeado. Longitud 103cm - Env\u00edo 24\/48h","robots":{"index":"index","follow":"follow","max-snippet":"max-snippet:-1","max-image-preview":"max-image-preview:large","max-video-preview":"max-video-preview:-1"},"canonical":"https:\/\/repliquemangacine.fr\/es\/katana-de-madera-demon-slayer\/muichiro-demon-slayer-katana-de-madera\/","og_locale":"es_ES","og_type":"article","og_title":"Katana bois de Muichiro Demon Slayer - Boutique en ligne - RMC","og_description":"Achetez vite ! Ce Katana bois de Muichiro dans Demon Slayer au meilleur prix. Lame en bois. Fourreau et garde en ABS moul\u00e9. Longueur 103cm - Envoi 24\/48h","og_url":"https:\/\/repliquemangacine.fr\/es\/katana-de-madera-demon-slayer\/muichiro-demon-slayer-katana-de-madera\/","og_site_name":"R\u00e9plique Manga Cin\u00e9","article_publisher":"https:\/\/www.facebook.com\/RepliqueMangaCine","article_modified_time":"2026-04-15T10:53:34+00:00","og_image":[{"width":500,"height":500,"url":"https:\/\/repliquemangacine.fr\/wp-content\/uploads\/2023\/10\/655w.jpg","type":"image\/jpeg"}],"twitter_card":"summary_large_image","twitter_misc":{"Tiempo de lectura":"2 minutos"},"schema":{"@context":"https:\/\/schema.org","@graph":[{"@type":"WebPage","@id":"https:\/\/repliquemangacine.fr\/katana-en-bois-demon-slayer\/katana-bois-de-muichiro-demon-slayer\/","url":"https:\/\/repliquemangacine.fr\/katana-en-bois-demon-slayer\/katana-bois-de-muichiro-demon-slayer\/","name":"Muichiro Demon Slayer katana de madera - Tienda Online - RMC","isPartOf":{"@id":"https:\/\/repliquemangacine.fr\/#website"},"primaryImageOfPage":{"@id":"https:\/\/repliquemangacine.fr\/katana-en-bois-demon-slayer\/katana-bois-de-muichiro-demon-slayer\/#primaryimage"},"image":{"@id":"https:\/\/repliquemangacine.fr\/katana-en-bois-demon-slayer\/katana-bois-de-muichiro-demon-slayer\/#primaryimage"},"thumbnailUrl":"https:\/\/repliquemangacine.fr\/wp-content\/uploads\/2023\/10\/655w.jpg","datePublished":"2022-12-01T17:09:28+00:00","dateModified":"2026-04-15T10:53:34+00:00","description":"\u00a1C\u00f3mprala ahora! Esta Katana de madera de Muichiro en Demon Slayer al mejor precio. Hoja de madera. Vaina y guarda en ABS moldeado. Longitud 103cm - Env\u00edo 24\/48h","breadcrumb":{"@id":"https:\/\/repliquemangacine.fr\/katana-en-bois-demon-slayer\/katana-bois-de-muichiro-demon-slayer\/#breadcrumb"},"inLanguage":"es","potentialAction":[{"@type":"ReadAction","target":["https:\/\/repliquemangacine.fr\/katana-en-bois-demon-slayer\/katana-bois-de-muichiro-demon-slayer\/"]}]},{"@type":"ImageObject","inLanguage":"es","@id":"https:\/\/repliquemangacine.fr\/katana-en-bois-demon-slayer\/katana-bois-de-muichiro-demon-slayer\/#primaryimage","url":"https:\/\/repliquemangacine.fr\/wp-content\/uploads\/2023\/10\/655w.jpg","contentUrl":"https:\/\/repliquemangacine.fr\/wp-content\/uploads\/2023\/10\/655w.jpg","width":500,"height":500,"caption":"Katana bois de Muichiro demon slayer"},{"@type":"BreadcrumbList","@id":"https:\/\/repliquemangacine.fr\/katana-en-bois-demon-slayer\/katana-bois-de-muichiro-demon-slayer\/#breadcrumb","itemListElement":[{"@type":"ListItem","position":1,"name":"Accueil","item":"https:\/\/repliquemangacine.fr\/"},{"@type":"ListItem","position":2,"name":"Produits","item":"https:\/\/repliquemangacine.fr\/boutique\/"},{"@type":"ListItem","position":3,"name":"Katana bois de Muichiro"}]},{"@type":"WebSite","@id":"https:\/\/repliquemangacine.fr\/#website","url":"https:\/\/repliquemangacine.fr\/","name":"R\u00e9plique Manga Cin\u00e9","description":"","publisher":{"@id":"https:\/\/repliquemangacine.fr\/#organization"},"potentialAction":[{"@type":"SearchAction","target":{"@type":"EntryPoint","urlTemplate":"https:\/\/repliquemangacine.fr\/?s={search_term_string}"},"query-input":{"@type":"PropertyValueSpecification","valueRequired":true,"valueName":"search_term_string"}}],"inLanguage":"es"},{"@type":"Organization","@id":"https:\/\/repliquemangacine.fr\/#organization","name":"R\u00e9plique Manga Cin\u00e9","url":"https:\/\/repliquemangacine.fr\/","logo":{"@type":"ImageObject","inLanguage":"es","@id":"https:\/\/repliquemangacine.fr\/#\/schema\/logo\/image\/","url":"https:\/\/repliquemangacine.fr\/wp-content\/uploads\/2023\/10\/RMC-500250.png","contentUrl":"https:\/\/repliquemangacine.fr\/wp-content\/uploads\/2023\/10\/RMC-500250.png","width":500,"height":250,"caption":"R\u00e9plique Manga Cin\u00e9"},"image":{"@id":"https:\/\/repliquemangacine.fr\/#\/schema\/logo\/image\/"},"sameAs":["https:\/\/www.facebook.com\/RepliqueMangaCine","https:\/\/www.instagram.com\/repliquemangacine.fr\/"]}]}},"_links":{"self":[{"href":"https:\/\/repliquemangacine.fr\/es\/wp-json\/wp\/v2\/product\/55960","targetHints":{"allow":["GET"]}}],"collection":[{"href":"https:\/\/repliquemangacine.fr\/es\/wp-json\/wp\/v2\/product"}],"about":[{"href":"https:\/\/repliquemangacine.fr\/es\/wp-json\/wp\/v2\/types\/product"}],"wp:featuredmedia":[{"embeddable":true,"href":"https:\/\/repliquemangacine.fr\/es\/wp-json\/wp\/v2\/media\/55961"}],"wp:attachment":[{"href":"https:\/\/repliquemangacine.fr\/es\/wp-json\/wp\/v2\/media?parent=55960"}],"wp:term":[{"taxonomy":"product_brand","embeddable":true,"href":"https:\/\/repliquemangacine.fr\/es\/wp-json\/wp\/v2\/product_brand?post=55960"},{"taxonomy":"product_cat","embeddable":true,"href":"https:\/\/repliquemangacine.fr\/es\/wp-json\/wp\/v2\/product_cat?post=55960"},{"taxonomy":"product_tag","embeddable":true,"href":"https:\/\/repliquemangacine.fr\/es\/wp-json\/wp\/v2\/product_tag?post=55960"}],"curies":[{"name":"wp","href":"https:\/\/api.w.org\/{rel}","templated":true}]}}