





{"id":55544,"date":"2022-11-25T13:10:19","date_gmt":"2022-11-25T12:10:19","guid":{"rendered":"https:\/\/repliquemangacine.fr\/?post_type=product&#038;p=55544"},"modified":"2026-01-15T16:03:18","modified_gmt":"2026-01-15T15:03:18","slug":"tablero-de-ajedrez-del-senor-de-los-anillos","status":"publish","type":"product","link":"https:\/\/repliquemangacine.fr\/es\/divers-goodies\/echiquier-seigneur-des-anneaux\/","title":{"rendered":"Tablero de ajedrez de El Se\u00f1or de los Anillos"},"content":{"rendered":"<h2>Tablero de ajedrez de El Se\u00f1or de los Anillos - Batalla por la Tierra Media<\/h2>\n<p>Para empezar, revive la \u00e9pica batalla de la Tierra Media con este <strong>Tablero de ajedrez de El Se\u00f1or de los Anillos<\/strong>. Elige tu bando y enfr\u00e9ntate a tu adversario. Las fuerzas del mal con el Se\u00f1or Oscuro, Sauron, o el Ej\u00e9rcito de Gondor con Aragorn, Gandalf...<\/p>\n<p>Enfr\u00e9ntate en la batalla de los campos de Pelennor, que tiene lugar en la \u00faltima batalla de El Se\u00f1or de los Anillos.<\/p>\n<p>La Batalla de los Campos de Pelennor es una batalla que tiene lugar en el marco de la Guerra del Anillo. Esta batalla, la m\u00e1s importante de la Guerra del Anillo en t\u00e9rminos de efectivos comprometidos, enfrenta a las fuerzas de Gondor y sus aliados contra las fuerzas del Se\u00f1or Oscuro Sauron.<\/p>\n<h2>Tu tablero de ajedrez de El Se\u00f1or de los Anillos al mejor precio.<\/h2>\n<p>Te ofrecemos una amplia selecci\u00f3n de r\u00e9plicas de la trilog\u00eda El Se\u00f1or de los Anillos.<\/p>\n<p>Lo primero y m\u00e1s importante,<\/p>\n<ul>\n<li>El magn\u00edfico <a href=\"https:\/\/repliquemangacine.fr\/es\/el-senor-de-los-anillos\/espada-anduril-aragorn-el-senor-de-los-anillos\/\">Espada Anduril<\/a> de Aragorn, que ha sido reforjada por los elfos.<\/li>\n<li>Tambi\u00e9n est\u00e1 la espada<a href=\"https:\/\/repliquemangacine.fr\/es\/espadas-del-senor-de-los-anillos\/senor-de-los-anillos-glamdring-gandalf-espada\/\"> Glamdring<\/a> de Gandalf el mago.<\/li>\n<li>As\u00ed como el<a href=\"https:\/\/repliquemangacine.fr\/es\/espadas-del-senor-de-los-anillos\/senor-de-los-anillos-espada-nazgul-espada-caballeros-negros\/\">Espada Nazgul<\/a>sus jinetes negros que siembran el terror.<\/li>\n<li>Adem\u00e1s, encontrar\u00e1s joyas con licencia oficial de la trilog\u00eda <a href=\"https:\/\/noblecollection.fr\/bijoux-seigneur-des-anneaux-c-129_1_18.html\" target=\"_blank\" rel=\"noopener noreferrer\">La Colecci\u00f3n Noble<\/a>.<\/li>\n<li>Y muchos m\u00e1s por descubrir en nuestra tienda en l\u00ednea.<\/li>\n<\/ul>\n<p>Por eso, esta es una magn\u00edfica idea de regalo para todos los fans de la trilog\u00eda El Se\u00f1or de los Anillos.<\/p>\n<p>En conclusi\u00f3n, puede utilizar este <strong>Tablero de ajedrez de El Se\u00f1or de los Anillos<\/strong> para las veladas con amigos. Pero, sobre todo, es un objeto de coleccionista y una pieza decorativa.<\/p>\n<h2>\u00bfC\u00f3mo se fabrican sus objetos de colecci\u00f3n?<\/h2>\n<p>Para empezar, todos nuestros productos derivados son de la m\u00e1xima calidad, fabricados con meticulosa atenci\u00f3n al detalle. Una parte se hace a mano, para reproducir hasta el m\u00e1s m\u00ednimo detalle. Las partes m\u00e1s importantes se mecanizan con m\u00e1quinas muy precisas. Los grabados se hacen generalmente con punta de diamante o l\u00e1ser.<\/p>\n<p>Su <strong>Tablero de ajedrez de El Se\u00f1or de los Anillos<\/strong> fabricados para reproducir cada detalle con exactitud. Para igualar el legado de las obras maestras originales. Se hace hincapi\u00e9 en crear r\u00e9plicas de alta calidad que sean lo m\u00e1s hist\u00f3ricamente exactas posible.<\/p>\n<p>En conclusi\u00f3n, importadas de China, Espa\u00f1a o la India, \u00a1nuestras r\u00e9plicas le sorprender\u00e1n!<\/p>\n<p>R\u00e9plique Manga Cin\u00e9 es una empresa familiar francesa.<\/p>","protected":false},"excerpt":{"rendered":"<p>Tablero de ajedrez de 32 piezas inspirado en El Se\u00f1or de los Anillos.<\/p>\n<p>Este juego de ajedrez incluye :<\/p>\n<ul>\n<li>16 piezas de PVC negro finamente esculpidas que representan a: Gollum, Saruman, los Jinetes Negros, el Rey Brujo, los Orcos y el Ojo de Sauron.<\/li>\n<li>16 piezas de PVC blanco finamente esculpidas que representan a: Gandalf, Arwen, Aragorn, Frodo, Legolas y Estatuas<\/li>\n<li>Tablero de ajedrez con ojo de sauron en el centro 46 X 46 cm<\/li>\n<li>Dos bolsillos para guardar monedas.<\/li>\n<li>Las piezas miden entre 5 y 10 cm seg\u00fan el personaje.<\/li>\n<li>Caja de coleccionista con los colores de la pel\u00edcula.<\/li>\n<\/ul>","protected":false},"featured_media":55545,"template":"","meta":[],"product_brand":[896],"product_cat":[98,24,94,29],"product_tag":[],"class_list":{"0":"post-55544","1":"product","2":"type-product","3":"status-publish","4":"has-post-thumbnail","6":"product_brand-replique-manga-cine","7":"product_cat-divers-goodies","8":"product_cat-films-series-tv-vente-de-katana-epee-et-produits-derives","9":"product_cat-goodies","10":"product_cat-le-seigneur-des-anneaux","12":"first","13":"instock","14":"taxable","15":"shipping-taxable","16":"purchasable","17":"product-type-simple"},"yoast_head":"<!-- This site is optimized with the Yoast SEO plugin v27.4 - https:\/\/yoast.com\/product\/yoast-seo-wordpress\/ -->\n<title>Echiquier Seigneur des Anneaux - Jeu d&#039;\u00e9chec Collector - RMC<\/title>\n<meta name=\"description\" content=\"Offrez-vous ! Cet Echiquier Seigneur des Anneaux de 32 pi\u00e8ces au meilleur prix - Sous Licence officielle Noble Collection - Pi\u00e8ces en PVC de 5 cm \u00e0 10 cm -\" \/>\n<meta name=\"robots\" content=\"index, follow, max-snippet:-1, max-image-preview:large, max-video-preview:-1\" \/>\n<link rel=\"canonical\" href=\"https:\/\/repliquemangacine.fr\/es\/varias-golosinas\/tablero-de-ajedrez-del-senor-de-los-anillos\/\" \/>\n<meta property=\"og:locale\" content=\"es_ES\" \/>\n<meta property=\"og:type\" content=\"article\" \/>\n<meta property=\"og:title\" content=\"Echiquier Seigneur des Anneaux - Jeu d&#039;\u00e9chec Collector - RMC\" \/>\n<meta property=\"og:description\" content=\"Offrez-vous ! Cet Echiquier Seigneur des Anneaux de 32 pi\u00e8ces au meilleur prix - Sous Licence officielle Noble Collection - Pi\u00e8ces en PVC de 5 cm \u00e0 10 cm -\" \/>\n<meta property=\"og:url\" content=\"https:\/\/repliquemangacine.fr\/es\/varias-golosinas\/tablero-de-ajedrez-del-senor-de-los-anillos\/\" \/>\n<meta property=\"og:site_name\" content=\"R\u00e9plique Manga Cin\u00e9\" \/>\n<meta property=\"article:publisher\" content=\"https:\/\/www.facebook.com\/RepliqueMangaCine\" \/>\n<meta property=\"article:modified_time\" content=\"2026-01-15T15:03:18+00:00\" \/>\n<meta property=\"og:image\" content=\"https:\/\/repliquemangacine.fr\/wp-content\/uploads\/2023\/10\/jeu-dechec-lotr.jpg\" \/>\n\t<meta property=\"og:image:width\" content=\"500\" \/>\n\t<meta property=\"og:image:height\" content=\"500\" \/>\n\t<meta property=\"og:image:type\" content=\"image\/jpeg\" \/>\n<meta name=\"twitter:card\" content=\"summary_large_image\" \/>\n<meta name=\"twitter:label1\" content=\"Tiempo de lectura\" \/>\n\t<meta name=\"twitter:data1\" content=\"2 minutos\" \/>\n<script type=\"application\/ld+json\" class=\"yoast-schema-graph\">{\"@context\":\"https:\\\/\\\/schema.org\",\"@graph\":[{\"@type\":\"WebPage\",\"@id\":\"https:\\\/\\\/repliquemangacine.fr\\\/divers-goodies\\\/echiquier-seigneur-des-anneaux\\\/\",\"url\":\"https:\\\/\\\/repliquemangacine.fr\\\/divers-goodies\\\/echiquier-seigneur-des-anneaux\\\/\",\"name\":\"Echiquier Seigneur des Anneaux - Jeu d'\u00e9chec Collector - RMC\",\"isPartOf\":{\"@id\":\"https:\\\/\\\/repliquemangacine.fr\\\/#website\"},\"primaryImageOfPage\":{\"@id\":\"https:\\\/\\\/repliquemangacine.fr\\\/divers-goodies\\\/echiquier-seigneur-des-anneaux\\\/#primaryimage\"},\"image\":{\"@id\":\"https:\\\/\\\/repliquemangacine.fr\\\/divers-goodies\\\/echiquier-seigneur-des-anneaux\\\/#primaryimage\"},\"thumbnailUrl\":\"https:\\\/\\\/repliquemangacine.fr\\\/wp-content\\\/uploads\\\/2023\\\/10\\\/jeu-dechec-lotr.jpg\",\"datePublished\":\"2022-11-25T12:10:19+00:00\",\"dateModified\":\"2026-01-15T15:03:18+00:00\",\"description\":\"Offrez-vous ! Cet Echiquier Seigneur des Anneaux de 32 pi\u00e8ces au meilleur prix - Sous Licence officielle Noble Collection - Pi\u00e8ces en PVC de 5 cm \u00e0 10 cm -\",\"breadcrumb\":{\"@id\":\"https:\\\/\\\/repliquemangacine.fr\\\/divers-goodies\\\/echiquier-seigneur-des-anneaux\\\/#breadcrumb\"},\"inLanguage\":\"es\",\"potentialAction\":[{\"@type\":\"ReadAction\",\"target\":[\"https:\\\/\\\/repliquemangacine.fr\\\/divers-goodies\\\/echiquier-seigneur-des-anneaux\\\/\"]}]},{\"@type\":\"ImageObject\",\"inLanguage\":\"es\",\"@id\":\"https:\\\/\\\/repliquemangacine.fr\\\/divers-goodies\\\/echiquier-seigneur-des-anneaux\\\/#primaryimage\",\"url\":\"https:\\\/\\\/repliquemangacine.fr\\\/wp-content\\\/uploads\\\/2023\\\/10\\\/jeu-dechec-lotr.jpg\",\"contentUrl\":\"https:\\\/\\\/repliquemangacine.fr\\\/wp-content\\\/uploads\\\/2023\\\/10\\\/jeu-dechec-lotr.jpg\",\"width\":500,\"height\":500,\"caption\":\"Echiquier Seigneur des Anneaux\"},{\"@type\":\"BreadcrumbList\",\"@id\":\"https:\\\/\\\/repliquemangacine.fr\\\/divers-goodies\\\/echiquier-seigneur-des-anneaux\\\/#breadcrumb\",\"itemListElement\":[{\"@type\":\"ListItem\",\"position\":1,\"name\":\"Accueil\",\"item\":\"https:\\\/\\\/repliquemangacine.fr\\\/\"},{\"@type\":\"ListItem\",\"position\":2,\"name\":\"Produits\",\"item\":\"https:\\\/\\\/repliquemangacine.fr\\\/boutique\\\/\"},{\"@type\":\"ListItem\",\"position\":3,\"name\":\"Echiquier Seigneur des Anneaux\"}]},{\"@type\":\"WebSite\",\"@id\":\"https:\\\/\\\/repliquemangacine.fr\\\/#website\",\"url\":\"https:\\\/\\\/repliquemangacine.fr\\\/\",\"name\":\"R\u00e9plique Manga Cin\u00e9\",\"description\":\"\",\"publisher\":{\"@id\":\"https:\\\/\\\/repliquemangacine.fr\\\/#organization\"},\"potentialAction\":[{\"@type\":\"SearchAction\",\"target\":{\"@type\":\"EntryPoint\",\"urlTemplate\":\"https:\\\/\\\/repliquemangacine.fr\\\/?s={search_term_string}\"},\"query-input\":{\"@type\":\"PropertyValueSpecification\",\"valueRequired\":true,\"valueName\":\"search_term_string\"}}],\"inLanguage\":\"es\"},{\"@type\":\"Organization\",\"@id\":\"https:\\\/\\\/repliquemangacine.fr\\\/#organization\",\"name\":\"R\u00e9plique Manga Cin\u00e9\",\"url\":\"https:\\\/\\\/repliquemangacine.fr\\\/\",\"logo\":{\"@type\":\"ImageObject\",\"inLanguage\":\"es\",\"@id\":\"https:\\\/\\\/repliquemangacine.fr\\\/#\\\/schema\\\/logo\\\/image\\\/\",\"url\":\"https:\\\/\\\/repliquemangacine.fr\\\/wp-content\\\/uploads\\\/2023\\\/10\\\/RMC-500250.png\",\"contentUrl\":\"https:\\\/\\\/repliquemangacine.fr\\\/wp-content\\\/uploads\\\/2023\\\/10\\\/RMC-500250.png\",\"width\":500,\"height\":250,\"caption\":\"R\u00e9plique Manga Cin\u00e9\"},\"image\":{\"@id\":\"https:\\\/\\\/repliquemangacine.fr\\\/#\\\/schema\\\/logo\\\/image\\\/\"},\"sameAs\":[\"https:\\\/\\\/www.facebook.com\\\/RepliqueMangaCine\",\"https:\\\/\\\/www.instagram.com\\\/repliquemangacine.fr\\\/\"]}]}<\/script>\n<!-- \/ Yoast SEO plugin. -->","yoast_head_json":{"title":"Tablero de ajedrez de El Se\u00f1or de los Anillos - Juego de ajedrez de colecci\u00f3n - RMC","description":"\u00a1Date un capricho! Este tablero de ajedrez de 32 piezas de El Se\u00f1or de los Anillos al mejor precio - Bajo Licencia Oficial de la Colecci\u00f3n Noble - Piezas de PVC de 5 cm a 10 cm -...","robots":{"index":"index","follow":"follow","max-snippet":"max-snippet:-1","max-image-preview":"max-image-preview:large","max-video-preview":"max-video-preview:-1"},"canonical":"https:\/\/repliquemangacine.fr\/es\/varias-golosinas\/tablero-de-ajedrez-del-senor-de-los-anillos\/","og_locale":"es_ES","og_type":"article","og_title":"Echiquier Seigneur des Anneaux - Jeu d'\u00e9chec Collector - RMC","og_description":"Offrez-vous ! Cet Echiquier Seigneur des Anneaux de 32 pi\u00e8ces au meilleur prix - Sous Licence officielle Noble Collection - Pi\u00e8ces en PVC de 5 cm \u00e0 10 cm -","og_url":"https:\/\/repliquemangacine.fr\/es\/varias-golosinas\/tablero-de-ajedrez-del-senor-de-los-anillos\/","og_site_name":"R\u00e9plique Manga Cin\u00e9","article_publisher":"https:\/\/www.facebook.com\/RepliqueMangaCine","article_modified_time":"2026-01-15T15:03:18+00:00","og_image":[{"width":500,"height":500,"url":"https:\/\/repliquemangacine.fr\/wp-content\/uploads\/2023\/10\/jeu-dechec-lotr.jpg","type":"image\/jpeg"}],"twitter_card":"summary_large_image","twitter_misc":{"Tiempo de lectura":"2 minutos"},"schema":{"@context":"https:\/\/schema.org","@graph":[{"@type":"WebPage","@id":"https:\/\/repliquemangacine.fr\/divers-goodies\/echiquier-seigneur-des-anneaux\/","url":"https:\/\/repliquemangacine.fr\/divers-goodies\/echiquier-seigneur-des-anneaux\/","name":"Tablero de ajedrez de El Se\u00f1or de los Anillos - Juego de ajedrez de colecci\u00f3n - RMC","isPartOf":{"@id":"https:\/\/repliquemangacine.fr\/#website"},"primaryImageOfPage":{"@id":"https:\/\/repliquemangacine.fr\/divers-goodies\/echiquier-seigneur-des-anneaux\/#primaryimage"},"image":{"@id":"https:\/\/repliquemangacine.fr\/divers-goodies\/echiquier-seigneur-des-anneaux\/#primaryimage"},"thumbnailUrl":"https:\/\/repliquemangacine.fr\/wp-content\/uploads\/2023\/10\/jeu-dechec-lotr.jpg","datePublished":"2022-11-25T12:10:19+00:00","dateModified":"2026-01-15T15:03:18+00:00","description":"\u00a1Date un capricho! Este tablero de ajedrez de 32 piezas de El Se\u00f1or de los Anillos al mejor precio - Bajo Licencia Oficial de la Colecci\u00f3n Noble - Piezas de PVC de 5 cm a 10 cm -...","breadcrumb":{"@id":"https:\/\/repliquemangacine.fr\/divers-goodies\/echiquier-seigneur-des-anneaux\/#breadcrumb"},"inLanguage":"es","potentialAction":[{"@type":"ReadAction","target":["https:\/\/repliquemangacine.fr\/divers-goodies\/echiquier-seigneur-des-anneaux\/"]}]},{"@type":"ImageObject","inLanguage":"es","@id":"https:\/\/repliquemangacine.fr\/divers-goodies\/echiquier-seigneur-des-anneaux\/#primaryimage","url":"https:\/\/repliquemangacine.fr\/wp-content\/uploads\/2023\/10\/jeu-dechec-lotr.jpg","contentUrl":"https:\/\/repliquemangacine.fr\/wp-content\/uploads\/2023\/10\/jeu-dechec-lotr.jpg","width":500,"height":500,"caption":"Echiquier Seigneur des Anneaux"},{"@type":"BreadcrumbList","@id":"https:\/\/repliquemangacine.fr\/divers-goodies\/echiquier-seigneur-des-anneaux\/#breadcrumb","itemListElement":[{"@type":"ListItem","position":1,"name":"Accueil","item":"https:\/\/repliquemangacine.fr\/"},{"@type":"ListItem","position":2,"name":"Produits","item":"https:\/\/repliquemangacine.fr\/boutique\/"},{"@type":"ListItem","position":3,"name":"Echiquier Seigneur des Anneaux"}]},{"@type":"WebSite","@id":"https:\/\/repliquemangacine.fr\/#website","url":"https:\/\/repliquemangacine.fr\/","name":"R\u00e9plique Manga Cin\u00e9","description":"","publisher":{"@id":"https:\/\/repliquemangacine.fr\/#organization"},"potentialAction":[{"@type":"SearchAction","target":{"@type":"EntryPoint","urlTemplate":"https:\/\/repliquemangacine.fr\/?s={search_term_string}"},"query-input":{"@type":"PropertyValueSpecification","valueRequired":true,"valueName":"search_term_string"}}],"inLanguage":"es"},{"@type":"Organization","@id":"https:\/\/repliquemangacine.fr\/#organization","name":"R\u00e9plique Manga Cin\u00e9","url":"https:\/\/repliquemangacine.fr\/","logo":{"@type":"ImageObject","inLanguage":"es","@id":"https:\/\/repliquemangacine.fr\/#\/schema\/logo\/image\/","url":"https:\/\/repliquemangacine.fr\/wp-content\/uploads\/2023\/10\/RMC-500250.png","contentUrl":"https:\/\/repliquemangacine.fr\/wp-content\/uploads\/2023\/10\/RMC-500250.png","width":500,"height":250,"caption":"R\u00e9plique Manga Cin\u00e9"},"image":{"@id":"https:\/\/repliquemangacine.fr\/#\/schema\/logo\/image\/"},"sameAs":["https:\/\/www.facebook.com\/RepliqueMangaCine","https:\/\/www.instagram.com\/repliquemangacine.fr\/"]}]}},"_links":{"self":[{"href":"https:\/\/repliquemangacine.fr\/es\/wp-json\/wp\/v2\/product\/55544","targetHints":{"allow":["GET"]}}],"collection":[{"href":"https:\/\/repliquemangacine.fr\/es\/wp-json\/wp\/v2\/product"}],"about":[{"href":"https:\/\/repliquemangacine.fr\/es\/wp-json\/wp\/v2\/types\/product"}],"wp:featuredmedia":[{"embeddable":true,"href":"https:\/\/repliquemangacine.fr\/es\/wp-json\/wp\/v2\/media\/55545"}],"wp:attachment":[{"href":"https:\/\/repliquemangacine.fr\/es\/wp-json\/wp\/v2\/media?parent=55544"}],"wp:term":[{"taxonomy":"product_brand","embeddable":true,"href":"https:\/\/repliquemangacine.fr\/es\/wp-json\/wp\/v2\/product_brand?post=55544"},{"taxonomy":"product_cat","embeddable":true,"href":"https:\/\/repliquemangacine.fr\/es\/wp-json\/wp\/v2\/product_cat?post=55544"},{"taxonomy":"product_tag","embeddable":true,"href":"https:\/\/repliquemangacine.fr\/es\/wp-json\/wp\/v2\/product_tag?post=55544"}],"curies":[{"name":"wp","href":"https:\/\/api.w.org\/{rel}","templated":true}]}}