





{"id":54643,"date":"2022-11-03T12:57:44","date_gmt":"2022-11-03T11:57:44","guid":{"rendered":"https:\/\/repliquemangacine.fr\/?post_type=product&#038;p=54643"},"modified":"2026-04-14T09:41:29","modified_gmt":"2026-04-14T07:41:29","slug":"predator-machete-holandes","status":"publish","type":"product","link":"https:\/\/repliquemangacine.fr\/es\/katana-les-epees-de-films-et-series\/machette-poignard-predator-dutch\/","title":{"rendered":"Machete cuchillo Predator"},"content":{"rendered":"<h2>Dutch Predator cuchillo machete.<\/h2>\n<p>Para empezar, el <strong>Machete cuchillo Predator<\/strong> est\u00e1 tomada de la pel\u00edcula <a href=\"https:\/\/fr.wikipedia.org\/wiki\/Predator_(film)\" target=\"_blank\" rel=\"noopener noreferrer\">Depredador<\/a>, utilizada por Arnold Schwarzenegger en su papel del comandante Alan \u201cDutch\u201d Schaefer.<\/p>\n<p>En 1987, una nave espacial extraterrestre se acerca a la Tierra y lanza un m\u00f3dulo que entra en la atm\u00f3sfera del planeta y aterriza en alg\u00fan lugar de Am\u00e9rica Central. Poco despu\u00e9s, el mayor Alan \u00abDutch\u00bb Schaefer, oficial de las fuerzas especiales estadounidenses, llega a Guatemala.<\/p>\n<p>Al frente de su equipo de soldados de \u00e9lite encargado de encontrar a un pol\u00edtico guatemalteco secuestrado en la selva, Dutch se reencuentra all\u00ed con su viejo amigo George Dillon, que ahora trabaja para la CIA. Dutch y su equipo, compuesto por Mac, Billy, Blain, Poncho y Hawkins, son lanzados en paraca\u00eddas en pleno coraz\u00f3n de la selva.<\/p>\n<h2>Tu Machete Cuchillo Predator al mejor precio.<\/h2>\n<p>Te ofrecemos una amplia selecci\u00f3n de r\u00e9plicas del mundo del cine y las series de televisi\u00f3n.<\/p>\n<p>Lo primero y m\u00e1s importante,<\/p>\n<ul>\n<li>La <a href=\"https:\/\/repliquemangacine.fr\/es\/cuchillos-rambo-daga-john-rambo\/rambo-machete-4\/\">El machete de John Rambo<\/a> con su firma.<\/li>\n<li>Tambi\u00e9n existe la<a href=\"https:\/\/repliquemangacine.fr\/es\/otras-peliculas\/conan-marto-espada-atlante\/\">Espada atlante<\/a> en Conan el B\u00e1rbaro realizado en Espa\u00f1a (Toledo) por Marto.<\/li>\n<li>As\u00ed como el<a href=\"https:\/\/repliquemangacine.fr\/es\/otras-peliculas\/connor-macleod-espada-highlander\/\">La espada de Connor Macleod<\/a>el protagonista de la pel\u00edcula Highlander.<\/li>\n<li>Y muchos m\u00e1s por descubrir en nuestra tienda en l\u00ednea.<\/li>\n<\/ul>\n<p>Por eso, aqu\u00ed tienes unas ideas fant\u00e1sticas para regalar a todos los fans del cine y las series de televisi\u00f3n.<\/p>\n<p>En conclusi\u00f3n, puede utilizar el cuchillo machete Predator para sus excursiones al bosque o sus fiestas tem\u00e1ticas. Pero, ante todo, este pu\u00f1al es una pieza de colecci\u00f3n y decoraci\u00f3n.<\/p>\n<h2>\u00bfC\u00f3mo se mantiene la hoja del cuchillo?<\/h2>\n<p>Los cuchillos de colecci\u00f3n y decorativos se fabrican y ensamblan de forma simplificada. Como su uso es decorativo, no cuentan con los elementos de seguridad exigidos para una espada japonesa destinada al entrenamiento.<\/p>\n<p>Sin embargo, su <strong>Machete Cuchillos Predator<\/strong> a una hoja de acero que hay que cuidar para evitar que se estropee con el tiempo. Cuando exponga su katana, sus amigos sentir\u00e1n curiosidad por ver la hoja y tocarla. Aqu\u00ed es donde hay que tener cuidado, ya que la acidez de los dedos es muy perjudicial para el acero, sea cual sea su calidad.<\/p>\n<p>Sin embargo, si esto ocurre, no te asustes, todo lo que necesitas es un pa\u00f1o humedecido con un poco de aceite y limpiar las huellas dactilares. Si haces esto, tu espada durar\u00e1 mucho tiempo.<\/p>","protected":false},"excerpt":{"rendered":"<p>Machete apu\u00f1alador Predator de la pel\u00edcula con <span class=\"PBLongTxt PBItemDesc\">Arnold Schwarzenegger<\/span> alias Dutch.<\/p>\n<ul>\n<li>Hoja ancha de acero 440, muy afilada.<\/li>\n<li>Grabado en la hoja.<\/li>\n<li>Mango de madera de pakka.<\/li>\n<li>Guarda de acero pulido.<\/li>\n<li>Funda de cordura negra.<\/li>\n<li>\u00a0Longitud de la hoja: 37,5 cm - Longitud total: 52,5 cm<\/li>\n<li>Peso : 1085 grs<\/li>\n<\/ul>","protected":false},"featured_media":54644,"template":"","meta":[],"product_brand":[896],"product_cat":[91,66,24],"product_tag":[],"class_list":{"0":"post-54643","1":"product","2":"type-product","3":"status-publish","4":"has-post-thumbnail","6":"product_brand-replique-manga-cine","7":"product_cat-katana-les-epees-de-films-et-series","8":"product_cat-repliques-d-armes-films-et-series","9":"product_cat-films-series-tv-vente-de-katana-epee-et-produits-derives","11":"first","12":"instock","13":"sale","14":"taxable","15":"shipping-taxable","16":"purchasable","17":"product-type-simple"},"yoast_head":"<!-- This site is optimized with the Yoast SEO plugin v27.4 - https:\/\/yoast.com\/product\/yoast-seo-wordpress\/ -->\n<title>Machette Couteau Predator - Collector - R\u00e9plique Manga Cin\u00e9<\/title>\n<meta name=\"description\" content=\"D\u00e9couvrez la Machette Couteau Predator au meilleur prix. Impressionnante lame en acier 440 - Coupante et grav\u00e9e - Fourreau - Longueur totale : 52.5 cm\" \/>\n<meta name=\"robots\" content=\"index, follow, max-snippet:-1, max-image-preview:large, max-video-preview:-1\" \/>\n<link rel=\"canonical\" href=\"https:\/\/repliquemangacine.fr\/es\/espadas-katana-de-peliculas-y-series\/predator-machete-holandes\/\" \/>\n<meta property=\"og:locale\" content=\"es_ES\" \/>\n<meta property=\"og:type\" content=\"article\" \/>\n<meta property=\"og:title\" content=\"Machette Couteau Predator - Collector - R\u00e9plique Manga Cin\u00e9\" \/>\n<meta property=\"og:description\" content=\"D\u00e9couvrez la Machette Couteau Predator au meilleur prix. Impressionnante lame en acier 440 - Coupante et grav\u00e9e - Fourreau - Longueur totale : 52.5 cm\" \/>\n<meta property=\"og:url\" content=\"https:\/\/repliquemangacine.fr\/es\/espadas-katana-de-peliculas-y-series\/predator-machete-holandes\/\" \/>\n<meta property=\"og:site_name\" content=\"R\u00e9plique Manga Cin\u00e9\" \/>\n<meta property=\"article:publisher\" content=\"https:\/\/www.facebook.com\/RepliqueMangaCine\" \/>\n<meta property=\"article:modified_time\" content=\"2026-04-14T07:41:29+00:00\" \/>\n<meta property=\"og:image\" content=\"https:\/\/repliquemangacine.fr\/wp-content\/uploads\/2023\/10\/POIGNARD-PREDATOR.jpg\" \/>\n\t<meta property=\"og:image:width\" content=\"500\" \/>\n\t<meta property=\"og:image:height\" content=\"500\" \/>\n\t<meta property=\"og:image:type\" content=\"image\/jpeg\" \/>\n<meta name=\"twitter:card\" content=\"summary_large_image\" \/>\n<meta name=\"twitter:label1\" content=\"Tiempo de lectura\" \/>\n\t<meta name=\"twitter:data1\" content=\"2 minutos\" \/>\n<script type=\"application\/ld+json\" class=\"yoast-schema-graph\">{\"@context\":\"https:\\\/\\\/schema.org\",\"@graph\":[{\"@type\":\"WebPage\",\"@id\":\"https:\\\/\\\/repliquemangacine.fr\\\/katana-les-epees-de-films-et-series\\\/machette-poignard-predator-dutch\\\/\",\"url\":\"https:\\\/\\\/repliquemangacine.fr\\\/katana-les-epees-de-films-et-series\\\/machette-poignard-predator-dutch\\\/\",\"name\":\"Machette Couteau Predator - Collector - R\u00e9plique Manga Cin\u00e9\",\"isPartOf\":{\"@id\":\"https:\\\/\\\/repliquemangacine.fr\\\/#website\"},\"primaryImageOfPage\":{\"@id\":\"https:\\\/\\\/repliquemangacine.fr\\\/katana-les-epees-de-films-et-series\\\/machette-poignard-predator-dutch\\\/#primaryimage\"},\"image\":{\"@id\":\"https:\\\/\\\/repliquemangacine.fr\\\/katana-les-epees-de-films-et-series\\\/machette-poignard-predator-dutch\\\/#primaryimage\"},\"thumbnailUrl\":\"https:\\\/\\\/repliquemangacine.fr\\\/wp-content\\\/uploads\\\/2023\\\/10\\\/POIGNARD-PREDATOR.jpg\",\"datePublished\":\"2022-11-03T11:57:44+00:00\",\"dateModified\":\"2026-04-14T07:41:29+00:00\",\"description\":\"D\u00e9couvrez la Machette Couteau Predator au meilleur prix. Impressionnante lame en acier 440 - Coupante et grav\u00e9e - Fourreau - Longueur totale : 52.5 cm\",\"breadcrumb\":{\"@id\":\"https:\\\/\\\/repliquemangacine.fr\\\/katana-les-epees-de-films-et-series\\\/machette-poignard-predator-dutch\\\/#breadcrumb\"},\"inLanguage\":\"es\",\"potentialAction\":[{\"@type\":\"ReadAction\",\"target\":[\"https:\\\/\\\/repliquemangacine.fr\\\/katana-les-epees-de-films-et-series\\\/machette-poignard-predator-dutch\\\/\"]}]},{\"@type\":\"ImageObject\",\"inLanguage\":\"es\",\"@id\":\"https:\\\/\\\/repliquemangacine.fr\\\/katana-les-epees-de-films-et-series\\\/machette-poignard-predator-dutch\\\/#primaryimage\",\"url\":\"https:\\\/\\\/repliquemangacine.fr\\\/wp-content\\\/uploads\\\/2023\\\/10\\\/POIGNARD-PREDATOR.jpg\",\"contentUrl\":\"https:\\\/\\\/repliquemangacine.fr\\\/wp-content\\\/uploads\\\/2023\\\/10\\\/POIGNARD-PREDATOR.jpg\",\"width\":500,\"height\":500,\"caption\":\"Machette Poignard Predator Dutch\"},{\"@type\":\"BreadcrumbList\",\"@id\":\"https:\\\/\\\/repliquemangacine.fr\\\/katana-les-epees-de-films-et-series\\\/machette-poignard-predator-dutch\\\/#breadcrumb\",\"itemListElement\":[{\"@type\":\"ListItem\",\"position\":1,\"name\":\"Accueil\",\"item\":\"https:\\\/\\\/repliquemangacine.fr\\\/\"},{\"@type\":\"ListItem\",\"position\":2,\"name\":\"Produits\",\"item\":\"https:\\\/\\\/repliquemangacine.fr\\\/boutique\\\/\"},{\"@type\":\"ListItem\",\"position\":3,\"name\":\"Machette Couteau Predator\"}]},{\"@type\":\"WebSite\",\"@id\":\"https:\\\/\\\/repliquemangacine.fr\\\/#website\",\"url\":\"https:\\\/\\\/repliquemangacine.fr\\\/\",\"name\":\"R\u00e9plique Manga Cin\u00e9\",\"description\":\"\",\"publisher\":{\"@id\":\"https:\\\/\\\/repliquemangacine.fr\\\/#organization\"},\"potentialAction\":[{\"@type\":\"SearchAction\",\"target\":{\"@type\":\"EntryPoint\",\"urlTemplate\":\"https:\\\/\\\/repliquemangacine.fr\\\/?s={search_term_string}\"},\"query-input\":{\"@type\":\"PropertyValueSpecification\",\"valueRequired\":true,\"valueName\":\"search_term_string\"}}],\"inLanguage\":\"es\"},{\"@type\":\"Organization\",\"@id\":\"https:\\\/\\\/repliquemangacine.fr\\\/#organization\",\"name\":\"R\u00e9plique Manga Cin\u00e9\",\"url\":\"https:\\\/\\\/repliquemangacine.fr\\\/\",\"logo\":{\"@type\":\"ImageObject\",\"inLanguage\":\"es\",\"@id\":\"https:\\\/\\\/repliquemangacine.fr\\\/#\\\/schema\\\/logo\\\/image\\\/\",\"url\":\"https:\\\/\\\/repliquemangacine.fr\\\/wp-content\\\/uploads\\\/2023\\\/10\\\/RMC-500250.png\",\"contentUrl\":\"https:\\\/\\\/repliquemangacine.fr\\\/wp-content\\\/uploads\\\/2023\\\/10\\\/RMC-500250.png\",\"width\":500,\"height\":250,\"caption\":\"R\u00e9plique Manga Cin\u00e9\"},\"image\":{\"@id\":\"https:\\\/\\\/repliquemangacine.fr\\\/#\\\/schema\\\/logo\\\/image\\\/\"},\"sameAs\":[\"https:\\\/\\\/www.facebook.com\\\/RepliqueMangaCine\",\"https:\\\/\\\/www.instagram.com\\\/repliquemangacine.fr\\\/\"]}]}<\/script>\n<!-- \/ Yoast SEO plugin. -->","yoast_head_json":{"title":"Cuchillo Machete Predator - Coleccionista - R\u00e9plique Manga Cin\u00e9","description":"Descubre el Machete Cuchillo Predator al mejor precio. Impresionante hoja de acero 440 - Afilada y grabada - Vaina - Longitud total: 52,5 cm.","robots":{"index":"index","follow":"follow","max-snippet":"max-snippet:-1","max-image-preview":"max-image-preview:large","max-video-preview":"max-video-preview:-1"},"canonical":"https:\/\/repliquemangacine.fr\/es\/espadas-katana-de-peliculas-y-series\/predator-machete-holandes\/","og_locale":"es_ES","og_type":"article","og_title":"Machette Couteau Predator - Collector - R\u00e9plique Manga Cin\u00e9","og_description":"D\u00e9couvrez la Machette Couteau Predator au meilleur prix. Impressionnante lame en acier 440 - Coupante et grav\u00e9e - Fourreau - Longueur totale : 52.5 cm","og_url":"https:\/\/repliquemangacine.fr\/es\/espadas-katana-de-peliculas-y-series\/predator-machete-holandes\/","og_site_name":"R\u00e9plique Manga Cin\u00e9","article_publisher":"https:\/\/www.facebook.com\/RepliqueMangaCine","article_modified_time":"2026-04-14T07:41:29+00:00","og_image":[{"width":500,"height":500,"url":"https:\/\/repliquemangacine.fr\/wp-content\/uploads\/2023\/10\/POIGNARD-PREDATOR.jpg","type":"image\/jpeg"}],"twitter_card":"summary_large_image","twitter_misc":{"Tiempo de lectura":"2 minutos"},"schema":{"@context":"https:\/\/schema.org","@graph":[{"@type":"WebPage","@id":"https:\/\/repliquemangacine.fr\/katana-les-epees-de-films-et-series\/machette-poignard-predator-dutch\/","url":"https:\/\/repliquemangacine.fr\/katana-les-epees-de-films-et-series\/machette-poignard-predator-dutch\/","name":"Cuchillo Machete Predator - Coleccionista - R\u00e9plique Manga Cin\u00e9","isPartOf":{"@id":"https:\/\/repliquemangacine.fr\/#website"},"primaryImageOfPage":{"@id":"https:\/\/repliquemangacine.fr\/katana-les-epees-de-films-et-series\/machette-poignard-predator-dutch\/#primaryimage"},"image":{"@id":"https:\/\/repliquemangacine.fr\/katana-les-epees-de-films-et-series\/machette-poignard-predator-dutch\/#primaryimage"},"thumbnailUrl":"https:\/\/repliquemangacine.fr\/wp-content\/uploads\/2023\/10\/POIGNARD-PREDATOR.jpg","datePublished":"2022-11-03T11:57:44+00:00","dateModified":"2026-04-14T07:41:29+00:00","description":"Descubre el Machete Cuchillo Predator al mejor precio. Impresionante hoja de acero 440 - Afilada y grabada - Vaina - Longitud total: 52,5 cm.","breadcrumb":{"@id":"https:\/\/repliquemangacine.fr\/katana-les-epees-de-films-et-series\/machette-poignard-predator-dutch\/#breadcrumb"},"inLanguage":"es","potentialAction":[{"@type":"ReadAction","target":["https:\/\/repliquemangacine.fr\/katana-les-epees-de-films-et-series\/machette-poignard-predator-dutch\/"]}]},{"@type":"ImageObject","inLanguage":"es","@id":"https:\/\/repliquemangacine.fr\/katana-les-epees-de-films-et-series\/machette-poignard-predator-dutch\/#primaryimage","url":"https:\/\/repliquemangacine.fr\/wp-content\/uploads\/2023\/10\/POIGNARD-PREDATOR.jpg","contentUrl":"https:\/\/repliquemangacine.fr\/wp-content\/uploads\/2023\/10\/POIGNARD-PREDATOR.jpg","width":500,"height":500,"caption":"Machette Poignard Predator Dutch"},{"@type":"BreadcrumbList","@id":"https:\/\/repliquemangacine.fr\/katana-les-epees-de-films-et-series\/machette-poignard-predator-dutch\/#breadcrumb","itemListElement":[{"@type":"ListItem","position":1,"name":"Accueil","item":"https:\/\/repliquemangacine.fr\/"},{"@type":"ListItem","position":2,"name":"Produits","item":"https:\/\/repliquemangacine.fr\/boutique\/"},{"@type":"ListItem","position":3,"name":"Machette Couteau Predator"}]},{"@type":"WebSite","@id":"https:\/\/repliquemangacine.fr\/#website","url":"https:\/\/repliquemangacine.fr\/","name":"R\u00e9plique Manga Cin\u00e9","description":"","publisher":{"@id":"https:\/\/repliquemangacine.fr\/#organization"},"potentialAction":[{"@type":"SearchAction","target":{"@type":"EntryPoint","urlTemplate":"https:\/\/repliquemangacine.fr\/?s={search_term_string}"},"query-input":{"@type":"PropertyValueSpecification","valueRequired":true,"valueName":"search_term_string"}}],"inLanguage":"es"},{"@type":"Organization","@id":"https:\/\/repliquemangacine.fr\/#organization","name":"R\u00e9plique Manga Cin\u00e9","url":"https:\/\/repliquemangacine.fr\/","logo":{"@type":"ImageObject","inLanguage":"es","@id":"https:\/\/repliquemangacine.fr\/#\/schema\/logo\/image\/","url":"https:\/\/repliquemangacine.fr\/wp-content\/uploads\/2023\/10\/RMC-500250.png","contentUrl":"https:\/\/repliquemangacine.fr\/wp-content\/uploads\/2023\/10\/RMC-500250.png","width":500,"height":250,"caption":"R\u00e9plique Manga Cin\u00e9"},"image":{"@id":"https:\/\/repliquemangacine.fr\/#\/schema\/logo\/image\/"},"sameAs":["https:\/\/www.facebook.com\/RepliqueMangaCine","https:\/\/www.instagram.com\/repliquemangacine.fr\/"]}]}},"_links":{"self":[{"href":"https:\/\/repliquemangacine.fr\/es\/wp-json\/wp\/v2\/product\/54643","targetHints":{"allow":["GET"]}}],"collection":[{"href":"https:\/\/repliquemangacine.fr\/es\/wp-json\/wp\/v2\/product"}],"about":[{"href":"https:\/\/repliquemangacine.fr\/es\/wp-json\/wp\/v2\/types\/product"}],"wp:featuredmedia":[{"embeddable":true,"href":"https:\/\/repliquemangacine.fr\/es\/wp-json\/wp\/v2\/media\/54644"}],"wp:attachment":[{"href":"https:\/\/repliquemangacine.fr\/es\/wp-json\/wp\/v2\/media?parent=54643"}],"wp:term":[{"taxonomy":"product_brand","embeddable":true,"href":"https:\/\/repliquemangacine.fr\/es\/wp-json\/wp\/v2\/product_brand?post=54643"},{"taxonomy":"product_cat","embeddable":true,"href":"https:\/\/repliquemangacine.fr\/es\/wp-json\/wp\/v2\/product_cat?post=54643"},{"taxonomy":"product_tag","embeddable":true,"href":"https:\/\/repliquemangacine.fr\/es\/wp-json\/wp\/v2\/product_tag?post=54643"}],"curies":[{"name":"wp","href":"https:\/\/api.w.org\/{rel}","templated":true}]}}