





{"id":54501,"date":"2022-10-29T19:32:28","date_gmt":"2022-10-29T17:32:28","guid":{"rendered":"https:\/\/repliquemangacine.fr\/?post_type=product&#038;p=54501"},"modified":"2026-04-10T14:15:48","modified_gmt":"2026-04-10T12:15:48","slug":"katana-de-madera-yubashiri-zoro-una-pieza","status":"publish","type":"product","link":"https:\/\/repliquemangacine.fr\/es\/repliques-manga-jeux-video\/katana-bois-yubashiri-zoro-one-piece\/","title":{"rendered":"Katana de madera Yubashiri Zoro"},"content":{"rendered":"<h2>Katana de madera Yubashiri de Zoro en One Piece<\/h2>\n<p>Para empezar, el<strong> Katana de madera Yubashiri de Zoro<\/strong> en One Piece, es una espada perteneciente a la <a href=\"https:\/\/onepiece.fandom.com\/fr\/wiki\/Ryo_Wazamono\" target=\"_blank\" rel=\"noopener noreferrer\">Ryo Wazamono<\/a>, las 50 hojas de calidad superior. El Yubashiri se parece a un Gunto, un tipo de espada japonesa fabricada para el ej\u00e9rcito imperial japon\u00e9s durante las eras Meiji, Taisho y Showa.<\/p>\n<p>Zoro  obtuvo esta espada de forma gratuita en Loguetown. Sh\u00fb la destruy\u00f3 debido al \u00f3xido durante la batalla de la tripulaci\u00f3n del Sombrero de Paja contra los comandantes de la Marina en Enies Lobby. La espada se vio por \u00faltima vez en Thriller Bark, cuando la hoja fue sustituida por la Shusui que Zoro le quit\u00f3 a Ryuma tras derrotarlo. Lo que quedaba de la Yubashiri fue enterrado por Zoro en Thriller Bark.<\/p>\n<h2>Tu Katana de Madera Zoro Yubashiri al mejor precio.<\/h2>\n<p>Te traemos todas las l\u00edneas de tus personajes favoritos en este manga animado de One Piece.<\/p>\n<ul>\n<li>Tambi\u00e9n puede encontrar el <a href=\"https:\/\/repliquemangacine.fr\/es\/katana-de-una-pieza\/katana-de-madera-shusui-zoro-una-pieza\/\">Katana de madera Shusui<\/a> llamado el maldito. Disponible en acero, por supuesto.<\/li>\n<li>Adem\u00e1s del nuevo <a href=\"https:\/\/repliquemangacine.fr\/es\/katana-de-una-pieza\/enma-katana-de-zoro-one-piece\/\">Katana de Zoro Enma<\/a>que es uno de los 21 \u00f4 Wazamono.<\/li>\n<li>Y muchos m\u00e1s por descubrir en nuestra tienda en l\u00ednea.<\/li>\n<\/ul>\n<p>Por eso, esta es una idea genial para regalar a todos los fans de One Piece.<\/p>\n<p>En conclusi\u00f3n, tambi\u00e9n puede utilizar este <strong>Katana de madera Yubashiri de Zoro<\/strong> para tus desfiles de cosplay o veladas tem\u00e1ticas. Pero, sobre todo, la katana Yubashiri es tambi\u00e9n una pieza de coleccionista y un objeto decorativo.<\/p>\n<h2>Nuestros lanzamientos baratos de One Piece<\/h2>\n<p>Siempre estamos a la b\u00fasqueda de novedades, \u00a1as\u00ed que tenemos algunas peque\u00f1as pepitas para que descubras en un futuro pr\u00f3ximo! Podr\u00e1s pasearte por tus convenciones manga con el <a href=\"https:\/\/repliquemangacine.fr\/es\/katana-de-una-pieza\/cana-brook-epee\/\">Bast\u00f3n espada violeta de Brook<\/a>. Tambi\u00e9n habr\u00e1 figuras de One Piece y Wallscrolls de tus personajes favoritos.<\/p>\n<p>R\u00e9plique Manga Cin\u00e9 es una empresa familiar francesa.<\/p>\n<p><strong>Tenga en cuenta que todas nuestras r\u00e9plicas son objetos de colecci\u00f3n y decoraci\u00f3n. Puede utilizarlas para recreaciones hist\u00f3ricas, desfiles de cosplay o decoraci\u00f3n de interiores. En consecuencia, no es posible acudir a lugares p\u00fablicos con estas r\u00e9plicas.<\/strong><\/p>","protected":false},"excerpt":{"rendered":"<p>El Yubashiri era una de las tres espadas que Zoro utilizaba para su t\u00e9cnica de tres espadas, Sant\u014dry\u016b.<\/p>\n<ul>\n<li>Hoja bicolor de bamb\u00fa (madera) (sin filo)<\/li>\n<li>Mango envuelto en hilo de algod\u00f3n negro con un punto de lat\u00f3n amarillo.<\/li>\n<li>Vaina de madera lacada en negro con decoraci\u00f3n de lat\u00f3n.<\/li>\n<li>Protector de ABS moldeado espec\u00edfico.<\/li>\n<li>Longitud hoja: 68cm - Longitud total: 103cm - Peso: 550 grs<\/li>\n<\/ul>","protected":false},"featured_media":54502,"template":"","meta":[],"product_brand":[896],"product_cat":[122,23],"product_tag":[],"class_list":{"0":"post-54501","1":"product","2":"type-product","3":"status-publish","4":"has-post-thumbnail","6":"product_brand-replique-manga-cine","7":"product_cat-katana-en-bois-one-piece","8":"product_cat-repliques-manga-jeux-video","10":"first","11":"instock","12":"sale","13":"taxable","14":"shipping-taxable","15":"purchasable","16":"product-type-simple"},"yoast_head":"<!-- This site is optimized with the Yoast SEO plugin v27.4 - https:\/\/yoast.com\/product\/yoast-seo-wordpress\/ -->\n<title>Katana bois Yubashiri Zoro - One Piece - Boutique en ligne - RMC<\/title>\n<meta name=\"description\" content=\"Achetez vite ! Votre Katana bois Yubashiri de Zoro dans One Piece au meilleur prix. Lame en bois - Longueur totale : 103cm - Poids : 550 grs - Envoi 24\/48h\" \/>\n<meta name=\"robots\" content=\"index, follow, max-snippet:-1, max-image-preview:large, max-video-preview:-1\" \/>\n<link rel=\"canonical\" href=\"https:\/\/repliquemangacine.fr\/es\/replica-de-videojuegos-manga\/katana-de-madera-yubashiri-zoro-una-pieza\/\" \/>\n<meta property=\"og:locale\" content=\"es_ES\" \/>\n<meta property=\"og:type\" content=\"article\" \/>\n<meta property=\"og:title\" content=\"Katana bois Yubashiri Zoro - One Piece - Boutique en ligne - RMC\" \/>\n<meta property=\"og:description\" content=\"Achetez vite ! Votre Katana bois Yubashiri de Zoro dans One Piece au meilleur prix. Lame en bois - Longueur totale : 103cm - Poids : 550 grs - Envoi 24\/48h\" \/>\n<meta property=\"og:url\" content=\"https:\/\/repliquemangacine.fr\/es\/replica-de-videojuegos-manga\/katana-de-madera-yubashiri-zoro-una-pieza\/\" \/>\n<meta property=\"og:site_name\" content=\"R\u00e9plique Manga Cin\u00e9\" \/>\n<meta property=\"article:publisher\" content=\"https:\/\/www.facebook.com\/RepliqueMangaCine\" \/>\n<meta property=\"article:modified_time\" content=\"2026-04-10T12:15:48+00:00\" \/>\n<meta property=\"og:image\" content=\"https:\/\/repliquemangacine.fr\/wp-content\/uploads\/2023\/10\/yushibari.jpg\" \/>\n\t<meta property=\"og:image:width\" content=\"500\" \/>\n\t<meta property=\"og:image:height\" content=\"500\" \/>\n\t<meta property=\"og:image:type\" content=\"image\/jpeg\" \/>\n<meta name=\"twitter:card\" content=\"summary_large_image\" \/>\n<meta name=\"twitter:label1\" content=\"Tiempo de lectura\" \/>\n\t<meta name=\"twitter:data1\" content=\"3 minutos\" \/>\n<script type=\"application\/ld+json\" class=\"yoast-schema-graph\">{\"@context\":\"https:\\\/\\\/schema.org\",\"@graph\":[{\"@type\":\"WebPage\",\"@id\":\"https:\\\/\\\/repliquemangacine.fr\\\/repliques-manga-jeux-video\\\/katana-bois-yubashiri-zoro-one-piece\\\/\",\"url\":\"https:\\\/\\\/repliquemangacine.fr\\\/repliques-manga-jeux-video\\\/katana-bois-yubashiri-zoro-one-piece\\\/\",\"name\":\"Katana bois Yubashiri Zoro - One Piece - Boutique en ligne - RMC\",\"isPartOf\":{\"@id\":\"https:\\\/\\\/repliquemangacine.fr\\\/#website\"},\"primaryImageOfPage\":{\"@id\":\"https:\\\/\\\/repliquemangacine.fr\\\/repliques-manga-jeux-video\\\/katana-bois-yubashiri-zoro-one-piece\\\/#primaryimage\"},\"image\":{\"@id\":\"https:\\\/\\\/repliquemangacine.fr\\\/repliques-manga-jeux-video\\\/katana-bois-yubashiri-zoro-one-piece\\\/#primaryimage\"},\"thumbnailUrl\":\"https:\\\/\\\/repliquemangacine.fr\\\/wp-content\\\/uploads\\\/2023\\\/10\\\/yushibari.jpg\",\"datePublished\":\"2022-10-29T17:32:28+00:00\",\"dateModified\":\"2026-04-10T12:15:48+00:00\",\"description\":\"Achetez vite ! Votre Katana bois Yubashiri de Zoro dans One Piece au meilleur prix. Lame en bois - Longueur totale : 103cm - Poids : 550 grs - Envoi 24\\\/48h\",\"breadcrumb\":{\"@id\":\"https:\\\/\\\/repliquemangacine.fr\\\/repliques-manga-jeux-video\\\/katana-bois-yubashiri-zoro-one-piece\\\/#breadcrumb\"},\"inLanguage\":\"es\",\"potentialAction\":[{\"@type\":\"ReadAction\",\"target\":[\"https:\\\/\\\/repliquemangacine.fr\\\/repliques-manga-jeux-video\\\/katana-bois-yubashiri-zoro-one-piece\\\/\"]}]},{\"@type\":\"ImageObject\",\"inLanguage\":\"es\",\"@id\":\"https:\\\/\\\/repliquemangacine.fr\\\/repliques-manga-jeux-video\\\/katana-bois-yubashiri-zoro-one-piece\\\/#primaryimage\",\"url\":\"https:\\\/\\\/repliquemangacine.fr\\\/wp-content\\\/uploads\\\/2023\\\/10\\\/yushibari.jpg\",\"contentUrl\":\"https:\\\/\\\/repliquemangacine.fr\\\/wp-content\\\/uploads\\\/2023\\\/10\\\/yushibari.jpg\",\"width\":500,\"height\":500,\"caption\":\"katana bois Yubashiri Zoro\"},{\"@type\":\"BreadcrumbList\",\"@id\":\"https:\\\/\\\/repliquemangacine.fr\\\/repliques-manga-jeux-video\\\/katana-bois-yubashiri-zoro-one-piece\\\/#breadcrumb\",\"itemListElement\":[{\"@type\":\"ListItem\",\"position\":1,\"name\":\"Accueil\",\"item\":\"https:\\\/\\\/repliquemangacine.fr\\\/\"},{\"@type\":\"ListItem\",\"position\":2,\"name\":\"Produits\",\"item\":\"https:\\\/\\\/repliquemangacine.fr\\\/boutique\\\/\"},{\"@type\":\"ListItem\",\"position\":3,\"name\":\"Katana bois Yubashiri Zoro\"}]},{\"@type\":\"WebSite\",\"@id\":\"https:\\\/\\\/repliquemangacine.fr\\\/#website\",\"url\":\"https:\\\/\\\/repliquemangacine.fr\\\/\",\"name\":\"R\u00e9plique Manga Cin\u00e9\",\"description\":\"\",\"publisher\":{\"@id\":\"https:\\\/\\\/repliquemangacine.fr\\\/#organization\"},\"potentialAction\":[{\"@type\":\"SearchAction\",\"target\":{\"@type\":\"EntryPoint\",\"urlTemplate\":\"https:\\\/\\\/repliquemangacine.fr\\\/?s={search_term_string}\"},\"query-input\":{\"@type\":\"PropertyValueSpecification\",\"valueRequired\":true,\"valueName\":\"search_term_string\"}}],\"inLanguage\":\"es\"},{\"@type\":\"Organization\",\"@id\":\"https:\\\/\\\/repliquemangacine.fr\\\/#organization\",\"name\":\"R\u00e9plique Manga Cin\u00e9\",\"url\":\"https:\\\/\\\/repliquemangacine.fr\\\/\",\"logo\":{\"@type\":\"ImageObject\",\"inLanguage\":\"es\",\"@id\":\"https:\\\/\\\/repliquemangacine.fr\\\/#\\\/schema\\\/logo\\\/image\\\/\",\"url\":\"https:\\\/\\\/repliquemangacine.fr\\\/wp-content\\\/uploads\\\/2023\\\/10\\\/RMC-500250.png\",\"contentUrl\":\"https:\\\/\\\/repliquemangacine.fr\\\/wp-content\\\/uploads\\\/2023\\\/10\\\/RMC-500250.png\",\"width\":500,\"height\":250,\"caption\":\"R\u00e9plique Manga Cin\u00e9\"},\"image\":{\"@id\":\"https:\\\/\\\/repliquemangacine.fr\\\/#\\\/schema\\\/logo\\\/image\\\/\"},\"sameAs\":[\"https:\\\/\\\/www.facebook.com\\\/RepliqueMangaCine\",\"https:\\\/\\\/www.instagram.com\\\/repliquemangacine.fr\\\/\"]}]}<\/script>\n<!-- \/ Yoast SEO plugin. -->","yoast_head_json":{"title":"Katana de Madera Yubashiri Zoro - One Piece - Tienda Online - RMC","description":"Compra ahora Tu Katana Yubashiri de madera de Zoro en una sola pieza al mejor precio. Hoja de madera - Longitud total: 103cm - Peso: 550 grs - Env\u00edo 24\/48h","robots":{"index":"index","follow":"follow","max-snippet":"max-snippet:-1","max-image-preview":"max-image-preview:large","max-video-preview":"max-video-preview:-1"},"canonical":"https:\/\/repliquemangacine.fr\/es\/replica-de-videojuegos-manga\/katana-de-madera-yubashiri-zoro-una-pieza\/","og_locale":"es_ES","og_type":"article","og_title":"Katana bois Yubashiri Zoro - One Piece - Boutique en ligne - RMC","og_description":"Achetez vite ! Votre Katana bois Yubashiri de Zoro dans One Piece au meilleur prix. Lame en bois - Longueur totale : 103cm - Poids : 550 grs - Envoi 24\/48h","og_url":"https:\/\/repliquemangacine.fr\/es\/replica-de-videojuegos-manga\/katana-de-madera-yubashiri-zoro-una-pieza\/","og_site_name":"R\u00e9plique Manga Cin\u00e9","article_publisher":"https:\/\/www.facebook.com\/RepliqueMangaCine","article_modified_time":"2026-04-10T12:15:48+00:00","og_image":[{"width":500,"height":500,"url":"https:\/\/repliquemangacine.fr\/wp-content\/uploads\/2023\/10\/yushibari.jpg","type":"image\/jpeg"}],"twitter_card":"summary_large_image","twitter_misc":{"Tiempo de lectura":"3 minutos"},"schema":{"@context":"https:\/\/schema.org","@graph":[{"@type":"WebPage","@id":"https:\/\/repliquemangacine.fr\/repliques-manga-jeux-video\/katana-bois-yubashiri-zoro-one-piece\/","url":"https:\/\/repliquemangacine.fr\/repliques-manga-jeux-video\/katana-bois-yubashiri-zoro-one-piece\/","name":"Katana de Madera Yubashiri Zoro - One Piece - Tienda Online - RMC","isPartOf":{"@id":"https:\/\/repliquemangacine.fr\/#website"},"primaryImageOfPage":{"@id":"https:\/\/repliquemangacine.fr\/repliques-manga-jeux-video\/katana-bois-yubashiri-zoro-one-piece\/#primaryimage"},"image":{"@id":"https:\/\/repliquemangacine.fr\/repliques-manga-jeux-video\/katana-bois-yubashiri-zoro-one-piece\/#primaryimage"},"thumbnailUrl":"https:\/\/repliquemangacine.fr\/wp-content\/uploads\/2023\/10\/yushibari.jpg","datePublished":"2022-10-29T17:32:28+00:00","dateModified":"2026-04-10T12:15:48+00:00","description":"Compra ahora Tu Katana Yubashiri de madera de Zoro en una sola pieza al mejor precio. Hoja de madera - Longitud total: 103cm - Peso: 550 grs - Env\u00edo 24\/48h","breadcrumb":{"@id":"https:\/\/repliquemangacine.fr\/repliques-manga-jeux-video\/katana-bois-yubashiri-zoro-one-piece\/#breadcrumb"},"inLanguage":"es","potentialAction":[{"@type":"ReadAction","target":["https:\/\/repliquemangacine.fr\/repliques-manga-jeux-video\/katana-bois-yubashiri-zoro-one-piece\/"]}]},{"@type":"ImageObject","inLanguage":"es","@id":"https:\/\/repliquemangacine.fr\/repliques-manga-jeux-video\/katana-bois-yubashiri-zoro-one-piece\/#primaryimage","url":"https:\/\/repliquemangacine.fr\/wp-content\/uploads\/2023\/10\/yushibari.jpg","contentUrl":"https:\/\/repliquemangacine.fr\/wp-content\/uploads\/2023\/10\/yushibari.jpg","width":500,"height":500,"caption":"katana bois Yubashiri Zoro"},{"@type":"BreadcrumbList","@id":"https:\/\/repliquemangacine.fr\/repliques-manga-jeux-video\/katana-bois-yubashiri-zoro-one-piece\/#breadcrumb","itemListElement":[{"@type":"ListItem","position":1,"name":"Accueil","item":"https:\/\/repliquemangacine.fr\/"},{"@type":"ListItem","position":2,"name":"Produits","item":"https:\/\/repliquemangacine.fr\/boutique\/"},{"@type":"ListItem","position":3,"name":"Katana bois Yubashiri Zoro"}]},{"@type":"WebSite","@id":"https:\/\/repliquemangacine.fr\/#website","url":"https:\/\/repliquemangacine.fr\/","name":"R\u00e9plique Manga Cin\u00e9","description":"","publisher":{"@id":"https:\/\/repliquemangacine.fr\/#organization"},"potentialAction":[{"@type":"SearchAction","target":{"@type":"EntryPoint","urlTemplate":"https:\/\/repliquemangacine.fr\/?s={search_term_string}"},"query-input":{"@type":"PropertyValueSpecification","valueRequired":true,"valueName":"search_term_string"}}],"inLanguage":"es"},{"@type":"Organization","@id":"https:\/\/repliquemangacine.fr\/#organization","name":"R\u00e9plique Manga Cin\u00e9","url":"https:\/\/repliquemangacine.fr\/","logo":{"@type":"ImageObject","inLanguage":"es","@id":"https:\/\/repliquemangacine.fr\/#\/schema\/logo\/image\/","url":"https:\/\/repliquemangacine.fr\/wp-content\/uploads\/2023\/10\/RMC-500250.png","contentUrl":"https:\/\/repliquemangacine.fr\/wp-content\/uploads\/2023\/10\/RMC-500250.png","width":500,"height":250,"caption":"R\u00e9plique Manga Cin\u00e9"},"image":{"@id":"https:\/\/repliquemangacine.fr\/#\/schema\/logo\/image\/"},"sameAs":["https:\/\/www.facebook.com\/RepliqueMangaCine","https:\/\/www.instagram.com\/repliquemangacine.fr\/"]}]}},"_links":{"self":[{"href":"https:\/\/repliquemangacine.fr\/es\/wp-json\/wp\/v2\/product\/54501","targetHints":{"allow":["GET"]}}],"collection":[{"href":"https:\/\/repliquemangacine.fr\/es\/wp-json\/wp\/v2\/product"}],"about":[{"href":"https:\/\/repliquemangacine.fr\/es\/wp-json\/wp\/v2\/types\/product"}],"wp:featuredmedia":[{"embeddable":true,"href":"https:\/\/repliquemangacine.fr\/es\/wp-json\/wp\/v2\/media\/54502"}],"wp:attachment":[{"href":"https:\/\/repliquemangacine.fr\/es\/wp-json\/wp\/v2\/media?parent=54501"}],"wp:term":[{"taxonomy":"product_brand","embeddable":true,"href":"https:\/\/repliquemangacine.fr\/es\/wp-json\/wp\/v2\/product_brand?post=54501"},{"taxonomy":"product_cat","embeddable":true,"href":"https:\/\/repliquemangacine.fr\/es\/wp-json\/wp\/v2\/product_cat?post=54501"},{"taxonomy":"product_tag","embeddable":true,"href":"https:\/\/repliquemangacine.fr\/es\/wp-json\/wp\/v2\/product_tag?post=54501"}],"curies":[{"name":"wp","href":"https:\/\/api.w.org\/{rel}","templated":true}]}}