





{"id":54464,"date":"2022-10-29T10:34:04","date_gmt":"2022-10-29T08:34:04","guid":{"rendered":"https:\/\/repliquemangacine.fr\/?post_type=product&#038;p=54464"},"modified":"2026-03-28T20:32:38","modified_gmt":"2026-03-28T19:32:38","slug":"espada-de-madera-wado-ichimonji-zoro-katana-one-piece","status":"publish","type":"product","link":"https:\/\/repliquemangacine.fr\/es\/repliques-manga-jeux-video\/sabre-bois-wado-ichimonji-zoro-katana-one-piece\/","title":{"rendered":"Espada de madera Wado Zoro"},"content":{"rendered":"<h2>La espada de madera Wado de Zoro en One Piece<\/h2>\n<p>Le <strong>Espada de madera Zoro Wado<\/strong> es la katana que Zoro lleva entre los dientes.<\/p>\n<p><a href=\"https:\/\/onepiece.fandom.com\/fr\/wiki\/Wad\u00f4_Ichimonji\" target=\"_blank\" rel=\"noopener noreferrer\">Wado Ichimonji<\/a> Es una espada muy importante para Roronoa. Esta katana perteneci\u00f3 en su d\u00eda a su amiga de la infancia Kuina y es la espada m\u00e1s famosa de su familia. Esta espada forma parte de la clase de las 21 \u00d4 Wazamono y fue forjada por Shimotsuki Kozaburo.<\/p>\n<p>Siendo una de las veintiuna mejores katanas del mundo, la Wad\u00f4 Ichimonji es una espada extremadamente poderosa. Es muy resistente y tiene una hoja duradera, como indic\u00f3 Mihawk cuando destruy\u00f3 las dos espadas de Zoro y solo esta resisti\u00f3.<\/p>\n<p>Esta espada es tambi\u00e9n la raz\u00f3n por la que Tashigi quiere capturar a Zoro. Seg\u00fan ella, una espada as\u00ed no debe estar en manos de un pirata.<\/p>\n<h2>Tu espada de madera Wado de zoro al mejor precio.<\/h2>\n<p>Te ofrecemos todas las r\u00e9plicas del manga animado One Piece.<\/p>\n<p>Lo primero y m\u00e1s importante,<\/p>\n<ul>\n<li>Le <a href=\"https:\/\/repliquemangacine.fr\/es\/katana-de-una-pieza\/ame-no-habakiri-katana-de-zoro-one-piece\/\">Katana Ame no Habakiri<\/a> El nuevo sable blanco de Zoro.<\/li>\n<li>Tambi\u00e9n est\u00e1 el enorme <a href=\"https:\/\/repliquemangacine.fr\/es\/katana-de-una-pieza\/katana-kikoku-de-trafalgar-law-143cm\/\">Katana de la Ley de Trafalgar<\/a>Kikoku, 143 cm de largo.<\/li>\n<li>As\u00ed como el <a href=\"https:\/\/repliquemangacine.fr\/es\/katana-de-una-pieza\/nidai-kitetsu-la-espada-de-luffy-one-piece\/\">Espada Luffy Nidai Kitetsu<\/a>.<\/li>\n<li>Y muchos m\u00e1s por descubrir en nuestra tienda en l\u00ednea.<\/li>\n<\/ul>\n<p>Por eso, aqu\u00ed tienes unas ideas fant\u00e1sticas para regalar a todos los fans de One Piece.<\/p>\n<p>En conclusi\u00f3n, tambi\u00e9n puedes utilizar la espada de madera Wado Zoro para tus desfiles de cosplay. Pero, ante todo, la espada Wado Ichimonji es tambi\u00e9n una pieza de colecci\u00f3n y decoraci\u00f3n.<\/p>\n<h2>Nuestros lanzamientos baratos de One Piece<\/h2>\n<p>Siempre estamos a la b\u00fasqueda de novedades, \u00a1as\u00ed que tenemos algunas peque\u00f1as pepitas para que descubras en un futuro pr\u00f3ximo! Podr\u00e1s pasearte por tus convenciones manga con el <a href=\"https:\/\/repliquemangacine.fr\/es\/katana-de-una-pieza\/cana-brook-epee\/\">Bast\u00f3n espada violeta de Brook<\/a>. Tambi\u00e9n habr\u00e1 figuras de One Piece y Wallscrolls de tus personajes favoritos.<\/p>\n<p>R\u00e9plique Manga Cin\u00e9 es una empresa familiar francesa.<\/p>\n<p><strong>Tenga en cuenta que todas nuestras r\u00e9plicas son objetos de colecci\u00f3n y decoraci\u00f3n. Puede utilizarlas para recreaciones hist\u00f3ricas, desfiles de cosplay o decoraci\u00f3n de interiores. Por consiguiente, no es posible acceder a lugares p\u00fablicos con estas r\u00e9plicas sin autorizaci\u00f3n.<\/strong><\/p>","protected":false},"excerpt":{"rendered":"<p>R\u00e9plica exacta del modelo de acero de la espada katana Wado Ichimonji de Zoro.<\/p>\n<ul>\n<li>Hoja totalmente de bamb\u00fa (madera) bicolor.<\/li>\n<li>Protector de ABS moldeado con forma especial.<\/li>\n<li>Vaina de madera lacada en blanco con terminales<\/li>\n<li>Mango recubierto de trenza de algod\u00f3n blanco.<\/li>\n<li>Longitud hoja: 68cm - Longitud total: 103 cm - Peso: 550 grs<\/li>\n<\/ul>\n<p>&nbsp;<\/p>","protected":false},"featured_media":54465,"template":"","meta":[],"product_brand":[896],"product_cat":[122,23],"product_tag":[],"class_list":{"0":"post-54464","1":"product","2":"type-product","3":"status-publish","4":"has-post-thumbnail","6":"product_brand-replique-manga-cine","7":"product_cat-katana-en-bois-one-piece","8":"product_cat-repliques-manga-jeux-video","10":"first","11":"instock","12":"sale","13":"taxable","14":"shipping-taxable","15":"purchasable","16":"product-type-simple"},"yoast_head":"<!-- This site is optimized with the Yoast SEO plugin v27.4 - https:\/\/yoast.com\/product\/yoast-seo-wordpress\/ -->\n<title>Sabre bois Wado Zoro - One Piece - Boutique en ligne - RMC<\/title>\n<meta name=\"description\" content=\"Achetez vite ! Votre Sabre bois Wado de Zoro dans One Piece. au meilleur prix. Lame bois - Longueur totale : 103 cm - Poids : 550 Grs - Envoi 24\/48h\" \/>\n<meta name=\"robots\" content=\"index, follow, max-snippet:-1, max-image-preview:large, max-video-preview:-1\" \/>\n<link rel=\"canonical\" href=\"https:\/\/repliquemangacine.fr\/es\/replica-de-videojuegos-manga\/espada-de-madera-wado-ichimonji-zoro-katana-one-piece\/\" \/>\n<meta property=\"og:locale\" content=\"es_ES\" \/>\n<meta property=\"og:type\" content=\"article\" \/>\n<meta property=\"og:title\" content=\"Sabre bois Wado Zoro - One Piece - Boutique en ligne - RMC\" \/>\n<meta property=\"og:description\" content=\"Achetez vite ! Votre Sabre bois Wado de Zoro dans One Piece. au meilleur prix. Lame bois - Longueur totale : 103 cm - Poids : 550 Grs - Envoi 24\/48h\" \/>\n<meta property=\"og:url\" content=\"https:\/\/repliquemangacine.fr\/es\/replica-de-videojuegos-manga\/espada-de-madera-wado-ichimonji-zoro-katana-one-piece\/\" \/>\n<meta property=\"og:site_name\" content=\"R\u00e9plique Manga Cin\u00e9\" \/>\n<meta property=\"article:publisher\" content=\"https:\/\/www.facebook.com\/RepliqueMangaCine\" \/>\n<meta property=\"article:modified_time\" content=\"2026-03-28T19:32:38+00:00\" \/>\n<meta property=\"og:image\" content=\"https:\/\/repliquemangacine.fr\/wp-content\/uploads\/2023\/10\/512.jpg\" \/>\n\t<meta property=\"og:image:width\" content=\"500\" \/>\n\t<meta property=\"og:image:height\" content=\"500\" \/>\n\t<meta property=\"og:image:type\" content=\"image\/jpeg\" \/>\n<meta name=\"twitter:card\" content=\"summary_large_image\" \/>\n<meta name=\"twitter:label1\" content=\"Tiempo de lectura\" \/>\n\t<meta name=\"twitter:data1\" content=\"3 minutos\" \/>\n<script type=\"application\/ld+json\" class=\"yoast-schema-graph\">{\"@context\":\"https:\\\/\\\/schema.org\",\"@graph\":[{\"@type\":\"WebPage\",\"@id\":\"https:\\\/\\\/repliquemangacine.fr\\\/repliques-manga-jeux-video\\\/sabre-bois-wado-ichimonji-zoro-katana-one-piece\\\/\",\"url\":\"https:\\\/\\\/repliquemangacine.fr\\\/repliques-manga-jeux-video\\\/sabre-bois-wado-ichimonji-zoro-katana-one-piece\\\/\",\"name\":\"Sabre bois Wado Zoro - One Piece - Boutique en ligne - RMC\",\"isPartOf\":{\"@id\":\"https:\\\/\\\/repliquemangacine.fr\\\/#website\"},\"primaryImageOfPage\":{\"@id\":\"https:\\\/\\\/repliquemangacine.fr\\\/repliques-manga-jeux-video\\\/sabre-bois-wado-ichimonji-zoro-katana-one-piece\\\/#primaryimage\"},\"image\":{\"@id\":\"https:\\\/\\\/repliquemangacine.fr\\\/repliques-manga-jeux-video\\\/sabre-bois-wado-ichimonji-zoro-katana-one-piece\\\/#primaryimage\"},\"thumbnailUrl\":\"https:\\\/\\\/repliquemangacine.fr\\\/wp-content\\\/uploads\\\/2023\\\/10\\\/512.jpg\",\"datePublished\":\"2022-10-29T08:34:04+00:00\",\"dateModified\":\"2026-03-28T19:32:38+00:00\",\"description\":\"Achetez vite ! Votre Sabre bois Wado de Zoro dans One Piece. au meilleur prix. Lame bois - Longueur totale : 103 cm - Poids : 550 Grs - Envoi 24\\\/48h\",\"breadcrumb\":{\"@id\":\"https:\\\/\\\/repliquemangacine.fr\\\/repliques-manga-jeux-video\\\/sabre-bois-wado-ichimonji-zoro-katana-one-piece\\\/#breadcrumb\"},\"inLanguage\":\"es\",\"potentialAction\":[{\"@type\":\"ReadAction\",\"target\":[\"https:\\\/\\\/repliquemangacine.fr\\\/repliques-manga-jeux-video\\\/sabre-bois-wado-ichimonji-zoro-katana-one-piece\\\/\"]}]},{\"@type\":\"ImageObject\",\"inLanguage\":\"es\",\"@id\":\"https:\\\/\\\/repliquemangacine.fr\\\/repliques-manga-jeux-video\\\/sabre-bois-wado-ichimonji-zoro-katana-one-piece\\\/#primaryimage\",\"url\":\"https:\\\/\\\/repliquemangacine.fr\\\/wp-content\\\/uploads\\\/2023\\\/10\\\/512.jpg\",\"contentUrl\":\"https:\\\/\\\/repliquemangacine.fr\\\/wp-content\\\/uploads\\\/2023\\\/10\\\/512.jpg\",\"width\":500,\"height\":500,\"caption\":\"Sabre bois Wado Zoro one piece\"},{\"@type\":\"BreadcrumbList\",\"@id\":\"https:\\\/\\\/repliquemangacine.fr\\\/repliques-manga-jeux-video\\\/sabre-bois-wado-ichimonji-zoro-katana-one-piece\\\/#breadcrumb\",\"itemListElement\":[{\"@type\":\"ListItem\",\"position\":1,\"name\":\"Accueil\",\"item\":\"https:\\\/\\\/repliquemangacine.fr\\\/\"},{\"@type\":\"ListItem\",\"position\":2,\"name\":\"Produits\",\"item\":\"https:\\\/\\\/repliquemangacine.fr\\\/boutique\\\/\"},{\"@type\":\"ListItem\",\"position\":3,\"name\":\"Sabre bois Wado Zoro\"}]},{\"@type\":\"WebSite\",\"@id\":\"https:\\\/\\\/repliquemangacine.fr\\\/#website\",\"url\":\"https:\\\/\\\/repliquemangacine.fr\\\/\",\"name\":\"R\u00e9plique Manga Cin\u00e9\",\"description\":\"\",\"publisher\":{\"@id\":\"https:\\\/\\\/repliquemangacine.fr\\\/#organization\"},\"potentialAction\":[{\"@type\":\"SearchAction\",\"target\":{\"@type\":\"EntryPoint\",\"urlTemplate\":\"https:\\\/\\\/repliquemangacine.fr\\\/?s={search_term_string}\"},\"query-input\":{\"@type\":\"PropertyValueSpecification\",\"valueRequired\":true,\"valueName\":\"search_term_string\"}}],\"inLanguage\":\"es\"},{\"@type\":\"Organization\",\"@id\":\"https:\\\/\\\/repliquemangacine.fr\\\/#organization\",\"name\":\"R\u00e9plique Manga Cin\u00e9\",\"url\":\"https:\\\/\\\/repliquemangacine.fr\\\/\",\"logo\":{\"@type\":\"ImageObject\",\"inLanguage\":\"es\",\"@id\":\"https:\\\/\\\/repliquemangacine.fr\\\/#\\\/schema\\\/logo\\\/image\\\/\",\"url\":\"https:\\\/\\\/repliquemangacine.fr\\\/wp-content\\\/uploads\\\/2023\\\/10\\\/RMC-500250.png\",\"contentUrl\":\"https:\\\/\\\/repliquemangacine.fr\\\/wp-content\\\/uploads\\\/2023\\\/10\\\/RMC-500250.png\",\"width\":500,\"height\":250,\"caption\":\"R\u00e9plique Manga Cin\u00e9\"},\"image\":{\"@id\":\"https:\\\/\\\/repliquemangacine.fr\\\/#\\\/schema\\\/logo\\\/image\\\/\"},\"sameAs\":[\"https:\\\/\\\/www.facebook.com\\\/RepliqueMangaCine\",\"https:\\\/\\\/www.instagram.com\\\/repliquemangacine.fr\\\/\"]}]}<\/script>\n<!-- \/ Yoast SEO plugin. -->","yoast_head_json":{"title":"Espada de madera Wado Zoro - One Piece - Tienda Online - RMC","description":"\u00a1C\u00f3mprala ahora! Tu Espada Wado de madera de Zoro en Una Pieza. al mejor precio. Hoja de madera - Longitud total : 103 cm - Peso : 550 Grs - Env\u00edo 24\/48h","robots":{"index":"index","follow":"follow","max-snippet":"max-snippet:-1","max-image-preview":"max-image-preview:large","max-video-preview":"max-video-preview:-1"},"canonical":"https:\/\/repliquemangacine.fr\/es\/replica-de-videojuegos-manga\/espada-de-madera-wado-ichimonji-zoro-katana-one-piece\/","og_locale":"es_ES","og_type":"article","og_title":"Sabre bois Wado Zoro - One Piece - Boutique en ligne - RMC","og_description":"Achetez vite ! Votre Sabre bois Wado de Zoro dans One Piece. au meilleur prix. Lame bois - Longueur totale : 103 cm - Poids : 550 Grs - Envoi 24\/48h","og_url":"https:\/\/repliquemangacine.fr\/es\/replica-de-videojuegos-manga\/espada-de-madera-wado-ichimonji-zoro-katana-one-piece\/","og_site_name":"R\u00e9plique Manga Cin\u00e9","article_publisher":"https:\/\/www.facebook.com\/RepliqueMangaCine","article_modified_time":"2026-03-28T19:32:38+00:00","og_image":[{"width":500,"height":500,"url":"https:\/\/repliquemangacine.fr\/wp-content\/uploads\/2023\/10\/512.jpg","type":"image\/jpeg"}],"twitter_card":"summary_large_image","twitter_misc":{"Tiempo de lectura":"3 minutos"},"schema":{"@context":"https:\/\/schema.org","@graph":[{"@type":"WebPage","@id":"https:\/\/repliquemangacine.fr\/repliques-manga-jeux-video\/sabre-bois-wado-ichimonji-zoro-katana-one-piece\/","url":"https:\/\/repliquemangacine.fr\/repliques-manga-jeux-video\/sabre-bois-wado-ichimonji-zoro-katana-one-piece\/","name":"Espada de madera Wado Zoro - One Piece - Tienda Online - RMC","isPartOf":{"@id":"https:\/\/repliquemangacine.fr\/#website"},"primaryImageOfPage":{"@id":"https:\/\/repliquemangacine.fr\/repliques-manga-jeux-video\/sabre-bois-wado-ichimonji-zoro-katana-one-piece\/#primaryimage"},"image":{"@id":"https:\/\/repliquemangacine.fr\/repliques-manga-jeux-video\/sabre-bois-wado-ichimonji-zoro-katana-one-piece\/#primaryimage"},"thumbnailUrl":"https:\/\/repliquemangacine.fr\/wp-content\/uploads\/2023\/10\/512.jpg","datePublished":"2022-10-29T08:34:04+00:00","dateModified":"2026-03-28T19:32:38+00:00","description":"\u00a1C\u00f3mprala ahora! Tu Espada Wado de madera de Zoro en Una Pieza. al mejor precio. Hoja de madera - Longitud total : 103 cm - Peso : 550 Grs - Env\u00edo 24\/48h","breadcrumb":{"@id":"https:\/\/repliquemangacine.fr\/repliques-manga-jeux-video\/sabre-bois-wado-ichimonji-zoro-katana-one-piece\/#breadcrumb"},"inLanguage":"es","potentialAction":[{"@type":"ReadAction","target":["https:\/\/repliquemangacine.fr\/repliques-manga-jeux-video\/sabre-bois-wado-ichimonji-zoro-katana-one-piece\/"]}]},{"@type":"ImageObject","inLanguage":"es","@id":"https:\/\/repliquemangacine.fr\/repliques-manga-jeux-video\/sabre-bois-wado-ichimonji-zoro-katana-one-piece\/#primaryimage","url":"https:\/\/repliquemangacine.fr\/wp-content\/uploads\/2023\/10\/512.jpg","contentUrl":"https:\/\/repliquemangacine.fr\/wp-content\/uploads\/2023\/10\/512.jpg","width":500,"height":500,"caption":"Sabre bois Wado Zoro one piece"},{"@type":"BreadcrumbList","@id":"https:\/\/repliquemangacine.fr\/repliques-manga-jeux-video\/sabre-bois-wado-ichimonji-zoro-katana-one-piece\/#breadcrumb","itemListElement":[{"@type":"ListItem","position":1,"name":"Accueil","item":"https:\/\/repliquemangacine.fr\/"},{"@type":"ListItem","position":2,"name":"Produits","item":"https:\/\/repliquemangacine.fr\/boutique\/"},{"@type":"ListItem","position":3,"name":"Sabre bois Wado Zoro"}]},{"@type":"WebSite","@id":"https:\/\/repliquemangacine.fr\/#website","url":"https:\/\/repliquemangacine.fr\/","name":"R\u00e9plique Manga Cin\u00e9","description":"","publisher":{"@id":"https:\/\/repliquemangacine.fr\/#organization"},"potentialAction":[{"@type":"SearchAction","target":{"@type":"EntryPoint","urlTemplate":"https:\/\/repliquemangacine.fr\/?s={search_term_string}"},"query-input":{"@type":"PropertyValueSpecification","valueRequired":true,"valueName":"search_term_string"}}],"inLanguage":"es"},{"@type":"Organization","@id":"https:\/\/repliquemangacine.fr\/#organization","name":"R\u00e9plique Manga Cin\u00e9","url":"https:\/\/repliquemangacine.fr\/","logo":{"@type":"ImageObject","inLanguage":"es","@id":"https:\/\/repliquemangacine.fr\/#\/schema\/logo\/image\/","url":"https:\/\/repliquemangacine.fr\/wp-content\/uploads\/2023\/10\/RMC-500250.png","contentUrl":"https:\/\/repliquemangacine.fr\/wp-content\/uploads\/2023\/10\/RMC-500250.png","width":500,"height":250,"caption":"R\u00e9plique Manga Cin\u00e9"},"image":{"@id":"https:\/\/repliquemangacine.fr\/#\/schema\/logo\/image\/"},"sameAs":["https:\/\/www.facebook.com\/RepliqueMangaCine","https:\/\/www.instagram.com\/repliquemangacine.fr\/"]}]}},"_links":{"self":[{"href":"https:\/\/repliquemangacine.fr\/es\/wp-json\/wp\/v2\/product\/54464","targetHints":{"allow":["GET"]}}],"collection":[{"href":"https:\/\/repliquemangacine.fr\/es\/wp-json\/wp\/v2\/product"}],"about":[{"href":"https:\/\/repliquemangacine.fr\/es\/wp-json\/wp\/v2\/types\/product"}],"wp:featuredmedia":[{"embeddable":true,"href":"https:\/\/repliquemangacine.fr\/es\/wp-json\/wp\/v2\/media\/54465"}],"wp:attachment":[{"href":"https:\/\/repliquemangacine.fr\/es\/wp-json\/wp\/v2\/media?parent=54464"}],"wp:term":[{"taxonomy":"product_brand","embeddable":true,"href":"https:\/\/repliquemangacine.fr\/es\/wp-json\/wp\/v2\/product_brand?post=54464"},{"taxonomy":"product_cat","embeddable":true,"href":"https:\/\/repliquemangacine.fr\/es\/wp-json\/wp\/v2\/product_cat?post=54464"},{"taxonomy":"product_tag","embeddable":true,"href":"https:\/\/repliquemangacine.fr\/es\/wp-json\/wp\/v2\/product_tag?post=54464"}],"curies":[{"name":"wp","href":"https:\/\/api.w.org\/{rel}","templated":true}]}}