





{"id":54428,"date":"2022-10-27T18:59:37","date_gmt":"2022-10-27T16:59:37","guid":{"rendered":"https:\/\/repliquemangacine.fr\/?post_type=product&#038;p=54428"},"modified":"2026-04-17T17:00:17","modified_gmt":"2026-04-17T15:00:17","slug":"katana-de-madera-shusui-zoro-una-pieza","status":"publish","type":"product","link":"https:\/\/repliquemangacine.fr\/es\/repliques-manga-jeux-video\/katana-bois-shusui-zoro-one-piece\/","title":{"rendered":"Katana de madera Shusui Zoro"},"content":{"rendered":"<h2>Katana de madera Shusui de Zoro en One Piece<\/h2>\n<p>Para empezar, el <strong>Katana de madera Shusui de Zoro<\/strong> en el manga animado One Piece, tambi\u00e9n conocida como La Maudite. Esta espada de agua oto\u00f1al <a href=\"https:\/\/onepiece.fandom.com\/fr\/wiki\/Shusui\" target=\"_blank\" rel=\"noopener noreferrer\">Sh\u016bsui<\/a> Es una de las 21 \u00d4 Wazamono. Cabe destacar que esta espada aumenta considerablemente la potencia de los ataques de su usuario.<\/p>\n<p>Como \u00d4 Wazamono, Shusui forma parte de las treinta y dos mejores katanas del mundo. Considerada como el tesoro nacional del Pa\u00eds de Wa, es la espada que permiti\u00f3 las haza\u00f1as del legendario samur\u00e1i Ryuma.<\/p>\n<p>Tras su muerte, Ryuma es enterrada junto a su espada, antes de que su tumba sea saqueada por Gecko Moria. Ryuma aparece como zombi en Thriller Bark, tras recibir la sombra de Brook. Tras su derrota frente a Roronoa Zoro, le lega su espada dici\u00e9ndole que ella estar\u00eda satisfecha de tenerlo como nuevo amo.<\/p>\n<h2>Tu Katana de madera Zoro Shusui al mejor precio.<\/h2>\n<p>Te ofrecemos todas las r\u00e9plicas de tus personajes favoritos de One Piece.<\/p>\n<p>Lo primero y m\u00e1s importante,<\/p>\n<ul>\n<li>La katana Ame no Habakiri, vestida toda de blanco.<\/li>\n<li>Tambi\u00e9n est\u00e1 la Katana de Zoro, la espada Wado que sujeta entre los dientes.<\/li>\n<li>As\u00ed como el <a href=\"https:\/\/repliquemangacine.fr\/es\/una-pieza\/sabre-kokuto-yoru-epee-de-dracule-mihawk\/\">Espada Yoru de Mihawk<\/a> y su larga hoja.<\/li>\n<li>Y muchos m\u00e1s por descubrir en nuestra tienda en l\u00ednea.<\/li>\n<\/ul>\n<p>Por eso, aqu\u00ed tienes una idea estupenda para regalar a todos los fans de One Piece.<\/p>\n<p>En conclusi\u00f3n, tambi\u00e9n puedes utilizar esta katana de madera Shusui Zoro One Piece para tus desfiles de cosplay o tus fiestas tem\u00e1ticas. Pero, ante todo, esta espada de Zoro es una pieza de colecci\u00f3n y decoraci\u00f3n.<\/p>\n<h2>Nuestros lanzamientos baratos de One Piece<\/h2>\n<p>Siempre en busca de novedades y con el objetivo de satisfacer vuestras demandas, \u00a1tenemos algunas peque\u00f1as joyas que pronto podr\u00e9is descubrir! De hecho, podr\u00e9is pasear por vuestras convenciones de manga con el bast\u00f3n espada violeta de Brook. Tambi\u00e9n habr\u00e1 figuras de One Piece y p\u00f3sters enrollables de vuestros personajes favoritos.<\/p>\n<p>R\u00e9plique Manga Cin\u00e9 es una empresa francesa.<\/p>\n<p><strong>Tenga en cuenta que todas nuestras r\u00e9plicas son objetos de colecci\u00f3n y decoraci\u00f3n. Puede utilizarlas para recreaciones hist\u00f3ricas, desfiles de cosplay o decoraci\u00f3n de interiores. En consecuencia, no es posible acudir a lugares p\u00fablicos con estas r\u00e9plicas.<\/strong><\/p>","protected":false},"excerpt":{"rendered":"<p>Exactamente la misma r\u00e9plica en acero de la katana Shusui conocida como la espada maldita de Zoro.<\/p>\n<ul>\n<li>Hoja enteramente de bamb\u00fa (madera) con ondas rojas.<\/li>\n<li>Protector de ABS moldeado en forma de flor.<\/li>\n<li>Vaina de madera negra con decoraci\u00f3n especial<\/li>\n<li>Mango recubierto de trenza de algod\u00f3n negro.<\/li>\n<li>Longitud hoja: 68cm - Longitud total: 103 cm - Peso: 550 grs<\/li>\n<\/ul>","protected":false},"featured_media":54429,"template":"","meta":[],"product_brand":[896],"product_cat":[122,23],"product_tag":[],"class_list":{"0":"post-54428","1":"product","2":"type-product","3":"status-publish","4":"has-post-thumbnail","6":"product_brand-replique-manga-cine","7":"product_cat-katana-en-bois-one-piece","8":"product_cat-repliques-manga-jeux-video","10":"first","11":"instock","12":"sale","13":"taxable","14":"shipping-taxable","15":"purchasable","16":"product-type-simple"},"yoast_head":"<!-- This site is optimized with the Yoast SEO plugin v27.4 - https:\/\/yoast.com\/product\/yoast-seo-wordpress\/ -->\n<title>Katana bois Shusui Zoro - One Piece - Boutique en ligne - RMC<\/title>\n<meta name=\"description\" content=\"Commandez ce Katana bois Shusui Zoro dans One Piece au meilleur prix. Lame bois - Longueur totale : 103cm - Poids : 55 grs. Envoi 24\/48h\" \/>\n<meta name=\"robots\" content=\"index, follow, max-snippet:-1, max-image-preview:large, max-video-preview:-1\" \/>\n<link rel=\"canonical\" href=\"https:\/\/repliquemangacine.fr\/es\/replica-de-videojuegos-manga\/katana-de-madera-shusui-zoro-una-pieza\/\" \/>\n<meta property=\"og:locale\" content=\"es_ES\" \/>\n<meta property=\"og:type\" content=\"article\" \/>\n<meta property=\"og:title\" content=\"Katana bois Shusui Zoro - One Piece - Boutique en ligne - RMC\" \/>\n<meta property=\"og:description\" content=\"Commandez ce Katana bois Shusui Zoro dans One Piece au meilleur prix. Lame bois - Longueur totale : 103cm - Poids : 55 grs. Envoi 24\/48h\" \/>\n<meta property=\"og:url\" content=\"https:\/\/repliquemangacine.fr\/es\/replica-de-videojuegos-manga\/katana-de-madera-shusui-zoro-una-pieza\/\" \/>\n<meta property=\"og:site_name\" content=\"R\u00e9plique Manga Cin\u00e9\" \/>\n<meta property=\"article:publisher\" content=\"https:\/\/www.facebook.com\/RepliqueMangaCine\" \/>\n<meta property=\"article:modified_time\" content=\"2026-04-17T15:00:17+00:00\" \/>\n<meta property=\"og:image\" content=\"https:\/\/repliquemangacine.fr\/wp-content\/uploads\/2023\/10\/katana-maudite-zoro-bois.jpg\" \/>\n\t<meta property=\"og:image:width\" content=\"500\" \/>\n\t<meta property=\"og:image:height\" content=\"500\" \/>\n\t<meta property=\"og:image:type\" content=\"image\/jpeg\" \/>\n<meta name=\"twitter:card\" content=\"summary_large_image\" \/>\n<meta name=\"twitter:label1\" content=\"Tiempo de lectura\" \/>\n\t<meta name=\"twitter:data1\" content=\"3 minutos\" \/>\n<script type=\"application\/ld+json\" class=\"yoast-schema-graph\">{\"@context\":\"https:\\\/\\\/schema.org\",\"@graph\":[{\"@type\":\"WebPage\",\"@id\":\"https:\\\/\\\/repliquemangacine.fr\\\/repliques-manga-jeux-video\\\/katana-bois-shusui-zoro-one-piece\\\/\",\"url\":\"https:\\\/\\\/repliquemangacine.fr\\\/repliques-manga-jeux-video\\\/katana-bois-shusui-zoro-one-piece\\\/\",\"name\":\"Katana bois Shusui Zoro - One Piece - Boutique en ligne - RMC\",\"isPartOf\":{\"@id\":\"https:\\\/\\\/repliquemangacine.fr\\\/#website\"},\"primaryImageOfPage\":{\"@id\":\"https:\\\/\\\/repliquemangacine.fr\\\/repliques-manga-jeux-video\\\/katana-bois-shusui-zoro-one-piece\\\/#primaryimage\"},\"image\":{\"@id\":\"https:\\\/\\\/repliquemangacine.fr\\\/repliques-manga-jeux-video\\\/katana-bois-shusui-zoro-one-piece\\\/#primaryimage\"},\"thumbnailUrl\":\"https:\\\/\\\/repliquemangacine.fr\\\/wp-content\\\/uploads\\\/2023\\\/10\\\/katana-maudite-zoro-bois.jpg\",\"datePublished\":\"2022-10-27T16:59:37+00:00\",\"dateModified\":\"2026-04-17T15:00:17+00:00\",\"description\":\"Commandez ce Katana bois Shusui Zoro dans One Piece au meilleur prix. Lame bois - Longueur totale : 103cm - Poids : 55 grs. Envoi 24\\\/48h\",\"breadcrumb\":{\"@id\":\"https:\\\/\\\/repliquemangacine.fr\\\/repliques-manga-jeux-video\\\/katana-bois-shusui-zoro-one-piece\\\/#breadcrumb\"},\"inLanguage\":\"es\",\"potentialAction\":[{\"@type\":\"ReadAction\",\"target\":[\"https:\\\/\\\/repliquemangacine.fr\\\/repliques-manga-jeux-video\\\/katana-bois-shusui-zoro-one-piece\\\/\"]}]},{\"@type\":\"ImageObject\",\"inLanguage\":\"es\",\"@id\":\"https:\\\/\\\/repliquemangacine.fr\\\/repliques-manga-jeux-video\\\/katana-bois-shusui-zoro-one-piece\\\/#primaryimage\",\"url\":\"https:\\\/\\\/repliquemangacine.fr\\\/wp-content\\\/uploads\\\/2023\\\/10\\\/katana-maudite-zoro-bois.jpg\",\"contentUrl\":\"https:\\\/\\\/repliquemangacine.fr\\\/wp-content\\\/uploads\\\/2023\\\/10\\\/katana-maudite-zoro-bois.jpg\",\"width\":500,\"height\":500,\"caption\":\"Katana bois Shusui one piece\"},{\"@type\":\"BreadcrumbList\",\"@id\":\"https:\\\/\\\/repliquemangacine.fr\\\/repliques-manga-jeux-video\\\/katana-bois-shusui-zoro-one-piece\\\/#breadcrumb\",\"itemListElement\":[{\"@type\":\"ListItem\",\"position\":1,\"name\":\"Accueil\",\"item\":\"https:\\\/\\\/repliquemangacine.fr\\\/\"},{\"@type\":\"ListItem\",\"position\":2,\"name\":\"Produits\",\"item\":\"https:\\\/\\\/repliquemangacine.fr\\\/boutique\\\/\"},{\"@type\":\"ListItem\",\"position\":3,\"name\":\"Katana bois Shusui Zoro\"}]},{\"@type\":\"WebSite\",\"@id\":\"https:\\\/\\\/repliquemangacine.fr\\\/#website\",\"url\":\"https:\\\/\\\/repliquemangacine.fr\\\/\",\"name\":\"R\u00e9plique Manga Cin\u00e9\",\"description\":\"\",\"publisher\":{\"@id\":\"https:\\\/\\\/repliquemangacine.fr\\\/#organization\"},\"potentialAction\":[{\"@type\":\"SearchAction\",\"target\":{\"@type\":\"EntryPoint\",\"urlTemplate\":\"https:\\\/\\\/repliquemangacine.fr\\\/?s={search_term_string}\"},\"query-input\":{\"@type\":\"PropertyValueSpecification\",\"valueRequired\":true,\"valueName\":\"search_term_string\"}}],\"inLanguage\":\"es\"},{\"@type\":\"Organization\",\"@id\":\"https:\\\/\\\/repliquemangacine.fr\\\/#organization\",\"name\":\"R\u00e9plique Manga Cin\u00e9\",\"url\":\"https:\\\/\\\/repliquemangacine.fr\\\/\",\"logo\":{\"@type\":\"ImageObject\",\"inLanguage\":\"es\",\"@id\":\"https:\\\/\\\/repliquemangacine.fr\\\/#\\\/schema\\\/logo\\\/image\\\/\",\"url\":\"https:\\\/\\\/repliquemangacine.fr\\\/wp-content\\\/uploads\\\/2023\\\/10\\\/RMC-500250.png\",\"contentUrl\":\"https:\\\/\\\/repliquemangacine.fr\\\/wp-content\\\/uploads\\\/2023\\\/10\\\/RMC-500250.png\",\"width\":500,\"height\":250,\"caption\":\"R\u00e9plique Manga Cin\u00e9\"},\"image\":{\"@id\":\"https:\\\/\\\/repliquemangacine.fr\\\/#\\\/schema\\\/logo\\\/image\\\/\"},\"sameAs\":[\"https:\\\/\\\/www.facebook.com\\\/RepliqueMangaCine\",\"https:\\\/\\\/www.instagram.com\\\/repliquemangacine.fr\\\/\"]}]}<\/script>\n<!-- \/ Yoast SEO plugin. -->","yoast_head_json":{"title":"Katana de Madera Shusui Zoro - One Piece - Tienda Online - RMC","description":"Pida esta Katana de madera Shusui Zoro de una pieza al mejor precio. Hoja de madera - Longitud total : 103cm - Peso : 55 grs. Env\u00edo 24\/48h","robots":{"index":"index","follow":"follow","max-snippet":"max-snippet:-1","max-image-preview":"max-image-preview:large","max-video-preview":"max-video-preview:-1"},"canonical":"https:\/\/repliquemangacine.fr\/es\/replica-de-videojuegos-manga\/katana-de-madera-shusui-zoro-una-pieza\/","og_locale":"es_ES","og_type":"article","og_title":"Katana bois Shusui Zoro - One Piece - Boutique en ligne - RMC","og_description":"Commandez ce Katana bois Shusui Zoro dans One Piece au meilleur prix. Lame bois - Longueur totale : 103cm - Poids : 55 grs. Envoi 24\/48h","og_url":"https:\/\/repliquemangacine.fr\/es\/replica-de-videojuegos-manga\/katana-de-madera-shusui-zoro-una-pieza\/","og_site_name":"R\u00e9plique Manga Cin\u00e9","article_publisher":"https:\/\/www.facebook.com\/RepliqueMangaCine","article_modified_time":"2026-04-17T15:00:17+00:00","og_image":[{"width":500,"height":500,"url":"https:\/\/repliquemangacine.fr\/wp-content\/uploads\/2023\/10\/katana-maudite-zoro-bois.jpg","type":"image\/jpeg"}],"twitter_card":"summary_large_image","twitter_misc":{"Tiempo de lectura":"3 minutos"},"schema":{"@context":"https:\/\/schema.org","@graph":[{"@type":"WebPage","@id":"https:\/\/repliquemangacine.fr\/repliques-manga-jeux-video\/katana-bois-shusui-zoro-one-piece\/","url":"https:\/\/repliquemangacine.fr\/repliques-manga-jeux-video\/katana-bois-shusui-zoro-one-piece\/","name":"Katana de Madera Shusui Zoro - One Piece - Tienda Online - RMC","isPartOf":{"@id":"https:\/\/repliquemangacine.fr\/#website"},"primaryImageOfPage":{"@id":"https:\/\/repliquemangacine.fr\/repliques-manga-jeux-video\/katana-bois-shusui-zoro-one-piece\/#primaryimage"},"image":{"@id":"https:\/\/repliquemangacine.fr\/repliques-manga-jeux-video\/katana-bois-shusui-zoro-one-piece\/#primaryimage"},"thumbnailUrl":"https:\/\/repliquemangacine.fr\/wp-content\/uploads\/2023\/10\/katana-maudite-zoro-bois.jpg","datePublished":"2022-10-27T16:59:37+00:00","dateModified":"2026-04-17T15:00:17+00:00","description":"Pida esta Katana de madera Shusui Zoro de una pieza al mejor precio. Hoja de madera - Longitud total : 103cm - Peso : 55 grs. Env\u00edo 24\/48h","breadcrumb":{"@id":"https:\/\/repliquemangacine.fr\/repliques-manga-jeux-video\/katana-bois-shusui-zoro-one-piece\/#breadcrumb"},"inLanguage":"es","potentialAction":[{"@type":"ReadAction","target":["https:\/\/repliquemangacine.fr\/repliques-manga-jeux-video\/katana-bois-shusui-zoro-one-piece\/"]}]},{"@type":"ImageObject","inLanguage":"es","@id":"https:\/\/repliquemangacine.fr\/repliques-manga-jeux-video\/katana-bois-shusui-zoro-one-piece\/#primaryimage","url":"https:\/\/repliquemangacine.fr\/wp-content\/uploads\/2023\/10\/katana-maudite-zoro-bois.jpg","contentUrl":"https:\/\/repliquemangacine.fr\/wp-content\/uploads\/2023\/10\/katana-maudite-zoro-bois.jpg","width":500,"height":500,"caption":"Katana bois Shusui one piece"},{"@type":"BreadcrumbList","@id":"https:\/\/repliquemangacine.fr\/repliques-manga-jeux-video\/katana-bois-shusui-zoro-one-piece\/#breadcrumb","itemListElement":[{"@type":"ListItem","position":1,"name":"Accueil","item":"https:\/\/repliquemangacine.fr\/"},{"@type":"ListItem","position":2,"name":"Produits","item":"https:\/\/repliquemangacine.fr\/boutique\/"},{"@type":"ListItem","position":3,"name":"Katana bois Shusui Zoro"}]},{"@type":"WebSite","@id":"https:\/\/repliquemangacine.fr\/#website","url":"https:\/\/repliquemangacine.fr\/","name":"R\u00e9plique Manga Cin\u00e9","description":"","publisher":{"@id":"https:\/\/repliquemangacine.fr\/#organization"},"potentialAction":[{"@type":"SearchAction","target":{"@type":"EntryPoint","urlTemplate":"https:\/\/repliquemangacine.fr\/?s={search_term_string}"},"query-input":{"@type":"PropertyValueSpecification","valueRequired":true,"valueName":"search_term_string"}}],"inLanguage":"es"},{"@type":"Organization","@id":"https:\/\/repliquemangacine.fr\/#organization","name":"R\u00e9plique Manga Cin\u00e9","url":"https:\/\/repliquemangacine.fr\/","logo":{"@type":"ImageObject","inLanguage":"es","@id":"https:\/\/repliquemangacine.fr\/#\/schema\/logo\/image\/","url":"https:\/\/repliquemangacine.fr\/wp-content\/uploads\/2023\/10\/RMC-500250.png","contentUrl":"https:\/\/repliquemangacine.fr\/wp-content\/uploads\/2023\/10\/RMC-500250.png","width":500,"height":250,"caption":"R\u00e9plique Manga Cin\u00e9"},"image":{"@id":"https:\/\/repliquemangacine.fr\/#\/schema\/logo\/image\/"},"sameAs":["https:\/\/www.facebook.com\/RepliqueMangaCine","https:\/\/www.instagram.com\/repliquemangacine.fr\/"]}]}},"_links":{"self":[{"href":"https:\/\/repliquemangacine.fr\/es\/wp-json\/wp\/v2\/product\/54428","targetHints":{"allow":["GET"]}}],"collection":[{"href":"https:\/\/repliquemangacine.fr\/es\/wp-json\/wp\/v2\/product"}],"about":[{"href":"https:\/\/repliquemangacine.fr\/es\/wp-json\/wp\/v2\/types\/product"}],"wp:featuredmedia":[{"embeddable":true,"href":"https:\/\/repliquemangacine.fr\/es\/wp-json\/wp\/v2\/media\/54429"}],"wp:attachment":[{"href":"https:\/\/repliquemangacine.fr\/es\/wp-json\/wp\/v2\/media?parent=54428"}],"wp:term":[{"taxonomy":"product_brand","embeddable":true,"href":"https:\/\/repliquemangacine.fr\/es\/wp-json\/wp\/v2\/product_brand?post=54428"},{"taxonomy":"product_cat","embeddable":true,"href":"https:\/\/repliquemangacine.fr\/es\/wp-json\/wp\/v2\/product_cat?post=54428"},{"taxonomy":"product_tag","embeddable":true,"href":"https:\/\/repliquemangacine.fr\/es\/wp-json\/wp\/v2\/product_tag?post=54428"}],"curies":[{"name":"wp","href":"https:\/\/api.w.org\/{rel}","templated":true}]}}