





{"id":54401,"date":"2022-10-27T10:17:00","date_gmt":"2022-10-27T08:17:00","guid":{"rendered":"https:\/\/repliquemangacine.fr\/?post_type=product&#038;p=54401"},"modified":"2026-03-06T12:32:42","modified_gmt":"2026-03-06T11:32:42","slug":"escudo-hylian-zelda","status":"publish","type":"product","link":"https:\/\/repliquemangacine.fr\/es\/epee-zelda\/bouclier-hylien-zelda\/","title":{"rendered":"Escudo Zelda Hylien"},"content":{"rendered":"<h2>Escudo met\u00e1lico Zelda Hylien<\/h2>\n<p>El escudo Hylian Zelda o escudo de Hylia es el escudo recurrente y emblem\u00e1tico de la serie. A menudo se asocia con la Espada de la Leyenda. Es un aut\u00e9ntico s\u00edmbolo de la serie. Luce los motivos de la Trifuerza y el celestrier.<\/p>\n<p>Le <a href=\"https:\/\/zelda.fandom.com\/fr\/wiki\/Bouclier_Hylien?so=search\" target=\"_blank\" rel=\"noopener noreferrer\">Escudo Hyliano<\/a> Es uno de los escudos m\u00e1s resistentes. Es resistente al fuego, la electricidad y las maldiciones en Skyward Sword (juego en el que se le denomina \u201cEscudo de Hylia\u201d) y nunca se deteriora, independientemente de los golpes que reciba. Fue creado por la diosa Hylia para el h\u00e9roe elegido para destruir al Avatar del Vac\u00edo.<\/p>\n<p>Link abandona su hogar para luchar contra las fuerzas del mal. Aunque al principio de los juegos no parece saber manejar muy bien las armas, r\u00e1pidamente domina nuevas t\u00e9cnicas y se hace con un variado arsenal, aunque la espada sigue siendo su arma favorita.<\/p>\n<h2>Tu Escudo Zelda Hylien al mejor precio.<\/h2>\n<p>Te ofrecemos una amplia selecci\u00f3n de r\u00e9plicas de los videojuegos Zelda.<\/p>\n<p>Lo primero y m\u00e1s importante,<\/p>\n<ul>\n<li>La espada legendaria <a href=\"https:\/\/repliquemangacine.fr\/es\/zelda\/espada-maestra-espada-zelda\/\">Espada maestra<\/a> con su trifuerza en la hoja.<\/li>\n<li>Entonces, el peque\u00f1o <a href=\"https:\/\/repliquemangacine.fr\/es\/zelda\/espada-maestra-daga-de-zelda\/\">Daga Espada Maestra<\/a>.<\/li>\n<li>As\u00ed como el<a href=\"https:\/\/repliquemangacine.fr\/es\/zelda\/epee-dark-link-zelda-link-corrompu\/\">Espada Dark Link<\/a> y su lado oscuro.<\/li>\n<li>Y muchos m\u00e1s por descubrir en nuestra tienda en l\u00ednea.<\/li>\n<\/ul>\n<p>Por eso, esta es una idea estupenda para regalar a los fans de Zelda.<\/p>\n<p>Puede utilizar la funci\u00f3n <strong>Escudo Zelda Hylien<\/strong> para tus desfiles de Cosplay en convenciones. Pero sobre todo, es una pieza de coleccionista y decoraci\u00f3n.<\/p>\n<p>R\u00e9plique Manga Cin\u00e9 es una empresa familiar francesa.<\/p>\n<h2>Descubre nuestros \u00faltimos lanzamientos de Zelda<\/h2>\n<p>Nuestro objetivo es satisfacerle, por eso hacemos todo lo posible para encontrar los objetos de colecci\u00f3n que busca. \u00a1No dude en hacernos llegar sus solicitudes y comentarios para que podamos continuar juntos esta aventura!<\/p>\n<p>Siempre a la vanguardia de las novedades y atentos a sus b\u00fasquedas de productos, tenemos el placer de ofrecerle algunas peque\u00f1as joyas como:<\/p>\n<ul>\n<li>Le <a href=\"https:\/\/repliquemangacine.fr\/es\/espada-de-zelda\/caja-de-13-piezas-de-zelda\/\">Juego de 13 espadas Zelda<\/a> como llaveros o colgantes seg\u00fan su estado de \u00e1nimo.<\/li>\n<li>Tambi\u00e9n existe la <a href=\"https:\/\/repliquemangacine.fr\/es\/espada-de-zelda\/ensemble-de-8-pieces-pendentif-zelda\/\">lote de 8 colgantes Zelda<\/a> los s\u00edmbolos de la princesa Zelda.<\/li>\n<li>Y muchas m\u00e1s por descubrir pronto, como las figuritas<\/li>\n<\/ul>","protected":false},"excerpt":{"rendered":"<p>Magn\u00edfica r\u00e9plica id\u00e9ntica del escudo hyliano de Zelda.<\/p>\n<ul>\n<li>Totalmente de metal.<\/li>\n<li>Con la Trifuerza y motivos de \u00e1rboles celestiales.<\/li>\n<li>En la parte posterior hay un asa para sujetarlo.<\/li>\n<li>Se puede colgar en la pared<\/li>\n<li>Dimensiones : 38 X53cm<\/li>\n<\/ul>","protected":false},"featured_media":54402,"template":"","meta":[],"product_brand":[896],"product_cat":[23,56],"product_tag":[],"class_list":{"0":"post-54401","1":"product","2":"type-product","3":"status-publish","4":"has-post-thumbnail","6":"product_brand-replique-manga-cine","7":"product_cat-repliques-manga-jeux-video","8":"product_cat-epee-zelda","10":"first","11":"outofstock","12":"taxable","13":"shipping-taxable","14":"purchasable","15":"product-type-simple"},"yoast_head":"<!-- This site is optimized with the Yoast SEO plugin v27.4 - https:\/\/yoast.com\/product\/yoast-seo-wordpress\/ -->\n<title>Bouclier Zelda Hylien en m\u00e9tal 38X53cm - R\u00e9plique Manga Cin\u00e9<\/title>\n<meta name=\"description\" content=\"Offrez-vous le Bouclier Zelda Hylien tout en m\u00e9tal. De petite taille et tr\u00e8s l\u00e9ger, id\u00e9al pour votre enfant. Finition parfaite. 38X53 cm - Envoi 24\/48h\" \/>\n<meta name=\"robots\" content=\"index, follow, max-snippet:-1, max-image-preview:large, max-video-preview:-1\" \/>\n<link rel=\"canonical\" href=\"https:\/\/repliquemangacine.fr\/es\/espada-de-zelda\/escudo-hylian-zelda\/\" \/>\n<meta property=\"og:locale\" content=\"es_ES\" \/>\n<meta property=\"og:type\" content=\"article\" \/>\n<meta property=\"og:title\" content=\"Bouclier Zelda Hylien en m\u00e9tal 38X53cm - R\u00e9plique Manga Cin\u00e9\" \/>\n<meta property=\"og:description\" content=\"Offrez-vous le Bouclier Zelda Hylien tout en m\u00e9tal. De petite taille et tr\u00e8s l\u00e9ger, id\u00e9al pour votre enfant. Finition parfaite. 38X53 cm - Envoi 24\/48h\" \/>\n<meta property=\"og:url\" content=\"https:\/\/repliquemangacine.fr\/es\/espada-de-zelda\/escudo-hylian-zelda\/\" \/>\n<meta property=\"og:site_name\" content=\"R\u00e9plique Manga Cin\u00e9\" \/>\n<meta property=\"article:publisher\" content=\"https:\/\/www.facebook.com\/RepliqueMangaCine\" \/>\n<meta property=\"article:modified_time\" content=\"2026-03-06T11:32:42+00:00\" \/>\n<meta property=\"og:image\" content=\"https:\/\/repliquemangacine.fr\/wp-content\/uploads\/2023\/10\/bouclier-zelda-metal.jpg\" \/>\n\t<meta property=\"og:image:width\" content=\"500\" \/>\n\t<meta property=\"og:image:height\" content=\"500\" \/>\n\t<meta property=\"og:image:type\" content=\"image\/jpeg\" \/>\n<meta name=\"twitter:card\" content=\"summary_large_image\" \/>\n<meta name=\"twitter:label1\" content=\"Tiempo de lectura\" \/>\n\t<meta name=\"twitter:data1\" content=\"2 minutos\" \/>\n<script type=\"application\/ld+json\" class=\"yoast-schema-graph\">{\"@context\":\"https:\\\/\\\/schema.org\",\"@graph\":[{\"@type\":\"WebPage\",\"@id\":\"https:\\\/\\\/repliquemangacine.fr\\\/epee-zelda\\\/bouclier-hylien-zelda\\\/\",\"url\":\"https:\\\/\\\/repliquemangacine.fr\\\/epee-zelda\\\/bouclier-hylien-zelda\\\/\",\"name\":\"Bouclier Zelda Hylien en m\u00e9tal 38X53cm - R\u00e9plique Manga Cin\u00e9\",\"isPartOf\":{\"@id\":\"https:\\\/\\\/repliquemangacine.fr\\\/#website\"},\"primaryImageOfPage\":{\"@id\":\"https:\\\/\\\/repliquemangacine.fr\\\/epee-zelda\\\/bouclier-hylien-zelda\\\/#primaryimage\"},\"image\":{\"@id\":\"https:\\\/\\\/repliquemangacine.fr\\\/epee-zelda\\\/bouclier-hylien-zelda\\\/#primaryimage\"},\"thumbnailUrl\":\"https:\\\/\\\/repliquemangacine.fr\\\/wp-content\\\/uploads\\\/2023\\\/10\\\/bouclier-zelda-metal.jpg\",\"datePublished\":\"2022-10-27T08:17:00+00:00\",\"dateModified\":\"2026-03-06T11:32:42+00:00\",\"description\":\"Offrez-vous le Bouclier Zelda Hylien tout en m\u00e9tal. De petite taille et tr\u00e8s l\u00e9ger, id\u00e9al pour votre enfant. Finition parfaite. 38X53 cm - Envoi 24\\\/48h\",\"breadcrumb\":{\"@id\":\"https:\\\/\\\/repliquemangacine.fr\\\/epee-zelda\\\/bouclier-hylien-zelda\\\/#breadcrumb\"},\"inLanguage\":\"es\",\"potentialAction\":[{\"@type\":\"ReadAction\",\"target\":[\"https:\\\/\\\/repliquemangacine.fr\\\/epee-zelda\\\/bouclier-hylien-zelda\\\/\"]}]},{\"@type\":\"ImageObject\",\"inLanguage\":\"es\",\"@id\":\"https:\\\/\\\/repliquemangacine.fr\\\/epee-zelda\\\/bouclier-hylien-zelda\\\/#primaryimage\",\"url\":\"https:\\\/\\\/repliquemangacine.fr\\\/wp-content\\\/uploads\\\/2023\\\/10\\\/bouclier-zelda-metal.jpg\",\"contentUrl\":\"https:\\\/\\\/repliquemangacine.fr\\\/wp-content\\\/uploads\\\/2023\\\/10\\\/bouclier-zelda-metal.jpg\",\"width\":500,\"height\":500,\"caption\":\"Bouclier Hylien Zelda en m\u00e9tal\"},{\"@type\":\"BreadcrumbList\",\"@id\":\"https:\\\/\\\/repliquemangacine.fr\\\/epee-zelda\\\/bouclier-hylien-zelda\\\/#breadcrumb\",\"itemListElement\":[{\"@type\":\"ListItem\",\"position\":1,\"name\":\"Accueil\",\"item\":\"https:\\\/\\\/repliquemangacine.fr\\\/\"},{\"@type\":\"ListItem\",\"position\":2,\"name\":\"Produits\",\"item\":\"https:\\\/\\\/repliquemangacine.fr\\\/boutique\\\/\"},{\"@type\":\"ListItem\",\"position\":3,\"name\":\"Bouclier Zelda Hylien\"}]},{\"@type\":\"WebSite\",\"@id\":\"https:\\\/\\\/repliquemangacine.fr\\\/#website\",\"url\":\"https:\\\/\\\/repliquemangacine.fr\\\/\",\"name\":\"R\u00e9plique Manga Cin\u00e9\",\"description\":\"\",\"publisher\":{\"@id\":\"https:\\\/\\\/repliquemangacine.fr\\\/#organization\"},\"potentialAction\":[{\"@type\":\"SearchAction\",\"target\":{\"@type\":\"EntryPoint\",\"urlTemplate\":\"https:\\\/\\\/repliquemangacine.fr\\\/?s={search_term_string}\"},\"query-input\":{\"@type\":\"PropertyValueSpecification\",\"valueRequired\":true,\"valueName\":\"search_term_string\"}}],\"inLanguage\":\"es\"},{\"@type\":\"Organization\",\"@id\":\"https:\\\/\\\/repliquemangacine.fr\\\/#organization\",\"name\":\"R\u00e9plique Manga Cin\u00e9\",\"url\":\"https:\\\/\\\/repliquemangacine.fr\\\/\",\"logo\":{\"@type\":\"ImageObject\",\"inLanguage\":\"es\",\"@id\":\"https:\\\/\\\/repliquemangacine.fr\\\/#\\\/schema\\\/logo\\\/image\\\/\",\"url\":\"https:\\\/\\\/repliquemangacine.fr\\\/wp-content\\\/uploads\\\/2023\\\/10\\\/RMC-500250.png\",\"contentUrl\":\"https:\\\/\\\/repliquemangacine.fr\\\/wp-content\\\/uploads\\\/2023\\\/10\\\/RMC-500250.png\",\"width\":500,\"height\":250,\"caption\":\"R\u00e9plique Manga Cin\u00e9\"},\"image\":{\"@id\":\"https:\\\/\\\/repliquemangacine.fr\\\/#\\\/schema\\\/logo\\\/image\\\/\"},\"sameAs\":[\"https:\\\/\\\/www.facebook.com\\\/RepliqueMangaCine\",\"https:\\\/\\\/www.instagram.com\\\/repliquemangacine.fr\\\/\"]}]}<\/script>\n<!-- \/ Yoast SEO plugin. -->","yoast_head_json":{"title":"Escudo met\u00e1lico Zelda Hylien 38X53cm - R\u00e9plique Manga Cin\u00e9","description":"Reg\u00e1late el escudo met\u00e1lico Zelda Hylien. Peque\u00f1o y muy ligero, ideal para tu hijo. Acabado perfecto. 38X53 cm - Env\u00edo 24\/48h","robots":{"index":"index","follow":"follow","max-snippet":"max-snippet:-1","max-image-preview":"max-image-preview:large","max-video-preview":"max-video-preview:-1"},"canonical":"https:\/\/repliquemangacine.fr\/es\/espada-de-zelda\/escudo-hylian-zelda\/","og_locale":"es_ES","og_type":"article","og_title":"Bouclier Zelda Hylien en m\u00e9tal 38X53cm - R\u00e9plique Manga Cin\u00e9","og_description":"Offrez-vous le Bouclier Zelda Hylien tout en m\u00e9tal. De petite taille et tr\u00e8s l\u00e9ger, id\u00e9al pour votre enfant. Finition parfaite. 38X53 cm - Envoi 24\/48h","og_url":"https:\/\/repliquemangacine.fr\/es\/espada-de-zelda\/escudo-hylian-zelda\/","og_site_name":"R\u00e9plique Manga Cin\u00e9","article_publisher":"https:\/\/www.facebook.com\/RepliqueMangaCine","article_modified_time":"2026-03-06T11:32:42+00:00","og_image":[{"width":500,"height":500,"url":"https:\/\/repliquemangacine.fr\/wp-content\/uploads\/2023\/10\/bouclier-zelda-metal.jpg","type":"image\/jpeg"}],"twitter_card":"summary_large_image","twitter_misc":{"Tiempo de lectura":"2 minutos"},"schema":{"@context":"https:\/\/schema.org","@graph":[{"@type":"WebPage","@id":"https:\/\/repliquemangacine.fr\/epee-zelda\/bouclier-hylien-zelda\/","url":"https:\/\/repliquemangacine.fr\/epee-zelda\/bouclier-hylien-zelda\/","name":"Escudo met\u00e1lico Zelda Hylien 38X53cm - R\u00e9plique Manga Cin\u00e9","isPartOf":{"@id":"https:\/\/repliquemangacine.fr\/#website"},"primaryImageOfPage":{"@id":"https:\/\/repliquemangacine.fr\/epee-zelda\/bouclier-hylien-zelda\/#primaryimage"},"image":{"@id":"https:\/\/repliquemangacine.fr\/epee-zelda\/bouclier-hylien-zelda\/#primaryimage"},"thumbnailUrl":"https:\/\/repliquemangacine.fr\/wp-content\/uploads\/2023\/10\/bouclier-zelda-metal.jpg","datePublished":"2022-10-27T08:17:00+00:00","dateModified":"2026-03-06T11:32:42+00:00","description":"Reg\u00e1late el escudo met\u00e1lico Zelda Hylien. Peque\u00f1o y muy ligero, ideal para tu hijo. Acabado perfecto. 38X53 cm - Env\u00edo 24\/48h","breadcrumb":{"@id":"https:\/\/repliquemangacine.fr\/epee-zelda\/bouclier-hylien-zelda\/#breadcrumb"},"inLanguage":"es","potentialAction":[{"@type":"ReadAction","target":["https:\/\/repliquemangacine.fr\/epee-zelda\/bouclier-hylien-zelda\/"]}]},{"@type":"ImageObject","inLanguage":"es","@id":"https:\/\/repliquemangacine.fr\/epee-zelda\/bouclier-hylien-zelda\/#primaryimage","url":"https:\/\/repliquemangacine.fr\/wp-content\/uploads\/2023\/10\/bouclier-zelda-metal.jpg","contentUrl":"https:\/\/repliquemangacine.fr\/wp-content\/uploads\/2023\/10\/bouclier-zelda-metal.jpg","width":500,"height":500,"caption":"Bouclier Hylien Zelda en m\u00e9tal"},{"@type":"BreadcrumbList","@id":"https:\/\/repliquemangacine.fr\/epee-zelda\/bouclier-hylien-zelda\/#breadcrumb","itemListElement":[{"@type":"ListItem","position":1,"name":"Accueil","item":"https:\/\/repliquemangacine.fr\/"},{"@type":"ListItem","position":2,"name":"Produits","item":"https:\/\/repliquemangacine.fr\/boutique\/"},{"@type":"ListItem","position":3,"name":"Bouclier Zelda Hylien"}]},{"@type":"WebSite","@id":"https:\/\/repliquemangacine.fr\/#website","url":"https:\/\/repliquemangacine.fr\/","name":"R\u00e9plique Manga Cin\u00e9","description":"","publisher":{"@id":"https:\/\/repliquemangacine.fr\/#organization"},"potentialAction":[{"@type":"SearchAction","target":{"@type":"EntryPoint","urlTemplate":"https:\/\/repliquemangacine.fr\/?s={search_term_string}"},"query-input":{"@type":"PropertyValueSpecification","valueRequired":true,"valueName":"search_term_string"}}],"inLanguage":"es"},{"@type":"Organization","@id":"https:\/\/repliquemangacine.fr\/#organization","name":"R\u00e9plique Manga Cin\u00e9","url":"https:\/\/repliquemangacine.fr\/","logo":{"@type":"ImageObject","inLanguage":"es","@id":"https:\/\/repliquemangacine.fr\/#\/schema\/logo\/image\/","url":"https:\/\/repliquemangacine.fr\/wp-content\/uploads\/2023\/10\/RMC-500250.png","contentUrl":"https:\/\/repliquemangacine.fr\/wp-content\/uploads\/2023\/10\/RMC-500250.png","width":500,"height":250,"caption":"R\u00e9plique Manga Cin\u00e9"},"image":{"@id":"https:\/\/repliquemangacine.fr\/#\/schema\/logo\/image\/"},"sameAs":["https:\/\/www.facebook.com\/RepliqueMangaCine","https:\/\/www.instagram.com\/repliquemangacine.fr\/"]}]}},"_links":{"self":[{"href":"https:\/\/repliquemangacine.fr\/es\/wp-json\/wp\/v2\/product\/54401","targetHints":{"allow":["GET"]}}],"collection":[{"href":"https:\/\/repliquemangacine.fr\/es\/wp-json\/wp\/v2\/product"}],"about":[{"href":"https:\/\/repliquemangacine.fr\/es\/wp-json\/wp\/v2\/types\/product"}],"wp:featuredmedia":[{"embeddable":true,"href":"https:\/\/repliquemangacine.fr\/es\/wp-json\/wp\/v2\/media\/54402"}],"wp:attachment":[{"href":"https:\/\/repliquemangacine.fr\/es\/wp-json\/wp\/v2\/media?parent=54401"}],"wp:term":[{"taxonomy":"product_brand","embeddable":true,"href":"https:\/\/repliquemangacine.fr\/es\/wp-json\/wp\/v2\/product_brand?post=54401"},{"taxonomy":"product_cat","embeddable":true,"href":"https:\/\/repliquemangacine.fr\/es\/wp-json\/wp\/v2\/product_cat?post=54401"},{"taxonomy":"product_tag","embeddable":true,"href":"https:\/\/repliquemangacine.fr\/es\/wp-json\/wp\/v2\/product_tag?post=54401"}],"curies":[{"name":"wp","href":"https:\/\/api.w.org\/{rel}","templated":true}]}}