





{"id":54179,"date":"2022-10-21T13:45:02","date_gmt":"2022-10-21T11:45:02","guid":{"rendered":"https:\/\/repliquemangacine.fr\/?post_type=product&#038;p=54179"},"modified":"2026-01-15T13:00:31","modified_gmt":"2026-01-15T12:00:31","slug":"daryl-cuchillo-walking-dead","status":"publish","type":"product","link":"https:\/\/repliquemangacine.fr\/es\/armes-the-walking-dead\/couteau-daryl-walking-dead\/","title":{"rendered":"Cuchillo Daryl Walking Dead"},"content":{"rendered":"<h2>El cuchillo de Daryl de Walking Dead.<\/h2>\n<p>Para empezar, el <strong>El cuchillo de Daryl<\/strong> Walking Dead es la que usa contra <a href=\"https:\/\/walkingdead-fandom-com.translate.goog\/wiki\/Lance_Hornsby_(TV_Series)?_x_tr_sl=en&amp;_x_tr_tl=fr&amp;_x_tr_hl=fr&amp;_x_tr_pto=sc\" target=\"_blank\" rel=\"noopener noreferrer\">Lance Hornsby<\/a>. De hecho, en el episodio 18 de la temporada 11, Daryl amenaza con degollarlo, Carole interviene y Daryl le clava el pu\u00f1al en la mano.<\/p>\n<p>Daryl Dixon, protagonista de gran coraz\u00f3n en The Walking Dead. Experto cazador y rastreador experimentado, es uno de los personajes m\u00e1s queridos de la serie.<br \/>\nSus armas favoritas son las ballestas y las dagas. Debido a sus habilidades de supervivencia y a los v\u00ednculos que Daryl establece con los dem\u00e1s miembros, Rick lo considera un miembro importante del grupo.<\/p>\n<p>Daryl es alguien en quien se puede confiar y que es muy leal.<\/p>\n<h2>Tu Cuchillo Daryl al mejor precio.<\/h2>\n<p>Te ofrecemos una amplia selecci\u00f3n de r\u00e9plicas de la serie The Walking Dead.<\/p>\n<p>Lo primero y m\u00e1s importante,<\/p>\n<ul>\n<li>La r\u00e9plica del <a href=\"https:\/\/repliquemangacine.fr\/es\/los-muertos-vivientes\/carol-dagger-walking-dead\/\">La daga de Carole<\/a> versi\u00f3n con mango de madera en The Walking Dead.<\/li>\n<li>Tambi\u00e9n existe la <a href=\"https:\/\/repliquemangacine.fr\/es\/los-muertos-vivientes\/katana-de-michonne\/\">La katana de Michonne<\/a> en dos versiones, con y sin corte.<\/li>\n<li>Adem\u00e1s del famoso <a href=\"https:\/\/repliquemangacine.fr\/es\/los-muertos-vivientes\/replique-revolver-python-6-usa-1955\/\">El rev\u00f3lver de Rick<\/a>la Python 357.<\/li>\n<li>Y muchos m\u00e1s por descubrir en nuestra tienda en l\u00ednea.<\/li>\n<\/ul>\n<p>Por eso, aqu\u00ed tienes unas ideas fant\u00e1sticas para regalar a todos los fans de la serie.<\/p>\n<p>En conclusi\u00f3n, puede utilizar el cuchillo.<strong>\u00a0por Daryl<\/strong> Walking Dead para tus desfiles de cosplay o fiestas tem\u00e1ticas. Pero sobre todo, este cuchillo es una pieza de coleccionista y una pieza decorativa.<\/p>\n<h2>\u00bfC\u00f3mo se mantiene la hoja del cuchillo?<\/h2>\n<p>Los cuchillos de colecci\u00f3n y decorativos se fabrican y ensamblan de forma simplificada. Como su uso es decorativo, no cuentan con los elementos de seguridad exigidos para una espada japonesa destinada al entrenamiento.<\/p>\n<p>Sin embargo, su <strong>El cuchillo de Daryl<\/strong> a una hoja de acero que hay que cuidar para evitar que se estropee con el tiempo. Cuando exponga su katana, sus amigos sentir\u00e1n curiosidad por ver la hoja y tocarla. Aqu\u00ed es donde hay que tener cuidado, ya que la acidez de los dedos es muy perjudicial para el acero, sea cual sea su calidad.<\/p>\n<p>Sin embargo, si esto ocurre, no te asustes, todo lo que necesitas es un pa\u00f1o humedecido con un poco de aceite y limpiar las huellas dactilares. Si haces esto, tu espada durar\u00e1 mucho tiempo.<\/p>","protected":false},"excerpt":{"rendered":"<p>Cuchillo usado por Daryl contra Lance Hornsby en la Temporada 11.<\/p>\n<ul>\n<li>Hoja de acero inoxidable 420.<\/li>\n<li>Parte superior dentada con garganta.<\/li>\n<li>Mango de ABS acanalado.<\/li>\n<li>Sistema de bayoneta.<\/li>\n<li>Funda de cordura negra<\/li>\n<li>Longitud de la hoja: 19,5 cm<\/li>\n<li>Longitud total: 32,5 cm - Peso: 525 grs<\/li>\n<\/ul>","protected":false},"featured_media":54180,"template":"","meta":[],"product_brand":[896],"product_cat":[24,62],"product_tag":[],"class_list":{"0":"post-54179","1":"product","2":"type-product","3":"status-publish","4":"has-post-thumbnail","6":"product_brand-replique-manga-cine","7":"product_cat-films-series-tv-vente-de-katana-epee-et-produits-derives","8":"product_cat-armes-the-walking-dead","10":"first","11":"instock","12":"taxable","13":"shipping-taxable","14":"purchasable","15":"product-type-simple"},"yoast_head":"<!-- This site is optimized with the Yoast SEO plugin v27.4 - https:\/\/yoast.com\/product\/yoast-seo-wordpress\/ -->\n<title>Couteau de Daryl - The Walking Dead - R\u00e9plique Manga Cin\u00e9<\/title>\n<meta name=\"description\" content=\"Offrez-vous le Couteau de Daryl dans the Walking Dead au meilleur prix. Lame en acier 420 aff\u00fbt\u00e9e - Poign\u00e9e en Abs stri\u00e9e - Fourreau - Longueur : 32.5 cm\" \/>\n<meta name=\"robots\" content=\"index, follow, max-snippet:-1, max-image-preview:large, max-video-preview:-1\" \/>\n<link rel=\"canonical\" href=\"https:\/\/repliquemangacine.fr\/es\/armas-the-walking-dead\/daryl-cuchillo-walking-dead\/\" \/>\n<meta property=\"og:locale\" content=\"es_ES\" \/>\n<meta property=\"og:type\" content=\"article\" \/>\n<meta property=\"og:title\" content=\"Couteau de Daryl - The Walking Dead - R\u00e9plique Manga Cin\u00e9\" \/>\n<meta property=\"og:description\" content=\"Offrez-vous le Couteau de Daryl dans the Walking Dead au meilleur prix. Lame en acier 420 aff\u00fbt\u00e9e - Poign\u00e9e en Abs stri\u00e9e - Fourreau - Longueur : 32.5 cm\" \/>\n<meta property=\"og:url\" content=\"https:\/\/repliquemangacine.fr\/es\/armas-the-walking-dead\/daryl-cuchillo-walking-dead\/\" \/>\n<meta property=\"og:site_name\" content=\"R\u00e9plique Manga Cin\u00e9\" \/>\n<meta property=\"article:publisher\" content=\"https:\/\/www.facebook.com\/RepliqueMangaCine\" \/>\n<meta property=\"article:modified_time\" content=\"2026-01-15T12:00:31+00:00\" \/>\n<meta property=\"og:image\" content=\"https:\/\/repliquemangacine.fr\/wp-content\/uploads\/2023\/10\/Poignard-Daryl-Walking-Dead-fourreau.jpg\" \/>\n\t<meta property=\"og:image:width\" content=\"500\" \/>\n\t<meta property=\"og:image:height\" content=\"500\" \/>\n\t<meta property=\"og:image:type\" content=\"image\/jpeg\" \/>\n<meta name=\"twitter:card\" content=\"summary_large_image\" \/>\n<meta name=\"twitter:label1\" content=\"Tiempo de lectura\" \/>\n\t<meta name=\"twitter:data1\" content=\"3 minutos\" \/>\n<script type=\"application\/ld+json\" class=\"yoast-schema-graph\">{\"@context\":\"https:\\\/\\\/schema.org\",\"@graph\":[{\"@type\":\"WebPage\",\"@id\":\"https:\\\/\\\/repliquemangacine.fr\\\/armes-the-walking-dead\\\/couteau-daryl-walking-dead\\\/\",\"url\":\"https:\\\/\\\/repliquemangacine.fr\\\/armes-the-walking-dead\\\/couteau-daryl-walking-dead\\\/\",\"name\":\"Couteau de Daryl - The Walking Dead - R\u00e9plique Manga Cin\u00e9\",\"isPartOf\":{\"@id\":\"https:\\\/\\\/repliquemangacine.fr\\\/#website\"},\"primaryImageOfPage\":{\"@id\":\"https:\\\/\\\/repliquemangacine.fr\\\/armes-the-walking-dead\\\/couteau-daryl-walking-dead\\\/#primaryimage\"},\"image\":{\"@id\":\"https:\\\/\\\/repliquemangacine.fr\\\/armes-the-walking-dead\\\/couteau-daryl-walking-dead\\\/#primaryimage\"},\"thumbnailUrl\":\"https:\\\/\\\/repliquemangacine.fr\\\/wp-content\\\/uploads\\\/2023\\\/10\\\/Poignard-Daryl-Walking-Dead-fourreau.jpg\",\"datePublished\":\"2022-10-21T11:45:02+00:00\",\"dateModified\":\"2026-01-15T12:00:31+00:00\",\"description\":\"Offrez-vous le Couteau de Daryl dans the Walking Dead au meilleur prix. Lame en acier 420 aff\u00fbt\u00e9e - Poign\u00e9e en Abs stri\u00e9e - Fourreau - Longueur : 32.5 cm\",\"breadcrumb\":{\"@id\":\"https:\\\/\\\/repliquemangacine.fr\\\/armes-the-walking-dead\\\/couteau-daryl-walking-dead\\\/#breadcrumb\"},\"inLanguage\":\"es\",\"potentialAction\":[{\"@type\":\"ReadAction\",\"target\":[\"https:\\\/\\\/repliquemangacine.fr\\\/armes-the-walking-dead\\\/couteau-daryl-walking-dead\\\/\"]}]},{\"@type\":\"ImageObject\",\"inLanguage\":\"es\",\"@id\":\"https:\\\/\\\/repliquemangacine.fr\\\/armes-the-walking-dead\\\/couteau-daryl-walking-dead\\\/#primaryimage\",\"url\":\"https:\\\/\\\/repliquemangacine.fr\\\/wp-content\\\/uploads\\\/2023\\\/10\\\/Poignard-Daryl-Walking-Dead-fourreau.jpg\",\"contentUrl\":\"https:\\\/\\\/repliquemangacine.fr\\\/wp-content\\\/uploads\\\/2023\\\/10\\\/Poignard-Daryl-Walking-Dead-fourreau.jpg\",\"width\":500,\"height\":500,\"caption\":\"Poignard Daryl Walking Dead avec fourreau\"},{\"@type\":\"BreadcrumbList\",\"@id\":\"https:\\\/\\\/repliquemangacine.fr\\\/armes-the-walking-dead\\\/couteau-daryl-walking-dead\\\/#breadcrumb\",\"itemListElement\":[{\"@type\":\"ListItem\",\"position\":1,\"name\":\"Accueil\",\"item\":\"https:\\\/\\\/repliquemangacine.fr\\\/\"},{\"@type\":\"ListItem\",\"position\":2,\"name\":\"Produits\",\"item\":\"https:\\\/\\\/repliquemangacine.fr\\\/boutique\\\/\"},{\"@type\":\"ListItem\",\"position\":3,\"name\":\"Couteau Daryl Walking Dead\"}]},{\"@type\":\"WebSite\",\"@id\":\"https:\\\/\\\/repliquemangacine.fr\\\/#website\",\"url\":\"https:\\\/\\\/repliquemangacine.fr\\\/\",\"name\":\"R\u00e9plique Manga Cin\u00e9\",\"description\":\"\",\"publisher\":{\"@id\":\"https:\\\/\\\/repliquemangacine.fr\\\/#organization\"},\"potentialAction\":[{\"@type\":\"SearchAction\",\"target\":{\"@type\":\"EntryPoint\",\"urlTemplate\":\"https:\\\/\\\/repliquemangacine.fr\\\/?s={search_term_string}\"},\"query-input\":{\"@type\":\"PropertyValueSpecification\",\"valueRequired\":true,\"valueName\":\"search_term_string\"}}],\"inLanguage\":\"es\"},{\"@type\":\"Organization\",\"@id\":\"https:\\\/\\\/repliquemangacine.fr\\\/#organization\",\"name\":\"R\u00e9plique Manga Cin\u00e9\",\"url\":\"https:\\\/\\\/repliquemangacine.fr\\\/\",\"logo\":{\"@type\":\"ImageObject\",\"inLanguage\":\"es\",\"@id\":\"https:\\\/\\\/repliquemangacine.fr\\\/#\\\/schema\\\/logo\\\/image\\\/\",\"url\":\"https:\\\/\\\/repliquemangacine.fr\\\/wp-content\\\/uploads\\\/2023\\\/10\\\/RMC-500250.png\",\"contentUrl\":\"https:\\\/\\\/repliquemangacine.fr\\\/wp-content\\\/uploads\\\/2023\\\/10\\\/RMC-500250.png\",\"width\":500,\"height\":250,\"caption\":\"R\u00e9plique Manga Cin\u00e9\"},\"image\":{\"@id\":\"https:\\\/\\\/repliquemangacine.fr\\\/#\\\/schema\\\/logo\\\/image\\\/\"},\"sameAs\":[\"https:\\\/\\\/www.facebook.com\\\/RepliqueMangaCine\",\"https:\\\/\\\/www.instagram.com\\\/repliquemangacine.fr\\\/\"]}]}<\/script>\n<!-- \/ Yoast SEO plugin. -->","yoast_head_json":{"title":"Cuchillo de Daryl - The Walking Dead - R\u00e9plique Manga Cin\u00e9","description":"Reg\u00e1late el cuchillo de Daryl en The Walking Dead al mejor precio. Hoja de acero 420 afilada - Mango de Abs estriado - Vaina - Longitud : 32,5 cm.","robots":{"index":"index","follow":"follow","max-snippet":"max-snippet:-1","max-image-preview":"max-image-preview:large","max-video-preview":"max-video-preview:-1"},"canonical":"https:\/\/repliquemangacine.fr\/es\/armas-the-walking-dead\/daryl-cuchillo-walking-dead\/","og_locale":"es_ES","og_type":"article","og_title":"Couteau de Daryl - The Walking Dead - R\u00e9plique Manga Cin\u00e9","og_description":"Offrez-vous le Couteau de Daryl dans the Walking Dead au meilleur prix. Lame en acier 420 aff\u00fbt\u00e9e - Poign\u00e9e en Abs stri\u00e9e - Fourreau - Longueur : 32.5 cm","og_url":"https:\/\/repliquemangacine.fr\/es\/armas-the-walking-dead\/daryl-cuchillo-walking-dead\/","og_site_name":"R\u00e9plique Manga Cin\u00e9","article_publisher":"https:\/\/www.facebook.com\/RepliqueMangaCine","article_modified_time":"2026-01-15T12:00:31+00:00","og_image":[{"width":500,"height":500,"url":"https:\/\/repliquemangacine.fr\/wp-content\/uploads\/2023\/10\/Poignard-Daryl-Walking-Dead-fourreau.jpg","type":"image\/jpeg"}],"twitter_card":"summary_large_image","twitter_misc":{"Tiempo de lectura":"3 minutos"},"schema":{"@context":"https:\/\/schema.org","@graph":[{"@type":"WebPage","@id":"https:\/\/repliquemangacine.fr\/armes-the-walking-dead\/couteau-daryl-walking-dead\/","url":"https:\/\/repliquemangacine.fr\/armes-the-walking-dead\/couteau-daryl-walking-dead\/","name":"Cuchillo de Daryl - The Walking Dead - R\u00e9plique Manga Cin\u00e9","isPartOf":{"@id":"https:\/\/repliquemangacine.fr\/#website"},"primaryImageOfPage":{"@id":"https:\/\/repliquemangacine.fr\/armes-the-walking-dead\/couteau-daryl-walking-dead\/#primaryimage"},"image":{"@id":"https:\/\/repliquemangacine.fr\/armes-the-walking-dead\/couteau-daryl-walking-dead\/#primaryimage"},"thumbnailUrl":"https:\/\/repliquemangacine.fr\/wp-content\/uploads\/2023\/10\/Poignard-Daryl-Walking-Dead-fourreau.jpg","datePublished":"2022-10-21T11:45:02+00:00","dateModified":"2026-01-15T12:00:31+00:00","description":"Reg\u00e1late el cuchillo de Daryl en The Walking Dead al mejor precio. Hoja de acero 420 afilada - Mango de Abs estriado - Vaina - Longitud : 32,5 cm.","breadcrumb":{"@id":"https:\/\/repliquemangacine.fr\/armes-the-walking-dead\/couteau-daryl-walking-dead\/#breadcrumb"},"inLanguage":"es","potentialAction":[{"@type":"ReadAction","target":["https:\/\/repliquemangacine.fr\/armes-the-walking-dead\/couteau-daryl-walking-dead\/"]}]},{"@type":"ImageObject","inLanguage":"es","@id":"https:\/\/repliquemangacine.fr\/armes-the-walking-dead\/couteau-daryl-walking-dead\/#primaryimage","url":"https:\/\/repliquemangacine.fr\/wp-content\/uploads\/2023\/10\/Poignard-Daryl-Walking-Dead-fourreau.jpg","contentUrl":"https:\/\/repliquemangacine.fr\/wp-content\/uploads\/2023\/10\/Poignard-Daryl-Walking-Dead-fourreau.jpg","width":500,"height":500,"caption":"Poignard Daryl Walking Dead avec fourreau"},{"@type":"BreadcrumbList","@id":"https:\/\/repliquemangacine.fr\/armes-the-walking-dead\/couteau-daryl-walking-dead\/#breadcrumb","itemListElement":[{"@type":"ListItem","position":1,"name":"Accueil","item":"https:\/\/repliquemangacine.fr\/"},{"@type":"ListItem","position":2,"name":"Produits","item":"https:\/\/repliquemangacine.fr\/boutique\/"},{"@type":"ListItem","position":3,"name":"Couteau Daryl Walking Dead"}]},{"@type":"WebSite","@id":"https:\/\/repliquemangacine.fr\/#website","url":"https:\/\/repliquemangacine.fr\/","name":"R\u00e9plique Manga Cin\u00e9","description":"","publisher":{"@id":"https:\/\/repliquemangacine.fr\/#organization"},"potentialAction":[{"@type":"SearchAction","target":{"@type":"EntryPoint","urlTemplate":"https:\/\/repliquemangacine.fr\/?s={search_term_string}"},"query-input":{"@type":"PropertyValueSpecification","valueRequired":true,"valueName":"search_term_string"}}],"inLanguage":"es"},{"@type":"Organization","@id":"https:\/\/repliquemangacine.fr\/#organization","name":"R\u00e9plique Manga Cin\u00e9","url":"https:\/\/repliquemangacine.fr\/","logo":{"@type":"ImageObject","inLanguage":"es","@id":"https:\/\/repliquemangacine.fr\/#\/schema\/logo\/image\/","url":"https:\/\/repliquemangacine.fr\/wp-content\/uploads\/2023\/10\/RMC-500250.png","contentUrl":"https:\/\/repliquemangacine.fr\/wp-content\/uploads\/2023\/10\/RMC-500250.png","width":500,"height":250,"caption":"R\u00e9plique Manga Cin\u00e9"},"image":{"@id":"https:\/\/repliquemangacine.fr\/#\/schema\/logo\/image\/"},"sameAs":["https:\/\/www.facebook.com\/RepliqueMangaCine","https:\/\/www.instagram.com\/repliquemangacine.fr\/"]}]}},"_links":{"self":[{"href":"https:\/\/repliquemangacine.fr\/es\/wp-json\/wp\/v2\/product\/54179","targetHints":{"allow":["GET"]}}],"collection":[{"href":"https:\/\/repliquemangacine.fr\/es\/wp-json\/wp\/v2\/product"}],"about":[{"href":"https:\/\/repliquemangacine.fr\/es\/wp-json\/wp\/v2\/types\/product"}],"wp:featuredmedia":[{"embeddable":true,"href":"https:\/\/repliquemangacine.fr\/es\/wp-json\/wp\/v2\/media\/54180"}],"wp:attachment":[{"href":"https:\/\/repliquemangacine.fr\/es\/wp-json\/wp\/v2\/media?parent=54179"}],"wp:term":[{"taxonomy":"product_brand","embeddable":true,"href":"https:\/\/repliquemangacine.fr\/es\/wp-json\/wp\/v2\/product_brand?post=54179"},{"taxonomy":"product_cat","embeddable":true,"href":"https:\/\/repliquemangacine.fr\/es\/wp-json\/wp\/v2\/product_cat?post=54179"},{"taxonomy":"product_tag","embeddable":true,"href":"https:\/\/repliquemangacine.fr\/es\/wp-json\/wp\/v2\/product_tag?post=54179"}],"curies":[{"name":"wp","href":"https:\/\/api.w.org\/{rel}","templated":true}]}}