





{"id":54147,"date":"2022-10-20T16:49:28","date_gmt":"2022-10-20T14:49:28","guid":{"rendered":"https:\/\/repliquemangacine.fr\/?post_type=product&#038;p=54147"},"modified":"2025-12-03T06:49:19","modified_gmt":"2025-12-03T05:49:19","slug":"caja-de-13-piezas-de-zelda","status":"publish","type":"product","link":"https:\/\/repliquemangacine.fr\/es\/divers-goodies\/coffret-13-pieces-zelda\/","title":{"rendered":"Set de 13 llaveros Zelda"},"content":{"rendered":"<h2>Set de 13 llaveros Zelda<\/h2>\n<p>Para empezar, el <strong>Set de 13 llaveros Zelda<\/strong> Es un conjunto de 13 piezas que pueden utilizarse como llaveros o collares, seg\u00fan se desee.<\/p>\n<p>La historia que sirve de base para la mayor\u00eda de los episodios de la serie es la del h\u00e9roe Link, que debe liberar el reino de Hyrule y a su princesa, Zelda, de las garras del se\u00f1or del Mal, Ganon.<br \/>\nLa acci\u00f3n pone en juego la <a href=\"https:\/\/zelda.fandom.com\/fr\/wiki\/Triforce\" target=\"_blank\" rel=\"noopener noreferrer\">Trifuerza<\/a> que es una reliquia divina con forma de tres tri\u00e1ngulos dorados que permite conceder un deseo a cualquiera que la toque.<\/p>\n<p>Link abandona su hogar para luchar contra las fuerzas del mal. Aunque al principio del juego no parece saber manejar muy bien las armas, r\u00e1pidamente domina nuevas t\u00e9cnicas.<\/p>\n<h2>Tu Set de 13 llaveros Zelda al mejor precio.<\/h2>\n<p>Te ofrecemos una amplia selecci\u00f3n de r\u00e9plicas del videojuego Zelda.<\/p>\n<p>Ante todo<\/p>\n<ul>\n<li>Lo imprescindible <a href=\"https:\/\/repliquemangacine.fr\/es\/zelda\/bouclier-de-zelda-en-mousse-bouclier-hylian-de-link\/\">Escudo de espuma Link<\/a> con su trifuerza.<\/li>\n<li>Tambi\u00e9n est\u00e1 el famoso <a href=\"https:\/\/repliquemangacine.fr\/es\/zelda\/espada-maestra-espada-zelda\/\">legendaria Espada Maestra<\/a>.<\/li>\n<li>As\u00ed como el<a href=\"https:\/\/repliquemangacine.fr\/es\/zelda\/zelda-leyenda-espada-link-espada\/\">La espada de Link<\/a> con su trifuerza en la hoja.<\/li>\n<li>Y muchos m\u00e1s por descubrir en nuestra tienda en l\u00ednea.<\/li>\n<\/ul>\n<p>Por eso, aqu\u00ed tienes una idea genial para regalar a todos los fans del videojuego Zelda.<\/p>\n<p>En conclusi\u00f3n, puede utilizar el <strong>Set de 13 llaveros Zelda<\/strong> en la vida cotidiana, como collar o llavero, como desee. Pero, sobre todo, es una pieza de coleccionista.<\/p>\n<p>R\u00e9plique Manga Cin\u00e9 es una empresa familiar francesa.<\/p>\n<h2><strong>\u00bfC\u00f3mo mantengo la hoja de mis espadas?<\/strong><\/h2>\n<p>Las espadas de colecci\u00f3n y decorativas se fabrican y ensamblan de forma simplificada. Como su uso es decorativo, no cuentan con los elementos de seguridad necesarios para una espada japonesa destinada al entrenamiento.<\/p>\n<p>Sin embargo, su <strong>Set de 13 llaveros Zelda<\/strong> a una hoja de acero que hay que mantener para evitar que se da\u00f1e con el tiempo. Cuando muestres tu espada, tus amigos sentir\u00e1n curiosidad por ver la hoja y tocarla. Aqu\u00ed es donde hay que tener cuidado, porque la acidez de los dedos es muy perjudicial para el acero, sea cual sea su calidad.<\/p>\n<p>Sin embargo, si esto ocurre, no te asustes, todo lo que necesitas es un pa\u00f1o humedecido con un poco de aceite y limpiar las huellas dactilares. Si haces esto, tu espada durar\u00e1 mucho tiempo.<\/p>","protected":false},"excerpt":{"rendered":"<p>Magn\u00edfico juego de cajas de Zelda de 13 piezas que incluye :<\/p>\n<ul>\n<li>7 espadas de juego, cada una de 8 cm de largo<\/li>\n<li>Cada espada tiene su propia trifuerza<\/li>\n<li>1 placa con el emblema de la trifuerza<\/li>\n<li>1 placa de escudo y espada<\/li>\n<li>1 Espada maestra de oro<\/li>\n<li>1 vaina de espada maestra<\/li>\n<li>1 collar de cuerda<\/li>\n<li>1 llavero mosquet\u00f3n peque\u00f1o<\/li>\n<li>Caja de coleccionista con el juego<\/li>\n<\/ul>","protected":false},"featured_media":54148,"template":"","meta":[],"product_brand":[896],"product_cat":[98,94,23,56],"product_tag":[],"class_list":{"0":"post-54147","1":"product","2":"type-product","3":"status-publish","4":"has-post-thumbnail","6":"product_brand-replique-manga-cine","7":"product_cat-divers-goodies","8":"product_cat-goodies","9":"product_cat-repliques-manga-jeux-video","10":"product_cat-epee-zelda","12":"first","13":"instock","14":"taxable","15":"shipping-taxable","16":"purchasable","17":"product-type-simple"},"yoast_head":"<!-- This site is optimized with the Yoast SEO plugin v27.5 - https:\/\/yoast.com\/product\/yoast-seo-wordpress\/ -->\n<title>Coffret 13 porte-cl\u00e9s Zelda - Goodies - R\u00e9plique Manga Cin\u00e9<\/title>\n<meta name=\"description\" content=\"Superbe Coffret 13 pi\u00e8ces Zelda que vous pouvez utiliser dans la vie de tous les jours, soit en collier ou en porte-cl\u00e9s selon votre envie. Boite collector\" \/>\n<meta name=\"robots\" content=\"index, follow, max-snippet:-1, max-image-preview:large, max-video-preview:-1\" \/>\n<link rel=\"canonical\" href=\"https:\/\/repliquemangacine.fr\/es\/varias-golosinas\/caja-de-13-piezas-de-zelda\/\" \/>\n<meta property=\"og:locale\" content=\"es_ES\" \/>\n<meta property=\"og:type\" content=\"article\" \/>\n<meta property=\"og:title\" content=\"Coffret 13 porte-cl\u00e9s Zelda - Goodies - R\u00e9plique Manga Cin\u00e9\" \/>\n<meta property=\"og:description\" content=\"Superbe Coffret 13 pi\u00e8ces Zelda que vous pouvez utiliser dans la vie de tous les jours, soit en collier ou en porte-cl\u00e9s selon votre envie. Boite collector\" \/>\n<meta property=\"og:url\" content=\"https:\/\/repliquemangacine.fr\/es\/varias-golosinas\/caja-de-13-piezas-de-zelda\/\" \/>\n<meta property=\"og:site_name\" content=\"R\u00e9plique Manga Cin\u00e9\" \/>\n<meta property=\"article:publisher\" content=\"https:\/\/www.facebook.com\/RepliqueMangaCine\" \/>\n<meta property=\"article:modified_time\" content=\"2025-12-03T05:49:19+00:00\" \/>\n<meta property=\"og:image\" content=\"https:\/\/repliquemangacine.fr\/wp-content\/uploads\/2023\/10\/Coffret-13-pieces-Zelda-collector.jpg\" \/>\n\t<meta property=\"og:image:width\" content=\"500\" \/>\n\t<meta property=\"og:image:height\" content=\"500\" \/>\n\t<meta property=\"og:image:type\" content=\"image\/jpeg\" \/>\n<meta name=\"twitter:card\" content=\"summary_large_image\" \/>\n<meta name=\"twitter:label1\" content=\"Tiempo de lectura\" \/>\n\t<meta name=\"twitter:data1\" content=\"2 minutos\" \/>\n<script type=\"application\/ld+json\" class=\"yoast-schema-graph\">{\"@context\":\"https:\\\/\\\/schema.org\",\"@graph\":[{\"@type\":\"WebPage\",\"@id\":\"https:\\\/\\\/repliquemangacine.fr\\\/en\\\/various-goodies\\\/13-piece-zelda-set\\\/\",\"url\":\"https:\\\/\\\/repliquemangacine.fr\\\/en\\\/various-goodies\\\/13-piece-zelda-set\\\/\",\"name\":\"Coffret 13 porte-cl\u00e9s Zelda - Goodies - R\u00e9plique Manga Cin\u00e9\",\"isPartOf\":{\"@id\":\"https:\\\/\\\/repliquemangacine.fr\\\/#website\"},\"primaryImageOfPage\":{\"@id\":\"https:\\\/\\\/repliquemangacine.fr\\\/en\\\/various-goodies\\\/13-piece-zelda-set\\\/#primaryimage\"},\"image\":{\"@id\":\"https:\\\/\\\/repliquemangacine.fr\\\/en\\\/various-goodies\\\/13-piece-zelda-set\\\/#primaryimage\"},\"thumbnailUrl\":\"https:\\\/\\\/repliquemangacine.fr\\\/wp-content\\\/uploads\\\/2023\\\/10\\\/Coffret-13-pieces-Zelda-collector.jpg\",\"datePublished\":\"2022-10-20T14:49:28+00:00\",\"dateModified\":\"2025-12-03T05:49:19+00:00\",\"description\":\"Superbe Coffret 13 pi\u00e8ces Zelda que vous pouvez utiliser dans la vie de tous les jours, soit en collier ou en porte-cl\u00e9s selon votre envie. Boite collector\",\"breadcrumb\":{\"@id\":\"https:\\\/\\\/repliquemangacine.fr\\\/en\\\/various-goodies\\\/13-piece-zelda-set\\\/#breadcrumb\"},\"inLanguage\":\"es\",\"potentialAction\":[{\"@type\":\"ReadAction\",\"target\":[\"https:\\\/\\\/repliquemangacine.fr\\\/en\\\/various-goodies\\\/13-piece-zelda-set\\\/\"]}]},{\"@type\":\"ImageObject\",\"inLanguage\":\"es\",\"@id\":\"https:\\\/\\\/repliquemangacine.fr\\\/en\\\/various-goodies\\\/13-piece-zelda-set\\\/#primaryimage\",\"url\":\"https:\\\/\\\/repliquemangacine.fr\\\/wp-content\\\/uploads\\\/2023\\\/10\\\/Coffret-13-pieces-Zelda-collector.jpg\",\"contentUrl\":\"https:\\\/\\\/repliquemangacine.fr\\\/wp-content\\\/uploads\\\/2023\\\/10\\\/Coffret-13-pieces-Zelda-collector.jpg\",\"width\":500,\"height\":500,\"caption\":\"Coffret 13 pi\u00e8ces Zelda boite collector\"},{\"@type\":\"BreadcrumbList\",\"@id\":\"https:\\\/\\\/repliquemangacine.fr\\\/en\\\/various-goodies\\\/13-piece-zelda-set\\\/#breadcrumb\",\"itemListElement\":[{\"@type\":\"ListItem\",\"position\":1,\"name\":\"Accueil\",\"item\":\"https:\\\/\\\/repliquemangacine.fr\\\/\"},{\"@type\":\"ListItem\",\"position\":2,\"name\":\"Produits\",\"item\":\"https:\\\/\\\/repliquemangacine.fr\\\/boutique\\\/\"},{\"@type\":\"ListItem\",\"position\":3,\"name\":\"Coffret 13 porte-cl\u00e9s Zelda\"}]},{\"@type\":\"WebSite\",\"@id\":\"https:\\\/\\\/repliquemangacine.fr\\\/#website\",\"url\":\"https:\\\/\\\/repliquemangacine.fr\\\/\",\"name\":\"R\u00e9plique Manga Cin\u00e9\",\"description\":\"\",\"publisher\":{\"@id\":\"https:\\\/\\\/repliquemangacine.fr\\\/#organization\"},\"potentialAction\":[{\"@type\":\"SearchAction\",\"target\":{\"@type\":\"EntryPoint\",\"urlTemplate\":\"https:\\\/\\\/repliquemangacine.fr\\\/?s={search_term_string}\"},\"query-input\":{\"@type\":\"PropertyValueSpecification\",\"valueRequired\":true,\"valueName\":\"search_term_string\"}}],\"inLanguage\":\"es\"},{\"@type\":\"Organization\",\"@id\":\"https:\\\/\\\/repliquemangacine.fr\\\/#organization\",\"name\":\"R\u00e9plique Manga Cin\u00e9\",\"url\":\"https:\\\/\\\/repliquemangacine.fr\\\/\",\"logo\":{\"@type\":\"ImageObject\",\"inLanguage\":\"es\",\"@id\":\"https:\\\/\\\/repliquemangacine.fr\\\/#\\\/schema\\\/logo\\\/image\\\/\",\"url\":\"https:\\\/\\\/repliquemangacine.fr\\\/wp-content\\\/uploads\\\/2023\\\/10\\\/RMC-500250.png\",\"contentUrl\":\"https:\\\/\\\/repliquemangacine.fr\\\/wp-content\\\/uploads\\\/2023\\\/10\\\/RMC-500250.png\",\"width\":500,\"height\":250,\"caption\":\"R\u00e9plique Manga Cin\u00e9\"},\"image\":{\"@id\":\"https:\\\/\\\/repliquemangacine.fr\\\/#\\\/schema\\\/logo\\\/image\\\/\"},\"sameAs\":[\"https:\\\/\\\/www.facebook.com\\\/RepliqueMangaCine\",\"https:\\\/\\\/www.instagram.com\\\/repliquemangacine.fr\\\/\"]}]}<\/script>\n<!-- \/ Yoast SEO plugin. -->","yoast_head_json":{"title":"Set de 13 llaveros Zelda - Goodies - R\u00e9plique Manga Cin\u00e9","description":"Magn\u00edfica caja de 13 piezas de Zelda que podr\u00e1s utilizar en tu vida diaria, como collar o llavero, seg\u00fan te apetezca. Caja de coleccionista","robots":{"index":"index","follow":"follow","max-snippet":"max-snippet:-1","max-image-preview":"max-image-preview:large","max-video-preview":"max-video-preview:-1"},"canonical":"https:\/\/repliquemangacine.fr\/es\/varias-golosinas\/caja-de-13-piezas-de-zelda\/","og_locale":"es_ES","og_type":"article","og_title":"Coffret 13 porte-cl\u00e9s Zelda - Goodies - R\u00e9plique Manga Cin\u00e9","og_description":"Superbe Coffret 13 pi\u00e8ces Zelda que vous pouvez utiliser dans la vie de tous les jours, soit en collier ou en porte-cl\u00e9s selon votre envie. Boite collector","og_url":"https:\/\/repliquemangacine.fr\/es\/varias-golosinas\/caja-de-13-piezas-de-zelda\/","og_site_name":"R\u00e9plique Manga Cin\u00e9","article_publisher":"https:\/\/www.facebook.com\/RepliqueMangaCine","article_modified_time":"2025-12-03T05:49:19+00:00","og_image":[{"width":500,"height":500,"url":"https:\/\/repliquemangacine.fr\/wp-content\/uploads\/2023\/10\/Coffret-13-pieces-Zelda-collector.jpg","type":"image\/jpeg"}],"twitter_card":"summary_large_image","twitter_misc":{"Tiempo de lectura":"2 minutos"},"schema":{"@context":"https:\/\/schema.org","@graph":[{"@type":"WebPage","@id":"https:\/\/repliquemangacine.fr\/en\/various-goodies\/13-piece-zelda-set\/","url":"https:\/\/repliquemangacine.fr\/en\/various-goodies\/13-piece-zelda-set\/","name":"Set de 13 llaveros Zelda - Goodies - R\u00e9plique Manga Cin\u00e9","isPartOf":{"@id":"https:\/\/repliquemangacine.fr\/#website"},"primaryImageOfPage":{"@id":"https:\/\/repliquemangacine.fr\/en\/various-goodies\/13-piece-zelda-set\/#primaryimage"},"image":{"@id":"https:\/\/repliquemangacine.fr\/en\/various-goodies\/13-piece-zelda-set\/#primaryimage"},"thumbnailUrl":"https:\/\/repliquemangacine.fr\/wp-content\/uploads\/2023\/10\/Coffret-13-pieces-Zelda-collector.jpg","datePublished":"2022-10-20T14:49:28+00:00","dateModified":"2025-12-03T05:49:19+00:00","description":"Magn\u00edfica caja de 13 piezas de Zelda que podr\u00e1s utilizar en tu vida diaria, como collar o llavero, seg\u00fan te apetezca. Caja de coleccionista","breadcrumb":{"@id":"https:\/\/repliquemangacine.fr\/en\/various-goodies\/13-piece-zelda-set\/#breadcrumb"},"inLanguage":"es","potentialAction":[{"@type":"ReadAction","target":["https:\/\/repliquemangacine.fr\/en\/various-goodies\/13-piece-zelda-set\/"]}]},{"@type":"ImageObject","inLanguage":"es","@id":"https:\/\/repliquemangacine.fr\/en\/various-goodies\/13-piece-zelda-set\/#primaryimage","url":"https:\/\/repliquemangacine.fr\/wp-content\/uploads\/2023\/10\/Coffret-13-pieces-Zelda-collector.jpg","contentUrl":"https:\/\/repliquemangacine.fr\/wp-content\/uploads\/2023\/10\/Coffret-13-pieces-Zelda-collector.jpg","width":500,"height":500,"caption":"Coffret 13 pi\u00e8ces Zelda boite collector"},{"@type":"BreadcrumbList","@id":"https:\/\/repliquemangacine.fr\/en\/various-goodies\/13-piece-zelda-set\/#breadcrumb","itemListElement":[{"@type":"ListItem","position":1,"name":"Accueil","item":"https:\/\/repliquemangacine.fr\/"},{"@type":"ListItem","position":2,"name":"Produits","item":"https:\/\/repliquemangacine.fr\/boutique\/"},{"@type":"ListItem","position":3,"name":"Coffret 13 porte-cl\u00e9s Zelda"}]},{"@type":"WebSite","@id":"https:\/\/repliquemangacine.fr\/#website","url":"https:\/\/repliquemangacine.fr\/","name":"R\u00e9plique Manga Cin\u00e9","description":"","publisher":{"@id":"https:\/\/repliquemangacine.fr\/#organization"},"potentialAction":[{"@type":"SearchAction","target":{"@type":"EntryPoint","urlTemplate":"https:\/\/repliquemangacine.fr\/?s={search_term_string}"},"query-input":{"@type":"PropertyValueSpecification","valueRequired":true,"valueName":"search_term_string"}}],"inLanguage":"es"},{"@type":"Organization","@id":"https:\/\/repliquemangacine.fr\/#organization","name":"R\u00e9plique Manga Cin\u00e9","url":"https:\/\/repliquemangacine.fr\/","logo":{"@type":"ImageObject","inLanguage":"es","@id":"https:\/\/repliquemangacine.fr\/#\/schema\/logo\/image\/","url":"https:\/\/repliquemangacine.fr\/wp-content\/uploads\/2023\/10\/RMC-500250.png","contentUrl":"https:\/\/repliquemangacine.fr\/wp-content\/uploads\/2023\/10\/RMC-500250.png","width":500,"height":250,"caption":"R\u00e9plique Manga Cin\u00e9"},"image":{"@id":"https:\/\/repliquemangacine.fr\/#\/schema\/logo\/image\/"},"sameAs":["https:\/\/www.facebook.com\/RepliqueMangaCine","https:\/\/www.instagram.com\/repliquemangacine.fr\/"]}]}},"_links":{"self":[{"href":"https:\/\/repliquemangacine.fr\/es\/wp-json\/wp\/v2\/product\/54147","targetHints":{"allow":["GET"]}}],"collection":[{"href":"https:\/\/repliquemangacine.fr\/es\/wp-json\/wp\/v2\/product"}],"about":[{"href":"https:\/\/repliquemangacine.fr\/es\/wp-json\/wp\/v2\/types\/product"}],"wp:featuredmedia":[{"embeddable":true,"href":"https:\/\/repliquemangacine.fr\/es\/wp-json\/wp\/v2\/media\/54148"}],"wp:attachment":[{"href":"https:\/\/repliquemangacine.fr\/es\/wp-json\/wp\/v2\/media?parent=54147"}],"wp:term":[{"taxonomy":"product_brand","embeddable":true,"href":"https:\/\/repliquemangacine.fr\/es\/wp-json\/wp\/v2\/product_brand?post=54147"},{"taxonomy":"product_cat","embeddable":true,"href":"https:\/\/repliquemangacine.fr\/es\/wp-json\/wp\/v2\/product_cat?post=54147"},{"taxonomy":"product_tag","embeddable":true,"href":"https:\/\/repliquemangacine.fr\/es\/wp-json\/wp\/v2\/product_tag?post=54147"}],"curies":[{"name":"wp","href":"https:\/\/api.w.org\/{rel}","templated":true}]}}