





{"id":54140,"date":"2022-10-20T15:55:32","date_gmt":"2022-10-20T13:55:32","guid":{"rendered":"https:\/\/repliquemangacine.fr\/?post_type=product&#038;p=54140"},"modified":"2025-10-15T13:40:48","modified_gmt":"2025-10-15T11:40:48","slug":"estuche-de-16-piezas-de-una-sola-pieza","status":"publish","type":"product","link":"https:\/\/repliquemangacine.fr\/es\/divers-goodies\/coffret-16-pieces-one-piece\/","title":{"rendered":"Juego de 16 piezas One Piece"},"content":{"rendered":"<h2>Juego de 16 piezas One Piece<\/h2>\n<p>Para empezar, el estuche de 16 piezas One Piece es un conjunto de 16 llaveros de metal.<\/p>\n<p>La historia sigue principalmente a la tripulaci\u00f3n del Sombrero de Paja, liderada por su capit\u00e1n Monkey D. Luffy. Un chico cuyo cuerpo adquiri\u00f3 las propiedades del caucho tras comer inadvertidamente una fruta del demonio, la Gum Gum.<\/p>\n<p>Si bien la aventura es la palabra clave del manga, One Piece no deja de estar salpicado de combates. Estos se basan, por un lado, en t\u00e9cnicas de combate propias del contexto (sables, ca\u00f1ones, etc.). Roronoa Zoro y Mihawk son excelentes espadachines.<\/p>\n<p>Cabe destacar que One Piece es el manga y anime m\u00e1s vendido del mundo. El 21\/11\/2021 se estren\u00f3 el episodio n\u00famero 1000, un acontecimiento que <a href=\"https:\/\/www.bfmtv.com\/people\/series\/one-piece-pourquoi-la-diffusion-de-l-episode-1000-est-un-evenement-historique_AN-202111210067.html\" target=\"_blank\" rel=\"noopener noreferrer\">BFMTV<\/a> ha hablado.<\/p>\n<h2>Tu juego de 16 piezas One Piece al mejor precio.<\/h2>\n<p>Te ofrecemos una amplia selecci\u00f3n de r\u00e9plicas del manga animado One Piece.<\/p>\n<p>Ante todo<\/p>\n<ul>\n<li>La inmensa <a href=\"https:\/\/repliquemangacine.fr\/es\/una-pieza\/sabre-kokuto-yoru-epee-de-dracule-mihawk\/\">Espada Yoru de Mihawk<\/a> con su guardia cruzada.<\/li>\n<li>Tambi\u00e9n existe la <a href=\"https:\/\/repliquemangacine.fr\/es\/una-pieza\/katana-kikoku-trafalgar-law-104cm\/\">Katana Trafalgar<\/a> Derecho en dos dimensiones.<\/li>\n<li>As\u00ed como el<a href=\"https:\/\/repliquemangacine.fr\/es\/una-pieza\/katana-enma-de-zoro-cuir-violet\/\">La espada de Zoro Enma<\/a> en una lujosa versi\u00f3n con funda de cuero.<\/li>\n<li>Y muchos m\u00e1s por descubrir en nuestra tienda en l\u00ednea.<\/li>\n<\/ul>\n<p>Por eso, esta es una idea genial para regalar a todos los fans de One Piece.<\/p>\n<p>En conclusi\u00f3n, puede utilizar el <strong>Juego de 16 piezas One Piece<\/strong> en la vida cotidiana, como collar o llavero, como desee. Pero, sobre todo, es una pieza de coleccionista.<\/p>\n<p>R\u00e9plique Manga Cin\u00e9 es una empresa familiar francesa.<\/p>\n<h2>\u00bfC\u00f3mo cuido la hoja de mis llaveros espada?<\/h2>\n<p>Las espadas de colecci\u00f3n y decorativas se fabrican y ensamblan de forma simplificada. Como su uso es decorativo, no cuentan con los elementos de seguridad necesarios para una espada japonesa destinada al entrenamiento.<\/p>\n<p>Sin embargo, <strong>Juego de 16 piezas One Piece<\/strong> a una hoja de acero que hay que mantener para evitar que se da\u00f1e con el tiempo. Cuando muestres tu espada, tus amigos sentir\u00e1n curiosidad por ver la hoja y tocarla. Aqu\u00ed es donde hay que tener cuidado, porque la acidez de los dedos es muy perjudicial para el acero, sea cual sea su calidad.<\/p>\n<p>Sin embargo, si esto ocurre, no te asustes, todo lo que necesitas es un pa\u00f1o humedecido con un poco de aceite y limpiar las huellas dactilares. Si haces esto, tu espada durar\u00e1 mucho tiempo.<\/p>","protected":false},"excerpt":{"rendered":"<p>Magn\u00edfica caja de 16 piezas de One Piece que incluye:<\/p>\n<ul>\n<li>1 espada Trafalgar Law y vaina<\/li>\n<li>4 espadas zoro<\/li>\n<li>2 anillos con logotipo de una pieza<\/li>\n<li>3 logotipos de piratas de One Piece<\/li>\n<li>3 palos dorados<\/li>\n<li>1 Collar de cuerda con cierre de mosquet\u00f3n peque\u00f1o.<\/li>\n<li>1 Llavero<\/li>\n<li>1 Llavero mosquet\u00f3n peque\u00f1o<\/li>\n<li>Caja de colecci\u00f3n con el manga<\/li>\n<li>Interior de terciopelo rojo<\/li>\n<\/ul>","protected":false},"featured_media":54141,"template":"","meta":[],"product_brand":[896],"product_cat":[98,94,23,36],"product_tag":[],"class_list":{"0":"post-54140","1":"product","2":"type-product","3":"status-publish","4":"has-post-thumbnail","6":"product_brand-replique-manga-cine","7":"product_cat-divers-goodies","8":"product_cat-goodies","9":"product_cat-repliques-manga-jeux-video","10":"product_cat-katana-one-piece","12":"first","13":"outofstock","14":"taxable","15":"shipping-taxable","16":"purchasable","17":"product-type-simple"},"yoast_head":"<!-- This site is optimized with the Yoast SEO plugin v27.4 - https:\/\/yoast.com\/product\/yoast-seo-wordpress\/ -->\n<title>Coffret 16 pi\u00e8ces One Piece - Goodies - R\u00e9plique Manga Cin\u00e9<\/title>\n<meta name=\"description\" content=\"Superbe Coffret 16 pi\u00e8ces One Piece. A utiliser dans la vie de tous les jours soit en collier ou en porte-cl\u00e9s selon votre envie. Coffret collector\" \/>\n<meta name=\"robots\" content=\"index, follow, max-snippet:-1, max-image-preview:large, max-video-preview:-1\" \/>\n<link rel=\"canonical\" href=\"https:\/\/repliquemangacine.fr\/es\/varias-golosinas\/estuche-de-16-piezas-de-una-sola-pieza\/\" \/>\n<meta property=\"og:locale\" content=\"es_ES\" \/>\n<meta property=\"og:type\" content=\"article\" \/>\n<meta property=\"og:title\" content=\"Coffret 16 pi\u00e8ces One Piece - Goodies - R\u00e9plique Manga Cin\u00e9\" \/>\n<meta property=\"og:description\" content=\"Superbe Coffret 16 pi\u00e8ces One Piece. A utiliser dans la vie de tous les jours soit en collier ou en porte-cl\u00e9s selon votre envie. Coffret collector\" \/>\n<meta property=\"og:url\" content=\"https:\/\/repliquemangacine.fr\/es\/varias-golosinas\/estuche-de-16-piezas-de-una-sola-pieza\/\" \/>\n<meta property=\"og:site_name\" content=\"R\u00e9plique Manga Cin\u00e9\" \/>\n<meta property=\"article:publisher\" content=\"https:\/\/www.facebook.com\/RepliqueMangaCine\" \/>\n<meta property=\"article:modified_time\" content=\"2025-10-15T11:40:48+00:00\" \/>\n<meta property=\"og:image\" content=\"https:\/\/repliquemangacine.fr\/wp-content\/uploads\/2023\/10\/Coffret-16-pieces-One-Piece-collector.jpg\" \/>\n\t<meta property=\"og:image:width\" content=\"500\" \/>\n\t<meta property=\"og:image:height\" content=\"500\" \/>\n\t<meta property=\"og:image:type\" content=\"image\/jpeg\" \/>\n<meta name=\"twitter:card\" content=\"summary_large_image\" \/>\n<meta name=\"twitter:label1\" content=\"Tiempo de lectura\" \/>\n\t<meta name=\"twitter:data1\" content=\"2 minutos\" \/>\n<script type=\"application\/ld+json\" class=\"yoast-schema-graph\">{\"@context\":\"https:\\\/\\\/schema.org\",\"@graph\":[{\"@type\":\"WebPage\",\"@id\":\"https:\\\/\\\/repliquemangacine.fr\\\/divers-goodies\\\/coffret-16-pieces-one-piece\\\/\",\"url\":\"https:\\\/\\\/repliquemangacine.fr\\\/divers-goodies\\\/coffret-16-pieces-one-piece\\\/\",\"name\":\"Coffret 16 pi\u00e8ces One Piece - Goodies - R\u00e9plique Manga Cin\u00e9\",\"isPartOf\":{\"@id\":\"https:\\\/\\\/repliquemangacine.fr\\\/#website\"},\"primaryImageOfPage\":{\"@id\":\"https:\\\/\\\/repliquemangacine.fr\\\/divers-goodies\\\/coffret-16-pieces-one-piece\\\/#primaryimage\"},\"image\":{\"@id\":\"https:\\\/\\\/repliquemangacine.fr\\\/divers-goodies\\\/coffret-16-pieces-one-piece\\\/#primaryimage\"},\"thumbnailUrl\":\"https:\\\/\\\/repliquemangacine.fr\\\/wp-content\\\/uploads\\\/2023\\\/10\\\/Coffret-16-pieces-One-Piece-collector.jpg\",\"datePublished\":\"2022-10-20T13:55:32+00:00\",\"dateModified\":\"2025-10-15T11:40:48+00:00\",\"description\":\"Superbe Coffret 16 pi\u00e8ces One Piece. A utiliser dans la vie de tous les jours soit en collier ou en porte-cl\u00e9s selon votre envie. Coffret collector\",\"breadcrumb\":{\"@id\":\"https:\\\/\\\/repliquemangacine.fr\\\/divers-goodies\\\/coffret-16-pieces-one-piece\\\/#breadcrumb\"},\"inLanguage\":\"es\",\"potentialAction\":[{\"@type\":\"ReadAction\",\"target\":[\"https:\\\/\\\/repliquemangacine.fr\\\/divers-goodies\\\/coffret-16-pieces-one-piece\\\/\"]}]},{\"@type\":\"ImageObject\",\"inLanguage\":\"es\",\"@id\":\"https:\\\/\\\/repliquemangacine.fr\\\/divers-goodies\\\/coffret-16-pieces-one-piece\\\/#primaryimage\",\"url\":\"https:\\\/\\\/repliquemangacine.fr\\\/wp-content\\\/uploads\\\/2023\\\/10\\\/Coffret-16-pieces-One-Piece-collector.jpg\",\"contentUrl\":\"https:\\\/\\\/repliquemangacine.fr\\\/wp-content\\\/uploads\\\/2023\\\/10\\\/Coffret-16-pieces-One-Piece-collector.jpg\",\"width\":500,\"height\":500,\"caption\":\"Coffret 16 pi\u00e8ces One Piece collector\"},{\"@type\":\"BreadcrumbList\",\"@id\":\"https:\\\/\\\/repliquemangacine.fr\\\/divers-goodies\\\/coffret-16-pieces-one-piece\\\/#breadcrumb\",\"itemListElement\":[{\"@type\":\"ListItem\",\"position\":1,\"name\":\"Accueil\",\"item\":\"https:\\\/\\\/repliquemangacine.fr\\\/\"},{\"@type\":\"ListItem\",\"position\":2,\"name\":\"Produits\",\"item\":\"https:\\\/\\\/repliquemangacine.fr\\\/boutique\\\/\"},{\"@type\":\"ListItem\",\"position\":3,\"name\":\"Coffret 16 pi\u00e8ces One Piece\"}]},{\"@type\":\"WebSite\",\"@id\":\"https:\\\/\\\/repliquemangacine.fr\\\/#website\",\"url\":\"https:\\\/\\\/repliquemangacine.fr\\\/\",\"name\":\"R\u00e9plique Manga Cin\u00e9\",\"description\":\"\",\"publisher\":{\"@id\":\"https:\\\/\\\/repliquemangacine.fr\\\/#organization\"},\"potentialAction\":[{\"@type\":\"SearchAction\",\"target\":{\"@type\":\"EntryPoint\",\"urlTemplate\":\"https:\\\/\\\/repliquemangacine.fr\\\/?s={search_term_string}\"},\"query-input\":{\"@type\":\"PropertyValueSpecification\",\"valueRequired\":true,\"valueName\":\"search_term_string\"}}],\"inLanguage\":\"es\"},{\"@type\":\"Organization\",\"@id\":\"https:\\\/\\\/repliquemangacine.fr\\\/#organization\",\"name\":\"R\u00e9plique Manga Cin\u00e9\",\"url\":\"https:\\\/\\\/repliquemangacine.fr\\\/\",\"logo\":{\"@type\":\"ImageObject\",\"inLanguage\":\"es\",\"@id\":\"https:\\\/\\\/repliquemangacine.fr\\\/#\\\/schema\\\/logo\\\/image\\\/\",\"url\":\"https:\\\/\\\/repliquemangacine.fr\\\/wp-content\\\/uploads\\\/2023\\\/10\\\/RMC-500250.png\",\"contentUrl\":\"https:\\\/\\\/repliquemangacine.fr\\\/wp-content\\\/uploads\\\/2023\\\/10\\\/RMC-500250.png\",\"width\":500,\"height\":250,\"caption\":\"R\u00e9plique Manga Cin\u00e9\"},\"image\":{\"@id\":\"https:\\\/\\\/repliquemangacine.fr\\\/#\\\/schema\\\/logo\\\/image\\\/\"},\"sameAs\":[\"https:\\\/\\\/www.facebook.com\\\/RepliqueMangaCine\",\"https:\\\/\\\/www.instagram.com\\\/repliquemangacine.fr\\\/\"]}]}<\/script>\n<!-- \/ Yoast SEO plugin. -->","yoast_head_json":{"title":"Juego de 16 piezas One Piece - Goodies - R\u00e9plique Manga Cin\u00e9","description":"Magn\u00edfico juego de 16 piezas en caja One Piece. Para uso diario como collar o llavero. Caja de coleccionista","robots":{"index":"index","follow":"follow","max-snippet":"max-snippet:-1","max-image-preview":"max-image-preview:large","max-video-preview":"max-video-preview:-1"},"canonical":"https:\/\/repliquemangacine.fr\/es\/varias-golosinas\/estuche-de-16-piezas-de-una-sola-pieza\/","og_locale":"es_ES","og_type":"article","og_title":"Coffret 16 pi\u00e8ces One Piece - Goodies - R\u00e9plique Manga Cin\u00e9","og_description":"Superbe Coffret 16 pi\u00e8ces One Piece. A utiliser dans la vie de tous les jours soit en collier ou en porte-cl\u00e9s selon votre envie. Coffret collector","og_url":"https:\/\/repliquemangacine.fr\/es\/varias-golosinas\/estuche-de-16-piezas-de-una-sola-pieza\/","og_site_name":"R\u00e9plique Manga Cin\u00e9","article_publisher":"https:\/\/www.facebook.com\/RepliqueMangaCine","article_modified_time":"2025-10-15T11:40:48+00:00","og_image":[{"width":500,"height":500,"url":"https:\/\/repliquemangacine.fr\/wp-content\/uploads\/2023\/10\/Coffret-16-pieces-One-Piece-collector.jpg","type":"image\/jpeg"}],"twitter_card":"summary_large_image","twitter_misc":{"Tiempo de lectura":"2 minutos"},"schema":{"@context":"https:\/\/schema.org","@graph":[{"@type":"WebPage","@id":"https:\/\/repliquemangacine.fr\/divers-goodies\/coffret-16-pieces-one-piece\/","url":"https:\/\/repliquemangacine.fr\/divers-goodies\/coffret-16-pieces-one-piece\/","name":"Juego de 16 piezas One Piece - Goodies - R\u00e9plique Manga Cin\u00e9","isPartOf":{"@id":"https:\/\/repliquemangacine.fr\/#website"},"primaryImageOfPage":{"@id":"https:\/\/repliquemangacine.fr\/divers-goodies\/coffret-16-pieces-one-piece\/#primaryimage"},"image":{"@id":"https:\/\/repliquemangacine.fr\/divers-goodies\/coffret-16-pieces-one-piece\/#primaryimage"},"thumbnailUrl":"https:\/\/repliquemangacine.fr\/wp-content\/uploads\/2023\/10\/Coffret-16-pieces-One-Piece-collector.jpg","datePublished":"2022-10-20T13:55:32+00:00","dateModified":"2025-10-15T11:40:48+00:00","description":"Magn\u00edfico juego de 16 piezas en caja One Piece. Para uso diario como collar o llavero. Caja de coleccionista","breadcrumb":{"@id":"https:\/\/repliquemangacine.fr\/divers-goodies\/coffret-16-pieces-one-piece\/#breadcrumb"},"inLanguage":"es","potentialAction":[{"@type":"ReadAction","target":["https:\/\/repliquemangacine.fr\/divers-goodies\/coffret-16-pieces-one-piece\/"]}]},{"@type":"ImageObject","inLanguage":"es","@id":"https:\/\/repliquemangacine.fr\/divers-goodies\/coffret-16-pieces-one-piece\/#primaryimage","url":"https:\/\/repliquemangacine.fr\/wp-content\/uploads\/2023\/10\/Coffret-16-pieces-One-Piece-collector.jpg","contentUrl":"https:\/\/repliquemangacine.fr\/wp-content\/uploads\/2023\/10\/Coffret-16-pieces-One-Piece-collector.jpg","width":500,"height":500,"caption":"Coffret 16 pi\u00e8ces One Piece collector"},{"@type":"BreadcrumbList","@id":"https:\/\/repliquemangacine.fr\/divers-goodies\/coffret-16-pieces-one-piece\/#breadcrumb","itemListElement":[{"@type":"ListItem","position":1,"name":"Accueil","item":"https:\/\/repliquemangacine.fr\/"},{"@type":"ListItem","position":2,"name":"Produits","item":"https:\/\/repliquemangacine.fr\/boutique\/"},{"@type":"ListItem","position":3,"name":"Coffret 16 pi\u00e8ces One Piece"}]},{"@type":"WebSite","@id":"https:\/\/repliquemangacine.fr\/#website","url":"https:\/\/repliquemangacine.fr\/","name":"R\u00e9plique Manga Cin\u00e9","description":"","publisher":{"@id":"https:\/\/repliquemangacine.fr\/#organization"},"potentialAction":[{"@type":"SearchAction","target":{"@type":"EntryPoint","urlTemplate":"https:\/\/repliquemangacine.fr\/?s={search_term_string}"},"query-input":{"@type":"PropertyValueSpecification","valueRequired":true,"valueName":"search_term_string"}}],"inLanguage":"es"},{"@type":"Organization","@id":"https:\/\/repliquemangacine.fr\/#organization","name":"R\u00e9plique Manga Cin\u00e9","url":"https:\/\/repliquemangacine.fr\/","logo":{"@type":"ImageObject","inLanguage":"es","@id":"https:\/\/repliquemangacine.fr\/#\/schema\/logo\/image\/","url":"https:\/\/repliquemangacine.fr\/wp-content\/uploads\/2023\/10\/RMC-500250.png","contentUrl":"https:\/\/repliquemangacine.fr\/wp-content\/uploads\/2023\/10\/RMC-500250.png","width":500,"height":250,"caption":"R\u00e9plique Manga Cin\u00e9"},"image":{"@id":"https:\/\/repliquemangacine.fr\/#\/schema\/logo\/image\/"},"sameAs":["https:\/\/www.facebook.com\/RepliqueMangaCine","https:\/\/www.instagram.com\/repliquemangacine.fr\/"]}]}},"_links":{"self":[{"href":"https:\/\/repliquemangacine.fr\/es\/wp-json\/wp\/v2\/product\/54140","targetHints":{"allow":["GET"]}}],"collection":[{"href":"https:\/\/repliquemangacine.fr\/es\/wp-json\/wp\/v2\/product"}],"about":[{"href":"https:\/\/repliquemangacine.fr\/es\/wp-json\/wp\/v2\/types\/product"}],"wp:featuredmedia":[{"embeddable":true,"href":"https:\/\/repliquemangacine.fr\/es\/wp-json\/wp\/v2\/media\/54141"}],"wp:attachment":[{"href":"https:\/\/repliquemangacine.fr\/es\/wp-json\/wp\/v2\/media?parent=54140"}],"wp:term":[{"taxonomy":"product_brand","embeddable":true,"href":"https:\/\/repliquemangacine.fr\/es\/wp-json\/wp\/v2\/product_brand?post=54140"},{"taxonomy":"product_cat","embeddable":true,"href":"https:\/\/repliquemangacine.fr\/es\/wp-json\/wp\/v2\/product_cat?post=54140"},{"taxonomy":"product_tag","embeddable":true,"href":"https:\/\/repliquemangacine.fr\/es\/wp-json\/wp\/v2\/product_tag?post=54140"}],"curies":[{"name":"wp","href":"https:\/\/api.w.org\/{rel}","templated":true}]}}