





{"id":54105,"date":"2022-10-19T17:26:33","date_gmt":"2022-10-19T15:26:33","guid":{"rendered":"https:\/\/repliquemangacine.fr\/?post_type=product&#038;p=54105"},"modified":"2025-09-23T18:02:52","modified_gmt":"2025-09-23T16:02:52","slug":"harry-potter-juego-de-14-piezas","status":"publish","type":"product","link":"https:\/\/repliquemangacine.fr\/es\/divers-goodies\/coffret-14-pieces-harry-potter\/","title":{"rendered":"Juego de 14 piezas Harry Potter"},"content":{"rendered":"<h2>Juego de 14 piezas Harry Potter<\/h2>\n<p>Para empezar, el estuche de 14 piezas Harry Potter es un conjunto de piezas que pueden utilizarse como llaveros o collares, seg\u00fan se desee.<\/p>\n<p>La serie de pel\u00edculas Harry Potter es una saga fant\u00e1stica estadounidense-brit\u00e1nica de ocho pel\u00edculas. Adaptada de las siete novelas hom\u00f3nimas de la escritora J. K. Rowling.<\/p>\n<p>La trama principal de la serie conduce al enfrentamiento entre Harry y Lord Voldemort, un poderoso mago oscuro en busca de la inmortalidad.<\/p>\n<p>La escuela m\u00e1gica de Hogwarts nunca ha dejado de hacer so\u00f1ar a muchos de nosotros. Harry Potter, un fen\u00f3meno planetario, ha sido el centro de atenci\u00f3n de los medios de comunicaci\u00f3n durante m\u00e1s de diez a\u00f1os. Cabe destacar que si la calidad de la obra es tan apreciada entre los muggles es porque tiene todos los ingredientes necesarios para alcanzar el \u00e9xito y la fama.<\/p>\n<h2>Tu caja de coleccionista al mejor precio.<\/h2>\n<p>Le ofrecemos una amplia selecci\u00f3n de objetos de colecci\u00f3n de la saga Harry Potter.<\/p>\n<p>Ante todo<\/p>\n<ul>\n<li>Lo imprescindible <a href=\"https:\/\/repliquemangacine.fr\/es\/palillos-de-caracteres\/varita-de-harry-potter-nucleo-de-metal-de-alta-calidad\/\">La varita de Harry Potter<\/a> con su n\u00facleo de metal.<\/li>\n<li>Tambi\u00e9n existe el famoso tablero de ajedrez oficial distribuido por <a href=\"https:\/\/noblecollection.fr\/bijoux-harry-potter-c-10_15.html\" target=\"_blank\" rel=\"noopener noreferrer\">Colecci\u00f3n Noble<\/a>.<\/li>\n<li>As\u00ed como el<a href=\"https:\/\/repliquemangacine.fr\/es\/coleccionistas-de-harry-potter\/harry-potter-godric-gryffindor-espada\/\">Espada Gryffindor<\/a> que est\u00e1 vinculada a las opciones depeau.<\/li>\n<li>Y muchos m\u00e1s por descubrir en nuestra tienda en l\u00ednea.<\/li>\n<\/ul>\n<p>Por eso, esta es una idea genial para regalar a todos los fans de la saga Harry Potter.<\/p>\n<p>En conclusi\u00f3n, puede utilizar el <strong>Juego de 14 piezas Harry Potter<\/strong> en la vida cotidiana, como collar o llavero, como desee. Pero, sobre todo, es una pieza de coleccionista.<\/p>\n<p>R\u00e9plique Manga Cin\u00e9 es una empresa familiar francesa.<\/p>","protected":false},"excerpt":{"rendered":"<p>Juego de 14 piezas de Harry Potter que incluye :<\/p>\n<ul>\n<li>4 palillos de caracteres de 8 cm de largo cada uno.<\/li>\n<li>1 collar Nimbus 2000 con cadena<\/li>\n<li>1 copa Helga con cadena<\/li>\n<li>1 collar Edwige de letra y b\u00faho con cadena<\/li>\n<li>1 placa de pergamino DA<\/li>\n<li>2 medallas<\/li>\n<li>2 anillos reliquia de la muerte<\/li>\n<li>1 cadena de 60 cm<\/li>\n<li>1 Llavero y mosquet\u00f3n<\/li>\n<li>Caja de coleccionista de la saga<\/li>\n<\/ul>","protected":false},"featured_media":54106,"template":"","meta":[],"product_brand":[896],"product_cat":[87,98,24,94,41],"product_tag":[],"class_list":{"0":"post-54105","1":"product","2":"type-product","3":"status-publish","4":"has-post-thumbnail","6":"product_brand-replique-manga-cine","7":"product_cat-collectors-et-goodies-harry-potter","8":"product_cat-divers-goodies","9":"product_cat-films-series-tv-vente-de-katana-epee-et-produits-derives","10":"product_cat-goodies","11":"product_cat-baguettes-et-goodies-harry-potter","13":"first","14":"outofstock","15":"taxable","16":"shipping-taxable","17":"purchasable","18":"product-type-simple"},"yoast_head":"<!-- This site is optimized with the Yoast SEO plugin v27.4 - https:\/\/yoast.com\/product\/yoast-seo-wordpress\/ -->\n<title>Coffret 14 pi\u00e8ces Harry Potter - Goodies - R\u00e9plique Manga Cin\u00e9<\/title>\n<meta name=\"description\" content=\"Magnifique Coffret 14 pi\u00e8ces Harry Potter au meilleur prix. Cette pi\u00e8ce collector rassemble des miniatures d&#039;objets importants dans la saga Harry Potter.\" \/>\n<meta name=\"robots\" content=\"index, follow, max-snippet:-1, max-image-preview:large, max-video-preview:-1\" \/>\n<link rel=\"canonical\" href=\"https:\/\/repliquemangacine.fr\/es\/varias-golosinas\/harry-potter-juego-de-14-piezas\/\" \/>\n<meta property=\"og:locale\" content=\"es_ES\" \/>\n<meta property=\"og:type\" content=\"article\" \/>\n<meta property=\"og:title\" content=\"Coffret 14 pi\u00e8ces Harry Potter - Goodies - R\u00e9plique Manga Cin\u00e9\" \/>\n<meta property=\"og:description\" content=\"Magnifique Coffret 14 pi\u00e8ces Harry Potter au meilleur prix. Cette pi\u00e8ce collector rassemble des miniatures d&#039;objets importants dans la saga Harry Potter.\" \/>\n<meta property=\"og:url\" content=\"https:\/\/repliquemangacine.fr\/es\/varias-golosinas\/harry-potter-juego-de-14-piezas\/\" \/>\n<meta property=\"og:site_name\" content=\"R\u00e9plique Manga Cin\u00e9\" \/>\n<meta property=\"article:publisher\" content=\"https:\/\/www.facebook.com\/RepliqueMangaCine\" \/>\n<meta property=\"article:modified_time\" content=\"2025-09-23T16:02:52+00:00\" \/>\n<meta property=\"og:image\" content=\"https:\/\/repliquemangacine.fr\/wp-content\/uploads\/2023\/10\/Coffret-14-pieces-Harry-Potter-collector.jpg\" \/>\n\t<meta property=\"og:image:width\" content=\"500\" \/>\n\t<meta property=\"og:image:height\" content=\"500\" \/>\n\t<meta property=\"og:image:type\" content=\"image\/jpeg\" \/>\n<meta name=\"twitter:card\" content=\"summary_large_image\" \/>\n<meta name=\"twitter:label1\" content=\"Tiempo de lectura\" \/>\n\t<meta name=\"twitter:data1\" content=\"1 minuto\" \/>\n<script type=\"application\/ld+json\" class=\"yoast-schema-graph\">{\"@context\":\"https:\\\/\\\/schema.org\",\"@graph\":[{\"@type\":\"WebPage\",\"@id\":\"https:\\\/\\\/repliquemangacine.fr\\\/divers-goodies\\\/coffret-14-pieces-harry-potter\\\/\",\"url\":\"https:\\\/\\\/repliquemangacine.fr\\\/divers-goodies\\\/coffret-14-pieces-harry-potter\\\/\",\"name\":\"Coffret 14 pi\u00e8ces Harry Potter - Goodies - R\u00e9plique Manga Cin\u00e9\",\"isPartOf\":{\"@id\":\"https:\\\/\\\/repliquemangacine.fr\\\/#website\"},\"primaryImageOfPage\":{\"@id\":\"https:\\\/\\\/repliquemangacine.fr\\\/divers-goodies\\\/coffret-14-pieces-harry-potter\\\/#primaryimage\"},\"image\":{\"@id\":\"https:\\\/\\\/repliquemangacine.fr\\\/divers-goodies\\\/coffret-14-pieces-harry-potter\\\/#primaryimage\"},\"thumbnailUrl\":\"https:\\\/\\\/repliquemangacine.fr\\\/wp-content\\\/uploads\\\/2023\\\/10\\\/Coffret-14-pieces-Harry-Potter-collector.jpg\",\"datePublished\":\"2022-10-19T15:26:33+00:00\",\"dateModified\":\"2025-09-23T16:02:52+00:00\",\"description\":\"Magnifique Coffret 14 pi\u00e8ces Harry Potter au meilleur prix. Cette pi\u00e8ce collector rassemble des miniatures d'objets importants dans la saga Harry Potter.\",\"breadcrumb\":{\"@id\":\"https:\\\/\\\/repliquemangacine.fr\\\/divers-goodies\\\/coffret-14-pieces-harry-potter\\\/#breadcrumb\"},\"inLanguage\":\"es\",\"potentialAction\":[{\"@type\":\"ReadAction\",\"target\":[\"https:\\\/\\\/repliquemangacine.fr\\\/divers-goodies\\\/coffret-14-pieces-harry-potter\\\/\"]}]},{\"@type\":\"ImageObject\",\"inLanguage\":\"es\",\"@id\":\"https:\\\/\\\/repliquemangacine.fr\\\/divers-goodies\\\/coffret-14-pieces-harry-potter\\\/#primaryimage\",\"url\":\"https:\\\/\\\/repliquemangacine.fr\\\/wp-content\\\/uploads\\\/2023\\\/10\\\/Coffret-14-pieces-Harry-Potter-collector.jpg\",\"contentUrl\":\"https:\\\/\\\/repliquemangacine.fr\\\/wp-content\\\/uploads\\\/2023\\\/10\\\/Coffret-14-pieces-Harry-Potter-collector.jpg\",\"width\":500,\"height\":500,\"caption\":\"Coffret 14 pi\u00e8ces Harry Potter accessores collector\"},{\"@type\":\"BreadcrumbList\",\"@id\":\"https:\\\/\\\/repliquemangacine.fr\\\/divers-goodies\\\/coffret-14-pieces-harry-potter\\\/#breadcrumb\",\"itemListElement\":[{\"@type\":\"ListItem\",\"position\":1,\"name\":\"Accueil\",\"item\":\"https:\\\/\\\/repliquemangacine.fr\\\/\"},{\"@type\":\"ListItem\",\"position\":2,\"name\":\"Produits\",\"item\":\"https:\\\/\\\/repliquemangacine.fr\\\/boutique\\\/\"},{\"@type\":\"ListItem\",\"position\":3,\"name\":\"Coffret 14 pi\u00e8ces Harry Potter\"}]},{\"@type\":\"WebSite\",\"@id\":\"https:\\\/\\\/repliquemangacine.fr\\\/#website\",\"url\":\"https:\\\/\\\/repliquemangacine.fr\\\/\",\"name\":\"R\u00e9plique Manga Cin\u00e9\",\"description\":\"\",\"publisher\":{\"@id\":\"https:\\\/\\\/repliquemangacine.fr\\\/#organization\"},\"potentialAction\":[{\"@type\":\"SearchAction\",\"target\":{\"@type\":\"EntryPoint\",\"urlTemplate\":\"https:\\\/\\\/repliquemangacine.fr\\\/?s={search_term_string}\"},\"query-input\":{\"@type\":\"PropertyValueSpecification\",\"valueRequired\":true,\"valueName\":\"search_term_string\"}}],\"inLanguage\":\"es\"},{\"@type\":\"Organization\",\"@id\":\"https:\\\/\\\/repliquemangacine.fr\\\/#organization\",\"name\":\"R\u00e9plique Manga Cin\u00e9\",\"url\":\"https:\\\/\\\/repliquemangacine.fr\\\/\",\"logo\":{\"@type\":\"ImageObject\",\"inLanguage\":\"es\",\"@id\":\"https:\\\/\\\/repliquemangacine.fr\\\/#\\\/schema\\\/logo\\\/image\\\/\",\"url\":\"https:\\\/\\\/repliquemangacine.fr\\\/wp-content\\\/uploads\\\/2023\\\/10\\\/RMC-500250.png\",\"contentUrl\":\"https:\\\/\\\/repliquemangacine.fr\\\/wp-content\\\/uploads\\\/2023\\\/10\\\/RMC-500250.png\",\"width\":500,\"height\":250,\"caption\":\"R\u00e9plique Manga Cin\u00e9\"},\"image\":{\"@id\":\"https:\\\/\\\/repliquemangacine.fr\\\/#\\\/schema\\\/logo\\\/image\\\/\"},\"sameAs\":[\"https:\\\/\\\/www.facebook.com\\\/RepliqueMangaCine\",\"https:\\\/\\\/www.instagram.com\\\/repliquemangacine.fr\\\/\"]}]}<\/script>\n<!-- \/ Yoast SEO plugin. -->","yoast_head_json":{"title":"Harry Potter 14 piezas caja - Goodies - R\u00e9plique Manga Cin\u00e9","description":"Magn\u00edfico estuche de 14 piezas de Harry Potter al mejor precio. Esta pieza de coleccionista re\u00fane miniaturas de objetos importantes de la saga Harry Potter.","robots":{"index":"index","follow":"follow","max-snippet":"max-snippet:-1","max-image-preview":"max-image-preview:large","max-video-preview":"max-video-preview:-1"},"canonical":"https:\/\/repliquemangacine.fr\/es\/varias-golosinas\/harry-potter-juego-de-14-piezas\/","og_locale":"es_ES","og_type":"article","og_title":"Coffret 14 pi\u00e8ces Harry Potter - Goodies - R\u00e9plique Manga Cin\u00e9","og_description":"Magnifique Coffret 14 pi\u00e8ces Harry Potter au meilleur prix. Cette pi\u00e8ce collector rassemble des miniatures d'objets importants dans la saga Harry Potter.","og_url":"https:\/\/repliquemangacine.fr\/es\/varias-golosinas\/harry-potter-juego-de-14-piezas\/","og_site_name":"R\u00e9plique Manga Cin\u00e9","article_publisher":"https:\/\/www.facebook.com\/RepliqueMangaCine","article_modified_time":"2025-09-23T16:02:52+00:00","og_image":[{"width":500,"height":500,"url":"https:\/\/repliquemangacine.fr\/wp-content\/uploads\/2023\/10\/Coffret-14-pieces-Harry-Potter-collector.jpg","type":"image\/jpeg"}],"twitter_card":"summary_large_image","twitter_misc":{"Tiempo de lectura":"1 minuto"},"schema":{"@context":"https:\/\/schema.org","@graph":[{"@type":"WebPage","@id":"https:\/\/repliquemangacine.fr\/divers-goodies\/coffret-14-pieces-harry-potter\/","url":"https:\/\/repliquemangacine.fr\/divers-goodies\/coffret-14-pieces-harry-potter\/","name":"Harry Potter 14 piezas caja - Goodies - R\u00e9plique Manga Cin\u00e9","isPartOf":{"@id":"https:\/\/repliquemangacine.fr\/#website"},"primaryImageOfPage":{"@id":"https:\/\/repliquemangacine.fr\/divers-goodies\/coffret-14-pieces-harry-potter\/#primaryimage"},"image":{"@id":"https:\/\/repliquemangacine.fr\/divers-goodies\/coffret-14-pieces-harry-potter\/#primaryimage"},"thumbnailUrl":"https:\/\/repliquemangacine.fr\/wp-content\/uploads\/2023\/10\/Coffret-14-pieces-Harry-Potter-collector.jpg","datePublished":"2022-10-19T15:26:33+00:00","dateModified":"2025-09-23T16:02:52+00:00","description":"Magn\u00edfico estuche de 14 piezas de Harry Potter al mejor precio. Esta pieza de coleccionista re\u00fane miniaturas de objetos importantes de la saga Harry Potter.","breadcrumb":{"@id":"https:\/\/repliquemangacine.fr\/divers-goodies\/coffret-14-pieces-harry-potter\/#breadcrumb"},"inLanguage":"es","potentialAction":[{"@type":"ReadAction","target":["https:\/\/repliquemangacine.fr\/divers-goodies\/coffret-14-pieces-harry-potter\/"]}]},{"@type":"ImageObject","inLanguage":"es","@id":"https:\/\/repliquemangacine.fr\/divers-goodies\/coffret-14-pieces-harry-potter\/#primaryimage","url":"https:\/\/repliquemangacine.fr\/wp-content\/uploads\/2023\/10\/Coffret-14-pieces-Harry-Potter-collector.jpg","contentUrl":"https:\/\/repliquemangacine.fr\/wp-content\/uploads\/2023\/10\/Coffret-14-pieces-Harry-Potter-collector.jpg","width":500,"height":500,"caption":"Coffret 14 pi\u00e8ces Harry Potter accessores collector"},{"@type":"BreadcrumbList","@id":"https:\/\/repliquemangacine.fr\/divers-goodies\/coffret-14-pieces-harry-potter\/#breadcrumb","itemListElement":[{"@type":"ListItem","position":1,"name":"Accueil","item":"https:\/\/repliquemangacine.fr\/"},{"@type":"ListItem","position":2,"name":"Produits","item":"https:\/\/repliquemangacine.fr\/boutique\/"},{"@type":"ListItem","position":3,"name":"Coffret 14 pi\u00e8ces Harry Potter"}]},{"@type":"WebSite","@id":"https:\/\/repliquemangacine.fr\/#website","url":"https:\/\/repliquemangacine.fr\/","name":"R\u00e9plique Manga Cin\u00e9","description":"","publisher":{"@id":"https:\/\/repliquemangacine.fr\/#organization"},"potentialAction":[{"@type":"SearchAction","target":{"@type":"EntryPoint","urlTemplate":"https:\/\/repliquemangacine.fr\/?s={search_term_string}"},"query-input":{"@type":"PropertyValueSpecification","valueRequired":true,"valueName":"search_term_string"}}],"inLanguage":"es"},{"@type":"Organization","@id":"https:\/\/repliquemangacine.fr\/#organization","name":"R\u00e9plique Manga Cin\u00e9","url":"https:\/\/repliquemangacine.fr\/","logo":{"@type":"ImageObject","inLanguage":"es","@id":"https:\/\/repliquemangacine.fr\/#\/schema\/logo\/image\/","url":"https:\/\/repliquemangacine.fr\/wp-content\/uploads\/2023\/10\/RMC-500250.png","contentUrl":"https:\/\/repliquemangacine.fr\/wp-content\/uploads\/2023\/10\/RMC-500250.png","width":500,"height":250,"caption":"R\u00e9plique Manga Cin\u00e9"},"image":{"@id":"https:\/\/repliquemangacine.fr\/#\/schema\/logo\/image\/"},"sameAs":["https:\/\/www.facebook.com\/RepliqueMangaCine","https:\/\/www.instagram.com\/repliquemangacine.fr\/"]}]}},"_links":{"self":[{"href":"https:\/\/repliquemangacine.fr\/es\/wp-json\/wp\/v2\/product\/54105","targetHints":{"allow":["GET"]}}],"collection":[{"href":"https:\/\/repliquemangacine.fr\/es\/wp-json\/wp\/v2\/product"}],"about":[{"href":"https:\/\/repliquemangacine.fr\/es\/wp-json\/wp\/v2\/types\/product"}],"wp:featuredmedia":[{"embeddable":true,"href":"https:\/\/repliquemangacine.fr\/es\/wp-json\/wp\/v2\/media\/54106"}],"wp:attachment":[{"href":"https:\/\/repliquemangacine.fr\/es\/wp-json\/wp\/v2\/media?parent=54105"}],"wp:term":[{"taxonomy":"product_brand","embeddable":true,"href":"https:\/\/repliquemangacine.fr\/es\/wp-json\/wp\/v2\/product_brand?post=54105"},{"taxonomy":"product_cat","embeddable":true,"href":"https:\/\/repliquemangacine.fr\/es\/wp-json\/wp\/v2\/product_cat?post=54105"},{"taxonomy":"product_tag","embeddable":true,"href":"https:\/\/repliquemangacine.fr\/es\/wp-json\/wp\/v2\/product_tag?post=54105"}],"curies":[{"name":"wp","href":"https:\/\/api.w.org\/{rel}","templated":true}]}}