





{"id":54097,"date":"2022-10-19T16:03:01","date_gmt":"2022-10-19T14:03:01","guid":{"rendered":"https:\/\/repliquemangacine.fr\/?post_type=product&#038;p=54097"},"modified":"2025-12-21T17:08:25","modified_gmt":"2025-12-21T16:08:25","slug":"juego-de-15-piezas-de-cazademonios","status":"publish","type":"product","link":"https:\/\/repliquemangacine.fr\/es\/divers-goodies\/coffret-15-pieces-demon-slayer\/","title":{"rendered":"Juego de 15 piezas Demon Slayer"},"content":{"rendered":"<h2>Juego de 15 piezas Demon Slayer<\/h2>\n<p>Para empezar, el <strong>Juego de 15 piezas Demon Slayer<\/strong> Es un conjunto de piezas que pueden ser llaveros o collares, seg\u00fan prefieras.<\/p>\n<p>Demon Slayer, conocido en Jap\u00f3n como <a href=\"https:\/\/kimetsu-no-yaiba.fandom.com\/fr\/wiki\/Wiki_Kimetsu_no_Yaiba\" target=\"_blank\" rel=\"noopener noreferrer\">Kimetsu no yaiba<\/a> (La espada asesina de demonios).<\/p>\n<p>Demon Slayer es el manga m\u00e1s vendido en Jap\u00f3n en 2019 y 2020. La pel\u00edcula de animaci\u00f3n, por su parte, es el mayor \u00e9xito de taquilla en Jap\u00f3n.<\/p>\n<p>Es la historia de Tanjiro, un joven cuyo padre ha fallecido. Un d\u00eda, encuentra a toda su familia asesinada. La \u00fanica superviviente es su hermana, Nezuko, convertida en demonio. Parece haber conservado algunos pensamientos humanos. Tanjiro emprender\u00e1 entonces un largo viaje para encontrar la manera de volver a convertir a su hermana en humana y tambi\u00e9n para vengar a su familia.<\/p>\n<h2>Tu set de 15 piezas Demon Slayer al mejor precio<\/h2>\n<p>Te ofrecemos una amplia selecci\u00f3n de r\u00e9plicas de katana, la espada del manga animado Demon Slayer.<\/p>\n<p>Ante todo<\/p>\n<ul>\n<li>Le <a href=\"https:\/\/repliquemangacine.fr\/es\/cazador-de-demonios\/katana-tanjiro-kamado-demon-slayer\/\">La katana de Tanjiro<\/a> en su versi\u00f3n no recortada.<\/li>\n<li>Tambi\u00e9n existe la <a href=\"https:\/\/repliquemangacine.fr\/es\/cazador-de-demonios\/zenitsu-agatsuma-katana-mata-demonios\/\">Katana Zenitsu<\/a> no afilado.<\/li>\n<li>As\u00ed como el sable de Inosuk\u00e9 con su hoja dentada.<\/li>\n<li>Y muchos m\u00e1s.<\/li>\n<\/ul>\n<p>Por eso, esta es una idea genial para regalar a todos los fans de este manga animado.<\/p>\n<p>En conclusi\u00f3n, puede utilizar el <strong>Juego de 15 piezas Demon Slayer<\/strong> en la vida cotidiana, como collar o llavero, como desee. Sobre todo, es una pieza de coleccionista.<\/p>\n<h2>Nuestras novedades Demon Slayer a bajo precio.<\/h2>\n<p>Nuestro objetivo es satisfacerle, por eso hacemos todo lo posible para encontrar los objetos de colecci\u00f3n que busca. \u00a1No dude en hacernos llegar sus solicitudes y comentarios para que podamos continuar juntos esta aventura!<\/p>\n<p>Para tus convenciones de manga y desfiles de cosplay, descubre la mordaza de Nezuko con su larga cinta roja. \u00a1Nos lo ped\u00eds y lo traemos! Las figuras de Demon Slayer estar\u00e1n disponibles muy pronto. Adem\u00e1s, vamos a traer Wallscrolls y otros art\u00edculos a precios reducidos. \u00a1Pero a\u00fan tendr\u00e9is que esperar un poco!<\/p>\n<p>R\u00e9plique Manga Cin\u00e9 es una empresa familiar francesa<\/p>","protected":false},"excerpt":{"rendered":"<p>Magn\u00edfica caja de 15 piezas de Demon Slayer que incluye:<\/p>\n<ul>\n<li>2 espadas con vainas no desmontables.<\/li>\n<li>1 alfileres de car\u00e1cter Zenitsu Agatsuma<\/li>\n<li>1 hacha con mayal y cadena<\/li>\n<li>3 medallas de personaje<\/li>\n<li>1 s\u00edmbolo Kanji<\/li>\n<li>1 Bamb\u00fa con lazo que lleva Nezuko<\/li>\n<li>2 placas con logotipo<\/li>\n<li>1 cadena de 55 cm de largo aprox.<\/li>\n<li>2 mecanismos de llavero (anilla y mosquet\u00f3n peque\u00f1o)<\/li>\n<li>Caja de colecci\u00f3n con el manga<\/li>\n<li>Interior de terciopelo rojo<\/li>\n<\/ul>","protected":false},"featured_media":54098,"template":"","meta":[],"product_brand":[896],"product_cat":[63,98,94,23],"product_tag":[],"class_list":{"0":"post-54097","1":"product","2":"type-product","3":"status-publish","4":"has-post-thumbnail","6":"product_brand-replique-manga-cine","7":"product_cat-katana-demon-slayer","8":"product_cat-divers-goodies","9":"product_cat-goodies","10":"product_cat-repliques-manga-jeux-video","12":"first","13":"instock","14":"taxable","15":"shipping-taxable","16":"purchasable","17":"product-type-simple"},"yoast_head":"<!-- This site is optimized with the Yoast SEO plugin v27.4 - https:\/\/yoast.com\/product\/yoast-seo-wordpress\/ -->\n<title>Coffret 15 pi\u00e8ces Demon Slayer - Goodies - R\u00e9plique Manga Cin\u00e9<\/title>\n<meta name=\"description\" content=\"Superbe ce Coffret 15 pi\u00e8ces Demon Slayer. En collier ou en porte-cl\u00e9s selon votre envie. Ce coffret collector est \u00e0 petits prix pour tous les fans !\" \/>\n<meta name=\"robots\" content=\"index, follow, max-snippet:-1, max-image-preview:large, max-video-preview:-1\" \/>\n<link rel=\"canonical\" href=\"https:\/\/repliquemangacine.fr\/es\/varias-golosinas\/juego-de-15-piezas-de-cazademonios\/\" \/>\n<meta property=\"og:locale\" content=\"es_ES\" \/>\n<meta property=\"og:type\" content=\"article\" \/>\n<meta property=\"og:title\" content=\"Coffret 15 pi\u00e8ces Demon Slayer - Goodies - R\u00e9plique Manga Cin\u00e9\" \/>\n<meta property=\"og:description\" content=\"Superbe ce Coffret 15 pi\u00e8ces Demon Slayer. En collier ou en porte-cl\u00e9s selon votre envie. Ce coffret collector est \u00e0 petits prix pour tous les fans !\" \/>\n<meta property=\"og:url\" content=\"https:\/\/repliquemangacine.fr\/es\/varias-golosinas\/juego-de-15-piezas-de-cazademonios\/\" \/>\n<meta property=\"og:site_name\" content=\"R\u00e9plique Manga Cin\u00e9\" \/>\n<meta property=\"article:publisher\" content=\"https:\/\/www.facebook.com\/RepliqueMangaCine\" \/>\n<meta property=\"article:modified_time\" content=\"2025-12-21T16:08:25+00:00\" \/>\n<meta property=\"og:image\" content=\"https:\/\/repliquemangacine.fr\/wp-content\/uploads\/2023\/10\/coffret-Demon-Slayer.jpg\" \/>\n\t<meta property=\"og:image:width\" content=\"500\" \/>\n\t<meta property=\"og:image:height\" content=\"500\" \/>\n\t<meta property=\"og:image:type\" content=\"image\/jpeg\" \/>\n<meta name=\"twitter:card\" content=\"summary_large_image\" \/>\n<meta name=\"twitter:label1\" content=\"Tiempo de lectura\" \/>\n\t<meta name=\"twitter:data1\" content=\"2 minutos\" \/>\n<script type=\"application\/ld+json\" class=\"yoast-schema-graph\">{\"@context\":\"https:\\\/\\\/schema.org\",\"@graph\":[{\"@type\":\"WebPage\",\"@id\":\"https:\\\/\\\/repliquemangacine.fr\\\/divers-goodies\\\/coffret-15-pieces-demon-slayer\\\/\",\"url\":\"https:\\\/\\\/repliquemangacine.fr\\\/divers-goodies\\\/coffret-15-pieces-demon-slayer\\\/\",\"name\":\"Coffret 15 pi\u00e8ces Demon Slayer - Goodies - R\u00e9plique Manga Cin\u00e9\",\"isPartOf\":{\"@id\":\"https:\\\/\\\/repliquemangacine.fr\\\/#website\"},\"primaryImageOfPage\":{\"@id\":\"https:\\\/\\\/repliquemangacine.fr\\\/divers-goodies\\\/coffret-15-pieces-demon-slayer\\\/#primaryimage\"},\"image\":{\"@id\":\"https:\\\/\\\/repliquemangacine.fr\\\/divers-goodies\\\/coffret-15-pieces-demon-slayer\\\/#primaryimage\"},\"thumbnailUrl\":\"https:\\\/\\\/repliquemangacine.fr\\\/wp-content\\\/uploads\\\/2023\\\/10\\\/coffret-Demon-Slayer.jpg\",\"datePublished\":\"2022-10-19T14:03:01+00:00\",\"dateModified\":\"2025-12-21T16:08:25+00:00\",\"description\":\"Superbe ce Coffret 15 pi\u00e8ces Demon Slayer. En collier ou en porte-cl\u00e9s selon votre envie. Ce coffret collector est \u00e0 petits prix pour tous les fans !\",\"breadcrumb\":{\"@id\":\"https:\\\/\\\/repliquemangacine.fr\\\/divers-goodies\\\/coffret-15-pieces-demon-slayer\\\/#breadcrumb\"},\"inLanguage\":\"es\",\"potentialAction\":[{\"@type\":\"ReadAction\",\"target\":[\"https:\\\/\\\/repliquemangacine.fr\\\/divers-goodies\\\/coffret-15-pieces-demon-slayer\\\/\"]}]},{\"@type\":\"ImageObject\",\"inLanguage\":\"es\",\"@id\":\"https:\\\/\\\/repliquemangacine.fr\\\/divers-goodies\\\/coffret-15-pieces-demon-slayer\\\/#primaryimage\",\"url\":\"https:\\\/\\\/repliquemangacine.fr\\\/wp-content\\\/uploads\\\/2023\\\/10\\\/coffret-Demon-Slayer.jpg\",\"contentUrl\":\"https:\\\/\\\/repliquemangacine.fr\\\/wp-content\\\/uploads\\\/2023\\\/10\\\/coffret-Demon-Slayer.jpg\",\"width\":500,\"height\":500,\"caption\":\"Coffret 15 pi\u00e8ces Demon Slayer collector\"},{\"@type\":\"BreadcrumbList\",\"@id\":\"https:\\\/\\\/repliquemangacine.fr\\\/divers-goodies\\\/coffret-15-pieces-demon-slayer\\\/#breadcrumb\",\"itemListElement\":[{\"@type\":\"ListItem\",\"position\":1,\"name\":\"Accueil\",\"item\":\"https:\\\/\\\/repliquemangacine.fr\\\/\"},{\"@type\":\"ListItem\",\"position\":2,\"name\":\"Produits\",\"item\":\"https:\\\/\\\/repliquemangacine.fr\\\/boutique\\\/\"},{\"@type\":\"ListItem\",\"position\":3,\"name\":\"Coffret 15 pi\u00e8ces Demon Slayer\"}]},{\"@type\":\"WebSite\",\"@id\":\"https:\\\/\\\/repliquemangacine.fr\\\/#website\",\"url\":\"https:\\\/\\\/repliquemangacine.fr\\\/\",\"name\":\"R\u00e9plique Manga Cin\u00e9\",\"description\":\"\",\"publisher\":{\"@id\":\"https:\\\/\\\/repliquemangacine.fr\\\/#organization\"},\"potentialAction\":[{\"@type\":\"SearchAction\",\"target\":{\"@type\":\"EntryPoint\",\"urlTemplate\":\"https:\\\/\\\/repliquemangacine.fr\\\/?s={search_term_string}\"},\"query-input\":{\"@type\":\"PropertyValueSpecification\",\"valueRequired\":true,\"valueName\":\"search_term_string\"}}],\"inLanguage\":\"es\"},{\"@type\":\"Organization\",\"@id\":\"https:\\\/\\\/repliquemangacine.fr\\\/#organization\",\"name\":\"R\u00e9plique Manga Cin\u00e9\",\"url\":\"https:\\\/\\\/repliquemangacine.fr\\\/\",\"logo\":{\"@type\":\"ImageObject\",\"inLanguage\":\"es\",\"@id\":\"https:\\\/\\\/repliquemangacine.fr\\\/#\\\/schema\\\/logo\\\/image\\\/\",\"url\":\"https:\\\/\\\/repliquemangacine.fr\\\/wp-content\\\/uploads\\\/2023\\\/10\\\/RMC-500250.png\",\"contentUrl\":\"https:\\\/\\\/repliquemangacine.fr\\\/wp-content\\\/uploads\\\/2023\\\/10\\\/RMC-500250.png\",\"width\":500,\"height\":250,\"caption\":\"R\u00e9plique Manga Cin\u00e9\"},\"image\":{\"@id\":\"https:\\\/\\\/repliquemangacine.fr\\\/#\\\/schema\\\/logo\\\/image\\\/\"},\"sameAs\":[\"https:\\\/\\\/www.facebook.com\\\/RepliqueMangaCine\",\"https:\\\/\\\/www.instagram.com\\\/repliquemangacine.fr\\\/\"]}]}<\/script>\n<!-- \/ Yoast SEO plugin. -->","yoast_head_json":{"title":"Caja de 15 piezas Demon Slayer - Goodies - R\u00e9plique Manga Cin\u00e9","description":"Magn\u00edfico set de 15 piezas de Demon Slayer. Disponible como collar o llavero. \u00a1Este conjunto de caja de coleccionista est\u00e1 disponible a precios bajos para todos los fans!","robots":{"index":"index","follow":"follow","max-snippet":"max-snippet:-1","max-image-preview":"max-image-preview:large","max-video-preview":"max-video-preview:-1"},"canonical":"https:\/\/repliquemangacine.fr\/es\/varias-golosinas\/juego-de-15-piezas-de-cazademonios\/","og_locale":"es_ES","og_type":"article","og_title":"Coffret 15 pi\u00e8ces Demon Slayer - Goodies - R\u00e9plique Manga Cin\u00e9","og_description":"Superbe ce Coffret 15 pi\u00e8ces Demon Slayer. En collier ou en porte-cl\u00e9s selon votre envie. Ce coffret collector est \u00e0 petits prix pour tous les fans !","og_url":"https:\/\/repliquemangacine.fr\/es\/varias-golosinas\/juego-de-15-piezas-de-cazademonios\/","og_site_name":"R\u00e9plique Manga Cin\u00e9","article_publisher":"https:\/\/www.facebook.com\/RepliqueMangaCine","article_modified_time":"2025-12-21T16:08:25+00:00","og_image":[{"width":500,"height":500,"url":"https:\/\/repliquemangacine.fr\/wp-content\/uploads\/2023\/10\/coffret-Demon-Slayer.jpg","type":"image\/jpeg"}],"twitter_card":"summary_large_image","twitter_misc":{"Tiempo de lectura":"2 minutos"},"schema":{"@context":"https:\/\/schema.org","@graph":[{"@type":"WebPage","@id":"https:\/\/repliquemangacine.fr\/divers-goodies\/coffret-15-pieces-demon-slayer\/","url":"https:\/\/repliquemangacine.fr\/divers-goodies\/coffret-15-pieces-demon-slayer\/","name":"Caja de 15 piezas Demon Slayer - Goodies - R\u00e9plique Manga Cin\u00e9","isPartOf":{"@id":"https:\/\/repliquemangacine.fr\/#website"},"primaryImageOfPage":{"@id":"https:\/\/repliquemangacine.fr\/divers-goodies\/coffret-15-pieces-demon-slayer\/#primaryimage"},"image":{"@id":"https:\/\/repliquemangacine.fr\/divers-goodies\/coffret-15-pieces-demon-slayer\/#primaryimage"},"thumbnailUrl":"https:\/\/repliquemangacine.fr\/wp-content\/uploads\/2023\/10\/coffret-Demon-Slayer.jpg","datePublished":"2022-10-19T14:03:01+00:00","dateModified":"2025-12-21T16:08:25+00:00","description":"Magn\u00edfico set de 15 piezas de Demon Slayer. Disponible como collar o llavero. \u00a1Este conjunto de caja de coleccionista est\u00e1 disponible a precios bajos para todos los fans!","breadcrumb":{"@id":"https:\/\/repliquemangacine.fr\/divers-goodies\/coffret-15-pieces-demon-slayer\/#breadcrumb"},"inLanguage":"es","potentialAction":[{"@type":"ReadAction","target":["https:\/\/repliquemangacine.fr\/divers-goodies\/coffret-15-pieces-demon-slayer\/"]}]},{"@type":"ImageObject","inLanguage":"es","@id":"https:\/\/repliquemangacine.fr\/divers-goodies\/coffret-15-pieces-demon-slayer\/#primaryimage","url":"https:\/\/repliquemangacine.fr\/wp-content\/uploads\/2023\/10\/coffret-Demon-Slayer.jpg","contentUrl":"https:\/\/repliquemangacine.fr\/wp-content\/uploads\/2023\/10\/coffret-Demon-Slayer.jpg","width":500,"height":500,"caption":"Coffret 15 pi\u00e8ces Demon Slayer collector"},{"@type":"BreadcrumbList","@id":"https:\/\/repliquemangacine.fr\/divers-goodies\/coffret-15-pieces-demon-slayer\/#breadcrumb","itemListElement":[{"@type":"ListItem","position":1,"name":"Accueil","item":"https:\/\/repliquemangacine.fr\/"},{"@type":"ListItem","position":2,"name":"Produits","item":"https:\/\/repliquemangacine.fr\/boutique\/"},{"@type":"ListItem","position":3,"name":"Coffret 15 pi\u00e8ces Demon Slayer"}]},{"@type":"WebSite","@id":"https:\/\/repliquemangacine.fr\/#website","url":"https:\/\/repliquemangacine.fr\/","name":"R\u00e9plique Manga Cin\u00e9","description":"","publisher":{"@id":"https:\/\/repliquemangacine.fr\/#organization"},"potentialAction":[{"@type":"SearchAction","target":{"@type":"EntryPoint","urlTemplate":"https:\/\/repliquemangacine.fr\/?s={search_term_string}"},"query-input":{"@type":"PropertyValueSpecification","valueRequired":true,"valueName":"search_term_string"}}],"inLanguage":"es"},{"@type":"Organization","@id":"https:\/\/repliquemangacine.fr\/#organization","name":"R\u00e9plique Manga Cin\u00e9","url":"https:\/\/repliquemangacine.fr\/","logo":{"@type":"ImageObject","inLanguage":"es","@id":"https:\/\/repliquemangacine.fr\/#\/schema\/logo\/image\/","url":"https:\/\/repliquemangacine.fr\/wp-content\/uploads\/2023\/10\/RMC-500250.png","contentUrl":"https:\/\/repliquemangacine.fr\/wp-content\/uploads\/2023\/10\/RMC-500250.png","width":500,"height":250,"caption":"R\u00e9plique Manga Cin\u00e9"},"image":{"@id":"https:\/\/repliquemangacine.fr\/#\/schema\/logo\/image\/"},"sameAs":["https:\/\/www.facebook.com\/RepliqueMangaCine","https:\/\/www.instagram.com\/repliquemangacine.fr\/"]}]}},"_links":{"self":[{"href":"https:\/\/repliquemangacine.fr\/es\/wp-json\/wp\/v2\/product\/54097","targetHints":{"allow":["GET"]}}],"collection":[{"href":"https:\/\/repliquemangacine.fr\/es\/wp-json\/wp\/v2\/product"}],"about":[{"href":"https:\/\/repliquemangacine.fr\/es\/wp-json\/wp\/v2\/types\/product"}],"wp:featuredmedia":[{"embeddable":true,"href":"https:\/\/repliquemangacine.fr\/es\/wp-json\/wp\/v2\/media\/54098"}],"wp:attachment":[{"href":"https:\/\/repliquemangacine.fr\/es\/wp-json\/wp\/v2\/media?parent=54097"}],"wp:term":[{"taxonomy":"product_brand","embeddable":true,"href":"https:\/\/repliquemangacine.fr\/es\/wp-json\/wp\/v2\/product_brand?post=54097"},{"taxonomy":"product_cat","embeddable":true,"href":"https:\/\/repliquemangacine.fr\/es\/wp-json\/wp\/v2\/product_cat?post=54097"},{"taxonomy":"product_tag","embeddable":true,"href":"https:\/\/repliquemangacine.fr\/es\/wp-json\/wp\/v2\/product_tag?post=54097"}],"curies":[{"name":"wp","href":"https:\/\/api.w.org\/{rel}","templated":true}]}}