





{"id":54006,"date":"2022-10-16T17:48:58","date_gmt":"2022-10-16T15:48:58","guid":{"rendered":"https:\/\/repliquemangacine.fr\/?post_type=product&#038;p=54006"},"modified":"2026-03-27T15:04:49","modified_gmt":"2026-03-27T14:04:49","slug":"pistola-derringer-denix-philadelphia","status":"publish","type":"product","link":"https:\/\/repliquemangacine.fr\/es\/pistolet-ancien\/pistolet-derringer-philadelphia-denix\/","title":{"rendered":"Pistola Philadelphia Derringer"},"content":{"rendered":"<h2>Pistola Derringer Philadelphia 1850 USA Denix<\/h2>\n<p>Para empezar, el <strong>Pistola Philadelphia Derringer<\/strong> utilizada para asesinar a Abraham Lincoln.<\/p>\n<p>La derringer es un tipo de pistola peque\u00f1a de bolsillo, sin ca\u00f1\u00f3n. Fue desarrollada por Henri Deringer, armero estadounidense, quien le dio su nombre y la fabric\u00f3 entre 1835 y 1868.<\/p>\n<p>Abraham Lincoln, asesinado a tiros el 14 de abril de 1865. Mientras asist\u00eda a la representaci\u00f3n de la obra Our American Cousin, en el teatro Ford. John Wilkes Booth, un actor de Maryland, simpatizante sure\u00f1o, dispar\u00f3 un solo tiro con una bala redonda de pistola Derringer a la cabeza del presidente.<\/p>\n<p>Cabe destacar que el ej\u00e9rcito organiz\u00f3 una persecuci\u00f3n inmediatamente despu\u00e9s del atentado. Aunque estaba rodeado por el ej\u00e9rcito, Booth se neg\u00f3 a rendirse y fue abatido. Condenados a muerte, sus c\u00f3mplices fueron ejecutados el 7 de julio de 1865.<\/p>\n<h2>Tu Pistola Derringer Philadelphia 1850 al mejor precio.<\/h2>\n<p>Le ofrecemos una amplia selecci\u00f3n de reproducciones hist\u00f3ricas de armas Denix.<\/p>\n<p>Lo primero y m\u00e1s importante,<\/p>\n<ul>\n<li>Le <a href=\"https:\/\/repliquemangacine.fr\/es\/pistola-antigua\/pistola-de-duelo-boutet-1810-denix\/\">Pistola de duelo Boutet<\/a> 1810.<\/li>\n<li>Tambi\u00e9n est\u00e1 la sublime frase de <a href=\"https:\/\/repliquemangacine.fr\/es\/replica-de-armas-1er-imperio\/pistolet-cavalerie-francaise-1er-empire\/\">Pistola de caballer\u00eda francesa<\/a>.<\/li>\n<li>As\u00ed como el <a href=\"https:\/\/repliquemangacine.fr\/es\/replica-de-armas-1er-imperio\/pistola-napoleon-zurda\/\">La pistola de Napole\u00f3n<\/a> Versi\u00f3n para zurdos.<\/li>\n<li>Y muchos m\u00e1s por descubrir en nuestra tienda en l\u00ednea.<\/li>\n<\/ul>\n<p>Por eso, es una idea estupenda para regalar a todos los apasionados de la historia.<\/p>\n<p>En conclusi\u00f3n, puede utilizar el <strong>Pistola Philadelphia Derringer<\/strong> para sus recreaciones hist\u00f3ricas o sus fiestas tem\u00e1ticas. Pero, ante todo, esta arma es un objeto de colecci\u00f3n y decoraci\u00f3n.<\/p>\n<p>R\u00e9plique Manga Cin\u00e9 es una empresa familiar francesa y distribuidor oficial de la marca. <a href=\"https:\/\/www.denix.fr\/fr\/catalogue\/guerre-civile-occidentale-et-americaine-1861-1899\/pistolets\/1018\/\" target=\"_blank\" rel=\"noopener noreferrer\">Denix<\/a>.<\/p>\n<h2>\u00bfQu\u00e9 materiales se utilizan para fabricar las r\u00e9plicas de armas Denix?<\/h2>\n<p>Utilizadas en recreaciones hist\u00f3ricas, pel\u00edculas, series y por coleccionistas. Las reproducciones Denix est\u00e1n fabricadas con materiales de alta calidad. Cuidadosamente elaboradas y ensambladas para crear armas de colecci\u00f3n realistas.<\/p>\n<ul>\n<li>Los metales se encuentran en una aleaci\u00f3n met\u00e1lica conocida como Zamac, cuya composici\u00f3n b\u00e1sica es zinc en 95%.<\/li>\n<li>Las piezas de pl\u00e1stico de las r\u00e9plicas son de ABS moldeado, que ofrece una gran resistencia.<\/li>\n<li>Las maderas elegidas por su belleza y durabilidad, como la caoba, el olivo o el nogal, dar\u00e1n a sus culatas y barricas un aspecto elegante y aut\u00e9ntico.<\/li>\n<\/ul>\n<p>Cabe se\u00f1alar que todas las reproducciones Denix son id\u00e9nticas a los originales, como su <strong>Pistola Philadelphia Derringer<\/strong>.<\/p>","protected":false},"excerpt":{"rendered":"<p>Pistola Derringer Philadelphia USA 1850.<\/p>\n<ul>\n<li>Culata y ca\u00f1\u00f3n de madera.<\/li>\n<li>Ca\u00f1\u00f3n y armamento de metal decorado en dos tonos.<\/li>\n<li>Cargando simulador.<\/li>\n<li>Mecanismo de disparo<\/li>\n<li>No se requiere autorizaci\u00f3n. Venta y posesi\u00f3n libres.<\/li>\n<li>Dimensiones : 17,5 cm - Peso : 284 grs<\/li>\n<\/ul>\n<p><iframe title=\"Reproductor de v\u00eddeo YouTube\" src=\"https:\/\/www.youtube.com\/embed\/fVS9gzA4qww\" width=\"560\" height=\"315\" frameborder=\"0\" allowfullscreen=\"allowfullscreen\"><\/iframe><\/p>","protected":false},"featured_media":54007,"template":"","meta":[],"product_brand":[896],"product_cat":[102,52,28],"product_tag":[],"class_list":{"0":"post-54006","1":"product","2":"type-product","3":"status-publish","4":"has-post-thumbnail","6":"product_brand-replique-manga-cine","7":"product_cat-denix","8":"product_cat-pistolet-ancien","9":"product_cat-repliques-darmes","11":"first","12":"instock","13":"taxable","14":"shipping-taxable","15":"purchasable","16":"product-type-simple"},"yoast_head":"<!-- This site is optimized with the Yoast SEO plugin v27.4 - https:\/\/yoast.com\/product\/yoast-seo-wordpress\/ -->\n<title>Pistolet Derringer Philadelphia - Denix - R\u00e9plique Manga Cin\u00e9<\/title>\n<meta name=\"description\" content=\"Offrez-vous ce Pistolet Derringer Philadelphia 1850 Denix au meilleur prix - Crosse et f\u00fbt en bois - Simulation de chargement - Longueur totale : 17.5 cm\" \/>\n<meta name=\"robots\" content=\"index, follow, max-snippet:-1, max-image-preview:large, max-video-preview:-1\" \/>\n<link rel=\"canonical\" href=\"https:\/\/repliquemangacine.fr\/es\/pistola-antigua\/pistola-derringer-denix-philadelphia\/\" \/>\n<meta property=\"og:locale\" content=\"es_ES\" \/>\n<meta property=\"og:type\" content=\"article\" \/>\n<meta property=\"og:title\" content=\"Pistolet Derringer Philadelphia - Denix - R\u00e9plique Manga Cin\u00e9\" \/>\n<meta property=\"og:description\" content=\"Offrez-vous ce Pistolet Derringer Philadelphia 1850 Denix au meilleur prix - Crosse et f\u00fbt en bois - Simulation de chargement - Longueur totale : 17.5 cm\" \/>\n<meta property=\"og:url\" content=\"https:\/\/repliquemangacine.fr\/es\/pistola-antigua\/pistola-derringer-denix-philadelphia\/\" \/>\n<meta property=\"og:site_name\" content=\"R\u00e9plique Manga Cin\u00e9\" \/>\n<meta property=\"article:publisher\" content=\"https:\/\/www.facebook.com\/RepliqueMangaCine\" \/>\n<meta property=\"article:modified_time\" content=\"2026-03-27T14:04:49+00:00\" \/>\n<meta property=\"og:image\" content=\"https:\/\/repliquemangacine.fr\/wp-content\/uploads\/2023\/10\/1018.jpg\" \/>\n\t<meta property=\"og:image:width\" content=\"500\" \/>\n\t<meta property=\"og:image:height\" content=\"500\" \/>\n\t<meta property=\"og:image:type\" content=\"image\/jpeg\" \/>\n<meta name=\"twitter:card\" content=\"summary_large_image\" \/>\n<meta name=\"twitter:label1\" content=\"Tiempo de lectura\" \/>\n\t<meta name=\"twitter:data1\" content=\"2 minutos\" \/>\n<script type=\"application\/ld+json\" class=\"yoast-schema-graph\">{\"@context\":\"https:\\\/\\\/schema.org\",\"@graph\":[{\"@type\":\"WebPage\",\"@id\":\"https:\\\/\\\/repliquemangacine.fr\\\/pistolet-ancien\\\/pistolet-derringer-philadelphia-denix\\\/\",\"url\":\"https:\\\/\\\/repliquemangacine.fr\\\/pistolet-ancien\\\/pistolet-derringer-philadelphia-denix\\\/\",\"name\":\"Pistolet Derringer Philadelphia - Denix - R\u00e9plique Manga Cin\u00e9\",\"isPartOf\":{\"@id\":\"https:\\\/\\\/repliquemangacine.fr\\\/#website\"},\"primaryImageOfPage\":{\"@id\":\"https:\\\/\\\/repliquemangacine.fr\\\/pistolet-ancien\\\/pistolet-derringer-philadelphia-denix\\\/#primaryimage\"},\"image\":{\"@id\":\"https:\\\/\\\/repliquemangacine.fr\\\/pistolet-ancien\\\/pistolet-derringer-philadelphia-denix\\\/#primaryimage\"},\"thumbnailUrl\":\"https:\\\/\\\/repliquemangacine.fr\\\/wp-content\\\/uploads\\\/2023\\\/10\\\/1018.jpg\",\"datePublished\":\"2022-10-16T15:48:58+00:00\",\"dateModified\":\"2026-03-27T14:04:49+00:00\",\"description\":\"Offrez-vous ce Pistolet Derringer Philadelphia 1850 Denix au meilleur prix - Crosse et f\u00fbt en bois - Simulation de chargement - Longueur totale : 17.5 cm\",\"breadcrumb\":{\"@id\":\"https:\\\/\\\/repliquemangacine.fr\\\/pistolet-ancien\\\/pistolet-derringer-philadelphia-denix\\\/#breadcrumb\"},\"inLanguage\":\"es\",\"potentialAction\":[{\"@type\":\"ReadAction\",\"target\":[\"https:\\\/\\\/repliquemangacine.fr\\\/pistolet-ancien\\\/pistolet-derringer-philadelphia-denix\\\/\"]}]},{\"@type\":\"ImageObject\",\"inLanguage\":\"es\",\"@id\":\"https:\\\/\\\/repliquemangacine.fr\\\/pistolet-ancien\\\/pistolet-derringer-philadelphia-denix\\\/#primaryimage\",\"url\":\"https:\\\/\\\/repliquemangacine.fr\\\/wp-content\\\/uploads\\\/2023\\\/10\\\/1018.jpg\",\"contentUrl\":\"https:\\\/\\\/repliquemangacine.fr\\\/wp-content\\\/uploads\\\/2023\\\/10\\\/1018.jpg\",\"width\":500,\"height\":500,\"caption\":\"Pistolet Derringer Philadelphia 1850\"},{\"@type\":\"BreadcrumbList\",\"@id\":\"https:\\\/\\\/repliquemangacine.fr\\\/pistolet-ancien\\\/pistolet-derringer-philadelphia-denix\\\/#breadcrumb\",\"itemListElement\":[{\"@type\":\"ListItem\",\"position\":1,\"name\":\"Accueil\",\"item\":\"https:\\\/\\\/repliquemangacine.fr\\\/\"},{\"@type\":\"ListItem\",\"position\":2,\"name\":\"Produits\",\"item\":\"https:\\\/\\\/repliquemangacine.fr\\\/boutique\\\/\"},{\"@type\":\"ListItem\",\"position\":3,\"name\":\"Pistolet Derringer Philadelphia\"}]},{\"@type\":\"WebSite\",\"@id\":\"https:\\\/\\\/repliquemangacine.fr\\\/#website\",\"url\":\"https:\\\/\\\/repliquemangacine.fr\\\/\",\"name\":\"R\u00e9plique Manga Cin\u00e9\",\"description\":\"\",\"publisher\":{\"@id\":\"https:\\\/\\\/repliquemangacine.fr\\\/#organization\"},\"potentialAction\":[{\"@type\":\"SearchAction\",\"target\":{\"@type\":\"EntryPoint\",\"urlTemplate\":\"https:\\\/\\\/repliquemangacine.fr\\\/?s={search_term_string}\"},\"query-input\":{\"@type\":\"PropertyValueSpecification\",\"valueRequired\":true,\"valueName\":\"search_term_string\"}}],\"inLanguage\":\"es\"},{\"@type\":\"Organization\",\"@id\":\"https:\\\/\\\/repliquemangacine.fr\\\/#organization\",\"name\":\"R\u00e9plique Manga Cin\u00e9\",\"url\":\"https:\\\/\\\/repliquemangacine.fr\\\/\",\"logo\":{\"@type\":\"ImageObject\",\"inLanguage\":\"es\",\"@id\":\"https:\\\/\\\/repliquemangacine.fr\\\/#\\\/schema\\\/logo\\\/image\\\/\",\"url\":\"https:\\\/\\\/repliquemangacine.fr\\\/wp-content\\\/uploads\\\/2023\\\/10\\\/RMC-500250.png\",\"contentUrl\":\"https:\\\/\\\/repliquemangacine.fr\\\/wp-content\\\/uploads\\\/2023\\\/10\\\/RMC-500250.png\",\"width\":500,\"height\":250,\"caption\":\"R\u00e9plique Manga Cin\u00e9\"},\"image\":{\"@id\":\"https:\\\/\\\/repliquemangacine.fr\\\/#\\\/schema\\\/logo\\\/image\\\/\"},\"sameAs\":[\"https:\\\/\\\/www.facebook.com\\\/RepliqueMangaCine\",\"https:\\\/\\\/www.instagram.com\\\/repliquemangacine.fr\\\/\"]}]}<\/script>\n<!-- \/ Yoast SEO plugin. -->","yoast_head_json":{"title":"Pistola Derringer Filadelfia - Denix - R\u00e9plique Manga Cin\u00e9","description":"Reg\u00e1lese esta pistola Derringer Philadelphia 1850 Denix al mejor precio - Culata y ca\u00f1\u00f3n de madera - Carga simulada - Longitud total: 17,5 cm","robots":{"index":"index","follow":"follow","max-snippet":"max-snippet:-1","max-image-preview":"max-image-preview:large","max-video-preview":"max-video-preview:-1"},"canonical":"https:\/\/repliquemangacine.fr\/es\/pistola-antigua\/pistola-derringer-denix-philadelphia\/","og_locale":"es_ES","og_type":"article","og_title":"Pistolet Derringer Philadelphia - Denix - R\u00e9plique Manga Cin\u00e9","og_description":"Offrez-vous ce Pistolet Derringer Philadelphia 1850 Denix au meilleur prix - Crosse et f\u00fbt en bois - Simulation de chargement - Longueur totale : 17.5 cm","og_url":"https:\/\/repliquemangacine.fr\/es\/pistola-antigua\/pistola-derringer-denix-philadelphia\/","og_site_name":"R\u00e9plique Manga Cin\u00e9","article_publisher":"https:\/\/www.facebook.com\/RepliqueMangaCine","article_modified_time":"2026-03-27T14:04:49+00:00","og_image":[{"width":500,"height":500,"url":"https:\/\/repliquemangacine.fr\/wp-content\/uploads\/2023\/10\/1018.jpg","type":"image\/jpeg"}],"twitter_card":"summary_large_image","twitter_misc":{"Tiempo de lectura":"2 minutos"},"schema":{"@context":"https:\/\/schema.org","@graph":[{"@type":"WebPage","@id":"https:\/\/repliquemangacine.fr\/pistolet-ancien\/pistolet-derringer-philadelphia-denix\/","url":"https:\/\/repliquemangacine.fr\/pistolet-ancien\/pistolet-derringer-philadelphia-denix\/","name":"Pistola Derringer Filadelfia - Denix - R\u00e9plique Manga Cin\u00e9","isPartOf":{"@id":"https:\/\/repliquemangacine.fr\/#website"},"primaryImageOfPage":{"@id":"https:\/\/repliquemangacine.fr\/pistolet-ancien\/pistolet-derringer-philadelphia-denix\/#primaryimage"},"image":{"@id":"https:\/\/repliquemangacine.fr\/pistolet-ancien\/pistolet-derringer-philadelphia-denix\/#primaryimage"},"thumbnailUrl":"https:\/\/repliquemangacine.fr\/wp-content\/uploads\/2023\/10\/1018.jpg","datePublished":"2022-10-16T15:48:58+00:00","dateModified":"2026-03-27T14:04:49+00:00","description":"Reg\u00e1lese esta pistola Derringer Philadelphia 1850 Denix al mejor precio - Culata y ca\u00f1\u00f3n de madera - Carga simulada - Longitud total: 17,5 cm","breadcrumb":{"@id":"https:\/\/repliquemangacine.fr\/pistolet-ancien\/pistolet-derringer-philadelphia-denix\/#breadcrumb"},"inLanguage":"es","potentialAction":[{"@type":"ReadAction","target":["https:\/\/repliquemangacine.fr\/pistolet-ancien\/pistolet-derringer-philadelphia-denix\/"]}]},{"@type":"ImageObject","inLanguage":"es","@id":"https:\/\/repliquemangacine.fr\/pistolet-ancien\/pistolet-derringer-philadelphia-denix\/#primaryimage","url":"https:\/\/repliquemangacine.fr\/wp-content\/uploads\/2023\/10\/1018.jpg","contentUrl":"https:\/\/repliquemangacine.fr\/wp-content\/uploads\/2023\/10\/1018.jpg","width":500,"height":500,"caption":"Pistolet Derringer Philadelphia 1850"},{"@type":"BreadcrumbList","@id":"https:\/\/repliquemangacine.fr\/pistolet-ancien\/pistolet-derringer-philadelphia-denix\/#breadcrumb","itemListElement":[{"@type":"ListItem","position":1,"name":"Accueil","item":"https:\/\/repliquemangacine.fr\/"},{"@type":"ListItem","position":2,"name":"Produits","item":"https:\/\/repliquemangacine.fr\/boutique\/"},{"@type":"ListItem","position":3,"name":"Pistolet Derringer Philadelphia"}]},{"@type":"WebSite","@id":"https:\/\/repliquemangacine.fr\/#website","url":"https:\/\/repliquemangacine.fr\/","name":"R\u00e9plique Manga Cin\u00e9","description":"","publisher":{"@id":"https:\/\/repliquemangacine.fr\/#organization"},"potentialAction":[{"@type":"SearchAction","target":{"@type":"EntryPoint","urlTemplate":"https:\/\/repliquemangacine.fr\/?s={search_term_string}"},"query-input":{"@type":"PropertyValueSpecification","valueRequired":true,"valueName":"search_term_string"}}],"inLanguage":"es"},{"@type":"Organization","@id":"https:\/\/repliquemangacine.fr\/#organization","name":"R\u00e9plique Manga Cin\u00e9","url":"https:\/\/repliquemangacine.fr\/","logo":{"@type":"ImageObject","inLanguage":"es","@id":"https:\/\/repliquemangacine.fr\/#\/schema\/logo\/image\/","url":"https:\/\/repliquemangacine.fr\/wp-content\/uploads\/2023\/10\/RMC-500250.png","contentUrl":"https:\/\/repliquemangacine.fr\/wp-content\/uploads\/2023\/10\/RMC-500250.png","width":500,"height":250,"caption":"R\u00e9plique Manga Cin\u00e9"},"image":{"@id":"https:\/\/repliquemangacine.fr\/#\/schema\/logo\/image\/"},"sameAs":["https:\/\/www.facebook.com\/RepliqueMangaCine","https:\/\/www.instagram.com\/repliquemangacine.fr\/"]}]}},"_links":{"self":[{"href":"https:\/\/repliquemangacine.fr\/es\/wp-json\/wp\/v2\/product\/54006","targetHints":{"allow":["GET"]}}],"collection":[{"href":"https:\/\/repliquemangacine.fr\/es\/wp-json\/wp\/v2\/product"}],"about":[{"href":"https:\/\/repliquemangacine.fr\/es\/wp-json\/wp\/v2\/types\/product"}],"wp:featuredmedia":[{"embeddable":true,"href":"https:\/\/repliquemangacine.fr\/es\/wp-json\/wp\/v2\/media\/54007"}],"wp:attachment":[{"href":"https:\/\/repliquemangacine.fr\/es\/wp-json\/wp\/v2\/media?parent=54006"}],"wp:term":[{"taxonomy":"product_brand","embeddable":true,"href":"https:\/\/repliquemangacine.fr\/es\/wp-json\/wp\/v2\/product_brand?post=54006"},{"taxonomy":"product_cat","embeddable":true,"href":"https:\/\/repliquemangacine.fr\/es\/wp-json\/wp\/v2\/product_cat?post=54006"},{"taxonomy":"product_tag","embeddable":true,"href":"https:\/\/repliquemangacine.fr\/es\/wp-json\/wp\/v2\/product_tag?post=54006"}],"curies":[{"name":"wp","href":"https:\/\/api.w.org\/{rel}","templated":true}]}}