





{"id":53784,"date":"2022-10-08T19:15:39","date_gmt":"2022-10-08T17:15:39","guid":{"rendered":"https:\/\/repliquemangacine.fr\/?post_type=product&#038;p=53784"},"modified":"2026-04-16T20:03:19","modified_gmt":"2026-04-16T18:03:19","slug":"varilla-espada-assassins-creed","status":"publish","type":"product","link":"https:\/\/repliquemangacine.fr\/es\/armes-assassins-creed\/canne-epee-assassins-creed\/","title":{"rendered":"Bast\u00f3n espada Assassin's Creed"},"content":{"rendered":"<h2>R\u00e9plica de la espada de Assassin's Creed Syndicate.<\/h2>\n<p>Para empezar, este <strong>Bast\u00f3n espada Assassin's Creed<\/strong> <strong>sindicato<\/strong> es utilizado por <a href=\"https:\/\/assassinscreed.fandom.com\/fr\/wiki\/Jacob_Frye\" target=\"_blank\" rel=\"noopener noreferrer\">Jacob<\/a>l\u00edder de la banda, Maestro Asesino de la Hermandad Brit\u00e1nica.<\/p>\n<p>Assassin's Creed: Syndicate es la novena gran entrega de la serie Assassin's Creed. Es la continuaci\u00f3n de Assassin's Creed: Unity, publicado el a\u00f1o anterior. Syndicate presenta a los Assassins Jacob y Evie Frye, dos miembros gemelos de la Hermandad ambientados en el Londres victoriano de la segunda mitad del siglo XIX.<\/p>\n<p>Sir Jacob Frye, l\u00edder de la banda y Maestro Asesino de la Hermandad Brit\u00e1nica. Es el hermano gemelo de Evie Frye.<\/p>\n<p>La espada bast\u00f3n, el arma especial utilizada por los gemelos Evie y Jacob Frye. Discreta, pero no por ello menos mort\u00edfera, pod\u00eda llevarse sin llamar la atenci\u00f3n en una \u00e9poca en la que el porte de armas hab\u00eda pasado a estar prohibido para la poblaci\u00f3n urbana.<\/p>\n<h2>Tu Espada Assassin's Creed Syndicate al mejor precio.<\/h2>\n<p>Te traemos todas las frases de tus personajes favoritos de tu videojuego favorito.<\/p>\n<p>Lo primero y m\u00e1s importante,<\/p>\n<ul>\n<li>La <a href=\"https:\/\/repliquemangacine.fr\/es\/assassins-creed\/assassin-s-creed-odyssey-replica-lanza-rota-de-leonidas\/\">La lanza rota de Le\u00f3nidas<\/a> en Odisea, utilizado por Kassandra y\/o Alexios.<\/li>\n<li>Pero adem\u00e1s, los dos <a href=\"https:\/\/repliquemangacine.fr\/es\/assassins-creed\/hachas-assassins-creed-valhalla\/\">Ejes utilizados por Eivor<\/a> Varinsdottir en Assassin's Creed Valhalla.<\/li>\n<li>Tambi\u00e9n est\u00e1 la frase de <a href=\"https:\/\/repliquemangacine.fr\/es\/assassins-creed\/arma-hacha-pirata-siglo-xviii\/\">Pistola Hacha Piratas<\/a> en Assassin's Creed Unity.<\/li>\n<li>Y muchos m\u00e1s por descubrir en nuestra tienda en l\u00ednea.<\/li>\n<\/ul>\n<p>Por eso es una gran idea de regalo para todos los fans de Assassin's Creed.<\/p>\n<p>En conclusi\u00f3n, tambi\u00e9n puede utilizar este <strong>Bast\u00f3n espada Assassin's Creed<\/strong> <strong>Sindicato<\/strong> para tus desfiles de cosplay o veladas tem\u00e1ticas. Pero, sobre todo, es un objeto de coleccionista y una pieza decorativa.<\/p>\n<h2>\u00bfC\u00f3mo mantengo la hoja de mi espada bast\u00f3n?<\/h2>\n<p>Los bastones espada de colecci\u00f3n y decorativos se fabrican y ensamblan de forma simplificada. Como su uso es decorativo, no cuentan con los elementos de seguridad necesarios para una espada japonesa destinada al entrenamiento.<\/p>\n<p>Sin embargo, tu katana tiene una hoja de acero que hay que mantener para evitar que se estropee con el tiempo. Cuando expongas tu katana, tus amigos sentir\u00e1n curiosidad por ver la hoja y tocarla. Aqu\u00ed es donde debes tener cuidado, ya que la acidez de los dedos es muy perjudicial para el acero, sea cual sea su calidad.<\/p>\n<p>Sin embargo, si esto ocurre, no te asustes: basta con un pa\u00f1o humedecido con un poco de aceite y limpiar las huellas. Si haces esto, tu espada durar\u00e1 mucho tiempo.<\/p>","protected":false},"excerpt":{"rendered":"<p>R\u00e9plica de la Espada de Jacob en Assassin's Creed Syndicate.<\/p>\n<ul>\n<li>Totalmente de metal.<\/li>\n<li>El pomo con cabeza de buitre es de acero macizo.<\/li>\n<li>Hoja de acero inoxidable 440.<\/li>\n<li>En el extremo del bast\u00f3n hay una tira de goma antideslizante.<\/li>\n<li>\u00datil para caminar.<\/li>\n<li>Longitud de la hoja: 31 cm - Longitud total: 96 cm - Peso: 800 gramos<\/li>\n<\/ul>","protected":false},"featured_media":53785,"template":"","meta":[],"product_brand":[896],"product_cat":[836,48,23],"product_tag":[],"class_list":{"0":"post-53784","1":"product","2":"type-product","3":"status-publish","4":"has-post-thumbnail","6":"product_brand-replique-manga-cine","7":"product_cat-armes-assassins-creed","8":"product_cat-epees-assassins-creed-armes-assassins-creed","9":"product_cat-repliques-manga-jeux-video","11":"first","12":"instock","13":"taxable","14":"shipping-taxable","15":"purchasable","16":"product-type-simple"},"yoast_head":"<!-- This site is optimized with the Yoast SEO plugin v27.4 - https:\/\/yoast.com\/product\/yoast-seo-wordpress\/ -->\n<title>Canne \u00e9p\u00e9e Assassin&#039;s Creed syndicate - R\u00e9plique Manga Cin\u00e9<\/title>\n<meta name=\"description\" content=\"Achetez vite ! La Canne \u00e9p\u00e9e Assassin&#039;s Creed utilis\u00e9e par Jacob dans l&#039;opus syndicate au meilleur prix. Lame en acier de 31 cm- Longueur totale : 96cm\" \/>\n<meta name=\"robots\" content=\"index, follow, max-snippet:-1, max-image-preview:large, max-video-preview:-1\" \/>\n<link rel=\"canonical\" href=\"https:\/\/repliquemangacine.fr\/es\/armas-de-assassins-creed\/varilla-espada-assassins-creed\/\" \/>\n<meta property=\"og:locale\" content=\"es_ES\" \/>\n<meta property=\"og:type\" content=\"article\" \/>\n<meta property=\"og:title\" content=\"Canne \u00e9p\u00e9e Assassin&#039;s Creed syndicate - R\u00e9plique Manga Cin\u00e9\" \/>\n<meta property=\"og:description\" content=\"Achetez vite ! La Canne \u00e9p\u00e9e Assassin&#039;s Creed utilis\u00e9e par Jacob dans l&#039;opus syndicate au meilleur prix. Lame en acier de 31 cm- Longueur totale : 96cm\" \/>\n<meta property=\"og:url\" content=\"https:\/\/repliquemangacine.fr\/es\/armas-de-assassins-creed\/varilla-espada-assassins-creed\/\" \/>\n<meta property=\"og:site_name\" content=\"R\u00e9plique Manga Cin\u00e9\" \/>\n<meta property=\"article:publisher\" content=\"https:\/\/www.facebook.com\/RepliqueMangaCine\" \/>\n<meta property=\"article:modified_time\" content=\"2026-04-16T18:03:19+00:00\" \/>\n<meta property=\"og:image\" content=\"https:\/\/repliquemangacine.fr\/wp-content\/uploads\/2023\/10\/Canne-epee-Assassins-Creed-.jpg\" \/>\n\t<meta property=\"og:image:width\" content=\"500\" \/>\n\t<meta property=\"og:image:height\" content=\"500\" \/>\n\t<meta property=\"og:image:type\" content=\"image\/jpeg\" \/>\n<meta name=\"twitter:card\" content=\"summary_large_image\" \/>\n<meta name=\"twitter:label1\" content=\"Tiempo de lectura\" \/>\n\t<meta name=\"twitter:data1\" content=\"2 minutos\" \/>\n<script type=\"application\/ld+json\" class=\"yoast-schema-graph\">{\"@context\":\"https:\\\/\\\/schema.org\",\"@graph\":[{\"@type\":\"WebPage\",\"@id\":\"https:\\\/\\\/repliquemangacine.fr\\\/armes-assassins-creed\\\/canne-epee-assassins-creed\\\/\",\"url\":\"https:\\\/\\\/repliquemangacine.fr\\\/armes-assassins-creed\\\/canne-epee-assassins-creed\\\/\",\"name\":\"Canne \u00e9p\u00e9e Assassin's Creed syndicate - R\u00e9plique Manga Cin\u00e9\",\"isPartOf\":{\"@id\":\"https:\\\/\\\/repliquemangacine.fr\\\/#website\"},\"primaryImageOfPage\":{\"@id\":\"https:\\\/\\\/repliquemangacine.fr\\\/armes-assassins-creed\\\/canne-epee-assassins-creed\\\/#primaryimage\"},\"image\":{\"@id\":\"https:\\\/\\\/repliquemangacine.fr\\\/armes-assassins-creed\\\/canne-epee-assassins-creed\\\/#primaryimage\"},\"thumbnailUrl\":\"https:\\\/\\\/repliquemangacine.fr\\\/wp-content\\\/uploads\\\/2023\\\/10\\\/Canne-epee-Assassins-Creed-.jpg\",\"datePublished\":\"2022-10-08T17:15:39+00:00\",\"dateModified\":\"2026-04-16T18:03:19+00:00\",\"description\":\"Achetez vite ! La Canne \u00e9p\u00e9e Assassin's Creed utilis\u00e9e par Jacob dans l'opus syndicate au meilleur prix. Lame en acier de 31 cm- Longueur totale : 96cm\",\"breadcrumb\":{\"@id\":\"https:\\\/\\\/repliquemangacine.fr\\\/armes-assassins-creed\\\/canne-epee-assassins-creed\\\/#breadcrumb\"},\"inLanguage\":\"es\",\"potentialAction\":[{\"@type\":\"ReadAction\",\"target\":[\"https:\\\/\\\/repliquemangacine.fr\\\/armes-assassins-creed\\\/canne-epee-assassins-creed\\\/\"]}]},{\"@type\":\"ImageObject\",\"inLanguage\":\"es\",\"@id\":\"https:\\\/\\\/repliquemangacine.fr\\\/armes-assassins-creed\\\/canne-epee-assassins-creed\\\/#primaryimage\",\"url\":\"https:\\\/\\\/repliquemangacine.fr\\\/wp-content\\\/uploads\\\/2023\\\/10\\\/Canne-epee-Assassins-Creed-.jpg\",\"contentUrl\":\"https:\\\/\\\/repliquemangacine.fr\\\/wp-content\\\/uploads\\\/2023\\\/10\\\/Canne-epee-Assassins-Creed-.jpg\",\"width\":500,\"height\":500,\"caption\":\"Canne \u00e9p\u00e9e Assassin's Creed syndicate\"},{\"@type\":\"BreadcrumbList\",\"@id\":\"https:\\\/\\\/repliquemangacine.fr\\\/armes-assassins-creed\\\/canne-epee-assassins-creed\\\/#breadcrumb\",\"itemListElement\":[{\"@type\":\"ListItem\",\"position\":1,\"name\":\"Accueil\",\"item\":\"https:\\\/\\\/repliquemangacine.fr\\\/\"},{\"@type\":\"ListItem\",\"position\":2,\"name\":\"Produits\",\"item\":\"https:\\\/\\\/repliquemangacine.fr\\\/boutique\\\/\"},{\"@type\":\"ListItem\",\"position\":3,\"name\":\"Canne \u00e9p\u00e9e Assassin&#8217;s Creed\"}]},{\"@type\":\"WebSite\",\"@id\":\"https:\\\/\\\/repliquemangacine.fr\\\/#website\",\"url\":\"https:\\\/\\\/repliquemangacine.fr\\\/\",\"name\":\"R\u00e9plique Manga Cin\u00e9\",\"description\":\"\",\"publisher\":{\"@id\":\"https:\\\/\\\/repliquemangacine.fr\\\/#organization\"},\"potentialAction\":[{\"@type\":\"SearchAction\",\"target\":{\"@type\":\"EntryPoint\",\"urlTemplate\":\"https:\\\/\\\/repliquemangacine.fr\\\/?s={search_term_string}\"},\"query-input\":{\"@type\":\"PropertyValueSpecification\",\"valueRequired\":true,\"valueName\":\"search_term_string\"}}],\"inLanguage\":\"es\"},{\"@type\":\"Organization\",\"@id\":\"https:\\\/\\\/repliquemangacine.fr\\\/#organization\",\"name\":\"R\u00e9plique Manga Cin\u00e9\",\"url\":\"https:\\\/\\\/repliquemangacine.fr\\\/\",\"logo\":{\"@type\":\"ImageObject\",\"inLanguage\":\"es\",\"@id\":\"https:\\\/\\\/repliquemangacine.fr\\\/#\\\/schema\\\/logo\\\/image\\\/\",\"url\":\"https:\\\/\\\/repliquemangacine.fr\\\/wp-content\\\/uploads\\\/2023\\\/10\\\/RMC-500250.png\",\"contentUrl\":\"https:\\\/\\\/repliquemangacine.fr\\\/wp-content\\\/uploads\\\/2023\\\/10\\\/RMC-500250.png\",\"width\":500,\"height\":250,\"caption\":\"R\u00e9plique Manga Cin\u00e9\"},\"image\":{\"@id\":\"https:\\\/\\\/repliquemangacine.fr\\\/#\\\/schema\\\/logo\\\/image\\\/\"},\"sameAs\":[\"https:\\\/\\\/www.facebook.com\\\/RepliqueMangaCine\",\"https:\\\/\\\/www.instagram.com\\\/repliquemangacine.fr\\\/\"]}]}<\/script>\n<!-- \/ Yoast SEO plugin. -->","yoast_head_json":{"title":"Espada del sindicato de Assassin's Creed - R\u00e9plique Manga Cin\u00e9","description":"\u00a1C\u00f3mpralo ya! El bast\u00f3n espada de Assassin's Creed utilizado por Jacob en el opus syndicate al mejor precio. Hoja de acero de 31 cm- Longitud total: 96 cm","robots":{"index":"index","follow":"follow","max-snippet":"max-snippet:-1","max-image-preview":"max-image-preview:large","max-video-preview":"max-video-preview:-1"},"canonical":"https:\/\/repliquemangacine.fr\/es\/armas-de-assassins-creed\/varilla-espada-assassins-creed\/","og_locale":"es_ES","og_type":"article","og_title":"Canne \u00e9p\u00e9e Assassin's Creed syndicate - R\u00e9plique Manga Cin\u00e9","og_description":"Achetez vite ! La Canne \u00e9p\u00e9e Assassin's Creed utilis\u00e9e par Jacob dans l'opus syndicate au meilleur prix. Lame en acier de 31 cm- Longueur totale : 96cm","og_url":"https:\/\/repliquemangacine.fr\/es\/armas-de-assassins-creed\/varilla-espada-assassins-creed\/","og_site_name":"R\u00e9plique Manga Cin\u00e9","article_publisher":"https:\/\/www.facebook.com\/RepliqueMangaCine","article_modified_time":"2026-04-16T18:03:19+00:00","og_image":[{"width":500,"height":500,"url":"https:\/\/repliquemangacine.fr\/wp-content\/uploads\/2023\/10\/Canne-epee-Assassins-Creed-.jpg","type":"image\/jpeg"}],"twitter_card":"summary_large_image","twitter_misc":{"Tiempo de lectura":"2 minutos"},"schema":{"@context":"https:\/\/schema.org","@graph":[{"@type":"WebPage","@id":"https:\/\/repliquemangacine.fr\/armes-assassins-creed\/canne-epee-assassins-creed\/","url":"https:\/\/repliquemangacine.fr\/armes-assassins-creed\/canne-epee-assassins-creed\/","name":"Espada del sindicato de Assassin's Creed - R\u00e9plique Manga Cin\u00e9","isPartOf":{"@id":"https:\/\/repliquemangacine.fr\/#website"},"primaryImageOfPage":{"@id":"https:\/\/repliquemangacine.fr\/armes-assassins-creed\/canne-epee-assassins-creed\/#primaryimage"},"image":{"@id":"https:\/\/repliquemangacine.fr\/armes-assassins-creed\/canne-epee-assassins-creed\/#primaryimage"},"thumbnailUrl":"https:\/\/repliquemangacine.fr\/wp-content\/uploads\/2023\/10\/Canne-epee-Assassins-Creed-.jpg","datePublished":"2022-10-08T17:15:39+00:00","dateModified":"2026-04-16T18:03:19+00:00","description":"\u00a1C\u00f3mpralo ya! El bast\u00f3n espada de Assassin's Creed utilizado por Jacob en el opus syndicate al mejor precio. Hoja de acero de 31 cm- Longitud total: 96 cm","breadcrumb":{"@id":"https:\/\/repliquemangacine.fr\/armes-assassins-creed\/canne-epee-assassins-creed\/#breadcrumb"},"inLanguage":"es","potentialAction":[{"@type":"ReadAction","target":["https:\/\/repliquemangacine.fr\/armes-assassins-creed\/canne-epee-assassins-creed\/"]}]},{"@type":"ImageObject","inLanguage":"es","@id":"https:\/\/repliquemangacine.fr\/armes-assassins-creed\/canne-epee-assassins-creed\/#primaryimage","url":"https:\/\/repliquemangacine.fr\/wp-content\/uploads\/2023\/10\/Canne-epee-Assassins-Creed-.jpg","contentUrl":"https:\/\/repliquemangacine.fr\/wp-content\/uploads\/2023\/10\/Canne-epee-Assassins-Creed-.jpg","width":500,"height":500,"caption":"Canne \u00e9p\u00e9e Assassin's Creed syndicate"},{"@type":"BreadcrumbList","@id":"https:\/\/repliquemangacine.fr\/armes-assassins-creed\/canne-epee-assassins-creed\/#breadcrumb","itemListElement":[{"@type":"ListItem","position":1,"name":"Accueil","item":"https:\/\/repliquemangacine.fr\/"},{"@type":"ListItem","position":2,"name":"Produits","item":"https:\/\/repliquemangacine.fr\/boutique\/"},{"@type":"ListItem","position":3,"name":"Canne \u00e9p\u00e9e Assassin&#8217;s Creed"}]},{"@type":"WebSite","@id":"https:\/\/repliquemangacine.fr\/#website","url":"https:\/\/repliquemangacine.fr\/","name":"R\u00e9plique Manga Cin\u00e9","description":"","publisher":{"@id":"https:\/\/repliquemangacine.fr\/#organization"},"potentialAction":[{"@type":"SearchAction","target":{"@type":"EntryPoint","urlTemplate":"https:\/\/repliquemangacine.fr\/?s={search_term_string}"},"query-input":{"@type":"PropertyValueSpecification","valueRequired":true,"valueName":"search_term_string"}}],"inLanguage":"es"},{"@type":"Organization","@id":"https:\/\/repliquemangacine.fr\/#organization","name":"R\u00e9plique Manga Cin\u00e9","url":"https:\/\/repliquemangacine.fr\/","logo":{"@type":"ImageObject","inLanguage":"es","@id":"https:\/\/repliquemangacine.fr\/#\/schema\/logo\/image\/","url":"https:\/\/repliquemangacine.fr\/wp-content\/uploads\/2023\/10\/RMC-500250.png","contentUrl":"https:\/\/repliquemangacine.fr\/wp-content\/uploads\/2023\/10\/RMC-500250.png","width":500,"height":250,"caption":"R\u00e9plique Manga Cin\u00e9"},"image":{"@id":"https:\/\/repliquemangacine.fr\/#\/schema\/logo\/image\/"},"sameAs":["https:\/\/www.facebook.com\/RepliqueMangaCine","https:\/\/www.instagram.com\/repliquemangacine.fr\/"]}]}},"_links":{"self":[{"href":"https:\/\/repliquemangacine.fr\/es\/wp-json\/wp\/v2\/product\/53784","targetHints":{"allow":["GET"]}}],"collection":[{"href":"https:\/\/repliquemangacine.fr\/es\/wp-json\/wp\/v2\/product"}],"about":[{"href":"https:\/\/repliquemangacine.fr\/es\/wp-json\/wp\/v2\/types\/product"}],"wp:featuredmedia":[{"embeddable":true,"href":"https:\/\/repliquemangacine.fr\/es\/wp-json\/wp\/v2\/media\/53785"}],"wp:attachment":[{"href":"https:\/\/repliquemangacine.fr\/es\/wp-json\/wp\/v2\/media?parent=53784"}],"wp:term":[{"taxonomy":"product_brand","embeddable":true,"href":"https:\/\/repliquemangacine.fr\/es\/wp-json\/wp\/v2\/product_brand?post=53784"},{"taxonomy":"product_cat","embeddable":true,"href":"https:\/\/repliquemangacine.fr\/es\/wp-json\/wp\/v2\/product_cat?post=53784"},{"taxonomy":"product_tag","embeddable":true,"href":"https:\/\/repliquemangacine.fr\/es\/wp-json\/wp\/v2\/product_tag?post=53784"}],"curies":[{"name":"wp","href":"https:\/\/api.w.org\/{rel}","templated":true}]}}