





{"id":53764,"date":"2022-10-08T16:04:20","date_gmt":"2022-10-08T14:04:20","guid":{"rendered":"https:\/\/repliquemangacine.fr\/?post_type=product&#038;p=53764"},"modified":"2025-10-05T17:19:40","modified_gmt":"2025-10-05T15:19:40","slug":"katana-2b-tratado-virtuoso-nierautomata-oro","status":"publish","type":"product","link":"https:\/\/repliquemangacine.fr\/es\/katana-et-epee-de-jeux-video-autre-jeux-video\/katana-2b-traite-vertueux-nierautomata-gold\/","title":{"rendered":"katana 2B Tratado virtuoso"},"content":{"rendered":"<h2>Katana 2B NieR:Automata Tratado justo de oro.<\/h2>\n<p>Para empezar, el <strong>Katana 2B NieR:Automata<\/strong> <strong>Oro<\/strong> Tratado justiciero es el arma inicial de 2B con sus habilidades especiales. Su viveza aumenta la velocidad de sus ataques y potencia su poder. 2B (abreviatura de \"YoRHa N\u00ba 2 Type B\") es el protagonista principal del videojuego Nier Automata. Es un androide humanoide de combate creado como parte del <a href=\"https:\/\/nier.fandom.com\/fr\/wiki\/YoRHa_No.2_Type_B\" target=\"_blank\" rel=\"noopener noreferrer\">YoRHa<\/a>.<\/p>\n<p>Su misi\u00f3n es liberar a la Tierra de las formas de vida mec\u00e1nicas hostiles creadas por una raza extraterrestre sin nombre. Su designaci\u00f3n de tipo B indica que se especializa en el combate de primera l\u00ednea y que es capaz de manejar dos armas y utilizar una gran variedad de estilos de lucha.<\/p>\n<p>2B tiene el pelo blanco plateado y la piel p\u00e1lida, con una apariencia y rasgos claramente humanos.<\/p>\n<h2>Tu Katana 2B NieR:Automata Gold al mejor precio.<\/h2>\n<p>Te ofrecemos una amplia selecci\u00f3n de r\u00e9plicas de tus mangas y videojuegos favoritos.<\/p>\n<p>Lo primero y m\u00e1s importante,<\/p>\n<ul>\n<li>Magn\u00edfica r\u00e9plica del<a href=\"https:\/\/repliquemangacine.fr\/es\/otros-videojuegos\/epee-lotus-de-li-bais-dans-king-of-glory\/\">Espada de loto<\/a> Espada utilizada por Li Bai en el videojuego King of Glory.<\/li>\n<li>Adem\u00e1s de la magn\u00edfica r\u00e9plica de la katana <a href=\"https:\/\/repliquemangacine.fr\/es\/otros-videojuegos\/fushigiri-mortal-blade-sekiro-shadows-die-twice\/\">Fushigiri, Hoja Mortal<\/a> en el videojuego sekiro: las sombras mueren dos veces.<\/li>\n<li>Tambi\u00e9n est\u00e1 la legendaria espada de Sephiroth el <a href=\"https:\/\/repliquemangacine.fr\/es\/otros-videojuegos\/katana-de-sephiroth-masamune-192-cm\/\">Masamune<\/a> en el famoso videojuego.<\/li>\n<li>Y muchos m\u00e1s por descubrir en nuestra tienda en l\u00ednea.<\/li>\n<\/ul>\n<p>Por eso, aqu\u00ed tienes unas ideas fant\u00e1sticas para regalar a todos los aficionados a los videojuegos.<\/p>\n<p>En conclusi\u00f3n, puede utilizar el <strong>Katana 2B NieR:Automata Oro<\/strong> para tus desfiles de cosplay o fiestas tem\u00e1ticas. Pero, sobre todo, es una pieza de coleccionista y un objeto decorativo.<\/p>\n<h2>\u00bfC\u00f3mo mantengo la hoja de mi katana Yorha?<\/h2>\n<p>Las katanas de colecci\u00f3n y decorativas se fabrican y ensamblan de forma simplificada. Como su uso es decorativo, no cuentan con los elementos de seguridad exigidos a una espada japonesa destinada al entrenamiento.<\/p>\n<p>Sin embargo, su <strong>katana 2B NieR:Automata Oro<\/strong> a una hoja de acero que hay que cuidar para evitar que se estropee con el tiempo. Cuando exponga su katana, sus amigos sentir\u00e1n curiosidad por ver la hoja y tocarla. Aqu\u00ed es donde hay que tener cuidado, ya que la acidez de los dedos es muy perjudicial para el acero, sea cual sea su calidad.<\/p>\n<p>Sin embargo, si esto ocurre, no te asustes, todo lo que necesitas es un pa\u00f1o humedecido con un poco de aceite y limpiar las huellas dactilares. Si haces esto, tu espada durar\u00e1 mucho tiempo.<\/p>\n<p><strong>\u00a0<\/strong><\/p>","protected":false},"excerpt":{"rendered":"<p>Katana 2B tratada virtuosamente Gold en el videojuego NieR: Automata<\/p>\n<ul>\n<li>Cuchillas de acero con forma especial.<\/li>\n<li>Empu\u00f1adura de acero decorada.<\/li>\n<li>Mango recubierto de trenza de algod\u00f3n blanco.<\/li>\n<li>Pomo decorado.<\/li>\n<li>Funda de imitaci\u00f3n de cuero negro.<\/li>\n<li>Longitud de la hoja: 75 cm - Longitud total: 104 cm - Peso: 1550 gramos<\/li>\n<\/ul>","protected":false},"featured_media":53765,"template":"","meta":[],"product_brand":[896],"product_cat":[23,67],"product_tag":[],"class_list":{"0":"post-53764","1":"product","2":"type-product","3":"status-publish","4":"has-post-thumbnail","6":"product_brand-replique-manga-cine","7":"product_cat-repliques-manga-jeux-video","8":"product_cat-katana-et-epee-de-jeux-video-autre-jeux-video","10":"first","11":"instock","12":"taxable","13":"shipping-taxable","14":"purchasable","15":"product-type-simple"},"yoast_head":"<!-- This site is optimized with the Yoast SEO plugin v27.4 - https:\/\/yoast.com\/product\/yoast-seo-wordpress\/ -->\n<title>Katana 2B NieR:Automata Gold - Boutique en ligne - RMC<\/title>\n<meta name=\"description\" content=\"Achetez vite ! Ce Katana 2B NieR:Automata Gold au meilleur prix. Trait\u00e9 vertueux \u00e0 une Lame en acier - Echelle 1\/1 - Longueur : 104cm - Envoi 24\/48h\" \/>\n<meta name=\"robots\" content=\"index, follow, max-snippet:-1, max-image-preview:large, max-video-preview:-1\" \/>\n<link rel=\"canonical\" href=\"https:\/\/repliquemangacine.fr\/es\/katana-y-espada-videojuego-otros-videojuegos\/katana-2b-tratado-virtuoso-nierautomata-oro\/\" \/>\n<meta property=\"og:locale\" content=\"es_ES\" \/>\n<meta property=\"og:type\" content=\"article\" \/>\n<meta property=\"og:title\" content=\"Katana 2B NieR:Automata Gold - Boutique en ligne - RMC\" \/>\n<meta property=\"og:description\" content=\"Achetez vite ! Ce Katana 2B NieR:Automata Gold au meilleur prix. Trait\u00e9 vertueux \u00e0 une Lame en acier - Echelle 1\/1 - Longueur : 104cm - Envoi 24\/48h\" \/>\n<meta property=\"og:url\" content=\"https:\/\/repliquemangacine.fr\/es\/katana-y-espada-videojuego-otros-videojuegos\/katana-2b-tratado-virtuoso-nierautomata-oro\/\" \/>\n<meta property=\"og:site_name\" content=\"R\u00e9plique Manga Cin\u00e9\" \/>\n<meta property=\"article:publisher\" content=\"https:\/\/www.facebook.com\/RepliqueMangaCine\" \/>\n<meta property=\"article:modified_time\" content=\"2025-10-05T15:19:40+00:00\" \/>\n<meta property=\"og:image\" content=\"https:\/\/repliquemangacine.fr\/wp-content\/uploads\/2023\/10\/625-2-1.jpg\" \/>\n\t<meta property=\"og:image:width\" content=\"500\" \/>\n\t<meta property=\"og:image:height\" content=\"500\" \/>\n\t<meta property=\"og:image:type\" content=\"image\/jpeg\" \/>\n<meta name=\"twitter:card\" content=\"summary_large_image\" \/>\n<meta name=\"twitter:label1\" content=\"Tiempo de lectura\" \/>\n\t<meta name=\"twitter:data1\" content=\"2 minutos\" \/>\n<script type=\"application\/ld+json\" class=\"yoast-schema-graph\">{\"@context\":\"https:\\\/\\\/schema.org\",\"@graph\":[{\"@type\":\"WebPage\",\"@id\":\"https:\\\/\\\/repliquemangacine.fr\\\/katana-et-epee-de-jeux-video-autre-jeux-video\\\/katana-2b-traite-vertueux-nierautomata-gold\\\/\",\"url\":\"https:\\\/\\\/repliquemangacine.fr\\\/katana-et-epee-de-jeux-video-autre-jeux-video\\\/katana-2b-traite-vertueux-nierautomata-gold\\\/\",\"name\":\"Katana 2B NieR:Automata Gold - Boutique en ligne - RMC\",\"isPartOf\":{\"@id\":\"https:\\\/\\\/repliquemangacine.fr\\\/#website\"},\"primaryImageOfPage\":{\"@id\":\"https:\\\/\\\/repliquemangacine.fr\\\/katana-et-epee-de-jeux-video-autre-jeux-video\\\/katana-2b-traite-vertueux-nierautomata-gold\\\/#primaryimage\"},\"image\":{\"@id\":\"https:\\\/\\\/repliquemangacine.fr\\\/katana-et-epee-de-jeux-video-autre-jeux-video\\\/katana-2b-traite-vertueux-nierautomata-gold\\\/#primaryimage\"},\"thumbnailUrl\":\"https:\\\/\\\/repliquemangacine.fr\\\/wp-content\\\/uploads\\\/2023\\\/10\\\/625-2-1.jpg\",\"datePublished\":\"2022-10-08T14:04:20+00:00\",\"dateModified\":\"2025-10-05T15:19:40+00:00\",\"description\":\"Achetez vite ! Ce Katana 2B NieR:Automata Gold au meilleur prix. Trait\u00e9 vertueux \u00e0 une Lame en acier - Echelle 1\\\/1 - Longueur : 104cm - Envoi 24\\\/48h\",\"breadcrumb\":{\"@id\":\"https:\\\/\\\/repliquemangacine.fr\\\/katana-et-epee-de-jeux-video-autre-jeux-video\\\/katana-2b-traite-vertueux-nierautomata-gold\\\/#breadcrumb\"},\"inLanguage\":\"es\",\"potentialAction\":[{\"@type\":\"ReadAction\",\"target\":[\"https:\\\/\\\/repliquemangacine.fr\\\/katana-et-epee-de-jeux-video-autre-jeux-video\\\/katana-2b-traite-vertueux-nierautomata-gold\\\/\"]}]},{\"@type\":\"ImageObject\",\"inLanguage\":\"es\",\"@id\":\"https:\\\/\\\/repliquemangacine.fr\\\/katana-et-epee-de-jeux-video-autre-jeux-video\\\/katana-2b-traite-vertueux-nierautomata-gold\\\/#primaryimage\",\"url\":\"https:\\\/\\\/repliquemangacine.fr\\\/wp-content\\\/uploads\\\/2023\\\/10\\\/625-2-1.jpg\",\"contentUrl\":\"https:\\\/\\\/repliquemangacine.fr\\\/wp-content\\\/uploads\\\/2023\\\/10\\\/625-2-1.jpg\",\"width\":500,\"height\":500,\"caption\":\"katana 2B Trait\u00e9 vertueux gold\"},{\"@type\":\"BreadcrumbList\",\"@id\":\"https:\\\/\\\/repliquemangacine.fr\\\/katana-et-epee-de-jeux-video-autre-jeux-video\\\/katana-2b-traite-vertueux-nierautomata-gold\\\/#breadcrumb\",\"itemListElement\":[{\"@type\":\"ListItem\",\"position\":1,\"name\":\"Accueil\",\"item\":\"https:\\\/\\\/repliquemangacine.fr\\\/\"},{\"@type\":\"ListItem\",\"position\":2,\"name\":\"Produits\",\"item\":\"https:\\\/\\\/repliquemangacine.fr\\\/boutique\\\/\"},{\"@type\":\"ListItem\",\"position\":3,\"name\":\"katana 2B Trait\u00e9 vertueux\"}]},{\"@type\":\"WebSite\",\"@id\":\"https:\\\/\\\/repliquemangacine.fr\\\/#website\",\"url\":\"https:\\\/\\\/repliquemangacine.fr\\\/\",\"name\":\"R\u00e9plique Manga Cin\u00e9\",\"description\":\"\",\"publisher\":{\"@id\":\"https:\\\/\\\/repliquemangacine.fr\\\/#organization\"},\"potentialAction\":[{\"@type\":\"SearchAction\",\"target\":{\"@type\":\"EntryPoint\",\"urlTemplate\":\"https:\\\/\\\/repliquemangacine.fr\\\/?s={search_term_string}\"},\"query-input\":{\"@type\":\"PropertyValueSpecification\",\"valueRequired\":true,\"valueName\":\"search_term_string\"}}],\"inLanguage\":\"es\"},{\"@type\":\"Organization\",\"@id\":\"https:\\\/\\\/repliquemangacine.fr\\\/#organization\",\"name\":\"R\u00e9plique Manga Cin\u00e9\",\"url\":\"https:\\\/\\\/repliquemangacine.fr\\\/\",\"logo\":{\"@type\":\"ImageObject\",\"inLanguage\":\"es\",\"@id\":\"https:\\\/\\\/repliquemangacine.fr\\\/#\\\/schema\\\/logo\\\/image\\\/\",\"url\":\"https:\\\/\\\/repliquemangacine.fr\\\/wp-content\\\/uploads\\\/2023\\\/10\\\/RMC-500250.png\",\"contentUrl\":\"https:\\\/\\\/repliquemangacine.fr\\\/wp-content\\\/uploads\\\/2023\\\/10\\\/RMC-500250.png\",\"width\":500,\"height\":250,\"caption\":\"R\u00e9plique Manga Cin\u00e9\"},\"image\":{\"@id\":\"https:\\\/\\\/repliquemangacine.fr\\\/#\\\/schema\\\/logo\\\/image\\\/\"},\"sameAs\":[\"https:\\\/\\\/www.facebook.com\\\/RepliqueMangaCine\",\"https:\\\/\\\/www.instagram.com\\\/repliquemangacine.fr\\\/\"]}]}<\/script>\n<!-- \/ Yoast SEO plugin. -->","yoast_head_json":{"title":"Katana 2B NieR:Automata Oro - Tienda Online - RMC","description":"\u00a1C\u00f3mpralo ahora! Esta Katana 2B NieR:Automata Gold al mejor precio. Trato justo con una hoja de acero - Escala 1\/1 - Longitud: 104cm - Env\u00edo 24\/48h","robots":{"index":"index","follow":"follow","max-snippet":"max-snippet:-1","max-image-preview":"max-image-preview:large","max-video-preview":"max-video-preview:-1"},"canonical":"https:\/\/repliquemangacine.fr\/es\/katana-y-espada-videojuego-otros-videojuegos\/katana-2b-tratado-virtuoso-nierautomata-oro\/","og_locale":"es_ES","og_type":"article","og_title":"Katana 2B NieR:Automata Gold - Boutique en ligne - RMC","og_description":"Achetez vite ! Ce Katana 2B NieR:Automata Gold au meilleur prix. Trait\u00e9 vertueux \u00e0 une Lame en acier - Echelle 1\/1 - Longueur : 104cm - Envoi 24\/48h","og_url":"https:\/\/repliquemangacine.fr\/es\/katana-y-espada-videojuego-otros-videojuegos\/katana-2b-tratado-virtuoso-nierautomata-oro\/","og_site_name":"R\u00e9plique Manga Cin\u00e9","article_publisher":"https:\/\/www.facebook.com\/RepliqueMangaCine","article_modified_time":"2025-10-05T15:19:40+00:00","og_image":[{"width":500,"height":500,"url":"https:\/\/repliquemangacine.fr\/wp-content\/uploads\/2023\/10\/625-2-1.jpg","type":"image\/jpeg"}],"twitter_card":"summary_large_image","twitter_misc":{"Tiempo de lectura":"2 minutos"},"schema":{"@context":"https:\/\/schema.org","@graph":[{"@type":"WebPage","@id":"https:\/\/repliquemangacine.fr\/katana-et-epee-de-jeux-video-autre-jeux-video\/katana-2b-traite-vertueux-nierautomata-gold\/","url":"https:\/\/repliquemangacine.fr\/katana-et-epee-de-jeux-video-autre-jeux-video\/katana-2b-traite-vertueux-nierautomata-gold\/","name":"Katana 2B NieR:Automata Oro - Tienda Online - RMC","isPartOf":{"@id":"https:\/\/repliquemangacine.fr\/#website"},"primaryImageOfPage":{"@id":"https:\/\/repliquemangacine.fr\/katana-et-epee-de-jeux-video-autre-jeux-video\/katana-2b-traite-vertueux-nierautomata-gold\/#primaryimage"},"image":{"@id":"https:\/\/repliquemangacine.fr\/katana-et-epee-de-jeux-video-autre-jeux-video\/katana-2b-traite-vertueux-nierautomata-gold\/#primaryimage"},"thumbnailUrl":"https:\/\/repliquemangacine.fr\/wp-content\/uploads\/2023\/10\/625-2-1.jpg","datePublished":"2022-10-08T14:04:20+00:00","dateModified":"2025-10-05T15:19:40+00:00","description":"\u00a1C\u00f3mpralo ahora! Esta Katana 2B NieR:Automata Gold al mejor precio. Trato justo con una hoja de acero - Escala 1\/1 - Longitud: 104cm - Env\u00edo 24\/48h","breadcrumb":{"@id":"https:\/\/repliquemangacine.fr\/katana-et-epee-de-jeux-video-autre-jeux-video\/katana-2b-traite-vertueux-nierautomata-gold\/#breadcrumb"},"inLanguage":"es","potentialAction":[{"@type":"ReadAction","target":["https:\/\/repliquemangacine.fr\/katana-et-epee-de-jeux-video-autre-jeux-video\/katana-2b-traite-vertueux-nierautomata-gold\/"]}]},{"@type":"ImageObject","inLanguage":"es","@id":"https:\/\/repliquemangacine.fr\/katana-et-epee-de-jeux-video-autre-jeux-video\/katana-2b-traite-vertueux-nierautomata-gold\/#primaryimage","url":"https:\/\/repliquemangacine.fr\/wp-content\/uploads\/2023\/10\/625-2-1.jpg","contentUrl":"https:\/\/repliquemangacine.fr\/wp-content\/uploads\/2023\/10\/625-2-1.jpg","width":500,"height":500,"caption":"katana 2B Trait\u00e9 vertueux gold"},{"@type":"BreadcrumbList","@id":"https:\/\/repliquemangacine.fr\/katana-et-epee-de-jeux-video-autre-jeux-video\/katana-2b-traite-vertueux-nierautomata-gold\/#breadcrumb","itemListElement":[{"@type":"ListItem","position":1,"name":"Accueil","item":"https:\/\/repliquemangacine.fr\/"},{"@type":"ListItem","position":2,"name":"Produits","item":"https:\/\/repliquemangacine.fr\/boutique\/"},{"@type":"ListItem","position":3,"name":"katana 2B Trait\u00e9 vertueux"}]},{"@type":"WebSite","@id":"https:\/\/repliquemangacine.fr\/#website","url":"https:\/\/repliquemangacine.fr\/","name":"R\u00e9plique Manga Cin\u00e9","description":"","publisher":{"@id":"https:\/\/repliquemangacine.fr\/#organization"},"potentialAction":[{"@type":"SearchAction","target":{"@type":"EntryPoint","urlTemplate":"https:\/\/repliquemangacine.fr\/?s={search_term_string}"},"query-input":{"@type":"PropertyValueSpecification","valueRequired":true,"valueName":"search_term_string"}}],"inLanguage":"es"},{"@type":"Organization","@id":"https:\/\/repliquemangacine.fr\/#organization","name":"R\u00e9plique Manga Cin\u00e9","url":"https:\/\/repliquemangacine.fr\/","logo":{"@type":"ImageObject","inLanguage":"es","@id":"https:\/\/repliquemangacine.fr\/#\/schema\/logo\/image\/","url":"https:\/\/repliquemangacine.fr\/wp-content\/uploads\/2023\/10\/RMC-500250.png","contentUrl":"https:\/\/repliquemangacine.fr\/wp-content\/uploads\/2023\/10\/RMC-500250.png","width":500,"height":250,"caption":"R\u00e9plique Manga Cin\u00e9"},"image":{"@id":"https:\/\/repliquemangacine.fr\/#\/schema\/logo\/image\/"},"sameAs":["https:\/\/www.facebook.com\/RepliqueMangaCine","https:\/\/www.instagram.com\/repliquemangacine.fr\/"]}]}},"_links":{"self":[{"href":"https:\/\/repliquemangacine.fr\/es\/wp-json\/wp\/v2\/product\/53764","targetHints":{"allow":["GET"]}}],"collection":[{"href":"https:\/\/repliquemangacine.fr\/es\/wp-json\/wp\/v2\/product"}],"about":[{"href":"https:\/\/repliquemangacine.fr\/es\/wp-json\/wp\/v2\/types\/product"}],"wp:featuredmedia":[{"embeddable":true,"href":"https:\/\/repliquemangacine.fr\/es\/wp-json\/wp\/v2\/media\/53765"}],"wp:attachment":[{"href":"https:\/\/repliquemangacine.fr\/es\/wp-json\/wp\/v2\/media?parent=53764"}],"wp:term":[{"taxonomy":"product_brand","embeddable":true,"href":"https:\/\/repliquemangacine.fr\/es\/wp-json\/wp\/v2\/product_brand?post=53764"},{"taxonomy":"product_cat","embeddable":true,"href":"https:\/\/repliquemangacine.fr\/es\/wp-json\/wp\/v2\/product_cat?post=53764"},{"taxonomy":"product_tag","embeddable":true,"href":"https:\/\/repliquemangacine.fr\/es\/wp-json\/wp\/v2\/product_tag?post=53764"}],"curies":[{"name":"wp","href":"https:\/\/api.w.org\/{rel}","templated":true}]}}