





{"id":53709,"date":"2022-10-07T13:35:32","date_gmt":"2022-10-07T11:35:32","guid":{"rendered":"https:\/\/repliquemangacine.fr\/?post_type=product&#038;p=53709"},"modified":"2025-12-14T18:29:41","modified_gmt":"2025-12-14T17:29:41","slug":"hacha-de-fantasia-oscura","status":"publish","type":"product","link":"https:\/\/repliquemangacine.fr\/es\/epees-et-dagues-fantasy\/hache-dark-fantasy\/","title":{"rendered":"Hacha Dark Fantasy"},"content":{"rendered":"<h2>Hacha Dark Fantasy<\/h2>\n<p>Para empezar, el <strong>Hacha Dark Fantasy<\/strong>, pieza de colecci\u00f3n y decoraci\u00f3n con su drag\u00f3n y su espada con cabeza de calavera.<\/p>\n<p>La fantas\u00eda oscura, o dark fantasy, es un subg\u00e9nero de la <a href=\"https:\/\/fr.wikipedia.org\/wiki\/Fantasy\" target=\"_blank\" rel=\"noopener noreferrer\">fantas\u00eda<\/a> que designa las obras en las que el ambiente es muy sombr\u00edo y cercano al apocalipsis.<\/p>\n<p>Esta nueva dimensi\u00f3n de la fantas\u00eda se aleja del manique\u00edsmo cl\u00e1sico y permite reflexionar sobre la validez de los conceptos de bien y mal.<\/p>\n<p>La fantas\u00eda oscura se considera a veces una variante del terror, pero incorpora elementos mitol\u00f3gicos o \u00e9picos. Sin embargo, la fantas\u00eda oscura tambi\u00e9n se refiere a historias sobre criaturas malvadas.<\/p>\n<h2>Tu Hacha Fantas\u00eda Oscura al mejor precio.<\/h2>\n<p>Le ofrecemos una amplia selecci\u00f3n de r\u00e9plicas de dagas y otros productos del mundo de la fantas\u00eda.<\/p>\n<p>Lo primero y m\u00e1s importante,<\/p>\n<ul>\n<li>En <a href=\"https:\/\/repliquemangacine.fr\/es\/espadas-y-dagas-de-fantasia\/dague-fantasy-double-dragon\/\">Dagas fantas\u00eda doble drag\u00f3n<\/a> en el expositor de madera.<\/li>\n<li>La <a href=\"https:\/\/repliquemangacine.fr\/es\/espadas-y-dagas-de-fantasia\/dague-scorpion-argent-et-or\/\">Daga Escorpi\u00f3n<\/a> Plata y oro con asa de cola de escorpi\u00f3n.<\/li>\n<li>Adem\u00e1s de la r\u00e9plica del <a href=\"https:\/\/repliquemangacine.fr\/es\/espadas-y-dagas-de-fantasia\/replique-dague-poignard-kit-rae\/\">Daga Kit Rae<\/a> del dise\u00f1ador del mismo nombre.<\/li>\n<li>Y muchos m\u00e1s por descubrir en nuestra tienda en l\u00ednea.<\/li>\n<\/ul>\n<p>Por eso, esta es una magn\u00edfica idea de regalo para todos los fans del mundo Dark Fantasy.<\/p>\n<p>En conclusi\u00f3n, puede utilizar el <strong>Hacha Dark Fantasy<\/strong> para tus fiestas tem\u00e1ticas o desfiles de cosplay. Pero, sobre todo, es una pieza de coleccionista y una pieza decorativa.<\/p>\n<h2>\u00bfC\u00f3mo debo mantener la hoja de mi hacha?<\/h2>\n<p>Las hachas de colecci\u00f3n y decoraci\u00f3n se fabrican y ensamblan de forma simplificada. Dado que su uso es decorativo, no cuentan con los elementos de seguridad necesarios para una espada japonesa destinada al entrenamiento.<\/p>\n<p>Sin embargo, su <strong>Hacha Dark Fantasy<\/strong> una hoja de acero que hay que cuidar para evitar que se da\u00f1e con el tiempo. De hecho, vas a exponer tu hacha, tus amigos sentir\u00e1n curiosidad por ver la hoja y tocarla. Ah\u00ed es donde hay que tener cuidado, hay que saber que la acidez de los dedos es muy perjudicial para el acero, independientemente de su calidad.<\/p>\n<p>Sin embargo, si esto ocurre, no se preocupe, solo tiene que humedecer un pa\u00f1o con un poco de aceite y limpiar las huellas dactilares. De esta forma, conservar\u00e1 su hacha durante mucho tiempo.<\/p>","protected":false},"excerpt":{"rendered":"<p>Magn\u00edfica hacha Dark Fantasy con soporte.<\/p>\n<ul>\n<li>Cuchillas de acero inoxidable, preafiladas y serigrafiadas.<\/li>\n<li>Mango met\u00e1lico con revestimiento de goma antideslizante.<\/li>\n<li>En el extremo del mango se encuentra una peque\u00f1a cuchilla.<\/li>\n<li>Adorno de drag\u00f3n.<\/li>\n<li>Expositor de madera.<\/li>\n<li>Longitud total: 30 cm - Peso: 948 grs<\/li>\n<\/ul>","protected":false},"featured_media":53710,"template":"","meta":[],"product_brand":[896],"product_cat":[44,26],"product_tag":[],"class_list":{"0":"post-53709","1":"product","2":"type-product","3":"status-publish","4":"has-post-thumbnail","6":"product_brand-replique-manga-cine","7":"product_cat-epees-et-dagues-fantasy","8":"product_cat-katana-epee","10":"first","11":"instock","12":"taxable","13":"shipping-taxable","14":"purchasable","15":"product-type-simple"},"yoast_head":"<!-- This site is optimized with the Yoast SEO plugin v27.4 - https:\/\/yoast.com\/product\/yoast-seo-wordpress\/ -->\n<title>Hache Dark Fantasy - Boutique en ligne - R\u00e9plique Manga Cin\u00e9<\/title>\n<meta name=\"description\" content=\"D\u00e9couvrez la Hache Dark Fantasy au meilleur prix - Lames en acier - Poign\u00e9e m\u00e9tal recouverte d&#039;un caoutchouc antid\u00e9rapant - Support - Longueur : 30 cm\" \/>\n<meta name=\"robots\" content=\"index, follow, max-snippet:-1, max-image-preview:large, max-video-preview:-1\" \/>\n<link rel=\"canonical\" href=\"https:\/\/repliquemangacine.fr\/es\/espadas-y-dagas-de-fantasia\/hacha-de-fantasia-oscura\/\" \/>\n<meta property=\"og:locale\" content=\"es_ES\" \/>\n<meta property=\"og:type\" content=\"article\" \/>\n<meta property=\"og:title\" content=\"Hache Dark Fantasy - Boutique en ligne - R\u00e9plique Manga Cin\u00e9\" \/>\n<meta property=\"og:description\" content=\"D\u00e9couvrez la Hache Dark Fantasy au meilleur prix - Lames en acier - Poign\u00e9e m\u00e9tal recouverte d&#039;un caoutchouc antid\u00e9rapant - Support - Longueur : 30 cm\" \/>\n<meta property=\"og:url\" content=\"https:\/\/repliquemangacine.fr\/es\/espadas-y-dagas-de-fantasia\/hacha-de-fantasia-oscura\/\" \/>\n<meta property=\"og:site_name\" content=\"R\u00e9plique Manga Cin\u00e9\" \/>\n<meta property=\"article:publisher\" content=\"https:\/\/www.facebook.com\/RepliqueMangaCine\" \/>\n<meta property=\"article:modified_time\" content=\"2025-12-14T17:29:41+00:00\" \/>\n<meta property=\"og:image\" content=\"https:\/\/repliquemangacine.fr\/wp-content\/uploads\/2023\/10\/Hache-dragon-deco.jpg\" \/>\n\t<meta property=\"og:image:width\" content=\"500\" \/>\n\t<meta property=\"og:image:height\" content=\"500\" \/>\n\t<meta property=\"og:image:type\" content=\"image\/jpeg\" \/>\n<meta name=\"twitter:card\" content=\"summary_large_image\" \/>\n<meta name=\"twitter:label1\" content=\"Tiempo de lectura\" \/>\n\t<meta name=\"twitter:data1\" content=\"2 minutos\" \/>\n<script type=\"application\/ld+json\" class=\"yoast-schema-graph\">{\"@context\":\"https:\\\/\\\/schema.org\",\"@graph\":[{\"@type\":\"WebPage\",\"@id\":\"https:\\\/\\\/repliquemangacine.fr\\\/epees-et-dagues-fantasy\\\/hache-dark-fantasy\\\/\",\"url\":\"https:\\\/\\\/repliquemangacine.fr\\\/epees-et-dagues-fantasy\\\/hache-dark-fantasy\\\/\",\"name\":\"Hache Dark Fantasy - Boutique en ligne - R\u00e9plique Manga Cin\u00e9\",\"isPartOf\":{\"@id\":\"https:\\\/\\\/repliquemangacine.fr\\\/#website\"},\"primaryImageOfPage\":{\"@id\":\"https:\\\/\\\/repliquemangacine.fr\\\/epees-et-dagues-fantasy\\\/hache-dark-fantasy\\\/#primaryimage\"},\"image\":{\"@id\":\"https:\\\/\\\/repliquemangacine.fr\\\/epees-et-dagues-fantasy\\\/hache-dark-fantasy\\\/#primaryimage\"},\"thumbnailUrl\":\"https:\\\/\\\/repliquemangacine.fr\\\/wp-content\\\/uploads\\\/2023\\\/10\\\/Hache-dragon-deco.jpg\",\"datePublished\":\"2022-10-07T11:35:32+00:00\",\"dateModified\":\"2025-12-14T17:29:41+00:00\",\"description\":\"D\u00e9couvrez la Hache Dark Fantasy au meilleur prix - Lames en acier - Poign\u00e9e m\u00e9tal recouverte d'un caoutchouc antid\u00e9rapant - Support - Longueur : 30 cm\",\"breadcrumb\":{\"@id\":\"https:\\\/\\\/repliquemangacine.fr\\\/epees-et-dagues-fantasy\\\/hache-dark-fantasy\\\/#breadcrumb\"},\"inLanguage\":\"es\",\"potentialAction\":[{\"@type\":\"ReadAction\",\"target\":[\"https:\\\/\\\/repliquemangacine.fr\\\/epees-et-dagues-fantasy\\\/hache-dark-fantasy\\\/\"]}]},{\"@type\":\"ImageObject\",\"inLanguage\":\"es\",\"@id\":\"https:\\\/\\\/repliquemangacine.fr\\\/epees-et-dagues-fantasy\\\/hache-dark-fantasy\\\/#primaryimage\",\"url\":\"https:\\\/\\\/repliquemangacine.fr\\\/wp-content\\\/uploads\\\/2023\\\/10\\\/Hache-dragon-deco.jpg\",\"contentUrl\":\"https:\\\/\\\/repliquemangacine.fr\\\/wp-content\\\/uploads\\\/2023\\\/10\\\/Hache-dragon-deco.jpg\",\"width\":500,\"height\":500,\"caption\":\"Hache Dark Fantasy dragon\"},{\"@type\":\"BreadcrumbList\",\"@id\":\"https:\\\/\\\/repliquemangacine.fr\\\/epees-et-dagues-fantasy\\\/hache-dark-fantasy\\\/#breadcrumb\",\"itemListElement\":[{\"@type\":\"ListItem\",\"position\":1,\"name\":\"Accueil\",\"item\":\"https:\\\/\\\/repliquemangacine.fr\\\/\"},{\"@type\":\"ListItem\",\"position\":2,\"name\":\"Produits\",\"item\":\"https:\\\/\\\/repliquemangacine.fr\\\/boutique\\\/\"},{\"@type\":\"ListItem\",\"position\":3,\"name\":\"Hache Dark Fantasy\"}]},{\"@type\":\"WebSite\",\"@id\":\"https:\\\/\\\/repliquemangacine.fr\\\/#website\",\"url\":\"https:\\\/\\\/repliquemangacine.fr\\\/\",\"name\":\"R\u00e9plique Manga Cin\u00e9\",\"description\":\"\",\"publisher\":{\"@id\":\"https:\\\/\\\/repliquemangacine.fr\\\/#organization\"},\"potentialAction\":[{\"@type\":\"SearchAction\",\"target\":{\"@type\":\"EntryPoint\",\"urlTemplate\":\"https:\\\/\\\/repliquemangacine.fr\\\/?s={search_term_string}\"},\"query-input\":{\"@type\":\"PropertyValueSpecification\",\"valueRequired\":true,\"valueName\":\"search_term_string\"}}],\"inLanguage\":\"es\"},{\"@type\":\"Organization\",\"@id\":\"https:\\\/\\\/repliquemangacine.fr\\\/#organization\",\"name\":\"R\u00e9plique Manga Cin\u00e9\",\"url\":\"https:\\\/\\\/repliquemangacine.fr\\\/\",\"logo\":{\"@type\":\"ImageObject\",\"inLanguage\":\"es\",\"@id\":\"https:\\\/\\\/repliquemangacine.fr\\\/#\\\/schema\\\/logo\\\/image\\\/\",\"url\":\"https:\\\/\\\/repliquemangacine.fr\\\/wp-content\\\/uploads\\\/2023\\\/10\\\/RMC-500250.png\",\"contentUrl\":\"https:\\\/\\\/repliquemangacine.fr\\\/wp-content\\\/uploads\\\/2023\\\/10\\\/RMC-500250.png\",\"width\":500,\"height\":250,\"caption\":\"R\u00e9plique Manga Cin\u00e9\"},\"image\":{\"@id\":\"https:\\\/\\\/repliquemangacine.fr\\\/#\\\/schema\\\/logo\\\/image\\\/\"},\"sameAs\":[\"https:\\\/\\\/www.facebook.com\\\/RepliqueMangaCine\",\"https:\\\/\\\/www.instagram.com\\\/repliquemangacine.fr\\\/\"]}]}<\/script>\n<!-- \/ Yoast SEO plugin. -->","yoast_head_json":{"title":"Hacha Dark Fantasy - Tienda Online - R\u00e9plique Manga Cin\u00e9","description":"Descubre el hacha Dark Fantasy al mejor precio - Hojas de acero - Mango de metal recubierto de goma antideslizante - Soporte - Longitud: 30 cm","robots":{"index":"index","follow":"follow","max-snippet":"max-snippet:-1","max-image-preview":"max-image-preview:large","max-video-preview":"max-video-preview:-1"},"canonical":"https:\/\/repliquemangacine.fr\/es\/espadas-y-dagas-de-fantasia\/hacha-de-fantasia-oscura\/","og_locale":"es_ES","og_type":"article","og_title":"Hache Dark Fantasy - Boutique en ligne - R\u00e9plique Manga Cin\u00e9","og_description":"D\u00e9couvrez la Hache Dark Fantasy au meilleur prix - Lames en acier - Poign\u00e9e m\u00e9tal recouverte d'un caoutchouc antid\u00e9rapant - Support - Longueur : 30 cm","og_url":"https:\/\/repliquemangacine.fr\/es\/espadas-y-dagas-de-fantasia\/hacha-de-fantasia-oscura\/","og_site_name":"R\u00e9plique Manga Cin\u00e9","article_publisher":"https:\/\/www.facebook.com\/RepliqueMangaCine","article_modified_time":"2025-12-14T17:29:41+00:00","og_image":[{"width":500,"height":500,"url":"https:\/\/repliquemangacine.fr\/wp-content\/uploads\/2023\/10\/Hache-dragon-deco.jpg","type":"image\/jpeg"}],"twitter_card":"summary_large_image","twitter_misc":{"Tiempo de lectura":"2 minutos"},"schema":{"@context":"https:\/\/schema.org","@graph":[{"@type":"WebPage","@id":"https:\/\/repliquemangacine.fr\/epees-et-dagues-fantasy\/hache-dark-fantasy\/","url":"https:\/\/repliquemangacine.fr\/epees-et-dagues-fantasy\/hache-dark-fantasy\/","name":"Hacha Dark Fantasy - Tienda Online - R\u00e9plique Manga Cin\u00e9","isPartOf":{"@id":"https:\/\/repliquemangacine.fr\/#website"},"primaryImageOfPage":{"@id":"https:\/\/repliquemangacine.fr\/epees-et-dagues-fantasy\/hache-dark-fantasy\/#primaryimage"},"image":{"@id":"https:\/\/repliquemangacine.fr\/epees-et-dagues-fantasy\/hache-dark-fantasy\/#primaryimage"},"thumbnailUrl":"https:\/\/repliquemangacine.fr\/wp-content\/uploads\/2023\/10\/Hache-dragon-deco.jpg","datePublished":"2022-10-07T11:35:32+00:00","dateModified":"2025-12-14T17:29:41+00:00","description":"Descubre el hacha Dark Fantasy al mejor precio - Hojas de acero - Mango de metal recubierto de goma antideslizante - Soporte - Longitud: 30 cm","breadcrumb":{"@id":"https:\/\/repliquemangacine.fr\/epees-et-dagues-fantasy\/hache-dark-fantasy\/#breadcrumb"},"inLanguage":"es","potentialAction":[{"@type":"ReadAction","target":["https:\/\/repliquemangacine.fr\/epees-et-dagues-fantasy\/hache-dark-fantasy\/"]}]},{"@type":"ImageObject","inLanguage":"es","@id":"https:\/\/repliquemangacine.fr\/epees-et-dagues-fantasy\/hache-dark-fantasy\/#primaryimage","url":"https:\/\/repliquemangacine.fr\/wp-content\/uploads\/2023\/10\/Hache-dragon-deco.jpg","contentUrl":"https:\/\/repliquemangacine.fr\/wp-content\/uploads\/2023\/10\/Hache-dragon-deco.jpg","width":500,"height":500,"caption":"Hache Dark Fantasy dragon"},{"@type":"BreadcrumbList","@id":"https:\/\/repliquemangacine.fr\/epees-et-dagues-fantasy\/hache-dark-fantasy\/#breadcrumb","itemListElement":[{"@type":"ListItem","position":1,"name":"Accueil","item":"https:\/\/repliquemangacine.fr\/"},{"@type":"ListItem","position":2,"name":"Produits","item":"https:\/\/repliquemangacine.fr\/boutique\/"},{"@type":"ListItem","position":3,"name":"Hache Dark Fantasy"}]},{"@type":"WebSite","@id":"https:\/\/repliquemangacine.fr\/#website","url":"https:\/\/repliquemangacine.fr\/","name":"R\u00e9plique Manga Cin\u00e9","description":"","publisher":{"@id":"https:\/\/repliquemangacine.fr\/#organization"},"potentialAction":[{"@type":"SearchAction","target":{"@type":"EntryPoint","urlTemplate":"https:\/\/repliquemangacine.fr\/?s={search_term_string}"},"query-input":{"@type":"PropertyValueSpecification","valueRequired":true,"valueName":"search_term_string"}}],"inLanguage":"es"},{"@type":"Organization","@id":"https:\/\/repliquemangacine.fr\/#organization","name":"R\u00e9plique Manga Cin\u00e9","url":"https:\/\/repliquemangacine.fr\/","logo":{"@type":"ImageObject","inLanguage":"es","@id":"https:\/\/repliquemangacine.fr\/#\/schema\/logo\/image\/","url":"https:\/\/repliquemangacine.fr\/wp-content\/uploads\/2023\/10\/RMC-500250.png","contentUrl":"https:\/\/repliquemangacine.fr\/wp-content\/uploads\/2023\/10\/RMC-500250.png","width":500,"height":250,"caption":"R\u00e9plique Manga Cin\u00e9"},"image":{"@id":"https:\/\/repliquemangacine.fr\/#\/schema\/logo\/image\/"},"sameAs":["https:\/\/www.facebook.com\/RepliqueMangaCine","https:\/\/www.instagram.com\/repliquemangacine.fr\/"]}]}},"_links":{"self":[{"href":"https:\/\/repliquemangacine.fr\/es\/wp-json\/wp\/v2\/product\/53709","targetHints":{"allow":["GET"]}}],"collection":[{"href":"https:\/\/repliquemangacine.fr\/es\/wp-json\/wp\/v2\/product"}],"about":[{"href":"https:\/\/repliquemangacine.fr\/es\/wp-json\/wp\/v2\/types\/product"}],"wp:featuredmedia":[{"embeddable":true,"href":"https:\/\/repliquemangacine.fr\/es\/wp-json\/wp\/v2\/media\/53710"}],"wp:attachment":[{"href":"https:\/\/repliquemangacine.fr\/es\/wp-json\/wp\/v2\/media?parent=53709"}],"wp:term":[{"taxonomy":"product_brand","embeddable":true,"href":"https:\/\/repliquemangacine.fr\/es\/wp-json\/wp\/v2\/product_brand?post=53709"},{"taxonomy":"product_cat","embeddable":true,"href":"https:\/\/repliquemangacine.fr\/es\/wp-json\/wp\/v2\/product_cat?post=53709"},{"taxonomy":"product_tag","embeddable":true,"href":"https:\/\/repliquemangacine.fr\/es\/wp-json\/wp\/v2\/product_tag?post=53709"}],"curies":[{"name":"wp","href":"https:\/\/api.w.org\/{rel}","templated":true}]}}